{"id":22574,"date":"2025-05-06T21:39:24","date_gmt":"2025-05-07T00:39:24","guid":{"rendered":"https:\/\/soymat.com\/?post_type=product&#038;p=22574"},"modified":"2026-04-06T13:07:46","modified_gmt":"2026-04-06T16:07:46","slug":"amoladora-1400w-125mm-lusqtoff","status":"publish","type":"product","link":"https:\/\/soymat.com\/es\/producto\/amoladora-1400w-125mm-lusqtoff\/","title":{"rendered":"Amoladora 1400W &#8211; 125mm &#8211; Lusqtoff"},"content":{"rendered":"<p><strong>Amoladora 1400W &#8211; 125mm &#8211; Lusqtoff<\/strong><br \/>\nCod: AML1400-9<\/p>\n<p>Voltaje: 220 V ~ 50 Hz.<br \/>\n\u2022 Potencia: 1400 W<br \/>\n\u2022 Di\u00e1metro de disco: 125 mm.<br \/>\n\u2022 Grosor m\u00e1x. del disco: 4,8 mm.<br \/>\n\u2022 Rosca del eje: M14<br \/>\n\u2022 Velocidad nominal: 9.000 rpm.<br \/>\n\u2022 Inducido con protecci\u00f3n antipolvo<br \/>\n\u2022 Garant\u00eda: 3 a\u00f1os<br \/>\n\u2022 Peso: 2,60 kg.<\/p>","protected":false},"excerpt":{"rendered":"<p>Amoladora 1400W &#8211; 125mm &#8211; Lusqtoff Cod: AML1400-9 Voltaje: 220 V ~ 50 Hz. \u2022 Potencia: 1400 W \u2022 Di\u00e1metro de disco: 125 mm. \u2022 Grosor m\u00e1x. del disco: 4,8 mm. \u2022 Rosca del eje: M14 \u2022 Velocidad nominal: 9.000 rpm. \u2022 Inducido con protecci\u00f3n antipolvo \u2022 Garant\u00eda: 3 a\u00f1os \u2022 Peso: 2,60 kg.<\/p>","protected":false},"featured_media":22576,"template":"","meta":[],"product_cat":[191],"product_tag":[210,164,453,492,482,315],"class_list":{"0":"post-22574","1":"product","2":"type-product","3":"status-publish","4":"has-post-thumbnail","6":"product_brand-lusqtoff-maquinas-y-herramientas-electricas-manuales","7":"product_cat-maquinas-y-herramientas","8":"product_tag-amoladora","9":"product_tag-construccion","10":"product_tag-herramientas-electricas","11":"product_tag-herreria","12":"product_tag-lusqtoff","13":"product_tag-taller-metalurgico","15":"first","16":"instock","17":"taxable","18":"shipping-taxable","19":"purchasable","20":"product-type-simple","21":"add-to-wishlist-after_add_to_cart"},"yoast_head":"<!-- This site is optimized with the Yoast SEO Premium plugin v26.9 (Yoast SEO v26.9) - https:\/\/yoast.com\/product\/yoast-seo-premium-wordpress\/ -->\n<title>Amoladora 1400W - 125mm - Lusqtoff - SoyMat \u2013 Seguridad Industrial<\/title>\n<meta name=\"robots\" content=\"index, follow, max-snippet:-1, max-image-preview:large, max-video-preview:-1\" \/>\n<link rel=\"canonical\" href=\"https:\/\/soymat.com\/es\/producto\/amoladora-1400w-125mm-lusqtoff\/\" \/>\n<meta property=\"og:locale\" content=\"es_ES\" \/>\n<meta property=\"og:type\" content=\"article\" \/>\n<meta property=\"og:title\" content=\"Amoladora 1400W - 125mm - Lusqtoff\" \/>\n<meta property=\"og:description\" content=\"Amoladora 1400W &#8211; 125mm &#8211; Lusqtoff Cod: AML1400-9 Voltaje: 220 V ~ 50 Hz. \u2022 Potencia: 1400 W \u2022 Di\u00e1metro de disco: 125 mm. \u2022 Grosor m\u00e1x. del disco: 4,8 mm. \u2022 Rosca del eje: M14 \u2022 Velocidad nominal: 9.000 rpm. \u2022 Inducido con protecci\u00f3n antipolvo \u2022 Garant\u00eda: 3 a\u00f1os \u2022 Peso: 2,60 kg.\" \/>\n<meta property=\"og:url\" content=\"https:\/\/soymat.com\/es\/producto\/amoladora-1400w-125mm-lusqtoff\/\" \/>\n<meta property=\"og:site_name\" content=\"SoyMat \u2013 Seguridad Industrial\" \/>\n<meta property=\"article:modified_time\" content=\"2026-04-06T16:07:46+00:00\" \/>\n<meta property=\"og:image\" content=\"https:\/\/soymat.com\/wp-content\/uploads\/2025\/05\/aml1400-1.jpg\" \/>\n\t<meta property=\"og:image:width\" content=\"1000\" \/>\n\t<meta property=\"og:image:height\" content=\"1000\" \/>\n\t<meta property=\"og:image:type\" content=\"image\/jpeg\" \/>\n<meta name=\"twitter:card\" content=\"summary_large_image\" \/>\n<meta name=\"twitter:label1\" content=\"Tiempo de lectura\" \/>\n\t<meta name=\"twitter:data1\" content=\"1 minuto\" \/>\n<script type=\"application\/ld+json\" class=\"yoast-schema-graph\">{\"@context\":\"https:\/\/schema.org\",\"@graph\":[{\"@type\":\"WebPage\",\"@id\":\"https:\/\/soymat.com\/producto\/amoladora-1400w-125mm-lusqtoff\/\",\"url\":\"https:\/\/soymat.com\/producto\/amoladora-1400w-125mm-lusqtoff\/\",\"name\":\"Amoladora 1400W - 125mm - Lusqtoff - SoyMat \u2013 Seguridad Industrial\",\"isPartOf\":{\"@id\":\"https:\/\/soymat.com\/#website\"},\"primaryImageOfPage\":{\"@id\":\"https:\/\/soymat.com\/producto\/amoladora-1400w-125mm-lusqtoff\/#primaryimage\"},\"image\":{\"@id\":\"https:\/\/soymat.com\/producto\/amoladora-1400w-125mm-lusqtoff\/#primaryimage\"},\"thumbnailUrl\":\"https:\/\/soymat.com\/wp-content\/uploads\/2025\/05\/aml1400-1.jpg\",\"datePublished\":\"2025-05-07T00:39:24+00:00\",\"dateModified\":\"2026-04-06T16:07:46+00:00\",\"breadcrumb\":{\"@id\":\"https:\/\/soymat.com\/producto\/amoladora-1400w-125mm-lusqtoff\/#breadcrumb\"},\"inLanguage\":\"es-AR\",\"potentialAction\":[{\"@type\":\"ReadAction\",\"target\":[\"https:\/\/soymat.com\/producto\/amoladora-1400w-125mm-lusqtoff\/\"]}]},{\"@type\":\"ImageObject\",\"inLanguage\":\"es-AR\",\"@id\":\"https:\/\/soymat.com\/producto\/amoladora-1400w-125mm-lusqtoff\/#primaryimage\",\"url\":\"https:\/\/soymat.com\/wp-content\/uploads\/2025\/05\/aml1400-1.jpg\",\"contentUrl\":\"https:\/\/soymat.com\/wp-content\/uploads\/2025\/05\/aml1400-1.jpg\",\"width\":1000,\"height\":1000},{\"@type\":\"BreadcrumbList\",\"@id\":\"https:\/\/soymat.com\/producto\/amoladora-1400w-125mm-lusqtoff\/#breadcrumb\",\"itemListElement\":[{\"@type\":\"ListItem\",\"position\":1,\"name\":\"Portada\",\"item\":\"https:\/\/soymat.com\/\"},{\"@type\":\"ListItem\",\"position\":2,\"name\":\"Todos los Productos\",\"item\":\"https:\/\/soymat.com\/shop\/\"},{\"@type\":\"ListItem\",\"position\":3,\"name\":\"Amoladora 1400W &#8211; 125mm &#8211; Lusqtoff\"}]},{\"@type\":\"WebSite\",\"@id\":\"https:\/\/soymat.com\/#website\",\"url\":\"https:\/\/soymat.com\/\",\"name\":\"So&Mat\",\"description\":\"Empresa Dedicada a la protecci\u00f3n global contra incendio . matafuegos redes bombas,venta instalaci\u00f3n y service, protecci\u00f3n y confort laboral en todo concepto.\",\"publisher\":{\"@id\":\"https:\/\/soymat.com\/#organization\"},\"alternateName\":\"So&Mat\",\"potentialAction\":[{\"@type\":\"SearchAction\",\"target\":{\"@type\":\"EntryPoint\",\"urlTemplate\":\"https:\/\/soymat.com\/?s={search_term_string}\"},\"query-input\":{\"@type\":\"PropertyValueSpecification\",\"valueRequired\":true,\"valueName\":\"search_term_string\"}}],\"inLanguage\":\"es-AR\"},{\"@type\":\"Organization\",\"@id\":\"https:\/\/soymat.com\/#organization\",\"name\":\"So&Mat\",\"url\":\"https:\/\/soymat.com\/\",\"logo\":{\"@type\":\"ImageObject\",\"inLanguage\":\"es-AR\",\"@id\":\"https:\/\/soymat.com\/#\/schema\/logo\/image\/\",\"url\":\"https:\/\/soymat.com\/wp-content\/uploads\/2024\/08\/SoyMat.jpg\",\"contentUrl\":\"https:\/\/soymat.com\/wp-content\/uploads\/2024\/08\/SoyMat.jpg\",\"width\":600,\"height\":236,\"caption\":\"So&Mat\"},\"image\":{\"@id\":\"https:\/\/soymat.com\/#\/schema\/logo\/image\/\"}}]}<\/script>\n<!-- \/ Yoast SEO Premium plugin. -->","yoast_head_json":{"title":"Amoladora 1400W - 125mm - Lusqtoff - SoyMat \u2013 Seguridad Industrial","robots":{"index":"index","follow":"follow","max-snippet":"max-snippet:-1","max-image-preview":"max-image-preview:large","max-video-preview":"max-video-preview:-1"},"canonical":"https:\/\/soymat.com\/es\/producto\/amoladora-1400w-125mm-lusqtoff\/","og_locale":"es_ES","og_type":"article","og_title":"Amoladora 1400W - 125mm - Lusqtoff","og_description":"Amoladora 1400W &#8211; 125mm &#8211; Lusqtoff Cod: AML1400-9 Voltaje: 220 V ~ 50 Hz. \u2022 Potencia: 1400 W \u2022 Di\u00e1metro de disco: 125 mm. \u2022 Grosor m\u00e1x. del disco: 4,8 mm. \u2022 Rosca del eje: M14 \u2022 Velocidad nominal: 9.000 rpm. \u2022 Inducido con protecci\u00f3n antipolvo \u2022 Garant\u00eda: 3 a\u00f1os \u2022 Peso: 2,60 kg.","og_url":"https:\/\/soymat.com\/es\/producto\/amoladora-1400w-125mm-lusqtoff\/","og_site_name":"SoyMat \u2013 Seguridad Industrial","article_modified_time":"2026-04-06T16:07:46+00:00","og_image":[{"width":1000,"height":1000,"url":"https:\/\/soymat.com\/wp-content\/uploads\/2025\/05\/aml1400-1.jpg","type":"image\/jpeg"}],"twitter_card":"summary_large_image","twitter_misc":{"Tiempo de lectura":"1 minuto"},"schema":{"@context":"https:\/\/schema.org","@graph":[{"@type":"WebPage","@id":"https:\/\/soymat.com\/producto\/amoladora-1400w-125mm-lusqtoff\/","url":"https:\/\/soymat.com\/producto\/amoladora-1400w-125mm-lusqtoff\/","name":"Amoladora 1400W - 125mm - Lusqtoff - SoyMat \u2013 Seguridad Industrial","isPartOf":{"@id":"https:\/\/soymat.com\/#website"},"primaryImageOfPage":{"@id":"https:\/\/soymat.com\/producto\/amoladora-1400w-125mm-lusqtoff\/#primaryimage"},"image":{"@id":"https:\/\/soymat.com\/producto\/amoladora-1400w-125mm-lusqtoff\/#primaryimage"},"thumbnailUrl":"https:\/\/soymat.com\/wp-content\/uploads\/2025\/05\/aml1400-1.jpg","datePublished":"2025-05-07T00:39:24+00:00","dateModified":"2026-04-06T16:07:46+00:00","breadcrumb":{"@id":"https:\/\/soymat.com\/producto\/amoladora-1400w-125mm-lusqtoff\/#breadcrumb"},"inLanguage":"es-AR","potentialAction":[{"@type":"ReadAction","target":["https:\/\/soymat.com\/producto\/amoladora-1400w-125mm-lusqtoff\/"]}]},{"@type":"ImageObject","inLanguage":"es-AR","@id":"https:\/\/soymat.com\/producto\/amoladora-1400w-125mm-lusqtoff\/#primaryimage","url":"https:\/\/soymat.com\/wp-content\/uploads\/2025\/05\/aml1400-1.jpg","contentUrl":"https:\/\/soymat.com\/wp-content\/uploads\/2025\/05\/aml1400-1.jpg","width":1000,"height":1000},{"@type":"BreadcrumbList","@id":"https:\/\/soymat.com\/producto\/amoladora-1400w-125mm-lusqtoff\/#breadcrumb","itemListElement":[{"@type":"ListItem","position":1,"name":"Portada","item":"https:\/\/soymat.com\/"},{"@type":"ListItem","position":2,"name":"Todos los Productos","item":"https:\/\/soymat.com\/shop\/"},{"@type":"ListItem","position":3,"name":"Amoladora 1400W &#8211; 125mm &#8211; Lusqtoff"}]},{"@type":"WebSite","@id":"https:\/\/soymat.com\/#website","url":"https:\/\/soymat.com\/","name":"So&Mat","description":"Empresa Dedicada a la protecci\u00f3n global contra incendio . matafuegos redes bombas,venta instalaci\u00f3n y service, protecci\u00f3n y confort laboral en todo concepto.","publisher":{"@id":"https:\/\/soymat.com\/#organization"},"alternateName":"So&Mat","potentialAction":[{"@type":"SearchAction","target":{"@type":"EntryPoint","urlTemplate":"https:\/\/soymat.com\/?s={search_term_string}"},"query-input":{"@type":"PropertyValueSpecification","valueRequired":true,"valueName":"search_term_string"}}],"inLanguage":"es-AR"},{"@type":"Organization","@id":"https:\/\/soymat.com\/#organization","name":"So&Mat","url":"https:\/\/soymat.com\/","logo":{"@type":"ImageObject","inLanguage":"es-AR","@id":"https:\/\/soymat.com\/#\/schema\/logo\/image\/","url":"https:\/\/soymat.com\/wp-content\/uploads\/2024\/08\/SoyMat.jpg","contentUrl":"https:\/\/soymat.com\/wp-content\/uploads\/2024\/08\/SoyMat.jpg","width":600,"height":236,"caption":"So&Mat"},"image":{"@id":"https:\/\/soymat.com\/#\/schema\/logo\/image\/"}}]}},"_links":{"self":[{"href":"https:\/\/soymat.com\/es\/wp-json\/wp\/v2\/product\/22574","targetHints":{"allow":["GET"]}}],"collection":[{"href":"https:\/\/soymat.com\/es\/wp-json\/wp\/v2\/product"}],"about":[{"href":"https:\/\/soymat.com\/es\/wp-json\/wp\/v2\/types\/product"}],"wp:featuredmedia":[{"embeddable":true,"href":"https:\/\/soymat.com\/es\/wp-json\/wp\/v2\/media\/22576"}],"wp:attachment":[{"href":"https:\/\/soymat.com\/es\/wp-json\/wp\/v2\/media?parent=22574"}],"wp:term":[{"taxonomy":"product_cat","embeddable":true,"href":"https:\/\/soymat.com\/es\/wp-json\/wp\/v2\/product_cat?post=22574"},{"taxonomy":"product_tag","embeddable":true,"href":"https:\/\/soymat.com\/es\/wp-json\/wp\/v2\/product_tag?post=22574"}],"curies":[{"name":"wp","href":"https:\/\/api.w.org\/{rel}","templated":true}]}}