{"id":22579,"date":"2025-05-06T21:45:36","date_gmt":"2025-05-07T00:45:36","guid":{"rendered":"https:\/\/soymat.com\/?post_type=product&#038;p=22579"},"modified":"2025-12-10T19:08:45","modified_gmt":"2025-12-10T22:08:45","slug":"rotomartillo-horizontal-1500w-32mm-lusqtoff","status":"publish","type":"product","link":"https:\/\/soymat.com\/es\/producto\/rotomartillo-horizontal-1500w-32mm-lusqtoff\/","title":{"rendered":"Rotomartillo Horizontal 1500W &#8211; 32mm &#8211; Lusqtoff"},"content":{"rendered":"<p><strong>Rotomartillo Horizontal 1500W &#8211; 32mm &#8211; Lusqtoff<\/strong><br \/>\nCod.: RML1500-8<\/p>\n<p><strong>Caracter\u00edsticas<\/strong><br \/>\n\u2022 Selector de posici\u00f3n de cincel.<br \/>\n\u2022 Velocidad variable.<br \/>\n\u2022 Fuerza de impacto: 5 J.<br \/>\n\u2022 Ideal para trabajos en hormig\u00f3n.<\/p>\n<p><strong>Ficha t\u00e9cnica<\/strong><br \/>\n\u2022 Tensi\u00f3n: 220 V ~ 50 Hz<br \/>\n\u2022 Potencia: 1500 W<br \/>\n\u2022 Velocidad: 0-800 Rpm<br \/>\n\u2022 Tiempos de impacto: 0-3900 Gpm<br \/>\n\u2022 Potencia de impacto \u00fanico: 5 J<br \/>\n\u2022 Perforaci\u00f3n en hormig\u00f3n: 32 mm<br \/>\n\u2022 Perforaci\u00f3n en acero: 13 mm<br \/>\n\u2022 Perforaci\u00f3n en madera: 40 mm<br \/>\n\u2022 Peso: 5,3 Kg<\/p>\n<p><strong>INCLUYE<\/strong>:<br \/>\n&#8211; Malet\u00edn<br \/>\n&#8211; Juego de carbones<br \/>\n&#8211; Grasa<br \/>\n&#8211; Cubierta antipolvo<br \/>\n&#8211; 3 brocas<br \/>\n&#8211; Cincel en punta<br \/>\n&#8211; Cincel plano<br \/>\n&#8211; Tope de profundidad<\/p>","protected":false},"excerpt":{"rendered":"<p>Rotomartillo Horizontal 1500W &#8211; 32mm &#8211; Lusqtoff Cod.: RML1500-8 Caracter\u00edsticas \u2022 Selector de posici\u00f3n de cincel. \u2022 Velocidad variable. \u2022 Fuerza de impacto: 5 J. \u2022 Ideal para trabajos en hormig\u00f3n. Ficha t\u00e9cnica \u2022 Tensi\u00f3n: 220 V ~ 50 Hz \u2022 Potencia: 1500 W \u2022 Velocidad: 0-800 Rpm \u2022 Tiempos de impacto: 0-3900 Gpm \u2022 [&hellip;]<\/p>\n","protected":false},"featured_media":22581,"template":"","meta":[],"product_cat":[191],"product_tag":[493,164,453,482,462,459],"class_list":{"0":"post-22579","1":"product","2":"type-product","3":"status-publish","4":"has-post-thumbnail","6":"product_brand-lusqtoff-maquinas-y-herramientas-electricas-manuales","7":"product_cat-maquinas-y-herramientas","8":"product_tag-concreto","9":"product_tag-construccion","10":"product_tag-herramientas-electricas","11":"product_tag-lusqtoff","12":"product_tag-obras-civiles","13":"product_tag-rotomartillo","15":"first","16":"instock","17":"taxable","18":"shipping-taxable","19":"purchasable","20":"product-type-simple","21":"add-to-wishlist-after_add_to_cart"},"yoast_head":"<!-- This site is optimized with the Yoast SEO Premium plugin v26.9 (Yoast SEO v26.9) - https:\/\/yoast.com\/product\/yoast-seo-premium-wordpress\/ -->\n<title>Rotomartillo Horizontal 1500W - 32mm - Lusqtoff - SoyMat \u2013 Seguridad Industrial<\/title>\n<meta name=\"robots\" content=\"index, follow, max-snippet:-1, max-image-preview:large, max-video-preview:-1\" \/>\n<link rel=\"canonical\" href=\"https:\/\/soymat.com\/es\/producto\/rotomartillo-horizontal-1500w-32mm-lusqtoff\/\" \/>\n<meta property=\"og:locale\" content=\"es_ES\" \/>\n<meta property=\"og:type\" content=\"article\" \/>\n<meta property=\"og:title\" content=\"Rotomartillo Horizontal 1500W - 32mm - Lusqtoff\" \/>\n<meta property=\"og:description\" content=\"Rotomartillo Horizontal 1500W &#8211; 32mm &#8211; Lusqtoff Cod.: RML1500-8 Caracter\u00edsticas \u2022 Selector de posici\u00f3n de cincel. \u2022 Velocidad variable. \u2022 Fuerza de impacto: 5 J. \u2022 Ideal para trabajos en hormig\u00f3n. Ficha t\u00e9cnica \u2022 Tensi\u00f3n: 220 V ~ 50 Hz \u2022 Potencia: 1500 W \u2022 Velocidad: 0-800 Rpm \u2022 Tiempos de impacto: 0-3900 Gpm \u2022 [&hellip;]\" \/>\n<meta property=\"og:url\" content=\"https:\/\/soymat.com\/es\/producto\/rotomartillo-horizontal-1500w-32mm-lusqtoff\/\" \/>\n<meta property=\"og:site_name\" content=\"SoyMat \u2013 Seguridad Industrial\" \/>\n<meta property=\"article:modified_time\" content=\"2025-12-10T22:08:45+00:00\" \/>\n<meta property=\"og:image\" content=\"https:\/\/soymat.com\/wp-content\/uploads\/2025\/05\/rml1500-8.jpg\" \/>\n\t<meta property=\"og:image:width\" content=\"1000\" \/>\n\t<meta property=\"og:image:height\" content=\"1000\" \/>\n\t<meta property=\"og:image:type\" content=\"image\/jpeg\" \/>\n<meta name=\"twitter:card\" content=\"summary_large_image\" \/>\n<meta name=\"twitter:label1\" content=\"Tiempo de lectura\" \/>\n\t<meta name=\"twitter:data1\" content=\"1 minuto\" \/>\n<script type=\"application\/ld+json\" class=\"yoast-schema-graph\">{\"@context\":\"https:\/\/schema.org\",\"@graph\":[{\"@type\":\"WebPage\",\"@id\":\"https:\/\/soymat.com\/producto\/rotomartillo-horizontal-1500w-32mm-lusqtoff\/\",\"url\":\"https:\/\/soymat.com\/producto\/rotomartillo-horizontal-1500w-32mm-lusqtoff\/\",\"name\":\"Rotomartillo Horizontal 1500W - 32mm - Lusqtoff - SoyMat \u2013 Seguridad Industrial\",\"isPartOf\":{\"@id\":\"https:\/\/soymat.com\/#website\"},\"primaryImageOfPage\":{\"@id\":\"https:\/\/soymat.com\/producto\/rotomartillo-horizontal-1500w-32mm-lusqtoff\/#primaryimage\"},\"image\":{\"@id\":\"https:\/\/soymat.com\/producto\/rotomartillo-horizontal-1500w-32mm-lusqtoff\/#primaryimage\"},\"thumbnailUrl\":\"https:\/\/soymat.com\/wp-content\/uploads\/2025\/05\/rml1500-8.jpg\",\"datePublished\":\"2025-05-07T00:45:36+00:00\",\"dateModified\":\"2025-12-10T22:08:45+00:00\",\"breadcrumb\":{\"@id\":\"https:\/\/soymat.com\/producto\/rotomartillo-horizontal-1500w-32mm-lusqtoff\/#breadcrumb\"},\"inLanguage\":\"es-AR\",\"potentialAction\":[{\"@type\":\"ReadAction\",\"target\":[\"https:\/\/soymat.com\/producto\/rotomartillo-horizontal-1500w-32mm-lusqtoff\/\"]}]},{\"@type\":\"ImageObject\",\"inLanguage\":\"es-AR\",\"@id\":\"https:\/\/soymat.com\/producto\/rotomartillo-horizontal-1500w-32mm-lusqtoff\/#primaryimage\",\"url\":\"https:\/\/soymat.com\/wp-content\/uploads\/2025\/05\/rml1500-8.jpg\",\"contentUrl\":\"https:\/\/soymat.com\/wp-content\/uploads\/2025\/05\/rml1500-8.jpg\",\"width\":1000,\"height\":1000},{\"@type\":\"BreadcrumbList\",\"@id\":\"https:\/\/soymat.com\/producto\/rotomartillo-horizontal-1500w-32mm-lusqtoff\/#breadcrumb\",\"itemListElement\":[{\"@type\":\"ListItem\",\"position\":1,\"name\":\"Portada\",\"item\":\"https:\/\/soymat.com\/\"},{\"@type\":\"ListItem\",\"position\":2,\"name\":\"Todos los Productos\",\"item\":\"https:\/\/soymat.com\/shop\/\"},{\"@type\":\"ListItem\",\"position\":3,\"name\":\"Rotomartillo Horizontal 1500W &#8211; 32mm &#8211; Lusqtoff\"}]},{\"@type\":\"WebSite\",\"@id\":\"https:\/\/soymat.com\/#website\",\"url\":\"https:\/\/soymat.com\/\",\"name\":\"So&Mat\",\"description\":\"Empresa Dedicada a la protecci\u00f3n global contra incendio . matafuegos redes bombas,venta instalaci\u00f3n y service, protecci\u00f3n y confort laboral en todo concepto.\",\"publisher\":{\"@id\":\"https:\/\/soymat.com\/#organization\"},\"alternateName\":\"So&Mat\",\"potentialAction\":[{\"@type\":\"SearchAction\",\"target\":{\"@type\":\"EntryPoint\",\"urlTemplate\":\"https:\/\/soymat.com\/?s={search_term_string}\"},\"query-input\":{\"@type\":\"PropertyValueSpecification\",\"valueRequired\":true,\"valueName\":\"search_term_string\"}}],\"inLanguage\":\"es-AR\"},{\"@type\":\"Organization\",\"@id\":\"https:\/\/soymat.com\/#organization\",\"name\":\"So&Mat\",\"url\":\"https:\/\/soymat.com\/\",\"logo\":{\"@type\":\"ImageObject\",\"inLanguage\":\"es-AR\",\"@id\":\"https:\/\/soymat.com\/#\/schema\/logo\/image\/\",\"url\":\"https:\/\/soymat.com\/wp-content\/uploads\/2024\/08\/SoyMat.jpg\",\"contentUrl\":\"https:\/\/soymat.com\/wp-content\/uploads\/2024\/08\/SoyMat.jpg\",\"width\":600,\"height\":236,\"caption\":\"So&Mat\"},\"image\":{\"@id\":\"https:\/\/soymat.com\/#\/schema\/logo\/image\/\"}}]}<\/script>\n<!-- \/ Yoast SEO Premium plugin. -->","yoast_head_json":{"title":"Rotomartillo Horizontal 1500W - 32mm - Lusqtoff - SoyMat \u2013 Seguridad Industrial","robots":{"index":"index","follow":"follow","max-snippet":"max-snippet:-1","max-image-preview":"max-image-preview:large","max-video-preview":"max-video-preview:-1"},"canonical":"https:\/\/soymat.com\/es\/producto\/rotomartillo-horizontal-1500w-32mm-lusqtoff\/","og_locale":"es_ES","og_type":"article","og_title":"Rotomartillo Horizontal 1500W - 32mm - Lusqtoff","og_description":"Rotomartillo Horizontal 1500W &#8211; 32mm &#8211; Lusqtoff Cod.: RML1500-8 Caracter\u00edsticas \u2022 Selector de posici\u00f3n de cincel. \u2022 Velocidad variable. \u2022 Fuerza de impacto: 5 J. \u2022 Ideal para trabajos en hormig\u00f3n. Ficha t\u00e9cnica \u2022 Tensi\u00f3n: 220 V ~ 50 Hz \u2022 Potencia: 1500 W \u2022 Velocidad: 0-800 Rpm \u2022 Tiempos de impacto: 0-3900 Gpm \u2022 [&hellip;]","og_url":"https:\/\/soymat.com\/es\/producto\/rotomartillo-horizontal-1500w-32mm-lusqtoff\/","og_site_name":"SoyMat \u2013 Seguridad Industrial","article_modified_time":"2025-12-10T22:08:45+00:00","og_image":[{"width":1000,"height":1000,"url":"https:\/\/soymat.com\/wp-content\/uploads\/2025\/05\/rml1500-8.jpg","type":"image\/jpeg"}],"twitter_card":"summary_large_image","twitter_misc":{"Tiempo de lectura":"1 minuto"},"schema":{"@context":"https:\/\/schema.org","@graph":[{"@type":"WebPage","@id":"https:\/\/soymat.com\/producto\/rotomartillo-horizontal-1500w-32mm-lusqtoff\/","url":"https:\/\/soymat.com\/producto\/rotomartillo-horizontal-1500w-32mm-lusqtoff\/","name":"Rotomartillo Horizontal 1500W - 32mm - Lusqtoff - SoyMat \u2013 Seguridad Industrial","isPartOf":{"@id":"https:\/\/soymat.com\/#website"},"primaryImageOfPage":{"@id":"https:\/\/soymat.com\/producto\/rotomartillo-horizontal-1500w-32mm-lusqtoff\/#primaryimage"},"image":{"@id":"https:\/\/soymat.com\/producto\/rotomartillo-horizontal-1500w-32mm-lusqtoff\/#primaryimage"},"thumbnailUrl":"https:\/\/soymat.com\/wp-content\/uploads\/2025\/05\/rml1500-8.jpg","datePublished":"2025-05-07T00:45:36+00:00","dateModified":"2025-12-10T22:08:45+00:00","breadcrumb":{"@id":"https:\/\/soymat.com\/producto\/rotomartillo-horizontal-1500w-32mm-lusqtoff\/#breadcrumb"},"inLanguage":"es-AR","potentialAction":[{"@type":"ReadAction","target":["https:\/\/soymat.com\/producto\/rotomartillo-horizontal-1500w-32mm-lusqtoff\/"]}]},{"@type":"ImageObject","inLanguage":"es-AR","@id":"https:\/\/soymat.com\/producto\/rotomartillo-horizontal-1500w-32mm-lusqtoff\/#primaryimage","url":"https:\/\/soymat.com\/wp-content\/uploads\/2025\/05\/rml1500-8.jpg","contentUrl":"https:\/\/soymat.com\/wp-content\/uploads\/2025\/05\/rml1500-8.jpg","width":1000,"height":1000},{"@type":"BreadcrumbList","@id":"https:\/\/soymat.com\/producto\/rotomartillo-horizontal-1500w-32mm-lusqtoff\/#breadcrumb","itemListElement":[{"@type":"ListItem","position":1,"name":"Portada","item":"https:\/\/soymat.com\/"},{"@type":"ListItem","position":2,"name":"Todos los Productos","item":"https:\/\/soymat.com\/shop\/"},{"@type":"ListItem","position":3,"name":"Rotomartillo Horizontal 1500W &#8211; 32mm &#8211; Lusqtoff"}]},{"@type":"WebSite","@id":"https:\/\/soymat.com\/#website","url":"https:\/\/soymat.com\/","name":"So&Mat","description":"Empresa Dedicada a la protecci\u00f3n global contra incendio . matafuegos redes bombas,venta instalaci\u00f3n y service, protecci\u00f3n y confort laboral en todo concepto.","publisher":{"@id":"https:\/\/soymat.com\/#organization"},"alternateName":"So&Mat","potentialAction":[{"@type":"SearchAction","target":{"@type":"EntryPoint","urlTemplate":"https:\/\/soymat.com\/?s={search_term_string}"},"query-input":{"@type":"PropertyValueSpecification","valueRequired":true,"valueName":"search_term_string"}}],"inLanguage":"es-AR"},{"@type":"Organization","@id":"https:\/\/soymat.com\/#organization","name":"So&Mat","url":"https:\/\/soymat.com\/","logo":{"@type":"ImageObject","inLanguage":"es-AR","@id":"https:\/\/soymat.com\/#\/schema\/logo\/image\/","url":"https:\/\/soymat.com\/wp-content\/uploads\/2024\/08\/SoyMat.jpg","contentUrl":"https:\/\/soymat.com\/wp-content\/uploads\/2024\/08\/SoyMat.jpg","width":600,"height":236,"caption":"So&Mat"},"image":{"@id":"https:\/\/soymat.com\/#\/schema\/logo\/image\/"}}]}},"_links":{"self":[{"href":"https:\/\/soymat.com\/es\/wp-json\/wp\/v2\/product\/22579","targetHints":{"allow":["GET"]}}],"collection":[{"href":"https:\/\/soymat.com\/es\/wp-json\/wp\/v2\/product"}],"about":[{"href":"https:\/\/soymat.com\/es\/wp-json\/wp\/v2\/types\/product"}],"wp:featuredmedia":[{"embeddable":true,"href":"https:\/\/soymat.com\/es\/wp-json\/wp\/v2\/media\/22581"}],"wp:attachment":[{"href":"https:\/\/soymat.com\/es\/wp-json\/wp\/v2\/media?parent=22579"}],"wp:term":[{"taxonomy":"product_cat","embeddable":true,"href":"https:\/\/soymat.com\/es\/wp-json\/wp\/v2\/product_cat?post=22579"},{"taxonomy":"product_tag","embeddable":true,"href":"https:\/\/soymat.com\/es\/wp-json\/wp\/v2\/product_tag?post=22579"}],"curies":[{"name":"wp","href":"https:\/\/api.w.org\/{rel}","templated":true}]}}