{"id":22601,"date":"2025-05-07T18:56:02","date_gmt":"2025-05-07T21:56:02","guid":{"rendered":"https:\/\/soymat.com\/?post_type=product&#038;p=22601"},"modified":"2025-11-03T10:09:08","modified_gmt":"2025-11-03T13:09:08","slug":"aparejo-electrico-250-500-kg-12m-bta","status":"publish","type":"product","link":"https:\/\/soymat.com\/es\/producto\/aparejo-electrico-250-500-kg-12m-bta\/","title":{"rendered":"Aparejo Electrico 250\/500 Kg &#8211; 12m. &#8211; BTA"},"content":{"rendered":"<p>Aparejo El\u00e9ctrico 250\/500 Kg &#8211; 12m. &#8211; BTA<br \/>\nCOD.: 903004<\/p>\n<p>APAREJO ELECT. 250\/500 Kg \u2013 12 m.<br \/>\nSKU: 903004<br \/>\nCategor\u00edas: APAREJOS, El\u00e9ctricos<br \/>\nTensi\u00f3n: 220 V\/50 Hz<br \/>\nPotencia: 900 W<br \/>\nAlzada: 6-12 m<br \/>\nVelocidad elevaci\u00f3n: 10 m\/min 250 kg<br \/>\n5 m\/min 500 kg<br \/>\n\u00d8 Cable de Acero: 4,2 mm<br \/>\nCarga m\u00e1xima: 500 Kg<br \/>\nUso: Profesional.<\/p>","protected":false},"excerpt":{"rendered":"<p>Aparejo El\u00e9ctrico 250\/500 Kg &#8211; 12m. &#8211; BTA COD.: 903004 APAREJO ELECT. 250\/500 Kg \u2013 12 m. SKU: 903004 Categor\u00edas: APAREJOS, El\u00e9ctricos Tensi\u00f3n: 220 V\/50 Hz Potencia: 900 W Alzada: 6-12 m Velocidad elevaci\u00f3n: 10 m\/min 250 kg 5 m\/min 500 kg \u00d8 Cable de Acero: 4,2 mm Carga m\u00e1xima: 500 Kg Uso: Profesional.<\/p>","protected":false},"featured_media":22603,"template":"","meta":[],"product_cat":[191],"product_tag":[511,509,164,512,209,513],"class_list":{"0":"post-22601","1":"product","2":"type-product","3":"status-publish","4":"has-post-thumbnail","6":"product_brand-maquinas-y-herramientas-bta-tools","7":"product_cat-maquinas-y-herramientas","8":"product_tag-aparejo-electrico","9":"product_tag-bta","10":"product_tag-construccion","11":"product_tag-espacios-confinados","12":"product_tag-herramientas","13":"product_tag-obras-cibiles","15":"first","16":"instock","17":"taxable","18":"shipping-taxable","19":"purchasable","20":"product-type-simple","21":"add-to-wishlist-after_add_to_cart"},"yoast_head":"<!-- This site is optimized with the Yoast SEO Premium plugin v26.9 (Yoast SEO v26.9) - https:\/\/yoast.com\/product\/yoast-seo-premium-wordpress\/ -->\n<title>Aparejo Electrico 250\/500 Kg - 12m. - BTA - SoyMat \u2013 Seguridad Industrial<\/title>\n<meta name=\"robots\" content=\"index, follow, max-snippet:-1, max-image-preview:large, max-video-preview:-1\" \/>\n<link rel=\"canonical\" href=\"https:\/\/soymat.com\/es\/producto\/aparejo-electrico-250-500-kg-12m-bta\/\" \/>\n<meta property=\"og:locale\" content=\"es_ES\" \/>\n<meta property=\"og:type\" content=\"article\" \/>\n<meta property=\"og:title\" content=\"Aparejo Electrico 250\/500 Kg - 12m. - BTA\" \/>\n<meta property=\"og:description\" content=\"Aparejo El\u00e9ctrico 250\/500 Kg &#8211; 12m. &#8211; BTA COD.: 903004 APAREJO ELECT. 250\/500 Kg \u2013 12 m. SKU: 903004 Categor\u00edas: APAREJOS, El\u00e9ctricos Tensi\u00f3n: 220 V\/50 Hz Potencia: 900 W Alzada: 6-12 m Velocidad elevaci\u00f3n: 10 m\/min 250 kg 5 m\/min 500 kg \u00d8 Cable de Acero: 4,2 mm Carga m\u00e1xima: 500 Kg Uso: Profesional.\" \/>\n<meta property=\"og:url\" content=\"https:\/\/soymat.com\/es\/producto\/aparejo-electrico-250-500-kg-12m-bta\/\" \/>\n<meta property=\"og:site_name\" content=\"SoyMat \u2013 Seguridad Industrial\" \/>\n<meta property=\"article:modified_time\" content=\"2025-11-03T13:09:08+00:00\" \/>\n<meta property=\"og:image\" content=\"https:\/\/soymat.com\/wp-content\/uploads\/2025\/05\/903004-web.jpg\" \/>\n\t<meta property=\"og:image:width\" content=\"1094\" \/>\n\t<meta property=\"og:image:height\" content=\"1094\" \/>\n\t<meta property=\"og:image:type\" content=\"image\/jpeg\" \/>\n<meta name=\"twitter:card\" content=\"summary_large_image\" \/>\n<meta name=\"twitter:label1\" content=\"Tiempo de lectura\" \/>\n\t<meta name=\"twitter:data1\" content=\"1 minuto\" \/>\n<script type=\"application\/ld+json\" class=\"yoast-schema-graph\">{\"@context\":\"https:\/\/schema.org\",\"@graph\":[{\"@type\":\"WebPage\",\"@id\":\"https:\/\/soymat.com\/producto\/aparejo-electrico-250-500-kg-12m-bta\/\",\"url\":\"https:\/\/soymat.com\/producto\/aparejo-electrico-250-500-kg-12m-bta\/\",\"name\":\"Aparejo Electrico 250\/500 Kg - 12m. - BTA - SoyMat \u2013 Seguridad Industrial\",\"isPartOf\":{\"@id\":\"https:\/\/soymat.com\/#website\"},\"primaryImageOfPage\":{\"@id\":\"https:\/\/soymat.com\/producto\/aparejo-electrico-250-500-kg-12m-bta\/#primaryimage\"},\"image\":{\"@id\":\"https:\/\/soymat.com\/producto\/aparejo-electrico-250-500-kg-12m-bta\/#primaryimage\"},\"thumbnailUrl\":\"https:\/\/soymat.com\/wp-content\/uploads\/2025\/05\/903004-web.jpg\",\"datePublished\":\"2025-05-07T21:56:02+00:00\",\"dateModified\":\"2025-11-03T13:09:08+00:00\",\"breadcrumb\":{\"@id\":\"https:\/\/soymat.com\/producto\/aparejo-electrico-250-500-kg-12m-bta\/#breadcrumb\"},\"inLanguage\":\"es-AR\",\"potentialAction\":[{\"@type\":\"ReadAction\",\"target\":[\"https:\/\/soymat.com\/producto\/aparejo-electrico-250-500-kg-12m-bta\/\"]}]},{\"@type\":\"ImageObject\",\"inLanguage\":\"es-AR\",\"@id\":\"https:\/\/soymat.com\/producto\/aparejo-electrico-250-500-kg-12m-bta\/#primaryimage\",\"url\":\"https:\/\/soymat.com\/wp-content\/uploads\/2025\/05\/903004-web.jpg\",\"contentUrl\":\"https:\/\/soymat.com\/wp-content\/uploads\/2025\/05\/903004-web.jpg\",\"width\":1094,\"height\":1094},{\"@type\":\"BreadcrumbList\",\"@id\":\"https:\/\/soymat.com\/producto\/aparejo-electrico-250-500-kg-12m-bta\/#breadcrumb\",\"itemListElement\":[{\"@type\":\"ListItem\",\"position\":1,\"name\":\"Portada\",\"item\":\"https:\/\/soymat.com\/\"},{\"@type\":\"ListItem\",\"position\":2,\"name\":\"Todos los Productos\",\"item\":\"https:\/\/soymat.com\/shop\/\"},{\"@type\":\"ListItem\",\"position\":3,\"name\":\"Aparejo Electrico 250\/500 Kg &#8211; 12m. &#8211; BTA\"}]},{\"@type\":\"WebSite\",\"@id\":\"https:\/\/soymat.com\/#website\",\"url\":\"https:\/\/soymat.com\/\",\"name\":\"So&Mat\",\"description\":\"Empresa Dedicada a la protecci\u00f3n global contra incendio . matafuegos redes bombas,venta instalaci\u00f3n y service, protecci\u00f3n y confort laboral en todo concepto.\",\"publisher\":{\"@id\":\"https:\/\/soymat.com\/#organization\"},\"alternateName\":\"So&Mat\",\"potentialAction\":[{\"@type\":\"SearchAction\",\"target\":{\"@type\":\"EntryPoint\",\"urlTemplate\":\"https:\/\/soymat.com\/?s={search_term_string}\"},\"query-input\":{\"@type\":\"PropertyValueSpecification\",\"valueRequired\":true,\"valueName\":\"search_term_string\"}}],\"inLanguage\":\"es-AR\"},{\"@type\":\"Organization\",\"@id\":\"https:\/\/soymat.com\/#organization\",\"name\":\"So&Mat\",\"url\":\"https:\/\/soymat.com\/\",\"logo\":{\"@type\":\"ImageObject\",\"inLanguage\":\"es-AR\",\"@id\":\"https:\/\/soymat.com\/#\/schema\/logo\/image\/\",\"url\":\"https:\/\/soymat.com\/wp-content\/uploads\/2024\/08\/SoyMat.jpg\",\"contentUrl\":\"https:\/\/soymat.com\/wp-content\/uploads\/2024\/08\/SoyMat.jpg\",\"width\":600,\"height\":236,\"caption\":\"So&Mat\"},\"image\":{\"@id\":\"https:\/\/soymat.com\/#\/schema\/logo\/image\/\"}}]}<\/script>\n<!-- \/ Yoast SEO Premium plugin. -->","yoast_head_json":{"title":"Aparejo Electrico 250\/500 Kg - 12m. - BTA - SoyMat \u2013 Seguridad Industrial","robots":{"index":"index","follow":"follow","max-snippet":"max-snippet:-1","max-image-preview":"max-image-preview:large","max-video-preview":"max-video-preview:-1"},"canonical":"https:\/\/soymat.com\/es\/producto\/aparejo-electrico-250-500-kg-12m-bta\/","og_locale":"es_ES","og_type":"article","og_title":"Aparejo Electrico 250\/500 Kg - 12m. - BTA","og_description":"Aparejo El\u00e9ctrico 250\/500 Kg &#8211; 12m. &#8211; BTA COD.: 903004 APAREJO ELECT. 250\/500 Kg \u2013 12 m. SKU: 903004 Categor\u00edas: APAREJOS, El\u00e9ctricos Tensi\u00f3n: 220 V\/50 Hz Potencia: 900 W Alzada: 6-12 m Velocidad elevaci\u00f3n: 10 m\/min 250 kg 5 m\/min 500 kg \u00d8 Cable de Acero: 4,2 mm Carga m\u00e1xima: 500 Kg Uso: Profesional.","og_url":"https:\/\/soymat.com\/es\/producto\/aparejo-electrico-250-500-kg-12m-bta\/","og_site_name":"SoyMat \u2013 Seguridad Industrial","article_modified_time":"2025-11-03T13:09:08+00:00","og_image":[{"width":1094,"height":1094,"url":"https:\/\/soymat.com\/wp-content\/uploads\/2025\/05\/903004-web.jpg","type":"image\/jpeg"}],"twitter_card":"summary_large_image","twitter_misc":{"Tiempo de lectura":"1 minuto"},"schema":{"@context":"https:\/\/schema.org","@graph":[{"@type":"WebPage","@id":"https:\/\/soymat.com\/producto\/aparejo-electrico-250-500-kg-12m-bta\/","url":"https:\/\/soymat.com\/producto\/aparejo-electrico-250-500-kg-12m-bta\/","name":"Aparejo Electrico 250\/500 Kg - 12m. - BTA - SoyMat \u2013 Seguridad Industrial","isPartOf":{"@id":"https:\/\/soymat.com\/#website"},"primaryImageOfPage":{"@id":"https:\/\/soymat.com\/producto\/aparejo-electrico-250-500-kg-12m-bta\/#primaryimage"},"image":{"@id":"https:\/\/soymat.com\/producto\/aparejo-electrico-250-500-kg-12m-bta\/#primaryimage"},"thumbnailUrl":"https:\/\/soymat.com\/wp-content\/uploads\/2025\/05\/903004-web.jpg","datePublished":"2025-05-07T21:56:02+00:00","dateModified":"2025-11-03T13:09:08+00:00","breadcrumb":{"@id":"https:\/\/soymat.com\/producto\/aparejo-electrico-250-500-kg-12m-bta\/#breadcrumb"},"inLanguage":"es-AR","potentialAction":[{"@type":"ReadAction","target":["https:\/\/soymat.com\/producto\/aparejo-electrico-250-500-kg-12m-bta\/"]}]},{"@type":"ImageObject","inLanguage":"es-AR","@id":"https:\/\/soymat.com\/producto\/aparejo-electrico-250-500-kg-12m-bta\/#primaryimage","url":"https:\/\/soymat.com\/wp-content\/uploads\/2025\/05\/903004-web.jpg","contentUrl":"https:\/\/soymat.com\/wp-content\/uploads\/2025\/05\/903004-web.jpg","width":1094,"height":1094},{"@type":"BreadcrumbList","@id":"https:\/\/soymat.com\/producto\/aparejo-electrico-250-500-kg-12m-bta\/#breadcrumb","itemListElement":[{"@type":"ListItem","position":1,"name":"Portada","item":"https:\/\/soymat.com\/"},{"@type":"ListItem","position":2,"name":"Todos los Productos","item":"https:\/\/soymat.com\/shop\/"},{"@type":"ListItem","position":3,"name":"Aparejo Electrico 250\/500 Kg &#8211; 12m. &#8211; BTA"}]},{"@type":"WebSite","@id":"https:\/\/soymat.com\/#website","url":"https:\/\/soymat.com\/","name":"So&Mat","description":"Empresa Dedicada a la protecci\u00f3n global contra incendio . matafuegos redes bombas,venta instalaci\u00f3n y service, protecci\u00f3n y confort laboral en todo concepto.","publisher":{"@id":"https:\/\/soymat.com\/#organization"},"alternateName":"So&Mat","potentialAction":[{"@type":"SearchAction","target":{"@type":"EntryPoint","urlTemplate":"https:\/\/soymat.com\/?s={search_term_string}"},"query-input":{"@type":"PropertyValueSpecification","valueRequired":true,"valueName":"search_term_string"}}],"inLanguage":"es-AR"},{"@type":"Organization","@id":"https:\/\/soymat.com\/#organization","name":"So&Mat","url":"https:\/\/soymat.com\/","logo":{"@type":"ImageObject","inLanguage":"es-AR","@id":"https:\/\/soymat.com\/#\/schema\/logo\/image\/","url":"https:\/\/soymat.com\/wp-content\/uploads\/2024\/08\/SoyMat.jpg","contentUrl":"https:\/\/soymat.com\/wp-content\/uploads\/2024\/08\/SoyMat.jpg","width":600,"height":236,"caption":"So&Mat"},"image":{"@id":"https:\/\/soymat.com\/#\/schema\/logo\/image\/"}}]}},"_links":{"self":[{"href":"https:\/\/soymat.com\/es\/wp-json\/wp\/v2\/product\/22601","targetHints":{"allow":["GET"]}}],"collection":[{"href":"https:\/\/soymat.com\/es\/wp-json\/wp\/v2\/product"}],"about":[{"href":"https:\/\/soymat.com\/es\/wp-json\/wp\/v2\/types\/product"}],"wp:featuredmedia":[{"embeddable":true,"href":"https:\/\/soymat.com\/es\/wp-json\/wp\/v2\/media\/22603"}],"wp:attachment":[{"href":"https:\/\/soymat.com\/es\/wp-json\/wp\/v2\/media?parent=22601"}],"wp:term":[{"taxonomy":"product_cat","embeddable":true,"href":"https:\/\/soymat.com\/es\/wp-json\/wp\/v2\/product_cat?post=22601"},{"taxonomy":"product_tag","embeddable":true,"href":"https:\/\/soymat.com\/es\/wp-json\/wp\/v2\/product_tag?post=22601"}],"curies":[{"name":"wp","href":"https:\/\/api.w.org\/{rel}","templated":true}]}}