{"id":22605,"date":"2025-05-07T19:08:03","date_gmt":"2025-05-07T22:08:03","guid":{"rendered":"https:\/\/soymat.com\/?post_type=product&#038;p=22605"},"modified":"2025-11-04T19:07:19","modified_gmt":"2025-11-04T22:07:19","slug":"disco-de-corte-o-a-115x1-6x22-2mm-recto-crossmaster","status":"publish","type":"product","link":"https:\/\/soymat.com\/es\/producto\/disco-de-corte-o-a-115x1-6x22-2mm-recto-crossmaster\/","title":{"rendered":"Disco de Corte O\/A 115&#215;1.6&#215;22.2mm Recto &#8211; Crossmaster"},"content":{"rendered":"<p><strong>Disco de Corte O\/A 115&#215;1.6&#215;22.2mm Recto &#8211; Crossmaster<\/strong><br \/>\nCod. 9982206.2<\/p>\n<p>Recto<br \/>\n\u00d3xido de Aluminio<br \/>\n115 x 1,6 x 22,2 mm (4-1\/2\u2033 x 1\/16\u2033 x 7\/8\u2033)<br \/>\nEspecial para acero inoxidable<br \/>\nMax. Rpm: 13300<br \/>\nVelocidad: 80m\/s<br \/>\nTipo: 41<\/p>","protected":false},"excerpt":{"rendered":"<p>Disco de Corte O\/A 115&#215;1.6&#215;22.2mm Recto &#8211; Crossmaster Cod. 9982206.2 Recto \u00d3xido de Aluminio 115 x 1,6 x 22,2 mm (4-1\/2\u2033 x 1\/16\u2033 x 7\/8\u2033) Especial para acero inoxidable Max. Rpm: 13300 Velocidad: 80m\/s Tipo: 41<\/p>","protected":false},"featured_media":22606,"template":"","meta":[],"product_cat":[191],"product_tag":[164,515,492,457,344,315],"class_list":{"0":"post-22605","1":"product","2":"type-product","3":"status-publish","4":"has-post-thumbnail","6":"product_brand-crossmaster-herramientas-de-mano-aficionado-profesional-industrial","7":"product_cat-maquinas-y-herramientas","8":"product_tag-construccion","9":"product_tag-disco-de-corte","10":"product_tag-herreria","11":"product_tag-herrero","12":"product_tag-metalurgia","13":"product_tag-taller-metalurgico","15":"first","16":"instock","17":"taxable","18":"shipping-taxable","19":"purchasable","20":"product-type-simple","21":"add-to-wishlist-after_add_to_cart"},"yoast_head":"<!-- This site is optimized with the Yoast SEO Premium plugin v26.9 (Yoast SEO v26.9) - https:\/\/yoast.com\/product\/yoast-seo-premium-wordpress\/ -->\n<title>Disco de Corte O\/A 115x1.6x22.2mm Recto - Crossmaster - SoyMat \u2013 Seguridad Industrial<\/title>\n<meta name=\"robots\" content=\"index, follow, max-snippet:-1, max-image-preview:large, max-video-preview:-1\" \/>\n<link rel=\"canonical\" href=\"https:\/\/soymat.com\/es\/producto\/disco-de-corte-o-a-115x1-6x22-2mm-recto-crossmaster\/\" \/>\n<meta property=\"og:locale\" content=\"es_ES\" \/>\n<meta property=\"og:type\" content=\"article\" \/>\n<meta property=\"og:title\" content=\"Disco de Corte O\/A 115x1.6x22.2mm Recto - Crossmaster\" \/>\n<meta property=\"og:description\" content=\"Disco de Corte O\/A 115&#215;1.6&#215;22.2mm Recto &#8211; Crossmaster Cod. 9982206.2 Recto \u00d3xido de Aluminio 115 x 1,6 x 22,2 mm (4-1\/2\u2033 x 1\/16\u2033 x 7\/8\u2033) Especial para acero inoxidable Max. Rpm: 13300 Velocidad: 80m\/s Tipo: 41\" \/>\n<meta property=\"og:url\" content=\"https:\/\/soymat.com\/es\/producto\/disco-de-corte-o-a-115x1-6x22-2mm-recto-crossmaster\/\" \/>\n<meta property=\"og:site_name\" content=\"SoyMat \u2013 Seguridad Industrial\" \/>\n<meta property=\"article:modified_time\" content=\"2025-11-04T22:07:19+00:00\" \/>\n<meta property=\"og:image\" content=\"https:\/\/soymat.com\/wp-content\/uploads\/2025\/05\/9982206-2-web.jpg\" \/>\n\t<meta property=\"og:image:width\" content=\"931\" \/>\n\t<meta property=\"og:image:height\" content=\"931\" \/>\n\t<meta property=\"og:image:type\" content=\"image\/jpeg\" \/>\n<meta name=\"twitter:card\" content=\"summary_large_image\" \/>\n<meta name=\"twitter:label1\" content=\"Tiempo de lectura\" \/>\n\t<meta name=\"twitter:data1\" content=\"1 minuto\" \/>\n<script type=\"application\/ld+json\" class=\"yoast-schema-graph\">{\"@context\":\"https:\/\/schema.org\",\"@graph\":[{\"@type\":\"WebPage\",\"@id\":\"https:\/\/soymat.com\/producto\/disco-de-corte-o-a-115x1-6x22-2mm-recto-crossmaster\/\",\"url\":\"https:\/\/soymat.com\/producto\/disco-de-corte-o-a-115x1-6x22-2mm-recto-crossmaster\/\",\"name\":\"Disco de Corte O\/A 115x1.6x22.2mm Recto - Crossmaster - SoyMat \u2013 Seguridad Industrial\",\"isPartOf\":{\"@id\":\"https:\/\/soymat.com\/#website\"},\"primaryImageOfPage\":{\"@id\":\"https:\/\/soymat.com\/producto\/disco-de-corte-o-a-115x1-6x22-2mm-recto-crossmaster\/#primaryimage\"},\"image\":{\"@id\":\"https:\/\/soymat.com\/producto\/disco-de-corte-o-a-115x1-6x22-2mm-recto-crossmaster\/#primaryimage\"},\"thumbnailUrl\":\"https:\/\/soymat.com\/wp-content\/uploads\/2025\/05\/9982206-2-web.jpg\",\"datePublished\":\"2025-05-07T22:08:03+00:00\",\"dateModified\":\"2025-11-04T22:07:19+00:00\",\"breadcrumb\":{\"@id\":\"https:\/\/soymat.com\/producto\/disco-de-corte-o-a-115x1-6x22-2mm-recto-crossmaster\/#breadcrumb\"},\"inLanguage\":\"es-AR\",\"potentialAction\":[{\"@type\":\"ReadAction\",\"target\":[\"https:\/\/soymat.com\/producto\/disco-de-corte-o-a-115x1-6x22-2mm-recto-crossmaster\/\"]}]},{\"@type\":\"ImageObject\",\"inLanguage\":\"es-AR\",\"@id\":\"https:\/\/soymat.com\/producto\/disco-de-corte-o-a-115x1-6x22-2mm-recto-crossmaster\/#primaryimage\",\"url\":\"https:\/\/soymat.com\/wp-content\/uploads\/2025\/05\/9982206-2-web.jpg\",\"contentUrl\":\"https:\/\/soymat.com\/wp-content\/uploads\/2025\/05\/9982206-2-web.jpg\",\"width\":931,\"height\":931},{\"@type\":\"BreadcrumbList\",\"@id\":\"https:\/\/soymat.com\/producto\/disco-de-corte-o-a-115x1-6x22-2mm-recto-crossmaster\/#breadcrumb\",\"itemListElement\":[{\"@type\":\"ListItem\",\"position\":1,\"name\":\"Portada\",\"item\":\"https:\/\/soymat.com\/\"},{\"@type\":\"ListItem\",\"position\":2,\"name\":\"Todos los Productos\",\"item\":\"https:\/\/soymat.com\/shop\/\"},{\"@type\":\"ListItem\",\"position\":3,\"name\":\"Disco de Corte O\/A 115&#215;1.6&#215;22.2mm Recto &#8211; Crossmaster\"}]},{\"@type\":\"WebSite\",\"@id\":\"https:\/\/soymat.com\/#website\",\"url\":\"https:\/\/soymat.com\/\",\"name\":\"So&Mat\",\"description\":\"Empresa Dedicada a la protecci\u00f3n global contra incendio . matafuegos redes bombas,venta instalaci\u00f3n y service, protecci\u00f3n y confort laboral en todo concepto.\",\"publisher\":{\"@id\":\"https:\/\/soymat.com\/#organization\"},\"alternateName\":\"So&Mat\",\"potentialAction\":[{\"@type\":\"SearchAction\",\"target\":{\"@type\":\"EntryPoint\",\"urlTemplate\":\"https:\/\/soymat.com\/?s={search_term_string}\"},\"query-input\":{\"@type\":\"PropertyValueSpecification\",\"valueRequired\":true,\"valueName\":\"search_term_string\"}}],\"inLanguage\":\"es-AR\"},{\"@type\":\"Organization\",\"@id\":\"https:\/\/soymat.com\/#organization\",\"name\":\"So&Mat\",\"url\":\"https:\/\/soymat.com\/\",\"logo\":{\"@type\":\"ImageObject\",\"inLanguage\":\"es-AR\",\"@id\":\"https:\/\/soymat.com\/#\/schema\/logo\/image\/\",\"url\":\"https:\/\/soymat.com\/wp-content\/uploads\/2024\/08\/SoyMat.jpg\",\"contentUrl\":\"https:\/\/soymat.com\/wp-content\/uploads\/2024\/08\/SoyMat.jpg\",\"width\":600,\"height\":236,\"caption\":\"So&Mat\"},\"image\":{\"@id\":\"https:\/\/soymat.com\/#\/schema\/logo\/image\/\"}}]}<\/script>\n<!-- \/ Yoast SEO Premium plugin. -->","yoast_head_json":{"title":"Disco de Corte O\/A 115x1.6x22.2mm Recto - Crossmaster - SoyMat \u2013 Seguridad Industrial","robots":{"index":"index","follow":"follow","max-snippet":"max-snippet:-1","max-image-preview":"max-image-preview:large","max-video-preview":"max-video-preview:-1"},"canonical":"https:\/\/soymat.com\/es\/producto\/disco-de-corte-o-a-115x1-6x22-2mm-recto-crossmaster\/","og_locale":"es_ES","og_type":"article","og_title":"Disco de Corte O\/A 115x1.6x22.2mm Recto - Crossmaster","og_description":"Disco de Corte O\/A 115&#215;1.6&#215;22.2mm Recto &#8211; Crossmaster Cod. 9982206.2 Recto \u00d3xido de Aluminio 115 x 1,6 x 22,2 mm (4-1\/2\u2033 x 1\/16\u2033 x 7\/8\u2033) Especial para acero inoxidable Max. Rpm: 13300 Velocidad: 80m\/s Tipo: 41","og_url":"https:\/\/soymat.com\/es\/producto\/disco-de-corte-o-a-115x1-6x22-2mm-recto-crossmaster\/","og_site_name":"SoyMat \u2013 Seguridad Industrial","article_modified_time":"2025-11-04T22:07:19+00:00","og_image":[{"width":931,"height":931,"url":"https:\/\/soymat.com\/wp-content\/uploads\/2025\/05\/9982206-2-web.jpg","type":"image\/jpeg"}],"twitter_card":"summary_large_image","twitter_misc":{"Tiempo de lectura":"1 minuto"},"schema":{"@context":"https:\/\/schema.org","@graph":[{"@type":"WebPage","@id":"https:\/\/soymat.com\/producto\/disco-de-corte-o-a-115x1-6x22-2mm-recto-crossmaster\/","url":"https:\/\/soymat.com\/producto\/disco-de-corte-o-a-115x1-6x22-2mm-recto-crossmaster\/","name":"Disco de Corte O\/A 115x1.6x22.2mm Recto - Crossmaster - SoyMat \u2013 Seguridad Industrial","isPartOf":{"@id":"https:\/\/soymat.com\/#website"},"primaryImageOfPage":{"@id":"https:\/\/soymat.com\/producto\/disco-de-corte-o-a-115x1-6x22-2mm-recto-crossmaster\/#primaryimage"},"image":{"@id":"https:\/\/soymat.com\/producto\/disco-de-corte-o-a-115x1-6x22-2mm-recto-crossmaster\/#primaryimage"},"thumbnailUrl":"https:\/\/soymat.com\/wp-content\/uploads\/2025\/05\/9982206-2-web.jpg","datePublished":"2025-05-07T22:08:03+00:00","dateModified":"2025-11-04T22:07:19+00:00","breadcrumb":{"@id":"https:\/\/soymat.com\/producto\/disco-de-corte-o-a-115x1-6x22-2mm-recto-crossmaster\/#breadcrumb"},"inLanguage":"es-AR","potentialAction":[{"@type":"ReadAction","target":["https:\/\/soymat.com\/producto\/disco-de-corte-o-a-115x1-6x22-2mm-recto-crossmaster\/"]}]},{"@type":"ImageObject","inLanguage":"es-AR","@id":"https:\/\/soymat.com\/producto\/disco-de-corte-o-a-115x1-6x22-2mm-recto-crossmaster\/#primaryimage","url":"https:\/\/soymat.com\/wp-content\/uploads\/2025\/05\/9982206-2-web.jpg","contentUrl":"https:\/\/soymat.com\/wp-content\/uploads\/2025\/05\/9982206-2-web.jpg","width":931,"height":931},{"@type":"BreadcrumbList","@id":"https:\/\/soymat.com\/producto\/disco-de-corte-o-a-115x1-6x22-2mm-recto-crossmaster\/#breadcrumb","itemListElement":[{"@type":"ListItem","position":1,"name":"Portada","item":"https:\/\/soymat.com\/"},{"@type":"ListItem","position":2,"name":"Todos los Productos","item":"https:\/\/soymat.com\/shop\/"},{"@type":"ListItem","position":3,"name":"Disco de Corte O\/A 115&#215;1.6&#215;22.2mm Recto &#8211; Crossmaster"}]},{"@type":"WebSite","@id":"https:\/\/soymat.com\/#website","url":"https:\/\/soymat.com\/","name":"So&Mat","description":"Empresa Dedicada a la protecci\u00f3n global contra incendio . matafuegos redes bombas,venta instalaci\u00f3n y service, protecci\u00f3n y confort laboral en todo concepto.","publisher":{"@id":"https:\/\/soymat.com\/#organization"},"alternateName":"So&Mat","potentialAction":[{"@type":"SearchAction","target":{"@type":"EntryPoint","urlTemplate":"https:\/\/soymat.com\/?s={search_term_string}"},"query-input":{"@type":"PropertyValueSpecification","valueRequired":true,"valueName":"search_term_string"}}],"inLanguage":"es-AR"},{"@type":"Organization","@id":"https:\/\/soymat.com\/#organization","name":"So&Mat","url":"https:\/\/soymat.com\/","logo":{"@type":"ImageObject","inLanguage":"es-AR","@id":"https:\/\/soymat.com\/#\/schema\/logo\/image\/","url":"https:\/\/soymat.com\/wp-content\/uploads\/2024\/08\/SoyMat.jpg","contentUrl":"https:\/\/soymat.com\/wp-content\/uploads\/2024\/08\/SoyMat.jpg","width":600,"height":236,"caption":"So&Mat"},"image":{"@id":"https:\/\/soymat.com\/#\/schema\/logo\/image\/"}}]}},"_links":{"self":[{"href":"https:\/\/soymat.com\/es\/wp-json\/wp\/v2\/product\/22605","targetHints":{"allow":["GET"]}}],"collection":[{"href":"https:\/\/soymat.com\/es\/wp-json\/wp\/v2\/product"}],"about":[{"href":"https:\/\/soymat.com\/es\/wp-json\/wp\/v2\/types\/product"}],"wp:featuredmedia":[{"embeddable":true,"href":"https:\/\/soymat.com\/es\/wp-json\/wp\/v2\/media\/22606"}],"wp:attachment":[{"href":"https:\/\/soymat.com\/es\/wp-json\/wp\/v2\/media?parent=22605"}],"wp:term":[{"taxonomy":"product_cat","embeddable":true,"href":"https:\/\/soymat.com\/es\/wp-json\/wp\/v2\/product_cat?post=22605"},{"taxonomy":"product_tag","embeddable":true,"href":"https:\/\/soymat.com\/es\/wp-json\/wp\/v2\/product_tag?post=22605"}],"curies":[{"name":"wp","href":"https:\/\/api.w.org\/{rel}","templated":true}]}}