{"id":22644,"date":"2025-05-16T22:08:15","date_gmt":"2025-05-17T01:08:15","guid":{"rendered":"https:\/\/soymat.com\/?post_type=product&#038;p=22644"},"modified":"2026-04-17T13:08:15","modified_gmt":"2026-04-17T16:08:15","slug":"semimascara-mod-6200-3m","status":"publish","type":"product","link":"https:\/\/soymat.com\/es\/producto\/semimascara-mod-6200-3m\/","title":{"rendered":"Semim\u00e1scara Mod.6200 &#8211; 3M"},"content":{"rendered":"<p><strong>Semim\u00e1scara Mod.6200 &#8211; 3M<\/strong><br \/>\nCod.: 6200<\/p>\n<p>La marca 3M es reconocida mundialmente por su compromiso con la innovaci\u00f3n y la calidad en los productos de seguridad. Con la correa de respiraci\u00f3n semifacial 6200, seguramente comprar\u00e1 un producto que cumple con los estrictos est\u00e1ndares de seguridad y eficacia.<\/p>\n<p>Peso 80 g<br \/>\nTipo de m\u00e1scara Media cara<br \/>\nMaterial Silicona<br \/>\nPart\u00edculas y contaminantes filtrados<br \/>\nhumos, nieblas, m\u00e1scaras respiratorias para polvo, radionucl\u00eddeos y part\u00edculas altamente t\u00f3xicas.<br \/>\nAplicaciones recomendadas: Industria<br \/>\nFiltros compatibles: 3m 5n11<br \/>\nCantidad de filtros: 2<br \/>\nEficiencia de filtraci\u00f3n de la m\u00e1scara<br \/>\nM\u00e1scaras respiratorias 100 %<br \/>\nCon amplificador de voz: No<br \/>\nEs descartable: S\u00ed<br \/>\nEs ergon\u00f3mica: S\u00ed<\/p>","protected":false},"excerpt":{"rendered":"<p>Semim\u00e1scara Mod.6200 &#8211; 3M Cod.: 6200 La marca 3M es reconocida mundialmente por su compromiso con la innovaci\u00f3n y la calidad en los productos de seguridad. Con la correa de respiraci\u00f3n semifacial 6200, seguramente comprar\u00e1 un producto que cumple con los estrictos est\u00e1ndares de seguridad y eficacia. Peso 80 g Tipo de m\u00e1scara Media cara [&hellip;]<\/p>\n","protected":false},"featured_media":22645,"template":"","meta":[],"product_cat":[84],"product_tag":[],"class_list":{"0":"post-22644","1":"product","2":"type-product","3":"status-publish","4":"has-post-thumbnail","6":"product_cat-proteccion-personal","8":"first","9":"instock","10":"taxable","11":"shipping-taxable","12":"purchasable","13":"product-type-simple","14":"add-to-wishlist-after_add_to_cart"},"yoast_head":"<!-- This site is optimized with the Yoast SEO Premium plugin v26.9 (Yoast SEO v26.9) - https:\/\/yoast.com\/product\/yoast-seo-premium-wordpress\/ -->\n<title>Semim\u00e1scara Mod.6200 - 3M - SoyMat \u2013 Seguridad Industrial<\/title>\n<meta name=\"robots\" content=\"index, follow, max-snippet:-1, max-image-preview:large, max-video-preview:-1\" \/>\n<link rel=\"canonical\" href=\"https:\/\/soymat.com\/es\/producto\/semimascara-mod-6200-3m\/\" \/>\n<meta property=\"og:locale\" content=\"es_ES\" \/>\n<meta property=\"og:type\" content=\"article\" \/>\n<meta property=\"og:title\" content=\"Semim\u00e1scara Mod.6200 - 3M\" \/>\n<meta property=\"og:description\" content=\"Semim\u00e1scara Mod.6200 &#8211; 3M Cod.: 6200 La marca 3M es reconocida mundialmente por su compromiso con la innovaci\u00f3n y la calidad en los productos de seguridad. Con la correa de respiraci\u00f3n semifacial 6200, seguramente comprar\u00e1 un producto que cumple con los estrictos est\u00e1ndares de seguridad y eficacia. Peso 80 g Tipo de m\u00e1scara Media cara [&hellip;]\" \/>\n<meta property=\"og:url\" content=\"https:\/\/soymat.com\/es\/producto\/semimascara-mod-6200-3m\/\" \/>\n<meta property=\"og:site_name\" content=\"SoyMat \u2013 Seguridad Industrial\" \/>\n<meta property=\"article:modified_time\" content=\"2026-04-17T16:08:15+00:00\" \/>\n<meta property=\"og:image\" content=\"https:\/\/soymat.com\/wp-content\/uploads\/2025\/05\/SEMIMSCARA-3M.jpg\" \/>\n\t<meta property=\"og:image:width\" content=\"800\" \/>\n\t<meta property=\"og:image:height\" content=\"800\" \/>\n\t<meta property=\"og:image:type\" content=\"image\/jpeg\" \/>\n<meta name=\"twitter:card\" content=\"summary_large_image\" \/>\n<meta name=\"twitter:label1\" content=\"Tiempo de lectura\" \/>\n\t<meta name=\"twitter:data1\" content=\"1 minuto\" \/>\n<script type=\"application\/ld+json\" class=\"yoast-schema-graph\">{\"@context\":\"https:\/\/schema.org\",\"@graph\":[{\"@type\":\"WebPage\",\"@id\":\"https:\/\/soymat.com\/producto\/semimascara-mod-6200-3m\/\",\"url\":\"https:\/\/soymat.com\/producto\/semimascara-mod-6200-3m\/\",\"name\":\"Semim\u00e1scara Mod.6200 - 3M - SoyMat \u2013 Seguridad Industrial\",\"isPartOf\":{\"@id\":\"https:\/\/soymat.com\/#website\"},\"primaryImageOfPage\":{\"@id\":\"https:\/\/soymat.com\/producto\/semimascara-mod-6200-3m\/#primaryimage\"},\"image\":{\"@id\":\"https:\/\/soymat.com\/producto\/semimascara-mod-6200-3m\/#primaryimage\"},\"thumbnailUrl\":\"https:\/\/soymat.com\/wp-content\/uploads\/2025\/05\/SEMIMSCARA-3M.jpg\",\"datePublished\":\"2025-05-17T01:08:15+00:00\",\"dateModified\":\"2026-04-17T16:08:15+00:00\",\"breadcrumb\":{\"@id\":\"https:\/\/soymat.com\/producto\/semimascara-mod-6200-3m\/#breadcrumb\"},\"inLanguage\":\"es-AR\",\"potentialAction\":[{\"@type\":\"ReadAction\",\"target\":[\"https:\/\/soymat.com\/producto\/semimascara-mod-6200-3m\/\"]}]},{\"@type\":\"ImageObject\",\"inLanguage\":\"es-AR\",\"@id\":\"https:\/\/soymat.com\/producto\/semimascara-mod-6200-3m\/#primaryimage\",\"url\":\"https:\/\/soymat.com\/wp-content\/uploads\/2025\/05\/SEMIMSCARA-3M.jpg\",\"contentUrl\":\"https:\/\/soymat.com\/wp-content\/uploads\/2025\/05\/SEMIMSCARA-3M.jpg\",\"width\":800,\"height\":800},{\"@type\":\"BreadcrumbList\",\"@id\":\"https:\/\/soymat.com\/producto\/semimascara-mod-6200-3m\/#breadcrumb\",\"itemListElement\":[{\"@type\":\"ListItem\",\"position\":1,\"name\":\"Portada\",\"item\":\"https:\/\/soymat.com\/\"},{\"@type\":\"ListItem\",\"position\":2,\"name\":\"Todos los Productos\",\"item\":\"https:\/\/soymat.com\/shop\/\"},{\"@type\":\"ListItem\",\"position\":3,\"name\":\"Semim\u00e1scara Mod.6200 &#8211; 3M\"}]},{\"@type\":\"WebSite\",\"@id\":\"https:\/\/soymat.com\/#website\",\"url\":\"https:\/\/soymat.com\/\",\"name\":\"So&Mat\",\"description\":\"Empresa Dedicada a la protecci\u00f3n global contra incendio . matafuegos redes bombas,venta instalaci\u00f3n y service, protecci\u00f3n y confort laboral en todo concepto.\",\"publisher\":{\"@id\":\"https:\/\/soymat.com\/#organization\"},\"alternateName\":\"So&Mat\",\"potentialAction\":[{\"@type\":\"SearchAction\",\"target\":{\"@type\":\"EntryPoint\",\"urlTemplate\":\"https:\/\/soymat.com\/?s={search_term_string}\"},\"query-input\":{\"@type\":\"PropertyValueSpecification\",\"valueRequired\":true,\"valueName\":\"search_term_string\"}}],\"inLanguage\":\"es-AR\"},{\"@type\":\"Organization\",\"@id\":\"https:\/\/soymat.com\/#organization\",\"name\":\"So&Mat\",\"url\":\"https:\/\/soymat.com\/\",\"logo\":{\"@type\":\"ImageObject\",\"inLanguage\":\"es-AR\",\"@id\":\"https:\/\/soymat.com\/#\/schema\/logo\/image\/\",\"url\":\"https:\/\/soymat.com\/wp-content\/uploads\/2024\/08\/SoyMat.jpg\",\"contentUrl\":\"https:\/\/soymat.com\/wp-content\/uploads\/2024\/08\/SoyMat.jpg\",\"width\":600,\"height\":236,\"caption\":\"So&Mat\"},\"image\":{\"@id\":\"https:\/\/soymat.com\/#\/schema\/logo\/image\/\"}}]}<\/script>\n<!-- \/ Yoast SEO Premium plugin. -->","yoast_head_json":{"title":"Semim\u00e1scara Mod.6200 - 3M - SoyMat \u2013 Seguridad Industrial","robots":{"index":"index","follow":"follow","max-snippet":"max-snippet:-1","max-image-preview":"max-image-preview:large","max-video-preview":"max-video-preview:-1"},"canonical":"https:\/\/soymat.com\/es\/producto\/semimascara-mod-6200-3m\/","og_locale":"es_ES","og_type":"article","og_title":"Semim\u00e1scara Mod.6200 - 3M","og_description":"Semim\u00e1scara Mod.6200 &#8211; 3M Cod.: 6200 La marca 3M es reconocida mundialmente por su compromiso con la innovaci\u00f3n y la calidad en los productos de seguridad. Con la correa de respiraci\u00f3n semifacial 6200, seguramente comprar\u00e1 un producto que cumple con los estrictos est\u00e1ndares de seguridad y eficacia. Peso 80 g Tipo de m\u00e1scara Media cara [&hellip;]","og_url":"https:\/\/soymat.com\/es\/producto\/semimascara-mod-6200-3m\/","og_site_name":"SoyMat \u2013 Seguridad Industrial","article_modified_time":"2026-04-17T16:08:15+00:00","og_image":[{"width":800,"height":800,"url":"https:\/\/soymat.com\/wp-content\/uploads\/2025\/05\/SEMIMSCARA-3M.jpg","type":"image\/jpeg"}],"twitter_card":"summary_large_image","twitter_misc":{"Tiempo de lectura":"1 minuto"},"schema":{"@context":"https:\/\/schema.org","@graph":[{"@type":"WebPage","@id":"https:\/\/soymat.com\/producto\/semimascara-mod-6200-3m\/","url":"https:\/\/soymat.com\/producto\/semimascara-mod-6200-3m\/","name":"Semim\u00e1scara Mod.6200 - 3M - SoyMat \u2013 Seguridad Industrial","isPartOf":{"@id":"https:\/\/soymat.com\/#website"},"primaryImageOfPage":{"@id":"https:\/\/soymat.com\/producto\/semimascara-mod-6200-3m\/#primaryimage"},"image":{"@id":"https:\/\/soymat.com\/producto\/semimascara-mod-6200-3m\/#primaryimage"},"thumbnailUrl":"https:\/\/soymat.com\/wp-content\/uploads\/2025\/05\/SEMIMSCARA-3M.jpg","datePublished":"2025-05-17T01:08:15+00:00","dateModified":"2026-04-17T16:08:15+00:00","breadcrumb":{"@id":"https:\/\/soymat.com\/producto\/semimascara-mod-6200-3m\/#breadcrumb"},"inLanguage":"es-AR","potentialAction":[{"@type":"ReadAction","target":["https:\/\/soymat.com\/producto\/semimascara-mod-6200-3m\/"]}]},{"@type":"ImageObject","inLanguage":"es-AR","@id":"https:\/\/soymat.com\/producto\/semimascara-mod-6200-3m\/#primaryimage","url":"https:\/\/soymat.com\/wp-content\/uploads\/2025\/05\/SEMIMSCARA-3M.jpg","contentUrl":"https:\/\/soymat.com\/wp-content\/uploads\/2025\/05\/SEMIMSCARA-3M.jpg","width":800,"height":800},{"@type":"BreadcrumbList","@id":"https:\/\/soymat.com\/producto\/semimascara-mod-6200-3m\/#breadcrumb","itemListElement":[{"@type":"ListItem","position":1,"name":"Portada","item":"https:\/\/soymat.com\/"},{"@type":"ListItem","position":2,"name":"Todos los Productos","item":"https:\/\/soymat.com\/shop\/"},{"@type":"ListItem","position":3,"name":"Semim\u00e1scara Mod.6200 &#8211; 3M"}]},{"@type":"WebSite","@id":"https:\/\/soymat.com\/#website","url":"https:\/\/soymat.com\/","name":"So&Mat","description":"Empresa Dedicada a la protecci\u00f3n global contra incendio . matafuegos redes bombas,venta instalaci\u00f3n y service, protecci\u00f3n y confort laboral en todo concepto.","publisher":{"@id":"https:\/\/soymat.com\/#organization"},"alternateName":"So&Mat","potentialAction":[{"@type":"SearchAction","target":{"@type":"EntryPoint","urlTemplate":"https:\/\/soymat.com\/?s={search_term_string}"},"query-input":{"@type":"PropertyValueSpecification","valueRequired":true,"valueName":"search_term_string"}}],"inLanguage":"es-AR"},{"@type":"Organization","@id":"https:\/\/soymat.com\/#organization","name":"So&Mat","url":"https:\/\/soymat.com\/","logo":{"@type":"ImageObject","inLanguage":"es-AR","@id":"https:\/\/soymat.com\/#\/schema\/logo\/image\/","url":"https:\/\/soymat.com\/wp-content\/uploads\/2024\/08\/SoyMat.jpg","contentUrl":"https:\/\/soymat.com\/wp-content\/uploads\/2024\/08\/SoyMat.jpg","width":600,"height":236,"caption":"So&Mat"},"image":{"@id":"https:\/\/soymat.com\/#\/schema\/logo\/image\/"}}]}},"_links":{"self":[{"href":"https:\/\/soymat.com\/es\/wp-json\/wp\/v2\/product\/22644","targetHints":{"allow":["GET"]}}],"collection":[{"href":"https:\/\/soymat.com\/es\/wp-json\/wp\/v2\/product"}],"about":[{"href":"https:\/\/soymat.com\/es\/wp-json\/wp\/v2\/types\/product"}],"wp:featuredmedia":[{"embeddable":true,"href":"https:\/\/soymat.com\/es\/wp-json\/wp\/v2\/media\/22645"}],"wp:attachment":[{"href":"https:\/\/soymat.com\/es\/wp-json\/wp\/v2\/media?parent=22644"}],"wp:term":[{"taxonomy":"product_cat","embeddable":true,"href":"https:\/\/soymat.com\/es\/wp-json\/wp\/v2\/product_cat?post=22644"},{"taxonomy":"product_tag","embeddable":true,"href":"https:\/\/soymat.com\/es\/wp-json\/wp\/v2\/product_tag?post=22644"}],"curies":[{"name":"wp","href":"https:\/\/api.w.org\/{rel}","templated":true}]}}