{"id":22646,"date":"2025-05-16T22:12:18","date_gmt":"2025-05-17T01:12:18","guid":{"rendered":"https:\/\/soymat.com\/?post_type=product&#038;p=22646"},"modified":"2026-02-10T10:07:37","modified_gmt":"2026-02-10T13:07:37","slug":"respirador-semimascara-comfos-ii-bifiltro-fravida","status":"publish","type":"product","link":"https:\/\/soymat.com\/es\/producto\/respirador-semimascara-comfos-ii-bifiltro-fravida\/","title":{"rendered":"Respirador Semim\u00e1scara Comfos II &#8211; Bifiltro &#8211; Fravida"},"content":{"rendered":"<p><strong>Respirador Semim\u00e1scara Comfos II. Bifiltro &#8211; Fravida<\/strong><br \/>\nCod.: 5330<\/p>\n<p>Su adecuado sello permite un uso continuo con m\u00ednima incomodidad y su sistema de sujeci\u00f3n facilita un perfecto ajuste.<\/p>\n<p>Cuerpo termopl\u00e1stico de gran hermeticidad y confort.<\/p>\n<p>Arn\u00e9s de sujeci\u00f3n de 4 puntos, posee doble banda el\u00e1stica con sistema de regulaci\u00f3n desmontable y recambiable, mediante hebilla de colocaci\u00f3n simple y r\u00e1pida para su mejor higienizaci\u00f3n.<\/p>\n<p>Con una v\u00e1lvula exhaladora y dos v\u00e1lvu-las inhaladoras que permiten el acople de dos filtros.<\/p>\n<p>Para utilizar con IRAM 3646, 3648, 3649.<\/p>","protected":false},"excerpt":{"rendered":"<p>Respirador Semim\u00e1scara Comfos II. Bifiltro &#8211; Fravida Cod.: 5330 Su adecuado sello permite un uso continuo con m\u00ednima incomodidad y su sistema de sujeci\u00f3n facilita un perfecto ajuste. Cuerpo termopl\u00e1stico de gran hermeticidad y confort. Arn\u00e9s de sujeci\u00f3n de 4 puntos, posee doble banda el\u00e1stica con sistema de regulaci\u00f3n desmontable y recambiable, mediante hebilla de [&hellip;]<\/p>\n","protected":false},"featured_media":22647,"template":"","meta":[],"product_cat":[84],"product_tag":[],"class_list":{"0":"post-22646","1":"product","2":"type-product","3":"status-publish","4":"has-post-thumbnail","6":"product_brand-fravida-elementos-de-seguridad-personal-para-trabajadores","7":"product_cat-proteccion-personal","9":"first","10":"instock","11":"taxable","12":"shipping-taxable","13":"purchasable","14":"product-type-simple","15":"add-to-wishlist-after_add_to_cart"},"yoast_head":"<!-- This site is optimized with the Yoast SEO Premium plugin v26.9 (Yoast SEO v26.9) - https:\/\/yoast.com\/product\/yoast-seo-premium-wordpress\/ -->\n<title>Respirador Semim\u00e1scara Comfos II - Bifiltro - Fravida - SoyMat \u2013 Seguridad Industrial<\/title>\n<meta name=\"robots\" content=\"index, follow, max-snippet:-1, max-image-preview:large, max-video-preview:-1\" \/>\n<link rel=\"canonical\" href=\"https:\/\/soymat.com\/es\/producto\/respirador-semimascara-comfos-ii-bifiltro-fravida\/\" \/>\n<meta property=\"og:locale\" content=\"es_ES\" \/>\n<meta property=\"og:type\" content=\"article\" \/>\n<meta property=\"og:title\" content=\"Respirador Semim\u00e1scara Comfos II - Bifiltro - Fravida\" \/>\n<meta property=\"og:description\" content=\"Respirador Semim\u00e1scara Comfos II. Bifiltro &#8211; Fravida Cod.: 5330 Su adecuado sello permite un uso continuo con m\u00ednima incomodidad y su sistema de sujeci\u00f3n facilita un perfecto ajuste. Cuerpo termopl\u00e1stico de gran hermeticidad y confort. Arn\u00e9s de sujeci\u00f3n de 4 puntos, posee doble banda el\u00e1stica con sistema de regulaci\u00f3n desmontable y recambiable, mediante hebilla de [&hellip;]\" \/>\n<meta property=\"og:url\" content=\"https:\/\/soymat.com\/es\/producto\/respirador-semimascara-comfos-ii-bifiltro-fravida\/\" \/>\n<meta property=\"og:site_name\" content=\"SoyMat \u2013 Seguridad Industrial\" \/>\n<meta property=\"article:modified_time\" content=\"2026-02-10T13:07:37+00:00\" \/>\n<meta property=\"og:image\" content=\"https:\/\/soymat.com\/wp-content\/uploads\/2025\/05\/5330-RESPIRADOR-SEMIMAS-CONFOS-1.jpg\" \/>\n\t<meta property=\"og:image:width\" content=\"523\" \/>\n\t<meta property=\"og:image:height\" content=\"523\" \/>\n\t<meta property=\"og:image:type\" content=\"image\/jpeg\" \/>\n<meta name=\"twitter:card\" content=\"summary_large_image\" \/>\n<meta name=\"twitter:label1\" content=\"Tiempo de lectura\" \/>\n\t<meta name=\"twitter:data1\" content=\"1 minuto\" \/>\n<script type=\"application\/ld+json\" class=\"yoast-schema-graph\">{\"@context\":\"https:\/\/schema.org\",\"@graph\":[{\"@type\":\"WebPage\",\"@id\":\"https:\/\/soymat.com\/producto\/respirador-semimascara-comfos-ii-bifiltro-fravida\/\",\"url\":\"https:\/\/soymat.com\/producto\/respirador-semimascara-comfos-ii-bifiltro-fravida\/\",\"name\":\"Respirador Semim\u00e1scara Comfos II - Bifiltro - Fravida - SoyMat \u2013 Seguridad Industrial\",\"isPartOf\":{\"@id\":\"https:\/\/soymat.com\/#website\"},\"primaryImageOfPage\":{\"@id\":\"https:\/\/soymat.com\/producto\/respirador-semimascara-comfos-ii-bifiltro-fravida\/#primaryimage\"},\"image\":{\"@id\":\"https:\/\/soymat.com\/producto\/respirador-semimascara-comfos-ii-bifiltro-fravida\/#primaryimage\"},\"thumbnailUrl\":\"https:\/\/soymat.com\/wp-content\/uploads\/2025\/05\/5330-RESPIRADOR-SEMIMAS-CONFOS-1.jpg\",\"datePublished\":\"2025-05-17T01:12:18+00:00\",\"dateModified\":\"2026-02-10T13:07:37+00:00\",\"breadcrumb\":{\"@id\":\"https:\/\/soymat.com\/producto\/respirador-semimascara-comfos-ii-bifiltro-fravida\/#breadcrumb\"},\"inLanguage\":\"es-AR\",\"potentialAction\":[{\"@type\":\"ReadAction\",\"target\":[\"https:\/\/soymat.com\/producto\/respirador-semimascara-comfos-ii-bifiltro-fravida\/\"]}]},{\"@type\":\"ImageObject\",\"inLanguage\":\"es-AR\",\"@id\":\"https:\/\/soymat.com\/producto\/respirador-semimascara-comfos-ii-bifiltro-fravida\/#primaryimage\",\"url\":\"https:\/\/soymat.com\/wp-content\/uploads\/2025\/05\/5330-RESPIRADOR-SEMIMAS-CONFOS-1.jpg\",\"contentUrl\":\"https:\/\/soymat.com\/wp-content\/uploads\/2025\/05\/5330-RESPIRADOR-SEMIMAS-CONFOS-1.jpg\",\"width\":523,\"height\":523},{\"@type\":\"BreadcrumbList\",\"@id\":\"https:\/\/soymat.com\/producto\/respirador-semimascara-comfos-ii-bifiltro-fravida\/#breadcrumb\",\"itemListElement\":[{\"@type\":\"ListItem\",\"position\":1,\"name\":\"Portada\",\"item\":\"https:\/\/soymat.com\/\"},{\"@type\":\"ListItem\",\"position\":2,\"name\":\"Todos los Productos\",\"item\":\"https:\/\/soymat.com\/shop\/\"},{\"@type\":\"ListItem\",\"position\":3,\"name\":\"Respirador Semim\u00e1scara Comfos II &#8211; Bifiltro &#8211; Fravida\"}]},{\"@type\":\"WebSite\",\"@id\":\"https:\/\/soymat.com\/#website\",\"url\":\"https:\/\/soymat.com\/\",\"name\":\"So&Mat\",\"description\":\"Empresa Dedicada a la protecci\u00f3n global contra incendio . matafuegos redes bombas,venta instalaci\u00f3n y service, protecci\u00f3n y confort laboral en todo concepto.\",\"publisher\":{\"@id\":\"https:\/\/soymat.com\/#organization\"},\"alternateName\":\"So&Mat\",\"potentialAction\":[{\"@type\":\"SearchAction\",\"target\":{\"@type\":\"EntryPoint\",\"urlTemplate\":\"https:\/\/soymat.com\/?s={search_term_string}\"},\"query-input\":{\"@type\":\"PropertyValueSpecification\",\"valueRequired\":true,\"valueName\":\"search_term_string\"}}],\"inLanguage\":\"es-AR\"},{\"@type\":\"Organization\",\"@id\":\"https:\/\/soymat.com\/#organization\",\"name\":\"So&Mat\",\"url\":\"https:\/\/soymat.com\/\",\"logo\":{\"@type\":\"ImageObject\",\"inLanguage\":\"es-AR\",\"@id\":\"https:\/\/soymat.com\/#\/schema\/logo\/image\/\",\"url\":\"https:\/\/soymat.com\/wp-content\/uploads\/2024\/08\/SoyMat.jpg\",\"contentUrl\":\"https:\/\/soymat.com\/wp-content\/uploads\/2024\/08\/SoyMat.jpg\",\"width\":600,\"height\":236,\"caption\":\"So&Mat\"},\"image\":{\"@id\":\"https:\/\/soymat.com\/#\/schema\/logo\/image\/\"}}]}<\/script>\n<!-- \/ Yoast SEO Premium plugin. -->","yoast_head_json":{"title":"Respirador Semim\u00e1scara Comfos II - Bifiltro - Fravida - SoyMat \u2013 Seguridad Industrial","robots":{"index":"index","follow":"follow","max-snippet":"max-snippet:-1","max-image-preview":"max-image-preview:large","max-video-preview":"max-video-preview:-1"},"canonical":"https:\/\/soymat.com\/es\/producto\/respirador-semimascara-comfos-ii-bifiltro-fravida\/","og_locale":"es_ES","og_type":"article","og_title":"Respirador Semim\u00e1scara Comfos II - Bifiltro - Fravida","og_description":"Respirador Semim\u00e1scara Comfos II. Bifiltro &#8211; Fravida Cod.: 5330 Su adecuado sello permite un uso continuo con m\u00ednima incomodidad y su sistema de sujeci\u00f3n facilita un perfecto ajuste. Cuerpo termopl\u00e1stico de gran hermeticidad y confort. Arn\u00e9s de sujeci\u00f3n de 4 puntos, posee doble banda el\u00e1stica con sistema de regulaci\u00f3n desmontable y recambiable, mediante hebilla de [&hellip;]","og_url":"https:\/\/soymat.com\/es\/producto\/respirador-semimascara-comfos-ii-bifiltro-fravida\/","og_site_name":"SoyMat \u2013 Seguridad Industrial","article_modified_time":"2026-02-10T13:07:37+00:00","og_image":[{"width":523,"height":523,"url":"https:\/\/soymat.com\/wp-content\/uploads\/2025\/05\/5330-RESPIRADOR-SEMIMAS-CONFOS-1.jpg","type":"image\/jpeg"}],"twitter_card":"summary_large_image","twitter_misc":{"Tiempo de lectura":"1 minuto"},"schema":{"@context":"https:\/\/schema.org","@graph":[{"@type":"WebPage","@id":"https:\/\/soymat.com\/producto\/respirador-semimascara-comfos-ii-bifiltro-fravida\/","url":"https:\/\/soymat.com\/producto\/respirador-semimascara-comfos-ii-bifiltro-fravida\/","name":"Respirador Semim\u00e1scara Comfos II - Bifiltro - Fravida - SoyMat \u2013 Seguridad Industrial","isPartOf":{"@id":"https:\/\/soymat.com\/#website"},"primaryImageOfPage":{"@id":"https:\/\/soymat.com\/producto\/respirador-semimascara-comfos-ii-bifiltro-fravida\/#primaryimage"},"image":{"@id":"https:\/\/soymat.com\/producto\/respirador-semimascara-comfos-ii-bifiltro-fravida\/#primaryimage"},"thumbnailUrl":"https:\/\/soymat.com\/wp-content\/uploads\/2025\/05\/5330-RESPIRADOR-SEMIMAS-CONFOS-1.jpg","datePublished":"2025-05-17T01:12:18+00:00","dateModified":"2026-02-10T13:07:37+00:00","breadcrumb":{"@id":"https:\/\/soymat.com\/producto\/respirador-semimascara-comfos-ii-bifiltro-fravida\/#breadcrumb"},"inLanguage":"es-AR","potentialAction":[{"@type":"ReadAction","target":["https:\/\/soymat.com\/producto\/respirador-semimascara-comfos-ii-bifiltro-fravida\/"]}]},{"@type":"ImageObject","inLanguage":"es-AR","@id":"https:\/\/soymat.com\/producto\/respirador-semimascara-comfos-ii-bifiltro-fravida\/#primaryimage","url":"https:\/\/soymat.com\/wp-content\/uploads\/2025\/05\/5330-RESPIRADOR-SEMIMAS-CONFOS-1.jpg","contentUrl":"https:\/\/soymat.com\/wp-content\/uploads\/2025\/05\/5330-RESPIRADOR-SEMIMAS-CONFOS-1.jpg","width":523,"height":523},{"@type":"BreadcrumbList","@id":"https:\/\/soymat.com\/producto\/respirador-semimascara-comfos-ii-bifiltro-fravida\/#breadcrumb","itemListElement":[{"@type":"ListItem","position":1,"name":"Portada","item":"https:\/\/soymat.com\/"},{"@type":"ListItem","position":2,"name":"Todos los Productos","item":"https:\/\/soymat.com\/shop\/"},{"@type":"ListItem","position":3,"name":"Respirador Semim\u00e1scara Comfos II &#8211; Bifiltro &#8211; Fravida"}]},{"@type":"WebSite","@id":"https:\/\/soymat.com\/#website","url":"https:\/\/soymat.com\/","name":"So&Mat","description":"Empresa Dedicada a la protecci\u00f3n global contra incendio . matafuegos redes bombas,venta instalaci\u00f3n y service, protecci\u00f3n y confort laboral en todo concepto.","publisher":{"@id":"https:\/\/soymat.com\/#organization"},"alternateName":"So&Mat","potentialAction":[{"@type":"SearchAction","target":{"@type":"EntryPoint","urlTemplate":"https:\/\/soymat.com\/?s={search_term_string}"},"query-input":{"@type":"PropertyValueSpecification","valueRequired":true,"valueName":"search_term_string"}}],"inLanguage":"es-AR"},{"@type":"Organization","@id":"https:\/\/soymat.com\/#organization","name":"So&Mat","url":"https:\/\/soymat.com\/","logo":{"@type":"ImageObject","inLanguage":"es-AR","@id":"https:\/\/soymat.com\/#\/schema\/logo\/image\/","url":"https:\/\/soymat.com\/wp-content\/uploads\/2024\/08\/SoyMat.jpg","contentUrl":"https:\/\/soymat.com\/wp-content\/uploads\/2024\/08\/SoyMat.jpg","width":600,"height":236,"caption":"So&Mat"},"image":{"@id":"https:\/\/soymat.com\/#\/schema\/logo\/image\/"}}]}},"_links":{"self":[{"href":"https:\/\/soymat.com\/es\/wp-json\/wp\/v2\/product\/22646","targetHints":{"allow":["GET"]}}],"collection":[{"href":"https:\/\/soymat.com\/es\/wp-json\/wp\/v2\/product"}],"about":[{"href":"https:\/\/soymat.com\/es\/wp-json\/wp\/v2\/types\/product"}],"wp:featuredmedia":[{"embeddable":true,"href":"https:\/\/soymat.com\/es\/wp-json\/wp\/v2\/media\/22647"}],"wp:attachment":[{"href":"https:\/\/soymat.com\/es\/wp-json\/wp\/v2\/media?parent=22646"}],"wp:term":[{"taxonomy":"product_cat","embeddable":true,"href":"https:\/\/soymat.com\/es\/wp-json\/wp\/v2\/product_cat?post=22646"},{"taxonomy":"product_tag","embeddable":true,"href":"https:\/\/soymat.com\/es\/wp-json\/wp\/v2\/product_tag?post=22646"}],"curies":[{"name":"wp","href":"https:\/\/api.w.org\/{rel}","templated":true}]}}