{"id":22649,"date":"2025-05-16T22:16:03","date_gmt":"2025-05-17T01:16:03","guid":{"rendered":"https:\/\/soymat.com\/?post_type=product&#038;p=22649"},"modified":"2026-02-10T10:07:35","modified_gmt":"2026-02-10T13:07:35","slug":"respirador-semimascara-m800-a-bayoneta-niosh-fravida","status":"publish","type":"product","link":"https:\/\/soymat.com\/es\/producto\/respirador-semimascara-m800-a-bayoneta-niosh-fravida\/","title":{"rendered":"Respirador Semim\u00e1scara M800 a Bayoneta NIOSH &#8211; Fravida"},"content":{"rendered":"<p><strong>Respirador Semim\u00e1scara M800 a Bayoneta NIOSH &#8211; Fravida<\/strong><br \/>\nCod.: 5342<\/p>\n<p>Respirador con base facial de silicona que brinda un inmejorable sello y comodidad como tambi\u00e9n un mejor desempe\u00f1o a altas temperaturas y bajo condiciones extremas de trabajo.<\/p>\n<p>Filtros desplazados que permiten una mejor distribuci\u00f3n del peso lo que otorga una mayor comodidad al usuario.<\/p>\n<p>Permite una conexi\u00f3n f\u00e1cil y r\u00e1pida de los filtros debido su sistema de bayoneta.<br \/>\nRespirador fabricado en tama\u00f1os S, M y L.<\/p>\n<p>De gran durabilidad y resistencia al calor. No posee piezas met\u00e1licas.<\/p>\n<p>Ajuste al rostro mediante arn\u00e9s de cabeza y banda el\u00e1stica que permite el descanso del respirador sobre el pecho, protegido del medio ambiente. Cabezal fabricado en cinta poli\u00e9ster otorgando una absoluta comodidad al momento de posicionarlo en el cuello.<\/p>\n<p>Opci\u00f3n de sujeci\u00f3n descendente para aquellos usuarios que utilicen casco.<br \/>\nRepuestos de banda el\u00e1stica y set de v\u00e1lvulas a disposici\u00f3n del usuario<br \/>\nV\u00e1lvulas de inhalaci\u00f3n y exhalaci\u00f3n extra delgadas proporcionando excelente y f\u00e1cil respiraci\u00f3n.<\/p>\n<p>Respirador de dos v\u00edas que cuenta con una completa gama de filtros sencillos y mixtos, contra todo tipo de particulados y contaminantes qu\u00edmicos.<\/p>","protected":false},"excerpt":{"rendered":"<p>Respirador Semim\u00e1scara M800 a Bayoneta NIOSH &#8211; Fravida Cod.: 5342 Respirador con base facial de silicona que brinda un inmejorable sello y comodidad como tambi\u00e9n un mejor desempe\u00f1o a altas temperaturas y bajo condiciones extremas de trabajo. Filtros desplazados que permiten una mejor distribuci\u00f3n del peso lo que otorga una mayor comodidad al usuario. Permite [&hellip;]<\/p>\n","protected":false},"featured_media":22650,"template":"","meta":[],"product_cat":[84],"product_tag":[],"class_list":{"0":"post-22649","1":"product","2":"type-product","3":"status-publish","4":"has-post-thumbnail","6":"product_brand-fravida-elementos-de-seguridad-personal-para-trabajadores","7":"product_cat-proteccion-personal","9":"first","10":"outofstock","11":"taxable","12":"shipping-taxable","13":"purchasable","14":"product-type-simple","15":"add-to-wishlist-after_add_to_cart"},"yoast_head":"<!-- This site is optimized with the Yoast SEO Premium plugin v26.9 (Yoast SEO v26.9) - https:\/\/yoast.com\/product\/yoast-seo-premium-wordpress\/ -->\n<title>Respirador Semim\u00e1scara M800 a Bayoneta NIOSH - Fravida - SoyMat \u2013 Seguridad Industrial<\/title>\n<meta name=\"robots\" content=\"index, follow, max-snippet:-1, max-image-preview:large, max-video-preview:-1\" \/>\n<link rel=\"canonical\" href=\"https:\/\/soymat.com\/es\/producto\/respirador-semimascara-m800-a-bayoneta-niosh-fravida\/\" \/>\n<meta property=\"og:locale\" content=\"es_ES\" \/>\n<meta property=\"og:type\" content=\"article\" \/>\n<meta property=\"og:title\" content=\"Respirador Semim\u00e1scara M800 a Bayoneta NIOSH - Fravida\" \/>\n<meta property=\"og:description\" content=\"Respirador Semim\u00e1scara M800 a Bayoneta NIOSH &#8211; Fravida Cod.: 5342 Respirador con base facial de silicona que brinda un inmejorable sello y comodidad como tambi\u00e9n un mejor desempe\u00f1o a altas temperaturas y bajo condiciones extremas de trabajo. Filtros desplazados que permiten una mejor distribuci\u00f3n del peso lo que otorga una mayor comodidad al usuario. Permite [&hellip;]\" \/>\n<meta property=\"og:url\" content=\"https:\/\/soymat.com\/es\/producto\/respirador-semimascara-m800-a-bayoneta-niosh-fravida\/\" \/>\n<meta property=\"og:site_name\" content=\"SoyMat \u2013 Seguridad Industrial\" \/>\n<meta property=\"article:modified_time\" content=\"2026-02-10T13:07:35+00:00\" \/>\n<meta property=\"og:image\" content=\"https:\/\/soymat.com\/wp-content\/uploads\/2025\/05\/5342-RESPIRADOR-SEMIMAS-M800-.jpg\" \/>\n\t<meta property=\"og:image:width\" content=\"438\" \/>\n\t<meta property=\"og:image:height\" content=\"438\" \/>\n\t<meta property=\"og:image:type\" content=\"image\/jpeg\" \/>\n<meta name=\"twitter:card\" content=\"summary_large_image\" \/>\n<meta name=\"twitter:label1\" content=\"Tiempo de lectura\" \/>\n\t<meta name=\"twitter:data1\" content=\"2 minutos\" \/>\n<script type=\"application\/ld+json\" class=\"yoast-schema-graph\">{\"@context\":\"https:\/\/schema.org\",\"@graph\":[{\"@type\":\"WebPage\",\"@id\":\"https:\/\/soymat.com\/producto\/respirador-semimascara-m800-a-bayoneta-niosh-fravida\/\",\"url\":\"https:\/\/soymat.com\/producto\/respirador-semimascara-m800-a-bayoneta-niosh-fravida\/\",\"name\":\"Respirador Semim\u00e1scara M800 a Bayoneta NIOSH - Fravida - SoyMat \u2013 Seguridad Industrial\",\"isPartOf\":{\"@id\":\"https:\/\/soymat.com\/#website\"},\"primaryImageOfPage\":{\"@id\":\"https:\/\/soymat.com\/producto\/respirador-semimascara-m800-a-bayoneta-niosh-fravida\/#primaryimage\"},\"image\":{\"@id\":\"https:\/\/soymat.com\/producto\/respirador-semimascara-m800-a-bayoneta-niosh-fravida\/#primaryimage\"},\"thumbnailUrl\":\"https:\/\/soymat.com\/wp-content\/uploads\/2025\/05\/5342-RESPIRADOR-SEMIMAS-M800-.jpg\",\"datePublished\":\"2025-05-17T01:16:03+00:00\",\"dateModified\":\"2026-02-10T13:07:35+00:00\",\"breadcrumb\":{\"@id\":\"https:\/\/soymat.com\/producto\/respirador-semimascara-m800-a-bayoneta-niosh-fravida\/#breadcrumb\"},\"inLanguage\":\"es-AR\",\"potentialAction\":[{\"@type\":\"ReadAction\",\"target\":[\"https:\/\/soymat.com\/producto\/respirador-semimascara-m800-a-bayoneta-niosh-fravida\/\"]}]},{\"@type\":\"ImageObject\",\"inLanguage\":\"es-AR\",\"@id\":\"https:\/\/soymat.com\/producto\/respirador-semimascara-m800-a-bayoneta-niosh-fravida\/#primaryimage\",\"url\":\"https:\/\/soymat.com\/wp-content\/uploads\/2025\/05\/5342-RESPIRADOR-SEMIMAS-M800-.jpg\",\"contentUrl\":\"https:\/\/soymat.com\/wp-content\/uploads\/2025\/05\/5342-RESPIRADOR-SEMIMAS-M800-.jpg\",\"width\":438,\"height\":438},{\"@type\":\"BreadcrumbList\",\"@id\":\"https:\/\/soymat.com\/producto\/respirador-semimascara-m800-a-bayoneta-niosh-fravida\/#breadcrumb\",\"itemListElement\":[{\"@type\":\"ListItem\",\"position\":1,\"name\":\"Portada\",\"item\":\"https:\/\/soymat.com\/\"},{\"@type\":\"ListItem\",\"position\":2,\"name\":\"Todos los Productos\",\"item\":\"https:\/\/soymat.com\/shop\/\"},{\"@type\":\"ListItem\",\"position\":3,\"name\":\"Respirador Semim\u00e1scara M800 a Bayoneta NIOSH &#8211; Fravida\"}]},{\"@type\":\"WebSite\",\"@id\":\"https:\/\/soymat.com\/#website\",\"url\":\"https:\/\/soymat.com\/\",\"name\":\"So&Mat\",\"description\":\"Empresa Dedicada a la protecci\u00f3n global contra incendio . matafuegos redes bombas,venta instalaci\u00f3n y service, protecci\u00f3n y confort laboral en todo concepto.\",\"publisher\":{\"@id\":\"https:\/\/soymat.com\/#organization\"},\"alternateName\":\"So&Mat\",\"potentialAction\":[{\"@type\":\"SearchAction\",\"target\":{\"@type\":\"EntryPoint\",\"urlTemplate\":\"https:\/\/soymat.com\/?s={search_term_string}\"},\"query-input\":{\"@type\":\"PropertyValueSpecification\",\"valueRequired\":true,\"valueName\":\"search_term_string\"}}],\"inLanguage\":\"es-AR\"},{\"@type\":\"Organization\",\"@id\":\"https:\/\/soymat.com\/#organization\",\"name\":\"So&Mat\",\"url\":\"https:\/\/soymat.com\/\",\"logo\":{\"@type\":\"ImageObject\",\"inLanguage\":\"es-AR\",\"@id\":\"https:\/\/soymat.com\/#\/schema\/logo\/image\/\",\"url\":\"https:\/\/soymat.com\/wp-content\/uploads\/2024\/08\/SoyMat.jpg\",\"contentUrl\":\"https:\/\/soymat.com\/wp-content\/uploads\/2024\/08\/SoyMat.jpg\",\"width\":600,\"height\":236,\"caption\":\"So&Mat\"},\"image\":{\"@id\":\"https:\/\/soymat.com\/#\/schema\/logo\/image\/\"}}]}<\/script>\n<!-- \/ Yoast SEO Premium plugin. -->","yoast_head_json":{"title":"Respirador Semim\u00e1scara M800 a Bayoneta NIOSH - Fravida - SoyMat \u2013 Seguridad Industrial","robots":{"index":"index","follow":"follow","max-snippet":"max-snippet:-1","max-image-preview":"max-image-preview:large","max-video-preview":"max-video-preview:-1"},"canonical":"https:\/\/soymat.com\/es\/producto\/respirador-semimascara-m800-a-bayoneta-niosh-fravida\/","og_locale":"es_ES","og_type":"article","og_title":"Respirador Semim\u00e1scara M800 a Bayoneta NIOSH - Fravida","og_description":"Respirador Semim\u00e1scara M800 a Bayoneta NIOSH &#8211; Fravida Cod.: 5342 Respirador con base facial de silicona que brinda un inmejorable sello y comodidad como tambi\u00e9n un mejor desempe\u00f1o a altas temperaturas y bajo condiciones extremas de trabajo. Filtros desplazados que permiten una mejor distribuci\u00f3n del peso lo que otorga una mayor comodidad al usuario. Permite [&hellip;]","og_url":"https:\/\/soymat.com\/es\/producto\/respirador-semimascara-m800-a-bayoneta-niosh-fravida\/","og_site_name":"SoyMat \u2013 Seguridad Industrial","article_modified_time":"2026-02-10T13:07:35+00:00","og_image":[{"width":438,"height":438,"url":"https:\/\/soymat.com\/wp-content\/uploads\/2025\/05\/5342-RESPIRADOR-SEMIMAS-M800-.jpg","type":"image\/jpeg"}],"twitter_card":"summary_large_image","twitter_misc":{"Tiempo de lectura":"2 minutos"},"schema":{"@context":"https:\/\/schema.org","@graph":[{"@type":"WebPage","@id":"https:\/\/soymat.com\/producto\/respirador-semimascara-m800-a-bayoneta-niosh-fravida\/","url":"https:\/\/soymat.com\/producto\/respirador-semimascara-m800-a-bayoneta-niosh-fravida\/","name":"Respirador Semim\u00e1scara M800 a Bayoneta NIOSH - Fravida - SoyMat \u2013 Seguridad Industrial","isPartOf":{"@id":"https:\/\/soymat.com\/#website"},"primaryImageOfPage":{"@id":"https:\/\/soymat.com\/producto\/respirador-semimascara-m800-a-bayoneta-niosh-fravida\/#primaryimage"},"image":{"@id":"https:\/\/soymat.com\/producto\/respirador-semimascara-m800-a-bayoneta-niosh-fravida\/#primaryimage"},"thumbnailUrl":"https:\/\/soymat.com\/wp-content\/uploads\/2025\/05\/5342-RESPIRADOR-SEMIMAS-M800-.jpg","datePublished":"2025-05-17T01:16:03+00:00","dateModified":"2026-02-10T13:07:35+00:00","breadcrumb":{"@id":"https:\/\/soymat.com\/producto\/respirador-semimascara-m800-a-bayoneta-niosh-fravida\/#breadcrumb"},"inLanguage":"es-AR","potentialAction":[{"@type":"ReadAction","target":["https:\/\/soymat.com\/producto\/respirador-semimascara-m800-a-bayoneta-niosh-fravida\/"]}]},{"@type":"ImageObject","inLanguage":"es-AR","@id":"https:\/\/soymat.com\/producto\/respirador-semimascara-m800-a-bayoneta-niosh-fravida\/#primaryimage","url":"https:\/\/soymat.com\/wp-content\/uploads\/2025\/05\/5342-RESPIRADOR-SEMIMAS-M800-.jpg","contentUrl":"https:\/\/soymat.com\/wp-content\/uploads\/2025\/05\/5342-RESPIRADOR-SEMIMAS-M800-.jpg","width":438,"height":438},{"@type":"BreadcrumbList","@id":"https:\/\/soymat.com\/producto\/respirador-semimascara-m800-a-bayoneta-niosh-fravida\/#breadcrumb","itemListElement":[{"@type":"ListItem","position":1,"name":"Portada","item":"https:\/\/soymat.com\/"},{"@type":"ListItem","position":2,"name":"Todos los Productos","item":"https:\/\/soymat.com\/shop\/"},{"@type":"ListItem","position":3,"name":"Respirador Semim\u00e1scara M800 a Bayoneta NIOSH &#8211; Fravida"}]},{"@type":"WebSite","@id":"https:\/\/soymat.com\/#website","url":"https:\/\/soymat.com\/","name":"So&Mat","description":"Empresa Dedicada a la protecci\u00f3n global contra incendio . matafuegos redes bombas,venta instalaci\u00f3n y service, protecci\u00f3n y confort laboral en todo concepto.","publisher":{"@id":"https:\/\/soymat.com\/#organization"},"alternateName":"So&Mat","potentialAction":[{"@type":"SearchAction","target":{"@type":"EntryPoint","urlTemplate":"https:\/\/soymat.com\/?s={search_term_string}"},"query-input":{"@type":"PropertyValueSpecification","valueRequired":true,"valueName":"search_term_string"}}],"inLanguage":"es-AR"},{"@type":"Organization","@id":"https:\/\/soymat.com\/#organization","name":"So&Mat","url":"https:\/\/soymat.com\/","logo":{"@type":"ImageObject","inLanguage":"es-AR","@id":"https:\/\/soymat.com\/#\/schema\/logo\/image\/","url":"https:\/\/soymat.com\/wp-content\/uploads\/2024\/08\/SoyMat.jpg","contentUrl":"https:\/\/soymat.com\/wp-content\/uploads\/2024\/08\/SoyMat.jpg","width":600,"height":236,"caption":"So&Mat"},"image":{"@id":"https:\/\/soymat.com\/#\/schema\/logo\/image\/"}}]}},"_links":{"self":[{"href":"https:\/\/soymat.com\/es\/wp-json\/wp\/v2\/product\/22649","targetHints":{"allow":["GET"]}}],"collection":[{"href":"https:\/\/soymat.com\/es\/wp-json\/wp\/v2\/product"}],"about":[{"href":"https:\/\/soymat.com\/es\/wp-json\/wp\/v2\/types\/product"}],"wp:featuredmedia":[{"embeddable":true,"href":"https:\/\/soymat.com\/es\/wp-json\/wp\/v2\/media\/22650"}],"wp:attachment":[{"href":"https:\/\/soymat.com\/es\/wp-json\/wp\/v2\/media?parent=22649"}],"wp:term":[{"taxonomy":"product_cat","embeddable":true,"href":"https:\/\/soymat.com\/es\/wp-json\/wp\/v2\/product_cat?post=22649"},{"taxonomy":"product_tag","embeddable":true,"href":"https:\/\/soymat.com\/es\/wp-json\/wp\/v2\/product_tag?post=22649"}],"curies":[{"name":"wp","href":"https:\/\/api.w.org\/{rel}","templated":true}]}}