{"id":22663,"date":"2025-05-21T18:06:37","date_gmt":"2025-05-21T21:06:37","guid":{"rendered":"https:\/\/soymat.com\/?post_type=product&#038;p=22663"},"modified":"2026-02-27T10:06:43","modified_gmt":"2026-02-27T13:06:43","slug":"amoladora-angular-115mm-a-bateria-dowen-pagio","status":"publish","type":"product","link":"https:\/\/soymat.com\/es\/producto\/amoladora-angular-115mm-a-bateria-dowen-pagio\/","title":{"rendered":"Amoladora Angular 115mm a Bateria &#8211; Dowen Pagio"},"content":{"rendered":"<p><strong>Amoladora Angular 115mm a Bateria &#8211; Dowen Pagio &#8211; 18V FLEX ONE<\/strong><br \/>\nCod. 9993180<\/p>\n<p>Caracter\u00edsticas<\/p>\n<p>Tipo: AAB18P<br \/>\nTensi\u00f3n Amoladora: 18Vcc<br \/>\nCapacidad bater\u00eda: 18Vcc \u2013 4,0 Ah<br \/>\nTensi\u00f3n Cargador: 220V \u2013 50Hz<br \/>\nTiempo Carga Bater\u00eda: 2 Hr<br \/>\nBater\u00eda Tipo: Ion-Litio<br \/>\nDi\u00e1metro Disco: 115mm (4-1\/2\u2033) \/ Eje: M14<br \/>\nVelocidad: 11000 min-1<\/p>\n<p>Empu\u00f1adura anti vibratoria para mayor confort, con alojamiento para herramienta ajusta disco<br \/>\nInterruptor de seguridad con gran superficie de apoyo<br \/>\nCabezal porta engranajes de aluminio reforzado<br \/>\nBater\u00eda con sistema FLEX ONE, (1 bater\u00eda, todos los modelos) con indicador LED de nivel de carga<\/p>\n<p>&nbsp;<\/p>","protected":false},"excerpt":{"rendered":"<p>Amoladora Angular 115mm a Bateria &#8211; Dowen Pagio &#8211; 18V FLEX ONE Cod. 9993180 Caracter\u00edsticas Tipo: AAB18P Tensi\u00f3n Amoladora: 18Vcc Capacidad bater\u00eda: 18Vcc \u2013 4,0 Ah Tensi\u00f3n Cargador: 220V \u2013 50Hz Tiempo Carga Bater\u00eda: 2 Hr Bater\u00eda Tipo: Ion-Litio Di\u00e1metro Disco: 115mm (4-1\/2\u2033) \/ Eje: M14 Velocidad: 11000 min-1 Empu\u00f1adura anti vibratoria para mayor confort, [&hellip;]<\/p>\n","protected":false},"featured_media":22665,"template":"","meta":[],"product_cat":[191],"product_tag":[210,518,519,209,453],"class_list":{"0":"post-22663","1":"product","2":"type-product","3":"status-publish","4":"has-post-thumbnail","6":"product_brand-dowen-pagio-herramientas","7":"product_cat-maquinas-y-herramientas","8":"product_tag-amoladora","9":"product_tag-amoladora-a-bateria","10":"product_tag-dowen-pagio","11":"product_tag-herramientas","12":"product_tag-herramientas-electricas","14":"first","15":"instock","16":"taxable","17":"shipping-taxable","18":"purchasable","19":"product-type-simple","20":"add-to-wishlist-after_add_to_cart"},"yoast_head":"<!-- This site is optimized with the Yoast SEO Premium plugin v26.9 (Yoast SEO v26.9) - https:\/\/yoast.com\/product\/yoast-seo-premium-wordpress\/ -->\n<title>Amoladora Angular 115mm a Bateria - Dowen Pagio - SoyMat \u2013 Seguridad Industrial<\/title>\n<meta name=\"robots\" content=\"index, follow, max-snippet:-1, max-image-preview:large, max-video-preview:-1\" \/>\n<link rel=\"canonical\" href=\"https:\/\/soymat.com\/es\/producto\/amoladora-angular-115mm-a-bateria-dowen-pagio\/\" \/>\n<meta property=\"og:locale\" content=\"es_ES\" \/>\n<meta property=\"og:type\" content=\"article\" \/>\n<meta property=\"og:title\" content=\"Amoladora Angular 115mm a Bateria - Dowen Pagio\" \/>\n<meta property=\"og:description\" content=\"Amoladora Angular 115mm a Bateria &#8211; Dowen Pagio &#8211; 18V FLEX ONE Cod. 9993180 Caracter\u00edsticas Tipo: AAB18P Tensi\u00f3n Amoladora: 18Vcc Capacidad bater\u00eda: 18Vcc \u2013 4,0 Ah Tensi\u00f3n Cargador: 220V \u2013 50Hz Tiempo Carga Bater\u00eda: 2 Hr Bater\u00eda Tipo: Ion-Litio Di\u00e1metro Disco: 115mm (4-1\/2\u2033) \/ Eje: M14 Velocidad: 11000 min-1 Empu\u00f1adura anti vibratoria para mayor confort, [&hellip;]\" \/>\n<meta property=\"og:url\" content=\"https:\/\/soymat.com\/es\/producto\/amoladora-angular-115mm-a-bateria-dowen-pagio\/\" \/>\n<meta property=\"og:site_name\" content=\"SoyMat \u2013 Seguridad Industrial\" \/>\n<meta property=\"article:modified_time\" content=\"2026-02-27T13:06:43+00:00\" \/>\n<meta property=\"og:image\" content=\"https:\/\/soymat.com\/wp-content\/uploads\/2025\/05\/9993180.jpg\" \/>\n\t<meta property=\"og:image:width\" content=\"1828\" \/>\n\t<meta property=\"og:image:height\" content=\"1828\" \/>\n\t<meta property=\"og:image:type\" content=\"image\/jpeg\" \/>\n<meta name=\"twitter:card\" content=\"summary_large_image\" \/>\n<meta name=\"twitter:label1\" content=\"Tiempo de lectura\" \/>\n\t<meta name=\"twitter:data1\" content=\"1 minuto\" \/>\n<script type=\"application\/ld+json\" class=\"yoast-schema-graph\">{\"@context\":\"https:\/\/schema.org\",\"@graph\":[{\"@type\":\"WebPage\",\"@id\":\"https:\/\/soymat.com\/producto\/amoladora-angular-115mm-a-bateria-dowen-pagio\/\",\"url\":\"https:\/\/soymat.com\/producto\/amoladora-angular-115mm-a-bateria-dowen-pagio\/\",\"name\":\"Amoladora Angular 115mm a Bateria - Dowen Pagio - SoyMat \u2013 Seguridad Industrial\",\"isPartOf\":{\"@id\":\"https:\/\/soymat.com\/#website\"},\"primaryImageOfPage\":{\"@id\":\"https:\/\/soymat.com\/producto\/amoladora-angular-115mm-a-bateria-dowen-pagio\/#primaryimage\"},\"image\":{\"@id\":\"https:\/\/soymat.com\/producto\/amoladora-angular-115mm-a-bateria-dowen-pagio\/#primaryimage\"},\"thumbnailUrl\":\"https:\/\/soymat.com\/wp-content\/uploads\/2025\/05\/9993180.jpg\",\"datePublished\":\"2025-05-21T21:06:37+00:00\",\"dateModified\":\"2026-02-27T13:06:43+00:00\",\"breadcrumb\":{\"@id\":\"https:\/\/soymat.com\/producto\/amoladora-angular-115mm-a-bateria-dowen-pagio\/#breadcrumb\"},\"inLanguage\":\"es-AR\",\"potentialAction\":[{\"@type\":\"ReadAction\",\"target\":[\"https:\/\/soymat.com\/producto\/amoladora-angular-115mm-a-bateria-dowen-pagio\/\"]}]},{\"@type\":\"ImageObject\",\"inLanguage\":\"es-AR\",\"@id\":\"https:\/\/soymat.com\/producto\/amoladora-angular-115mm-a-bateria-dowen-pagio\/#primaryimage\",\"url\":\"https:\/\/soymat.com\/wp-content\/uploads\/2025\/05\/9993180.jpg\",\"contentUrl\":\"https:\/\/soymat.com\/wp-content\/uploads\/2025\/05\/9993180.jpg\",\"width\":1828,\"height\":1828},{\"@type\":\"BreadcrumbList\",\"@id\":\"https:\/\/soymat.com\/producto\/amoladora-angular-115mm-a-bateria-dowen-pagio\/#breadcrumb\",\"itemListElement\":[{\"@type\":\"ListItem\",\"position\":1,\"name\":\"Portada\",\"item\":\"https:\/\/soymat.com\/\"},{\"@type\":\"ListItem\",\"position\":2,\"name\":\"Todos los Productos\",\"item\":\"https:\/\/soymat.com\/shop\/\"},{\"@type\":\"ListItem\",\"position\":3,\"name\":\"Amoladora Angular 115mm a Bateria &#8211; Dowen Pagio\"}]},{\"@type\":\"WebSite\",\"@id\":\"https:\/\/soymat.com\/#website\",\"url\":\"https:\/\/soymat.com\/\",\"name\":\"So&Mat\",\"description\":\"Empresa Dedicada a la protecci\u00f3n global contra incendio . matafuegos redes bombas,venta instalaci\u00f3n y service, protecci\u00f3n y confort laboral en todo concepto.\",\"publisher\":{\"@id\":\"https:\/\/soymat.com\/#organization\"},\"alternateName\":\"So&Mat\",\"potentialAction\":[{\"@type\":\"SearchAction\",\"target\":{\"@type\":\"EntryPoint\",\"urlTemplate\":\"https:\/\/soymat.com\/?s={search_term_string}\"},\"query-input\":{\"@type\":\"PropertyValueSpecification\",\"valueRequired\":true,\"valueName\":\"search_term_string\"}}],\"inLanguage\":\"es-AR\"},{\"@type\":\"Organization\",\"@id\":\"https:\/\/soymat.com\/#organization\",\"name\":\"So&Mat\",\"url\":\"https:\/\/soymat.com\/\",\"logo\":{\"@type\":\"ImageObject\",\"inLanguage\":\"es-AR\",\"@id\":\"https:\/\/soymat.com\/#\/schema\/logo\/image\/\",\"url\":\"https:\/\/soymat.com\/wp-content\/uploads\/2024\/08\/SoyMat.jpg\",\"contentUrl\":\"https:\/\/soymat.com\/wp-content\/uploads\/2024\/08\/SoyMat.jpg\",\"width\":600,\"height\":236,\"caption\":\"So&Mat\"},\"image\":{\"@id\":\"https:\/\/soymat.com\/#\/schema\/logo\/image\/\"}}]}<\/script>\n<!-- \/ Yoast SEO Premium plugin. -->","yoast_head_json":{"title":"Amoladora Angular 115mm a Bateria - Dowen Pagio - SoyMat \u2013 Seguridad Industrial","robots":{"index":"index","follow":"follow","max-snippet":"max-snippet:-1","max-image-preview":"max-image-preview:large","max-video-preview":"max-video-preview:-1"},"canonical":"https:\/\/soymat.com\/es\/producto\/amoladora-angular-115mm-a-bateria-dowen-pagio\/","og_locale":"es_ES","og_type":"article","og_title":"Amoladora Angular 115mm a Bateria - Dowen Pagio","og_description":"Amoladora Angular 115mm a Bateria &#8211; Dowen Pagio &#8211; 18V FLEX ONE Cod. 9993180 Caracter\u00edsticas Tipo: AAB18P Tensi\u00f3n Amoladora: 18Vcc Capacidad bater\u00eda: 18Vcc \u2013 4,0 Ah Tensi\u00f3n Cargador: 220V \u2013 50Hz Tiempo Carga Bater\u00eda: 2 Hr Bater\u00eda Tipo: Ion-Litio Di\u00e1metro Disco: 115mm (4-1\/2\u2033) \/ Eje: M14 Velocidad: 11000 min-1 Empu\u00f1adura anti vibratoria para mayor confort, [&hellip;]","og_url":"https:\/\/soymat.com\/es\/producto\/amoladora-angular-115mm-a-bateria-dowen-pagio\/","og_site_name":"SoyMat \u2013 Seguridad Industrial","article_modified_time":"2026-02-27T13:06:43+00:00","og_image":[{"width":1828,"height":1828,"url":"https:\/\/soymat.com\/wp-content\/uploads\/2025\/05\/9993180.jpg","type":"image\/jpeg"}],"twitter_card":"summary_large_image","twitter_misc":{"Tiempo de lectura":"1 minuto"},"schema":{"@context":"https:\/\/schema.org","@graph":[{"@type":"WebPage","@id":"https:\/\/soymat.com\/producto\/amoladora-angular-115mm-a-bateria-dowen-pagio\/","url":"https:\/\/soymat.com\/producto\/amoladora-angular-115mm-a-bateria-dowen-pagio\/","name":"Amoladora Angular 115mm a Bateria - Dowen Pagio - SoyMat \u2013 Seguridad Industrial","isPartOf":{"@id":"https:\/\/soymat.com\/#website"},"primaryImageOfPage":{"@id":"https:\/\/soymat.com\/producto\/amoladora-angular-115mm-a-bateria-dowen-pagio\/#primaryimage"},"image":{"@id":"https:\/\/soymat.com\/producto\/amoladora-angular-115mm-a-bateria-dowen-pagio\/#primaryimage"},"thumbnailUrl":"https:\/\/soymat.com\/wp-content\/uploads\/2025\/05\/9993180.jpg","datePublished":"2025-05-21T21:06:37+00:00","dateModified":"2026-02-27T13:06:43+00:00","breadcrumb":{"@id":"https:\/\/soymat.com\/producto\/amoladora-angular-115mm-a-bateria-dowen-pagio\/#breadcrumb"},"inLanguage":"es-AR","potentialAction":[{"@type":"ReadAction","target":["https:\/\/soymat.com\/producto\/amoladora-angular-115mm-a-bateria-dowen-pagio\/"]}]},{"@type":"ImageObject","inLanguage":"es-AR","@id":"https:\/\/soymat.com\/producto\/amoladora-angular-115mm-a-bateria-dowen-pagio\/#primaryimage","url":"https:\/\/soymat.com\/wp-content\/uploads\/2025\/05\/9993180.jpg","contentUrl":"https:\/\/soymat.com\/wp-content\/uploads\/2025\/05\/9993180.jpg","width":1828,"height":1828},{"@type":"BreadcrumbList","@id":"https:\/\/soymat.com\/producto\/amoladora-angular-115mm-a-bateria-dowen-pagio\/#breadcrumb","itemListElement":[{"@type":"ListItem","position":1,"name":"Portada","item":"https:\/\/soymat.com\/"},{"@type":"ListItem","position":2,"name":"Todos los Productos","item":"https:\/\/soymat.com\/shop\/"},{"@type":"ListItem","position":3,"name":"Amoladora Angular 115mm a Bateria &#8211; Dowen Pagio"}]},{"@type":"WebSite","@id":"https:\/\/soymat.com\/#website","url":"https:\/\/soymat.com\/","name":"So&Mat","description":"Empresa Dedicada a la protecci\u00f3n global contra incendio . matafuegos redes bombas,venta instalaci\u00f3n y service, protecci\u00f3n y confort laboral en todo concepto.","publisher":{"@id":"https:\/\/soymat.com\/#organization"},"alternateName":"So&Mat","potentialAction":[{"@type":"SearchAction","target":{"@type":"EntryPoint","urlTemplate":"https:\/\/soymat.com\/?s={search_term_string}"},"query-input":{"@type":"PropertyValueSpecification","valueRequired":true,"valueName":"search_term_string"}}],"inLanguage":"es-AR"},{"@type":"Organization","@id":"https:\/\/soymat.com\/#organization","name":"So&Mat","url":"https:\/\/soymat.com\/","logo":{"@type":"ImageObject","inLanguage":"es-AR","@id":"https:\/\/soymat.com\/#\/schema\/logo\/image\/","url":"https:\/\/soymat.com\/wp-content\/uploads\/2024\/08\/SoyMat.jpg","contentUrl":"https:\/\/soymat.com\/wp-content\/uploads\/2024\/08\/SoyMat.jpg","width":600,"height":236,"caption":"So&Mat"},"image":{"@id":"https:\/\/soymat.com\/#\/schema\/logo\/image\/"}}]}},"_links":{"self":[{"href":"https:\/\/soymat.com\/es\/wp-json\/wp\/v2\/product\/22663","targetHints":{"allow":["GET"]}}],"collection":[{"href":"https:\/\/soymat.com\/es\/wp-json\/wp\/v2\/product"}],"about":[{"href":"https:\/\/soymat.com\/es\/wp-json\/wp\/v2\/types\/product"}],"wp:featuredmedia":[{"embeddable":true,"href":"https:\/\/soymat.com\/es\/wp-json\/wp\/v2\/media\/22665"}],"wp:attachment":[{"href":"https:\/\/soymat.com\/es\/wp-json\/wp\/v2\/media?parent=22663"}],"wp:term":[{"taxonomy":"product_cat","embeddable":true,"href":"https:\/\/soymat.com\/es\/wp-json\/wp\/v2\/product_cat?post=22663"},{"taxonomy":"product_tag","embeddable":true,"href":"https:\/\/soymat.com\/es\/wp-json\/wp\/v2\/product_tag?post=22663"}],"curies":[{"name":"wp","href":"https:\/\/api.w.org\/{rel}","templated":true}]}}