{"id":22690,"date":"2025-05-27T19:00:36","date_gmt":"2025-05-27T22:00:36","guid":{"rendered":"https:\/\/soymat.com\/?post_type=product&#038;p=22690"},"modified":"2025-11-05T07:09:19","modified_gmt":"2025-11-05T10:09:19","slug":"kit-soldador-inverter-mascara-2-escuadras-lusqtoff","status":"publish","type":"product","link":"https:\/\/soymat.com\/es\/producto\/kit-soldador-inverter-mascara-2-escuadras-lusqtoff\/","title":{"rendered":"Kit Soldador Inverter + M\u00e1scara + 2 escuadras Lusqtoff"},"content":{"rendered":"<p><strong>KIT Soldador Inverter + M\u00e1scara fotosensible + 2 escuadras magn\u00e9ticas<\/strong><br \/>\nCod. MEGAIRON100-8<\/p>\n<p>CARACTER\u00cdSTICAS T\u00c9CNICAS<\/p>\n<p>\u2022 Tensi\u00f3n de entrada (V): lph AC220<br \/>\n\u2022 Frecuencia (Hz): 50.<br \/>\n\u2022 Capacidad de entrada nominal: 4,2 Kw<br \/>\n\u2022 Corriente de entrada nominal: 18,4 (A)<br \/>\n\u2022 Ciclo de trabajo MMA: 30%@)105A<br \/>\n\u2022 Tensi\u00f3n en vac\u00edo : 66 V<br \/>\n\u2022 Eficiencia: 85%<br \/>\n\u2022 Clase de protecci\u00f3n: 1 P21S<br \/>\n\u2022 Grado de aislamiento: H<br \/>\n\u2022 Tipo de enfriamiento: FORZADO<br \/>\n\u2022 Electrodos: 1,6 &#8211; 2,5<\/p>\n<p>INCLUYE<br \/>\n\u2022 1 soldadora inverter MEGAIRONl00-8<br \/>\n\u2022 1 m\u00e1scara fotosensible ST-lX<br \/>\n\u2022 2 escuadras magn\u00e9ticas LQE-6001<\/p>","protected":false},"excerpt":{"rendered":"<p>KIT Soldador Inverter + M\u00e1scara fotosensible + 2 escuadras magn\u00e9ticas Cod. MEGAIRON100-8 CARACTER\u00cdSTICAS T\u00c9CNICAS \u2022 Tensi\u00f3n de entrada (V): lph AC220 \u2022 Frecuencia (Hz): 50. \u2022 Capacidad de entrada nominal: 4,2 Kw \u2022 Corriente de entrada nominal: 18,4 (A) \u2022 Ciclo de trabajo MMA: 30%@)105A \u2022 Tensi\u00f3n en vac\u00edo : 66 V \u2022 Eficiencia: 85% [&hellip;]<\/p>\n","protected":false},"featured_media":22691,"template":"","meta":[],"product_cat":[191],"product_tag":[532,530,482,531,316],"class_list":{"0":"post-22690","1":"product","2":"type-product","3":"status-publish","4":"has-post-thumbnail","6":"product_brand-lusqtoff-maquinas-y-herramientas-electricas-manuales","7":"product_cat-maquinas-y-herramientas","8":"product_tag-escuadras-soldador","9":"product_tag-inverter","10":"product_tag-lusqtoff","11":"product_tag-mascara-fotosensible","12":"product_tag-soldadora","14":"first","15":"outofstock","16":"taxable","17":"shipping-taxable","18":"purchasable","19":"product-type-simple","20":"add-to-wishlist-after_add_to_cart"},"yoast_head":"<!-- This site is optimized with the Yoast SEO Premium plugin v26.9 (Yoast SEO v26.9) - https:\/\/yoast.com\/product\/yoast-seo-premium-wordpress\/ -->\n<title>Kit Soldador Inverter + M\u00e1scara + 2 escuadras Lusqtoff - SoyMat \u2013 Seguridad Industrial<\/title>\n<meta name=\"robots\" content=\"index, follow, max-snippet:-1, max-image-preview:large, max-video-preview:-1\" \/>\n<link rel=\"canonical\" href=\"https:\/\/soymat.com\/es\/producto\/kit-soldador-inverter-mascara-2-escuadras-lusqtoff\/\" \/>\n<meta property=\"og:locale\" content=\"es_ES\" \/>\n<meta property=\"og:type\" content=\"article\" \/>\n<meta property=\"og:title\" content=\"Kit Soldador Inverter + M\u00e1scara + 2 escuadras Lusqtoff\" \/>\n<meta property=\"og:description\" content=\"KIT Soldador Inverter + M\u00e1scara fotosensible + 2 escuadras magn\u00e9ticas Cod. MEGAIRON100-8 CARACTER\u00cdSTICAS T\u00c9CNICAS \u2022 Tensi\u00f3n de entrada (V): lph AC220 \u2022 Frecuencia (Hz): 50. \u2022 Capacidad de entrada nominal: 4,2 Kw \u2022 Corriente de entrada nominal: 18,4 (A) \u2022 Ciclo de trabajo MMA: 30%@)105A \u2022 Tensi\u00f3n en vac\u00edo : 66 V \u2022 Eficiencia: 85% [&hellip;]\" \/>\n<meta property=\"og:url\" content=\"https:\/\/soymat.com\/es\/producto\/kit-soldador-inverter-mascara-2-escuadras-lusqtoff\/\" \/>\n<meta property=\"og:site_name\" content=\"SoyMat \u2013 Seguridad Industrial\" \/>\n<meta property=\"article:modified_time\" content=\"2025-11-05T10:09:19+00:00\" \/>\n<meta property=\"og:image\" content=\"https:\/\/soymat.com\/wp-content\/uploads\/2025\/05\/MEGAIRON100-8_5_-kit.jpg\" \/>\n\t<meta property=\"og:image:width\" content=\"1182\" \/>\n\t<meta property=\"og:image:height\" content=\"1182\" \/>\n\t<meta property=\"og:image:type\" content=\"image\/jpeg\" \/>\n<meta name=\"twitter:card\" content=\"summary_large_image\" \/>\n<meta name=\"twitter:label1\" content=\"Tiempo de lectura\" \/>\n\t<meta name=\"twitter:data1\" content=\"1 minuto\" \/>\n<script type=\"application\/ld+json\" class=\"yoast-schema-graph\">{\"@context\":\"https:\/\/schema.org\",\"@graph\":[{\"@type\":\"WebPage\",\"@id\":\"https:\/\/soymat.com\/producto\/kit-soldador-inverter-mascara-2-escuadras-lusqtoff\/\",\"url\":\"https:\/\/soymat.com\/producto\/kit-soldador-inverter-mascara-2-escuadras-lusqtoff\/\",\"name\":\"Kit Soldador Inverter + M\u00e1scara + 2 escuadras Lusqtoff - SoyMat \u2013 Seguridad Industrial\",\"isPartOf\":{\"@id\":\"https:\/\/soymat.com\/#website\"},\"primaryImageOfPage\":{\"@id\":\"https:\/\/soymat.com\/producto\/kit-soldador-inverter-mascara-2-escuadras-lusqtoff\/#primaryimage\"},\"image\":{\"@id\":\"https:\/\/soymat.com\/producto\/kit-soldador-inverter-mascara-2-escuadras-lusqtoff\/#primaryimage\"},\"thumbnailUrl\":\"https:\/\/soymat.com\/wp-content\/uploads\/2025\/05\/MEGAIRON100-8_5_-kit.jpg\",\"datePublished\":\"2025-05-27T22:00:36+00:00\",\"dateModified\":\"2025-11-05T10:09:19+00:00\",\"breadcrumb\":{\"@id\":\"https:\/\/soymat.com\/producto\/kit-soldador-inverter-mascara-2-escuadras-lusqtoff\/#breadcrumb\"},\"inLanguage\":\"es-AR\",\"potentialAction\":[{\"@type\":\"ReadAction\",\"target\":[\"https:\/\/soymat.com\/producto\/kit-soldador-inverter-mascara-2-escuadras-lusqtoff\/\"]}]},{\"@type\":\"ImageObject\",\"inLanguage\":\"es-AR\",\"@id\":\"https:\/\/soymat.com\/producto\/kit-soldador-inverter-mascara-2-escuadras-lusqtoff\/#primaryimage\",\"url\":\"https:\/\/soymat.com\/wp-content\/uploads\/2025\/05\/MEGAIRON100-8_5_-kit.jpg\",\"contentUrl\":\"https:\/\/soymat.com\/wp-content\/uploads\/2025\/05\/MEGAIRON100-8_5_-kit.jpg\",\"width\":1182,\"height\":1182},{\"@type\":\"BreadcrumbList\",\"@id\":\"https:\/\/soymat.com\/producto\/kit-soldador-inverter-mascara-2-escuadras-lusqtoff\/#breadcrumb\",\"itemListElement\":[{\"@type\":\"ListItem\",\"position\":1,\"name\":\"Portada\",\"item\":\"https:\/\/soymat.com\/\"},{\"@type\":\"ListItem\",\"position\":2,\"name\":\"Todos los Productos\",\"item\":\"https:\/\/soymat.com\/shop\/\"},{\"@type\":\"ListItem\",\"position\":3,\"name\":\"Kit Soldador Inverter + M\u00e1scara + 2 escuadras Lusqtoff\"}]},{\"@type\":\"WebSite\",\"@id\":\"https:\/\/soymat.com\/#website\",\"url\":\"https:\/\/soymat.com\/\",\"name\":\"So&Mat\",\"description\":\"Empresa Dedicada a la protecci\u00f3n global contra incendio . matafuegos redes bombas,venta instalaci\u00f3n y service, protecci\u00f3n y confort laboral en todo concepto.\",\"publisher\":{\"@id\":\"https:\/\/soymat.com\/#organization\"},\"alternateName\":\"So&Mat\",\"potentialAction\":[{\"@type\":\"SearchAction\",\"target\":{\"@type\":\"EntryPoint\",\"urlTemplate\":\"https:\/\/soymat.com\/?s={search_term_string}\"},\"query-input\":{\"@type\":\"PropertyValueSpecification\",\"valueRequired\":true,\"valueName\":\"search_term_string\"}}],\"inLanguage\":\"es-AR\"},{\"@type\":\"Organization\",\"@id\":\"https:\/\/soymat.com\/#organization\",\"name\":\"So&Mat\",\"url\":\"https:\/\/soymat.com\/\",\"logo\":{\"@type\":\"ImageObject\",\"inLanguage\":\"es-AR\",\"@id\":\"https:\/\/soymat.com\/#\/schema\/logo\/image\/\",\"url\":\"https:\/\/soymat.com\/wp-content\/uploads\/2024\/08\/SoyMat.jpg\",\"contentUrl\":\"https:\/\/soymat.com\/wp-content\/uploads\/2024\/08\/SoyMat.jpg\",\"width\":600,\"height\":236,\"caption\":\"So&Mat\"},\"image\":{\"@id\":\"https:\/\/soymat.com\/#\/schema\/logo\/image\/\"}}]}<\/script>\n<!-- \/ Yoast SEO Premium plugin. -->","yoast_head_json":{"title":"Kit Soldador Inverter + M\u00e1scara + 2 escuadras Lusqtoff - SoyMat \u2013 Seguridad Industrial","robots":{"index":"index","follow":"follow","max-snippet":"max-snippet:-1","max-image-preview":"max-image-preview:large","max-video-preview":"max-video-preview:-1"},"canonical":"https:\/\/soymat.com\/es\/producto\/kit-soldador-inverter-mascara-2-escuadras-lusqtoff\/","og_locale":"es_ES","og_type":"article","og_title":"Kit Soldador Inverter + M\u00e1scara + 2 escuadras Lusqtoff","og_description":"KIT Soldador Inverter + M\u00e1scara fotosensible + 2 escuadras magn\u00e9ticas Cod. MEGAIRON100-8 CARACTER\u00cdSTICAS T\u00c9CNICAS \u2022 Tensi\u00f3n de entrada (V): lph AC220 \u2022 Frecuencia (Hz): 50. \u2022 Capacidad de entrada nominal: 4,2 Kw \u2022 Corriente de entrada nominal: 18,4 (A) \u2022 Ciclo de trabajo MMA: 30%@)105A \u2022 Tensi\u00f3n en vac\u00edo : 66 V \u2022 Eficiencia: 85% [&hellip;]","og_url":"https:\/\/soymat.com\/es\/producto\/kit-soldador-inverter-mascara-2-escuadras-lusqtoff\/","og_site_name":"SoyMat \u2013 Seguridad Industrial","article_modified_time":"2025-11-05T10:09:19+00:00","og_image":[{"width":1182,"height":1182,"url":"https:\/\/soymat.com\/wp-content\/uploads\/2025\/05\/MEGAIRON100-8_5_-kit.jpg","type":"image\/jpeg"}],"twitter_card":"summary_large_image","twitter_misc":{"Tiempo de lectura":"1 minuto"},"schema":{"@context":"https:\/\/schema.org","@graph":[{"@type":"WebPage","@id":"https:\/\/soymat.com\/producto\/kit-soldador-inverter-mascara-2-escuadras-lusqtoff\/","url":"https:\/\/soymat.com\/producto\/kit-soldador-inverter-mascara-2-escuadras-lusqtoff\/","name":"Kit Soldador Inverter + M\u00e1scara + 2 escuadras Lusqtoff - SoyMat \u2013 Seguridad Industrial","isPartOf":{"@id":"https:\/\/soymat.com\/#website"},"primaryImageOfPage":{"@id":"https:\/\/soymat.com\/producto\/kit-soldador-inverter-mascara-2-escuadras-lusqtoff\/#primaryimage"},"image":{"@id":"https:\/\/soymat.com\/producto\/kit-soldador-inverter-mascara-2-escuadras-lusqtoff\/#primaryimage"},"thumbnailUrl":"https:\/\/soymat.com\/wp-content\/uploads\/2025\/05\/MEGAIRON100-8_5_-kit.jpg","datePublished":"2025-05-27T22:00:36+00:00","dateModified":"2025-11-05T10:09:19+00:00","breadcrumb":{"@id":"https:\/\/soymat.com\/producto\/kit-soldador-inverter-mascara-2-escuadras-lusqtoff\/#breadcrumb"},"inLanguage":"es-AR","potentialAction":[{"@type":"ReadAction","target":["https:\/\/soymat.com\/producto\/kit-soldador-inverter-mascara-2-escuadras-lusqtoff\/"]}]},{"@type":"ImageObject","inLanguage":"es-AR","@id":"https:\/\/soymat.com\/producto\/kit-soldador-inverter-mascara-2-escuadras-lusqtoff\/#primaryimage","url":"https:\/\/soymat.com\/wp-content\/uploads\/2025\/05\/MEGAIRON100-8_5_-kit.jpg","contentUrl":"https:\/\/soymat.com\/wp-content\/uploads\/2025\/05\/MEGAIRON100-8_5_-kit.jpg","width":1182,"height":1182},{"@type":"BreadcrumbList","@id":"https:\/\/soymat.com\/producto\/kit-soldador-inverter-mascara-2-escuadras-lusqtoff\/#breadcrumb","itemListElement":[{"@type":"ListItem","position":1,"name":"Portada","item":"https:\/\/soymat.com\/"},{"@type":"ListItem","position":2,"name":"Todos los Productos","item":"https:\/\/soymat.com\/shop\/"},{"@type":"ListItem","position":3,"name":"Kit Soldador Inverter + M\u00e1scara + 2 escuadras Lusqtoff"}]},{"@type":"WebSite","@id":"https:\/\/soymat.com\/#website","url":"https:\/\/soymat.com\/","name":"So&Mat","description":"Empresa Dedicada a la protecci\u00f3n global contra incendio . matafuegos redes bombas,venta instalaci\u00f3n y service, protecci\u00f3n y confort laboral en todo concepto.","publisher":{"@id":"https:\/\/soymat.com\/#organization"},"alternateName":"So&Mat","potentialAction":[{"@type":"SearchAction","target":{"@type":"EntryPoint","urlTemplate":"https:\/\/soymat.com\/?s={search_term_string}"},"query-input":{"@type":"PropertyValueSpecification","valueRequired":true,"valueName":"search_term_string"}}],"inLanguage":"es-AR"},{"@type":"Organization","@id":"https:\/\/soymat.com\/#organization","name":"So&Mat","url":"https:\/\/soymat.com\/","logo":{"@type":"ImageObject","inLanguage":"es-AR","@id":"https:\/\/soymat.com\/#\/schema\/logo\/image\/","url":"https:\/\/soymat.com\/wp-content\/uploads\/2024\/08\/SoyMat.jpg","contentUrl":"https:\/\/soymat.com\/wp-content\/uploads\/2024\/08\/SoyMat.jpg","width":600,"height":236,"caption":"So&Mat"},"image":{"@id":"https:\/\/soymat.com\/#\/schema\/logo\/image\/"}}]}},"_links":{"self":[{"href":"https:\/\/soymat.com\/es\/wp-json\/wp\/v2\/product\/22690","targetHints":{"allow":["GET"]}}],"collection":[{"href":"https:\/\/soymat.com\/es\/wp-json\/wp\/v2\/product"}],"about":[{"href":"https:\/\/soymat.com\/es\/wp-json\/wp\/v2\/types\/product"}],"wp:featuredmedia":[{"embeddable":true,"href":"https:\/\/soymat.com\/es\/wp-json\/wp\/v2\/media\/22691"}],"wp:attachment":[{"href":"https:\/\/soymat.com\/es\/wp-json\/wp\/v2\/media?parent=22690"}],"wp:term":[{"taxonomy":"product_cat","embeddable":true,"href":"https:\/\/soymat.com\/es\/wp-json\/wp\/v2\/product_cat?post=22690"},{"taxonomy":"product_tag","embeddable":true,"href":"https:\/\/soymat.com\/es\/wp-json\/wp\/v2\/product_tag?post=22690"}],"curies":[{"name":"wp","href":"https:\/\/api.w.org\/{rel}","templated":true}]}}