{"id":22707,"date":"2025-05-27T19:14:28","date_gmt":"2025-05-27T22:14:28","guid":{"rendered":"https:\/\/soymat.com\/?post_type=product&#038;p=22707"},"modified":"2025-11-06T19:05:46","modified_gmt":"2025-11-06T22:05:46","slug":"soldadora-inverter-mma-lusqtoff","status":"publish","type":"product","link":"https:\/\/soymat.com\/es\/producto\/soldadora-inverter-mma-lusqtoff\/","title":{"rendered":"Soldadora Inverter MMA Lusqtoff"},"content":{"rendered":"<p><strong>Soldadora Inverter MMA &#8211; Lusqtoff<\/strong><br \/>\nCod. IRON-300<\/p>\n<p>Ficha t\u00e9cnica<\/p>\n<p>\u2022 Tensi\u00f3n de entrada: 1 Ph AC 220 V ( \u00b1 15%)<br \/>\n\u2022 Frecuencia: 50 Hz<br \/>\n\u2022 Capacidad de entrada nominal: 7,5 Kw<br \/>\n\u2022 Corriente de entrada nominal: 35 A<br \/>\n\u2022 Ciclo de trabajo ( 40 \u00baC): 170 A \/ 26,8 V<br \/>\n@ 100 % \/\/ 220 A \/ 28,8 V @ 40%<br \/>\n\u2022 Tensi\u00f3n en vac\u00edo: 66 V<br \/>\n\u2022 Rango de trabajo de salida: 20 \/ 220 A<br \/>\n\u2022 Eficiencia: 85%<br \/>\n\u2022 Clase de protecci\u00f3n: IP21S<br \/>\n\u2022 Grado de aislamiento: H<br \/>\n\u2022 Norma t\u00e9cnica: (IEC) EN 60974-1<br \/>\n\u2022 Tipo de enfriamiento: forzado<br \/>\n\u2022 Tama\u00f1o: 320 X 155 X 190 mm<br \/>\n\u2022 Peso: 5,6 Kg<\/p>\n<p>Caracter\u00edsticas<br \/>\n\u2022 Especial para electrodos de 4 mm en continuo.<br \/>\n\u2022 Es sin\u00e9rgica (se autorregula).<br \/>\n\u2022 Tipo de clavija: DKJ 35-50<\/p>","protected":false},"excerpt":{"rendered":"<p>Soldadora Inverter MMA &#8211; Lusqtoff Cod. IRON-300 Ficha t\u00e9cnica \u2022 Tensi\u00f3n de entrada: 1 Ph AC 220 V ( \u00b1 15%) \u2022 Frecuencia: 50 Hz \u2022 Capacidad de entrada nominal: 7,5 Kw \u2022 Corriente de entrada nominal: 35 A \u2022 Ciclo de trabajo ( 40 \u00baC): 170 A \/ 26,8 V @ 100 % \/\/ [&hellip;]<\/p>\n","protected":false},"featured_media":22710,"template":"","meta":[],"product_cat":[191],"product_tag":[482,539,537,316,540],"class_list":{"0":"post-22707","1":"product","2":"type-product","3":"status-publish","4":"has-post-thumbnail","6":"product_brand-lusqtoff-maquinas-y-herramientas-electricas-manuales","7":"product_cat-maquinas-y-herramientas","8":"product_tag-lusqtoff","9":"product_tag-mma","10":"product_tag-soldador","11":"product_tag-soldadora","12":"product_tag-taller-metalurgic","14":"first","15":"instock","16":"taxable","17":"shipping-taxable","18":"purchasable","19":"product-type-simple","20":"add-to-wishlist-after_add_to_cart"},"yoast_head":"<!-- This site is optimized with the Yoast SEO Premium plugin v26.9 (Yoast SEO v26.9) - https:\/\/yoast.com\/product\/yoast-seo-premium-wordpress\/ -->\n<title>Soldadora Inverter MMA Lusqtoff - SoyMat \u2013 Seguridad Industrial<\/title>\n<meta name=\"robots\" content=\"index, follow, max-snippet:-1, max-image-preview:large, max-video-preview:-1\" \/>\n<link rel=\"canonical\" href=\"https:\/\/soymat.com\/es\/producto\/soldadora-inverter-mma-lusqtoff\/\" \/>\n<meta property=\"og:locale\" content=\"es_ES\" \/>\n<meta property=\"og:type\" content=\"article\" \/>\n<meta property=\"og:title\" content=\"Soldadora Inverter MMA Lusqtoff\" \/>\n<meta property=\"og:description\" content=\"Soldadora Inverter MMA &#8211; Lusqtoff Cod. IRON-300 Ficha t\u00e9cnica \u2022 Tensi\u00f3n de entrada: 1 Ph AC 220 V ( \u00b1 15%) \u2022 Frecuencia: 50 Hz \u2022 Capacidad de entrada nominal: 7,5 Kw \u2022 Corriente de entrada nominal: 35 A \u2022 Ciclo de trabajo ( 40 \u00baC): 170 A \/ 26,8 V @ 100 % \/\/ [&hellip;]\" \/>\n<meta property=\"og:url\" content=\"https:\/\/soymat.com\/es\/producto\/soldadora-inverter-mma-lusqtoff\/\" \/>\n<meta property=\"og:site_name\" content=\"SoyMat \u2013 Seguridad Industrial\" \/>\n<meta property=\"article:modified_time\" content=\"2025-11-06T22:05:46+00:00\" \/>\n<meta property=\"og:image\" content=\"https:\/\/soymat.com\/wp-content\/uploads\/2025\/05\/Iron-300-soldadora.jpg\" \/>\n\t<meta property=\"og:image:width\" content=\"1000\" \/>\n\t<meta property=\"og:image:height\" content=\"1000\" \/>\n\t<meta property=\"og:image:type\" content=\"image\/jpeg\" \/>\n<meta name=\"twitter:card\" content=\"summary_large_image\" \/>\n<meta name=\"twitter:label1\" content=\"Tiempo de lectura\" \/>\n\t<meta name=\"twitter:data1\" content=\"1 minuto\" \/>\n<script type=\"application\/ld+json\" class=\"yoast-schema-graph\">{\"@context\":\"https:\/\/schema.org\",\"@graph\":[{\"@type\":\"WebPage\",\"@id\":\"https:\/\/soymat.com\/producto\/soldadora-inverter-mma-lusqtoff\/\",\"url\":\"https:\/\/soymat.com\/producto\/soldadora-inverter-mma-lusqtoff\/\",\"name\":\"Soldadora Inverter MMA Lusqtoff - SoyMat \u2013 Seguridad Industrial\",\"isPartOf\":{\"@id\":\"https:\/\/soymat.com\/#website\"},\"primaryImageOfPage\":{\"@id\":\"https:\/\/soymat.com\/producto\/soldadora-inverter-mma-lusqtoff\/#primaryimage\"},\"image\":{\"@id\":\"https:\/\/soymat.com\/producto\/soldadora-inverter-mma-lusqtoff\/#primaryimage\"},\"thumbnailUrl\":\"https:\/\/soymat.com\/wp-content\/uploads\/2025\/05\/Iron-300-soldadora.jpg\",\"datePublished\":\"2025-05-27T22:14:28+00:00\",\"dateModified\":\"2025-11-06T22:05:46+00:00\",\"breadcrumb\":{\"@id\":\"https:\/\/soymat.com\/producto\/soldadora-inverter-mma-lusqtoff\/#breadcrumb\"},\"inLanguage\":\"es-AR\",\"potentialAction\":[{\"@type\":\"ReadAction\",\"target\":[\"https:\/\/soymat.com\/producto\/soldadora-inverter-mma-lusqtoff\/\"]}]},{\"@type\":\"ImageObject\",\"inLanguage\":\"es-AR\",\"@id\":\"https:\/\/soymat.com\/producto\/soldadora-inverter-mma-lusqtoff\/#primaryimage\",\"url\":\"https:\/\/soymat.com\/wp-content\/uploads\/2025\/05\/Iron-300-soldadora.jpg\",\"contentUrl\":\"https:\/\/soymat.com\/wp-content\/uploads\/2025\/05\/Iron-300-soldadora.jpg\",\"width\":1000,\"height\":1000},{\"@type\":\"BreadcrumbList\",\"@id\":\"https:\/\/soymat.com\/producto\/soldadora-inverter-mma-lusqtoff\/#breadcrumb\",\"itemListElement\":[{\"@type\":\"ListItem\",\"position\":1,\"name\":\"Portada\",\"item\":\"https:\/\/soymat.com\/\"},{\"@type\":\"ListItem\",\"position\":2,\"name\":\"Todos los Productos\",\"item\":\"https:\/\/soymat.com\/shop\/\"},{\"@type\":\"ListItem\",\"position\":3,\"name\":\"Soldadora Inverter MMA Lusqtoff\"}]},{\"@type\":\"WebSite\",\"@id\":\"https:\/\/soymat.com\/#website\",\"url\":\"https:\/\/soymat.com\/\",\"name\":\"So&Mat\",\"description\":\"Empresa Dedicada a la protecci\u00f3n global contra incendio . matafuegos redes bombas,venta instalaci\u00f3n y service, protecci\u00f3n y confort laboral en todo concepto.\",\"publisher\":{\"@id\":\"https:\/\/soymat.com\/#organization\"},\"alternateName\":\"So&Mat\",\"potentialAction\":[{\"@type\":\"SearchAction\",\"target\":{\"@type\":\"EntryPoint\",\"urlTemplate\":\"https:\/\/soymat.com\/?s={search_term_string}\"},\"query-input\":{\"@type\":\"PropertyValueSpecification\",\"valueRequired\":true,\"valueName\":\"search_term_string\"}}],\"inLanguage\":\"es-AR\"},{\"@type\":\"Organization\",\"@id\":\"https:\/\/soymat.com\/#organization\",\"name\":\"So&Mat\",\"url\":\"https:\/\/soymat.com\/\",\"logo\":{\"@type\":\"ImageObject\",\"inLanguage\":\"es-AR\",\"@id\":\"https:\/\/soymat.com\/#\/schema\/logo\/image\/\",\"url\":\"https:\/\/soymat.com\/wp-content\/uploads\/2024\/08\/SoyMat.jpg\",\"contentUrl\":\"https:\/\/soymat.com\/wp-content\/uploads\/2024\/08\/SoyMat.jpg\",\"width\":600,\"height\":236,\"caption\":\"So&Mat\"},\"image\":{\"@id\":\"https:\/\/soymat.com\/#\/schema\/logo\/image\/\"}}]}<\/script>\n<!-- \/ Yoast SEO Premium plugin. -->","yoast_head_json":{"title":"Soldadora Inverter MMA Lusqtoff - SoyMat \u2013 Seguridad Industrial","robots":{"index":"index","follow":"follow","max-snippet":"max-snippet:-1","max-image-preview":"max-image-preview:large","max-video-preview":"max-video-preview:-1"},"canonical":"https:\/\/soymat.com\/es\/producto\/soldadora-inverter-mma-lusqtoff\/","og_locale":"es_ES","og_type":"article","og_title":"Soldadora Inverter MMA Lusqtoff","og_description":"Soldadora Inverter MMA &#8211; Lusqtoff Cod. IRON-300 Ficha t\u00e9cnica \u2022 Tensi\u00f3n de entrada: 1 Ph AC 220 V ( \u00b1 15%) \u2022 Frecuencia: 50 Hz \u2022 Capacidad de entrada nominal: 7,5 Kw \u2022 Corriente de entrada nominal: 35 A \u2022 Ciclo de trabajo ( 40 \u00baC): 170 A \/ 26,8 V @ 100 % \/\/ [&hellip;]","og_url":"https:\/\/soymat.com\/es\/producto\/soldadora-inverter-mma-lusqtoff\/","og_site_name":"SoyMat \u2013 Seguridad Industrial","article_modified_time":"2025-11-06T22:05:46+00:00","og_image":[{"width":1000,"height":1000,"url":"https:\/\/soymat.com\/wp-content\/uploads\/2025\/05\/Iron-300-soldadora.jpg","type":"image\/jpeg"}],"twitter_card":"summary_large_image","twitter_misc":{"Tiempo de lectura":"1 minuto"},"schema":{"@context":"https:\/\/schema.org","@graph":[{"@type":"WebPage","@id":"https:\/\/soymat.com\/producto\/soldadora-inverter-mma-lusqtoff\/","url":"https:\/\/soymat.com\/producto\/soldadora-inverter-mma-lusqtoff\/","name":"Soldadora Inverter MMA Lusqtoff - SoyMat \u2013 Seguridad Industrial","isPartOf":{"@id":"https:\/\/soymat.com\/#website"},"primaryImageOfPage":{"@id":"https:\/\/soymat.com\/producto\/soldadora-inverter-mma-lusqtoff\/#primaryimage"},"image":{"@id":"https:\/\/soymat.com\/producto\/soldadora-inverter-mma-lusqtoff\/#primaryimage"},"thumbnailUrl":"https:\/\/soymat.com\/wp-content\/uploads\/2025\/05\/Iron-300-soldadora.jpg","datePublished":"2025-05-27T22:14:28+00:00","dateModified":"2025-11-06T22:05:46+00:00","breadcrumb":{"@id":"https:\/\/soymat.com\/producto\/soldadora-inverter-mma-lusqtoff\/#breadcrumb"},"inLanguage":"es-AR","potentialAction":[{"@type":"ReadAction","target":["https:\/\/soymat.com\/producto\/soldadora-inverter-mma-lusqtoff\/"]}]},{"@type":"ImageObject","inLanguage":"es-AR","@id":"https:\/\/soymat.com\/producto\/soldadora-inverter-mma-lusqtoff\/#primaryimage","url":"https:\/\/soymat.com\/wp-content\/uploads\/2025\/05\/Iron-300-soldadora.jpg","contentUrl":"https:\/\/soymat.com\/wp-content\/uploads\/2025\/05\/Iron-300-soldadora.jpg","width":1000,"height":1000},{"@type":"BreadcrumbList","@id":"https:\/\/soymat.com\/producto\/soldadora-inverter-mma-lusqtoff\/#breadcrumb","itemListElement":[{"@type":"ListItem","position":1,"name":"Portada","item":"https:\/\/soymat.com\/"},{"@type":"ListItem","position":2,"name":"Todos los Productos","item":"https:\/\/soymat.com\/shop\/"},{"@type":"ListItem","position":3,"name":"Soldadora Inverter MMA Lusqtoff"}]},{"@type":"WebSite","@id":"https:\/\/soymat.com\/#website","url":"https:\/\/soymat.com\/","name":"So&Mat","description":"Empresa Dedicada a la protecci\u00f3n global contra incendio . matafuegos redes bombas,venta instalaci\u00f3n y service, protecci\u00f3n y confort laboral en todo concepto.","publisher":{"@id":"https:\/\/soymat.com\/#organization"},"alternateName":"So&Mat","potentialAction":[{"@type":"SearchAction","target":{"@type":"EntryPoint","urlTemplate":"https:\/\/soymat.com\/?s={search_term_string}"},"query-input":{"@type":"PropertyValueSpecification","valueRequired":true,"valueName":"search_term_string"}}],"inLanguage":"es-AR"},{"@type":"Organization","@id":"https:\/\/soymat.com\/#organization","name":"So&Mat","url":"https:\/\/soymat.com\/","logo":{"@type":"ImageObject","inLanguage":"es-AR","@id":"https:\/\/soymat.com\/#\/schema\/logo\/image\/","url":"https:\/\/soymat.com\/wp-content\/uploads\/2024\/08\/SoyMat.jpg","contentUrl":"https:\/\/soymat.com\/wp-content\/uploads\/2024\/08\/SoyMat.jpg","width":600,"height":236,"caption":"So&Mat"},"image":{"@id":"https:\/\/soymat.com\/#\/schema\/logo\/image\/"}}]}},"_links":{"self":[{"href":"https:\/\/soymat.com\/es\/wp-json\/wp\/v2\/product\/22707","targetHints":{"allow":["GET"]}}],"collection":[{"href":"https:\/\/soymat.com\/es\/wp-json\/wp\/v2\/product"}],"about":[{"href":"https:\/\/soymat.com\/es\/wp-json\/wp\/v2\/types\/product"}],"wp:featuredmedia":[{"embeddable":true,"href":"https:\/\/soymat.com\/es\/wp-json\/wp\/v2\/media\/22710"}],"wp:attachment":[{"href":"https:\/\/soymat.com\/es\/wp-json\/wp\/v2\/media?parent=22707"}],"wp:term":[{"taxonomy":"product_cat","embeddable":true,"href":"https:\/\/soymat.com\/es\/wp-json\/wp\/v2\/product_cat?post=22707"},{"taxonomy":"product_tag","embeddable":true,"href":"https:\/\/soymat.com\/es\/wp-json\/wp\/v2\/product_tag?post=22707"}],"curies":[{"name":"wp","href":"https:\/\/api.w.org\/{rel}","templated":true}]}}