{"id":22800,"date":"2025-05-28T21:17:29","date_gmt":"2025-05-29T00:17:29","guid":{"rendered":"https:\/\/soymat.com\/?post_type=product&#038;p=22800"},"modified":"2026-03-31T19:06:12","modified_gmt":"2026-03-31T22:06:12","slug":"motor-naftero-13hp-3600rpm-racing-lusqtoff","status":"publish","type":"product","link":"https:\/\/soymat.com\/es\/producto\/motor-naftero-13hp-3600rpm-racing-lusqtoff\/","title":{"rendered":"Motor naftero 13HP 3600RPM -Racing- Lusqtoff"},"content":{"rendered":"<p><strong>Motor naftero 13HP 3600RPM -Dise\u00f1o Racing- Lusqtoff<\/strong><br \/>\nCod. LMR390-9<\/p>\n<p>Ficha t\u00e9cnica<\/p>\n<p>\u2022 Tipo de motor: 4 tiempos<br \/>\n\u2022 Potencia: 13 HP<br \/>\n\u2022 Aceite: 4T<br \/>\n\u2022 Cilindrada: 389 cc.<br \/>\n\u2022 Arranque: manual<br \/>\n\u2022 Tanque de combustible: 6,5 lts.<br \/>\n\u2022 Fuente de alimentaci\u00f3n: nafta<br \/>\n\u2022 Incluye: cig\u00fce\u00f1al chaveteado<br \/>\n\u2022 Peso: 35 kg.<\/p>\n<p>Caracter\u00edsticas<br \/>\n\u2022 Ahorro de combustible a igualdad de potencia.<br \/>\n\u2022 Refuerzo de viebs, cilindros y pistones.<br \/>\n\u2022 Uso ideal para karting.<\/p>","protected":false},"excerpt":{"rendered":"<p>Motor naftero 13HP 3600RPM -Dise\u00f1o Racing- Lusqtoff Cod. LMR390-9 Ficha t\u00e9cnica \u2022 Tipo de motor: 4 tiempos \u2022 Potencia: 13 HP \u2022 Aceite: 4T \u2022 Cilindrada: 389 cc. \u2022 Arranque: manual \u2022 Tanque de combustible: 6,5 lts. \u2022 Fuente de alimentaci\u00f3n: nafta \u2022 Incluye: cig\u00fce\u00f1al chaveteado \u2022 Peso: 35 kg. Caracter\u00edsticas \u2022 Ahorro de combustible [&hellip;]<\/p>\n","protected":false},"featured_media":22802,"template":"","meta":[],"product_cat":[191],"product_tag":[602,603,601,482,346,599,600,604,307],"class_list":{"0":"post-22800","1":"product","2":"type-product","3":"status-publish","4":"has-post-thumbnail","6":"product_brand-lusqtoff-maquinas-y-herramientas-electricas-manuales","7":"product_cat-maquinas-y-herramientas","8":"product_tag-carreras-karting","9":"product_tag-competencia","10":"product_tag-karting","11":"product_tag-lusqtoff","12":"product_tag-mecanica-general","13":"product_tag-motor","14":"product_tag-motor-naftero","15":"product_tag-racing","16":"product_tag-taller-mecanico","18":"first","19":"outofstock","20":"taxable","21":"shipping-taxable","22":"purchasable","23":"product-type-simple","24":"add-to-wishlist-after_add_to_cart"},"yoast_head":"<!-- This site is optimized with the Yoast SEO Premium plugin v26.9 (Yoast SEO v26.9) - https:\/\/yoast.com\/product\/yoast-seo-premium-wordpress\/ -->\n<title>Motor naftero 13HP 3600RPM -Racing- Lusqtoff - SoyMat \u2013 Seguridad Industrial<\/title>\n<meta name=\"robots\" content=\"index, follow, max-snippet:-1, max-image-preview:large, max-video-preview:-1\" \/>\n<link rel=\"canonical\" href=\"https:\/\/soymat.com\/es\/producto\/motor-naftero-13hp-3600rpm-racing-lusqtoff\/\" \/>\n<meta property=\"og:locale\" content=\"es_ES\" \/>\n<meta property=\"og:type\" content=\"article\" \/>\n<meta property=\"og:title\" content=\"Motor naftero 13HP 3600RPM -Racing- Lusqtoff\" \/>\n<meta property=\"og:description\" content=\"Motor naftero 13HP 3600RPM -Dise\u00f1o Racing- Lusqtoff Cod. LMR390-9 Ficha t\u00e9cnica \u2022 Tipo de motor: 4 tiempos \u2022 Potencia: 13 HP \u2022 Aceite: 4T \u2022 Cilindrada: 389 cc. \u2022 Arranque: manual \u2022 Tanque de combustible: 6,5 lts. \u2022 Fuente de alimentaci\u00f3n: nafta \u2022 Incluye: cig\u00fce\u00f1al chaveteado \u2022 Peso: 35 kg. Caracter\u00edsticas \u2022 Ahorro de combustible [&hellip;]\" \/>\n<meta property=\"og:url\" content=\"https:\/\/soymat.com\/es\/producto\/motor-naftero-13hp-3600rpm-racing-lusqtoff\/\" \/>\n<meta property=\"og:site_name\" content=\"SoyMat \u2013 Seguridad Industrial\" \/>\n<meta property=\"article:modified_time\" content=\"2026-03-31T22:06:12+00:00\" \/>\n<meta property=\"og:image\" content=\"https:\/\/soymat.com\/wp-content\/uploads\/2025\/05\/LMR390-9_-motor-naftero-13-hp-1.jpg\" \/>\n\t<meta property=\"og:image:width\" content=\"1000\" \/>\n\t<meta property=\"og:image:height\" content=\"1000\" \/>\n\t<meta property=\"og:image:type\" content=\"image\/jpeg\" \/>\n<meta name=\"twitter:card\" content=\"summary_large_image\" \/>\n<meta name=\"twitter:label1\" content=\"Tiempo de lectura\" \/>\n\t<meta name=\"twitter:data1\" content=\"1 minuto\" \/>\n<script type=\"application\/ld+json\" class=\"yoast-schema-graph\">{\"@context\":\"https:\/\/schema.org\",\"@graph\":[{\"@type\":\"WebPage\",\"@id\":\"https:\/\/soymat.com\/producto\/motor-naftero-13hp-3600rpm-racing-lusqtoff\/\",\"url\":\"https:\/\/soymat.com\/producto\/motor-naftero-13hp-3600rpm-racing-lusqtoff\/\",\"name\":\"Motor naftero 13HP 3600RPM -Racing- Lusqtoff - SoyMat \u2013 Seguridad Industrial\",\"isPartOf\":{\"@id\":\"https:\/\/soymat.com\/#website\"},\"primaryImageOfPage\":{\"@id\":\"https:\/\/soymat.com\/producto\/motor-naftero-13hp-3600rpm-racing-lusqtoff\/#primaryimage\"},\"image\":{\"@id\":\"https:\/\/soymat.com\/producto\/motor-naftero-13hp-3600rpm-racing-lusqtoff\/#primaryimage\"},\"thumbnailUrl\":\"https:\/\/soymat.com\/wp-content\/uploads\/2025\/05\/LMR390-9_-motor-naftero-13-hp-1.jpg\",\"datePublished\":\"2025-05-29T00:17:29+00:00\",\"dateModified\":\"2026-03-31T22:06:12+00:00\",\"breadcrumb\":{\"@id\":\"https:\/\/soymat.com\/producto\/motor-naftero-13hp-3600rpm-racing-lusqtoff\/#breadcrumb\"},\"inLanguage\":\"es-AR\",\"potentialAction\":[{\"@type\":\"ReadAction\",\"target\":[\"https:\/\/soymat.com\/producto\/motor-naftero-13hp-3600rpm-racing-lusqtoff\/\"]}]},{\"@type\":\"ImageObject\",\"inLanguage\":\"es-AR\",\"@id\":\"https:\/\/soymat.com\/producto\/motor-naftero-13hp-3600rpm-racing-lusqtoff\/#primaryimage\",\"url\":\"https:\/\/soymat.com\/wp-content\/uploads\/2025\/05\/LMR390-9_-motor-naftero-13-hp-1.jpg\",\"contentUrl\":\"https:\/\/soymat.com\/wp-content\/uploads\/2025\/05\/LMR390-9_-motor-naftero-13-hp-1.jpg\",\"width\":1000,\"height\":1000},{\"@type\":\"BreadcrumbList\",\"@id\":\"https:\/\/soymat.com\/producto\/motor-naftero-13hp-3600rpm-racing-lusqtoff\/#breadcrumb\",\"itemListElement\":[{\"@type\":\"ListItem\",\"position\":1,\"name\":\"Portada\",\"item\":\"https:\/\/soymat.com\/\"},{\"@type\":\"ListItem\",\"position\":2,\"name\":\"Todos los Productos\",\"item\":\"https:\/\/soymat.com\/shop\/\"},{\"@type\":\"ListItem\",\"position\":3,\"name\":\"Motor naftero 13HP 3600RPM -Racing- Lusqtoff\"}]},{\"@type\":\"WebSite\",\"@id\":\"https:\/\/soymat.com\/#website\",\"url\":\"https:\/\/soymat.com\/\",\"name\":\"So&Mat\",\"description\":\"Empresa Dedicada a la protecci\u00f3n global contra incendio . matafuegos redes bombas,venta instalaci\u00f3n y service, protecci\u00f3n y confort laboral en todo concepto.\",\"publisher\":{\"@id\":\"https:\/\/soymat.com\/#organization\"},\"alternateName\":\"So&Mat\",\"potentialAction\":[{\"@type\":\"SearchAction\",\"target\":{\"@type\":\"EntryPoint\",\"urlTemplate\":\"https:\/\/soymat.com\/?s={search_term_string}\"},\"query-input\":{\"@type\":\"PropertyValueSpecification\",\"valueRequired\":true,\"valueName\":\"search_term_string\"}}],\"inLanguage\":\"es-AR\"},{\"@type\":\"Organization\",\"@id\":\"https:\/\/soymat.com\/#organization\",\"name\":\"So&Mat\",\"url\":\"https:\/\/soymat.com\/\",\"logo\":{\"@type\":\"ImageObject\",\"inLanguage\":\"es-AR\",\"@id\":\"https:\/\/soymat.com\/#\/schema\/logo\/image\/\",\"url\":\"https:\/\/soymat.com\/wp-content\/uploads\/2024\/08\/SoyMat.jpg\",\"contentUrl\":\"https:\/\/soymat.com\/wp-content\/uploads\/2024\/08\/SoyMat.jpg\",\"width\":600,\"height\":236,\"caption\":\"So&Mat\"},\"image\":{\"@id\":\"https:\/\/soymat.com\/#\/schema\/logo\/image\/\"}}]}<\/script>\n<!-- \/ Yoast SEO Premium plugin. -->","yoast_head_json":{"title":"Motor naftero 13HP 3600RPM -Racing- Lusqtoff - SoyMat \u2013 Seguridad Industrial","robots":{"index":"index","follow":"follow","max-snippet":"max-snippet:-1","max-image-preview":"max-image-preview:large","max-video-preview":"max-video-preview:-1"},"canonical":"https:\/\/soymat.com\/es\/producto\/motor-naftero-13hp-3600rpm-racing-lusqtoff\/","og_locale":"es_ES","og_type":"article","og_title":"Motor naftero 13HP 3600RPM -Racing- Lusqtoff","og_description":"Motor naftero 13HP 3600RPM -Dise\u00f1o Racing- Lusqtoff Cod. LMR390-9 Ficha t\u00e9cnica \u2022 Tipo de motor: 4 tiempos \u2022 Potencia: 13 HP \u2022 Aceite: 4T \u2022 Cilindrada: 389 cc. \u2022 Arranque: manual \u2022 Tanque de combustible: 6,5 lts. \u2022 Fuente de alimentaci\u00f3n: nafta \u2022 Incluye: cig\u00fce\u00f1al chaveteado \u2022 Peso: 35 kg. Caracter\u00edsticas \u2022 Ahorro de combustible [&hellip;]","og_url":"https:\/\/soymat.com\/es\/producto\/motor-naftero-13hp-3600rpm-racing-lusqtoff\/","og_site_name":"SoyMat \u2013 Seguridad Industrial","article_modified_time":"2026-03-31T22:06:12+00:00","og_image":[{"width":1000,"height":1000,"url":"https:\/\/soymat.com\/wp-content\/uploads\/2025\/05\/LMR390-9_-motor-naftero-13-hp-1.jpg","type":"image\/jpeg"}],"twitter_card":"summary_large_image","twitter_misc":{"Tiempo de lectura":"1 minuto"},"schema":{"@context":"https:\/\/schema.org","@graph":[{"@type":"WebPage","@id":"https:\/\/soymat.com\/producto\/motor-naftero-13hp-3600rpm-racing-lusqtoff\/","url":"https:\/\/soymat.com\/producto\/motor-naftero-13hp-3600rpm-racing-lusqtoff\/","name":"Motor naftero 13HP 3600RPM -Racing- Lusqtoff - SoyMat \u2013 Seguridad Industrial","isPartOf":{"@id":"https:\/\/soymat.com\/#website"},"primaryImageOfPage":{"@id":"https:\/\/soymat.com\/producto\/motor-naftero-13hp-3600rpm-racing-lusqtoff\/#primaryimage"},"image":{"@id":"https:\/\/soymat.com\/producto\/motor-naftero-13hp-3600rpm-racing-lusqtoff\/#primaryimage"},"thumbnailUrl":"https:\/\/soymat.com\/wp-content\/uploads\/2025\/05\/LMR390-9_-motor-naftero-13-hp-1.jpg","datePublished":"2025-05-29T00:17:29+00:00","dateModified":"2026-03-31T22:06:12+00:00","breadcrumb":{"@id":"https:\/\/soymat.com\/producto\/motor-naftero-13hp-3600rpm-racing-lusqtoff\/#breadcrumb"},"inLanguage":"es-AR","potentialAction":[{"@type":"ReadAction","target":["https:\/\/soymat.com\/producto\/motor-naftero-13hp-3600rpm-racing-lusqtoff\/"]}]},{"@type":"ImageObject","inLanguage":"es-AR","@id":"https:\/\/soymat.com\/producto\/motor-naftero-13hp-3600rpm-racing-lusqtoff\/#primaryimage","url":"https:\/\/soymat.com\/wp-content\/uploads\/2025\/05\/LMR390-9_-motor-naftero-13-hp-1.jpg","contentUrl":"https:\/\/soymat.com\/wp-content\/uploads\/2025\/05\/LMR390-9_-motor-naftero-13-hp-1.jpg","width":1000,"height":1000},{"@type":"BreadcrumbList","@id":"https:\/\/soymat.com\/producto\/motor-naftero-13hp-3600rpm-racing-lusqtoff\/#breadcrumb","itemListElement":[{"@type":"ListItem","position":1,"name":"Portada","item":"https:\/\/soymat.com\/"},{"@type":"ListItem","position":2,"name":"Todos los Productos","item":"https:\/\/soymat.com\/shop\/"},{"@type":"ListItem","position":3,"name":"Motor naftero 13HP 3600RPM -Racing- Lusqtoff"}]},{"@type":"WebSite","@id":"https:\/\/soymat.com\/#website","url":"https:\/\/soymat.com\/","name":"So&Mat","description":"Empresa Dedicada a la protecci\u00f3n global contra incendio . matafuegos redes bombas,venta instalaci\u00f3n y service, protecci\u00f3n y confort laboral en todo concepto.","publisher":{"@id":"https:\/\/soymat.com\/#organization"},"alternateName":"So&Mat","potentialAction":[{"@type":"SearchAction","target":{"@type":"EntryPoint","urlTemplate":"https:\/\/soymat.com\/?s={search_term_string}"},"query-input":{"@type":"PropertyValueSpecification","valueRequired":true,"valueName":"search_term_string"}}],"inLanguage":"es-AR"},{"@type":"Organization","@id":"https:\/\/soymat.com\/#organization","name":"So&Mat","url":"https:\/\/soymat.com\/","logo":{"@type":"ImageObject","inLanguage":"es-AR","@id":"https:\/\/soymat.com\/#\/schema\/logo\/image\/","url":"https:\/\/soymat.com\/wp-content\/uploads\/2024\/08\/SoyMat.jpg","contentUrl":"https:\/\/soymat.com\/wp-content\/uploads\/2024\/08\/SoyMat.jpg","width":600,"height":236,"caption":"So&Mat"},"image":{"@id":"https:\/\/soymat.com\/#\/schema\/logo\/image\/"}}]}},"_links":{"self":[{"href":"https:\/\/soymat.com\/es\/wp-json\/wp\/v2\/product\/22800","targetHints":{"allow":["GET"]}}],"collection":[{"href":"https:\/\/soymat.com\/es\/wp-json\/wp\/v2\/product"}],"about":[{"href":"https:\/\/soymat.com\/es\/wp-json\/wp\/v2\/types\/product"}],"wp:featuredmedia":[{"embeddable":true,"href":"https:\/\/soymat.com\/es\/wp-json\/wp\/v2\/media\/22802"}],"wp:attachment":[{"href":"https:\/\/soymat.com\/es\/wp-json\/wp\/v2\/media?parent=22800"}],"wp:term":[{"taxonomy":"product_cat","embeddable":true,"href":"https:\/\/soymat.com\/es\/wp-json\/wp\/v2\/product_cat?post=22800"},{"taxonomy":"product_tag","embeddable":true,"href":"https:\/\/soymat.com\/es\/wp-json\/wp\/v2\/product_tag?post=22800"}],"curies":[{"name":"wp","href":"https:\/\/api.w.org\/{rel}","templated":true}]}}