{"id":22822,"date":"2025-05-28T22:03:56","date_gmt":"2025-05-29T01:03:56","guid":{"rendered":"https:\/\/soymat.com\/?post_type=product&#038;p=22822"},"modified":"2025-11-06T19:05:42","modified_gmt":"2025-11-06T22:05:42","slug":"soldadora-rect-mma-400a-lusqtoff","status":"publish","type":"product","link":"https:\/\/soymat.com\/es\/producto\/soldadora-rect-mma-400a-lusqtoff\/","title":{"rendered":"Soldadora Rect MMA 400A Lusqtoff"},"content":{"rendered":"<p><strong>Soldadora Rect MMA 400A &#8211; Lusqtoff<\/strong><br \/>\nCod. MMA-400<\/p>\n<p>Ficha t\u00e9cnica<br \/>\n\u2022 Tensi\u00f3n de entrada: 3 Ph AC 380 V (\u00b1 15%)<br \/>\n\u2022 Frecuencia: 50\/60 Hz<br \/>\n\u2022 Corriente de entrada nominal (A): 22.1 A<br \/>\n\u2022 Ciclo de trabajo: (%) 320 A \/ 32,8 V AL 100% \/\/ 400 A \/ 36 V AL 60%<br \/>\n\u2022 Rango de corriente de salida (A): 40-400 A<br \/>\n\u2022 Tensi\u00f3n en vac\u00edo: 80 V<br \/>\n\u2022 Protecci\u00f3n: IP21S (protecci\u00f3n de trabajo hasta 40\u00ba de temperatura ambiente)<br \/>\n\u2022 Eficiencia: 85 %<br \/>\n\u2022 Grado de aislamiento: H<br \/>\n\u2022 Peso Bruto: 23,8 Kg. \/ Neto 20 kg.<\/p>\n<p>INCLUYE<\/p>\n<p>\u2022 Pinza porta maza<br \/>\n\u2022 Pinza porta electrodo<\/p>","protected":false},"excerpt":{"rendered":"<p>Soldadora Rect MMA 400A &#8211; Lusqtoff Cod. MMA-400 Ficha t\u00e9cnica \u2022 Tensi\u00f3n de entrada: 3 Ph AC 380 V (\u00b1 15%) \u2022 Frecuencia: 50\/60 Hz \u2022 Corriente de entrada nominal (A): 22.1 A \u2022 Ciclo de trabajo: (%) 320 A \/ 32,8 V AL 100% \/\/ 400 A \/ 36 V AL 60% \u2022 Rango [&hellip;]<\/p>\n","protected":false},"featured_media":22828,"template":"","meta":[],"product_cat":[191],"product_tag":[615,457,482,214,539,537,316,315],"class_list":{"0":"post-22822","1":"product","2":"type-product","3":"status-publish","4":"has-post-thumbnail","6":"product_brand-lusqtoff-maquinas-y-herramientas-electricas-manuales","7":"product_cat-maquinas-y-herramientas","8":"product_tag-herrereia","9":"product_tag-herrero","10":"product_tag-lusqtoff","11":"product_tag-metalurgica","12":"product_tag-mma","13":"product_tag-soldador","14":"product_tag-soldadora","15":"product_tag-taller-metalurgico","17":"first","18":"instock","19":"taxable","20":"shipping-taxable","21":"purchasable","22":"product-type-simple","23":"add-to-wishlist-after_add_to_cart"},"yoast_head":"<!-- This site is optimized with the Yoast SEO Premium plugin v26.9 (Yoast SEO v26.9) - https:\/\/yoast.com\/product\/yoast-seo-premium-wordpress\/ -->\n<title>Soldadora Rect MMA 400A Lusqtoff - SoyMat \u2013 Seguridad Industrial<\/title>\n<meta name=\"robots\" content=\"index, follow, max-snippet:-1, max-image-preview:large, max-video-preview:-1\" \/>\n<link rel=\"canonical\" href=\"https:\/\/soymat.com\/es\/producto\/soldadora-rect-mma-400a-lusqtoff\/\" \/>\n<meta property=\"og:locale\" content=\"es_ES\" \/>\n<meta property=\"og:type\" content=\"article\" \/>\n<meta property=\"og:title\" content=\"Soldadora Rect MMA 400A Lusqtoff\" \/>\n<meta property=\"og:description\" content=\"Soldadora Rect MMA 400A &#8211; Lusqtoff Cod. MMA-400 Ficha t\u00e9cnica \u2022 Tensi\u00f3n de entrada: 3 Ph AC 380 V (\u00b1 15%) \u2022 Frecuencia: 50\/60 Hz \u2022 Corriente de entrada nominal (A): 22.1 A \u2022 Ciclo de trabajo: (%) 320 A \/ 32,8 V AL 100% \/\/ 400 A \/ 36 V AL 60% \u2022 Rango [&hellip;]\" \/>\n<meta property=\"og:url\" content=\"https:\/\/soymat.com\/es\/producto\/soldadora-rect-mma-400a-lusqtoff\/\" \/>\n<meta property=\"og:site_name\" content=\"SoyMat \u2013 Seguridad Industrial\" \/>\n<meta property=\"article:modified_time\" content=\"2025-11-06T22:05:42+00:00\" \/>\n<meta property=\"og:image\" content=\"https:\/\/soymat.com\/wp-content\/uploads\/2025\/05\/MMA-400_-soldadora-recta_-1.jpg\" \/>\n\t<meta property=\"og:image:width\" content=\"1000\" \/>\n\t<meta property=\"og:image:height\" content=\"1000\" \/>\n\t<meta property=\"og:image:type\" content=\"image\/jpeg\" \/>\n<meta name=\"twitter:card\" content=\"summary_large_image\" \/>\n<meta name=\"twitter:label1\" content=\"Tiempo de lectura\" \/>\n\t<meta name=\"twitter:data1\" content=\"1 minuto\" \/>\n<script type=\"application\/ld+json\" class=\"yoast-schema-graph\">{\"@context\":\"https:\/\/schema.org\",\"@graph\":[{\"@type\":\"WebPage\",\"@id\":\"https:\/\/soymat.com\/producto\/soldadora-rect-mma-400a-lusqtoff\/\",\"url\":\"https:\/\/soymat.com\/producto\/soldadora-rect-mma-400a-lusqtoff\/\",\"name\":\"Soldadora Rect MMA 400A Lusqtoff - SoyMat \u2013 Seguridad Industrial\",\"isPartOf\":{\"@id\":\"https:\/\/soymat.com\/#website\"},\"primaryImageOfPage\":{\"@id\":\"https:\/\/soymat.com\/producto\/soldadora-rect-mma-400a-lusqtoff\/#primaryimage\"},\"image\":{\"@id\":\"https:\/\/soymat.com\/producto\/soldadora-rect-mma-400a-lusqtoff\/#primaryimage\"},\"thumbnailUrl\":\"https:\/\/soymat.com\/wp-content\/uploads\/2025\/05\/MMA-400_-soldadora-recta_-1.jpg\",\"datePublished\":\"2025-05-29T01:03:56+00:00\",\"dateModified\":\"2025-11-06T22:05:42+00:00\",\"breadcrumb\":{\"@id\":\"https:\/\/soymat.com\/producto\/soldadora-rect-mma-400a-lusqtoff\/#breadcrumb\"},\"inLanguage\":\"es-AR\",\"potentialAction\":[{\"@type\":\"ReadAction\",\"target\":[\"https:\/\/soymat.com\/producto\/soldadora-rect-mma-400a-lusqtoff\/\"]}]},{\"@type\":\"ImageObject\",\"inLanguage\":\"es-AR\",\"@id\":\"https:\/\/soymat.com\/producto\/soldadora-rect-mma-400a-lusqtoff\/#primaryimage\",\"url\":\"https:\/\/soymat.com\/wp-content\/uploads\/2025\/05\/MMA-400_-soldadora-recta_-1.jpg\",\"contentUrl\":\"https:\/\/soymat.com\/wp-content\/uploads\/2025\/05\/MMA-400_-soldadora-recta_-1.jpg\",\"width\":1000,\"height\":1000},{\"@type\":\"BreadcrumbList\",\"@id\":\"https:\/\/soymat.com\/producto\/soldadora-rect-mma-400a-lusqtoff\/#breadcrumb\",\"itemListElement\":[{\"@type\":\"ListItem\",\"position\":1,\"name\":\"Portada\",\"item\":\"https:\/\/soymat.com\/\"},{\"@type\":\"ListItem\",\"position\":2,\"name\":\"Todos los Productos\",\"item\":\"https:\/\/soymat.com\/shop\/\"},{\"@type\":\"ListItem\",\"position\":3,\"name\":\"Soldadora Rect MMA 400A Lusqtoff\"}]},{\"@type\":\"WebSite\",\"@id\":\"https:\/\/soymat.com\/#website\",\"url\":\"https:\/\/soymat.com\/\",\"name\":\"So&Mat\",\"description\":\"Empresa Dedicada a la protecci\u00f3n global contra incendio . matafuegos redes bombas,venta instalaci\u00f3n y service, protecci\u00f3n y confort laboral en todo concepto.\",\"publisher\":{\"@id\":\"https:\/\/soymat.com\/#organization\"},\"alternateName\":\"So&Mat\",\"potentialAction\":[{\"@type\":\"SearchAction\",\"target\":{\"@type\":\"EntryPoint\",\"urlTemplate\":\"https:\/\/soymat.com\/?s={search_term_string}\"},\"query-input\":{\"@type\":\"PropertyValueSpecification\",\"valueRequired\":true,\"valueName\":\"search_term_string\"}}],\"inLanguage\":\"es-AR\"},{\"@type\":\"Organization\",\"@id\":\"https:\/\/soymat.com\/#organization\",\"name\":\"So&Mat\",\"url\":\"https:\/\/soymat.com\/\",\"logo\":{\"@type\":\"ImageObject\",\"inLanguage\":\"es-AR\",\"@id\":\"https:\/\/soymat.com\/#\/schema\/logo\/image\/\",\"url\":\"https:\/\/soymat.com\/wp-content\/uploads\/2024\/08\/SoyMat.jpg\",\"contentUrl\":\"https:\/\/soymat.com\/wp-content\/uploads\/2024\/08\/SoyMat.jpg\",\"width\":600,\"height\":236,\"caption\":\"So&Mat\"},\"image\":{\"@id\":\"https:\/\/soymat.com\/#\/schema\/logo\/image\/\"}}]}<\/script>\n<!-- \/ Yoast SEO Premium plugin. -->","yoast_head_json":{"title":"Soldadora Rect MMA 400A Lusqtoff - SoyMat \u2013 Seguridad Industrial","robots":{"index":"index","follow":"follow","max-snippet":"max-snippet:-1","max-image-preview":"max-image-preview:large","max-video-preview":"max-video-preview:-1"},"canonical":"https:\/\/soymat.com\/es\/producto\/soldadora-rect-mma-400a-lusqtoff\/","og_locale":"es_ES","og_type":"article","og_title":"Soldadora Rect MMA 400A Lusqtoff","og_description":"Soldadora Rect MMA 400A &#8211; Lusqtoff Cod. MMA-400 Ficha t\u00e9cnica \u2022 Tensi\u00f3n de entrada: 3 Ph AC 380 V (\u00b1 15%) \u2022 Frecuencia: 50\/60 Hz \u2022 Corriente de entrada nominal (A): 22.1 A \u2022 Ciclo de trabajo: (%) 320 A \/ 32,8 V AL 100% \/\/ 400 A \/ 36 V AL 60% \u2022 Rango [&hellip;]","og_url":"https:\/\/soymat.com\/es\/producto\/soldadora-rect-mma-400a-lusqtoff\/","og_site_name":"SoyMat \u2013 Seguridad Industrial","article_modified_time":"2025-11-06T22:05:42+00:00","og_image":[{"width":1000,"height":1000,"url":"https:\/\/soymat.com\/wp-content\/uploads\/2025\/05\/MMA-400_-soldadora-recta_-1.jpg","type":"image\/jpeg"}],"twitter_card":"summary_large_image","twitter_misc":{"Tiempo de lectura":"1 minuto"},"schema":{"@context":"https:\/\/schema.org","@graph":[{"@type":"WebPage","@id":"https:\/\/soymat.com\/producto\/soldadora-rect-mma-400a-lusqtoff\/","url":"https:\/\/soymat.com\/producto\/soldadora-rect-mma-400a-lusqtoff\/","name":"Soldadora Rect MMA 400A Lusqtoff - SoyMat \u2013 Seguridad Industrial","isPartOf":{"@id":"https:\/\/soymat.com\/#website"},"primaryImageOfPage":{"@id":"https:\/\/soymat.com\/producto\/soldadora-rect-mma-400a-lusqtoff\/#primaryimage"},"image":{"@id":"https:\/\/soymat.com\/producto\/soldadora-rect-mma-400a-lusqtoff\/#primaryimage"},"thumbnailUrl":"https:\/\/soymat.com\/wp-content\/uploads\/2025\/05\/MMA-400_-soldadora-recta_-1.jpg","datePublished":"2025-05-29T01:03:56+00:00","dateModified":"2025-11-06T22:05:42+00:00","breadcrumb":{"@id":"https:\/\/soymat.com\/producto\/soldadora-rect-mma-400a-lusqtoff\/#breadcrumb"},"inLanguage":"es-AR","potentialAction":[{"@type":"ReadAction","target":["https:\/\/soymat.com\/producto\/soldadora-rect-mma-400a-lusqtoff\/"]}]},{"@type":"ImageObject","inLanguage":"es-AR","@id":"https:\/\/soymat.com\/producto\/soldadora-rect-mma-400a-lusqtoff\/#primaryimage","url":"https:\/\/soymat.com\/wp-content\/uploads\/2025\/05\/MMA-400_-soldadora-recta_-1.jpg","contentUrl":"https:\/\/soymat.com\/wp-content\/uploads\/2025\/05\/MMA-400_-soldadora-recta_-1.jpg","width":1000,"height":1000},{"@type":"BreadcrumbList","@id":"https:\/\/soymat.com\/producto\/soldadora-rect-mma-400a-lusqtoff\/#breadcrumb","itemListElement":[{"@type":"ListItem","position":1,"name":"Portada","item":"https:\/\/soymat.com\/"},{"@type":"ListItem","position":2,"name":"Todos los Productos","item":"https:\/\/soymat.com\/shop\/"},{"@type":"ListItem","position":3,"name":"Soldadora Rect MMA 400A Lusqtoff"}]},{"@type":"WebSite","@id":"https:\/\/soymat.com\/#website","url":"https:\/\/soymat.com\/","name":"So&Mat","description":"Empresa Dedicada a la protecci\u00f3n global contra incendio . matafuegos redes bombas,venta instalaci\u00f3n y service, protecci\u00f3n y confort laboral en todo concepto.","publisher":{"@id":"https:\/\/soymat.com\/#organization"},"alternateName":"So&Mat","potentialAction":[{"@type":"SearchAction","target":{"@type":"EntryPoint","urlTemplate":"https:\/\/soymat.com\/?s={search_term_string}"},"query-input":{"@type":"PropertyValueSpecification","valueRequired":true,"valueName":"search_term_string"}}],"inLanguage":"es-AR"},{"@type":"Organization","@id":"https:\/\/soymat.com\/#organization","name":"So&Mat","url":"https:\/\/soymat.com\/","logo":{"@type":"ImageObject","inLanguage":"es-AR","@id":"https:\/\/soymat.com\/#\/schema\/logo\/image\/","url":"https:\/\/soymat.com\/wp-content\/uploads\/2024\/08\/SoyMat.jpg","contentUrl":"https:\/\/soymat.com\/wp-content\/uploads\/2024\/08\/SoyMat.jpg","width":600,"height":236,"caption":"So&Mat"},"image":{"@id":"https:\/\/soymat.com\/#\/schema\/logo\/image\/"}}]}},"_links":{"self":[{"href":"https:\/\/soymat.com\/es\/wp-json\/wp\/v2\/product\/22822","targetHints":{"allow":["GET"]}}],"collection":[{"href":"https:\/\/soymat.com\/es\/wp-json\/wp\/v2\/product"}],"about":[{"href":"https:\/\/soymat.com\/es\/wp-json\/wp\/v2\/types\/product"}],"wp:featuredmedia":[{"embeddable":true,"href":"https:\/\/soymat.com\/es\/wp-json\/wp\/v2\/media\/22828"}],"wp:attachment":[{"href":"https:\/\/soymat.com\/es\/wp-json\/wp\/v2\/media?parent=22822"}],"wp:term":[{"taxonomy":"product_cat","embeddable":true,"href":"https:\/\/soymat.com\/es\/wp-json\/wp\/v2\/product_cat?post=22822"},{"taxonomy":"product_tag","embeddable":true,"href":"https:\/\/soymat.com\/es\/wp-json\/wp\/v2\/product_tag?post=22822"}],"curies":[{"name":"wp","href":"https:\/\/api.w.org\/{rel}","templated":true}]}}