{"id":22834,"date":"2025-05-28T22:15:43","date_gmt":"2025-05-29T01:15:43","guid":{"rendered":"https:\/\/soymat.com\/?post_type=product&#038;p=22834"},"modified":"2026-02-05T10:06:22","modified_gmt":"2026-02-05T13:06:22","slug":"taladro-a-bateria-con-percutor-10mm-18v-lusqtoff","status":"publish","type":"product","link":"https:\/\/soymat.com\/es\/producto\/taladro-a-bateria-con-percutor-10mm-18v-lusqtoff\/","title":{"rendered":"Taladro a Bater\u00eda con Percutor 10mm 18V Lusqtoff"},"content":{"rendered":"<p><strong>Taladro a Bater\u00eda con Percutor 10mm 18V &#8211; Lusqtoff<\/strong><br \/>\nCod. ATL18-8B<\/p>\n<p>Ficha t\u00e9cnica<\/p>\n<p>\u2022 Voltaje: 18 V<br \/>\n\u2022 Potencia: 2.0 A<br \/>\n\u2022 Velocidad: 1350 Rpm<br \/>\n\u2022 Impacto: 20250 Rpm<br \/>\n\u2022 Mandril autoajustable pl\u00e1stico: 0.8 &#8211; 10 mm<br \/>\n\u2022 Torque m\u00e1ximo: 25 N\/m<br \/>\n\u2022 Peso: 3,2 kg<\/p>\n<p>INCLUYE<br \/>\n\u2022 2 bater\u00edas<br \/>\n\u2022 Malet\u00edn<br \/>\n\u2022 Cargador<\/p>\n<p>Caracter\u00edsticas<br \/>\n\u2022 Posici\u00f3n de atornillado con 18 + 1 posiciones de torque.<br \/>\n\u2022 Velocidad variable.<br \/>\n\u2022 Posiciones de torque.<br \/>\n\u2022 Luz led frontal<\/p>","protected":false},"excerpt":{"rendered":"<p>Taladro a Bater\u00eda con Percutor 10mm 18V &#8211; Lusqtoff Cod. ATL18-8B Ficha t\u00e9cnica \u2022 Voltaje: 18 V \u2022 Potencia: 2.0 A \u2022 Velocidad: 1350 Rpm \u2022 Impacto: 20250 Rpm \u2022 Mandril autoajustable pl\u00e1stico: 0.8 &#8211; 10 mm \u2022 Torque m\u00e1ximo: 25 N\/m \u2022 Peso: 3,2 kg INCLUYE \u2022 2 bater\u00edas \u2022 Malet\u00edn \u2022 Cargador Caracter\u00edsticas [&hellip;]<\/p>\n","protected":false},"featured_media":22838,"template":"","meta":[],"product_cat":[191],"product_tag":[412,453,482,620,476,621],"class_list":{"0":"post-22834","1":"product","2":"type-product","3":"status-publish","4":"has-post-thumbnail","6":"product_brand-lusqtoff-maquinas-y-herramientas-electricas-manuales","7":"product_cat-maquinas-y-herramientas","8":"product_tag-a-bateria","9":"product_tag-herramientas-electricas","10":"product_tag-lusqtoff","11":"product_tag-percutor","12":"product_tag-taladro","13":"product_tag-taladro-a-percutor","15":"first","16":"instock","17":"taxable","18":"shipping-taxable","19":"purchasable","20":"product-type-simple","21":"add-to-wishlist-after_add_to_cart"},"yoast_head":"<!-- This site is optimized with the Yoast SEO Premium plugin v26.9 (Yoast SEO v26.9) - https:\/\/yoast.com\/product\/yoast-seo-premium-wordpress\/ -->\n<title>Taladro a Bater\u00eda con Percutor 10mm 18V Lusqtoff - SoyMat \u2013 Seguridad Industrial<\/title>\n<meta name=\"robots\" content=\"index, follow, max-snippet:-1, max-image-preview:large, max-video-preview:-1\" \/>\n<link rel=\"canonical\" href=\"https:\/\/soymat.com\/es\/producto\/taladro-a-bateria-con-percutor-10mm-18v-lusqtoff\/\" \/>\n<meta property=\"og:locale\" content=\"es_ES\" \/>\n<meta property=\"og:type\" content=\"article\" \/>\n<meta property=\"og:title\" content=\"Taladro a Bater\u00eda con Percutor 10mm 18V Lusqtoff\" \/>\n<meta property=\"og:description\" content=\"Taladro a Bater\u00eda con Percutor 10mm 18V &#8211; Lusqtoff Cod. ATL18-8B Ficha t\u00e9cnica \u2022 Voltaje: 18 V \u2022 Potencia: 2.0 A \u2022 Velocidad: 1350 Rpm \u2022 Impacto: 20250 Rpm \u2022 Mandril autoajustable pl\u00e1stico: 0.8 &#8211; 10 mm \u2022 Torque m\u00e1ximo: 25 N\/m \u2022 Peso: 3,2 kg INCLUYE \u2022 2 bater\u00edas \u2022 Malet\u00edn \u2022 Cargador Caracter\u00edsticas [&hellip;]\" \/>\n<meta property=\"og:url\" content=\"https:\/\/soymat.com\/es\/producto\/taladro-a-bateria-con-percutor-10mm-18v-lusqtoff\/\" \/>\n<meta property=\"og:site_name\" content=\"SoyMat \u2013 Seguridad Industrial\" \/>\n<meta property=\"article:modified_time\" content=\"2026-02-05T13:06:22+00:00\" \/>\n<meta property=\"og:image\" content=\"https:\/\/soymat.com\/wp-content\/uploads\/2025\/05\/atl18-8b-taladro.jpg\" \/>\n\t<meta property=\"og:image:width\" content=\"1000\" \/>\n\t<meta property=\"og:image:height\" content=\"1000\" \/>\n\t<meta property=\"og:image:type\" content=\"image\/jpeg\" \/>\n<meta name=\"twitter:card\" content=\"summary_large_image\" \/>\n<meta name=\"twitter:label1\" content=\"Tiempo de lectura\" \/>\n\t<meta name=\"twitter:data1\" content=\"1 minuto\" \/>\n<script type=\"application\/ld+json\" class=\"yoast-schema-graph\">{\"@context\":\"https:\/\/schema.org\",\"@graph\":[{\"@type\":\"WebPage\",\"@id\":\"https:\/\/soymat.com\/producto\/taladro-a-bateria-con-percutor-10mm-18v-lusqtoff\/\",\"url\":\"https:\/\/soymat.com\/producto\/taladro-a-bateria-con-percutor-10mm-18v-lusqtoff\/\",\"name\":\"Taladro a Bater\u00eda con Percutor 10mm 18V Lusqtoff - SoyMat \u2013 Seguridad Industrial\",\"isPartOf\":{\"@id\":\"https:\/\/soymat.com\/#website\"},\"primaryImageOfPage\":{\"@id\":\"https:\/\/soymat.com\/producto\/taladro-a-bateria-con-percutor-10mm-18v-lusqtoff\/#primaryimage\"},\"image\":{\"@id\":\"https:\/\/soymat.com\/producto\/taladro-a-bateria-con-percutor-10mm-18v-lusqtoff\/#primaryimage\"},\"thumbnailUrl\":\"https:\/\/soymat.com\/wp-content\/uploads\/2025\/05\/atl18-8b-taladro.jpg\",\"datePublished\":\"2025-05-29T01:15:43+00:00\",\"dateModified\":\"2026-02-05T13:06:22+00:00\",\"breadcrumb\":{\"@id\":\"https:\/\/soymat.com\/producto\/taladro-a-bateria-con-percutor-10mm-18v-lusqtoff\/#breadcrumb\"},\"inLanguage\":\"es-AR\",\"potentialAction\":[{\"@type\":\"ReadAction\",\"target\":[\"https:\/\/soymat.com\/producto\/taladro-a-bateria-con-percutor-10mm-18v-lusqtoff\/\"]}]},{\"@type\":\"ImageObject\",\"inLanguage\":\"es-AR\",\"@id\":\"https:\/\/soymat.com\/producto\/taladro-a-bateria-con-percutor-10mm-18v-lusqtoff\/#primaryimage\",\"url\":\"https:\/\/soymat.com\/wp-content\/uploads\/2025\/05\/atl18-8b-taladro.jpg\",\"contentUrl\":\"https:\/\/soymat.com\/wp-content\/uploads\/2025\/05\/atl18-8b-taladro.jpg\",\"width\":1000,\"height\":1000},{\"@type\":\"BreadcrumbList\",\"@id\":\"https:\/\/soymat.com\/producto\/taladro-a-bateria-con-percutor-10mm-18v-lusqtoff\/#breadcrumb\",\"itemListElement\":[{\"@type\":\"ListItem\",\"position\":1,\"name\":\"Portada\",\"item\":\"https:\/\/soymat.com\/\"},{\"@type\":\"ListItem\",\"position\":2,\"name\":\"Todos los Productos\",\"item\":\"https:\/\/soymat.com\/shop\/\"},{\"@type\":\"ListItem\",\"position\":3,\"name\":\"Taladro a Bater\u00eda con Percutor 10mm 18V Lusqtoff\"}]},{\"@type\":\"WebSite\",\"@id\":\"https:\/\/soymat.com\/#website\",\"url\":\"https:\/\/soymat.com\/\",\"name\":\"So&Mat\",\"description\":\"Empresa Dedicada a la protecci\u00f3n global contra incendio . matafuegos redes bombas,venta instalaci\u00f3n y service, protecci\u00f3n y confort laboral en todo concepto.\",\"publisher\":{\"@id\":\"https:\/\/soymat.com\/#organization\"},\"alternateName\":\"So&Mat\",\"potentialAction\":[{\"@type\":\"SearchAction\",\"target\":{\"@type\":\"EntryPoint\",\"urlTemplate\":\"https:\/\/soymat.com\/?s={search_term_string}\"},\"query-input\":{\"@type\":\"PropertyValueSpecification\",\"valueRequired\":true,\"valueName\":\"search_term_string\"}}],\"inLanguage\":\"es-AR\"},{\"@type\":\"Organization\",\"@id\":\"https:\/\/soymat.com\/#organization\",\"name\":\"So&Mat\",\"url\":\"https:\/\/soymat.com\/\",\"logo\":{\"@type\":\"ImageObject\",\"inLanguage\":\"es-AR\",\"@id\":\"https:\/\/soymat.com\/#\/schema\/logo\/image\/\",\"url\":\"https:\/\/soymat.com\/wp-content\/uploads\/2024\/08\/SoyMat.jpg\",\"contentUrl\":\"https:\/\/soymat.com\/wp-content\/uploads\/2024\/08\/SoyMat.jpg\",\"width\":600,\"height\":236,\"caption\":\"So&Mat\"},\"image\":{\"@id\":\"https:\/\/soymat.com\/#\/schema\/logo\/image\/\"}}]}<\/script>\n<!-- \/ Yoast SEO Premium plugin. -->","yoast_head_json":{"title":"Taladro a Bater\u00eda con Percutor 10mm 18V Lusqtoff - SoyMat \u2013 Seguridad Industrial","robots":{"index":"index","follow":"follow","max-snippet":"max-snippet:-1","max-image-preview":"max-image-preview:large","max-video-preview":"max-video-preview:-1"},"canonical":"https:\/\/soymat.com\/es\/producto\/taladro-a-bateria-con-percutor-10mm-18v-lusqtoff\/","og_locale":"es_ES","og_type":"article","og_title":"Taladro a Bater\u00eda con Percutor 10mm 18V Lusqtoff","og_description":"Taladro a Bater\u00eda con Percutor 10mm 18V &#8211; Lusqtoff Cod. ATL18-8B Ficha t\u00e9cnica \u2022 Voltaje: 18 V \u2022 Potencia: 2.0 A \u2022 Velocidad: 1350 Rpm \u2022 Impacto: 20250 Rpm \u2022 Mandril autoajustable pl\u00e1stico: 0.8 &#8211; 10 mm \u2022 Torque m\u00e1ximo: 25 N\/m \u2022 Peso: 3,2 kg INCLUYE \u2022 2 bater\u00edas \u2022 Malet\u00edn \u2022 Cargador Caracter\u00edsticas [&hellip;]","og_url":"https:\/\/soymat.com\/es\/producto\/taladro-a-bateria-con-percutor-10mm-18v-lusqtoff\/","og_site_name":"SoyMat \u2013 Seguridad Industrial","article_modified_time":"2026-02-05T13:06:22+00:00","og_image":[{"width":1000,"height":1000,"url":"https:\/\/soymat.com\/wp-content\/uploads\/2025\/05\/atl18-8b-taladro.jpg","type":"image\/jpeg"}],"twitter_card":"summary_large_image","twitter_misc":{"Tiempo de lectura":"1 minuto"},"schema":{"@context":"https:\/\/schema.org","@graph":[{"@type":"WebPage","@id":"https:\/\/soymat.com\/producto\/taladro-a-bateria-con-percutor-10mm-18v-lusqtoff\/","url":"https:\/\/soymat.com\/producto\/taladro-a-bateria-con-percutor-10mm-18v-lusqtoff\/","name":"Taladro a Bater\u00eda con Percutor 10mm 18V Lusqtoff - SoyMat \u2013 Seguridad Industrial","isPartOf":{"@id":"https:\/\/soymat.com\/#website"},"primaryImageOfPage":{"@id":"https:\/\/soymat.com\/producto\/taladro-a-bateria-con-percutor-10mm-18v-lusqtoff\/#primaryimage"},"image":{"@id":"https:\/\/soymat.com\/producto\/taladro-a-bateria-con-percutor-10mm-18v-lusqtoff\/#primaryimage"},"thumbnailUrl":"https:\/\/soymat.com\/wp-content\/uploads\/2025\/05\/atl18-8b-taladro.jpg","datePublished":"2025-05-29T01:15:43+00:00","dateModified":"2026-02-05T13:06:22+00:00","breadcrumb":{"@id":"https:\/\/soymat.com\/producto\/taladro-a-bateria-con-percutor-10mm-18v-lusqtoff\/#breadcrumb"},"inLanguage":"es-AR","potentialAction":[{"@type":"ReadAction","target":["https:\/\/soymat.com\/producto\/taladro-a-bateria-con-percutor-10mm-18v-lusqtoff\/"]}]},{"@type":"ImageObject","inLanguage":"es-AR","@id":"https:\/\/soymat.com\/producto\/taladro-a-bateria-con-percutor-10mm-18v-lusqtoff\/#primaryimage","url":"https:\/\/soymat.com\/wp-content\/uploads\/2025\/05\/atl18-8b-taladro.jpg","contentUrl":"https:\/\/soymat.com\/wp-content\/uploads\/2025\/05\/atl18-8b-taladro.jpg","width":1000,"height":1000},{"@type":"BreadcrumbList","@id":"https:\/\/soymat.com\/producto\/taladro-a-bateria-con-percutor-10mm-18v-lusqtoff\/#breadcrumb","itemListElement":[{"@type":"ListItem","position":1,"name":"Portada","item":"https:\/\/soymat.com\/"},{"@type":"ListItem","position":2,"name":"Todos los Productos","item":"https:\/\/soymat.com\/shop\/"},{"@type":"ListItem","position":3,"name":"Taladro a Bater\u00eda con Percutor 10mm 18V Lusqtoff"}]},{"@type":"WebSite","@id":"https:\/\/soymat.com\/#website","url":"https:\/\/soymat.com\/","name":"So&Mat","description":"Empresa Dedicada a la protecci\u00f3n global contra incendio . matafuegos redes bombas,venta instalaci\u00f3n y service, protecci\u00f3n y confort laboral en todo concepto.","publisher":{"@id":"https:\/\/soymat.com\/#organization"},"alternateName":"So&Mat","potentialAction":[{"@type":"SearchAction","target":{"@type":"EntryPoint","urlTemplate":"https:\/\/soymat.com\/?s={search_term_string}"},"query-input":{"@type":"PropertyValueSpecification","valueRequired":true,"valueName":"search_term_string"}}],"inLanguage":"es-AR"},{"@type":"Organization","@id":"https:\/\/soymat.com\/#organization","name":"So&Mat","url":"https:\/\/soymat.com\/","logo":{"@type":"ImageObject","inLanguage":"es-AR","@id":"https:\/\/soymat.com\/#\/schema\/logo\/image\/","url":"https:\/\/soymat.com\/wp-content\/uploads\/2024\/08\/SoyMat.jpg","contentUrl":"https:\/\/soymat.com\/wp-content\/uploads\/2024\/08\/SoyMat.jpg","width":600,"height":236,"caption":"So&Mat"},"image":{"@id":"https:\/\/soymat.com\/#\/schema\/logo\/image\/"}}]}},"_links":{"self":[{"href":"https:\/\/soymat.com\/es\/wp-json\/wp\/v2\/product\/22834","targetHints":{"allow":["GET"]}}],"collection":[{"href":"https:\/\/soymat.com\/es\/wp-json\/wp\/v2\/product"}],"about":[{"href":"https:\/\/soymat.com\/es\/wp-json\/wp\/v2\/types\/product"}],"wp:featuredmedia":[{"embeddable":true,"href":"https:\/\/soymat.com\/es\/wp-json\/wp\/v2\/media\/22838"}],"wp:attachment":[{"href":"https:\/\/soymat.com\/es\/wp-json\/wp\/v2\/media?parent=22834"}],"wp:term":[{"taxonomy":"product_cat","embeddable":true,"href":"https:\/\/soymat.com\/es\/wp-json\/wp\/v2\/product_cat?post=22834"},{"taxonomy":"product_tag","embeddable":true,"href":"https:\/\/soymat.com\/es\/wp-json\/wp\/v2\/product_tag?post=22834"}],"curies":[{"name":"wp","href":"https:\/\/api.w.org\/{rel}","templated":true}]}}