{"id":22839,"date":"2025-05-28T22:20:10","date_gmt":"2025-05-29T01:20:10","guid":{"rendered":"https:\/\/soymat.com\/?post_type=product&#038;p=22839"},"modified":"2026-04-01T19:06:49","modified_gmt":"2026-04-01T22:06:49","slug":"taladro-percutor-710w-lusqtoff","status":"publish","type":"product","link":"https:\/\/soymat.com\/es\/producto\/taladro-percutor-710w-lusqtoff\/","title":{"rendered":"Taladro Percutor 710W Lusqtoff"},"content":{"rendered":"<p><strong>Taladro Percutor 710W &#8211; Lusqtoff<\/strong><br \/>\nCod. TPL710-8<\/p>\n<p>Ficha t\u00e9cnica<\/p>\n<p>\u2022 Tensi\u00f3n: 220V~50Hz<br \/>\n\u2022 Potencia: 710 W<br \/>\n\u2022 Velocidad: 0 &#8211; 3200 rpm.<br \/>\n\u2022 Torque: 11 Nm.<br \/>\n\u2022 Mandril: 1,0 &#8211; 13 mm.<br \/>\n\u2022 Perforaci\u00f3n en madera: 30 mm.<br \/>\n\u2022 Perforaci\u00f3n en acero: 13 mm.<br \/>\n\u2022 Perforaci\u00f3n en mamposter\u00eda: 12 mm.<br \/>\n\u2022 Carcasa de engranaje met\u00e1lico<br \/>\n\u2022 Peso: 3 kg.<\/p>\n<p>Caracter\u00edsticas<br \/>\n\u2022 Velocidad variable y reversible.<br \/>\n\u2022 Empu\u00f1adura lateral en soft grip y tope de profundidad.<br \/>\n\u2022 Ideal para aplicaciones en madera, acero y mamposter\u00edas.<\/p>\n<p>INCLUYE<\/p>\n<p>\u2022 Mango lateral<br \/>\n\u2022 Llave de ajuste<\/p>","protected":false},"excerpt":{"rendered":"<p>Taladro Percutor 710W &#8211; Lusqtoff Cod. TPL710-8 Ficha t\u00e9cnica \u2022 Tensi\u00f3n: 220V~50Hz \u2022 Potencia: 710 W \u2022 Velocidad: 0 &#8211; 3200 rpm. \u2022 Torque: 11 Nm. \u2022 Mandril: 1,0 &#8211; 13 mm. \u2022 Perforaci\u00f3n en madera: 30 mm. \u2022 Perforaci\u00f3n en acero: 13 mm. \u2022 Perforaci\u00f3n en mamposter\u00eda: 12 mm. \u2022 Carcasa de engranaje met\u00e1lico [&hellip;]<\/p>\n","protected":false},"featured_media":22840,"template":"","meta":[],"product_cat":[191],"product_tag":[199,453,208,476,621],"class_list":{"0":"post-22839","1":"product","2":"type-product","3":"status-publish","4":"has-post-thumbnail","6":"product_brand-lusqtoff-maquinas-y-herramientas-electricas-manuales","7":"product_cat-maquinas-y-herramientas","8":"product_tag-herramientas-a-bateria","9":"product_tag-herramientas-electricas","10":"product_tag-maquinas-y-herramientas","11":"product_tag-taladro","12":"product_tag-taladro-a-percutor","14":"first","15":"instock","16":"taxable","17":"shipping-taxable","18":"purchasable","19":"product-type-simple","20":"add-to-wishlist-after_add_to_cart"},"yoast_head":"<!-- This site is optimized with the Yoast SEO Premium plugin v26.9 (Yoast SEO v26.9) - https:\/\/yoast.com\/product\/yoast-seo-premium-wordpress\/ -->\n<title>Taladro Percutor 710W Lusqtoff - SoyMat \u2013 Seguridad Industrial<\/title>\n<meta name=\"robots\" content=\"index, follow, max-snippet:-1, max-image-preview:large, max-video-preview:-1\" \/>\n<link rel=\"canonical\" href=\"https:\/\/soymat.com\/es\/producto\/taladro-percutor-710w-lusqtoff\/\" \/>\n<meta property=\"og:locale\" content=\"es_ES\" \/>\n<meta property=\"og:type\" content=\"article\" \/>\n<meta property=\"og:title\" content=\"Taladro Percutor 710W Lusqtoff\" \/>\n<meta property=\"og:description\" content=\"Taladro Percutor 710W &#8211; Lusqtoff Cod. TPL710-8 Ficha t\u00e9cnica \u2022 Tensi\u00f3n: 220V~50Hz \u2022 Potencia: 710 W \u2022 Velocidad: 0 &#8211; 3200 rpm. \u2022 Torque: 11 Nm. \u2022 Mandril: 1,0 &#8211; 13 mm. \u2022 Perforaci\u00f3n en madera: 30 mm. \u2022 Perforaci\u00f3n en acero: 13 mm. \u2022 Perforaci\u00f3n en mamposter\u00eda: 12 mm. \u2022 Carcasa de engranaje met\u00e1lico [&hellip;]\" \/>\n<meta property=\"og:url\" content=\"https:\/\/soymat.com\/es\/producto\/taladro-percutor-710w-lusqtoff\/\" \/>\n<meta property=\"og:site_name\" content=\"SoyMat \u2013 Seguridad Industrial\" \/>\n<meta property=\"article:modified_time\" content=\"2026-04-01T22:06:49+00:00\" \/>\n<meta property=\"og:image\" content=\"https:\/\/soymat.com\/wp-content\/uploads\/2025\/05\/tpl710-8-taladro.jpg\" \/>\n\t<meta property=\"og:image:width\" content=\"1000\" \/>\n\t<meta property=\"og:image:height\" content=\"1000\" \/>\n\t<meta property=\"og:image:type\" content=\"image\/jpeg\" \/>\n<meta name=\"twitter:card\" content=\"summary_large_image\" \/>\n<meta name=\"twitter:label1\" content=\"Tiempo de lectura\" \/>\n\t<meta name=\"twitter:data1\" content=\"1 minuto\" \/>\n<script type=\"application\/ld+json\" class=\"yoast-schema-graph\">{\"@context\":\"https:\/\/schema.org\",\"@graph\":[{\"@type\":\"WebPage\",\"@id\":\"https:\/\/soymat.com\/producto\/taladro-percutor-710w-lusqtoff\/\",\"url\":\"https:\/\/soymat.com\/producto\/taladro-percutor-710w-lusqtoff\/\",\"name\":\"Taladro Percutor 710W Lusqtoff - SoyMat \u2013 Seguridad Industrial\",\"isPartOf\":{\"@id\":\"https:\/\/soymat.com\/#website\"},\"primaryImageOfPage\":{\"@id\":\"https:\/\/soymat.com\/producto\/taladro-percutor-710w-lusqtoff\/#primaryimage\"},\"image\":{\"@id\":\"https:\/\/soymat.com\/producto\/taladro-percutor-710w-lusqtoff\/#primaryimage\"},\"thumbnailUrl\":\"https:\/\/soymat.com\/wp-content\/uploads\/2025\/05\/tpl710-8-taladro.jpg\",\"datePublished\":\"2025-05-29T01:20:10+00:00\",\"dateModified\":\"2026-04-01T22:06:49+00:00\",\"breadcrumb\":{\"@id\":\"https:\/\/soymat.com\/producto\/taladro-percutor-710w-lusqtoff\/#breadcrumb\"},\"inLanguage\":\"es-AR\",\"potentialAction\":[{\"@type\":\"ReadAction\",\"target\":[\"https:\/\/soymat.com\/producto\/taladro-percutor-710w-lusqtoff\/\"]}]},{\"@type\":\"ImageObject\",\"inLanguage\":\"es-AR\",\"@id\":\"https:\/\/soymat.com\/producto\/taladro-percutor-710w-lusqtoff\/#primaryimage\",\"url\":\"https:\/\/soymat.com\/wp-content\/uploads\/2025\/05\/tpl710-8-taladro.jpg\",\"contentUrl\":\"https:\/\/soymat.com\/wp-content\/uploads\/2025\/05\/tpl710-8-taladro.jpg\",\"width\":1000,\"height\":1000},{\"@type\":\"BreadcrumbList\",\"@id\":\"https:\/\/soymat.com\/producto\/taladro-percutor-710w-lusqtoff\/#breadcrumb\",\"itemListElement\":[{\"@type\":\"ListItem\",\"position\":1,\"name\":\"Portada\",\"item\":\"https:\/\/soymat.com\/\"},{\"@type\":\"ListItem\",\"position\":2,\"name\":\"Todos los Productos\",\"item\":\"https:\/\/soymat.com\/shop\/\"},{\"@type\":\"ListItem\",\"position\":3,\"name\":\"Taladro Percutor 710W Lusqtoff\"}]},{\"@type\":\"WebSite\",\"@id\":\"https:\/\/soymat.com\/#website\",\"url\":\"https:\/\/soymat.com\/\",\"name\":\"So&Mat\",\"description\":\"Empresa Dedicada a la protecci\u00f3n global contra incendio . matafuegos redes bombas,venta instalaci\u00f3n y service, protecci\u00f3n y confort laboral en todo concepto.\",\"publisher\":{\"@id\":\"https:\/\/soymat.com\/#organization\"},\"alternateName\":\"So&Mat\",\"potentialAction\":[{\"@type\":\"SearchAction\",\"target\":{\"@type\":\"EntryPoint\",\"urlTemplate\":\"https:\/\/soymat.com\/?s={search_term_string}\"},\"query-input\":{\"@type\":\"PropertyValueSpecification\",\"valueRequired\":true,\"valueName\":\"search_term_string\"}}],\"inLanguage\":\"es-AR\"},{\"@type\":\"Organization\",\"@id\":\"https:\/\/soymat.com\/#organization\",\"name\":\"So&Mat\",\"url\":\"https:\/\/soymat.com\/\",\"logo\":{\"@type\":\"ImageObject\",\"inLanguage\":\"es-AR\",\"@id\":\"https:\/\/soymat.com\/#\/schema\/logo\/image\/\",\"url\":\"https:\/\/soymat.com\/wp-content\/uploads\/2024\/08\/SoyMat.jpg\",\"contentUrl\":\"https:\/\/soymat.com\/wp-content\/uploads\/2024\/08\/SoyMat.jpg\",\"width\":600,\"height\":236,\"caption\":\"So&Mat\"},\"image\":{\"@id\":\"https:\/\/soymat.com\/#\/schema\/logo\/image\/\"}}]}<\/script>\n<!-- \/ Yoast SEO Premium plugin. -->","yoast_head_json":{"title":"Taladro Percutor 710W Lusqtoff - SoyMat \u2013 Seguridad Industrial","robots":{"index":"index","follow":"follow","max-snippet":"max-snippet:-1","max-image-preview":"max-image-preview:large","max-video-preview":"max-video-preview:-1"},"canonical":"https:\/\/soymat.com\/es\/producto\/taladro-percutor-710w-lusqtoff\/","og_locale":"es_ES","og_type":"article","og_title":"Taladro Percutor 710W Lusqtoff","og_description":"Taladro Percutor 710W &#8211; Lusqtoff Cod. TPL710-8 Ficha t\u00e9cnica \u2022 Tensi\u00f3n: 220V~50Hz \u2022 Potencia: 710 W \u2022 Velocidad: 0 &#8211; 3200 rpm. \u2022 Torque: 11 Nm. \u2022 Mandril: 1,0 &#8211; 13 mm. \u2022 Perforaci\u00f3n en madera: 30 mm. \u2022 Perforaci\u00f3n en acero: 13 mm. \u2022 Perforaci\u00f3n en mamposter\u00eda: 12 mm. \u2022 Carcasa de engranaje met\u00e1lico [&hellip;]","og_url":"https:\/\/soymat.com\/es\/producto\/taladro-percutor-710w-lusqtoff\/","og_site_name":"SoyMat \u2013 Seguridad Industrial","article_modified_time":"2026-04-01T22:06:49+00:00","og_image":[{"width":1000,"height":1000,"url":"https:\/\/soymat.com\/wp-content\/uploads\/2025\/05\/tpl710-8-taladro.jpg","type":"image\/jpeg"}],"twitter_card":"summary_large_image","twitter_misc":{"Tiempo de lectura":"1 minuto"},"schema":{"@context":"https:\/\/schema.org","@graph":[{"@type":"WebPage","@id":"https:\/\/soymat.com\/producto\/taladro-percutor-710w-lusqtoff\/","url":"https:\/\/soymat.com\/producto\/taladro-percutor-710w-lusqtoff\/","name":"Taladro Percutor 710W Lusqtoff - SoyMat \u2013 Seguridad Industrial","isPartOf":{"@id":"https:\/\/soymat.com\/#website"},"primaryImageOfPage":{"@id":"https:\/\/soymat.com\/producto\/taladro-percutor-710w-lusqtoff\/#primaryimage"},"image":{"@id":"https:\/\/soymat.com\/producto\/taladro-percutor-710w-lusqtoff\/#primaryimage"},"thumbnailUrl":"https:\/\/soymat.com\/wp-content\/uploads\/2025\/05\/tpl710-8-taladro.jpg","datePublished":"2025-05-29T01:20:10+00:00","dateModified":"2026-04-01T22:06:49+00:00","breadcrumb":{"@id":"https:\/\/soymat.com\/producto\/taladro-percutor-710w-lusqtoff\/#breadcrumb"},"inLanguage":"es-AR","potentialAction":[{"@type":"ReadAction","target":["https:\/\/soymat.com\/producto\/taladro-percutor-710w-lusqtoff\/"]}]},{"@type":"ImageObject","inLanguage":"es-AR","@id":"https:\/\/soymat.com\/producto\/taladro-percutor-710w-lusqtoff\/#primaryimage","url":"https:\/\/soymat.com\/wp-content\/uploads\/2025\/05\/tpl710-8-taladro.jpg","contentUrl":"https:\/\/soymat.com\/wp-content\/uploads\/2025\/05\/tpl710-8-taladro.jpg","width":1000,"height":1000},{"@type":"BreadcrumbList","@id":"https:\/\/soymat.com\/producto\/taladro-percutor-710w-lusqtoff\/#breadcrumb","itemListElement":[{"@type":"ListItem","position":1,"name":"Portada","item":"https:\/\/soymat.com\/"},{"@type":"ListItem","position":2,"name":"Todos los Productos","item":"https:\/\/soymat.com\/shop\/"},{"@type":"ListItem","position":3,"name":"Taladro Percutor 710W Lusqtoff"}]},{"@type":"WebSite","@id":"https:\/\/soymat.com\/#website","url":"https:\/\/soymat.com\/","name":"So&Mat","description":"Empresa Dedicada a la protecci\u00f3n global contra incendio . matafuegos redes bombas,venta instalaci\u00f3n y service, protecci\u00f3n y confort laboral en todo concepto.","publisher":{"@id":"https:\/\/soymat.com\/#organization"},"alternateName":"So&Mat","potentialAction":[{"@type":"SearchAction","target":{"@type":"EntryPoint","urlTemplate":"https:\/\/soymat.com\/?s={search_term_string}"},"query-input":{"@type":"PropertyValueSpecification","valueRequired":true,"valueName":"search_term_string"}}],"inLanguage":"es-AR"},{"@type":"Organization","@id":"https:\/\/soymat.com\/#organization","name":"So&Mat","url":"https:\/\/soymat.com\/","logo":{"@type":"ImageObject","inLanguage":"es-AR","@id":"https:\/\/soymat.com\/#\/schema\/logo\/image\/","url":"https:\/\/soymat.com\/wp-content\/uploads\/2024\/08\/SoyMat.jpg","contentUrl":"https:\/\/soymat.com\/wp-content\/uploads\/2024\/08\/SoyMat.jpg","width":600,"height":236,"caption":"So&Mat"},"image":{"@id":"https:\/\/soymat.com\/#\/schema\/logo\/image\/"}}]}},"_links":{"self":[{"href":"https:\/\/soymat.com\/es\/wp-json\/wp\/v2\/product\/22839","targetHints":{"allow":["GET"]}}],"collection":[{"href":"https:\/\/soymat.com\/es\/wp-json\/wp\/v2\/product"}],"about":[{"href":"https:\/\/soymat.com\/es\/wp-json\/wp\/v2\/types\/product"}],"wp:featuredmedia":[{"embeddable":true,"href":"https:\/\/soymat.com\/es\/wp-json\/wp\/v2\/media\/22840"}],"wp:attachment":[{"href":"https:\/\/soymat.com\/es\/wp-json\/wp\/v2\/media?parent=22839"}],"wp:term":[{"taxonomy":"product_cat","embeddable":true,"href":"https:\/\/soymat.com\/es\/wp-json\/wp\/v2\/product_cat?post=22839"},{"taxonomy":"product_tag","embeddable":true,"href":"https:\/\/soymat.com\/es\/wp-json\/wp\/v2\/product_tag?post=22839"}],"curies":[{"name":"wp","href":"https:\/\/api.w.org\/{rel}","templated":true}]}}