{"id":22846,"date":"2025-05-28T22:28:53","date_gmt":"2025-05-29T01:28:53","guid":{"rendered":"https:\/\/soymat.com\/?post_type=product&#038;p=22846"},"modified":"2026-04-18T13:08:07","modified_gmt":"2026-04-18T16:08:07","slug":"termo-blanco-750ml-lusqtoff","status":"publish","type":"product","link":"https:\/\/soymat.com\/es\/producto\/termo-blanco-750ml-lusqtoff\/","title":{"rendered":"Termo Blanco 750ml L\u00fcsqtoff"},"content":{"rendered":"<p><strong>Termo Blanco 750ml &#8211; L\u00fcsqtoff<\/strong><br \/>\nCod. TL750-9B<\/p>\n<p>Ficha t\u00e9cnica<\/p>\n<p>\u2022 Espesor: 0,5 mm.<br \/>\n\u2022 Calibre: 5,2 cm.<br \/>\n\u2022 Di\u00e1metro base: 9,3 cm.<br \/>\n\u2022 Di\u00e1metro de la cubierta: 6,9 cm.<br \/>\n\u2022 Altura: 24,5 cm.<br \/>\n\u2022 Aprobado por INAL<br \/>\n\u2022 Peso neto: 509 gr<\/p>\n<p>INCLUYE<br \/>\n\u2022 Tap\u00f3n cebador<br \/>\n\u2022 Tapa con aislamiento<\/p>\n<p>Caracter\u00edsticas<br \/>\n\u2022 Tap\u00f3n con aislamiento y funci\u00f3n de vaso<br \/>\n\u2022 Pico cebador 360\u00b0<br \/>\n\u2022 Altura 24.5 cm<br \/>\n\u2022 Material: Acero in\u00f3xidable<br \/>\n\u2022 Mantiene fr\u00edo 20 hs<br \/>\n\u2022 Mantiene calor 20 hs<br \/>\n\u2022 Mantiene hielo 12 hs<br \/>\n\u2022 Capacidad: 750 ml<\/p>","protected":false},"excerpt":{"rendered":"<p>Termo Blanco 750ml &#8211; L\u00fcsqtoff Cod. TL750-9B Ficha t\u00e9cnica \u2022 Espesor: 0,5 mm. \u2022 Calibre: 5,2 cm. \u2022 Di\u00e1metro base: 9,3 cm. \u2022 Di\u00e1metro de la cubierta: 6,9 cm. \u2022 Altura: 24,5 cm. \u2022 Aprobado por INAL \u2022 Peso neto: 509 gr INCLUYE \u2022 Tap\u00f3n cebador \u2022 Tapa con aislamiento Caracter\u00edsticas \u2022 Tap\u00f3n con aislamiento [&hellip;]<\/p>\n","protected":false},"featured_media":22847,"template":"","meta":[],"product_cat":[191],"product_tag":[623,624,625,622],"class_list":{"0":"post-22846","1":"product","2":"type-product","3":"status-publish","4":"has-post-thumbnail","6":"product_brand-lusqtoff-maquinas-y-herramientas-electricas-manuales","7":"product_cat-maquinas-y-herramientas","8":"product_tag-agua-caliente","9":"product_tag-agua-fria","10":"product_tag-mate","11":"product_tag-termo","13":"first","14":"instock","15":"taxable","16":"shipping-taxable","17":"purchasable","18":"product-type-simple","19":"add-to-wishlist-after_add_to_cart"},"yoast_head":"<!-- This site is optimized with the Yoast SEO Premium plugin v26.9 (Yoast SEO v26.9) - https:\/\/yoast.com\/product\/yoast-seo-premium-wordpress\/ -->\n<title>Termo Blanco 750ml L\u00fcsqtoff - SoyMat \u2013 Seguridad Industrial<\/title>\n<meta name=\"robots\" content=\"index, follow, max-snippet:-1, max-image-preview:large, max-video-preview:-1\" \/>\n<link rel=\"canonical\" href=\"https:\/\/soymat.com\/es\/producto\/termo-blanco-750ml-lusqtoff\/\" \/>\n<meta property=\"og:locale\" content=\"es_ES\" \/>\n<meta property=\"og:type\" content=\"article\" \/>\n<meta property=\"og:title\" content=\"Termo Blanco 750ml L\u00fcsqtoff\" \/>\n<meta property=\"og:description\" content=\"Termo Blanco 750ml &#8211; L\u00fcsqtoff Cod. TL750-9B Ficha t\u00e9cnica \u2022 Espesor: 0,5 mm. \u2022 Calibre: 5,2 cm. \u2022 Di\u00e1metro base: 9,3 cm. \u2022 Di\u00e1metro de la cubierta: 6,9 cm. \u2022 Altura: 24,5 cm. \u2022 Aprobado por INAL \u2022 Peso neto: 509 gr INCLUYE \u2022 Tap\u00f3n cebador \u2022 Tapa con aislamiento Caracter\u00edsticas \u2022 Tap\u00f3n con aislamiento [&hellip;]\" \/>\n<meta property=\"og:url\" content=\"https:\/\/soymat.com\/es\/producto\/termo-blanco-750ml-lusqtoff\/\" \/>\n<meta property=\"og:site_name\" content=\"SoyMat \u2013 Seguridad Industrial\" \/>\n<meta property=\"article:modified_time\" content=\"2026-04-18T16:08:07+00:00\" \/>\n<meta property=\"og:image\" content=\"https:\/\/soymat.com\/wp-content\/uploads\/2025\/05\/TL750-9B_-termo-blanco.jpg\" \/>\n\t<meta property=\"og:image:width\" content=\"1000\" \/>\n\t<meta property=\"og:image:height\" content=\"1000\" \/>\n\t<meta property=\"og:image:type\" content=\"image\/jpeg\" \/>\n<meta name=\"twitter:card\" content=\"summary_large_image\" \/>\n<meta name=\"twitter:label1\" content=\"Tiempo de lectura\" \/>\n\t<meta name=\"twitter:data1\" content=\"1 minuto\" \/>\n<script type=\"application\/ld+json\" class=\"yoast-schema-graph\">{\"@context\":\"https:\/\/schema.org\",\"@graph\":[{\"@type\":\"WebPage\",\"@id\":\"https:\/\/soymat.com\/producto\/termo-blanco-750ml-lusqtoff\/\",\"url\":\"https:\/\/soymat.com\/producto\/termo-blanco-750ml-lusqtoff\/\",\"name\":\"Termo Blanco 750ml L\u00fcsqtoff - SoyMat \u2013 Seguridad Industrial\",\"isPartOf\":{\"@id\":\"https:\/\/soymat.com\/#website\"},\"primaryImageOfPage\":{\"@id\":\"https:\/\/soymat.com\/producto\/termo-blanco-750ml-lusqtoff\/#primaryimage\"},\"image\":{\"@id\":\"https:\/\/soymat.com\/producto\/termo-blanco-750ml-lusqtoff\/#primaryimage\"},\"thumbnailUrl\":\"https:\/\/soymat.com\/wp-content\/uploads\/2025\/05\/TL750-9B_-termo-blanco.jpg\",\"datePublished\":\"2025-05-29T01:28:53+00:00\",\"dateModified\":\"2026-04-18T16:08:07+00:00\",\"breadcrumb\":{\"@id\":\"https:\/\/soymat.com\/producto\/termo-blanco-750ml-lusqtoff\/#breadcrumb\"},\"inLanguage\":\"es-AR\",\"potentialAction\":[{\"@type\":\"ReadAction\",\"target\":[\"https:\/\/soymat.com\/producto\/termo-blanco-750ml-lusqtoff\/\"]}]},{\"@type\":\"ImageObject\",\"inLanguage\":\"es-AR\",\"@id\":\"https:\/\/soymat.com\/producto\/termo-blanco-750ml-lusqtoff\/#primaryimage\",\"url\":\"https:\/\/soymat.com\/wp-content\/uploads\/2025\/05\/TL750-9B_-termo-blanco.jpg\",\"contentUrl\":\"https:\/\/soymat.com\/wp-content\/uploads\/2025\/05\/TL750-9B_-termo-blanco.jpg\",\"width\":1000,\"height\":1000},{\"@type\":\"BreadcrumbList\",\"@id\":\"https:\/\/soymat.com\/producto\/termo-blanco-750ml-lusqtoff\/#breadcrumb\",\"itemListElement\":[{\"@type\":\"ListItem\",\"position\":1,\"name\":\"Portada\",\"item\":\"https:\/\/soymat.com\/\"},{\"@type\":\"ListItem\",\"position\":2,\"name\":\"Todos los Productos\",\"item\":\"https:\/\/soymat.com\/shop\/\"},{\"@type\":\"ListItem\",\"position\":3,\"name\":\"Termo Blanco 750ml L\u00fcsqtoff\"}]},{\"@type\":\"WebSite\",\"@id\":\"https:\/\/soymat.com\/#website\",\"url\":\"https:\/\/soymat.com\/\",\"name\":\"So&Mat\",\"description\":\"Empresa Dedicada a la protecci\u00f3n global contra incendio . matafuegos redes bombas,venta instalaci\u00f3n y service, protecci\u00f3n y confort laboral en todo concepto.\",\"publisher\":{\"@id\":\"https:\/\/soymat.com\/#organization\"},\"alternateName\":\"So&Mat\",\"potentialAction\":[{\"@type\":\"SearchAction\",\"target\":{\"@type\":\"EntryPoint\",\"urlTemplate\":\"https:\/\/soymat.com\/?s={search_term_string}\"},\"query-input\":{\"@type\":\"PropertyValueSpecification\",\"valueRequired\":true,\"valueName\":\"search_term_string\"}}],\"inLanguage\":\"es-AR\"},{\"@type\":\"Organization\",\"@id\":\"https:\/\/soymat.com\/#organization\",\"name\":\"So&Mat\",\"url\":\"https:\/\/soymat.com\/\",\"logo\":{\"@type\":\"ImageObject\",\"inLanguage\":\"es-AR\",\"@id\":\"https:\/\/soymat.com\/#\/schema\/logo\/image\/\",\"url\":\"https:\/\/soymat.com\/wp-content\/uploads\/2024\/08\/SoyMat.jpg\",\"contentUrl\":\"https:\/\/soymat.com\/wp-content\/uploads\/2024\/08\/SoyMat.jpg\",\"width\":600,\"height\":236,\"caption\":\"So&Mat\"},\"image\":{\"@id\":\"https:\/\/soymat.com\/#\/schema\/logo\/image\/\"}}]}<\/script>\n<!-- \/ Yoast SEO Premium plugin. -->","yoast_head_json":{"title":"Termo Blanco 750ml L\u00fcsqtoff - SoyMat \u2013 Seguridad Industrial","robots":{"index":"index","follow":"follow","max-snippet":"max-snippet:-1","max-image-preview":"max-image-preview:large","max-video-preview":"max-video-preview:-1"},"canonical":"https:\/\/soymat.com\/es\/producto\/termo-blanco-750ml-lusqtoff\/","og_locale":"es_ES","og_type":"article","og_title":"Termo Blanco 750ml L\u00fcsqtoff","og_description":"Termo Blanco 750ml &#8211; L\u00fcsqtoff Cod. TL750-9B Ficha t\u00e9cnica \u2022 Espesor: 0,5 mm. \u2022 Calibre: 5,2 cm. \u2022 Di\u00e1metro base: 9,3 cm. \u2022 Di\u00e1metro de la cubierta: 6,9 cm. \u2022 Altura: 24,5 cm. \u2022 Aprobado por INAL \u2022 Peso neto: 509 gr INCLUYE \u2022 Tap\u00f3n cebador \u2022 Tapa con aislamiento Caracter\u00edsticas \u2022 Tap\u00f3n con aislamiento [&hellip;]","og_url":"https:\/\/soymat.com\/es\/producto\/termo-blanco-750ml-lusqtoff\/","og_site_name":"SoyMat \u2013 Seguridad Industrial","article_modified_time":"2026-04-18T16:08:07+00:00","og_image":[{"width":1000,"height":1000,"url":"https:\/\/soymat.com\/wp-content\/uploads\/2025\/05\/TL750-9B_-termo-blanco.jpg","type":"image\/jpeg"}],"twitter_card":"summary_large_image","twitter_misc":{"Tiempo de lectura":"1 minuto"},"schema":{"@context":"https:\/\/schema.org","@graph":[{"@type":"WebPage","@id":"https:\/\/soymat.com\/producto\/termo-blanco-750ml-lusqtoff\/","url":"https:\/\/soymat.com\/producto\/termo-blanco-750ml-lusqtoff\/","name":"Termo Blanco 750ml L\u00fcsqtoff - SoyMat \u2013 Seguridad Industrial","isPartOf":{"@id":"https:\/\/soymat.com\/#website"},"primaryImageOfPage":{"@id":"https:\/\/soymat.com\/producto\/termo-blanco-750ml-lusqtoff\/#primaryimage"},"image":{"@id":"https:\/\/soymat.com\/producto\/termo-blanco-750ml-lusqtoff\/#primaryimage"},"thumbnailUrl":"https:\/\/soymat.com\/wp-content\/uploads\/2025\/05\/TL750-9B_-termo-blanco.jpg","datePublished":"2025-05-29T01:28:53+00:00","dateModified":"2026-04-18T16:08:07+00:00","breadcrumb":{"@id":"https:\/\/soymat.com\/producto\/termo-blanco-750ml-lusqtoff\/#breadcrumb"},"inLanguage":"es-AR","potentialAction":[{"@type":"ReadAction","target":["https:\/\/soymat.com\/producto\/termo-blanco-750ml-lusqtoff\/"]}]},{"@type":"ImageObject","inLanguage":"es-AR","@id":"https:\/\/soymat.com\/producto\/termo-blanco-750ml-lusqtoff\/#primaryimage","url":"https:\/\/soymat.com\/wp-content\/uploads\/2025\/05\/TL750-9B_-termo-blanco.jpg","contentUrl":"https:\/\/soymat.com\/wp-content\/uploads\/2025\/05\/TL750-9B_-termo-blanco.jpg","width":1000,"height":1000},{"@type":"BreadcrumbList","@id":"https:\/\/soymat.com\/producto\/termo-blanco-750ml-lusqtoff\/#breadcrumb","itemListElement":[{"@type":"ListItem","position":1,"name":"Portada","item":"https:\/\/soymat.com\/"},{"@type":"ListItem","position":2,"name":"Todos los Productos","item":"https:\/\/soymat.com\/shop\/"},{"@type":"ListItem","position":3,"name":"Termo Blanco 750ml L\u00fcsqtoff"}]},{"@type":"WebSite","@id":"https:\/\/soymat.com\/#website","url":"https:\/\/soymat.com\/","name":"So&Mat","description":"Empresa Dedicada a la protecci\u00f3n global contra incendio . matafuegos redes bombas,venta instalaci\u00f3n y service, protecci\u00f3n y confort laboral en todo concepto.","publisher":{"@id":"https:\/\/soymat.com\/#organization"},"alternateName":"So&Mat","potentialAction":[{"@type":"SearchAction","target":{"@type":"EntryPoint","urlTemplate":"https:\/\/soymat.com\/?s={search_term_string}"},"query-input":{"@type":"PropertyValueSpecification","valueRequired":true,"valueName":"search_term_string"}}],"inLanguage":"es-AR"},{"@type":"Organization","@id":"https:\/\/soymat.com\/#organization","name":"So&Mat","url":"https:\/\/soymat.com\/","logo":{"@type":"ImageObject","inLanguage":"es-AR","@id":"https:\/\/soymat.com\/#\/schema\/logo\/image\/","url":"https:\/\/soymat.com\/wp-content\/uploads\/2024\/08\/SoyMat.jpg","contentUrl":"https:\/\/soymat.com\/wp-content\/uploads\/2024\/08\/SoyMat.jpg","width":600,"height":236,"caption":"So&Mat"},"image":{"@id":"https:\/\/soymat.com\/#\/schema\/logo\/image\/"}}]}},"_links":{"self":[{"href":"https:\/\/soymat.com\/es\/wp-json\/wp\/v2\/product\/22846","targetHints":{"allow":["GET"]}}],"collection":[{"href":"https:\/\/soymat.com\/es\/wp-json\/wp\/v2\/product"}],"about":[{"href":"https:\/\/soymat.com\/es\/wp-json\/wp\/v2\/types\/product"}],"wp:featuredmedia":[{"embeddable":true,"href":"https:\/\/soymat.com\/es\/wp-json\/wp\/v2\/media\/22847"}],"wp:attachment":[{"href":"https:\/\/soymat.com\/es\/wp-json\/wp\/v2\/media?parent=22846"}],"wp:term":[{"taxonomy":"product_cat","embeddable":true,"href":"https:\/\/soymat.com\/es\/wp-json\/wp\/v2\/product_cat?post=22846"},{"taxonomy":"product_tag","embeddable":true,"href":"https:\/\/soymat.com\/es\/wp-json\/wp\/v2\/product_tag?post=22846"}],"curies":[{"name":"wp","href":"https:\/\/api.w.org\/{rel}","templated":true}]}}