{"id":22879,"date":"2025-06-17T16:52:58","date_gmt":"2025-06-17T19:52:58","guid":{"rendered":"https:\/\/soymat.com\/?post_type=product&#038;p=22879"},"modified":"2025-09-29T17:42:26","modified_gmt":"2025-09-29T20:42:26","slug":"mochila-portaherramientas-lusqtoff","status":"publish","type":"product","link":"https:\/\/soymat.com\/es\/producto\/mochila-portaherramientas-lusqtoff\/","title":{"rendered":"Mochila Portaherramientas L\u00fcsqtoff"},"content":{"rendered":"<p><strong>Mochila Portaherramientas<\/strong><br \/>\nCod.: MOCL-8<\/p>\n<p>\u2022 Doble cierre<br \/>\n\u2022 Tela denier<br \/>\n\u2022 Bolsillos: 2<br \/>\n\u2022 Capacidad de carga de 15 kg.<\/p>\n<p>\u2022 Espalda acolchonada (Sistema de<br \/>\nsoporte de espalda con relleno de malla).<br \/>\n\u2022 Divisor desmontable con bolsillos para<br \/>\nherramientas manuales.<br \/>\n\u2022 Compartimento independiente para<br \/>\nnotebook \/ herramienta el\u00e9ctrica.<\/p>","protected":false},"excerpt":{"rendered":"<p>Mochila Portaherramientas Cod.: MOCL-8 \u2022 Doble cierre \u2022 Tela denier \u2022 Bolsillos: 2 \u2022 Capacidad de carga de 15 kg. \u2022 Espalda acolchonada (Sistema de soporte de espalda con relleno de malla). \u2022 Divisor desmontable con bolsillos para herramientas manuales. \u2022 Compartimento independiente para notebook \/ herramienta el\u00e9ctrica.<\/p>","protected":false},"featured_media":22880,"template":"","meta":[],"product_cat":[191],"product_tag":[482,208,652,653],"class_list":{"0":"post-22879","1":"product","2":"type-product","3":"status-publish","4":"has-post-thumbnail","6":"product_brand-lusqtoff-maquinas-y-herramientas-electricas-manuales","7":"product_cat-maquinas-y-herramientas","8":"product_tag-lusqtoff","9":"product_tag-maquinas-y-herramientas","10":"product_tag-mochilas-portaherramientas","11":"product_tag-portaherramientas","13":"first","14":"instock","15":"taxable","16":"shipping-taxable","17":"purchasable","18":"product-type-simple","19":"add-to-wishlist-after_add_to_cart"},"yoast_head":"<!-- This site is optimized with the Yoast SEO Premium plugin v26.9 (Yoast SEO v26.9) - https:\/\/yoast.com\/product\/yoast-seo-premium-wordpress\/ -->\n<title>Mochila Portaherramientas L\u00fcsqtoff - SoyMat \u2013 Seguridad Industrial<\/title>\n<meta name=\"robots\" content=\"index, follow, max-snippet:-1, max-image-preview:large, max-video-preview:-1\" \/>\n<link rel=\"canonical\" href=\"https:\/\/soymat.com\/es\/producto\/mochila-portaherramientas-lusqtoff\/\" \/>\n<meta property=\"og:locale\" content=\"es_ES\" \/>\n<meta property=\"og:type\" content=\"article\" \/>\n<meta property=\"og:title\" content=\"Mochila Portaherramientas L\u00fcsqtoff\" \/>\n<meta property=\"og:description\" content=\"Mochila Portaherramientas Cod.: MOCL-8 \u2022 Doble cierre \u2022 Tela denier \u2022 Bolsillos: 2 \u2022 Capacidad de carga de 15 kg. \u2022 Espalda acolchonada (Sistema de soporte de espalda con relleno de malla). \u2022 Divisor desmontable con bolsillos para herramientas manuales. \u2022 Compartimento independiente para notebook \/ herramienta el\u00e9ctrica.\" \/>\n<meta property=\"og:url\" content=\"https:\/\/soymat.com\/es\/producto\/mochila-portaherramientas-lusqtoff\/\" \/>\n<meta property=\"og:site_name\" content=\"SoyMat \u2013 Seguridad Industrial\" \/>\n<meta property=\"article:modified_time\" content=\"2025-09-29T20:42:26+00:00\" \/>\n<meta property=\"og:image\" content=\"https:\/\/soymat.com\/wp-content\/uploads\/2025\/06\/MOCL-8_-mochila-porta-herr-01.jpg\" \/>\n\t<meta property=\"og:image:width\" content=\"1795\" \/>\n\t<meta property=\"og:image:height\" content=\"1795\" \/>\n\t<meta property=\"og:image:type\" content=\"image\/jpeg\" \/>\n<meta name=\"twitter:card\" content=\"summary_large_image\" \/>\n<meta name=\"twitter:label1\" content=\"Tiempo de lectura\" \/>\n\t<meta name=\"twitter:data1\" content=\"1 minuto\" \/>\n<script type=\"application\/ld+json\" class=\"yoast-schema-graph\">{\"@context\":\"https:\/\/schema.org\",\"@graph\":[{\"@type\":\"WebPage\",\"@id\":\"https:\/\/soymat.com\/producto\/mochila-portaherramientas-lusqtoff\/\",\"url\":\"https:\/\/soymat.com\/producto\/mochila-portaherramientas-lusqtoff\/\",\"name\":\"Mochila Portaherramientas L\u00fcsqtoff - SoyMat \u2013 Seguridad Industrial\",\"isPartOf\":{\"@id\":\"https:\/\/soymat.com\/#website\"},\"primaryImageOfPage\":{\"@id\":\"https:\/\/soymat.com\/producto\/mochila-portaherramientas-lusqtoff\/#primaryimage\"},\"image\":{\"@id\":\"https:\/\/soymat.com\/producto\/mochila-portaherramientas-lusqtoff\/#primaryimage\"},\"thumbnailUrl\":\"https:\/\/soymat.com\/wp-content\/uploads\/2025\/06\/MOCL-8_-mochila-porta-herr-01.jpg\",\"datePublished\":\"2025-06-17T19:52:58+00:00\",\"dateModified\":\"2025-09-29T20:42:26+00:00\",\"breadcrumb\":{\"@id\":\"https:\/\/soymat.com\/producto\/mochila-portaherramientas-lusqtoff\/#breadcrumb\"},\"inLanguage\":\"es-AR\",\"potentialAction\":[{\"@type\":\"ReadAction\",\"target\":[\"https:\/\/soymat.com\/producto\/mochila-portaherramientas-lusqtoff\/\"]}]},{\"@type\":\"ImageObject\",\"inLanguage\":\"es-AR\",\"@id\":\"https:\/\/soymat.com\/producto\/mochila-portaherramientas-lusqtoff\/#primaryimage\",\"url\":\"https:\/\/soymat.com\/wp-content\/uploads\/2025\/06\/MOCL-8_-mochila-porta-herr-01.jpg\",\"contentUrl\":\"https:\/\/soymat.com\/wp-content\/uploads\/2025\/06\/MOCL-8_-mochila-porta-herr-01.jpg\",\"width\":1795,\"height\":1795},{\"@type\":\"BreadcrumbList\",\"@id\":\"https:\/\/soymat.com\/producto\/mochila-portaherramientas-lusqtoff\/#breadcrumb\",\"itemListElement\":[{\"@type\":\"ListItem\",\"position\":1,\"name\":\"Portada\",\"item\":\"https:\/\/soymat.com\/\"},{\"@type\":\"ListItem\",\"position\":2,\"name\":\"Todos los Productos\",\"item\":\"https:\/\/soymat.com\/shop\/\"},{\"@type\":\"ListItem\",\"position\":3,\"name\":\"Mochila Portaherramientas L\u00fcsqtoff\"}]},{\"@type\":\"WebSite\",\"@id\":\"https:\/\/soymat.com\/#website\",\"url\":\"https:\/\/soymat.com\/\",\"name\":\"So&Mat\",\"description\":\"Empresa Dedicada a la protecci\u00f3n global contra incendio . matafuegos redes bombas,venta instalaci\u00f3n y service, protecci\u00f3n y confort laboral en todo concepto.\",\"publisher\":{\"@id\":\"https:\/\/soymat.com\/#organization\"},\"alternateName\":\"So&Mat\",\"potentialAction\":[{\"@type\":\"SearchAction\",\"target\":{\"@type\":\"EntryPoint\",\"urlTemplate\":\"https:\/\/soymat.com\/?s={search_term_string}\"},\"query-input\":{\"@type\":\"PropertyValueSpecification\",\"valueRequired\":true,\"valueName\":\"search_term_string\"}}],\"inLanguage\":\"es-AR\"},{\"@type\":\"Organization\",\"@id\":\"https:\/\/soymat.com\/#organization\",\"name\":\"So&Mat\",\"url\":\"https:\/\/soymat.com\/\",\"logo\":{\"@type\":\"ImageObject\",\"inLanguage\":\"es-AR\",\"@id\":\"https:\/\/soymat.com\/#\/schema\/logo\/image\/\",\"url\":\"https:\/\/soymat.com\/wp-content\/uploads\/2024\/08\/SoyMat.jpg\",\"contentUrl\":\"https:\/\/soymat.com\/wp-content\/uploads\/2024\/08\/SoyMat.jpg\",\"width\":600,\"height\":236,\"caption\":\"So&Mat\"},\"image\":{\"@id\":\"https:\/\/soymat.com\/#\/schema\/logo\/image\/\"}}]}<\/script>\n<!-- \/ Yoast SEO Premium plugin. -->","yoast_head_json":{"title":"Mochila Portaherramientas L\u00fcsqtoff - SoyMat \u2013 Seguridad Industrial","robots":{"index":"index","follow":"follow","max-snippet":"max-snippet:-1","max-image-preview":"max-image-preview:large","max-video-preview":"max-video-preview:-1"},"canonical":"https:\/\/soymat.com\/es\/producto\/mochila-portaherramientas-lusqtoff\/","og_locale":"es_ES","og_type":"article","og_title":"Mochila Portaherramientas L\u00fcsqtoff","og_description":"Mochila Portaherramientas Cod.: MOCL-8 \u2022 Doble cierre \u2022 Tela denier \u2022 Bolsillos: 2 \u2022 Capacidad de carga de 15 kg. \u2022 Espalda acolchonada (Sistema de soporte de espalda con relleno de malla). \u2022 Divisor desmontable con bolsillos para herramientas manuales. \u2022 Compartimento independiente para notebook \/ herramienta el\u00e9ctrica.","og_url":"https:\/\/soymat.com\/es\/producto\/mochila-portaherramientas-lusqtoff\/","og_site_name":"SoyMat \u2013 Seguridad Industrial","article_modified_time":"2025-09-29T20:42:26+00:00","og_image":[{"width":1795,"height":1795,"url":"https:\/\/soymat.com\/wp-content\/uploads\/2025\/06\/MOCL-8_-mochila-porta-herr-01.jpg","type":"image\/jpeg"}],"twitter_card":"summary_large_image","twitter_misc":{"Tiempo de lectura":"1 minuto"},"schema":{"@context":"https:\/\/schema.org","@graph":[{"@type":"WebPage","@id":"https:\/\/soymat.com\/producto\/mochila-portaherramientas-lusqtoff\/","url":"https:\/\/soymat.com\/producto\/mochila-portaherramientas-lusqtoff\/","name":"Mochila Portaherramientas L\u00fcsqtoff - SoyMat \u2013 Seguridad Industrial","isPartOf":{"@id":"https:\/\/soymat.com\/#website"},"primaryImageOfPage":{"@id":"https:\/\/soymat.com\/producto\/mochila-portaherramientas-lusqtoff\/#primaryimage"},"image":{"@id":"https:\/\/soymat.com\/producto\/mochila-portaherramientas-lusqtoff\/#primaryimage"},"thumbnailUrl":"https:\/\/soymat.com\/wp-content\/uploads\/2025\/06\/MOCL-8_-mochila-porta-herr-01.jpg","datePublished":"2025-06-17T19:52:58+00:00","dateModified":"2025-09-29T20:42:26+00:00","breadcrumb":{"@id":"https:\/\/soymat.com\/producto\/mochila-portaherramientas-lusqtoff\/#breadcrumb"},"inLanguage":"es-AR","potentialAction":[{"@type":"ReadAction","target":["https:\/\/soymat.com\/producto\/mochila-portaherramientas-lusqtoff\/"]}]},{"@type":"ImageObject","inLanguage":"es-AR","@id":"https:\/\/soymat.com\/producto\/mochila-portaherramientas-lusqtoff\/#primaryimage","url":"https:\/\/soymat.com\/wp-content\/uploads\/2025\/06\/MOCL-8_-mochila-porta-herr-01.jpg","contentUrl":"https:\/\/soymat.com\/wp-content\/uploads\/2025\/06\/MOCL-8_-mochila-porta-herr-01.jpg","width":1795,"height":1795},{"@type":"BreadcrumbList","@id":"https:\/\/soymat.com\/producto\/mochila-portaherramientas-lusqtoff\/#breadcrumb","itemListElement":[{"@type":"ListItem","position":1,"name":"Portada","item":"https:\/\/soymat.com\/"},{"@type":"ListItem","position":2,"name":"Todos los Productos","item":"https:\/\/soymat.com\/shop\/"},{"@type":"ListItem","position":3,"name":"Mochila Portaherramientas L\u00fcsqtoff"}]},{"@type":"WebSite","@id":"https:\/\/soymat.com\/#website","url":"https:\/\/soymat.com\/","name":"So&Mat","description":"Empresa Dedicada a la protecci\u00f3n global contra incendio . matafuegos redes bombas,venta instalaci\u00f3n y service, protecci\u00f3n y confort laboral en todo concepto.","publisher":{"@id":"https:\/\/soymat.com\/#organization"},"alternateName":"So&Mat","potentialAction":[{"@type":"SearchAction","target":{"@type":"EntryPoint","urlTemplate":"https:\/\/soymat.com\/?s={search_term_string}"},"query-input":{"@type":"PropertyValueSpecification","valueRequired":true,"valueName":"search_term_string"}}],"inLanguage":"es-AR"},{"@type":"Organization","@id":"https:\/\/soymat.com\/#organization","name":"So&Mat","url":"https:\/\/soymat.com\/","logo":{"@type":"ImageObject","inLanguage":"es-AR","@id":"https:\/\/soymat.com\/#\/schema\/logo\/image\/","url":"https:\/\/soymat.com\/wp-content\/uploads\/2024\/08\/SoyMat.jpg","contentUrl":"https:\/\/soymat.com\/wp-content\/uploads\/2024\/08\/SoyMat.jpg","width":600,"height":236,"caption":"So&Mat"},"image":{"@id":"https:\/\/soymat.com\/#\/schema\/logo\/image\/"}}]}},"_links":{"self":[{"href":"https:\/\/soymat.com\/es\/wp-json\/wp\/v2\/product\/22879","targetHints":{"allow":["GET"]}}],"collection":[{"href":"https:\/\/soymat.com\/es\/wp-json\/wp\/v2\/product"}],"about":[{"href":"https:\/\/soymat.com\/es\/wp-json\/wp\/v2\/types\/product"}],"wp:featuredmedia":[{"embeddable":true,"href":"https:\/\/soymat.com\/es\/wp-json\/wp\/v2\/media\/22880"}],"wp:attachment":[{"href":"https:\/\/soymat.com\/es\/wp-json\/wp\/v2\/media?parent=22879"}],"wp:term":[{"taxonomy":"product_cat","embeddable":true,"href":"https:\/\/soymat.com\/es\/wp-json\/wp\/v2\/product_cat?post=22879"},{"taxonomy":"product_tag","embeddable":true,"href":"https:\/\/soymat.com\/es\/wp-json\/wp\/v2\/product_tag?post=22879"}],"curies":[{"name":"wp","href":"https:\/\/api.w.org\/{rel}","templated":true}]}}