{"id":22905,"date":"2025-06-20T15:59:16","date_gmt":"2025-06-20T18:59:16","guid":{"rendered":"https:\/\/soymat.com\/?post_type=product&#038;p=22905"},"modified":"2026-01-02T19:08:30","modified_gmt":"2026-01-02T22:08:30","slug":"disco-abrasivo-de-corte-lusqtoff-dal1151250-x50-unid","status":"publish","type":"product","link":"https:\/\/soymat.com\/es\/producto\/disco-abrasivo-de-corte-lusqtoff-dal1151250-x50-unid\/","title":{"rendered":"Disco Abrasivo de Corte Lusqtoff DAL1151250 &#8211; x50 unid"},"content":{"rendered":"<p><strong>Disco Abrasivo de Corte Lusqtoff &#8211; DAL1151250 115 x 1.2 x 22.2 MM &#8211; X50 Un.<\/strong><br \/>\nCod.: DAL1151250<\/p>\n<p>Corte preciso y potente para trabajos exigentes.<br \/>\nDisco abrasivo de alta resistencia para cortar metal con rapidez, seguridad y durabilidad. Ideal para talleres, herrer\u00edas y usos industriales.<\/p>\n<p>ESPECIFICACIONES:<br \/>\n&#8211; Di\u00e1metro central: 2,22 cm<br \/>\n&#8211; Espesor: 1,2 mm<br \/>\n&#8211; Con buje de reducci\u00f3n: No<br \/>\n&#8211; Es cepillo: No<br \/>\n&#8211; Tipo de discos y piedras: De corte<br \/>\n&#8211; Superficies aptas: Metal<br \/>\n&#8211; Material: \u00d3xido de aluminio<\/p>","protected":false},"excerpt":{"rendered":"<p>Disco Abrasivo de Corte Lusqtoff &#8211; DAL1151250 115 x 1.2 x 22.2 MM &#8211; X50 Un. Cod.: DAL1151250 Corte preciso y potente para trabajos exigentes. Disco abrasivo de alta resistencia para cortar metal con rapidez, seguridad y durabilidad. Ideal para talleres, herrer\u00edas y usos industriales. ESPECIFICACIONES: &#8211; Di\u00e1metro central: 2,22 cm &#8211; Espesor: 1,2 mm [&hellip;]<\/p>\n","protected":false},"featured_media":22902,"template":"","meta":[],"product_cat":[191],"product_tag":[492,457,482,344,196,315],"class_list":{"0":"post-22905","1":"product","2":"type-product","3":"status-publish","4":"has-post-thumbnail","6":"product_brand-lusqtoff-maquinas-y-herramientas-electricas-manuales","7":"product_cat-maquinas-y-herramientas","8":"product_tag-herreria","9":"product_tag-herrero","10":"product_tag-lusqtoff","11":"product_tag-metalurgia","12":"product_tag-taller","13":"product_tag-taller-metalurgico","15":"first","16":"instock","17":"taxable","18":"shipping-taxable","19":"purchasable","20":"product-type-simple","21":"add-to-wishlist-after_add_to_cart"},"yoast_head":"<!-- This site is optimized with the Yoast SEO Premium plugin v26.9 (Yoast SEO v26.9) - https:\/\/yoast.com\/product\/yoast-seo-premium-wordpress\/ -->\n<title>Disco Abrasivo de Corte Lusqtoff DAL1151250 - x50 unid - SoyMat \u2013 Seguridad Industrial<\/title>\n<meta name=\"robots\" content=\"index, follow, max-snippet:-1, max-image-preview:large, max-video-preview:-1\" \/>\n<link rel=\"canonical\" href=\"https:\/\/soymat.com\/es\/producto\/disco-abrasivo-de-corte-lusqtoff-dal1151250-x50-unid\/\" \/>\n<meta property=\"og:locale\" content=\"es_ES\" \/>\n<meta property=\"og:type\" content=\"article\" \/>\n<meta property=\"og:title\" content=\"Disco Abrasivo de Corte Lusqtoff DAL1151250 - x50 unid\" \/>\n<meta property=\"og:description\" content=\"Disco Abrasivo de Corte Lusqtoff &#8211; DAL1151250 115 x 1.2 x 22.2 MM &#8211; X50 Un. Cod.: DAL1151250 Corte preciso y potente para trabajos exigentes. Disco abrasivo de alta resistencia para cortar metal con rapidez, seguridad y durabilidad. Ideal para talleres, herrer\u00edas y usos industriales. ESPECIFICACIONES: &#8211; Di\u00e1metro central: 2,22 cm &#8211; Espesor: 1,2 mm [&hellip;]\" \/>\n<meta property=\"og:url\" content=\"https:\/\/soymat.com\/es\/producto\/disco-abrasivo-de-corte-lusqtoff-dal1151250-x50-unid\/\" \/>\n<meta property=\"og:site_name\" content=\"SoyMat \u2013 Seguridad Industrial\" \/>\n<meta property=\"article:modified_time\" content=\"2026-01-02T22:08:30+00:00\" \/>\n<meta property=\"og:image\" content=\"https:\/\/soymat.com\/wp-content\/uploads\/2025\/06\/DAL1151250-DISCO-ABRASIVO-DE-CORTE-LATA-X-50-2.jpg\" \/>\n\t<meta property=\"og:image:width\" content=\"1065\" \/>\n\t<meta property=\"og:image:height\" content=\"1065\" \/>\n\t<meta property=\"og:image:type\" content=\"image\/jpeg\" \/>\n<meta name=\"twitter:card\" content=\"summary_large_image\" \/>\n<meta name=\"twitter:label1\" content=\"Tiempo de lectura\" \/>\n\t<meta name=\"twitter:data1\" content=\"1 minuto\" \/>\n<script type=\"application\/ld+json\" class=\"yoast-schema-graph\">{\"@context\":\"https:\/\/schema.org\",\"@graph\":[{\"@type\":\"WebPage\",\"@id\":\"https:\/\/soymat.com\/producto\/disco-abrasivo-de-corte-lusqtoff-dal1151250-x50-unid\/\",\"url\":\"https:\/\/soymat.com\/producto\/disco-abrasivo-de-corte-lusqtoff-dal1151250-x50-unid\/\",\"name\":\"Disco Abrasivo de Corte Lusqtoff DAL1151250 - x50 unid - SoyMat \u2013 Seguridad Industrial\",\"isPartOf\":{\"@id\":\"https:\/\/soymat.com\/#website\"},\"primaryImageOfPage\":{\"@id\":\"https:\/\/soymat.com\/producto\/disco-abrasivo-de-corte-lusqtoff-dal1151250-x50-unid\/#primaryimage\"},\"image\":{\"@id\":\"https:\/\/soymat.com\/producto\/disco-abrasivo-de-corte-lusqtoff-dal1151250-x50-unid\/#primaryimage\"},\"thumbnailUrl\":\"https:\/\/soymat.com\/wp-content\/uploads\/2025\/06\/DAL1151250-DISCO-ABRASIVO-DE-CORTE-LATA-X-50-2.jpg\",\"datePublished\":\"2025-06-20T18:59:16+00:00\",\"dateModified\":\"2026-01-02T22:08:30+00:00\",\"breadcrumb\":{\"@id\":\"https:\/\/soymat.com\/producto\/disco-abrasivo-de-corte-lusqtoff-dal1151250-x50-unid\/#breadcrumb\"},\"inLanguage\":\"es-AR\",\"potentialAction\":[{\"@type\":\"ReadAction\",\"target\":[\"https:\/\/soymat.com\/producto\/disco-abrasivo-de-corte-lusqtoff-dal1151250-x50-unid\/\"]}]},{\"@type\":\"ImageObject\",\"inLanguage\":\"es-AR\",\"@id\":\"https:\/\/soymat.com\/producto\/disco-abrasivo-de-corte-lusqtoff-dal1151250-x50-unid\/#primaryimage\",\"url\":\"https:\/\/soymat.com\/wp-content\/uploads\/2025\/06\/DAL1151250-DISCO-ABRASIVO-DE-CORTE-LATA-X-50-2.jpg\",\"contentUrl\":\"https:\/\/soymat.com\/wp-content\/uploads\/2025\/06\/DAL1151250-DISCO-ABRASIVO-DE-CORTE-LATA-X-50-2.jpg\",\"width\":1065,\"height\":1065},{\"@type\":\"BreadcrumbList\",\"@id\":\"https:\/\/soymat.com\/producto\/disco-abrasivo-de-corte-lusqtoff-dal1151250-x50-unid\/#breadcrumb\",\"itemListElement\":[{\"@type\":\"ListItem\",\"position\":1,\"name\":\"Portada\",\"item\":\"https:\/\/soymat.com\/\"},{\"@type\":\"ListItem\",\"position\":2,\"name\":\"Todos los Productos\",\"item\":\"https:\/\/soymat.com\/shop\/\"},{\"@type\":\"ListItem\",\"position\":3,\"name\":\"Disco Abrasivo de Corte Lusqtoff DAL1151250 &#8211; x50 unid\"}]},{\"@type\":\"WebSite\",\"@id\":\"https:\/\/soymat.com\/#website\",\"url\":\"https:\/\/soymat.com\/\",\"name\":\"So&Mat\",\"description\":\"Empresa Dedicada a la protecci\u00f3n global contra incendio . matafuegos redes bombas,venta instalaci\u00f3n y service, protecci\u00f3n y confort laboral en todo concepto.\",\"publisher\":{\"@id\":\"https:\/\/soymat.com\/#organization\"},\"alternateName\":\"So&Mat\",\"potentialAction\":[{\"@type\":\"SearchAction\",\"target\":{\"@type\":\"EntryPoint\",\"urlTemplate\":\"https:\/\/soymat.com\/?s={search_term_string}\"},\"query-input\":{\"@type\":\"PropertyValueSpecification\",\"valueRequired\":true,\"valueName\":\"search_term_string\"}}],\"inLanguage\":\"es-AR\"},{\"@type\":\"Organization\",\"@id\":\"https:\/\/soymat.com\/#organization\",\"name\":\"So&Mat\",\"url\":\"https:\/\/soymat.com\/\",\"logo\":{\"@type\":\"ImageObject\",\"inLanguage\":\"es-AR\",\"@id\":\"https:\/\/soymat.com\/#\/schema\/logo\/image\/\",\"url\":\"https:\/\/soymat.com\/wp-content\/uploads\/2024\/08\/SoyMat.jpg\",\"contentUrl\":\"https:\/\/soymat.com\/wp-content\/uploads\/2024\/08\/SoyMat.jpg\",\"width\":600,\"height\":236,\"caption\":\"So&Mat\"},\"image\":{\"@id\":\"https:\/\/soymat.com\/#\/schema\/logo\/image\/\"}}]}<\/script>\n<!-- \/ Yoast SEO Premium plugin. -->","yoast_head_json":{"title":"Disco Abrasivo de Corte Lusqtoff DAL1151250 - x50 unid - SoyMat \u2013 Seguridad Industrial","robots":{"index":"index","follow":"follow","max-snippet":"max-snippet:-1","max-image-preview":"max-image-preview:large","max-video-preview":"max-video-preview:-1"},"canonical":"https:\/\/soymat.com\/es\/producto\/disco-abrasivo-de-corte-lusqtoff-dal1151250-x50-unid\/","og_locale":"es_ES","og_type":"article","og_title":"Disco Abrasivo de Corte Lusqtoff DAL1151250 - x50 unid","og_description":"Disco Abrasivo de Corte Lusqtoff &#8211; DAL1151250 115 x 1.2 x 22.2 MM &#8211; X50 Un. Cod.: DAL1151250 Corte preciso y potente para trabajos exigentes. Disco abrasivo de alta resistencia para cortar metal con rapidez, seguridad y durabilidad. Ideal para talleres, herrer\u00edas y usos industriales. ESPECIFICACIONES: &#8211; Di\u00e1metro central: 2,22 cm &#8211; Espesor: 1,2 mm [&hellip;]","og_url":"https:\/\/soymat.com\/es\/producto\/disco-abrasivo-de-corte-lusqtoff-dal1151250-x50-unid\/","og_site_name":"SoyMat \u2013 Seguridad Industrial","article_modified_time":"2026-01-02T22:08:30+00:00","og_image":[{"width":1065,"height":1065,"url":"https:\/\/soymat.com\/wp-content\/uploads\/2025\/06\/DAL1151250-DISCO-ABRASIVO-DE-CORTE-LATA-X-50-2.jpg","type":"image\/jpeg"}],"twitter_card":"summary_large_image","twitter_misc":{"Tiempo de lectura":"1 minuto"},"schema":{"@context":"https:\/\/schema.org","@graph":[{"@type":"WebPage","@id":"https:\/\/soymat.com\/producto\/disco-abrasivo-de-corte-lusqtoff-dal1151250-x50-unid\/","url":"https:\/\/soymat.com\/producto\/disco-abrasivo-de-corte-lusqtoff-dal1151250-x50-unid\/","name":"Disco Abrasivo de Corte Lusqtoff DAL1151250 - x50 unid - SoyMat \u2013 Seguridad Industrial","isPartOf":{"@id":"https:\/\/soymat.com\/#website"},"primaryImageOfPage":{"@id":"https:\/\/soymat.com\/producto\/disco-abrasivo-de-corte-lusqtoff-dal1151250-x50-unid\/#primaryimage"},"image":{"@id":"https:\/\/soymat.com\/producto\/disco-abrasivo-de-corte-lusqtoff-dal1151250-x50-unid\/#primaryimage"},"thumbnailUrl":"https:\/\/soymat.com\/wp-content\/uploads\/2025\/06\/DAL1151250-DISCO-ABRASIVO-DE-CORTE-LATA-X-50-2.jpg","datePublished":"2025-06-20T18:59:16+00:00","dateModified":"2026-01-02T22:08:30+00:00","breadcrumb":{"@id":"https:\/\/soymat.com\/producto\/disco-abrasivo-de-corte-lusqtoff-dal1151250-x50-unid\/#breadcrumb"},"inLanguage":"es-AR","potentialAction":[{"@type":"ReadAction","target":["https:\/\/soymat.com\/producto\/disco-abrasivo-de-corte-lusqtoff-dal1151250-x50-unid\/"]}]},{"@type":"ImageObject","inLanguage":"es-AR","@id":"https:\/\/soymat.com\/producto\/disco-abrasivo-de-corte-lusqtoff-dal1151250-x50-unid\/#primaryimage","url":"https:\/\/soymat.com\/wp-content\/uploads\/2025\/06\/DAL1151250-DISCO-ABRASIVO-DE-CORTE-LATA-X-50-2.jpg","contentUrl":"https:\/\/soymat.com\/wp-content\/uploads\/2025\/06\/DAL1151250-DISCO-ABRASIVO-DE-CORTE-LATA-X-50-2.jpg","width":1065,"height":1065},{"@type":"BreadcrumbList","@id":"https:\/\/soymat.com\/producto\/disco-abrasivo-de-corte-lusqtoff-dal1151250-x50-unid\/#breadcrumb","itemListElement":[{"@type":"ListItem","position":1,"name":"Portada","item":"https:\/\/soymat.com\/"},{"@type":"ListItem","position":2,"name":"Todos los Productos","item":"https:\/\/soymat.com\/shop\/"},{"@type":"ListItem","position":3,"name":"Disco Abrasivo de Corte Lusqtoff DAL1151250 &#8211; x50 unid"}]},{"@type":"WebSite","@id":"https:\/\/soymat.com\/#website","url":"https:\/\/soymat.com\/","name":"So&Mat","description":"Empresa Dedicada a la protecci\u00f3n global contra incendio . matafuegos redes bombas,venta instalaci\u00f3n y service, protecci\u00f3n y confort laboral en todo concepto.","publisher":{"@id":"https:\/\/soymat.com\/#organization"},"alternateName":"So&Mat","potentialAction":[{"@type":"SearchAction","target":{"@type":"EntryPoint","urlTemplate":"https:\/\/soymat.com\/?s={search_term_string}"},"query-input":{"@type":"PropertyValueSpecification","valueRequired":true,"valueName":"search_term_string"}}],"inLanguage":"es-AR"},{"@type":"Organization","@id":"https:\/\/soymat.com\/#organization","name":"So&Mat","url":"https:\/\/soymat.com\/","logo":{"@type":"ImageObject","inLanguage":"es-AR","@id":"https:\/\/soymat.com\/#\/schema\/logo\/image\/","url":"https:\/\/soymat.com\/wp-content\/uploads\/2024\/08\/SoyMat.jpg","contentUrl":"https:\/\/soymat.com\/wp-content\/uploads\/2024\/08\/SoyMat.jpg","width":600,"height":236,"caption":"So&Mat"},"image":{"@id":"https:\/\/soymat.com\/#\/schema\/logo\/image\/"}}]}},"_links":{"self":[{"href":"https:\/\/soymat.com\/es\/wp-json\/wp\/v2\/product\/22905","targetHints":{"allow":["GET"]}}],"collection":[{"href":"https:\/\/soymat.com\/es\/wp-json\/wp\/v2\/product"}],"about":[{"href":"https:\/\/soymat.com\/es\/wp-json\/wp\/v2\/types\/product"}],"wp:featuredmedia":[{"embeddable":true,"href":"https:\/\/soymat.com\/es\/wp-json\/wp\/v2\/media\/22902"}],"wp:attachment":[{"href":"https:\/\/soymat.com\/es\/wp-json\/wp\/v2\/media?parent=22905"}],"wp:term":[{"taxonomy":"product_cat","embeddable":true,"href":"https:\/\/soymat.com\/es\/wp-json\/wp\/v2\/product_cat?post=22905"},{"taxonomy":"product_tag","embeddable":true,"href":"https:\/\/soymat.com\/es\/wp-json\/wp\/v2\/product_tag?post=22905"}],"curies":[{"name":"wp","href":"https:\/\/api.w.org\/{rel}","templated":true}]}}