{"id":22909,"date":"2025-06-20T16:38:51","date_gmt":"2025-06-20T19:38:51","guid":{"rendered":"https:\/\/soymat.com\/?post_type=product&#038;p=22909"},"modified":"2025-11-05T19:05:33","modified_gmt":"2025-11-05T22:05:33","slug":"motosierra-naftera-2t-62cc-4-1-hp-lusqtoff","status":"publish","type":"product","link":"https:\/\/soymat.com\/es\/producto\/motosierra-naftera-2t-62cc-4-1-hp-lusqtoff\/","title":{"rendered":"Motosierra Naftera 2T 62cc 4.1 HP Lusqtoff"},"content":{"rendered":"<p><strong>Motosierra Naftera 2T 62cc 4.1 HP Lusqtoff<\/strong><br \/>\nCod.: GS6200<\/p>\n<p>Ficha t\u00e9cnica<\/p>\n<p>\u2022 Motor: 2 tiempos<br \/>\n\u2022 Potencia: 4,1 Hp \/ 30, 57 Kw \/ 4,16 CV<br \/>\n\u2022 Cilindrada: 62 CC<br \/>\n\u2022 Largo de la espada: 22\u201d<br \/>\n\u2022 Velocidad m\u00e1x. de trabajo: 11.000 RPM<br \/>\n\u2022 Paso de la cadena: 3\/8 LP<br \/>\n\u2022 Fuente de alimentaci\u00f3n: mezcla<br \/>\n(nafta y aceite 2T)<br \/>\n\u2022 Capacidad del tanque: 0.5 lts<br \/>\n\u2022 Tanque de aceite (lub. cadena): 0.3 lts<br \/>\n\u2022 Di\u00e1metro de corte: 560 mm<br \/>\n\u2022 Peso: 7 kg<\/p>\n<p>Caracter\u00edsticas<\/p>\n<p>\u2022 Uso profesional<br \/>\n\u2022 Cadena Carlton<br \/>\n\u2022 Carburador Walbro<br \/>\n\u2022 Robusta<br \/>\n\u2022 Potente<br \/>\n\u2022 Para poda y tala en jardines<\/p>","protected":false},"excerpt":{"rendered":"<p>Motosierra Naftera 2T 62cc 4.1 HP Lusqtoff Cod.: GS6200 Ficha t\u00e9cnica \u2022 Motor: 2 tiempos \u2022 Potencia: 4,1 Hp \/ 30, 57 Kw \/ 4,16 CV \u2022 Cilindrada: 62 CC \u2022 Largo de la espada: 22\u201d \u2022 Velocidad m\u00e1x. de trabajo: 11.000 RPM \u2022 Paso de la cadena: 3\/8 LP \u2022 Fuente de alimentaci\u00f3n: mezcla [&hellip;]<\/p>\n","protected":false},"featured_media":22912,"template":"","meta":[],"product_cat":[191],"product_tag":[662,661,393,220,660,525,446],"class_list":{"0":"post-22909","1":"product","2":"type-product","3":"status-publish","4":"has-post-thumbnail","6":"product_brand-lusqtoff-maquinas-y-herramientas-electricas-manuales","7":"product_cat-maquinas-y-herramientas","8":"product_tag-arboles-lusqtoff","9":"product_tag-bosques","10":"product_tag-campo","11":"product_tag-jardineria","12":"product_tag-motorierra","13":"product_tag-parquizado","14":"product_tag-poda","16":"first","17":"instock","18":"taxable","19":"shipping-taxable","20":"purchasable","21":"product-type-simple","22":"add-to-wishlist-after_add_to_cart"},"yoast_head":"<!-- This site is optimized with the Yoast SEO Premium plugin v26.9 (Yoast SEO v26.9) - https:\/\/yoast.com\/product\/yoast-seo-premium-wordpress\/ -->\n<title>Motosierra Naftera 2T 62cc 4.1 HP Lusqtoff - SoyMat \u2013 Seguridad Industrial<\/title>\n<meta name=\"robots\" content=\"index, follow, max-snippet:-1, max-image-preview:large, max-video-preview:-1\" \/>\n<link rel=\"canonical\" href=\"https:\/\/soymat.com\/es\/producto\/motosierra-naftera-2t-62cc-4-1-hp-lusqtoff\/\" \/>\n<meta property=\"og:locale\" content=\"es_ES\" \/>\n<meta property=\"og:type\" content=\"article\" \/>\n<meta property=\"og:title\" content=\"Motosierra Naftera 2T 62cc 4.1 HP Lusqtoff\" \/>\n<meta property=\"og:description\" content=\"Motosierra Naftera 2T 62cc 4.1 HP Lusqtoff Cod.: GS6200 Ficha t\u00e9cnica \u2022 Motor: 2 tiempos \u2022 Potencia: 4,1 Hp \/ 30, 57 Kw \/ 4,16 CV \u2022 Cilindrada: 62 CC \u2022 Largo de la espada: 22\u201d \u2022 Velocidad m\u00e1x. de trabajo: 11.000 RPM \u2022 Paso de la cadena: 3\/8 LP \u2022 Fuente de alimentaci\u00f3n: mezcla [&hellip;]\" \/>\n<meta property=\"og:url\" content=\"https:\/\/soymat.com\/es\/producto\/motosierra-naftera-2t-62cc-4-1-hp-lusqtoff\/\" \/>\n<meta property=\"og:site_name\" content=\"SoyMat \u2013 Seguridad Industrial\" \/>\n<meta property=\"article:modified_time\" content=\"2025-11-05T22:05:33+00:00\" \/>\n<meta property=\"og:image\" content=\"https:\/\/soymat.com\/wp-content\/uploads\/2025\/06\/GS6200_-motosierra-1.jpg\" \/>\n\t<meta property=\"og:image:width\" content=\"1200\" \/>\n\t<meta property=\"og:image:height\" content=\"1200\" \/>\n\t<meta property=\"og:image:type\" content=\"image\/jpeg\" \/>\n<meta name=\"twitter:card\" content=\"summary_large_image\" \/>\n<meta name=\"twitter:label1\" content=\"Tiempo de lectura\" \/>\n\t<meta name=\"twitter:data1\" content=\"1 minuto\" \/>\n<script type=\"application\/ld+json\" class=\"yoast-schema-graph\">{\"@context\":\"https:\/\/schema.org\",\"@graph\":[{\"@type\":\"WebPage\",\"@id\":\"https:\/\/soymat.com\/producto\/motosierra-naftera-2t-62cc-4-1-hp-lusqtoff\/\",\"url\":\"https:\/\/soymat.com\/producto\/motosierra-naftera-2t-62cc-4-1-hp-lusqtoff\/\",\"name\":\"Motosierra Naftera 2T 62cc 4.1 HP Lusqtoff - SoyMat \u2013 Seguridad Industrial\",\"isPartOf\":{\"@id\":\"https:\/\/soymat.com\/#website\"},\"primaryImageOfPage\":{\"@id\":\"https:\/\/soymat.com\/producto\/motosierra-naftera-2t-62cc-4-1-hp-lusqtoff\/#primaryimage\"},\"image\":{\"@id\":\"https:\/\/soymat.com\/producto\/motosierra-naftera-2t-62cc-4-1-hp-lusqtoff\/#primaryimage\"},\"thumbnailUrl\":\"https:\/\/soymat.com\/wp-content\/uploads\/2025\/06\/GS6200_-motosierra-1.jpg\",\"datePublished\":\"2025-06-20T19:38:51+00:00\",\"dateModified\":\"2025-11-05T22:05:33+00:00\",\"breadcrumb\":{\"@id\":\"https:\/\/soymat.com\/producto\/motosierra-naftera-2t-62cc-4-1-hp-lusqtoff\/#breadcrumb\"},\"inLanguage\":\"es-AR\",\"potentialAction\":[{\"@type\":\"ReadAction\",\"target\":[\"https:\/\/soymat.com\/producto\/motosierra-naftera-2t-62cc-4-1-hp-lusqtoff\/\"]}]},{\"@type\":\"ImageObject\",\"inLanguage\":\"es-AR\",\"@id\":\"https:\/\/soymat.com\/producto\/motosierra-naftera-2t-62cc-4-1-hp-lusqtoff\/#primaryimage\",\"url\":\"https:\/\/soymat.com\/wp-content\/uploads\/2025\/06\/GS6200_-motosierra-1.jpg\",\"contentUrl\":\"https:\/\/soymat.com\/wp-content\/uploads\/2025\/06\/GS6200_-motosierra-1.jpg\",\"width\":1200,\"height\":1200},{\"@type\":\"BreadcrumbList\",\"@id\":\"https:\/\/soymat.com\/producto\/motosierra-naftera-2t-62cc-4-1-hp-lusqtoff\/#breadcrumb\",\"itemListElement\":[{\"@type\":\"ListItem\",\"position\":1,\"name\":\"Portada\",\"item\":\"https:\/\/soymat.com\/\"},{\"@type\":\"ListItem\",\"position\":2,\"name\":\"Todos los Productos\",\"item\":\"https:\/\/soymat.com\/shop\/\"},{\"@type\":\"ListItem\",\"position\":3,\"name\":\"Motosierra Naftera 2T 62cc 4.1 HP Lusqtoff\"}]},{\"@type\":\"WebSite\",\"@id\":\"https:\/\/soymat.com\/#website\",\"url\":\"https:\/\/soymat.com\/\",\"name\":\"So&Mat\",\"description\":\"Empresa Dedicada a la protecci\u00f3n global contra incendio . matafuegos redes bombas,venta instalaci\u00f3n y service, protecci\u00f3n y confort laboral en todo concepto.\",\"publisher\":{\"@id\":\"https:\/\/soymat.com\/#organization\"},\"alternateName\":\"So&Mat\",\"potentialAction\":[{\"@type\":\"SearchAction\",\"target\":{\"@type\":\"EntryPoint\",\"urlTemplate\":\"https:\/\/soymat.com\/?s={search_term_string}\"},\"query-input\":{\"@type\":\"PropertyValueSpecification\",\"valueRequired\":true,\"valueName\":\"search_term_string\"}}],\"inLanguage\":\"es-AR\"},{\"@type\":\"Organization\",\"@id\":\"https:\/\/soymat.com\/#organization\",\"name\":\"So&Mat\",\"url\":\"https:\/\/soymat.com\/\",\"logo\":{\"@type\":\"ImageObject\",\"inLanguage\":\"es-AR\",\"@id\":\"https:\/\/soymat.com\/#\/schema\/logo\/image\/\",\"url\":\"https:\/\/soymat.com\/wp-content\/uploads\/2024\/08\/SoyMat.jpg\",\"contentUrl\":\"https:\/\/soymat.com\/wp-content\/uploads\/2024\/08\/SoyMat.jpg\",\"width\":600,\"height\":236,\"caption\":\"So&Mat\"},\"image\":{\"@id\":\"https:\/\/soymat.com\/#\/schema\/logo\/image\/\"}}]}<\/script>\n<!-- \/ Yoast SEO Premium plugin. -->","yoast_head_json":{"title":"Motosierra Naftera 2T 62cc 4.1 HP Lusqtoff - SoyMat \u2013 Seguridad Industrial","robots":{"index":"index","follow":"follow","max-snippet":"max-snippet:-1","max-image-preview":"max-image-preview:large","max-video-preview":"max-video-preview:-1"},"canonical":"https:\/\/soymat.com\/es\/producto\/motosierra-naftera-2t-62cc-4-1-hp-lusqtoff\/","og_locale":"es_ES","og_type":"article","og_title":"Motosierra Naftera 2T 62cc 4.1 HP Lusqtoff","og_description":"Motosierra Naftera 2T 62cc 4.1 HP Lusqtoff Cod.: GS6200 Ficha t\u00e9cnica \u2022 Motor: 2 tiempos \u2022 Potencia: 4,1 Hp \/ 30, 57 Kw \/ 4,16 CV \u2022 Cilindrada: 62 CC \u2022 Largo de la espada: 22\u201d \u2022 Velocidad m\u00e1x. de trabajo: 11.000 RPM \u2022 Paso de la cadena: 3\/8 LP \u2022 Fuente de alimentaci\u00f3n: mezcla [&hellip;]","og_url":"https:\/\/soymat.com\/es\/producto\/motosierra-naftera-2t-62cc-4-1-hp-lusqtoff\/","og_site_name":"SoyMat \u2013 Seguridad Industrial","article_modified_time":"2025-11-05T22:05:33+00:00","og_image":[{"width":1200,"height":1200,"url":"https:\/\/soymat.com\/wp-content\/uploads\/2025\/06\/GS6200_-motosierra-1.jpg","type":"image\/jpeg"}],"twitter_card":"summary_large_image","twitter_misc":{"Tiempo de lectura":"1 minuto"},"schema":{"@context":"https:\/\/schema.org","@graph":[{"@type":"WebPage","@id":"https:\/\/soymat.com\/producto\/motosierra-naftera-2t-62cc-4-1-hp-lusqtoff\/","url":"https:\/\/soymat.com\/producto\/motosierra-naftera-2t-62cc-4-1-hp-lusqtoff\/","name":"Motosierra Naftera 2T 62cc 4.1 HP Lusqtoff - SoyMat \u2013 Seguridad Industrial","isPartOf":{"@id":"https:\/\/soymat.com\/#website"},"primaryImageOfPage":{"@id":"https:\/\/soymat.com\/producto\/motosierra-naftera-2t-62cc-4-1-hp-lusqtoff\/#primaryimage"},"image":{"@id":"https:\/\/soymat.com\/producto\/motosierra-naftera-2t-62cc-4-1-hp-lusqtoff\/#primaryimage"},"thumbnailUrl":"https:\/\/soymat.com\/wp-content\/uploads\/2025\/06\/GS6200_-motosierra-1.jpg","datePublished":"2025-06-20T19:38:51+00:00","dateModified":"2025-11-05T22:05:33+00:00","breadcrumb":{"@id":"https:\/\/soymat.com\/producto\/motosierra-naftera-2t-62cc-4-1-hp-lusqtoff\/#breadcrumb"},"inLanguage":"es-AR","potentialAction":[{"@type":"ReadAction","target":["https:\/\/soymat.com\/producto\/motosierra-naftera-2t-62cc-4-1-hp-lusqtoff\/"]}]},{"@type":"ImageObject","inLanguage":"es-AR","@id":"https:\/\/soymat.com\/producto\/motosierra-naftera-2t-62cc-4-1-hp-lusqtoff\/#primaryimage","url":"https:\/\/soymat.com\/wp-content\/uploads\/2025\/06\/GS6200_-motosierra-1.jpg","contentUrl":"https:\/\/soymat.com\/wp-content\/uploads\/2025\/06\/GS6200_-motosierra-1.jpg","width":1200,"height":1200},{"@type":"BreadcrumbList","@id":"https:\/\/soymat.com\/producto\/motosierra-naftera-2t-62cc-4-1-hp-lusqtoff\/#breadcrumb","itemListElement":[{"@type":"ListItem","position":1,"name":"Portada","item":"https:\/\/soymat.com\/"},{"@type":"ListItem","position":2,"name":"Todos los Productos","item":"https:\/\/soymat.com\/shop\/"},{"@type":"ListItem","position":3,"name":"Motosierra Naftera 2T 62cc 4.1 HP Lusqtoff"}]},{"@type":"WebSite","@id":"https:\/\/soymat.com\/#website","url":"https:\/\/soymat.com\/","name":"So&Mat","description":"Empresa Dedicada a la protecci\u00f3n global contra incendio . matafuegos redes bombas,venta instalaci\u00f3n y service, protecci\u00f3n y confort laboral en todo concepto.","publisher":{"@id":"https:\/\/soymat.com\/#organization"},"alternateName":"So&Mat","potentialAction":[{"@type":"SearchAction","target":{"@type":"EntryPoint","urlTemplate":"https:\/\/soymat.com\/?s={search_term_string}"},"query-input":{"@type":"PropertyValueSpecification","valueRequired":true,"valueName":"search_term_string"}}],"inLanguage":"es-AR"},{"@type":"Organization","@id":"https:\/\/soymat.com\/#organization","name":"So&Mat","url":"https:\/\/soymat.com\/","logo":{"@type":"ImageObject","inLanguage":"es-AR","@id":"https:\/\/soymat.com\/#\/schema\/logo\/image\/","url":"https:\/\/soymat.com\/wp-content\/uploads\/2024\/08\/SoyMat.jpg","contentUrl":"https:\/\/soymat.com\/wp-content\/uploads\/2024\/08\/SoyMat.jpg","width":600,"height":236,"caption":"So&Mat"},"image":{"@id":"https:\/\/soymat.com\/#\/schema\/logo\/image\/"}}]}},"_links":{"self":[{"href":"https:\/\/soymat.com\/es\/wp-json\/wp\/v2\/product\/22909","targetHints":{"allow":["GET"]}}],"collection":[{"href":"https:\/\/soymat.com\/es\/wp-json\/wp\/v2\/product"}],"about":[{"href":"https:\/\/soymat.com\/es\/wp-json\/wp\/v2\/types\/product"}],"wp:featuredmedia":[{"embeddable":true,"href":"https:\/\/soymat.com\/es\/wp-json\/wp\/v2\/media\/22912"}],"wp:attachment":[{"href":"https:\/\/soymat.com\/es\/wp-json\/wp\/v2\/media?parent=22909"}],"wp:term":[{"taxonomy":"product_cat","embeddable":true,"href":"https:\/\/soymat.com\/es\/wp-json\/wp\/v2\/product_cat?post=22909"},{"taxonomy":"product_tag","embeddable":true,"href":"https:\/\/soymat.com\/es\/wp-json\/wp\/v2\/product_tag?post=22909"}],"curies":[{"name":"wp","href":"https:\/\/api.w.org\/{rel}","templated":true}]}}