{"id":22954,"date":"2025-06-20T20:02:32","date_gmt":"2025-06-20T23:02:32","guid":{"rendered":"https:\/\/soymat.com\/?post_type=product&#038;p=22954"},"modified":"2026-02-10T10:07:05","modified_gmt":"2026-02-10T13:07:05","slug":"calefactor-exterior-hongo-negro-gamma","status":"publish","type":"product","link":"https:\/\/soymat.com\/es\/producto\/calefactor-exterior-hongo-negro-gamma\/","title":{"rendered":"Calefactor Exterior Hongo Negro Gamma"},"content":{"rendered":"<p><strong>Calefactor Exterior Hongo Negro Gamma<\/strong><br \/>\nCod.: G2250AR<\/p>\n<p>\u00a1Con este calefactor exterior, equipado con un exclusivo pico inyector Master Efficiency que reduce hasta un 30% el consumo de gas, podr\u00e1s prolongar tus reuniones al aire libre y disfrutar de tus espacios al m\u00e1ximo, incluso en las estaciones m\u00e1s frescas del a\u00f1o!<\/p>\n<p>Emisor de acero inoxidable de doble capa que prolonga la vida \u00fatil del equipo.<br \/>\nQuemador compuesto 100% de acero inoxidable.<br \/>\nCanal de conducci\u00f3n de 60mm de di\u00e1metro.<br \/>\nExclusivo pico inyector que reduce 30% menos el consumo de gas.<br \/>\nConsume 590 g\/h al m\u00e1ximo. Con una garrafa de 10kg (realmente llena) deber\u00eda rendir casi 17 horas.<br \/>\nTiempo estimado de armado: 20 minutos.<br \/>\nIncluye Ruedas.<\/p>\n<p>NO INCLUYE GARRAFA<br \/>\nNO INCLUYE MANGUERA NI REGULADOR<\/p>\n<p>Recomendaciones de Seguridad: Todo el conexionado de mangueras y reguladores deber ser realizado por un gasista matriculado. Las mangueras y accesorios debes estar aprobados por organismos competentes.<\/p>","protected":false},"excerpt":{"rendered":"<p>Calefactor Exterior Hongo Negro Gamma Cod.: G2250AR \u00a1Con este calefactor exterior, equipado con un exclusivo pico inyector Master Efficiency que reduce hasta un 30% el consumo de gas, podr\u00e1s prolongar tus reuniones al aire libre y disfrutar de tus espacios al m\u00e1ximo, incluso en las estaciones m\u00e1s frescas del a\u00f1o! Emisor de acero inoxidable de [&hellip;]<\/p>\n","protected":false},"featured_media":22955,"template":"","meta":[],"product_cat":[191],"product_tag":[679,508,677,678,481,644],"class_list":{"0":"post-22954","1":"product","2":"type-product","3":"status-publish","4":"has-post-thumbnail","6":"product_brand-gamma-maquinas-herramientas","7":"product_cat-maquinas-y-herramientas","8":"product_tag-bajas-temperaturas","9":"product_tag-calefactor","10":"product_tag-calefactor-a-gas","11":"product_tag-frio","12":"product_tag-gamma","13":"product_tag-invierno","15":"first","16":"instock","17":"taxable","18":"shipping-taxable","19":"purchasable","20":"product-type-simple","21":"add-to-wishlist-after_add_to_cart"},"yoast_head":"<!-- This site is optimized with the Yoast SEO Premium plugin v26.9 (Yoast SEO v26.9) - https:\/\/yoast.com\/product\/yoast-seo-premium-wordpress\/ -->\n<title>Calefactor Exterior Hongo Negro Gamma - SoyMat \u2013 Seguridad Industrial<\/title>\n<meta name=\"robots\" content=\"index, follow, max-snippet:-1, max-image-preview:large, max-video-preview:-1\" \/>\n<link rel=\"canonical\" href=\"https:\/\/soymat.com\/es\/producto\/calefactor-exterior-hongo-negro-gamma\/\" \/>\n<meta property=\"og:locale\" content=\"es_ES\" \/>\n<meta property=\"og:type\" content=\"article\" \/>\n<meta property=\"og:title\" content=\"Calefactor Exterior Hongo Negro Gamma\" \/>\n<meta property=\"og:description\" content=\"Calefactor Exterior Hongo Negro Gamma Cod.: G2250AR \u00a1Con este calefactor exterior, equipado con un exclusivo pico inyector Master Efficiency que reduce hasta un 30% el consumo de gas, podr\u00e1s prolongar tus reuniones al aire libre y disfrutar de tus espacios al m\u00e1ximo, incluso en las estaciones m\u00e1s frescas del a\u00f1o! Emisor de acero inoxidable de [&hellip;]\" \/>\n<meta property=\"og:url\" content=\"https:\/\/soymat.com\/es\/producto\/calefactor-exterior-hongo-negro-gamma\/\" \/>\n<meta property=\"og:site_name\" content=\"SoyMat \u2013 Seguridad Industrial\" \/>\n<meta property=\"article:modified_time\" content=\"2026-02-10T13:07:05+00:00\" \/>\n<meta property=\"og:image\" content=\"https:\/\/soymat.com\/wp-content\/uploads\/2025\/06\/G2250AR_-calefactor-1.jpg\" \/>\n\t<meta property=\"og:image:width\" content=\"1000\" \/>\n\t<meta property=\"og:image:height\" content=\"1000\" \/>\n\t<meta property=\"og:image:type\" content=\"image\/jpeg\" \/>\n<meta name=\"twitter:card\" content=\"summary_large_image\" \/>\n<meta name=\"twitter:label1\" content=\"Tiempo de lectura\" \/>\n\t<meta name=\"twitter:data1\" content=\"1 minuto\" \/>\n<script type=\"application\/ld+json\" class=\"yoast-schema-graph\">{\"@context\":\"https:\/\/schema.org\",\"@graph\":[{\"@type\":\"WebPage\",\"@id\":\"https:\/\/soymat.com\/producto\/calefactor-exterior-hongo-negro-gamma\/\",\"url\":\"https:\/\/soymat.com\/producto\/calefactor-exterior-hongo-negro-gamma\/\",\"name\":\"Calefactor Exterior Hongo Negro Gamma - SoyMat \u2013 Seguridad Industrial\",\"isPartOf\":{\"@id\":\"https:\/\/soymat.com\/#website\"},\"primaryImageOfPage\":{\"@id\":\"https:\/\/soymat.com\/producto\/calefactor-exterior-hongo-negro-gamma\/#primaryimage\"},\"image\":{\"@id\":\"https:\/\/soymat.com\/producto\/calefactor-exterior-hongo-negro-gamma\/#primaryimage\"},\"thumbnailUrl\":\"https:\/\/soymat.com\/wp-content\/uploads\/2025\/06\/G2250AR_-calefactor-1.jpg\",\"datePublished\":\"2025-06-20T23:02:32+00:00\",\"dateModified\":\"2026-02-10T13:07:05+00:00\",\"breadcrumb\":{\"@id\":\"https:\/\/soymat.com\/producto\/calefactor-exterior-hongo-negro-gamma\/#breadcrumb\"},\"inLanguage\":\"es-AR\",\"potentialAction\":[{\"@type\":\"ReadAction\",\"target\":[\"https:\/\/soymat.com\/producto\/calefactor-exterior-hongo-negro-gamma\/\"]}]},{\"@type\":\"ImageObject\",\"inLanguage\":\"es-AR\",\"@id\":\"https:\/\/soymat.com\/producto\/calefactor-exterior-hongo-negro-gamma\/#primaryimage\",\"url\":\"https:\/\/soymat.com\/wp-content\/uploads\/2025\/06\/G2250AR_-calefactor-1.jpg\",\"contentUrl\":\"https:\/\/soymat.com\/wp-content\/uploads\/2025\/06\/G2250AR_-calefactor-1.jpg\",\"width\":1000,\"height\":1000},{\"@type\":\"BreadcrumbList\",\"@id\":\"https:\/\/soymat.com\/producto\/calefactor-exterior-hongo-negro-gamma\/#breadcrumb\",\"itemListElement\":[{\"@type\":\"ListItem\",\"position\":1,\"name\":\"Portada\",\"item\":\"https:\/\/soymat.com\/\"},{\"@type\":\"ListItem\",\"position\":2,\"name\":\"Todos los Productos\",\"item\":\"https:\/\/soymat.com\/shop\/\"},{\"@type\":\"ListItem\",\"position\":3,\"name\":\"Calefactor Exterior Hongo Negro Gamma\"}]},{\"@type\":\"WebSite\",\"@id\":\"https:\/\/soymat.com\/#website\",\"url\":\"https:\/\/soymat.com\/\",\"name\":\"So&Mat\",\"description\":\"Empresa Dedicada a la protecci\u00f3n global contra incendio . matafuegos redes bombas,venta instalaci\u00f3n y service, protecci\u00f3n y confort laboral en todo concepto.\",\"publisher\":{\"@id\":\"https:\/\/soymat.com\/#organization\"},\"alternateName\":\"So&Mat\",\"potentialAction\":[{\"@type\":\"SearchAction\",\"target\":{\"@type\":\"EntryPoint\",\"urlTemplate\":\"https:\/\/soymat.com\/?s={search_term_string}\"},\"query-input\":{\"@type\":\"PropertyValueSpecification\",\"valueRequired\":true,\"valueName\":\"search_term_string\"}}],\"inLanguage\":\"es-AR\"},{\"@type\":\"Organization\",\"@id\":\"https:\/\/soymat.com\/#organization\",\"name\":\"So&Mat\",\"url\":\"https:\/\/soymat.com\/\",\"logo\":{\"@type\":\"ImageObject\",\"inLanguage\":\"es-AR\",\"@id\":\"https:\/\/soymat.com\/#\/schema\/logo\/image\/\",\"url\":\"https:\/\/soymat.com\/wp-content\/uploads\/2024\/08\/SoyMat.jpg\",\"contentUrl\":\"https:\/\/soymat.com\/wp-content\/uploads\/2024\/08\/SoyMat.jpg\",\"width\":600,\"height\":236,\"caption\":\"So&Mat\"},\"image\":{\"@id\":\"https:\/\/soymat.com\/#\/schema\/logo\/image\/\"}}]}<\/script>\n<!-- \/ Yoast SEO Premium plugin. -->","yoast_head_json":{"title":"Calefactor Exterior Hongo Negro Gamma - SoyMat \u2013 Seguridad Industrial","robots":{"index":"index","follow":"follow","max-snippet":"max-snippet:-1","max-image-preview":"max-image-preview:large","max-video-preview":"max-video-preview:-1"},"canonical":"https:\/\/soymat.com\/es\/producto\/calefactor-exterior-hongo-negro-gamma\/","og_locale":"es_ES","og_type":"article","og_title":"Calefactor Exterior Hongo Negro Gamma","og_description":"Calefactor Exterior Hongo Negro Gamma Cod.: G2250AR \u00a1Con este calefactor exterior, equipado con un exclusivo pico inyector Master Efficiency que reduce hasta un 30% el consumo de gas, podr\u00e1s prolongar tus reuniones al aire libre y disfrutar de tus espacios al m\u00e1ximo, incluso en las estaciones m\u00e1s frescas del a\u00f1o! Emisor de acero inoxidable de [&hellip;]","og_url":"https:\/\/soymat.com\/es\/producto\/calefactor-exterior-hongo-negro-gamma\/","og_site_name":"SoyMat \u2013 Seguridad Industrial","article_modified_time":"2026-02-10T13:07:05+00:00","og_image":[{"width":1000,"height":1000,"url":"https:\/\/soymat.com\/wp-content\/uploads\/2025\/06\/G2250AR_-calefactor-1.jpg","type":"image\/jpeg"}],"twitter_card":"summary_large_image","twitter_misc":{"Tiempo de lectura":"1 minuto"},"schema":{"@context":"https:\/\/schema.org","@graph":[{"@type":"WebPage","@id":"https:\/\/soymat.com\/producto\/calefactor-exterior-hongo-negro-gamma\/","url":"https:\/\/soymat.com\/producto\/calefactor-exterior-hongo-negro-gamma\/","name":"Calefactor Exterior Hongo Negro Gamma - SoyMat \u2013 Seguridad Industrial","isPartOf":{"@id":"https:\/\/soymat.com\/#website"},"primaryImageOfPage":{"@id":"https:\/\/soymat.com\/producto\/calefactor-exterior-hongo-negro-gamma\/#primaryimage"},"image":{"@id":"https:\/\/soymat.com\/producto\/calefactor-exterior-hongo-negro-gamma\/#primaryimage"},"thumbnailUrl":"https:\/\/soymat.com\/wp-content\/uploads\/2025\/06\/G2250AR_-calefactor-1.jpg","datePublished":"2025-06-20T23:02:32+00:00","dateModified":"2026-02-10T13:07:05+00:00","breadcrumb":{"@id":"https:\/\/soymat.com\/producto\/calefactor-exterior-hongo-negro-gamma\/#breadcrumb"},"inLanguage":"es-AR","potentialAction":[{"@type":"ReadAction","target":["https:\/\/soymat.com\/producto\/calefactor-exterior-hongo-negro-gamma\/"]}]},{"@type":"ImageObject","inLanguage":"es-AR","@id":"https:\/\/soymat.com\/producto\/calefactor-exterior-hongo-negro-gamma\/#primaryimage","url":"https:\/\/soymat.com\/wp-content\/uploads\/2025\/06\/G2250AR_-calefactor-1.jpg","contentUrl":"https:\/\/soymat.com\/wp-content\/uploads\/2025\/06\/G2250AR_-calefactor-1.jpg","width":1000,"height":1000},{"@type":"BreadcrumbList","@id":"https:\/\/soymat.com\/producto\/calefactor-exterior-hongo-negro-gamma\/#breadcrumb","itemListElement":[{"@type":"ListItem","position":1,"name":"Portada","item":"https:\/\/soymat.com\/"},{"@type":"ListItem","position":2,"name":"Todos los Productos","item":"https:\/\/soymat.com\/shop\/"},{"@type":"ListItem","position":3,"name":"Calefactor Exterior Hongo Negro Gamma"}]},{"@type":"WebSite","@id":"https:\/\/soymat.com\/#website","url":"https:\/\/soymat.com\/","name":"So&Mat","description":"Empresa Dedicada a la protecci\u00f3n global contra incendio . matafuegos redes bombas,venta instalaci\u00f3n y service, protecci\u00f3n y confort laboral en todo concepto.","publisher":{"@id":"https:\/\/soymat.com\/#organization"},"alternateName":"So&Mat","potentialAction":[{"@type":"SearchAction","target":{"@type":"EntryPoint","urlTemplate":"https:\/\/soymat.com\/?s={search_term_string}"},"query-input":{"@type":"PropertyValueSpecification","valueRequired":true,"valueName":"search_term_string"}}],"inLanguage":"es-AR"},{"@type":"Organization","@id":"https:\/\/soymat.com\/#organization","name":"So&Mat","url":"https:\/\/soymat.com\/","logo":{"@type":"ImageObject","inLanguage":"es-AR","@id":"https:\/\/soymat.com\/#\/schema\/logo\/image\/","url":"https:\/\/soymat.com\/wp-content\/uploads\/2024\/08\/SoyMat.jpg","contentUrl":"https:\/\/soymat.com\/wp-content\/uploads\/2024\/08\/SoyMat.jpg","width":600,"height":236,"caption":"So&Mat"},"image":{"@id":"https:\/\/soymat.com\/#\/schema\/logo\/image\/"}}]}},"_links":{"self":[{"href":"https:\/\/soymat.com\/es\/wp-json\/wp\/v2\/product\/22954","targetHints":{"allow":["GET"]}}],"collection":[{"href":"https:\/\/soymat.com\/es\/wp-json\/wp\/v2\/product"}],"about":[{"href":"https:\/\/soymat.com\/es\/wp-json\/wp\/v2\/types\/product"}],"wp:featuredmedia":[{"embeddable":true,"href":"https:\/\/soymat.com\/es\/wp-json\/wp\/v2\/media\/22955"}],"wp:attachment":[{"href":"https:\/\/soymat.com\/es\/wp-json\/wp\/v2\/media?parent=22954"}],"wp:term":[{"taxonomy":"product_cat","embeddable":true,"href":"https:\/\/soymat.com\/es\/wp-json\/wp\/v2\/product_cat?post=22954"},{"taxonomy":"product_tag","embeddable":true,"href":"https:\/\/soymat.com\/es\/wp-json\/wp\/v2\/product_tag?post=22954"}],"curies":[{"name":"wp","href":"https:\/\/api.w.org\/{rel}","templated":true}]}}