{"id":22959,"date":"2025-06-20T20:09:39","date_gmt":"2025-06-20T23:09:39","guid":{"rendered":"https:\/\/soymat.com\/?post_type=product&#038;p=22959"},"modified":"2026-04-06T13:07:31","modified_gmt":"2026-04-06T16:07:31","slug":"hidrolavadora-pro-wash-1500-1200w-gamma","status":"publish","type":"product","link":"https:\/\/soymat.com\/es\/producto\/hidrolavadora-pro-wash-1500-1200w-gamma\/","title":{"rendered":"Hidrolavadora Pro Wash 1500 &#8211; 1200W Gamma"},"content":{"rendered":"<p><strong>Hidrolavadora Pro Wash 1500 &#8211; 1200W Gamma<\/strong><br \/>\nCod.: G2516AR<\/p>\n<p>Con sistema AUTOSTOP, que produce la detenci\u00f3n autom\u00e1tica del motor de la hidrolavadora cuando se deja de accionar el gatillo de la pistola.<\/p>\n<p>Hidrolavadora de alta presi\u00f3n de alto nivel tecnol\u00f3gico.<br \/>\nLimpia de forma m\u00e1s r\u00e1pida y efectiva con el mayor ahorro de agua.<br \/>\nElimina la suciedad adherida mediante agua limpia y detergentes.<br \/>\nIdeal para limpiar veh\u00edculos, m\u00e1quinas, embarcaciones, paredes, pisos, etc.<\/p>","protected":false},"excerpt":{"rendered":"<p>Hidrolavadora Pro Wash 1500 &#8211; 1200W Gamma Cod.: G2516AR Con sistema AUTOSTOP, que produce la detenci\u00f3n autom\u00e1tica del motor de la hidrolavadora cuando se deja de accionar el gatillo de la pistola. Hidrolavadora de alta presi\u00f3n de alto nivel tecnol\u00f3gico. Limpia de forma m\u00e1s r\u00e1pida y efectiva con el mayor ahorro de agua. Elimina la [&hellip;]<\/p>\n","protected":false},"featured_media":22962,"template":"","meta":[],"product_cat":[191],"product_tag":[680,481,411,681,409],"class_list":{"0":"post-22959","1":"product","2":"type-product","3":"status-publish","4":"has-post-thumbnail","6":"product_brand-gamma-maquinas-herramientas","7":"product_cat-maquinas-y-herramientas","8":"product_tag-car-wash","9":"product_tag-gamma","10":"product_tag-hidrolavadora","11":"product_tag-lava-autos","12":"product_tag-lavaderos","14":"first","15":"instock","16":"taxable","17":"shipping-taxable","18":"purchasable","19":"product-type-simple","20":"add-to-wishlist-after_add_to_cart"},"yoast_head":"<!-- This site is optimized with the Yoast SEO Premium plugin v26.9 (Yoast SEO v26.9) - https:\/\/yoast.com\/product\/yoast-seo-premium-wordpress\/ -->\n<title>Hidrolavadora Pro Wash 1500 - 1200W Gamma - SoyMat \u2013 Seguridad Industrial<\/title>\n<meta name=\"robots\" content=\"index, follow, max-snippet:-1, max-image-preview:large, max-video-preview:-1\" \/>\n<link rel=\"canonical\" href=\"https:\/\/soymat.com\/es\/producto\/hidrolavadora-pro-wash-1500-1200w-gamma\/\" \/>\n<meta property=\"og:locale\" content=\"es_ES\" \/>\n<meta property=\"og:type\" content=\"article\" \/>\n<meta property=\"og:title\" content=\"Hidrolavadora Pro Wash 1500 - 1200W Gamma\" \/>\n<meta property=\"og:description\" content=\"Hidrolavadora Pro Wash 1500 &#8211; 1200W Gamma Cod.: G2516AR Con sistema AUTOSTOP, que produce la detenci\u00f3n autom\u00e1tica del motor de la hidrolavadora cuando se deja de accionar el gatillo de la pistola. Hidrolavadora de alta presi\u00f3n de alto nivel tecnol\u00f3gico. Limpia de forma m\u00e1s r\u00e1pida y efectiva con el mayor ahorro de agua. Elimina la [&hellip;]\" \/>\n<meta property=\"og:url\" content=\"https:\/\/soymat.com\/es\/producto\/hidrolavadora-pro-wash-1500-1200w-gamma\/\" \/>\n<meta property=\"og:site_name\" content=\"SoyMat \u2013 Seguridad Industrial\" \/>\n<meta property=\"article:modified_time\" content=\"2026-04-06T16:07:31+00:00\" \/>\n<meta property=\"og:image\" content=\"https:\/\/soymat.com\/wp-content\/uploads\/2025\/06\/G2516AR-hidrocarwash1500_-01.jpg\" \/>\n\t<meta property=\"og:image:width\" content=\"2560\" \/>\n\t<meta property=\"og:image:height\" content=\"2560\" \/>\n\t<meta property=\"og:image:type\" content=\"image\/jpeg\" \/>\n<meta name=\"twitter:card\" content=\"summary_large_image\" \/>\n<meta name=\"twitter:label1\" content=\"Tiempo de lectura\" \/>\n\t<meta name=\"twitter:data1\" content=\"1 minuto\" \/>\n<script type=\"application\/ld+json\" class=\"yoast-schema-graph\">{\"@context\":\"https:\/\/schema.org\",\"@graph\":[{\"@type\":\"WebPage\",\"@id\":\"https:\/\/soymat.com\/producto\/hidrolavadora-pro-wash-1500-1200w-gamma\/\",\"url\":\"https:\/\/soymat.com\/producto\/hidrolavadora-pro-wash-1500-1200w-gamma\/\",\"name\":\"Hidrolavadora Pro Wash 1500 - 1200W Gamma - SoyMat \u2013 Seguridad Industrial\",\"isPartOf\":{\"@id\":\"https:\/\/soymat.com\/#website\"},\"primaryImageOfPage\":{\"@id\":\"https:\/\/soymat.com\/producto\/hidrolavadora-pro-wash-1500-1200w-gamma\/#primaryimage\"},\"image\":{\"@id\":\"https:\/\/soymat.com\/producto\/hidrolavadora-pro-wash-1500-1200w-gamma\/#primaryimage\"},\"thumbnailUrl\":\"https:\/\/soymat.com\/wp-content\/uploads\/2025\/06\/G2516AR-hidrocarwash1500_-01.jpg\",\"datePublished\":\"2025-06-20T23:09:39+00:00\",\"dateModified\":\"2026-04-06T16:07:31+00:00\",\"breadcrumb\":{\"@id\":\"https:\/\/soymat.com\/producto\/hidrolavadora-pro-wash-1500-1200w-gamma\/#breadcrumb\"},\"inLanguage\":\"es-AR\",\"potentialAction\":[{\"@type\":\"ReadAction\",\"target\":[\"https:\/\/soymat.com\/producto\/hidrolavadora-pro-wash-1500-1200w-gamma\/\"]}]},{\"@type\":\"ImageObject\",\"inLanguage\":\"es-AR\",\"@id\":\"https:\/\/soymat.com\/producto\/hidrolavadora-pro-wash-1500-1200w-gamma\/#primaryimage\",\"url\":\"https:\/\/soymat.com\/wp-content\/uploads\/2025\/06\/G2516AR-hidrocarwash1500_-01.jpg\",\"contentUrl\":\"https:\/\/soymat.com\/wp-content\/uploads\/2025\/06\/G2516AR-hidrocarwash1500_-01.jpg\",\"width\":2560,\"height\":2560},{\"@type\":\"BreadcrumbList\",\"@id\":\"https:\/\/soymat.com\/producto\/hidrolavadora-pro-wash-1500-1200w-gamma\/#breadcrumb\",\"itemListElement\":[{\"@type\":\"ListItem\",\"position\":1,\"name\":\"Portada\",\"item\":\"https:\/\/soymat.com\/\"},{\"@type\":\"ListItem\",\"position\":2,\"name\":\"Todos los Productos\",\"item\":\"https:\/\/soymat.com\/shop\/\"},{\"@type\":\"ListItem\",\"position\":3,\"name\":\"Hidrolavadora Pro Wash 1500 &#8211; 1200W Gamma\"}]},{\"@type\":\"WebSite\",\"@id\":\"https:\/\/soymat.com\/#website\",\"url\":\"https:\/\/soymat.com\/\",\"name\":\"So&Mat\",\"description\":\"Empresa Dedicada a la protecci\u00f3n global contra incendio . matafuegos redes bombas,venta instalaci\u00f3n y service, protecci\u00f3n y confort laboral en todo concepto.\",\"publisher\":{\"@id\":\"https:\/\/soymat.com\/#organization\"},\"alternateName\":\"So&Mat\",\"potentialAction\":[{\"@type\":\"SearchAction\",\"target\":{\"@type\":\"EntryPoint\",\"urlTemplate\":\"https:\/\/soymat.com\/?s={search_term_string}\"},\"query-input\":{\"@type\":\"PropertyValueSpecification\",\"valueRequired\":true,\"valueName\":\"search_term_string\"}}],\"inLanguage\":\"es-AR\"},{\"@type\":\"Organization\",\"@id\":\"https:\/\/soymat.com\/#organization\",\"name\":\"So&Mat\",\"url\":\"https:\/\/soymat.com\/\",\"logo\":{\"@type\":\"ImageObject\",\"inLanguage\":\"es-AR\",\"@id\":\"https:\/\/soymat.com\/#\/schema\/logo\/image\/\",\"url\":\"https:\/\/soymat.com\/wp-content\/uploads\/2024\/08\/SoyMat.jpg\",\"contentUrl\":\"https:\/\/soymat.com\/wp-content\/uploads\/2024\/08\/SoyMat.jpg\",\"width\":600,\"height\":236,\"caption\":\"So&Mat\"},\"image\":{\"@id\":\"https:\/\/soymat.com\/#\/schema\/logo\/image\/\"}}]}<\/script>\n<!-- \/ Yoast SEO Premium plugin. -->","yoast_head_json":{"title":"Hidrolavadora Pro Wash 1500 - 1200W Gamma - SoyMat \u2013 Seguridad Industrial","robots":{"index":"index","follow":"follow","max-snippet":"max-snippet:-1","max-image-preview":"max-image-preview:large","max-video-preview":"max-video-preview:-1"},"canonical":"https:\/\/soymat.com\/es\/producto\/hidrolavadora-pro-wash-1500-1200w-gamma\/","og_locale":"es_ES","og_type":"article","og_title":"Hidrolavadora Pro Wash 1500 - 1200W Gamma","og_description":"Hidrolavadora Pro Wash 1500 &#8211; 1200W Gamma Cod.: G2516AR Con sistema AUTOSTOP, que produce la detenci\u00f3n autom\u00e1tica del motor de la hidrolavadora cuando se deja de accionar el gatillo de la pistola. Hidrolavadora de alta presi\u00f3n de alto nivel tecnol\u00f3gico. Limpia de forma m\u00e1s r\u00e1pida y efectiva con el mayor ahorro de agua. Elimina la [&hellip;]","og_url":"https:\/\/soymat.com\/es\/producto\/hidrolavadora-pro-wash-1500-1200w-gamma\/","og_site_name":"SoyMat \u2013 Seguridad Industrial","article_modified_time":"2026-04-06T16:07:31+00:00","og_image":[{"width":2560,"height":2560,"url":"https:\/\/soymat.com\/wp-content\/uploads\/2025\/06\/G2516AR-hidrocarwash1500_-01.jpg","type":"image\/jpeg"}],"twitter_card":"summary_large_image","twitter_misc":{"Tiempo de lectura":"1 minuto"},"schema":{"@context":"https:\/\/schema.org","@graph":[{"@type":"WebPage","@id":"https:\/\/soymat.com\/producto\/hidrolavadora-pro-wash-1500-1200w-gamma\/","url":"https:\/\/soymat.com\/producto\/hidrolavadora-pro-wash-1500-1200w-gamma\/","name":"Hidrolavadora Pro Wash 1500 - 1200W Gamma - SoyMat \u2013 Seguridad Industrial","isPartOf":{"@id":"https:\/\/soymat.com\/#website"},"primaryImageOfPage":{"@id":"https:\/\/soymat.com\/producto\/hidrolavadora-pro-wash-1500-1200w-gamma\/#primaryimage"},"image":{"@id":"https:\/\/soymat.com\/producto\/hidrolavadora-pro-wash-1500-1200w-gamma\/#primaryimage"},"thumbnailUrl":"https:\/\/soymat.com\/wp-content\/uploads\/2025\/06\/G2516AR-hidrocarwash1500_-01.jpg","datePublished":"2025-06-20T23:09:39+00:00","dateModified":"2026-04-06T16:07:31+00:00","breadcrumb":{"@id":"https:\/\/soymat.com\/producto\/hidrolavadora-pro-wash-1500-1200w-gamma\/#breadcrumb"},"inLanguage":"es-AR","potentialAction":[{"@type":"ReadAction","target":["https:\/\/soymat.com\/producto\/hidrolavadora-pro-wash-1500-1200w-gamma\/"]}]},{"@type":"ImageObject","inLanguage":"es-AR","@id":"https:\/\/soymat.com\/producto\/hidrolavadora-pro-wash-1500-1200w-gamma\/#primaryimage","url":"https:\/\/soymat.com\/wp-content\/uploads\/2025\/06\/G2516AR-hidrocarwash1500_-01.jpg","contentUrl":"https:\/\/soymat.com\/wp-content\/uploads\/2025\/06\/G2516AR-hidrocarwash1500_-01.jpg","width":2560,"height":2560},{"@type":"BreadcrumbList","@id":"https:\/\/soymat.com\/producto\/hidrolavadora-pro-wash-1500-1200w-gamma\/#breadcrumb","itemListElement":[{"@type":"ListItem","position":1,"name":"Portada","item":"https:\/\/soymat.com\/"},{"@type":"ListItem","position":2,"name":"Todos los Productos","item":"https:\/\/soymat.com\/shop\/"},{"@type":"ListItem","position":3,"name":"Hidrolavadora Pro Wash 1500 &#8211; 1200W Gamma"}]},{"@type":"WebSite","@id":"https:\/\/soymat.com\/#website","url":"https:\/\/soymat.com\/","name":"So&Mat","description":"Empresa Dedicada a la protecci\u00f3n global contra incendio . matafuegos redes bombas,venta instalaci\u00f3n y service, protecci\u00f3n y confort laboral en todo concepto.","publisher":{"@id":"https:\/\/soymat.com\/#organization"},"alternateName":"So&Mat","potentialAction":[{"@type":"SearchAction","target":{"@type":"EntryPoint","urlTemplate":"https:\/\/soymat.com\/?s={search_term_string}"},"query-input":{"@type":"PropertyValueSpecification","valueRequired":true,"valueName":"search_term_string"}}],"inLanguage":"es-AR"},{"@type":"Organization","@id":"https:\/\/soymat.com\/#organization","name":"So&Mat","url":"https:\/\/soymat.com\/","logo":{"@type":"ImageObject","inLanguage":"es-AR","@id":"https:\/\/soymat.com\/#\/schema\/logo\/image\/","url":"https:\/\/soymat.com\/wp-content\/uploads\/2024\/08\/SoyMat.jpg","contentUrl":"https:\/\/soymat.com\/wp-content\/uploads\/2024\/08\/SoyMat.jpg","width":600,"height":236,"caption":"So&Mat"},"image":{"@id":"https:\/\/soymat.com\/#\/schema\/logo\/image\/"}}]}},"_links":{"self":[{"href":"https:\/\/soymat.com\/es\/wp-json\/wp\/v2\/product\/22959","targetHints":{"allow":["GET"]}}],"collection":[{"href":"https:\/\/soymat.com\/es\/wp-json\/wp\/v2\/product"}],"about":[{"href":"https:\/\/soymat.com\/es\/wp-json\/wp\/v2\/types\/product"}],"wp:featuredmedia":[{"embeddable":true,"href":"https:\/\/soymat.com\/es\/wp-json\/wp\/v2\/media\/22962"}],"wp:attachment":[{"href":"https:\/\/soymat.com\/es\/wp-json\/wp\/v2\/media?parent=22959"}],"wp:term":[{"taxonomy":"product_cat","embeddable":true,"href":"https:\/\/soymat.com\/es\/wp-json\/wp\/v2\/product_cat?post=22959"},{"taxonomy":"product_tag","embeddable":true,"href":"https:\/\/soymat.com\/es\/wp-json\/wp\/v2\/product_tag?post=22959"}],"curies":[{"name":"wp","href":"https:\/\/api.w.org\/{rel}","templated":true}]}}