{"id":23013,"date":"2025-06-20T21:51:06","date_gmt":"2025-06-21T00:51:06","guid":{"rendered":"https:\/\/soymat.com\/?post_type=product&#038;p=23013"},"modified":"2026-02-10T10:06:39","modified_gmt":"2026-02-10T13:06:39","slug":"grupo-electrogeno-6000v-gamma","status":"publish","type":"product","link":"https:\/\/soymat.com\/es\/producto\/grupo-electrogeno-6000v-gamma\/","title":{"rendered":"Grupo Electr\u00f3geno 6000V Gamma"},"content":{"rendered":"<p><strong>Grupo Electr\u00f3geno 6000V Gamma<\/strong><br \/>\nCod.: GE3481AR<\/p>\n<p>Producto con dise\u00f1o de avanzada, bajo nivel de ruido, alto rendimiento y sencillo funcionamiento. NO INCLUYE BATERIA.<\/p>\n<p>Arranque el\u00e9ctrico.<br \/>\nRegulador autom\u00e1tico de tensi\u00f3n (AVR)<br \/>\nAutonom\u00eda: 50% 10h. \/ 100% 6h<br \/>\nProtector t\u00e9rmico por sobre corriente en AC y DC.<\/p>\n<p>Datos T\u00e9cnicos<br \/>\nCilindrada: 420 cc<br \/>\nTanque de combustible: 25 litros<br \/>\nAutonom\u00eda: 50% 10h. \/ 100% 6h.<br \/>\nCapacidad de aceite: 1 litro<br \/>\nPotencia m\u00e1xima: 6 kW<br \/>\nLargo: 694 mm<br \/>\nAncho: 524 mm<br \/>\nAlto: 554 mm<br \/>\nPeso neto: 72 kilos<br \/>\nArranque el\u00e9ctrico: S\u00ed &#8211; USA BATER\u00cdA QUE NO VIENE CON EL EQUIPO<br \/>\nMotor: Naftero de 4T, Provista con Bastidor Antivibratorio<br \/>\nSalida: 220VCA &#8211; 50Hz\/12VCC<\/p>","protected":false},"excerpt":{"rendered":"<p>Grupo Electr\u00f3geno 6000V Gamma Cod.: GE3481AR Producto con dise\u00f1o de avanzada, bajo nivel de ruido, alto rendimiento y sencillo funcionamiento. NO INCLUYE BATERIA. Arranque el\u00e9ctrico. Regulador autom\u00e1tico de tensi\u00f3n (AVR) Autonom\u00eda: 50% 10h. \/ 100% 6h Protector t\u00e9rmico por sobre corriente en AC y DC. Datos T\u00e9cnicos Cilindrada: 420 cc Tanque de combustible: 25 litros [&hellip;]<\/p>\n","protected":false},"featured_media":23014,"template":"","meta":[],"product_cat":[191],"product_tag":[700,587,481,699],"class_list":{"0":"post-23013","1":"product","2":"type-product","3":"status-publish","4":"has-post-thumbnail","6":"product_brand-gamma-maquinas-herramientas","7":"product_cat-maquinas-y-herramientas","8":"product_tag-corte-de-luz","9":"product_tag-energia","10":"product_tag-gamma","11":"product_tag-grupo-electrogeno","13":"first","14":"instock","15":"taxable","16":"shipping-taxable","17":"purchasable","18":"product-type-simple","19":"add-to-wishlist-after_add_to_cart"},"yoast_head":"<!-- This site is optimized with the Yoast SEO Premium plugin v26.9 (Yoast SEO v26.9) - https:\/\/yoast.com\/product\/yoast-seo-premium-wordpress\/ -->\n<title>Grupo Electr\u00f3geno 6000V Gamma - SoyMat \u2013 Seguridad Industrial<\/title>\n<meta name=\"robots\" content=\"index, follow, max-snippet:-1, max-image-preview:large, max-video-preview:-1\" \/>\n<link rel=\"canonical\" href=\"https:\/\/soymat.com\/es\/producto\/grupo-electrogeno-6000v-gamma\/\" \/>\n<meta property=\"og:locale\" content=\"es_ES\" \/>\n<meta property=\"og:type\" content=\"article\" \/>\n<meta property=\"og:title\" content=\"Grupo Electr\u00f3geno 6000V Gamma\" \/>\n<meta property=\"og:description\" content=\"Grupo Electr\u00f3geno 6000V Gamma Cod.: GE3481AR Producto con dise\u00f1o de avanzada, bajo nivel de ruido, alto rendimiento y sencillo funcionamiento. NO INCLUYE BATERIA. Arranque el\u00e9ctrico. Regulador autom\u00e1tico de tensi\u00f3n (AVR) Autonom\u00eda: 50% 10h. \/ 100% 6h Protector t\u00e9rmico por sobre corriente en AC y DC. Datos T\u00e9cnicos Cilindrada: 420 cc Tanque de combustible: 25 litros [&hellip;]\" \/>\n<meta property=\"og:url\" content=\"https:\/\/soymat.com\/es\/producto\/grupo-electrogeno-6000v-gamma\/\" \/>\n<meta property=\"og:site_name\" content=\"SoyMat \u2013 Seguridad Industrial\" \/>\n<meta property=\"article:modified_time\" content=\"2026-02-10T13:06:39+00:00\" \/>\n<meta property=\"og:image\" content=\"https:\/\/soymat.com\/wp-content\/uploads\/2025\/06\/GE3481AR_-grupo-electro.jpg\" \/>\n\t<meta property=\"og:image:width\" content=\"1000\" \/>\n\t<meta property=\"og:image:height\" content=\"1000\" \/>\n\t<meta property=\"og:image:type\" content=\"image\/jpeg\" \/>\n<meta name=\"twitter:card\" content=\"summary_large_image\" \/>\n<meta name=\"twitter:label1\" content=\"Tiempo de lectura\" \/>\n\t<meta name=\"twitter:data1\" content=\"1 minuto\" \/>\n<script type=\"application\/ld+json\" class=\"yoast-schema-graph\">{\"@context\":\"https:\/\/schema.org\",\"@graph\":[{\"@type\":\"WebPage\",\"@id\":\"https:\/\/soymat.com\/producto\/grupo-electrogeno-6000v-gamma\/\",\"url\":\"https:\/\/soymat.com\/producto\/grupo-electrogeno-6000v-gamma\/\",\"name\":\"Grupo Electr\u00f3geno 6000V Gamma - SoyMat \u2013 Seguridad Industrial\",\"isPartOf\":{\"@id\":\"https:\/\/soymat.com\/#website\"},\"primaryImageOfPage\":{\"@id\":\"https:\/\/soymat.com\/producto\/grupo-electrogeno-6000v-gamma\/#primaryimage\"},\"image\":{\"@id\":\"https:\/\/soymat.com\/producto\/grupo-electrogeno-6000v-gamma\/#primaryimage\"},\"thumbnailUrl\":\"https:\/\/soymat.com\/wp-content\/uploads\/2025\/06\/GE3481AR_-grupo-electro.jpg\",\"datePublished\":\"2025-06-21T00:51:06+00:00\",\"dateModified\":\"2026-02-10T13:06:39+00:00\",\"breadcrumb\":{\"@id\":\"https:\/\/soymat.com\/producto\/grupo-electrogeno-6000v-gamma\/#breadcrumb\"},\"inLanguage\":\"es-AR\",\"potentialAction\":[{\"@type\":\"ReadAction\",\"target\":[\"https:\/\/soymat.com\/producto\/grupo-electrogeno-6000v-gamma\/\"]}]},{\"@type\":\"ImageObject\",\"inLanguage\":\"es-AR\",\"@id\":\"https:\/\/soymat.com\/producto\/grupo-electrogeno-6000v-gamma\/#primaryimage\",\"url\":\"https:\/\/soymat.com\/wp-content\/uploads\/2025\/06\/GE3481AR_-grupo-electro.jpg\",\"contentUrl\":\"https:\/\/soymat.com\/wp-content\/uploads\/2025\/06\/GE3481AR_-grupo-electro.jpg\",\"width\":1000,\"height\":1000},{\"@type\":\"BreadcrumbList\",\"@id\":\"https:\/\/soymat.com\/producto\/grupo-electrogeno-6000v-gamma\/#breadcrumb\",\"itemListElement\":[{\"@type\":\"ListItem\",\"position\":1,\"name\":\"Portada\",\"item\":\"https:\/\/soymat.com\/\"},{\"@type\":\"ListItem\",\"position\":2,\"name\":\"Todos los Productos\",\"item\":\"https:\/\/soymat.com\/shop\/\"},{\"@type\":\"ListItem\",\"position\":3,\"name\":\"Grupo Electr\u00f3geno 6000V Gamma\"}]},{\"@type\":\"WebSite\",\"@id\":\"https:\/\/soymat.com\/#website\",\"url\":\"https:\/\/soymat.com\/\",\"name\":\"So&Mat\",\"description\":\"Empresa Dedicada a la protecci\u00f3n global contra incendio . matafuegos redes bombas,venta instalaci\u00f3n y service, protecci\u00f3n y confort laboral en todo concepto.\",\"publisher\":{\"@id\":\"https:\/\/soymat.com\/#organization\"},\"alternateName\":\"So&Mat\",\"potentialAction\":[{\"@type\":\"SearchAction\",\"target\":{\"@type\":\"EntryPoint\",\"urlTemplate\":\"https:\/\/soymat.com\/?s={search_term_string}\"},\"query-input\":{\"@type\":\"PropertyValueSpecification\",\"valueRequired\":true,\"valueName\":\"search_term_string\"}}],\"inLanguage\":\"es-AR\"},{\"@type\":\"Organization\",\"@id\":\"https:\/\/soymat.com\/#organization\",\"name\":\"So&Mat\",\"url\":\"https:\/\/soymat.com\/\",\"logo\":{\"@type\":\"ImageObject\",\"inLanguage\":\"es-AR\",\"@id\":\"https:\/\/soymat.com\/#\/schema\/logo\/image\/\",\"url\":\"https:\/\/soymat.com\/wp-content\/uploads\/2024\/08\/SoyMat.jpg\",\"contentUrl\":\"https:\/\/soymat.com\/wp-content\/uploads\/2024\/08\/SoyMat.jpg\",\"width\":600,\"height\":236,\"caption\":\"So&Mat\"},\"image\":{\"@id\":\"https:\/\/soymat.com\/#\/schema\/logo\/image\/\"}}]}<\/script>\n<!-- \/ Yoast SEO Premium plugin. -->","yoast_head_json":{"title":"Grupo Electr\u00f3geno 6000V Gamma - SoyMat \u2013 Seguridad Industrial","robots":{"index":"index","follow":"follow","max-snippet":"max-snippet:-1","max-image-preview":"max-image-preview:large","max-video-preview":"max-video-preview:-1"},"canonical":"https:\/\/soymat.com\/es\/producto\/grupo-electrogeno-6000v-gamma\/","og_locale":"es_ES","og_type":"article","og_title":"Grupo Electr\u00f3geno 6000V Gamma","og_description":"Grupo Electr\u00f3geno 6000V Gamma Cod.: GE3481AR Producto con dise\u00f1o de avanzada, bajo nivel de ruido, alto rendimiento y sencillo funcionamiento. NO INCLUYE BATERIA. Arranque el\u00e9ctrico. Regulador autom\u00e1tico de tensi\u00f3n (AVR) Autonom\u00eda: 50% 10h. \/ 100% 6h Protector t\u00e9rmico por sobre corriente en AC y DC. Datos T\u00e9cnicos Cilindrada: 420 cc Tanque de combustible: 25 litros [&hellip;]","og_url":"https:\/\/soymat.com\/es\/producto\/grupo-electrogeno-6000v-gamma\/","og_site_name":"SoyMat \u2013 Seguridad Industrial","article_modified_time":"2026-02-10T13:06:39+00:00","og_image":[{"width":1000,"height":1000,"url":"https:\/\/soymat.com\/wp-content\/uploads\/2025\/06\/GE3481AR_-grupo-electro.jpg","type":"image\/jpeg"}],"twitter_card":"summary_large_image","twitter_misc":{"Tiempo de lectura":"1 minuto"},"schema":{"@context":"https:\/\/schema.org","@graph":[{"@type":"WebPage","@id":"https:\/\/soymat.com\/producto\/grupo-electrogeno-6000v-gamma\/","url":"https:\/\/soymat.com\/producto\/grupo-electrogeno-6000v-gamma\/","name":"Grupo Electr\u00f3geno 6000V Gamma - SoyMat \u2013 Seguridad Industrial","isPartOf":{"@id":"https:\/\/soymat.com\/#website"},"primaryImageOfPage":{"@id":"https:\/\/soymat.com\/producto\/grupo-electrogeno-6000v-gamma\/#primaryimage"},"image":{"@id":"https:\/\/soymat.com\/producto\/grupo-electrogeno-6000v-gamma\/#primaryimage"},"thumbnailUrl":"https:\/\/soymat.com\/wp-content\/uploads\/2025\/06\/GE3481AR_-grupo-electro.jpg","datePublished":"2025-06-21T00:51:06+00:00","dateModified":"2026-02-10T13:06:39+00:00","breadcrumb":{"@id":"https:\/\/soymat.com\/producto\/grupo-electrogeno-6000v-gamma\/#breadcrumb"},"inLanguage":"es-AR","potentialAction":[{"@type":"ReadAction","target":["https:\/\/soymat.com\/producto\/grupo-electrogeno-6000v-gamma\/"]}]},{"@type":"ImageObject","inLanguage":"es-AR","@id":"https:\/\/soymat.com\/producto\/grupo-electrogeno-6000v-gamma\/#primaryimage","url":"https:\/\/soymat.com\/wp-content\/uploads\/2025\/06\/GE3481AR_-grupo-electro.jpg","contentUrl":"https:\/\/soymat.com\/wp-content\/uploads\/2025\/06\/GE3481AR_-grupo-electro.jpg","width":1000,"height":1000},{"@type":"BreadcrumbList","@id":"https:\/\/soymat.com\/producto\/grupo-electrogeno-6000v-gamma\/#breadcrumb","itemListElement":[{"@type":"ListItem","position":1,"name":"Portada","item":"https:\/\/soymat.com\/"},{"@type":"ListItem","position":2,"name":"Todos los Productos","item":"https:\/\/soymat.com\/shop\/"},{"@type":"ListItem","position":3,"name":"Grupo Electr\u00f3geno 6000V Gamma"}]},{"@type":"WebSite","@id":"https:\/\/soymat.com\/#website","url":"https:\/\/soymat.com\/","name":"So&Mat","description":"Empresa Dedicada a la protecci\u00f3n global contra incendio . matafuegos redes bombas,venta instalaci\u00f3n y service, protecci\u00f3n y confort laboral en todo concepto.","publisher":{"@id":"https:\/\/soymat.com\/#organization"},"alternateName":"So&Mat","potentialAction":[{"@type":"SearchAction","target":{"@type":"EntryPoint","urlTemplate":"https:\/\/soymat.com\/?s={search_term_string}"},"query-input":{"@type":"PropertyValueSpecification","valueRequired":true,"valueName":"search_term_string"}}],"inLanguage":"es-AR"},{"@type":"Organization","@id":"https:\/\/soymat.com\/#organization","name":"So&Mat","url":"https:\/\/soymat.com\/","logo":{"@type":"ImageObject","inLanguage":"es-AR","@id":"https:\/\/soymat.com\/#\/schema\/logo\/image\/","url":"https:\/\/soymat.com\/wp-content\/uploads\/2024\/08\/SoyMat.jpg","contentUrl":"https:\/\/soymat.com\/wp-content\/uploads\/2024\/08\/SoyMat.jpg","width":600,"height":236,"caption":"So&Mat"},"image":{"@id":"https:\/\/soymat.com\/#\/schema\/logo\/image\/"}}]}},"_links":{"self":[{"href":"https:\/\/soymat.com\/es\/wp-json\/wp\/v2\/product\/23013","targetHints":{"allow":["GET"]}}],"collection":[{"href":"https:\/\/soymat.com\/es\/wp-json\/wp\/v2\/product"}],"about":[{"href":"https:\/\/soymat.com\/es\/wp-json\/wp\/v2\/types\/product"}],"wp:featuredmedia":[{"embeddable":true,"href":"https:\/\/soymat.com\/es\/wp-json\/wp\/v2\/media\/23014"}],"wp:attachment":[{"href":"https:\/\/soymat.com\/es\/wp-json\/wp\/v2\/media?parent=23013"}],"wp:term":[{"taxonomy":"product_cat","embeddable":true,"href":"https:\/\/soymat.com\/es\/wp-json\/wp\/v2\/product_cat?post=23013"},{"taxonomy":"product_tag","embeddable":true,"href":"https:\/\/soymat.com\/es\/wp-json\/wp\/v2\/product_tag?post=23013"}],"curies":[{"name":"wp","href":"https:\/\/api.w.org\/{rel}","templated":true}]}}