{"id":23075,"date":"2025-07-14T01:24:41","date_gmt":"2025-07-14T04:24:41","guid":{"rendered":"https:\/\/soymat.com\/?post_type=product&#038;p=23075"},"modified":"2025-11-04T19:07:12","modified_gmt":"2025-11-04T22:07:12","slug":"llave-de-impacto-neumatica-1-2-310nm-bta","status":"publish","type":"product","link":"https:\/\/soymat.com\/es\/producto\/llave-de-impacto-neumatica-1-2-310nm-bta\/","title":{"rendered":"Llave de impacto neum\u00e1tica 1\/2&#8243; 310Nm &#8211; BTA"},"content":{"rendered":"<p><strong>Llave de impacto neum\u00e1tica 1\/2&#8243; 310Nm &#8211; BTA<\/strong><br \/>\nCod.: 823602<\/p>\n<p>Modelo HN7040<br \/>\nVelicidad 7000 min.-1<br \/>\nEncastre: 1\/2&#8243; (12.5mm)<br \/>\nTroque m\u00e1ximo 310 N.m<br \/>\nPresi\u00f3n de operaci\u00f3n: 90 PSI (6.2 Bar)<br \/>\nEntrada de aire: 1\/4&#8243;<br \/>\nDi\u00e1metro tubo de aire 3\/8&#8243;<br \/>\nNivel de ruido 103 dB<br \/>\nAire consumido 14l\/min.<br \/>\nCompreso de aire sugerido 2.0 HP<\/p>","protected":false},"excerpt":{"rendered":"<p>Llave de impacto neum\u00e1tica 1\/2&#8243; 310Nm &#8211; BTA Cod.: 823602 Modelo HN7040 Velicidad 7000 min.-1 Encastre: 1\/2&#8243; (12.5mm) Troque m\u00e1ximo 310 N.m Presi\u00f3n de operaci\u00f3n: 90 PSI (6.2 Bar) Entrada de aire: 1\/4&#8243; Di\u00e1metro tubo de aire 3\/8&#8243; Nivel de ruido 103 dB Aire consumido 14l\/min. Compreso de aire sugerido 2.0 HP<\/p>","protected":false},"featured_media":23065,"template":"","meta":[],"product_cat":[191],"product_tag":[302,209,707,706,196,307],"class_list":{"0":"post-23075","1":"product","2":"type-product","3":"status-publish","4":"has-post-thumbnail","6":"product_brand-maquinas-y-herramientas-bta-tools","7":"product_cat-maquinas-y-herramientas","8":"product_tag-gomeria","9":"product_tag-herramientas","10":"product_tag-llave-de-impacto","11":"product_tag-lubricentro-llave-neumatica","12":"product_tag-taller","13":"product_tag-taller-mecanico","15":"first","16":"instock","17":"taxable","18":"shipping-taxable","19":"purchasable","20":"product-type-simple","21":"add-to-wishlist-after_add_to_cart"},"yoast_head":"<!-- This site is optimized with the Yoast SEO Premium plugin v26.9 (Yoast SEO v26.9) - https:\/\/yoast.com\/product\/yoast-seo-premium-wordpress\/ -->\n<title>Llave de impacto neum\u00e1tica 1\/2&quot; 310Nm - BTA - SoyMat \u2013 Seguridad Industrial<\/title>\n<meta name=\"robots\" content=\"index, follow, max-snippet:-1, max-image-preview:large, max-video-preview:-1\" \/>\n<link rel=\"canonical\" href=\"https:\/\/soymat.com\/es\/producto\/llave-de-impacto-neumatica-1-2-310nm-bta\/\" \/>\n<meta property=\"og:locale\" content=\"es_ES\" \/>\n<meta property=\"og:type\" content=\"article\" \/>\n<meta property=\"og:title\" content=\"Llave de impacto neum\u00e1tica 1\/2&quot; 310Nm - BTA\" \/>\n<meta property=\"og:description\" content=\"Llave de impacto neum\u00e1tica 1\/2&#8243; 310Nm &#8211; BTA Cod.: 823602 Modelo HN7040 Velicidad 7000 min.-1 Encastre: 1\/2&#8243; (12.5mm) Troque m\u00e1ximo 310 N.m Presi\u00f3n de operaci\u00f3n: 90 PSI (6.2 Bar) Entrada de aire: 1\/4&#8243; Di\u00e1metro tubo de aire 3\/8&#8243; Nivel de ruido 103 dB Aire consumido 14l\/min. Compreso de aire sugerido 2.0 HP\" \/>\n<meta property=\"og:url\" content=\"https:\/\/soymat.com\/es\/producto\/llave-de-impacto-neumatica-1-2-310nm-bta\/\" \/>\n<meta property=\"og:site_name\" content=\"SoyMat \u2013 Seguridad Industrial\" \/>\n<meta property=\"article:modified_time\" content=\"2025-11-04T22:07:12+00:00\" \/>\n<meta property=\"og:image\" content=\"https:\/\/soymat.com\/wp-content\/uploads\/2025\/07\/823602.jpg\" \/>\n\t<meta property=\"og:image:width\" content=\"2352\" \/>\n\t<meta property=\"og:image:height\" content=\"2416\" \/>\n\t<meta property=\"og:image:type\" content=\"image\/jpeg\" \/>\n<meta name=\"twitter:card\" content=\"summary_large_image\" \/>\n<meta name=\"twitter:label1\" content=\"Tiempo de lectura\" \/>\n\t<meta name=\"twitter:data1\" content=\"1 minuto\" \/>\n<script type=\"application\/ld+json\" class=\"yoast-schema-graph\">{\"@context\":\"https:\/\/schema.org\",\"@graph\":[{\"@type\":\"WebPage\",\"@id\":\"https:\/\/soymat.com\/producto\/llave-de-impacto-neumatica-1-2-310nm-bta\/\",\"url\":\"https:\/\/soymat.com\/producto\/llave-de-impacto-neumatica-1-2-310nm-bta\/\",\"name\":\"Llave de impacto neum\u00e1tica 1\/2\\\" 310Nm - BTA - SoyMat \u2013 Seguridad Industrial\",\"isPartOf\":{\"@id\":\"https:\/\/soymat.com\/#website\"},\"primaryImageOfPage\":{\"@id\":\"https:\/\/soymat.com\/producto\/llave-de-impacto-neumatica-1-2-310nm-bta\/#primaryimage\"},\"image\":{\"@id\":\"https:\/\/soymat.com\/producto\/llave-de-impacto-neumatica-1-2-310nm-bta\/#primaryimage\"},\"thumbnailUrl\":\"https:\/\/soymat.com\/wp-content\/uploads\/2025\/07\/823602.jpg\",\"datePublished\":\"2025-07-14T04:24:41+00:00\",\"dateModified\":\"2025-11-04T22:07:12+00:00\",\"breadcrumb\":{\"@id\":\"https:\/\/soymat.com\/producto\/llave-de-impacto-neumatica-1-2-310nm-bta\/#breadcrumb\"},\"inLanguage\":\"es-AR\",\"potentialAction\":[{\"@type\":\"ReadAction\",\"target\":[\"https:\/\/soymat.com\/producto\/llave-de-impacto-neumatica-1-2-310nm-bta\/\"]}]},{\"@type\":\"ImageObject\",\"inLanguage\":\"es-AR\",\"@id\":\"https:\/\/soymat.com\/producto\/llave-de-impacto-neumatica-1-2-310nm-bta\/#primaryimage\",\"url\":\"https:\/\/soymat.com\/wp-content\/uploads\/2025\/07\/823602.jpg\",\"contentUrl\":\"https:\/\/soymat.com\/wp-content\/uploads\/2025\/07\/823602.jpg\",\"width\":2352,\"height\":2416},{\"@type\":\"BreadcrumbList\",\"@id\":\"https:\/\/soymat.com\/producto\/llave-de-impacto-neumatica-1-2-310nm-bta\/#breadcrumb\",\"itemListElement\":[{\"@type\":\"ListItem\",\"position\":1,\"name\":\"Portada\",\"item\":\"https:\/\/soymat.com\/\"},{\"@type\":\"ListItem\",\"position\":2,\"name\":\"Todos los Productos\",\"item\":\"https:\/\/soymat.com\/shop\/\"},{\"@type\":\"ListItem\",\"position\":3,\"name\":\"Llave de impacto neum\u00e1tica 1\/2&#8243; 310Nm &#8211; BTA\"}]},{\"@type\":\"WebSite\",\"@id\":\"https:\/\/soymat.com\/#website\",\"url\":\"https:\/\/soymat.com\/\",\"name\":\"So&Mat\",\"description\":\"Empresa Dedicada a la protecci\u00f3n global contra incendio . matafuegos redes bombas,venta instalaci\u00f3n y service, protecci\u00f3n y confort laboral en todo concepto.\",\"publisher\":{\"@id\":\"https:\/\/soymat.com\/#organization\"},\"alternateName\":\"So&Mat\",\"potentialAction\":[{\"@type\":\"SearchAction\",\"target\":{\"@type\":\"EntryPoint\",\"urlTemplate\":\"https:\/\/soymat.com\/?s={search_term_string}\"},\"query-input\":{\"@type\":\"PropertyValueSpecification\",\"valueRequired\":true,\"valueName\":\"search_term_string\"}}],\"inLanguage\":\"es-AR\"},{\"@type\":\"Organization\",\"@id\":\"https:\/\/soymat.com\/#organization\",\"name\":\"So&Mat\",\"url\":\"https:\/\/soymat.com\/\",\"logo\":{\"@type\":\"ImageObject\",\"inLanguage\":\"es-AR\",\"@id\":\"https:\/\/soymat.com\/#\/schema\/logo\/image\/\",\"url\":\"https:\/\/soymat.com\/wp-content\/uploads\/2024\/08\/SoyMat.jpg\",\"contentUrl\":\"https:\/\/soymat.com\/wp-content\/uploads\/2024\/08\/SoyMat.jpg\",\"width\":600,\"height\":236,\"caption\":\"So&Mat\"},\"image\":{\"@id\":\"https:\/\/soymat.com\/#\/schema\/logo\/image\/\"}}]}<\/script>\n<!-- \/ Yoast SEO Premium plugin. -->","yoast_head_json":{"title":"Llave de impacto neum\u00e1tica 1\/2\" 310Nm - BTA - SoyMat \u2013 Seguridad Industrial","robots":{"index":"index","follow":"follow","max-snippet":"max-snippet:-1","max-image-preview":"max-image-preview:large","max-video-preview":"max-video-preview:-1"},"canonical":"https:\/\/soymat.com\/es\/producto\/llave-de-impacto-neumatica-1-2-310nm-bta\/","og_locale":"es_ES","og_type":"article","og_title":"Llave de impacto neum\u00e1tica 1\/2\" 310Nm - BTA","og_description":"Llave de impacto neum\u00e1tica 1\/2&#8243; 310Nm &#8211; BTA Cod.: 823602 Modelo HN7040 Velicidad 7000 min.-1 Encastre: 1\/2&#8243; (12.5mm) Troque m\u00e1ximo 310 N.m Presi\u00f3n de operaci\u00f3n: 90 PSI (6.2 Bar) Entrada de aire: 1\/4&#8243; Di\u00e1metro tubo de aire 3\/8&#8243; Nivel de ruido 103 dB Aire consumido 14l\/min. Compreso de aire sugerido 2.0 HP","og_url":"https:\/\/soymat.com\/es\/producto\/llave-de-impacto-neumatica-1-2-310nm-bta\/","og_site_name":"SoyMat \u2013 Seguridad Industrial","article_modified_time":"2025-11-04T22:07:12+00:00","og_image":[{"width":2352,"height":2416,"url":"https:\/\/soymat.com\/wp-content\/uploads\/2025\/07\/823602.jpg","type":"image\/jpeg"}],"twitter_card":"summary_large_image","twitter_misc":{"Tiempo de lectura":"1 minuto"},"schema":{"@context":"https:\/\/schema.org","@graph":[{"@type":"WebPage","@id":"https:\/\/soymat.com\/producto\/llave-de-impacto-neumatica-1-2-310nm-bta\/","url":"https:\/\/soymat.com\/producto\/llave-de-impacto-neumatica-1-2-310nm-bta\/","name":"Llave de impacto neum\u00e1tica 1\/2\" 310Nm - BTA - SoyMat \u2013 Seguridad Industrial","isPartOf":{"@id":"https:\/\/soymat.com\/#website"},"primaryImageOfPage":{"@id":"https:\/\/soymat.com\/producto\/llave-de-impacto-neumatica-1-2-310nm-bta\/#primaryimage"},"image":{"@id":"https:\/\/soymat.com\/producto\/llave-de-impacto-neumatica-1-2-310nm-bta\/#primaryimage"},"thumbnailUrl":"https:\/\/soymat.com\/wp-content\/uploads\/2025\/07\/823602.jpg","datePublished":"2025-07-14T04:24:41+00:00","dateModified":"2025-11-04T22:07:12+00:00","breadcrumb":{"@id":"https:\/\/soymat.com\/producto\/llave-de-impacto-neumatica-1-2-310nm-bta\/#breadcrumb"},"inLanguage":"es-AR","potentialAction":[{"@type":"ReadAction","target":["https:\/\/soymat.com\/producto\/llave-de-impacto-neumatica-1-2-310nm-bta\/"]}]},{"@type":"ImageObject","inLanguage":"es-AR","@id":"https:\/\/soymat.com\/producto\/llave-de-impacto-neumatica-1-2-310nm-bta\/#primaryimage","url":"https:\/\/soymat.com\/wp-content\/uploads\/2025\/07\/823602.jpg","contentUrl":"https:\/\/soymat.com\/wp-content\/uploads\/2025\/07\/823602.jpg","width":2352,"height":2416},{"@type":"BreadcrumbList","@id":"https:\/\/soymat.com\/producto\/llave-de-impacto-neumatica-1-2-310nm-bta\/#breadcrumb","itemListElement":[{"@type":"ListItem","position":1,"name":"Portada","item":"https:\/\/soymat.com\/"},{"@type":"ListItem","position":2,"name":"Todos los Productos","item":"https:\/\/soymat.com\/shop\/"},{"@type":"ListItem","position":3,"name":"Llave de impacto neum\u00e1tica 1\/2&#8243; 310Nm &#8211; BTA"}]},{"@type":"WebSite","@id":"https:\/\/soymat.com\/#website","url":"https:\/\/soymat.com\/","name":"So&Mat","description":"Empresa Dedicada a la protecci\u00f3n global contra incendio . matafuegos redes bombas,venta instalaci\u00f3n y service, protecci\u00f3n y confort laboral en todo concepto.","publisher":{"@id":"https:\/\/soymat.com\/#organization"},"alternateName":"So&Mat","potentialAction":[{"@type":"SearchAction","target":{"@type":"EntryPoint","urlTemplate":"https:\/\/soymat.com\/?s={search_term_string}"},"query-input":{"@type":"PropertyValueSpecification","valueRequired":true,"valueName":"search_term_string"}}],"inLanguage":"es-AR"},{"@type":"Organization","@id":"https:\/\/soymat.com\/#organization","name":"So&Mat","url":"https:\/\/soymat.com\/","logo":{"@type":"ImageObject","inLanguage":"es-AR","@id":"https:\/\/soymat.com\/#\/schema\/logo\/image\/","url":"https:\/\/soymat.com\/wp-content\/uploads\/2024\/08\/SoyMat.jpg","contentUrl":"https:\/\/soymat.com\/wp-content\/uploads\/2024\/08\/SoyMat.jpg","width":600,"height":236,"caption":"So&Mat"},"image":{"@id":"https:\/\/soymat.com\/#\/schema\/logo\/image\/"}}]}},"_links":{"self":[{"href":"https:\/\/soymat.com\/es\/wp-json\/wp\/v2\/product\/23075","targetHints":{"allow":["GET"]}}],"collection":[{"href":"https:\/\/soymat.com\/es\/wp-json\/wp\/v2\/product"}],"about":[{"href":"https:\/\/soymat.com\/es\/wp-json\/wp\/v2\/types\/product"}],"wp:featuredmedia":[{"embeddable":true,"href":"https:\/\/soymat.com\/es\/wp-json\/wp\/v2\/media\/23065"}],"wp:attachment":[{"href":"https:\/\/soymat.com\/es\/wp-json\/wp\/v2\/media?parent=23075"}],"wp:term":[{"taxonomy":"product_cat","embeddable":true,"href":"https:\/\/soymat.com\/es\/wp-json\/wp\/v2\/product_cat?post=23075"},{"taxonomy":"product_tag","embeddable":true,"href":"https:\/\/soymat.com\/es\/wp-json\/wp\/v2\/product_tag?post=23075"}],"curies":[{"name":"wp","href":"https:\/\/api.w.org\/{rel}","templated":true}]}}