{"id":23078,"date":"2025-07-14T01:35:57","date_gmt":"2025-07-14T04:35:57","guid":{"rendered":"https:\/\/soymat.com\/?post_type=product&#038;p=23078"},"modified":"2026-02-02T22:06:27","modified_gmt":"2026-02-03T01:06:27","slug":"juego-bocallaves-216-piezas-1-4p-1-2-3-pulg-crossmaster","status":"publish","type":"product","link":"https:\/\/soymat.com\/es\/producto\/juego-bocallaves-216-piezas-1-4p-1-2-3-pulg-crossmaster\/","title":{"rendered":"Juego Bocallaves 216 Piezas 1\/4P-1\/2-3 PULG. &#8211; CROSSMASTER"},"content":{"rendered":"<p><strong>Juego Bocallaves 216 Piezas 1\/4P-1\/2-3 PULG. &#8211; CROSSMASTER<\/strong><br \/>\nCod.: 9949916<\/p>\n<p>Empu\u00f1aduras bi-material para mayor confort y control.<br \/>\nAcero cromo vanadio.<br \/>\nTerminaci\u00f3n cromada.<br \/>\nMalet\u00edn pl\u00e1stico.<br \/>\nIncluye 216 piezas<\/p>\n<p><strong>ENCASTRE 1\/4\u2033<\/strong><\/p>\n<p>13 Bocallaves Hexagonales \u2013 Encastre 1\/4\u2033 4 \u2013 4.5 \u2013 5 \u2013 5.5 \u2013 6 \u2013 7 \u2013 8 \u2013 9 \u2013 10 \u2013 11 \u2013 12 \u2013 13 \u2013 14 mm<br \/>\n7 Bocallaves Hexagonales Largas \u2013 Encastre 1\/4\u2033 4 \u2013 5 \u2013 6 \u2013 7 \u2013 8 \u2013 9 \u2013 10mm<br \/>\n5 Bocallaves E-Torx \u2013 Encastre 1\/4\u2033 E4 \u2013 E5 \u2013 E6 \u2013 E7 \u2013 E8<br \/>\n1 Llave Crique 72 Dientes \u2013 Encastre 1\/4\u2033<br \/>\n1 Movimiento Universal Articulado \u2013 Encastre 1\/4\u2033<br \/>\n1 Destornillador con adaptador para puntas Hex. 6,35 mm<br \/>\n1 Destornillador Encastre 1\/4\u2033<br \/>\n1 Barra de Extensi\u00f3n 50 mm \u2013 Encastre 1\/4\u2033<br \/>\n1 Barra de Extensi\u00f3n 100 mm \u2013 Encastre 1\/4\u2033<br \/>\n1 Mango Deslizante \u00abT\u00bb- Encastre 1\/4\u2033<br \/>\n1 Adaptador Hexagonal 6,35 mm \u2013 Encastre 1\/4\u2033<br \/>\n1 Adaptador para Puntas Hexagonales 6,35mm \u2013 Encastre 1\/4\u2033<br \/>\n30 Bocallaves Punta- Encastre 1\/4\u2033 SL4.5-SL5-SL6.5-SL7; PH0-PH1-PH2; PZ0-PZ1-PZ2;H3-H4-H5-H6; T8-T9-T10-T15-T20-T25-T27-T30; TT8-TT9-TT10-TT15-TT20-TT25-TT27-TT30<\/p>\n<p><strong>ENCASTRE 3\/8\u2033<\/strong><\/p>\n<p>10 Bocallaves Hexagonales \u2013 Encastre 3\/8\u2033 10 \u2013 11 \u2013 12 \u2013 13 \u2013 14 \u2013 15 \u2013 16 \u2013 17 \u2013 18 \u2013 19 mm<br \/>\n6 Bocallaves Hexagonales Largas \u2013 Encastre 3\/8\u2033 10 \u2013 11 \u2013 12 \u2013 13 \u2013 14 \u2013 15 mm<br \/>\n6 Bocallaves E-Torx \u2013 Encastre 3\/8\u2033 E10 \u2013 E11 \u2013 E12 \u2013 E14 \u2013 E16 \u2013 E18<br \/>\n1 Adaptador para Puntas Hexagonales 8 mm \u2013 Encastre 3\/8\u2033<br \/>\n1 Llave Crique 72 Dientes \u2013 Encastre 3\/8\u2033<br \/>\n1 Movimiento Universal Articulado \u2013 Encastre 3\/8\u2033<br \/>\n1 Barra de Extensi\u00f3n 130mm \u2013 Encastre 3\/8\u2033<br \/>\n1 Bocallave para Buj\u00eda 18 mm \u2013 Encastre 3\/8\u2033<\/p>\n<p><strong>ENCASTRE 1\/2\u2033<\/strong><\/p>\n<p>14 Bocallaves Hexagonales \u2013 Encastre 1\/2\u2033 13 \u2013 14 \u2013 15 \u2013 16 \u2013 17 \u2013 18 \u2013 19 \u2013 20 \u2013 21 \u2013 22 \u2013 24 \u2013 27 \u2013 30 \u2013 32 mm<br \/>\n5 Bocallaves Hexagonales Largas \u2013 Encastre 1\/2\u2033 16 \u2013 17 \u2013 18 \u2013 19 \u2013 22 mm<br \/>\n3 Bocallaves E-Torx \u2013 Encastre 1\/2\u2033 E20 \u2013 E22 \u2013 E24<br \/>\n1 Llave Crique 72 Dientes \u2013 Encastre 1\/2\u2033<br \/>\n1 Barra de Extensi\u00f3n 130 mm \u2013 Encastre 1\/2\u2033<br \/>\n1 Barra de Extensi\u00f3n 250 mm \u2013 Encastre 1\/2\u2033<br \/>\n1 Movimiento Universal Articulado \u2013 Encastre 1\/2\u2033<br \/>\n1 Mango Deslizante \u00abT\u00bb<br \/>\n1 Bocallave para Buj\u00eda 16mm \u2013 Encastre 1\/2\u2033<br \/>\n1 Bocallave para Buj\u00eda 21mm \u2013 Encastre 1\/2\u2033<br \/>\n1 Adaptador para Puntas Hexagonales 8mm \u2013 Encastre 1\/2\u2033<br \/>\n2 Bocallave Punta \u2013 Encastre 1\/2\u2033 H14-T70<\/p>\n<p><strong>LLAVES<\/strong><\/p>\n<p>7 Llaves Hexagonales 1.27 \u2013 1.5 \u2013 2 \u2013 2.5 \u2013 3 \u2013 4 \u2013 5 mm<br \/>\n12 Llaves Combinadas 8-9-10-11-12-13-14-15-16-17-18-19 mm<\/p>\n<p><strong>PUNTAS PARA ATORNILLADOR<\/strong><\/p>\n<p>30 Puntas para Atornillador 8 mm T25-T27-T30-T35-T40-T40-T45-T50; TT27-TT30-TT35-TT40-TT45-TT50;H5.5-H6-H6-H7-H8; SL6-SL6.5-SL8; PH3-PH4; PZ3-PZ4; M5-M6-M8-M10<br \/>\n44 Puntas para Atornillador 6 mm H3-H4-H5-H6;H3-H4-H5-H6 (with hold); PH1-PH2;PZ1-PZ2; T8-T10-T15-T20-T25; TT10-TT15-TT20-TT25-TT40-TT8-TT10-TT20-TT20-TT25; M5-M6-M8;SL4-SL5-SL5.5; TW1-TW2-TW3-TQ6-TQ8-TQ10;S1-S2;SL4-SL6-SL8<\/p>","protected":false},"excerpt":{"rendered":"<p>Juego Bocallaves 216 Piezas 1\/4P-1\/2-3 PULG. &#8211; CROSSMASTER Cod.: 9949916 Empu\u00f1aduras bi-material para mayor confort y control. Acero cromo vanadio. Terminaci\u00f3n cromada. Malet\u00edn pl\u00e1stico. Incluye 216 piezas ENCASTRE 1\/4\u2033 13 Bocallaves Hexagonales \u2013 Encastre 1\/4\u2033 4 \u2013 4.5 \u2013 5 \u2013 5.5 \u2013 6 \u2013 7 \u2013 8 \u2013 9 \u2013 10 \u2013 11 \u2013 [&hellip;]<\/p>\n","protected":false},"featured_media":23079,"template":"","meta":[],"product_cat":[191],"product_tag":[712,312,711,349,713,196,307],"class_list":{"0":"post-23078","1":"product","2":"type-product","3":"status-publish","4":"has-post-thumbnail","6":"product_brand-crossmaster-herramientas-de-mano-aficionado-profesional-industrial","7":"product_cat-maquinas-y-herramientas","8":"product_tag-herramientas-crossmaster","9":"product_tag-herramientas-de-mano","10":"product_tag-herramientas-para-taller","11":"product_tag-juego-de-bocallaves","12":"product_tag-llaves-mecanicas","13":"product_tag-taller","14":"product_tag-taller-mecanico","16":"first","17":"instock","18":"taxable","19":"shipping-taxable","20":"purchasable","21":"product-type-simple","22":"add-to-wishlist-after_add_to_cart"},"yoast_head":"<!-- This site is optimized with the Yoast SEO Premium plugin v26.9 (Yoast SEO v26.9) - https:\/\/yoast.com\/product\/yoast-seo-premium-wordpress\/ -->\n<title>Juego Bocallaves 216 Piezas 1\/4P-1\/2-3 PULG. - CROSSMASTER - SoyMat \u2013 Seguridad Industrial<\/title>\n<meta name=\"robots\" content=\"index, follow, max-snippet:-1, max-image-preview:large, max-video-preview:-1\" \/>\n<link rel=\"canonical\" href=\"https:\/\/soymat.com\/es\/producto\/juego-bocallaves-216-piezas-1-4p-1-2-3-pulg-crossmaster\/\" \/>\n<meta property=\"og:locale\" content=\"es_ES\" \/>\n<meta property=\"og:type\" content=\"article\" \/>\n<meta property=\"og:title\" content=\"Juego Bocallaves 216 Piezas 1\/4P-1\/2-3 PULG. - CROSSMASTER\" \/>\n<meta property=\"og:description\" content=\"Juego Bocallaves 216 Piezas 1\/4P-1\/2-3 PULG. &#8211; CROSSMASTER Cod.: 9949916 Empu\u00f1aduras bi-material para mayor confort y control. Acero cromo vanadio. Terminaci\u00f3n cromada. Malet\u00edn pl\u00e1stico. Incluye 216 piezas ENCASTRE 1\/4\u2033 13 Bocallaves Hexagonales \u2013 Encastre 1\/4\u2033 4 \u2013 4.5 \u2013 5 \u2013 5.5 \u2013 6 \u2013 7 \u2013 8 \u2013 9 \u2013 10 \u2013 11 \u2013 [&hellip;]\" \/>\n<meta property=\"og:url\" content=\"https:\/\/soymat.com\/es\/producto\/juego-bocallaves-216-piezas-1-4p-1-2-3-pulg-crossmaster\/\" \/>\n<meta property=\"og:site_name\" content=\"SoyMat \u2013 Seguridad Industrial\" \/>\n<meta property=\"article:modified_time\" content=\"2026-02-03T01:06:27+00:00\" \/>\n<meta property=\"og:image\" content=\"https:\/\/soymat.com\/wp-content\/uploads\/2025\/07\/9949916_Maletin-scaled.jpg\" \/>\n\t<meta property=\"og:image:width\" content=\"2560\" \/>\n\t<meta property=\"og:image:height\" content=\"2560\" \/>\n\t<meta property=\"og:image:type\" content=\"image\/jpeg\" \/>\n<meta name=\"twitter:card\" content=\"summary_large_image\" \/>\n<meta name=\"twitter:label1\" content=\"Tiempo de lectura\" \/>\n\t<meta name=\"twitter:data1\" content=\"2 minutos\" \/>\n<script type=\"application\/ld+json\" class=\"yoast-schema-graph\">{\"@context\":\"https:\/\/schema.org\",\"@graph\":[{\"@type\":\"WebPage\",\"@id\":\"https:\/\/soymat.com\/producto\/juego-bocallaves-216-piezas-1-4p-1-2-3-pulg-crossmaster\/\",\"url\":\"https:\/\/soymat.com\/producto\/juego-bocallaves-216-piezas-1-4p-1-2-3-pulg-crossmaster\/\",\"name\":\"Juego Bocallaves 216 Piezas 1\/4P-1\/2-3 PULG. - CROSSMASTER - SoyMat \u2013 Seguridad Industrial\",\"isPartOf\":{\"@id\":\"https:\/\/soymat.com\/#website\"},\"primaryImageOfPage\":{\"@id\":\"https:\/\/soymat.com\/producto\/juego-bocallaves-216-piezas-1-4p-1-2-3-pulg-crossmaster\/#primaryimage\"},\"image\":{\"@id\":\"https:\/\/soymat.com\/producto\/juego-bocallaves-216-piezas-1-4p-1-2-3-pulg-crossmaster\/#primaryimage\"},\"thumbnailUrl\":\"https:\/\/soymat.com\/wp-content\/uploads\/2025\/07\/9949916_Maletin-scaled.jpg\",\"datePublished\":\"2025-07-14T04:35:57+00:00\",\"dateModified\":\"2026-02-03T01:06:27+00:00\",\"breadcrumb\":{\"@id\":\"https:\/\/soymat.com\/producto\/juego-bocallaves-216-piezas-1-4p-1-2-3-pulg-crossmaster\/#breadcrumb\"},\"inLanguage\":\"es-AR\",\"potentialAction\":[{\"@type\":\"ReadAction\",\"target\":[\"https:\/\/soymat.com\/producto\/juego-bocallaves-216-piezas-1-4p-1-2-3-pulg-crossmaster\/\"]}]},{\"@type\":\"ImageObject\",\"inLanguage\":\"es-AR\",\"@id\":\"https:\/\/soymat.com\/producto\/juego-bocallaves-216-piezas-1-4p-1-2-3-pulg-crossmaster\/#primaryimage\",\"url\":\"https:\/\/soymat.com\/wp-content\/uploads\/2025\/07\/9949916_Maletin-scaled.jpg\",\"contentUrl\":\"https:\/\/soymat.com\/wp-content\/uploads\/2025\/07\/9949916_Maletin-scaled.jpg\",\"width\":2560,\"height\":2560},{\"@type\":\"BreadcrumbList\",\"@id\":\"https:\/\/soymat.com\/producto\/juego-bocallaves-216-piezas-1-4p-1-2-3-pulg-crossmaster\/#breadcrumb\",\"itemListElement\":[{\"@type\":\"ListItem\",\"position\":1,\"name\":\"Portada\",\"item\":\"https:\/\/soymat.com\/\"},{\"@type\":\"ListItem\",\"position\":2,\"name\":\"Todos los Productos\",\"item\":\"https:\/\/soymat.com\/shop\/\"},{\"@type\":\"ListItem\",\"position\":3,\"name\":\"Juego Bocallaves 216 Piezas 1\/4P-1\/2-3 PULG. &#8211; CROSSMASTER\"}]},{\"@type\":\"WebSite\",\"@id\":\"https:\/\/soymat.com\/#website\",\"url\":\"https:\/\/soymat.com\/\",\"name\":\"So&Mat\",\"description\":\"Empresa Dedicada a la protecci\u00f3n global contra incendio . matafuegos redes bombas,venta instalaci\u00f3n y service, protecci\u00f3n y confort laboral en todo concepto.\",\"publisher\":{\"@id\":\"https:\/\/soymat.com\/#organization\"},\"alternateName\":\"So&Mat\",\"potentialAction\":[{\"@type\":\"SearchAction\",\"target\":{\"@type\":\"EntryPoint\",\"urlTemplate\":\"https:\/\/soymat.com\/?s={search_term_string}\"},\"query-input\":{\"@type\":\"PropertyValueSpecification\",\"valueRequired\":true,\"valueName\":\"search_term_string\"}}],\"inLanguage\":\"es-AR\"},{\"@type\":\"Organization\",\"@id\":\"https:\/\/soymat.com\/#organization\",\"name\":\"So&Mat\",\"url\":\"https:\/\/soymat.com\/\",\"logo\":{\"@type\":\"ImageObject\",\"inLanguage\":\"es-AR\",\"@id\":\"https:\/\/soymat.com\/#\/schema\/logo\/image\/\",\"url\":\"https:\/\/soymat.com\/wp-content\/uploads\/2024\/08\/SoyMat.jpg\",\"contentUrl\":\"https:\/\/soymat.com\/wp-content\/uploads\/2024\/08\/SoyMat.jpg\",\"width\":600,\"height\":236,\"caption\":\"So&Mat\"},\"image\":{\"@id\":\"https:\/\/soymat.com\/#\/schema\/logo\/image\/\"}}]}<\/script>\n<!-- \/ Yoast SEO Premium plugin. -->","yoast_head_json":{"title":"Juego Bocallaves 216 Piezas 1\/4P-1\/2-3 PULG. - CROSSMASTER - SoyMat \u2013 Seguridad Industrial","robots":{"index":"index","follow":"follow","max-snippet":"max-snippet:-1","max-image-preview":"max-image-preview:large","max-video-preview":"max-video-preview:-1"},"canonical":"https:\/\/soymat.com\/es\/producto\/juego-bocallaves-216-piezas-1-4p-1-2-3-pulg-crossmaster\/","og_locale":"es_ES","og_type":"article","og_title":"Juego Bocallaves 216 Piezas 1\/4P-1\/2-3 PULG. - CROSSMASTER","og_description":"Juego Bocallaves 216 Piezas 1\/4P-1\/2-3 PULG. &#8211; CROSSMASTER Cod.: 9949916 Empu\u00f1aduras bi-material para mayor confort y control. Acero cromo vanadio. Terminaci\u00f3n cromada. Malet\u00edn pl\u00e1stico. Incluye 216 piezas ENCASTRE 1\/4\u2033 13 Bocallaves Hexagonales \u2013 Encastre 1\/4\u2033 4 \u2013 4.5 \u2013 5 \u2013 5.5 \u2013 6 \u2013 7 \u2013 8 \u2013 9 \u2013 10 \u2013 11 \u2013 [&hellip;]","og_url":"https:\/\/soymat.com\/es\/producto\/juego-bocallaves-216-piezas-1-4p-1-2-3-pulg-crossmaster\/","og_site_name":"SoyMat \u2013 Seguridad Industrial","article_modified_time":"2026-02-03T01:06:27+00:00","og_image":[{"width":2560,"height":2560,"url":"https:\/\/soymat.com\/wp-content\/uploads\/2025\/07\/9949916_Maletin-scaled.jpg","type":"image\/jpeg"}],"twitter_card":"summary_large_image","twitter_misc":{"Tiempo de lectura":"2 minutos"},"schema":{"@context":"https:\/\/schema.org","@graph":[{"@type":"WebPage","@id":"https:\/\/soymat.com\/producto\/juego-bocallaves-216-piezas-1-4p-1-2-3-pulg-crossmaster\/","url":"https:\/\/soymat.com\/producto\/juego-bocallaves-216-piezas-1-4p-1-2-3-pulg-crossmaster\/","name":"Juego Bocallaves 216 Piezas 1\/4P-1\/2-3 PULG. - CROSSMASTER - SoyMat \u2013 Seguridad Industrial","isPartOf":{"@id":"https:\/\/soymat.com\/#website"},"primaryImageOfPage":{"@id":"https:\/\/soymat.com\/producto\/juego-bocallaves-216-piezas-1-4p-1-2-3-pulg-crossmaster\/#primaryimage"},"image":{"@id":"https:\/\/soymat.com\/producto\/juego-bocallaves-216-piezas-1-4p-1-2-3-pulg-crossmaster\/#primaryimage"},"thumbnailUrl":"https:\/\/soymat.com\/wp-content\/uploads\/2025\/07\/9949916_Maletin-scaled.jpg","datePublished":"2025-07-14T04:35:57+00:00","dateModified":"2026-02-03T01:06:27+00:00","breadcrumb":{"@id":"https:\/\/soymat.com\/producto\/juego-bocallaves-216-piezas-1-4p-1-2-3-pulg-crossmaster\/#breadcrumb"},"inLanguage":"es-AR","potentialAction":[{"@type":"ReadAction","target":["https:\/\/soymat.com\/producto\/juego-bocallaves-216-piezas-1-4p-1-2-3-pulg-crossmaster\/"]}]},{"@type":"ImageObject","inLanguage":"es-AR","@id":"https:\/\/soymat.com\/producto\/juego-bocallaves-216-piezas-1-4p-1-2-3-pulg-crossmaster\/#primaryimage","url":"https:\/\/soymat.com\/wp-content\/uploads\/2025\/07\/9949916_Maletin-scaled.jpg","contentUrl":"https:\/\/soymat.com\/wp-content\/uploads\/2025\/07\/9949916_Maletin-scaled.jpg","width":2560,"height":2560},{"@type":"BreadcrumbList","@id":"https:\/\/soymat.com\/producto\/juego-bocallaves-216-piezas-1-4p-1-2-3-pulg-crossmaster\/#breadcrumb","itemListElement":[{"@type":"ListItem","position":1,"name":"Portada","item":"https:\/\/soymat.com\/"},{"@type":"ListItem","position":2,"name":"Todos los Productos","item":"https:\/\/soymat.com\/shop\/"},{"@type":"ListItem","position":3,"name":"Juego Bocallaves 216 Piezas 1\/4P-1\/2-3 PULG. &#8211; CROSSMASTER"}]},{"@type":"WebSite","@id":"https:\/\/soymat.com\/#website","url":"https:\/\/soymat.com\/","name":"So&Mat","description":"Empresa Dedicada a la protecci\u00f3n global contra incendio . matafuegos redes bombas,venta instalaci\u00f3n y service, protecci\u00f3n y confort laboral en todo concepto.","publisher":{"@id":"https:\/\/soymat.com\/#organization"},"alternateName":"So&Mat","potentialAction":[{"@type":"SearchAction","target":{"@type":"EntryPoint","urlTemplate":"https:\/\/soymat.com\/?s={search_term_string}"},"query-input":{"@type":"PropertyValueSpecification","valueRequired":true,"valueName":"search_term_string"}}],"inLanguage":"es-AR"},{"@type":"Organization","@id":"https:\/\/soymat.com\/#organization","name":"So&Mat","url":"https:\/\/soymat.com\/","logo":{"@type":"ImageObject","inLanguage":"es-AR","@id":"https:\/\/soymat.com\/#\/schema\/logo\/image\/","url":"https:\/\/soymat.com\/wp-content\/uploads\/2024\/08\/SoyMat.jpg","contentUrl":"https:\/\/soymat.com\/wp-content\/uploads\/2024\/08\/SoyMat.jpg","width":600,"height":236,"caption":"So&Mat"},"image":{"@id":"https:\/\/soymat.com\/#\/schema\/logo\/image\/"}}]}},"_links":{"self":[{"href":"https:\/\/soymat.com\/es\/wp-json\/wp\/v2\/product\/23078","targetHints":{"allow":["GET"]}}],"collection":[{"href":"https:\/\/soymat.com\/es\/wp-json\/wp\/v2\/product"}],"about":[{"href":"https:\/\/soymat.com\/es\/wp-json\/wp\/v2\/types\/product"}],"wp:featuredmedia":[{"embeddable":true,"href":"https:\/\/soymat.com\/es\/wp-json\/wp\/v2\/media\/23079"}],"wp:attachment":[{"href":"https:\/\/soymat.com\/es\/wp-json\/wp\/v2\/media?parent=23078"}],"wp:term":[{"taxonomy":"product_cat","embeddable":true,"href":"https:\/\/soymat.com\/es\/wp-json\/wp\/v2\/product_cat?post=23078"},{"taxonomy":"product_tag","embeddable":true,"href":"https:\/\/soymat.com\/es\/wp-json\/wp\/v2\/product_tag?post=23078"}],"curies":[{"name":"wp","href":"https:\/\/api.w.org\/{rel}","templated":true}]}}