{"id":23082,"date":"2025-07-14T01:42:10","date_gmt":"2025-07-14T04:42:10","guid":{"rendered":"https:\/\/soymat.com\/?post_type=product&#038;p=23082"},"modified":"2026-04-01T19:06:41","modified_gmt":"2026-04-01T22:06:41","slug":"juego-bocallaves-metricas-32-piezas-1-2-pulg-crossmaster","status":"publish","type":"product","link":"https:\/\/soymat.com\/es\/producto\/juego-bocallaves-metricas-32-piezas-1-2-pulg-crossmaster\/","title":{"rendered":"Juego Bocallaves M\u00e9tricas 32 Piezas 1\/2 PULG. &#8211; CROSSMASTER"},"content":{"rendered":"<p><strong>Juego Bocallaves M\u00e9tricas 32 Piezas 1\/2 PULG. &#8211; CROSSMASTER<\/strong><br \/>\nCod.: 9949965<\/p>\n<p>&nbsp;<\/p>\n<p>1\/2\u2033 Dr. 6 Point Socket \/ Bocallaves Hexagonales \u2013 Encastre 1\/2\u2033 | 8 \u2013 9 \u2013 10 \u2013 11 \u2013 12 \u2013 13 \u2013 14 \u2013 15 \u2013 16 \u2013 17 \u2013 18 \u2013 19 \u2013 20 \u2013 21 \u2013 22 \u2013 24 \u2013 27 \u2013 30 \u2013 32 mm<\/p>\n<p>1\/2\u2033 Dr. 12 Point Socket \/ Bocallaves Estriadas \u2013 Encastre 1\/2\u2033 | 10 \u2013 12 \u2013 14 \u2013 15 \u2013 17 \u2013 19 mm<\/p>\n<p>1\/2\u2033 Dr. Universal Joint \/Movimiento Universal Articulado \u2013 Encastre 1\/2\u2033<\/p>\n<p>1\/2\u2033 Dr. Extension Bar 5\u2033 \/ Barra de Extensi\u00f3n 130 mm \u2013 Encastre 1\/2\u2033<\/p>\n<p>1\/2\u2033 Dr. Extension Bar 10\u2033 \/ Barra de Extensi\u00f3n 250 mm \u2013 Encastre 1\/2\u2033<\/p>\n<p>1\/2\u2033 Dr. Three-Way Adaptor \/ Mango Deslizante \u00abT\u00bb con Barra de Extensi\u00f3n \u2013 Encastre 1\/2\u2033<\/p>\n<p>1\/2\u2033 Dr. Spark Plug Socket 16 mm \/ Bocallaves para Buj\u00edas 16 mm \u2013 Encastre 1\/2\u2033<\/p>\n<p>1\/2\u2033 Dr. Spark Plug Socket 21 mm \/ Bocallaves para Buj\u00edas 21 mm \u2013 Encastre 1\/2\u2033<\/p>\n<p>1\/2\u2033 Ratchet Handle \/ Llave Crique 72 Dientes \u2013 Encastre 1\/2\u2033<\/p>","protected":false},"excerpt":{"rendered":"<p>Juego Bocallaves M\u00e9tricas 32 Piezas 1\/2 PULG. &#8211; CROSSMASTER Cod.: 9949965 &nbsp; 1\/2\u2033 Dr. 6 Point Socket \/ Bocallaves Hexagonales \u2013 Encastre 1\/2\u2033 | 8 \u2013 9 \u2013 10 \u2013 11 \u2013 12 \u2013 13 \u2013 14 \u2013 15 \u2013 16 \u2013 17 \u2013 18 \u2013 19 \u2013 20 \u2013 21 \u2013 22 \u2013 24 [&hellip;]<\/p>\n","protected":false},"featured_media":23083,"template":"","meta":[],"product_cat":[191],"product_tag":[715,312,349,714,346,196,307],"class_list":{"0":"post-23082","1":"product","2":"type-product","3":"status-publish","4":"has-post-thumbnail","6":"product_brand-crossmaster-herramientas-de-mano-aficionado-profesional-industrial","7":"product_cat-maquinas-y-herramientas","8":"product_tag-bocalaves-metricas","9":"product_tag-herramientas-de-mano","10":"product_tag-juego-de-bocallaves","11":"product_tag-llaves","12":"product_tag-mecanica-general","13":"product_tag-taller","14":"product_tag-taller-mecanico","16":"first","17":"instock","18":"taxable","19":"shipping-taxable","20":"purchasable","21":"product-type-simple","22":"add-to-wishlist-after_add_to_cart"},"yoast_head":"<!-- This site is optimized with the Yoast SEO Premium plugin v26.9 (Yoast SEO v26.9) - https:\/\/yoast.com\/product\/yoast-seo-premium-wordpress\/ -->\n<title>Juego Bocallaves M\u00e9tricas 32 Piezas 1\/2 PULG. - CROSSMASTER - SoyMat \u2013 Seguridad Industrial<\/title>\n<meta name=\"robots\" content=\"index, follow, max-snippet:-1, max-image-preview:large, max-video-preview:-1\" \/>\n<link rel=\"canonical\" href=\"https:\/\/soymat.com\/es\/producto\/juego-bocallaves-metricas-32-piezas-1-2-pulg-crossmaster\/\" \/>\n<meta property=\"og:locale\" content=\"es_ES\" \/>\n<meta property=\"og:type\" content=\"article\" \/>\n<meta property=\"og:title\" content=\"Juego Bocallaves M\u00e9tricas 32 Piezas 1\/2 PULG. - CROSSMASTER\" \/>\n<meta property=\"og:description\" content=\"Juego Bocallaves M\u00e9tricas 32 Piezas 1\/2 PULG. &#8211; CROSSMASTER Cod.: 9949965 &nbsp; 1\/2\u2033 Dr. 6 Point Socket \/ Bocallaves Hexagonales \u2013 Encastre 1\/2\u2033 | 8 \u2013 9 \u2013 10 \u2013 11 \u2013 12 \u2013 13 \u2013 14 \u2013 15 \u2013 16 \u2013 17 \u2013 18 \u2013 19 \u2013 20 \u2013 21 \u2013 22 \u2013 24 [&hellip;]\" \/>\n<meta property=\"og:url\" content=\"https:\/\/soymat.com\/es\/producto\/juego-bocallaves-metricas-32-piezas-1-2-pulg-crossmaster\/\" \/>\n<meta property=\"og:site_name\" content=\"SoyMat \u2013 Seguridad Industrial\" \/>\n<meta property=\"article:modified_time\" content=\"2026-04-01T22:06:41+00:00\" \/>\n<meta property=\"og:image\" content=\"https:\/\/soymat.com\/wp-content\/uploads\/2025\/07\/9949965-scaled.jpg\" \/>\n\t<meta property=\"og:image:width\" content=\"2560\" \/>\n\t<meta property=\"og:image:height\" content=\"2560\" \/>\n\t<meta property=\"og:image:type\" content=\"image\/jpeg\" \/>\n<meta name=\"twitter:card\" content=\"summary_large_image\" \/>\n<meta name=\"twitter:label1\" content=\"Tiempo de lectura\" \/>\n\t<meta name=\"twitter:data1\" content=\"1 minuto\" \/>\n<script type=\"application\/ld+json\" class=\"yoast-schema-graph\">{\"@context\":\"https:\/\/schema.org\",\"@graph\":[{\"@type\":\"WebPage\",\"@id\":\"https:\/\/soymat.com\/producto\/juego-bocallaves-metricas-32-piezas-1-2-pulg-crossmaster\/\",\"url\":\"https:\/\/soymat.com\/producto\/juego-bocallaves-metricas-32-piezas-1-2-pulg-crossmaster\/\",\"name\":\"Juego Bocallaves M\u00e9tricas 32 Piezas 1\/2 PULG. - CROSSMASTER - SoyMat \u2013 Seguridad Industrial\",\"isPartOf\":{\"@id\":\"https:\/\/soymat.com\/#website\"},\"primaryImageOfPage\":{\"@id\":\"https:\/\/soymat.com\/producto\/juego-bocallaves-metricas-32-piezas-1-2-pulg-crossmaster\/#primaryimage\"},\"image\":{\"@id\":\"https:\/\/soymat.com\/producto\/juego-bocallaves-metricas-32-piezas-1-2-pulg-crossmaster\/#primaryimage\"},\"thumbnailUrl\":\"https:\/\/soymat.com\/wp-content\/uploads\/2025\/07\/9949965-scaled.jpg\",\"datePublished\":\"2025-07-14T04:42:10+00:00\",\"dateModified\":\"2026-04-01T22:06:41+00:00\",\"breadcrumb\":{\"@id\":\"https:\/\/soymat.com\/producto\/juego-bocallaves-metricas-32-piezas-1-2-pulg-crossmaster\/#breadcrumb\"},\"inLanguage\":\"es-AR\",\"potentialAction\":[{\"@type\":\"ReadAction\",\"target\":[\"https:\/\/soymat.com\/producto\/juego-bocallaves-metricas-32-piezas-1-2-pulg-crossmaster\/\"]}]},{\"@type\":\"ImageObject\",\"inLanguage\":\"es-AR\",\"@id\":\"https:\/\/soymat.com\/producto\/juego-bocallaves-metricas-32-piezas-1-2-pulg-crossmaster\/#primaryimage\",\"url\":\"https:\/\/soymat.com\/wp-content\/uploads\/2025\/07\/9949965-scaled.jpg\",\"contentUrl\":\"https:\/\/soymat.com\/wp-content\/uploads\/2025\/07\/9949965-scaled.jpg\",\"width\":2560,\"height\":2560},{\"@type\":\"BreadcrumbList\",\"@id\":\"https:\/\/soymat.com\/producto\/juego-bocallaves-metricas-32-piezas-1-2-pulg-crossmaster\/#breadcrumb\",\"itemListElement\":[{\"@type\":\"ListItem\",\"position\":1,\"name\":\"Portada\",\"item\":\"https:\/\/soymat.com\/\"},{\"@type\":\"ListItem\",\"position\":2,\"name\":\"Todos los Productos\",\"item\":\"https:\/\/soymat.com\/shop\/\"},{\"@type\":\"ListItem\",\"position\":3,\"name\":\"Juego Bocallaves M\u00e9tricas 32 Piezas 1\/2 PULG. &#8211; CROSSMASTER\"}]},{\"@type\":\"WebSite\",\"@id\":\"https:\/\/soymat.com\/#website\",\"url\":\"https:\/\/soymat.com\/\",\"name\":\"So&Mat\",\"description\":\"Empresa Dedicada a la protecci\u00f3n global contra incendio . matafuegos redes bombas,venta instalaci\u00f3n y service, protecci\u00f3n y confort laboral en todo concepto.\",\"publisher\":{\"@id\":\"https:\/\/soymat.com\/#organization\"},\"alternateName\":\"So&Mat\",\"potentialAction\":[{\"@type\":\"SearchAction\",\"target\":{\"@type\":\"EntryPoint\",\"urlTemplate\":\"https:\/\/soymat.com\/?s={search_term_string}\"},\"query-input\":{\"@type\":\"PropertyValueSpecification\",\"valueRequired\":true,\"valueName\":\"search_term_string\"}}],\"inLanguage\":\"es-AR\"},{\"@type\":\"Organization\",\"@id\":\"https:\/\/soymat.com\/#organization\",\"name\":\"So&Mat\",\"url\":\"https:\/\/soymat.com\/\",\"logo\":{\"@type\":\"ImageObject\",\"inLanguage\":\"es-AR\",\"@id\":\"https:\/\/soymat.com\/#\/schema\/logo\/image\/\",\"url\":\"https:\/\/soymat.com\/wp-content\/uploads\/2024\/08\/SoyMat.jpg\",\"contentUrl\":\"https:\/\/soymat.com\/wp-content\/uploads\/2024\/08\/SoyMat.jpg\",\"width\":600,\"height\":236,\"caption\":\"So&Mat\"},\"image\":{\"@id\":\"https:\/\/soymat.com\/#\/schema\/logo\/image\/\"}}]}<\/script>\n<!-- \/ Yoast SEO Premium plugin. -->","yoast_head_json":{"title":"Juego Bocallaves M\u00e9tricas 32 Piezas 1\/2 PULG. - CROSSMASTER - SoyMat \u2013 Seguridad Industrial","robots":{"index":"index","follow":"follow","max-snippet":"max-snippet:-1","max-image-preview":"max-image-preview:large","max-video-preview":"max-video-preview:-1"},"canonical":"https:\/\/soymat.com\/es\/producto\/juego-bocallaves-metricas-32-piezas-1-2-pulg-crossmaster\/","og_locale":"es_ES","og_type":"article","og_title":"Juego Bocallaves M\u00e9tricas 32 Piezas 1\/2 PULG. - CROSSMASTER","og_description":"Juego Bocallaves M\u00e9tricas 32 Piezas 1\/2 PULG. &#8211; CROSSMASTER Cod.: 9949965 &nbsp; 1\/2\u2033 Dr. 6 Point Socket \/ Bocallaves Hexagonales \u2013 Encastre 1\/2\u2033 | 8 \u2013 9 \u2013 10 \u2013 11 \u2013 12 \u2013 13 \u2013 14 \u2013 15 \u2013 16 \u2013 17 \u2013 18 \u2013 19 \u2013 20 \u2013 21 \u2013 22 \u2013 24 [&hellip;]","og_url":"https:\/\/soymat.com\/es\/producto\/juego-bocallaves-metricas-32-piezas-1-2-pulg-crossmaster\/","og_site_name":"SoyMat \u2013 Seguridad Industrial","article_modified_time":"2026-04-01T22:06:41+00:00","og_image":[{"width":2560,"height":2560,"url":"https:\/\/soymat.com\/wp-content\/uploads\/2025\/07\/9949965-scaled.jpg","type":"image\/jpeg"}],"twitter_card":"summary_large_image","twitter_misc":{"Tiempo de lectura":"1 minuto"},"schema":{"@context":"https:\/\/schema.org","@graph":[{"@type":"WebPage","@id":"https:\/\/soymat.com\/producto\/juego-bocallaves-metricas-32-piezas-1-2-pulg-crossmaster\/","url":"https:\/\/soymat.com\/producto\/juego-bocallaves-metricas-32-piezas-1-2-pulg-crossmaster\/","name":"Juego Bocallaves M\u00e9tricas 32 Piezas 1\/2 PULG. - CROSSMASTER - SoyMat \u2013 Seguridad Industrial","isPartOf":{"@id":"https:\/\/soymat.com\/#website"},"primaryImageOfPage":{"@id":"https:\/\/soymat.com\/producto\/juego-bocallaves-metricas-32-piezas-1-2-pulg-crossmaster\/#primaryimage"},"image":{"@id":"https:\/\/soymat.com\/producto\/juego-bocallaves-metricas-32-piezas-1-2-pulg-crossmaster\/#primaryimage"},"thumbnailUrl":"https:\/\/soymat.com\/wp-content\/uploads\/2025\/07\/9949965-scaled.jpg","datePublished":"2025-07-14T04:42:10+00:00","dateModified":"2026-04-01T22:06:41+00:00","breadcrumb":{"@id":"https:\/\/soymat.com\/producto\/juego-bocallaves-metricas-32-piezas-1-2-pulg-crossmaster\/#breadcrumb"},"inLanguage":"es-AR","potentialAction":[{"@type":"ReadAction","target":["https:\/\/soymat.com\/producto\/juego-bocallaves-metricas-32-piezas-1-2-pulg-crossmaster\/"]}]},{"@type":"ImageObject","inLanguage":"es-AR","@id":"https:\/\/soymat.com\/producto\/juego-bocallaves-metricas-32-piezas-1-2-pulg-crossmaster\/#primaryimage","url":"https:\/\/soymat.com\/wp-content\/uploads\/2025\/07\/9949965-scaled.jpg","contentUrl":"https:\/\/soymat.com\/wp-content\/uploads\/2025\/07\/9949965-scaled.jpg","width":2560,"height":2560},{"@type":"BreadcrumbList","@id":"https:\/\/soymat.com\/producto\/juego-bocallaves-metricas-32-piezas-1-2-pulg-crossmaster\/#breadcrumb","itemListElement":[{"@type":"ListItem","position":1,"name":"Portada","item":"https:\/\/soymat.com\/"},{"@type":"ListItem","position":2,"name":"Todos los Productos","item":"https:\/\/soymat.com\/shop\/"},{"@type":"ListItem","position":3,"name":"Juego Bocallaves M\u00e9tricas 32 Piezas 1\/2 PULG. &#8211; CROSSMASTER"}]},{"@type":"WebSite","@id":"https:\/\/soymat.com\/#website","url":"https:\/\/soymat.com\/","name":"So&Mat","description":"Empresa Dedicada a la protecci\u00f3n global contra incendio . matafuegos redes bombas,venta instalaci\u00f3n y service, protecci\u00f3n y confort laboral en todo concepto.","publisher":{"@id":"https:\/\/soymat.com\/#organization"},"alternateName":"So&Mat","potentialAction":[{"@type":"SearchAction","target":{"@type":"EntryPoint","urlTemplate":"https:\/\/soymat.com\/?s={search_term_string}"},"query-input":{"@type":"PropertyValueSpecification","valueRequired":true,"valueName":"search_term_string"}}],"inLanguage":"es-AR"},{"@type":"Organization","@id":"https:\/\/soymat.com\/#organization","name":"So&Mat","url":"https:\/\/soymat.com\/","logo":{"@type":"ImageObject","inLanguage":"es-AR","@id":"https:\/\/soymat.com\/#\/schema\/logo\/image\/","url":"https:\/\/soymat.com\/wp-content\/uploads\/2024\/08\/SoyMat.jpg","contentUrl":"https:\/\/soymat.com\/wp-content\/uploads\/2024\/08\/SoyMat.jpg","width":600,"height":236,"caption":"So&Mat"},"image":{"@id":"https:\/\/soymat.com\/#\/schema\/logo\/image\/"}}]}},"_links":{"self":[{"href":"https:\/\/soymat.com\/es\/wp-json\/wp\/v2\/product\/23082","targetHints":{"allow":["GET"]}}],"collection":[{"href":"https:\/\/soymat.com\/es\/wp-json\/wp\/v2\/product"}],"about":[{"href":"https:\/\/soymat.com\/es\/wp-json\/wp\/v2\/types\/product"}],"wp:featuredmedia":[{"embeddable":true,"href":"https:\/\/soymat.com\/es\/wp-json\/wp\/v2\/media\/23083"}],"wp:attachment":[{"href":"https:\/\/soymat.com\/es\/wp-json\/wp\/v2\/media?parent=23082"}],"wp:term":[{"taxonomy":"product_cat","embeddable":true,"href":"https:\/\/soymat.com\/es\/wp-json\/wp\/v2\/product_cat?post=23082"},{"taxonomy":"product_tag","embeddable":true,"href":"https:\/\/soymat.com\/es\/wp-json\/wp\/v2\/product_tag?post=23082"}],"curies":[{"name":"wp","href":"https:\/\/api.w.org\/{rel}","templated":true}]}}