{"id":23085,"date":"2025-07-14T01:47:29","date_gmt":"2025-07-14T04:47:29","guid":{"rendered":"https:\/\/soymat.com\/?post_type=product&#038;p=23085"},"modified":"2026-02-02T22:06:23","modified_gmt":"2026-02-03T01:06:23","slug":"juego-de-herramientas-de-mano-153-piezas-crossmaster","status":"publish","type":"product","link":"https:\/\/soymat.com\/es\/producto\/juego-de-herramientas-de-mano-153-piezas-crossmaster\/","title":{"rendered":"Juego de Herramientas de mano &#8211; 153 piezas &#8211; CROSSMASTER"},"content":{"rendered":"<p><strong>Juego de Herramientas de mano &#8211; 153 piezas &#8211; CROSSMASTER<\/strong><br \/>\nCod.: 9950001<\/p>\n<p><strong>30 pzs. Puntas Para Atornillador<\/strong> \u2013 Encastre 1\/4\u2033:<br \/>\nTorx:T8 \u2013 T10 \u2013 T15 \u2013 T20 \u2013 T25 \u2013 T27 \u2013 T30 \u2013 T35 \u2013 T40<br \/>\nCuadrado: S0 \u2013 S1 \u2013 S2 \u2013 S3 \u2013 AD<br \/>\nHexagonal: H2 \u2013 H2.5 \u2013 H3 \u2013 H4 \u2013 H5 \u2013 H6<br \/>\nPunta Plana: 3 \u2013 4 \u2013 5 \u2013 6 mm<br \/>\nPunta Phillips: PH1 \u2013 PH2 \u2013 PH3<br \/>\nPunta Pozi Drive: PZ1 \u2013 PZ2 \u2013 PZ3<\/p>\n<p>9 pzs. Bocallaves Hexagonales \u2013 Encastre 1\/4\u2033: 5 \u2013 6 \u2013 7 \u2013 8 \u2013 9 \u2013 10 \u2013 11 \u2013 12 \u2013 13 mm<br \/>\nLlave Crique \u2013 Expulsion Rapida- Encastre 1\/4\u2033<br \/>\nPorta Cuchilla Retr\u00e1ctil \u2013 18 mm<br \/>\n10 pzs. Hojas para Porta Cuchillas \u2013 18 mm<br \/>\nDestornillador Phillips \u2013 PH1 x 75 mm<br \/>\nDestornillador Phillips \u2013 PH2 x 100 mm<br \/>\nDestornillador Plano \u2013 5 x 75 mm<br \/>\nDestornillador Plano \u2013 6 x 100 mm<br \/>\nNivel Tipo Torpedo \u2013 230 mm<br \/>\n82 pzs. Accesorios (clavos \u2013 tacos para fijaci\u00f3n)<br \/>\nDestornillador Porta Puntas<br \/>\nMartillo Encofrador \u2013 230g<br \/>\n9 pzs. Llaves Hexagonales: 1.5 \u2013 2 \u2013 2.5 \u2013 3 \u2013 4 \u2013 5 \u2013 6 \u2013 8 \u2013 10 mm<br \/>\nPinza Pico de Loro \u2013 254 mm<br \/>\nPinza Universal \u2013 153 mm<br \/>\nAlicate Corte Diagonal \u2013 165 mm<\/p>","protected":false},"excerpt":{"rendered":"<p>Juego de Herramientas de mano &#8211; 153 piezas &#8211; CROSSMASTER Cod.: 9950001 30 pzs. Puntas Para Atornillador \u2013 Encastre 1\/4\u2033: Torx:T8 \u2013 T10 \u2013 T15 \u2013 T20 \u2013 T25 \u2013 T27 \u2013 T30 \u2013 T35 \u2013 T40 Cuadrado: S0 \u2013 S1 \u2013 S2 \u2013 S3 \u2013 AD Hexagonal: H2 \u2013 H2.5 \u2013 H3 \u2013 H4 [&hellip;]<\/p>\n","protected":false},"featured_media":23087,"template":"","meta":[],"product_cat":[191],"product_tag":[387,712,312,534,716,196],"class_list":{"0":"post-23085","1":"product","2":"type-product","3":"status-publish","4":"has-post-thumbnail","6":"product_brand-crossmaster-herramientas-de-mano-aficionado-profesional-industrial","7":"product_cat-maquinas-y-herramientas","8":"product_tag-emprendedor","9":"product_tag-herramientas-crossmaster","10":"product_tag-herramientas-de-mano","11":"product_tag-instalador","12":"product_tag-jego-de-herramientas","13":"product_tag-taller","15":"first","16":"instock","17":"taxable","18":"shipping-taxable","19":"purchasable","20":"product-type-simple","21":"add-to-wishlist-after_add_to_cart"},"yoast_head":"<!-- This site is optimized with the Yoast SEO Premium plugin v26.9 (Yoast SEO v26.9) - https:\/\/yoast.com\/product\/yoast-seo-premium-wordpress\/ -->\n<title>Juego de Herramientas de mano - 153 piezas - CROSSMASTER - SoyMat \u2013 Seguridad Industrial<\/title>\n<meta name=\"robots\" content=\"index, follow, max-snippet:-1, max-image-preview:large, max-video-preview:-1\" \/>\n<link rel=\"canonical\" href=\"https:\/\/soymat.com\/es\/producto\/juego-de-herramientas-de-mano-153-piezas-crossmaster\/\" \/>\n<meta property=\"og:locale\" content=\"es_ES\" \/>\n<meta property=\"og:type\" content=\"article\" \/>\n<meta property=\"og:title\" content=\"Juego de Herramientas de mano - 153 piezas - CROSSMASTER\" \/>\n<meta property=\"og:description\" content=\"Juego de Herramientas de mano &#8211; 153 piezas &#8211; CROSSMASTER Cod.: 9950001 30 pzs. Puntas Para Atornillador \u2013 Encastre 1\/4\u2033: Torx:T8 \u2013 T10 \u2013 T15 \u2013 T20 \u2013 T25 \u2013 T27 \u2013 T30 \u2013 T35 \u2013 T40 Cuadrado: S0 \u2013 S1 \u2013 S2 \u2013 S3 \u2013 AD Hexagonal: H2 \u2013 H2.5 \u2013 H3 \u2013 H4 [&hellip;]\" \/>\n<meta property=\"og:url\" content=\"https:\/\/soymat.com\/es\/producto\/juego-de-herramientas-de-mano-153-piezas-crossmaster\/\" \/>\n<meta property=\"og:site_name\" content=\"SoyMat \u2013 Seguridad Industrial\" \/>\n<meta property=\"article:modified_time\" content=\"2026-02-03T01:06:23+00:00\" \/>\n<meta property=\"og:image\" content=\"https:\/\/soymat.com\/wp-content\/uploads\/2025\/07\/9950001-scaled.jpg\" \/>\n\t<meta property=\"og:image:width\" content=\"2560\" \/>\n\t<meta property=\"og:image:height\" content=\"2560\" \/>\n\t<meta property=\"og:image:type\" content=\"image\/jpeg\" \/>\n<meta name=\"twitter:card\" content=\"summary_large_image\" \/>\n<meta name=\"twitter:label1\" content=\"Tiempo de lectura\" \/>\n\t<meta name=\"twitter:data1\" content=\"1 minuto\" \/>\n<script type=\"application\/ld+json\" class=\"yoast-schema-graph\">{\"@context\":\"https:\/\/schema.org\",\"@graph\":[{\"@type\":\"WebPage\",\"@id\":\"https:\/\/soymat.com\/producto\/juego-de-herramientas-de-mano-153-piezas-crossmaster\/\",\"url\":\"https:\/\/soymat.com\/producto\/juego-de-herramientas-de-mano-153-piezas-crossmaster\/\",\"name\":\"Juego de Herramientas de mano - 153 piezas - CROSSMASTER - SoyMat \u2013 Seguridad Industrial\",\"isPartOf\":{\"@id\":\"https:\/\/soymat.com\/#website\"},\"primaryImageOfPage\":{\"@id\":\"https:\/\/soymat.com\/producto\/juego-de-herramientas-de-mano-153-piezas-crossmaster\/#primaryimage\"},\"image\":{\"@id\":\"https:\/\/soymat.com\/producto\/juego-de-herramientas-de-mano-153-piezas-crossmaster\/#primaryimage\"},\"thumbnailUrl\":\"https:\/\/soymat.com\/wp-content\/uploads\/2025\/07\/9950001-scaled.jpg\",\"datePublished\":\"2025-07-14T04:47:29+00:00\",\"dateModified\":\"2026-02-03T01:06:23+00:00\",\"breadcrumb\":{\"@id\":\"https:\/\/soymat.com\/producto\/juego-de-herramientas-de-mano-153-piezas-crossmaster\/#breadcrumb\"},\"inLanguage\":\"es-AR\",\"potentialAction\":[{\"@type\":\"ReadAction\",\"target\":[\"https:\/\/soymat.com\/producto\/juego-de-herramientas-de-mano-153-piezas-crossmaster\/\"]}]},{\"@type\":\"ImageObject\",\"inLanguage\":\"es-AR\",\"@id\":\"https:\/\/soymat.com\/producto\/juego-de-herramientas-de-mano-153-piezas-crossmaster\/#primaryimage\",\"url\":\"https:\/\/soymat.com\/wp-content\/uploads\/2025\/07\/9950001-scaled.jpg\",\"contentUrl\":\"https:\/\/soymat.com\/wp-content\/uploads\/2025\/07\/9950001-scaled.jpg\",\"width\":2560,\"height\":2560},{\"@type\":\"BreadcrumbList\",\"@id\":\"https:\/\/soymat.com\/producto\/juego-de-herramientas-de-mano-153-piezas-crossmaster\/#breadcrumb\",\"itemListElement\":[{\"@type\":\"ListItem\",\"position\":1,\"name\":\"Portada\",\"item\":\"https:\/\/soymat.com\/\"},{\"@type\":\"ListItem\",\"position\":2,\"name\":\"Todos los Productos\",\"item\":\"https:\/\/soymat.com\/shop\/\"},{\"@type\":\"ListItem\",\"position\":3,\"name\":\"Juego de Herramientas de mano &#8211; 153 piezas &#8211; CROSSMASTER\"}]},{\"@type\":\"WebSite\",\"@id\":\"https:\/\/soymat.com\/#website\",\"url\":\"https:\/\/soymat.com\/\",\"name\":\"So&Mat\",\"description\":\"Empresa Dedicada a la protecci\u00f3n global contra incendio . matafuegos redes bombas,venta instalaci\u00f3n y service, protecci\u00f3n y confort laboral en todo concepto.\",\"publisher\":{\"@id\":\"https:\/\/soymat.com\/#organization\"},\"alternateName\":\"So&Mat\",\"potentialAction\":[{\"@type\":\"SearchAction\",\"target\":{\"@type\":\"EntryPoint\",\"urlTemplate\":\"https:\/\/soymat.com\/?s={search_term_string}\"},\"query-input\":{\"@type\":\"PropertyValueSpecification\",\"valueRequired\":true,\"valueName\":\"search_term_string\"}}],\"inLanguage\":\"es-AR\"},{\"@type\":\"Organization\",\"@id\":\"https:\/\/soymat.com\/#organization\",\"name\":\"So&Mat\",\"url\":\"https:\/\/soymat.com\/\",\"logo\":{\"@type\":\"ImageObject\",\"inLanguage\":\"es-AR\",\"@id\":\"https:\/\/soymat.com\/#\/schema\/logo\/image\/\",\"url\":\"https:\/\/soymat.com\/wp-content\/uploads\/2024\/08\/SoyMat.jpg\",\"contentUrl\":\"https:\/\/soymat.com\/wp-content\/uploads\/2024\/08\/SoyMat.jpg\",\"width\":600,\"height\":236,\"caption\":\"So&Mat\"},\"image\":{\"@id\":\"https:\/\/soymat.com\/#\/schema\/logo\/image\/\"}}]}<\/script>\n<!-- \/ Yoast SEO Premium plugin. -->","yoast_head_json":{"title":"Juego de Herramientas de mano - 153 piezas - CROSSMASTER - SoyMat \u2013 Seguridad Industrial","robots":{"index":"index","follow":"follow","max-snippet":"max-snippet:-1","max-image-preview":"max-image-preview:large","max-video-preview":"max-video-preview:-1"},"canonical":"https:\/\/soymat.com\/es\/producto\/juego-de-herramientas-de-mano-153-piezas-crossmaster\/","og_locale":"es_ES","og_type":"article","og_title":"Juego de Herramientas de mano - 153 piezas - CROSSMASTER","og_description":"Juego de Herramientas de mano &#8211; 153 piezas &#8211; CROSSMASTER Cod.: 9950001 30 pzs. Puntas Para Atornillador \u2013 Encastre 1\/4\u2033: Torx:T8 \u2013 T10 \u2013 T15 \u2013 T20 \u2013 T25 \u2013 T27 \u2013 T30 \u2013 T35 \u2013 T40 Cuadrado: S0 \u2013 S1 \u2013 S2 \u2013 S3 \u2013 AD Hexagonal: H2 \u2013 H2.5 \u2013 H3 \u2013 H4 [&hellip;]","og_url":"https:\/\/soymat.com\/es\/producto\/juego-de-herramientas-de-mano-153-piezas-crossmaster\/","og_site_name":"SoyMat \u2013 Seguridad Industrial","article_modified_time":"2026-02-03T01:06:23+00:00","og_image":[{"width":2560,"height":2560,"url":"https:\/\/soymat.com\/wp-content\/uploads\/2025\/07\/9950001-scaled.jpg","type":"image\/jpeg"}],"twitter_card":"summary_large_image","twitter_misc":{"Tiempo de lectura":"1 minuto"},"schema":{"@context":"https:\/\/schema.org","@graph":[{"@type":"WebPage","@id":"https:\/\/soymat.com\/producto\/juego-de-herramientas-de-mano-153-piezas-crossmaster\/","url":"https:\/\/soymat.com\/producto\/juego-de-herramientas-de-mano-153-piezas-crossmaster\/","name":"Juego de Herramientas de mano - 153 piezas - CROSSMASTER - SoyMat \u2013 Seguridad Industrial","isPartOf":{"@id":"https:\/\/soymat.com\/#website"},"primaryImageOfPage":{"@id":"https:\/\/soymat.com\/producto\/juego-de-herramientas-de-mano-153-piezas-crossmaster\/#primaryimage"},"image":{"@id":"https:\/\/soymat.com\/producto\/juego-de-herramientas-de-mano-153-piezas-crossmaster\/#primaryimage"},"thumbnailUrl":"https:\/\/soymat.com\/wp-content\/uploads\/2025\/07\/9950001-scaled.jpg","datePublished":"2025-07-14T04:47:29+00:00","dateModified":"2026-02-03T01:06:23+00:00","breadcrumb":{"@id":"https:\/\/soymat.com\/producto\/juego-de-herramientas-de-mano-153-piezas-crossmaster\/#breadcrumb"},"inLanguage":"es-AR","potentialAction":[{"@type":"ReadAction","target":["https:\/\/soymat.com\/producto\/juego-de-herramientas-de-mano-153-piezas-crossmaster\/"]}]},{"@type":"ImageObject","inLanguage":"es-AR","@id":"https:\/\/soymat.com\/producto\/juego-de-herramientas-de-mano-153-piezas-crossmaster\/#primaryimage","url":"https:\/\/soymat.com\/wp-content\/uploads\/2025\/07\/9950001-scaled.jpg","contentUrl":"https:\/\/soymat.com\/wp-content\/uploads\/2025\/07\/9950001-scaled.jpg","width":2560,"height":2560},{"@type":"BreadcrumbList","@id":"https:\/\/soymat.com\/producto\/juego-de-herramientas-de-mano-153-piezas-crossmaster\/#breadcrumb","itemListElement":[{"@type":"ListItem","position":1,"name":"Portada","item":"https:\/\/soymat.com\/"},{"@type":"ListItem","position":2,"name":"Todos los Productos","item":"https:\/\/soymat.com\/shop\/"},{"@type":"ListItem","position":3,"name":"Juego de Herramientas de mano &#8211; 153 piezas &#8211; CROSSMASTER"}]},{"@type":"WebSite","@id":"https:\/\/soymat.com\/#website","url":"https:\/\/soymat.com\/","name":"So&Mat","description":"Empresa Dedicada a la protecci\u00f3n global contra incendio . matafuegos redes bombas,venta instalaci\u00f3n y service, protecci\u00f3n y confort laboral en todo concepto.","publisher":{"@id":"https:\/\/soymat.com\/#organization"},"alternateName":"So&Mat","potentialAction":[{"@type":"SearchAction","target":{"@type":"EntryPoint","urlTemplate":"https:\/\/soymat.com\/?s={search_term_string}"},"query-input":{"@type":"PropertyValueSpecification","valueRequired":true,"valueName":"search_term_string"}}],"inLanguage":"es-AR"},{"@type":"Organization","@id":"https:\/\/soymat.com\/#organization","name":"So&Mat","url":"https:\/\/soymat.com\/","logo":{"@type":"ImageObject","inLanguage":"es-AR","@id":"https:\/\/soymat.com\/#\/schema\/logo\/image\/","url":"https:\/\/soymat.com\/wp-content\/uploads\/2024\/08\/SoyMat.jpg","contentUrl":"https:\/\/soymat.com\/wp-content\/uploads\/2024\/08\/SoyMat.jpg","width":600,"height":236,"caption":"So&Mat"},"image":{"@id":"https:\/\/soymat.com\/#\/schema\/logo\/image\/"}}]}},"_links":{"self":[{"href":"https:\/\/soymat.com\/es\/wp-json\/wp\/v2\/product\/23085","targetHints":{"allow":["GET"]}}],"collection":[{"href":"https:\/\/soymat.com\/es\/wp-json\/wp\/v2\/product"}],"about":[{"href":"https:\/\/soymat.com\/es\/wp-json\/wp\/v2\/types\/product"}],"wp:featuredmedia":[{"embeddable":true,"href":"https:\/\/soymat.com\/es\/wp-json\/wp\/v2\/media\/23087"}],"wp:attachment":[{"href":"https:\/\/soymat.com\/es\/wp-json\/wp\/v2\/media?parent=23085"}],"wp:term":[{"taxonomy":"product_cat","embeddable":true,"href":"https:\/\/soymat.com\/es\/wp-json\/wp\/v2\/product_cat?post=23085"},{"taxonomy":"product_tag","embeddable":true,"href":"https:\/\/soymat.com\/es\/wp-json\/wp\/v2\/product_tag?post=23085"}],"curies":[{"name":"wp","href":"https:\/\/api.w.org\/{rel}","templated":true}]}}