{"id":23088,"date":"2025-07-14T01:53:59","date_gmt":"2025-07-14T04:53:59","guid":{"rendered":"https:\/\/soymat.com\/?post_type=product&#038;p=23088"},"modified":"2026-04-01T19:06:37","modified_gmt":"2026-04-01T22:06:37","slug":"juego-de-herramientas-150-piezas-competition-crossmaster","status":"publish","type":"product","link":"https:\/\/soymat.com\/es\/producto\/juego-de-herramientas-150-piezas-competition-crossmaster\/","title":{"rendered":"Juego de Herramientas &#8211; 150 piezas &#8211; COMPETITION CROSSMASTER"},"content":{"rendered":"<p><strong>Juego de Herramientas &#8211; 150 piezas &#8211; COMPETITION CROSSMASTER<\/strong><br \/>\nCod.: 9950009<\/p>\n<p><strong>Encastre 1\/4\u2033<\/strong><\/p>\n<p>Cant. Nombre Detalles<br \/>\n1 Llave Crique 72 Dientes<br \/>\n11 Bocallaves Hexagonales 4 \u2013 4.5 \u2013 5 \u2013 5.5 \u2013 6 \u2013 7 \u2013 8 \u2013 9 \u2013 10 \u2013 11 \u2013 12 mm<br \/>\n9 Bocallaves Hexagonales Largas 4 \u2013 5 \u2013 6 \u2013 7 \u2013 8 \u2013 9 \u2013 10 \u2013 11 \u2013 12 mm<br \/>\n1 Barra de Extensi\u00f3n 50 mm<br \/>\n1 Barra de Extensi\u00f3n 100 mm<br \/>\n1 Movimiento Universal Articulado<br \/>\n1 Adaptador Bocallave Encastre de 1\/4\u2033 a 1\/4\u2033 Bit Hexagonal 50 mm<br \/>\n1 Destornillador Encastre 1\/4\u2033<\/p>\n<p><strong>Encastre 3\/8\u2033<\/strong><\/p>\n<p>Cant. Nombre Detalles<br \/>\n1 Llave Crique 72 Dientes<br \/>\n12 Bocallaves Hexagonales 8 \u2013 9 \u2013 10 \u2013 11 \u2013 12 \u2013 13 \u2013 14 \u2013 15 \u2013 16 \u2013 17 \u2013 18 \u2013 19 mm<br \/>\n10 Bocallaves Hexagonales Largas 8 \u2013 9 \u2013 10 \u2013 11 \u2013 12 \u2013 13 \u2013 14 \u2013 15 \u2013 17 \u2013 19 mm<br \/>\n8 Bocallaves E-Torx E8 \u2013 E10 \u2013 E11 \u2013 E12 \u2013 E14 \u2013 E16 \u2013 E18 \u2013 E20<br \/>\n1 Barra de Extensi\u00f3n 75 mm<br \/>\n1 Barra de Extensi\u00f3n 250 mm<br \/>\n1 Mango Deslizante \u201cT\u201d<br \/>\n1 Movimiento Universal Articulado<br \/>\n1 Adaptador Bocallave Encastre de 3\/8\u2033 H a 1\/4\u2033 M<br \/>\n4 Bocallaves Punta Plana (SL) SL3 \u2013 SL4 \u2013 SL5 \u2013 SL6<br \/>\n2 Bocallaves Punta Pozidrive (PZ) PZ1 \u2013 PZ2<br \/>\n2 Bocallaves Punta Phillips (PH) PH1 \u2013 PH2<br \/>\n7 Bocallaves Punta Torx (T) T10 \u2013 T15 \u2013 T20 \u2013 T25 \u2013 T27 \u2013 T30 \u2013 T40<\/p>\n<p><strong>Encastre 1\/2\u2033<\/strong><\/p>\n<p>Cant. Nombre Detalles<br \/>\n1 Llave Crique 72 Dientes<br \/>\n11 Bocallaves Hexagonales 14 \u2013 17 \u2013 18 \u2013 19 \u2013 20 \u2013 21 \u2013 22 \u2013 24 \u2013 27 \u2013 30 \u2013 32 mm<br \/>\n9 Bocallaves Hexagonales Largas 12 \u2013 13 \u2013 14 \u2013 15 \u2013 17 \u2013 18 \u2013 19 \u2013 21 \u2013 22 mm<br \/>\n4 Bocallaves de Impacto 17 \u2013 19 \u2013 21 \u2013 23 mm<br \/>\n1 Bocallave para Buj\u00eda 21mm<br \/>\n1 Bocallave para Buj\u00eda 16mm<br \/>\n1 Barra de Extensi\u00f3n 130 mm<br \/>\n1 Barra de Extensi\u00f3n 250 mm<br \/>\n1 Mango Deslizante \u201cT\u201d<br \/>\n1 Movimiento Universal Articulado<\/p>\n<p><strong>Herramientas<\/strong><\/p>\n<p>Cant. Nombre Detalles<br \/>\n10 Llaves Combinadas 8 \u2013 9 \u2013 10 \u2013 11 \u2013 12 \u2013 13 \u2013 14 \u2013 17 \u2013 18 \u2013 19 mm<br \/>\n3 Llave Combinada con Crique 12 \u2013 13 \u2013 14 mm<br \/>\n9 Juego de Llaves Hexagonales Largas 1.5 \u2013 2 \u2013 2.5 \u2013 3 \u2013 4 \u2013 5 \u2013 6 \u2013 8 \u2013 10 mm<br \/>\n1 Pinza de Combinaci\u00f3n 203 mm<br \/>\n1 Pinza de Punta Media Ca\u00f1a 165 mm<br \/>\n1 Destornillador Punta Plana \u2013 Demolici\u00f3n SL6 x 100 mm<br \/>\n1 Destornillador Punta Phillips \u2013 Demolici\u00f3n PH2 x 100 mm<br \/>\n1 Destornillador Punta Plana SL6 x 38 mm<br \/>\n1 Destornillador Punta Phillips PH2 x 38 mm<br \/>\n7 Puntas Torx para Atornillador 6 mm T10 \u2013 T15 \u2013 T20 \u2013 T25 \u2013 T27 \u2013 T30 \u2013 T40<br \/>\n7 Puntas Torx Tamper para Atornillador 6 mm T10 \u2013 T15 \u2013 T20 \u2013 T25 \u2013 T27 \u2013 T30 \u2013 T40<\/p>\n<p><strong>Caracter\u00edsticas del producto<\/strong><br \/>\nANCHO 50,5 Cm<br \/>\nALTO 37 Cm<br \/>\nLARGO 10,5 Cm<br \/>\nPESO 12,8 Kg<\/p>","protected":false},"excerpt":{"rendered":"<p>Juego de Herramientas &#8211; 150 piezas &#8211; COMPETITION CROSSMASTER Cod.: 9950009 Encastre 1\/4\u2033 Cant. Nombre Detalles 1 Llave Crique 72 Dientes 11 Bocallaves Hexagonales 4 \u2013 4.5 \u2013 5 \u2013 5.5 \u2013 6 \u2013 7 \u2013 8 \u2013 9 \u2013 10 \u2013 11 \u2013 12 mm 9 Bocallaves Hexagonales Largas 4 \u2013 5 \u2013 6 [&hellip;]<\/p>\n","protected":false},"featured_media":23090,"template":"","meta":[],"product_cat":[191],"product_tag":[209,712,349,717,359,196,307],"class_list":{"0":"post-23088","1":"product","2":"type-product","3":"status-publish","4":"has-post-thumbnail","6":"product_brand-crossmaster-herramientas-de-mano-aficionado-profesional-industrial","7":"product_cat-maquinas-y-herramientas","8":"product_tag-herramientas","9":"product_tag-herramientas-crossmaster","10":"product_tag-juego-de-bocallaves","11":"product_tag-maletin-de-herramientas","12":"product_tag-mecanica","13":"product_tag-taller","14":"product_tag-taller-mecanico","16":"first","17":"instock","18":"taxable","19":"shipping-taxable","20":"purchasable","21":"product-type-simple","22":"add-to-wishlist-after_add_to_cart"},"yoast_head":"<!-- This site is optimized with the Yoast SEO Premium plugin v26.9 (Yoast SEO v26.9) - https:\/\/yoast.com\/product\/yoast-seo-premium-wordpress\/ -->\n<title>Juego de Herramientas - 150 piezas - COMPETITION CROSSMASTER - SoyMat \u2013 Seguridad Industrial<\/title>\n<meta name=\"robots\" content=\"index, follow, max-snippet:-1, max-image-preview:large, max-video-preview:-1\" \/>\n<link rel=\"canonical\" href=\"https:\/\/soymat.com\/es\/producto\/juego-de-herramientas-150-piezas-competition-crossmaster\/\" \/>\n<meta property=\"og:locale\" content=\"es_ES\" \/>\n<meta property=\"og:type\" content=\"article\" \/>\n<meta property=\"og:title\" content=\"Juego de Herramientas - 150 piezas - COMPETITION CROSSMASTER\" \/>\n<meta property=\"og:description\" content=\"Juego de Herramientas &#8211; 150 piezas &#8211; COMPETITION CROSSMASTER Cod.: 9950009 Encastre 1\/4\u2033 Cant. Nombre Detalles 1 Llave Crique 72 Dientes 11 Bocallaves Hexagonales 4 \u2013 4.5 \u2013 5 \u2013 5.5 \u2013 6 \u2013 7 \u2013 8 \u2013 9 \u2013 10 \u2013 11 \u2013 12 mm 9 Bocallaves Hexagonales Largas 4 \u2013 5 \u2013 6 [&hellip;]\" \/>\n<meta property=\"og:url\" content=\"https:\/\/soymat.com\/es\/producto\/juego-de-herramientas-150-piezas-competition-crossmaster\/\" \/>\n<meta property=\"og:site_name\" content=\"SoyMat \u2013 Seguridad Industrial\" \/>\n<meta property=\"article:modified_time\" content=\"2026-04-01T22:06:37+00:00\" \/>\n<meta property=\"og:image\" content=\"https:\/\/soymat.com\/wp-content\/uploads\/2025\/07\/9950009.jpg\" \/>\n\t<meta property=\"og:image:width\" content=\"2000\" \/>\n\t<meta property=\"og:image:height\" content=\"2000\" \/>\n\t<meta property=\"og:image:type\" content=\"image\/jpeg\" \/>\n<meta name=\"twitter:card\" content=\"summary_large_image\" \/>\n<meta name=\"twitter:label1\" content=\"Tiempo de lectura\" \/>\n\t<meta name=\"twitter:data1\" content=\"3 minutos\" \/>\n<script type=\"application\/ld+json\" class=\"yoast-schema-graph\">{\"@context\":\"https:\/\/schema.org\",\"@graph\":[{\"@type\":\"WebPage\",\"@id\":\"https:\/\/soymat.com\/producto\/juego-de-herramientas-150-piezas-competition-crossmaster\/\",\"url\":\"https:\/\/soymat.com\/producto\/juego-de-herramientas-150-piezas-competition-crossmaster\/\",\"name\":\"Juego de Herramientas - 150 piezas - COMPETITION CROSSMASTER - SoyMat \u2013 Seguridad Industrial\",\"isPartOf\":{\"@id\":\"https:\/\/soymat.com\/#website\"},\"primaryImageOfPage\":{\"@id\":\"https:\/\/soymat.com\/producto\/juego-de-herramientas-150-piezas-competition-crossmaster\/#primaryimage\"},\"image\":{\"@id\":\"https:\/\/soymat.com\/producto\/juego-de-herramientas-150-piezas-competition-crossmaster\/#primaryimage\"},\"thumbnailUrl\":\"https:\/\/soymat.com\/wp-content\/uploads\/2025\/07\/9950009.jpg\",\"datePublished\":\"2025-07-14T04:53:59+00:00\",\"dateModified\":\"2026-04-01T22:06:37+00:00\",\"breadcrumb\":{\"@id\":\"https:\/\/soymat.com\/producto\/juego-de-herramientas-150-piezas-competition-crossmaster\/#breadcrumb\"},\"inLanguage\":\"es-AR\",\"potentialAction\":[{\"@type\":\"ReadAction\",\"target\":[\"https:\/\/soymat.com\/producto\/juego-de-herramientas-150-piezas-competition-crossmaster\/\"]}]},{\"@type\":\"ImageObject\",\"inLanguage\":\"es-AR\",\"@id\":\"https:\/\/soymat.com\/producto\/juego-de-herramientas-150-piezas-competition-crossmaster\/#primaryimage\",\"url\":\"https:\/\/soymat.com\/wp-content\/uploads\/2025\/07\/9950009.jpg\",\"contentUrl\":\"https:\/\/soymat.com\/wp-content\/uploads\/2025\/07\/9950009.jpg\",\"width\":2000,\"height\":2000},{\"@type\":\"BreadcrumbList\",\"@id\":\"https:\/\/soymat.com\/producto\/juego-de-herramientas-150-piezas-competition-crossmaster\/#breadcrumb\",\"itemListElement\":[{\"@type\":\"ListItem\",\"position\":1,\"name\":\"Portada\",\"item\":\"https:\/\/soymat.com\/\"},{\"@type\":\"ListItem\",\"position\":2,\"name\":\"Todos los Productos\",\"item\":\"https:\/\/soymat.com\/shop\/\"},{\"@type\":\"ListItem\",\"position\":3,\"name\":\"Juego de Herramientas &#8211; 150 piezas &#8211; COMPETITION CROSSMASTER\"}]},{\"@type\":\"WebSite\",\"@id\":\"https:\/\/soymat.com\/#website\",\"url\":\"https:\/\/soymat.com\/\",\"name\":\"So&Mat\",\"description\":\"Empresa Dedicada a la protecci\u00f3n global contra incendio . matafuegos redes bombas,venta instalaci\u00f3n y service, protecci\u00f3n y confort laboral en todo concepto.\",\"publisher\":{\"@id\":\"https:\/\/soymat.com\/#organization\"},\"alternateName\":\"So&Mat\",\"potentialAction\":[{\"@type\":\"SearchAction\",\"target\":{\"@type\":\"EntryPoint\",\"urlTemplate\":\"https:\/\/soymat.com\/?s={search_term_string}\"},\"query-input\":{\"@type\":\"PropertyValueSpecification\",\"valueRequired\":true,\"valueName\":\"search_term_string\"}}],\"inLanguage\":\"es-AR\"},{\"@type\":\"Organization\",\"@id\":\"https:\/\/soymat.com\/#organization\",\"name\":\"So&Mat\",\"url\":\"https:\/\/soymat.com\/\",\"logo\":{\"@type\":\"ImageObject\",\"inLanguage\":\"es-AR\",\"@id\":\"https:\/\/soymat.com\/#\/schema\/logo\/image\/\",\"url\":\"https:\/\/soymat.com\/wp-content\/uploads\/2024\/08\/SoyMat.jpg\",\"contentUrl\":\"https:\/\/soymat.com\/wp-content\/uploads\/2024\/08\/SoyMat.jpg\",\"width\":600,\"height\":236,\"caption\":\"So&Mat\"},\"image\":{\"@id\":\"https:\/\/soymat.com\/#\/schema\/logo\/image\/\"}}]}<\/script>\n<!-- \/ Yoast SEO Premium plugin. -->","yoast_head_json":{"title":"Juego de Herramientas - 150 piezas - COMPETITION CROSSMASTER - SoyMat \u2013 Seguridad Industrial","robots":{"index":"index","follow":"follow","max-snippet":"max-snippet:-1","max-image-preview":"max-image-preview:large","max-video-preview":"max-video-preview:-1"},"canonical":"https:\/\/soymat.com\/es\/producto\/juego-de-herramientas-150-piezas-competition-crossmaster\/","og_locale":"es_ES","og_type":"article","og_title":"Juego de Herramientas - 150 piezas - COMPETITION CROSSMASTER","og_description":"Juego de Herramientas &#8211; 150 piezas &#8211; COMPETITION CROSSMASTER Cod.: 9950009 Encastre 1\/4\u2033 Cant. Nombre Detalles 1 Llave Crique 72 Dientes 11 Bocallaves Hexagonales 4 \u2013 4.5 \u2013 5 \u2013 5.5 \u2013 6 \u2013 7 \u2013 8 \u2013 9 \u2013 10 \u2013 11 \u2013 12 mm 9 Bocallaves Hexagonales Largas 4 \u2013 5 \u2013 6 [&hellip;]","og_url":"https:\/\/soymat.com\/es\/producto\/juego-de-herramientas-150-piezas-competition-crossmaster\/","og_site_name":"SoyMat \u2013 Seguridad Industrial","article_modified_time":"2026-04-01T22:06:37+00:00","og_image":[{"width":2000,"height":2000,"url":"https:\/\/soymat.com\/wp-content\/uploads\/2025\/07\/9950009.jpg","type":"image\/jpeg"}],"twitter_card":"summary_large_image","twitter_misc":{"Tiempo de lectura":"3 minutos"},"schema":{"@context":"https:\/\/schema.org","@graph":[{"@type":"WebPage","@id":"https:\/\/soymat.com\/producto\/juego-de-herramientas-150-piezas-competition-crossmaster\/","url":"https:\/\/soymat.com\/producto\/juego-de-herramientas-150-piezas-competition-crossmaster\/","name":"Juego de Herramientas - 150 piezas - COMPETITION CROSSMASTER - SoyMat \u2013 Seguridad Industrial","isPartOf":{"@id":"https:\/\/soymat.com\/#website"},"primaryImageOfPage":{"@id":"https:\/\/soymat.com\/producto\/juego-de-herramientas-150-piezas-competition-crossmaster\/#primaryimage"},"image":{"@id":"https:\/\/soymat.com\/producto\/juego-de-herramientas-150-piezas-competition-crossmaster\/#primaryimage"},"thumbnailUrl":"https:\/\/soymat.com\/wp-content\/uploads\/2025\/07\/9950009.jpg","datePublished":"2025-07-14T04:53:59+00:00","dateModified":"2026-04-01T22:06:37+00:00","breadcrumb":{"@id":"https:\/\/soymat.com\/producto\/juego-de-herramientas-150-piezas-competition-crossmaster\/#breadcrumb"},"inLanguage":"es-AR","potentialAction":[{"@type":"ReadAction","target":["https:\/\/soymat.com\/producto\/juego-de-herramientas-150-piezas-competition-crossmaster\/"]}]},{"@type":"ImageObject","inLanguage":"es-AR","@id":"https:\/\/soymat.com\/producto\/juego-de-herramientas-150-piezas-competition-crossmaster\/#primaryimage","url":"https:\/\/soymat.com\/wp-content\/uploads\/2025\/07\/9950009.jpg","contentUrl":"https:\/\/soymat.com\/wp-content\/uploads\/2025\/07\/9950009.jpg","width":2000,"height":2000},{"@type":"BreadcrumbList","@id":"https:\/\/soymat.com\/producto\/juego-de-herramientas-150-piezas-competition-crossmaster\/#breadcrumb","itemListElement":[{"@type":"ListItem","position":1,"name":"Portada","item":"https:\/\/soymat.com\/"},{"@type":"ListItem","position":2,"name":"Todos los Productos","item":"https:\/\/soymat.com\/shop\/"},{"@type":"ListItem","position":3,"name":"Juego de Herramientas &#8211; 150 piezas &#8211; COMPETITION CROSSMASTER"}]},{"@type":"WebSite","@id":"https:\/\/soymat.com\/#website","url":"https:\/\/soymat.com\/","name":"So&Mat","description":"Empresa Dedicada a la protecci\u00f3n global contra incendio . matafuegos redes bombas,venta instalaci\u00f3n y service, protecci\u00f3n y confort laboral en todo concepto.","publisher":{"@id":"https:\/\/soymat.com\/#organization"},"alternateName":"So&Mat","potentialAction":[{"@type":"SearchAction","target":{"@type":"EntryPoint","urlTemplate":"https:\/\/soymat.com\/?s={search_term_string}"},"query-input":{"@type":"PropertyValueSpecification","valueRequired":true,"valueName":"search_term_string"}}],"inLanguage":"es-AR"},{"@type":"Organization","@id":"https:\/\/soymat.com\/#organization","name":"So&Mat","url":"https:\/\/soymat.com\/","logo":{"@type":"ImageObject","inLanguage":"es-AR","@id":"https:\/\/soymat.com\/#\/schema\/logo\/image\/","url":"https:\/\/soymat.com\/wp-content\/uploads\/2024\/08\/SoyMat.jpg","contentUrl":"https:\/\/soymat.com\/wp-content\/uploads\/2024\/08\/SoyMat.jpg","width":600,"height":236,"caption":"So&Mat"},"image":{"@id":"https:\/\/soymat.com\/#\/schema\/logo\/image\/"}}]}},"_links":{"self":[{"href":"https:\/\/soymat.com\/es\/wp-json\/wp\/v2\/product\/23088","targetHints":{"allow":["GET"]}}],"collection":[{"href":"https:\/\/soymat.com\/es\/wp-json\/wp\/v2\/product"}],"about":[{"href":"https:\/\/soymat.com\/es\/wp-json\/wp\/v2\/types\/product"}],"wp:featuredmedia":[{"embeddable":true,"href":"https:\/\/soymat.com\/es\/wp-json\/wp\/v2\/media\/23090"}],"wp:attachment":[{"href":"https:\/\/soymat.com\/es\/wp-json\/wp\/v2\/media?parent=23088"}],"wp:term":[{"taxonomy":"product_cat","embeddable":true,"href":"https:\/\/soymat.com\/es\/wp-json\/wp\/v2\/product_cat?post=23088"},{"taxonomy":"product_tag","embeddable":true,"href":"https:\/\/soymat.com\/es\/wp-json\/wp\/v2\/product_tag?post=23088"}],"curies":[{"name":"wp","href":"https:\/\/api.w.org\/{rel}","templated":true}]}}