{"id":23104,"date":"2025-07-18T20:49:56","date_gmt":"2025-07-18T23:49:56","guid":{"rendered":"https:\/\/soymat.com\/?post_type=product&#038;p=23104"},"modified":"2025-11-05T07:08:34","modified_gmt":"2025-11-05T10:08:34","slug":"apilador-manual-industrial-2tn-lusqtoff","status":"publish","type":"product","link":"https:\/\/soymat.com\/es\/producto\/apilador-manual-industrial-2tn-lusqtoff\/","title":{"rendered":"Apilador Manual Industrial &#8211; 2Tn &#8211; Lusqtoff"},"content":{"rendered":"<p><strong>Apilador Manual Industrial &#8211; 2Tn &#8211; Lusqtoff<\/strong><br \/>\nCod.: CTY2T-1.6M<\/p>\n<p>\u2022 Capacidad de carga: 2000 kg.<br \/>\n\u2022 Elevaci\u00f3n m\u00e1xima: 1,6 mts.<br \/>\n\u2022 Elevaci\u00f3n m\u00ednima: 0,85 mts.<br \/>\n\u2022 Altura Total: 2,10 mts.<br \/>\n\u2022 Centro de gravedad: a 50 cm.<br \/>\n\u2022 Altura m\u00ednima de u\u00f1as: 9 cm.<br \/>\n\u2022 Longitud de las u\u00f1as: 90 cm.<br \/>\n\u2022 Ancho entre u\u00f1as: 71 cm.<br \/>\n\u2022 Velocidad de elevaci\u00f3n: 2 cm<br \/>\npor movimiento de bombeo<br \/>\n\u2022 Radio de giro: 1,25 mts<br \/>\n\u2022 Ancho total 1,0 mts<br \/>\n\u2022 Largo total: 1,40 mts<br \/>\n\u2022 De uso profesional<br \/>\n\u2022 Peso: 170 kg.<br \/>\n\u2022 Elevaciones:<br \/>\nA 1700 kg. &#8211; 30 cm.<br \/>\nA 850 kg. &#8211; 100 cm.<br \/>\nA 300 kg. &#8211; 150 cm.<\/p>","protected":false},"excerpt":{"rendered":"<p>Apilador Manual Industrial &#8211; 2Tn &#8211; Lusqtoff Cod.: CTY2T-1.6M \u2022 Capacidad de carga: 2000 kg. \u2022 Elevaci\u00f3n m\u00e1xima: 1,6 mts. \u2022 Elevaci\u00f3n m\u00ednima: 0,85 mts. \u2022 Altura Total: 2,10 mts. \u2022 Centro de gravedad: a 50 cm. \u2022 Altura m\u00ednima de u\u00f1as: 9 cm. \u2022 Longitud de las u\u00f1as: 90 cm. \u2022 Ancho entre u\u00f1as: [&hellip;]<\/p>\n","protected":false},"featured_media":23106,"template":"","meta":[],"product_cat":[191],"product_tag":[632,718,497,482,719],"class_list":{"0":"post-23104","1":"product","2":"type-product","3":"status-publish","4":"has-post-thumbnail","6":"product_brand-lusqtoff-maquinas-y-herramientas-electricas-manuales","7":"product_cat-maquinas-y-herramientas","8":"product_tag-depositos","9":"product_tag-elevador-de-mercaderia","10":"product_tag-logistica","11":"product_tag-lusqtoff","12":"product_tag-transporte","14":"first","15":"instock","16":"taxable","17":"shipping-taxable","18":"purchasable","19":"product-type-simple","20":"add-to-wishlist-after_add_to_cart"},"yoast_head":"<!-- This site is optimized with the Yoast SEO Premium plugin v26.9 (Yoast SEO v26.9) - https:\/\/yoast.com\/product\/yoast-seo-premium-wordpress\/ -->\n<title>Apilador Manual Industrial - 2Tn - Lusqtoff - SoyMat \u2013 Seguridad Industrial<\/title>\n<meta name=\"robots\" content=\"index, follow, max-snippet:-1, max-image-preview:large, max-video-preview:-1\" \/>\n<link rel=\"canonical\" href=\"https:\/\/soymat.com\/es\/producto\/apilador-manual-industrial-2tn-lusqtoff\/\" \/>\n<meta property=\"og:locale\" content=\"es_ES\" \/>\n<meta property=\"og:type\" content=\"article\" \/>\n<meta property=\"og:title\" content=\"Apilador Manual Industrial - 2Tn - Lusqtoff\" \/>\n<meta property=\"og:description\" content=\"Apilador Manual Industrial &#8211; 2Tn &#8211; Lusqtoff Cod.: CTY2T-1.6M \u2022 Capacidad de carga: 2000 kg. \u2022 Elevaci\u00f3n m\u00e1xima: 1,6 mts. \u2022 Elevaci\u00f3n m\u00ednima: 0,85 mts. \u2022 Altura Total: 2,10 mts. \u2022 Centro de gravedad: a 50 cm. \u2022 Altura m\u00ednima de u\u00f1as: 9 cm. \u2022 Longitud de las u\u00f1as: 90 cm. \u2022 Ancho entre u\u00f1as: [&hellip;]\" \/>\n<meta property=\"og:url\" content=\"https:\/\/soymat.com\/es\/producto\/apilador-manual-industrial-2tn-lusqtoff\/\" \/>\n<meta property=\"og:site_name\" content=\"SoyMat \u2013 Seguridad Industrial\" \/>\n<meta property=\"article:modified_time\" content=\"2025-11-05T10:08:34+00:00\" \/>\n<meta property=\"og:image\" content=\"https:\/\/soymat.com\/wp-content\/uploads\/2025\/07\/CTY2T-1-6M_-APILADOR-MANUAL.jpg\" \/>\n\t<meta property=\"og:image:width\" content=\"700\" \/>\n\t<meta property=\"og:image:height\" content=\"700\" \/>\n\t<meta property=\"og:image:type\" content=\"image\/jpeg\" \/>\n<meta name=\"twitter:card\" content=\"summary_large_image\" \/>\n<meta name=\"twitter:label1\" content=\"Tiempo de lectura\" \/>\n\t<meta name=\"twitter:data1\" content=\"1 minuto\" \/>\n<script type=\"application\/ld+json\" class=\"yoast-schema-graph\">{\"@context\":\"https:\/\/schema.org\",\"@graph\":[{\"@type\":\"WebPage\",\"@id\":\"https:\/\/soymat.com\/producto\/apilador-manual-industrial-2tn-lusqtoff\/\",\"url\":\"https:\/\/soymat.com\/producto\/apilador-manual-industrial-2tn-lusqtoff\/\",\"name\":\"Apilador Manual Industrial - 2Tn - Lusqtoff - SoyMat \u2013 Seguridad Industrial\",\"isPartOf\":{\"@id\":\"https:\/\/soymat.com\/#website\"},\"primaryImageOfPage\":{\"@id\":\"https:\/\/soymat.com\/producto\/apilador-manual-industrial-2tn-lusqtoff\/#primaryimage\"},\"image\":{\"@id\":\"https:\/\/soymat.com\/producto\/apilador-manual-industrial-2tn-lusqtoff\/#primaryimage\"},\"thumbnailUrl\":\"https:\/\/soymat.com\/wp-content\/uploads\/2025\/07\/CTY2T-1-6M_-APILADOR-MANUAL.jpg\",\"datePublished\":\"2025-07-18T23:49:56+00:00\",\"dateModified\":\"2025-11-05T10:08:34+00:00\",\"breadcrumb\":{\"@id\":\"https:\/\/soymat.com\/producto\/apilador-manual-industrial-2tn-lusqtoff\/#breadcrumb\"},\"inLanguage\":\"es-AR\",\"potentialAction\":[{\"@type\":\"ReadAction\",\"target\":[\"https:\/\/soymat.com\/producto\/apilador-manual-industrial-2tn-lusqtoff\/\"]}]},{\"@type\":\"ImageObject\",\"inLanguage\":\"es-AR\",\"@id\":\"https:\/\/soymat.com\/producto\/apilador-manual-industrial-2tn-lusqtoff\/#primaryimage\",\"url\":\"https:\/\/soymat.com\/wp-content\/uploads\/2025\/07\/CTY2T-1-6M_-APILADOR-MANUAL.jpg\",\"contentUrl\":\"https:\/\/soymat.com\/wp-content\/uploads\/2025\/07\/CTY2T-1-6M_-APILADOR-MANUAL.jpg\",\"width\":700,\"height\":700},{\"@type\":\"BreadcrumbList\",\"@id\":\"https:\/\/soymat.com\/producto\/apilador-manual-industrial-2tn-lusqtoff\/#breadcrumb\",\"itemListElement\":[{\"@type\":\"ListItem\",\"position\":1,\"name\":\"Portada\",\"item\":\"https:\/\/soymat.com\/\"},{\"@type\":\"ListItem\",\"position\":2,\"name\":\"Todos los Productos\",\"item\":\"https:\/\/soymat.com\/shop\/\"},{\"@type\":\"ListItem\",\"position\":3,\"name\":\"Apilador Manual Industrial &#8211; 2Tn &#8211; Lusqtoff\"}]},{\"@type\":\"WebSite\",\"@id\":\"https:\/\/soymat.com\/#website\",\"url\":\"https:\/\/soymat.com\/\",\"name\":\"So&Mat\",\"description\":\"Empresa Dedicada a la protecci\u00f3n global contra incendio . matafuegos redes bombas,venta instalaci\u00f3n y service, protecci\u00f3n y confort laboral en todo concepto.\",\"publisher\":{\"@id\":\"https:\/\/soymat.com\/#organization\"},\"alternateName\":\"So&Mat\",\"potentialAction\":[{\"@type\":\"SearchAction\",\"target\":{\"@type\":\"EntryPoint\",\"urlTemplate\":\"https:\/\/soymat.com\/?s={search_term_string}\"},\"query-input\":{\"@type\":\"PropertyValueSpecification\",\"valueRequired\":true,\"valueName\":\"search_term_string\"}}],\"inLanguage\":\"es-AR\"},{\"@type\":\"Organization\",\"@id\":\"https:\/\/soymat.com\/#organization\",\"name\":\"So&Mat\",\"url\":\"https:\/\/soymat.com\/\",\"logo\":{\"@type\":\"ImageObject\",\"inLanguage\":\"es-AR\",\"@id\":\"https:\/\/soymat.com\/#\/schema\/logo\/image\/\",\"url\":\"https:\/\/soymat.com\/wp-content\/uploads\/2024\/08\/SoyMat.jpg\",\"contentUrl\":\"https:\/\/soymat.com\/wp-content\/uploads\/2024\/08\/SoyMat.jpg\",\"width\":600,\"height\":236,\"caption\":\"So&Mat\"},\"image\":{\"@id\":\"https:\/\/soymat.com\/#\/schema\/logo\/image\/\"}}]}<\/script>\n<!-- \/ Yoast SEO Premium plugin. -->","yoast_head_json":{"title":"Apilador Manual Industrial - 2Tn - Lusqtoff - SoyMat \u2013 Seguridad Industrial","robots":{"index":"index","follow":"follow","max-snippet":"max-snippet:-1","max-image-preview":"max-image-preview:large","max-video-preview":"max-video-preview:-1"},"canonical":"https:\/\/soymat.com\/es\/producto\/apilador-manual-industrial-2tn-lusqtoff\/","og_locale":"es_ES","og_type":"article","og_title":"Apilador Manual Industrial - 2Tn - Lusqtoff","og_description":"Apilador Manual Industrial &#8211; 2Tn &#8211; Lusqtoff Cod.: CTY2T-1.6M \u2022 Capacidad de carga: 2000 kg. \u2022 Elevaci\u00f3n m\u00e1xima: 1,6 mts. \u2022 Elevaci\u00f3n m\u00ednima: 0,85 mts. \u2022 Altura Total: 2,10 mts. \u2022 Centro de gravedad: a 50 cm. \u2022 Altura m\u00ednima de u\u00f1as: 9 cm. \u2022 Longitud de las u\u00f1as: 90 cm. \u2022 Ancho entre u\u00f1as: [&hellip;]","og_url":"https:\/\/soymat.com\/es\/producto\/apilador-manual-industrial-2tn-lusqtoff\/","og_site_name":"SoyMat \u2013 Seguridad Industrial","article_modified_time":"2025-11-05T10:08:34+00:00","og_image":[{"width":700,"height":700,"url":"https:\/\/soymat.com\/wp-content\/uploads\/2025\/07\/CTY2T-1-6M_-APILADOR-MANUAL.jpg","type":"image\/jpeg"}],"twitter_card":"summary_large_image","twitter_misc":{"Tiempo de lectura":"1 minuto"},"schema":{"@context":"https:\/\/schema.org","@graph":[{"@type":"WebPage","@id":"https:\/\/soymat.com\/producto\/apilador-manual-industrial-2tn-lusqtoff\/","url":"https:\/\/soymat.com\/producto\/apilador-manual-industrial-2tn-lusqtoff\/","name":"Apilador Manual Industrial - 2Tn - Lusqtoff - SoyMat \u2013 Seguridad Industrial","isPartOf":{"@id":"https:\/\/soymat.com\/#website"},"primaryImageOfPage":{"@id":"https:\/\/soymat.com\/producto\/apilador-manual-industrial-2tn-lusqtoff\/#primaryimage"},"image":{"@id":"https:\/\/soymat.com\/producto\/apilador-manual-industrial-2tn-lusqtoff\/#primaryimage"},"thumbnailUrl":"https:\/\/soymat.com\/wp-content\/uploads\/2025\/07\/CTY2T-1-6M_-APILADOR-MANUAL.jpg","datePublished":"2025-07-18T23:49:56+00:00","dateModified":"2025-11-05T10:08:34+00:00","breadcrumb":{"@id":"https:\/\/soymat.com\/producto\/apilador-manual-industrial-2tn-lusqtoff\/#breadcrumb"},"inLanguage":"es-AR","potentialAction":[{"@type":"ReadAction","target":["https:\/\/soymat.com\/producto\/apilador-manual-industrial-2tn-lusqtoff\/"]}]},{"@type":"ImageObject","inLanguage":"es-AR","@id":"https:\/\/soymat.com\/producto\/apilador-manual-industrial-2tn-lusqtoff\/#primaryimage","url":"https:\/\/soymat.com\/wp-content\/uploads\/2025\/07\/CTY2T-1-6M_-APILADOR-MANUAL.jpg","contentUrl":"https:\/\/soymat.com\/wp-content\/uploads\/2025\/07\/CTY2T-1-6M_-APILADOR-MANUAL.jpg","width":700,"height":700},{"@type":"BreadcrumbList","@id":"https:\/\/soymat.com\/producto\/apilador-manual-industrial-2tn-lusqtoff\/#breadcrumb","itemListElement":[{"@type":"ListItem","position":1,"name":"Portada","item":"https:\/\/soymat.com\/"},{"@type":"ListItem","position":2,"name":"Todos los Productos","item":"https:\/\/soymat.com\/shop\/"},{"@type":"ListItem","position":3,"name":"Apilador Manual Industrial &#8211; 2Tn &#8211; Lusqtoff"}]},{"@type":"WebSite","@id":"https:\/\/soymat.com\/#website","url":"https:\/\/soymat.com\/","name":"So&Mat","description":"Empresa Dedicada a la protecci\u00f3n global contra incendio . matafuegos redes bombas,venta instalaci\u00f3n y service, protecci\u00f3n y confort laboral en todo concepto.","publisher":{"@id":"https:\/\/soymat.com\/#organization"},"alternateName":"So&Mat","potentialAction":[{"@type":"SearchAction","target":{"@type":"EntryPoint","urlTemplate":"https:\/\/soymat.com\/?s={search_term_string}"},"query-input":{"@type":"PropertyValueSpecification","valueRequired":true,"valueName":"search_term_string"}}],"inLanguage":"es-AR"},{"@type":"Organization","@id":"https:\/\/soymat.com\/#organization","name":"So&Mat","url":"https:\/\/soymat.com\/","logo":{"@type":"ImageObject","inLanguage":"es-AR","@id":"https:\/\/soymat.com\/#\/schema\/logo\/image\/","url":"https:\/\/soymat.com\/wp-content\/uploads\/2024\/08\/SoyMat.jpg","contentUrl":"https:\/\/soymat.com\/wp-content\/uploads\/2024\/08\/SoyMat.jpg","width":600,"height":236,"caption":"So&Mat"},"image":{"@id":"https:\/\/soymat.com\/#\/schema\/logo\/image\/"}}]}},"_links":{"self":[{"href":"https:\/\/soymat.com\/es\/wp-json\/wp\/v2\/product\/23104","targetHints":{"allow":["GET"]}}],"collection":[{"href":"https:\/\/soymat.com\/es\/wp-json\/wp\/v2\/product"}],"about":[{"href":"https:\/\/soymat.com\/es\/wp-json\/wp\/v2\/types\/product"}],"wp:featuredmedia":[{"embeddable":true,"href":"https:\/\/soymat.com\/es\/wp-json\/wp\/v2\/media\/23106"}],"wp:attachment":[{"href":"https:\/\/soymat.com\/es\/wp-json\/wp\/v2\/media?parent=23104"}],"wp:term":[{"taxonomy":"product_cat","embeddable":true,"href":"https:\/\/soymat.com\/es\/wp-json\/wp\/v2\/product_cat?post=23104"},{"taxonomy":"product_tag","embeddable":true,"href":"https:\/\/soymat.com\/es\/wp-json\/wp\/v2\/product_tag?post=23104"}],"curies":[{"name":"wp","href":"https:\/\/api.w.org\/{rel}","templated":true}]}}