{"id":23107,"date":"2025-07-18T20:59:35","date_gmt":"2025-07-18T23:59:35","guid":{"rendered":"https:\/\/soymat.com\/?post_type=product&#038;p=23107"},"modified":"2025-11-05T07:08:32","modified_gmt":"2025-11-05T10:08:32","slug":"atornillador-durlock-con-tope-de-profundidad-710w-hasta-4000rpm-lusqtoff","status":"publish","type":"product","link":"https:\/\/soymat.com\/es\/producto\/atornillador-durlock-con-tope-de-profundidad-710w-hasta-4000rpm-lusqtoff\/","title":{"rendered":"Atornillador Durlock con tope de Profundidad &#8211; 710W &#8211; Hasta 4000RPM &#8211; Lusqtoff"},"content":{"rendered":"<p><strong>Atornillador Durlock con tope de Profundidad &#8211; 710W &#8211; Hasta 4000RPM &#8211; Lusqtoff<\/strong><br \/>\nCod.: ATL710-8<\/p>\n<p><strong>Ficha t\u00e9cnica<\/strong><\/p>\n<p>\u2022 Tensi\u00f3n: 220 V ~ 50 Hz<br \/>\n\u2022 Potencia: 710 W<br \/>\n\u2022 Velocidad: 0 &#8211; 4000 Rpm<br \/>\n\u2022 Encastre: 1\/4\u00bb hexagonal<br \/>\n\u2022 Di\u00e1metro m\u00e1ximo de tornillo: 6 mm<br \/>\n\u2022 Montados 10% sobre rodamientos<br \/>\n\u2022 Torque: 9 Nm<br \/>\n\u2022 Caja de engranaje met\u00e1lica<br \/>\n\u2022 Peso: 1,8 kg<\/p>\n<p><strong>Caracter\u00edsticas<\/strong><\/p>\n<p>\u2022 Amplio interruptor con selector de velocidad.<br \/>\n\u2022 Dise\u00f1o ergon\u00f3mico con sujetador para cintur\u00f3n.<br \/>\n\u2022 Mayor potencia: 710 W.<br \/>\n\u2022 Ajuste de profundidad, con regulador por tope.<\/p>","protected":false},"excerpt":{"rendered":"<p>Atornillador Durlock con tope de Profundidad &#8211; 710W &#8211; Hasta 4000RPM &#8211; Lusqtoff Cod.: ATL710-8 Ficha t\u00e9cnica \u2022 Tensi\u00f3n: 220 V ~ 50 Hz \u2022 Potencia: 710 W \u2022 Velocidad: 0 &#8211; 4000 Rpm \u2022 Encastre: 1\/4\u00bb hexagonal \u2022 Di\u00e1metro m\u00e1ximo de tornillo: 6 mm \u2022 Montados 10% sobre rodamientos \u2022 Torque: 9 Nm \u2022 [&hellip;]<\/p>\n","protected":false},"featured_media":23108,"template":"","meta":[],"product_cat":[191],"product_tag":[197,724,720,209,453,413,721,482,722,723,200],"class_list":{"0":"post-23107","1":"product","2":"type-product","3":"status-publish","4":"has-post-thumbnail","6":"product_brand-lusqtoff-maquinas-y-herramientas-electricas-manuales","7":"product_cat-maquinas-y-herramientas","8":"product_tag-atornillador","9":"product_tag-construccion-en-seco","10":"product_tag-durlok","11":"product_tag-herramientas","12":"product_tag-herramientas-electricas","13":"product_tag-instaladores","14":"product_tag-knauff","15":"product_tag-lusqtoff","16":"product_tag-placas-de-yeso","17":"product_tag-steel-frame","18":"product_tag-taladros","20":"first","21":"instock","22":"taxable","23":"shipping-taxable","24":"purchasable","25":"product-type-simple","26":"add-to-wishlist-after_add_to_cart"},"yoast_head":"<!-- This site is optimized with the Yoast SEO Premium plugin v26.9 (Yoast SEO v26.9) - https:\/\/yoast.com\/product\/yoast-seo-premium-wordpress\/ -->\n<title>Atornillador Durlock con tope de Profundidad - 710W - Hasta 4000RPM - Lusqtoff - SoyMat \u2013 Seguridad Industrial<\/title>\n<meta name=\"robots\" content=\"index, follow, max-snippet:-1, max-image-preview:large, max-video-preview:-1\" \/>\n<link rel=\"canonical\" href=\"https:\/\/soymat.com\/es\/producto\/atornillador-durlock-con-tope-de-profundidad-710w-hasta-4000rpm-lusqtoff\/\" \/>\n<meta property=\"og:locale\" content=\"es_ES\" \/>\n<meta property=\"og:type\" content=\"article\" \/>\n<meta property=\"og:title\" content=\"Atornillador Durlock con tope de Profundidad - 710W - Hasta 4000RPM - Lusqtoff\" \/>\n<meta property=\"og:description\" content=\"Atornillador Durlock con tope de Profundidad &#8211; 710W &#8211; Hasta 4000RPM &#8211; Lusqtoff Cod.: ATL710-8 Ficha t\u00e9cnica \u2022 Tensi\u00f3n: 220 V ~ 50 Hz \u2022 Potencia: 710 W \u2022 Velocidad: 0 &#8211; 4000 Rpm \u2022 Encastre: 1\/4\u00bb hexagonal \u2022 Di\u00e1metro m\u00e1ximo de tornillo: 6 mm \u2022 Montados 10% sobre rodamientos \u2022 Torque: 9 Nm \u2022 [&hellip;]\" \/>\n<meta property=\"og:url\" content=\"https:\/\/soymat.com\/es\/producto\/atornillador-durlock-con-tope-de-profundidad-710w-hasta-4000rpm-lusqtoff\/\" \/>\n<meta property=\"og:site_name\" content=\"SoyMat \u2013 Seguridad Industrial\" \/>\n<meta property=\"article:modified_time\" content=\"2025-11-05T10:08:32+00:00\" \/>\n<meta property=\"og:image\" content=\"https:\/\/soymat.com\/wp-content\/uploads\/2025\/07\/atl710-8-atornillador-durlok-1.jpg\" \/>\n\t<meta property=\"og:image:width\" content=\"1000\" \/>\n\t<meta property=\"og:image:height\" content=\"1000\" \/>\n\t<meta property=\"og:image:type\" content=\"image\/jpeg\" \/>\n<meta name=\"twitter:card\" content=\"summary_large_image\" \/>\n<meta name=\"twitter:label1\" content=\"Tiempo de lectura\" \/>\n\t<meta name=\"twitter:data1\" content=\"1 minuto\" \/>\n<script type=\"application\/ld+json\" class=\"yoast-schema-graph\">{\"@context\":\"https:\/\/schema.org\",\"@graph\":[{\"@type\":\"WebPage\",\"@id\":\"https:\/\/soymat.com\/producto\/atornillador-durlock-con-tope-de-profundidad-710w-hasta-4000rpm-lusqtoff\/\",\"url\":\"https:\/\/soymat.com\/producto\/atornillador-durlock-con-tope-de-profundidad-710w-hasta-4000rpm-lusqtoff\/\",\"name\":\"Atornillador Durlock con tope de Profundidad - 710W - Hasta 4000RPM - Lusqtoff - SoyMat \u2013 Seguridad Industrial\",\"isPartOf\":{\"@id\":\"https:\/\/soymat.com\/#website\"},\"primaryImageOfPage\":{\"@id\":\"https:\/\/soymat.com\/producto\/atornillador-durlock-con-tope-de-profundidad-710w-hasta-4000rpm-lusqtoff\/#primaryimage\"},\"image\":{\"@id\":\"https:\/\/soymat.com\/producto\/atornillador-durlock-con-tope-de-profundidad-710w-hasta-4000rpm-lusqtoff\/#primaryimage\"},\"thumbnailUrl\":\"https:\/\/soymat.com\/wp-content\/uploads\/2025\/07\/atl710-8-atornillador-durlok-1.jpg\",\"datePublished\":\"2025-07-18T23:59:35+00:00\",\"dateModified\":\"2025-11-05T10:08:32+00:00\",\"breadcrumb\":{\"@id\":\"https:\/\/soymat.com\/producto\/atornillador-durlock-con-tope-de-profundidad-710w-hasta-4000rpm-lusqtoff\/#breadcrumb\"},\"inLanguage\":\"es-AR\",\"potentialAction\":[{\"@type\":\"ReadAction\",\"target\":[\"https:\/\/soymat.com\/producto\/atornillador-durlock-con-tope-de-profundidad-710w-hasta-4000rpm-lusqtoff\/\"]}]},{\"@type\":\"ImageObject\",\"inLanguage\":\"es-AR\",\"@id\":\"https:\/\/soymat.com\/producto\/atornillador-durlock-con-tope-de-profundidad-710w-hasta-4000rpm-lusqtoff\/#primaryimage\",\"url\":\"https:\/\/soymat.com\/wp-content\/uploads\/2025\/07\/atl710-8-atornillador-durlok-1.jpg\",\"contentUrl\":\"https:\/\/soymat.com\/wp-content\/uploads\/2025\/07\/atl710-8-atornillador-durlok-1.jpg\",\"width\":1000,\"height\":1000},{\"@type\":\"BreadcrumbList\",\"@id\":\"https:\/\/soymat.com\/producto\/atornillador-durlock-con-tope-de-profundidad-710w-hasta-4000rpm-lusqtoff\/#breadcrumb\",\"itemListElement\":[{\"@type\":\"ListItem\",\"position\":1,\"name\":\"Portada\",\"item\":\"https:\/\/soymat.com\/\"},{\"@type\":\"ListItem\",\"position\":2,\"name\":\"Todos los Productos\",\"item\":\"https:\/\/soymat.com\/shop\/\"},{\"@type\":\"ListItem\",\"position\":3,\"name\":\"Atornillador Durlock con tope de Profundidad &#8211; 710W &#8211; Hasta 4000RPM &#8211; Lusqtoff\"}]},{\"@type\":\"WebSite\",\"@id\":\"https:\/\/soymat.com\/#website\",\"url\":\"https:\/\/soymat.com\/\",\"name\":\"So&Mat\",\"description\":\"Empresa Dedicada a la protecci\u00f3n global contra incendio . matafuegos redes bombas,venta instalaci\u00f3n y service, protecci\u00f3n y confort laboral en todo concepto.\",\"publisher\":{\"@id\":\"https:\/\/soymat.com\/#organization\"},\"alternateName\":\"So&Mat\",\"potentialAction\":[{\"@type\":\"SearchAction\",\"target\":{\"@type\":\"EntryPoint\",\"urlTemplate\":\"https:\/\/soymat.com\/?s={search_term_string}\"},\"query-input\":{\"@type\":\"PropertyValueSpecification\",\"valueRequired\":true,\"valueName\":\"search_term_string\"}}],\"inLanguage\":\"es-AR\"},{\"@type\":\"Organization\",\"@id\":\"https:\/\/soymat.com\/#organization\",\"name\":\"So&Mat\",\"url\":\"https:\/\/soymat.com\/\",\"logo\":{\"@type\":\"ImageObject\",\"inLanguage\":\"es-AR\",\"@id\":\"https:\/\/soymat.com\/#\/schema\/logo\/image\/\",\"url\":\"https:\/\/soymat.com\/wp-content\/uploads\/2024\/08\/SoyMat.jpg\",\"contentUrl\":\"https:\/\/soymat.com\/wp-content\/uploads\/2024\/08\/SoyMat.jpg\",\"width\":600,\"height\":236,\"caption\":\"So&Mat\"},\"image\":{\"@id\":\"https:\/\/soymat.com\/#\/schema\/logo\/image\/\"}}]}<\/script>\n<!-- \/ Yoast SEO Premium plugin. -->","yoast_head_json":{"title":"Atornillador Durlock con tope de Profundidad - 710W - Hasta 4000RPM - Lusqtoff - SoyMat \u2013 Seguridad Industrial","robots":{"index":"index","follow":"follow","max-snippet":"max-snippet:-1","max-image-preview":"max-image-preview:large","max-video-preview":"max-video-preview:-1"},"canonical":"https:\/\/soymat.com\/es\/producto\/atornillador-durlock-con-tope-de-profundidad-710w-hasta-4000rpm-lusqtoff\/","og_locale":"es_ES","og_type":"article","og_title":"Atornillador Durlock con tope de Profundidad - 710W - Hasta 4000RPM - Lusqtoff","og_description":"Atornillador Durlock con tope de Profundidad &#8211; 710W &#8211; Hasta 4000RPM &#8211; Lusqtoff Cod.: ATL710-8 Ficha t\u00e9cnica \u2022 Tensi\u00f3n: 220 V ~ 50 Hz \u2022 Potencia: 710 W \u2022 Velocidad: 0 &#8211; 4000 Rpm \u2022 Encastre: 1\/4\u00bb hexagonal \u2022 Di\u00e1metro m\u00e1ximo de tornillo: 6 mm \u2022 Montados 10% sobre rodamientos \u2022 Torque: 9 Nm \u2022 [&hellip;]","og_url":"https:\/\/soymat.com\/es\/producto\/atornillador-durlock-con-tope-de-profundidad-710w-hasta-4000rpm-lusqtoff\/","og_site_name":"SoyMat \u2013 Seguridad Industrial","article_modified_time":"2025-11-05T10:08:32+00:00","og_image":[{"width":1000,"height":1000,"url":"https:\/\/soymat.com\/wp-content\/uploads\/2025\/07\/atl710-8-atornillador-durlok-1.jpg","type":"image\/jpeg"}],"twitter_card":"summary_large_image","twitter_misc":{"Tiempo de lectura":"1 minuto"},"schema":{"@context":"https:\/\/schema.org","@graph":[{"@type":"WebPage","@id":"https:\/\/soymat.com\/producto\/atornillador-durlock-con-tope-de-profundidad-710w-hasta-4000rpm-lusqtoff\/","url":"https:\/\/soymat.com\/producto\/atornillador-durlock-con-tope-de-profundidad-710w-hasta-4000rpm-lusqtoff\/","name":"Atornillador Durlock con tope de Profundidad - 710W - Hasta 4000RPM - Lusqtoff - SoyMat \u2013 Seguridad Industrial","isPartOf":{"@id":"https:\/\/soymat.com\/#website"},"primaryImageOfPage":{"@id":"https:\/\/soymat.com\/producto\/atornillador-durlock-con-tope-de-profundidad-710w-hasta-4000rpm-lusqtoff\/#primaryimage"},"image":{"@id":"https:\/\/soymat.com\/producto\/atornillador-durlock-con-tope-de-profundidad-710w-hasta-4000rpm-lusqtoff\/#primaryimage"},"thumbnailUrl":"https:\/\/soymat.com\/wp-content\/uploads\/2025\/07\/atl710-8-atornillador-durlok-1.jpg","datePublished":"2025-07-18T23:59:35+00:00","dateModified":"2025-11-05T10:08:32+00:00","breadcrumb":{"@id":"https:\/\/soymat.com\/producto\/atornillador-durlock-con-tope-de-profundidad-710w-hasta-4000rpm-lusqtoff\/#breadcrumb"},"inLanguage":"es-AR","potentialAction":[{"@type":"ReadAction","target":["https:\/\/soymat.com\/producto\/atornillador-durlock-con-tope-de-profundidad-710w-hasta-4000rpm-lusqtoff\/"]}]},{"@type":"ImageObject","inLanguage":"es-AR","@id":"https:\/\/soymat.com\/producto\/atornillador-durlock-con-tope-de-profundidad-710w-hasta-4000rpm-lusqtoff\/#primaryimage","url":"https:\/\/soymat.com\/wp-content\/uploads\/2025\/07\/atl710-8-atornillador-durlok-1.jpg","contentUrl":"https:\/\/soymat.com\/wp-content\/uploads\/2025\/07\/atl710-8-atornillador-durlok-1.jpg","width":1000,"height":1000},{"@type":"BreadcrumbList","@id":"https:\/\/soymat.com\/producto\/atornillador-durlock-con-tope-de-profundidad-710w-hasta-4000rpm-lusqtoff\/#breadcrumb","itemListElement":[{"@type":"ListItem","position":1,"name":"Portada","item":"https:\/\/soymat.com\/"},{"@type":"ListItem","position":2,"name":"Todos los Productos","item":"https:\/\/soymat.com\/shop\/"},{"@type":"ListItem","position":3,"name":"Atornillador Durlock con tope de Profundidad &#8211; 710W &#8211; Hasta 4000RPM &#8211; Lusqtoff"}]},{"@type":"WebSite","@id":"https:\/\/soymat.com\/#website","url":"https:\/\/soymat.com\/","name":"So&Mat","description":"Empresa Dedicada a la protecci\u00f3n global contra incendio . matafuegos redes bombas,venta instalaci\u00f3n y service, protecci\u00f3n y confort laboral en todo concepto.","publisher":{"@id":"https:\/\/soymat.com\/#organization"},"alternateName":"So&Mat","potentialAction":[{"@type":"SearchAction","target":{"@type":"EntryPoint","urlTemplate":"https:\/\/soymat.com\/?s={search_term_string}"},"query-input":{"@type":"PropertyValueSpecification","valueRequired":true,"valueName":"search_term_string"}}],"inLanguage":"es-AR"},{"@type":"Organization","@id":"https:\/\/soymat.com\/#organization","name":"So&Mat","url":"https:\/\/soymat.com\/","logo":{"@type":"ImageObject","inLanguage":"es-AR","@id":"https:\/\/soymat.com\/#\/schema\/logo\/image\/","url":"https:\/\/soymat.com\/wp-content\/uploads\/2024\/08\/SoyMat.jpg","contentUrl":"https:\/\/soymat.com\/wp-content\/uploads\/2024\/08\/SoyMat.jpg","width":600,"height":236,"caption":"So&Mat"},"image":{"@id":"https:\/\/soymat.com\/#\/schema\/logo\/image\/"}}]}},"_links":{"self":[{"href":"https:\/\/soymat.com\/es\/wp-json\/wp\/v2\/product\/23107","targetHints":{"allow":["GET"]}}],"collection":[{"href":"https:\/\/soymat.com\/es\/wp-json\/wp\/v2\/product"}],"about":[{"href":"https:\/\/soymat.com\/es\/wp-json\/wp\/v2\/types\/product"}],"wp:featuredmedia":[{"embeddable":true,"href":"https:\/\/soymat.com\/es\/wp-json\/wp\/v2\/media\/23108"}],"wp:attachment":[{"href":"https:\/\/soymat.com\/es\/wp-json\/wp\/v2\/media?parent=23107"}],"wp:term":[{"taxonomy":"product_cat","embeddable":true,"href":"https:\/\/soymat.com\/es\/wp-json\/wp\/v2\/product_cat?post=23107"},{"taxonomy":"product_tag","embeddable":true,"href":"https:\/\/soymat.com\/es\/wp-json\/wp\/v2\/product_tag?post=23107"}],"curies":[{"name":"wp","href":"https:\/\/api.w.org\/{rel}","templated":true}]}}