{"id":23113,"date":"2025-07-18T21:03:51","date_gmt":"2025-07-19T00:03:51","guid":{"rendered":"https:\/\/soymat.com\/?post_type=product&#038;p=23113"},"modified":"2025-11-05T07:08:29","modified_gmt":"2025-11-05T10:08:29","slug":"bordeadora-electrica-pro-1000w-lusqtoff","status":"publish","type":"product","link":"https:\/\/soymat.com\/es\/producto\/bordeadora-electrica-pro-1000w-lusqtoff\/","title":{"rendered":"Bordeadora El\u00e9ctrica Pro &#8211; 1000W &#8211; Lusqtoff"},"content":{"rendered":"<p><strong>Bordeadora El\u00e9ctrica Pro &#8211; 1000W &#8211; Lusqtoff<\/strong><br \/>\nCod.: BL1000-8<\/p>\n<p><strong>Ficha t\u00e9cnica<\/strong><br \/>\n\u2022 Potencia: 1000 W<br \/>\n\u2022 Tensi\u00f3n: 220 V ~ 50 Hz<br \/>\n\u2022 Rotaci\u00f3n M\u00e1x. 6800 RPM<br \/>\n\u2022 Capacidad del porta tanza: 5 mts<br \/>\n\u2022 Di\u00e1metro m\u00e1x. de Tanza: 2 mm<br \/>\n\u2022 Di\u00e1metro de corte: 350 mm<br \/>\n\u2022 Fuente de alimentaci\u00f3n: Electricidad<br \/>\n\u2022 Peso: 4,3 kg<\/p>\n<p><strong>Caracter\u00edsticas<\/strong><br \/>\n\u2022 Uso semi profesional.<br \/>\n\u2022 Liviana.<br \/>\n\u2022 Para superficies peque\u00f1as.<\/p>","protected":false},"excerpt":{"rendered":"<p>Bordeadora El\u00e9ctrica Pro &#8211; 1000W &#8211; Lusqtoff Cod.: BL1000-8 Ficha t\u00e9cnica \u2022 Potencia: 1000 W \u2022 Tensi\u00f3n: 220 V ~ 50 Hz \u2022 Rotaci\u00f3n M\u00e1x. 6800 RPM \u2022 Capacidad del porta tanza: 5 mts \u2022 Di\u00e1metro m\u00e1x. de Tanza: 2 mm \u2022 Di\u00e1metro de corte: 350 mm \u2022 Fuente de alimentaci\u00f3n: Electricidad \u2022 Peso: 4,3 [&hellip;]<\/p>\n","protected":false},"featured_media":23114,"template":"","meta":[],"product_cat":[191],"product_tag":[522,725,220,726,482],"class_list":{"0":"post-23113","1":"product","2":"type-product","3":"status-publish","4":"has-post-thumbnail","6":"product_brand-lusqtoff-maquinas-y-herramientas-electricas-manuales","7":"product_cat-maquinas-y-herramientas","8":"product_tag-bordeadora","9":"product_tag-corte-de-cesped","10":"product_tag-jardineria","11":"product_tag-jardinero","12":"product_tag-lusqtoff","14":"first","15":"outofstock","16":"taxable","17":"shipping-taxable","18":"purchasable","19":"product-type-simple","20":"add-to-wishlist-after_add_to_cart"},"yoast_head":"<!-- This site is optimized with the Yoast SEO Premium plugin v26.9 (Yoast SEO v26.9) - https:\/\/yoast.com\/product\/yoast-seo-premium-wordpress\/ -->\n<title>Bordeadora El\u00e9ctrica Pro - 1000W - Lusqtoff - SoyMat \u2013 Seguridad Industrial<\/title>\n<meta name=\"robots\" content=\"index, follow, max-snippet:-1, max-image-preview:large, max-video-preview:-1\" \/>\n<link rel=\"canonical\" href=\"https:\/\/soymat.com\/es\/producto\/bordeadora-electrica-pro-1000w-lusqtoff\/\" \/>\n<meta property=\"og:locale\" content=\"es_ES\" \/>\n<meta property=\"og:type\" content=\"article\" \/>\n<meta property=\"og:title\" content=\"Bordeadora El\u00e9ctrica Pro - 1000W - Lusqtoff\" \/>\n<meta property=\"og:description\" content=\"Bordeadora El\u00e9ctrica Pro &#8211; 1000W &#8211; Lusqtoff Cod.: BL1000-8 Ficha t\u00e9cnica \u2022 Potencia: 1000 W \u2022 Tensi\u00f3n: 220 V ~ 50 Hz \u2022 Rotaci\u00f3n M\u00e1x. 6800 RPM \u2022 Capacidad del porta tanza: 5 mts \u2022 Di\u00e1metro m\u00e1x. de Tanza: 2 mm \u2022 Di\u00e1metro de corte: 350 mm \u2022 Fuente de alimentaci\u00f3n: Electricidad \u2022 Peso: 4,3 [&hellip;]\" \/>\n<meta property=\"og:url\" content=\"https:\/\/soymat.com\/es\/producto\/bordeadora-electrica-pro-1000w-lusqtoff\/\" \/>\n<meta property=\"og:site_name\" content=\"SoyMat \u2013 Seguridad Industrial\" \/>\n<meta property=\"article:modified_time\" content=\"2025-11-05T10:08:29+00:00\" \/>\n<meta property=\"og:image\" content=\"https:\/\/soymat.com\/wp-content\/uploads\/2025\/07\/BL1000-8-bordeadora-1.jpg\" \/>\n\t<meta property=\"og:image:width\" content=\"1875\" \/>\n\t<meta property=\"og:image:height\" content=\"1875\" \/>\n\t<meta property=\"og:image:type\" content=\"image\/jpeg\" \/>\n<meta name=\"twitter:card\" content=\"summary_large_image\" \/>\n<meta name=\"twitter:label1\" content=\"Tiempo de lectura\" \/>\n\t<meta name=\"twitter:data1\" content=\"1 minuto\" \/>\n<script type=\"application\/ld+json\" class=\"yoast-schema-graph\">{\"@context\":\"https:\/\/schema.org\",\"@graph\":[{\"@type\":\"WebPage\",\"@id\":\"https:\/\/soymat.com\/producto\/bordeadora-electrica-pro-1000w-lusqtoff\/\",\"url\":\"https:\/\/soymat.com\/producto\/bordeadora-electrica-pro-1000w-lusqtoff\/\",\"name\":\"Bordeadora El\u00e9ctrica Pro - 1000W - Lusqtoff - SoyMat \u2013 Seguridad Industrial\",\"isPartOf\":{\"@id\":\"https:\/\/soymat.com\/#website\"},\"primaryImageOfPage\":{\"@id\":\"https:\/\/soymat.com\/producto\/bordeadora-electrica-pro-1000w-lusqtoff\/#primaryimage\"},\"image\":{\"@id\":\"https:\/\/soymat.com\/producto\/bordeadora-electrica-pro-1000w-lusqtoff\/#primaryimage\"},\"thumbnailUrl\":\"https:\/\/soymat.com\/wp-content\/uploads\/2025\/07\/BL1000-8-bordeadora-1.jpg\",\"datePublished\":\"2025-07-19T00:03:51+00:00\",\"dateModified\":\"2025-11-05T10:08:29+00:00\",\"breadcrumb\":{\"@id\":\"https:\/\/soymat.com\/producto\/bordeadora-electrica-pro-1000w-lusqtoff\/#breadcrumb\"},\"inLanguage\":\"es-AR\",\"potentialAction\":[{\"@type\":\"ReadAction\",\"target\":[\"https:\/\/soymat.com\/producto\/bordeadora-electrica-pro-1000w-lusqtoff\/\"]}]},{\"@type\":\"ImageObject\",\"inLanguage\":\"es-AR\",\"@id\":\"https:\/\/soymat.com\/producto\/bordeadora-electrica-pro-1000w-lusqtoff\/#primaryimage\",\"url\":\"https:\/\/soymat.com\/wp-content\/uploads\/2025\/07\/BL1000-8-bordeadora-1.jpg\",\"contentUrl\":\"https:\/\/soymat.com\/wp-content\/uploads\/2025\/07\/BL1000-8-bordeadora-1.jpg\",\"width\":1875,\"height\":1875},{\"@type\":\"BreadcrumbList\",\"@id\":\"https:\/\/soymat.com\/producto\/bordeadora-electrica-pro-1000w-lusqtoff\/#breadcrumb\",\"itemListElement\":[{\"@type\":\"ListItem\",\"position\":1,\"name\":\"Portada\",\"item\":\"https:\/\/soymat.com\/\"},{\"@type\":\"ListItem\",\"position\":2,\"name\":\"Todos los Productos\",\"item\":\"https:\/\/soymat.com\/shop\/\"},{\"@type\":\"ListItem\",\"position\":3,\"name\":\"Bordeadora El\u00e9ctrica Pro &#8211; 1000W &#8211; Lusqtoff\"}]},{\"@type\":\"WebSite\",\"@id\":\"https:\/\/soymat.com\/#website\",\"url\":\"https:\/\/soymat.com\/\",\"name\":\"So&Mat\",\"description\":\"Empresa Dedicada a la protecci\u00f3n global contra incendio . matafuegos redes bombas,venta instalaci\u00f3n y service, protecci\u00f3n y confort laboral en todo concepto.\",\"publisher\":{\"@id\":\"https:\/\/soymat.com\/#organization\"},\"alternateName\":\"So&Mat\",\"potentialAction\":[{\"@type\":\"SearchAction\",\"target\":{\"@type\":\"EntryPoint\",\"urlTemplate\":\"https:\/\/soymat.com\/?s={search_term_string}\"},\"query-input\":{\"@type\":\"PropertyValueSpecification\",\"valueRequired\":true,\"valueName\":\"search_term_string\"}}],\"inLanguage\":\"es-AR\"},{\"@type\":\"Organization\",\"@id\":\"https:\/\/soymat.com\/#organization\",\"name\":\"So&Mat\",\"url\":\"https:\/\/soymat.com\/\",\"logo\":{\"@type\":\"ImageObject\",\"inLanguage\":\"es-AR\",\"@id\":\"https:\/\/soymat.com\/#\/schema\/logo\/image\/\",\"url\":\"https:\/\/soymat.com\/wp-content\/uploads\/2024\/08\/SoyMat.jpg\",\"contentUrl\":\"https:\/\/soymat.com\/wp-content\/uploads\/2024\/08\/SoyMat.jpg\",\"width\":600,\"height\":236,\"caption\":\"So&Mat\"},\"image\":{\"@id\":\"https:\/\/soymat.com\/#\/schema\/logo\/image\/\"}}]}<\/script>\n<!-- \/ Yoast SEO Premium plugin. -->","yoast_head_json":{"title":"Bordeadora El\u00e9ctrica Pro - 1000W - Lusqtoff - SoyMat \u2013 Seguridad Industrial","robots":{"index":"index","follow":"follow","max-snippet":"max-snippet:-1","max-image-preview":"max-image-preview:large","max-video-preview":"max-video-preview:-1"},"canonical":"https:\/\/soymat.com\/es\/producto\/bordeadora-electrica-pro-1000w-lusqtoff\/","og_locale":"es_ES","og_type":"article","og_title":"Bordeadora El\u00e9ctrica Pro - 1000W - Lusqtoff","og_description":"Bordeadora El\u00e9ctrica Pro &#8211; 1000W &#8211; Lusqtoff Cod.: BL1000-8 Ficha t\u00e9cnica \u2022 Potencia: 1000 W \u2022 Tensi\u00f3n: 220 V ~ 50 Hz \u2022 Rotaci\u00f3n M\u00e1x. 6800 RPM \u2022 Capacidad del porta tanza: 5 mts \u2022 Di\u00e1metro m\u00e1x. de Tanza: 2 mm \u2022 Di\u00e1metro de corte: 350 mm \u2022 Fuente de alimentaci\u00f3n: Electricidad \u2022 Peso: 4,3 [&hellip;]","og_url":"https:\/\/soymat.com\/es\/producto\/bordeadora-electrica-pro-1000w-lusqtoff\/","og_site_name":"SoyMat \u2013 Seguridad Industrial","article_modified_time":"2025-11-05T10:08:29+00:00","og_image":[{"width":1875,"height":1875,"url":"https:\/\/soymat.com\/wp-content\/uploads\/2025\/07\/BL1000-8-bordeadora-1.jpg","type":"image\/jpeg"}],"twitter_card":"summary_large_image","twitter_misc":{"Tiempo de lectura":"1 minuto"},"schema":{"@context":"https:\/\/schema.org","@graph":[{"@type":"WebPage","@id":"https:\/\/soymat.com\/producto\/bordeadora-electrica-pro-1000w-lusqtoff\/","url":"https:\/\/soymat.com\/producto\/bordeadora-electrica-pro-1000w-lusqtoff\/","name":"Bordeadora El\u00e9ctrica Pro - 1000W - Lusqtoff - SoyMat \u2013 Seguridad Industrial","isPartOf":{"@id":"https:\/\/soymat.com\/#website"},"primaryImageOfPage":{"@id":"https:\/\/soymat.com\/producto\/bordeadora-electrica-pro-1000w-lusqtoff\/#primaryimage"},"image":{"@id":"https:\/\/soymat.com\/producto\/bordeadora-electrica-pro-1000w-lusqtoff\/#primaryimage"},"thumbnailUrl":"https:\/\/soymat.com\/wp-content\/uploads\/2025\/07\/BL1000-8-bordeadora-1.jpg","datePublished":"2025-07-19T00:03:51+00:00","dateModified":"2025-11-05T10:08:29+00:00","breadcrumb":{"@id":"https:\/\/soymat.com\/producto\/bordeadora-electrica-pro-1000w-lusqtoff\/#breadcrumb"},"inLanguage":"es-AR","potentialAction":[{"@type":"ReadAction","target":["https:\/\/soymat.com\/producto\/bordeadora-electrica-pro-1000w-lusqtoff\/"]}]},{"@type":"ImageObject","inLanguage":"es-AR","@id":"https:\/\/soymat.com\/producto\/bordeadora-electrica-pro-1000w-lusqtoff\/#primaryimage","url":"https:\/\/soymat.com\/wp-content\/uploads\/2025\/07\/BL1000-8-bordeadora-1.jpg","contentUrl":"https:\/\/soymat.com\/wp-content\/uploads\/2025\/07\/BL1000-8-bordeadora-1.jpg","width":1875,"height":1875},{"@type":"BreadcrumbList","@id":"https:\/\/soymat.com\/producto\/bordeadora-electrica-pro-1000w-lusqtoff\/#breadcrumb","itemListElement":[{"@type":"ListItem","position":1,"name":"Portada","item":"https:\/\/soymat.com\/"},{"@type":"ListItem","position":2,"name":"Todos los Productos","item":"https:\/\/soymat.com\/shop\/"},{"@type":"ListItem","position":3,"name":"Bordeadora El\u00e9ctrica Pro &#8211; 1000W &#8211; Lusqtoff"}]},{"@type":"WebSite","@id":"https:\/\/soymat.com\/#website","url":"https:\/\/soymat.com\/","name":"So&Mat","description":"Empresa Dedicada a la protecci\u00f3n global contra incendio . matafuegos redes bombas,venta instalaci\u00f3n y service, protecci\u00f3n y confort laboral en todo concepto.","publisher":{"@id":"https:\/\/soymat.com\/#organization"},"alternateName":"So&Mat","potentialAction":[{"@type":"SearchAction","target":{"@type":"EntryPoint","urlTemplate":"https:\/\/soymat.com\/?s={search_term_string}"},"query-input":{"@type":"PropertyValueSpecification","valueRequired":true,"valueName":"search_term_string"}}],"inLanguage":"es-AR"},{"@type":"Organization","@id":"https:\/\/soymat.com\/#organization","name":"So&Mat","url":"https:\/\/soymat.com\/","logo":{"@type":"ImageObject","inLanguage":"es-AR","@id":"https:\/\/soymat.com\/#\/schema\/logo\/image\/","url":"https:\/\/soymat.com\/wp-content\/uploads\/2024\/08\/SoyMat.jpg","contentUrl":"https:\/\/soymat.com\/wp-content\/uploads\/2024\/08\/SoyMat.jpg","width":600,"height":236,"caption":"So&Mat"},"image":{"@id":"https:\/\/soymat.com\/#\/schema\/logo\/image\/"}}]}},"_links":{"self":[{"href":"https:\/\/soymat.com\/es\/wp-json\/wp\/v2\/product\/23113","targetHints":{"allow":["GET"]}}],"collection":[{"href":"https:\/\/soymat.com\/es\/wp-json\/wp\/v2\/product"}],"about":[{"href":"https:\/\/soymat.com\/es\/wp-json\/wp\/v2\/types\/product"}],"wp:featuredmedia":[{"embeddable":true,"href":"https:\/\/soymat.com\/es\/wp-json\/wp\/v2\/media\/23114"}],"wp:attachment":[{"href":"https:\/\/soymat.com\/es\/wp-json\/wp\/v2\/media?parent=23113"}],"wp:term":[{"taxonomy":"product_cat","embeddable":true,"href":"https:\/\/soymat.com\/es\/wp-json\/wp\/v2\/product_cat?post=23113"},{"taxonomy":"product_tag","embeddable":true,"href":"https:\/\/soymat.com\/es\/wp-json\/wp\/v2\/product_tag?post=23113"}],"curies":[{"name":"wp","href":"https:\/\/api.w.org\/{rel}","templated":true}]}}