{"id":23122,"date":"2025-07-18T21:28:22","date_gmt":"2025-07-19T00:28:22","guid":{"rendered":"https:\/\/soymat.com\/?post_type=product&#038;p=23122"},"modified":"2025-11-05T07:08:24","modified_gmt":"2025-11-05T10:08:24","slug":"cargador-arrancador-c-control-remoto-lusqtoff","status":"publish","type":"product","link":"https:\/\/soymat.com\/es\/producto\/cargador-arrancador-c-control-remoto-lusqtoff\/","title":{"rendered":"Cargador Arrancador c\/Control Remoto &#8211; Lusqtoff"},"content":{"rendered":"<p><strong>Cargador Arrancador c\/Control Remoto &#8211; Lusqtoff<\/strong><br \/>\nCod.: LCC-1000<\/p>\n<p><strong>Ficha t\u00e9cnica<\/strong><\/p>\n<p>\u2022 Voltaje: 220 V &#8211; 50 Hz.<br \/>\n\u2022 Potencia: 2500 W<br \/>\n\u2022 M\u00e1x. voltaje de salida: 76 V<br \/>\n\u2022 Salida: cargador 6Vcc\/ 5A\/10A \/45A &#8211; 12Vcc\/lOA\/45A\/70A 24Vcc\/ 10A\/45A\/60A arrancador \/l2Vcc \/ 24Vcc 750A<br \/>\n\u2022 Para arranque: (l2VCD\/24VCD) 70AS-1Ss ON\u00b7 240s OFF\u00bb PEAK 1000A<br \/>\n\u2022 Voltaje de arranque: &gt;1V<br \/>\n\u2022 Tipo de carga: 10 pasos, ciclo de carga completamente autom\u00e1tico<br \/>\n\u2022 Protecci\u00f3n: IP20<br \/>\n\u2022 Bater\u00edas recomendadas: Todos los tipos 6V Lead-acid y 12V Lead-acid &amp; 12V lithium Ion<br \/>\nBater\u00edas (LiFePO4 de 4 Celdas) y 24V Lead-acid<br \/>\n\u2022 Capacidad de bater\u00eda: 15-550ah (6V) \/ 15-750ah (12V) 15-550ah (24V)<br \/>\n\u2022 Garant\u00eda: 3 a\u00f1os<\/p>\n<p><strong>INCLUYE<\/strong><\/p>\n<p>\u2022 4 ruedas (2 con bloqueo)<br \/>\n\u2022 Par de cocodrilos<br \/>\n\u2022 Control de temperatura<\/p>\n<p><strong>Caracter\u00edsticas<\/strong><br \/>\n\u2022 Pantalla LED<br \/>\n\u2022 Manija de traslado<br \/>\n\u2022 Caj\u00f3n para accesorios<br \/>\n\u2022 Bandeja porta cables<br \/>\n\u2022 Ruedas de bloqueo<br \/>\n\u2022 Microprocesador inteligente<br \/>\n\u2022 Detector autom\u00e1tico de motor<br \/>\n\u2022 Funciones de: chequeo\/comprobaci\u00f3n, reparaci\u00f3n y alimentaci\u00f3n<br \/>\n\u2022 Protecci\u00f3n contra polaridad inversa<br \/>\n\u2022 Dise\u00f1ado para cargar todo tipo de bater\u00edas de plomo-\u00e1cido\/litio<\/p>","protected":false},"excerpt":{"rendered":"<p>Cargador Arrancador c\/Control Remoto &#8211; Lusqtoff Cod.: LCC-1000 Ficha t\u00e9cnica \u2022 Voltaje: 220 V &#8211; 50 Hz. \u2022 Potencia: 2500 W \u2022 M\u00e1x. voltaje de salida: 76 V \u2022 Salida: cargador 6Vcc\/ 5A\/10A \/45A &#8211; 12Vcc\/lOA\/45A\/70A 24Vcc\/ 10A\/45A\/60A arrancador \/l2Vcc \/ 24Vcc 750A \u2022 Para arranque: (l2VCD\/24VCD) 70AS-1Ss ON\u00b7 240s OFF\u00bb PEAK 1000A \u2022 Voltaje [&hellip;]<\/p>\n","protected":false},"featured_media":23128,"template":"","meta":[],"product_cat":[191],"product_tag":[683,485,685,736,737,735,733,734,482,307],"class_list":{"0":"post-23122","1":"product","2":"type-product","3":"status-publish","4":"has-post-thumbnail","6":"product_brand-lusqtoff-maquinas-y-herramientas-electricas-manuales","7":"product_cat-maquinas-y-herramientas","8":"product_tag-arrancador-de-bateria","9":"product_tag-auxilio","10":"product_tag-baterias-auto","11":"product_tag-baterias-camion","12":"product_tag-baterias-camioneta","13":"product_tag-distribuidor-de-mercaderias","14":"product_tag-emergencias-mecanicas","15":"product_tag-logistica-de-camiones","16":"product_tag-lusqtoff","17":"product_tag-taller-mecanico","19":"first","20":"instock","21":"taxable","22":"shipping-taxable","23":"purchasable","24":"product-type-simple","25":"add-to-wishlist-after_add_to_cart"},"yoast_head":"<!-- This site is optimized with the Yoast SEO Premium plugin v26.9 (Yoast SEO v26.9) - https:\/\/yoast.com\/product\/yoast-seo-premium-wordpress\/ -->\n<title>Cargador Arrancador c\/Control Remoto - Lusqtoff - SoyMat \u2013 Seguridad Industrial<\/title>\n<meta name=\"robots\" content=\"index, follow, max-snippet:-1, max-image-preview:large, max-video-preview:-1\" \/>\n<link rel=\"canonical\" href=\"https:\/\/soymat.com\/es\/producto\/cargador-arrancador-c-control-remoto-lusqtoff\/\" \/>\n<meta property=\"og:locale\" content=\"es_ES\" \/>\n<meta property=\"og:type\" content=\"article\" \/>\n<meta property=\"og:title\" content=\"Cargador Arrancador c\/Control Remoto - Lusqtoff\" \/>\n<meta property=\"og:description\" content=\"Cargador Arrancador c\/Control Remoto &#8211; Lusqtoff Cod.: LCC-1000 Ficha t\u00e9cnica \u2022 Voltaje: 220 V &#8211; 50 Hz. \u2022 Potencia: 2500 W \u2022 M\u00e1x. voltaje de salida: 76 V \u2022 Salida: cargador 6Vcc\/ 5A\/10A \/45A &#8211; 12Vcc\/lOA\/45A\/70A 24Vcc\/ 10A\/45A\/60A arrancador \/l2Vcc \/ 24Vcc 750A \u2022 Para arranque: (l2VCD\/24VCD) 70AS-1Ss ON\u00b7 240s OFF\u00bb PEAK 1000A \u2022 Voltaje [&hellip;]\" \/>\n<meta property=\"og:url\" content=\"https:\/\/soymat.com\/es\/producto\/cargador-arrancador-c-control-remoto-lusqtoff\/\" \/>\n<meta property=\"og:site_name\" content=\"SoyMat \u2013 Seguridad Industrial\" \/>\n<meta property=\"article:modified_time\" content=\"2025-11-05T10:08:24+00:00\" \/>\n<meta property=\"og:image\" content=\"https:\/\/soymat.com\/wp-content\/uploads\/2025\/07\/LCC-1000_cargador-1.jpg\" \/>\n\t<meta property=\"og:image:width\" content=\"1000\" \/>\n\t<meta property=\"og:image:height\" content=\"1000\" \/>\n\t<meta property=\"og:image:type\" content=\"image\/jpeg\" \/>\n<meta name=\"twitter:card\" content=\"summary_large_image\" \/>\n<meta name=\"twitter:label1\" content=\"Tiempo de lectura\" \/>\n\t<meta name=\"twitter:data1\" content=\"1 minuto\" \/>\n<script type=\"application\/ld+json\" class=\"yoast-schema-graph\">{\"@context\":\"https:\/\/schema.org\",\"@graph\":[{\"@type\":\"WebPage\",\"@id\":\"https:\/\/soymat.com\/producto\/cargador-arrancador-c-control-remoto-lusqtoff\/\",\"url\":\"https:\/\/soymat.com\/producto\/cargador-arrancador-c-control-remoto-lusqtoff\/\",\"name\":\"Cargador Arrancador c\/Control Remoto - Lusqtoff - SoyMat \u2013 Seguridad Industrial\",\"isPartOf\":{\"@id\":\"https:\/\/soymat.com\/#website\"},\"primaryImageOfPage\":{\"@id\":\"https:\/\/soymat.com\/producto\/cargador-arrancador-c-control-remoto-lusqtoff\/#primaryimage\"},\"image\":{\"@id\":\"https:\/\/soymat.com\/producto\/cargador-arrancador-c-control-remoto-lusqtoff\/#primaryimage\"},\"thumbnailUrl\":\"https:\/\/soymat.com\/wp-content\/uploads\/2025\/07\/LCC-1000_cargador-1.jpg\",\"datePublished\":\"2025-07-19T00:28:22+00:00\",\"dateModified\":\"2025-11-05T10:08:24+00:00\",\"breadcrumb\":{\"@id\":\"https:\/\/soymat.com\/producto\/cargador-arrancador-c-control-remoto-lusqtoff\/#breadcrumb\"},\"inLanguage\":\"es-AR\",\"potentialAction\":[{\"@type\":\"ReadAction\",\"target\":[\"https:\/\/soymat.com\/producto\/cargador-arrancador-c-control-remoto-lusqtoff\/\"]}]},{\"@type\":\"ImageObject\",\"inLanguage\":\"es-AR\",\"@id\":\"https:\/\/soymat.com\/producto\/cargador-arrancador-c-control-remoto-lusqtoff\/#primaryimage\",\"url\":\"https:\/\/soymat.com\/wp-content\/uploads\/2025\/07\/LCC-1000_cargador-1.jpg\",\"contentUrl\":\"https:\/\/soymat.com\/wp-content\/uploads\/2025\/07\/LCC-1000_cargador-1.jpg\",\"width\":1000,\"height\":1000},{\"@type\":\"BreadcrumbList\",\"@id\":\"https:\/\/soymat.com\/producto\/cargador-arrancador-c-control-remoto-lusqtoff\/#breadcrumb\",\"itemListElement\":[{\"@type\":\"ListItem\",\"position\":1,\"name\":\"Portada\",\"item\":\"https:\/\/soymat.com\/\"},{\"@type\":\"ListItem\",\"position\":2,\"name\":\"Todos los Productos\",\"item\":\"https:\/\/soymat.com\/shop\/\"},{\"@type\":\"ListItem\",\"position\":3,\"name\":\"Cargador Arrancador c\/Control Remoto &#8211; Lusqtoff\"}]},{\"@type\":\"WebSite\",\"@id\":\"https:\/\/soymat.com\/#website\",\"url\":\"https:\/\/soymat.com\/\",\"name\":\"So&Mat\",\"description\":\"Empresa Dedicada a la protecci\u00f3n global contra incendio . matafuegos redes bombas,venta instalaci\u00f3n y service, protecci\u00f3n y confort laboral en todo concepto.\",\"publisher\":{\"@id\":\"https:\/\/soymat.com\/#organization\"},\"alternateName\":\"So&Mat\",\"potentialAction\":[{\"@type\":\"SearchAction\",\"target\":{\"@type\":\"EntryPoint\",\"urlTemplate\":\"https:\/\/soymat.com\/?s={search_term_string}\"},\"query-input\":{\"@type\":\"PropertyValueSpecification\",\"valueRequired\":true,\"valueName\":\"search_term_string\"}}],\"inLanguage\":\"es-AR\"},{\"@type\":\"Organization\",\"@id\":\"https:\/\/soymat.com\/#organization\",\"name\":\"So&Mat\",\"url\":\"https:\/\/soymat.com\/\",\"logo\":{\"@type\":\"ImageObject\",\"inLanguage\":\"es-AR\",\"@id\":\"https:\/\/soymat.com\/#\/schema\/logo\/image\/\",\"url\":\"https:\/\/soymat.com\/wp-content\/uploads\/2024\/08\/SoyMat.jpg\",\"contentUrl\":\"https:\/\/soymat.com\/wp-content\/uploads\/2024\/08\/SoyMat.jpg\",\"width\":600,\"height\":236,\"caption\":\"So&Mat\"},\"image\":{\"@id\":\"https:\/\/soymat.com\/#\/schema\/logo\/image\/\"}}]}<\/script>\n<!-- \/ Yoast SEO Premium plugin. -->","yoast_head_json":{"title":"Cargador Arrancador c\/Control Remoto - Lusqtoff - SoyMat \u2013 Seguridad Industrial","robots":{"index":"index","follow":"follow","max-snippet":"max-snippet:-1","max-image-preview":"max-image-preview:large","max-video-preview":"max-video-preview:-1"},"canonical":"https:\/\/soymat.com\/es\/producto\/cargador-arrancador-c-control-remoto-lusqtoff\/","og_locale":"es_ES","og_type":"article","og_title":"Cargador Arrancador c\/Control Remoto - Lusqtoff","og_description":"Cargador Arrancador c\/Control Remoto &#8211; Lusqtoff Cod.: LCC-1000 Ficha t\u00e9cnica \u2022 Voltaje: 220 V &#8211; 50 Hz. \u2022 Potencia: 2500 W \u2022 M\u00e1x. voltaje de salida: 76 V \u2022 Salida: cargador 6Vcc\/ 5A\/10A \/45A &#8211; 12Vcc\/lOA\/45A\/70A 24Vcc\/ 10A\/45A\/60A arrancador \/l2Vcc \/ 24Vcc 750A \u2022 Para arranque: (l2VCD\/24VCD) 70AS-1Ss ON\u00b7 240s OFF\u00bb PEAK 1000A \u2022 Voltaje [&hellip;]","og_url":"https:\/\/soymat.com\/es\/producto\/cargador-arrancador-c-control-remoto-lusqtoff\/","og_site_name":"SoyMat \u2013 Seguridad Industrial","article_modified_time":"2025-11-05T10:08:24+00:00","og_image":[{"width":1000,"height":1000,"url":"https:\/\/soymat.com\/wp-content\/uploads\/2025\/07\/LCC-1000_cargador-1.jpg","type":"image\/jpeg"}],"twitter_card":"summary_large_image","twitter_misc":{"Tiempo de lectura":"1 minuto"},"schema":{"@context":"https:\/\/schema.org","@graph":[{"@type":"WebPage","@id":"https:\/\/soymat.com\/producto\/cargador-arrancador-c-control-remoto-lusqtoff\/","url":"https:\/\/soymat.com\/producto\/cargador-arrancador-c-control-remoto-lusqtoff\/","name":"Cargador Arrancador c\/Control Remoto - Lusqtoff - SoyMat \u2013 Seguridad Industrial","isPartOf":{"@id":"https:\/\/soymat.com\/#website"},"primaryImageOfPage":{"@id":"https:\/\/soymat.com\/producto\/cargador-arrancador-c-control-remoto-lusqtoff\/#primaryimage"},"image":{"@id":"https:\/\/soymat.com\/producto\/cargador-arrancador-c-control-remoto-lusqtoff\/#primaryimage"},"thumbnailUrl":"https:\/\/soymat.com\/wp-content\/uploads\/2025\/07\/LCC-1000_cargador-1.jpg","datePublished":"2025-07-19T00:28:22+00:00","dateModified":"2025-11-05T10:08:24+00:00","breadcrumb":{"@id":"https:\/\/soymat.com\/producto\/cargador-arrancador-c-control-remoto-lusqtoff\/#breadcrumb"},"inLanguage":"es-AR","potentialAction":[{"@type":"ReadAction","target":["https:\/\/soymat.com\/producto\/cargador-arrancador-c-control-remoto-lusqtoff\/"]}]},{"@type":"ImageObject","inLanguage":"es-AR","@id":"https:\/\/soymat.com\/producto\/cargador-arrancador-c-control-remoto-lusqtoff\/#primaryimage","url":"https:\/\/soymat.com\/wp-content\/uploads\/2025\/07\/LCC-1000_cargador-1.jpg","contentUrl":"https:\/\/soymat.com\/wp-content\/uploads\/2025\/07\/LCC-1000_cargador-1.jpg","width":1000,"height":1000},{"@type":"BreadcrumbList","@id":"https:\/\/soymat.com\/producto\/cargador-arrancador-c-control-remoto-lusqtoff\/#breadcrumb","itemListElement":[{"@type":"ListItem","position":1,"name":"Portada","item":"https:\/\/soymat.com\/"},{"@type":"ListItem","position":2,"name":"Todos los Productos","item":"https:\/\/soymat.com\/shop\/"},{"@type":"ListItem","position":3,"name":"Cargador Arrancador c\/Control Remoto &#8211; Lusqtoff"}]},{"@type":"WebSite","@id":"https:\/\/soymat.com\/#website","url":"https:\/\/soymat.com\/","name":"So&Mat","description":"Empresa Dedicada a la protecci\u00f3n global contra incendio . matafuegos redes bombas,venta instalaci\u00f3n y service, protecci\u00f3n y confort laboral en todo concepto.","publisher":{"@id":"https:\/\/soymat.com\/#organization"},"alternateName":"So&Mat","potentialAction":[{"@type":"SearchAction","target":{"@type":"EntryPoint","urlTemplate":"https:\/\/soymat.com\/?s={search_term_string}"},"query-input":{"@type":"PropertyValueSpecification","valueRequired":true,"valueName":"search_term_string"}}],"inLanguage":"es-AR"},{"@type":"Organization","@id":"https:\/\/soymat.com\/#organization","name":"So&Mat","url":"https:\/\/soymat.com\/","logo":{"@type":"ImageObject","inLanguage":"es-AR","@id":"https:\/\/soymat.com\/#\/schema\/logo\/image\/","url":"https:\/\/soymat.com\/wp-content\/uploads\/2024\/08\/SoyMat.jpg","contentUrl":"https:\/\/soymat.com\/wp-content\/uploads\/2024\/08\/SoyMat.jpg","width":600,"height":236,"caption":"So&Mat"},"image":{"@id":"https:\/\/soymat.com\/#\/schema\/logo\/image\/"}}]}},"_links":{"self":[{"href":"https:\/\/soymat.com\/es\/wp-json\/wp\/v2\/product\/23122","targetHints":{"allow":["GET"]}}],"collection":[{"href":"https:\/\/soymat.com\/es\/wp-json\/wp\/v2\/product"}],"about":[{"href":"https:\/\/soymat.com\/es\/wp-json\/wp\/v2\/types\/product"}],"wp:featuredmedia":[{"embeddable":true,"href":"https:\/\/soymat.com\/es\/wp-json\/wp\/v2\/media\/23128"}],"wp:attachment":[{"href":"https:\/\/soymat.com\/es\/wp-json\/wp\/v2\/media?parent=23122"}],"wp:term":[{"taxonomy":"product_cat","embeddable":true,"href":"https:\/\/soymat.com\/es\/wp-json\/wp\/v2\/product_cat?post=23122"},{"taxonomy":"product_tag","embeddable":true,"href":"https:\/\/soymat.com\/es\/wp-json\/wp\/v2\/product_tag?post=23122"}],"curies":[{"name":"wp","href":"https:\/\/api.w.org\/{rel}","templated":true}]}}