{"id":23166,"date":"2025-07-18T22:49:20","date_gmt":"2025-07-19T01:49:20","guid":{"rendered":"https:\/\/soymat.com\/?post_type=product&#038;p=23166"},"modified":"2025-11-05T07:08:11","modified_gmt":"2025-11-05T10:08:11","slug":"generador-industrial-cabinado-insonorizado-12kva-tension-220v-lusqtoff","status":"publish","type":"product","link":"https:\/\/soymat.com\/es\/producto\/generador-industrial-cabinado-insonorizado-12kva-tension-220v-lusqtoff\/","title":{"rendered":"Generador Industrial Cabinado Insonorizado 12KVA Tension 220V &#8211; Lusqtoff"},"content":{"rendered":"<p><strong>Generador Industrial Cabinado Insonorizado 12KVA Tension 220V &#8211; Lusqtoff<\/strong><br \/>\nCod.: LQ12-9<\/p>\n<p><strong>Ficha t\u00e9cnica<\/strong><\/p>\n<p>\u2022 Tensi\u00f3n: 220<br \/>\n\u2022 Cilindrada: 954 cc.<br \/>\n\u2022 Potencia m\u00e1xima: 12 KVA<br \/>\n\u2022 Motor: bicil\u00edndrico<br \/>\n\u2022 Corriente m\u00e1xima: 43 A.<br \/>\n\u2022 Arranque: el\u00e9ctrico<br \/>\n\u2022 Tanque de combustible: 30 litros<br \/>\n\u2022 Tanque de aceite: 3.2 litros<br \/>\n\u2022 Nivel de ruido: 72 db.<br \/>\n\u2022 Display digital<br \/>\n\u2022 Peso: 322 kg.<br \/>\n\u2022 Factor de potencia (coscp): 1<br \/>\n\u2022 Fuente de alimentaci\u00f3n: di\u00e9sel<\/p>\n<p><strong>INCLUYE<\/strong><br \/>\n\u2022 ATS (Conector de transferencia autom\u00e1tica)<\/p>","protected":false},"excerpt":{"rendered":"<p>Generador Industrial Cabinado Insonorizado 12KVA Tension 220V &#8211; Lusqtoff Cod.: LQ12-9 Ficha t\u00e9cnica \u2022 Tensi\u00f3n: 220 \u2022 Cilindrada: 954 cc. \u2022 Potencia m\u00e1xima: 12 KVA \u2022 Motor: bicil\u00edndrico \u2022 Corriente m\u00e1xima: 43 A. \u2022 Arranque: el\u00e9ctrico \u2022 Tanque de combustible: 30 litros \u2022 Tanque de aceite: 3.2 litros \u2022 Nivel de ruido: 72 db. \u2022 [&hellip;]<\/p>\n","protected":false},"featured_media":23167,"template":"","meta":[],"product_cat":[191],"product_tag":[701,587,751,749,750],"class_list":{"0":"post-23166","1":"product","2":"type-product","3":"status-publish","4":"has-post-thumbnail","6":"product_brand-lusqtoff-maquinas-y-herramientas-electricas-manuales","7":"product_cat-maquinas-y-herramientas","8":"product_tag-cortes-de-luz","9":"product_tag-energia","10":"product_tag-energia-para-empresas","11":"product_tag-generador-electrico","12":"product_tag-generador-industrial","14":"first","15":"instock","16":"taxable","17":"shipping-taxable","18":"purchasable","19":"product-type-simple","20":"add-to-wishlist-after_add_to_cart"},"yoast_head":"<!-- This site is optimized with the Yoast SEO Premium plugin v26.9 (Yoast SEO v26.9) - https:\/\/yoast.com\/product\/yoast-seo-premium-wordpress\/ -->\n<title>Generador Industrial Cabinado Insonorizado 12KVA Tension 220V - Lusqtoff - SoyMat \u2013 Seguridad Industrial<\/title>\n<meta name=\"robots\" content=\"index, follow, max-snippet:-1, max-image-preview:large, max-video-preview:-1\" \/>\n<link rel=\"canonical\" href=\"https:\/\/soymat.com\/es\/producto\/generador-industrial-cabinado-insonorizado-12kva-tension-220v-lusqtoff\/\" \/>\n<meta property=\"og:locale\" content=\"es_ES\" \/>\n<meta property=\"og:type\" content=\"article\" \/>\n<meta property=\"og:title\" content=\"Generador Industrial Cabinado Insonorizado 12KVA Tension 220V - Lusqtoff\" \/>\n<meta property=\"og:description\" content=\"Generador Industrial Cabinado Insonorizado 12KVA Tension 220V &#8211; Lusqtoff Cod.: LQ12-9 Ficha t\u00e9cnica \u2022 Tensi\u00f3n: 220 \u2022 Cilindrada: 954 cc. \u2022 Potencia m\u00e1xima: 12 KVA \u2022 Motor: bicil\u00edndrico \u2022 Corriente m\u00e1xima: 43 A. \u2022 Arranque: el\u00e9ctrico \u2022 Tanque de combustible: 30 litros \u2022 Tanque de aceite: 3.2 litros \u2022 Nivel de ruido: 72 db. \u2022 [&hellip;]\" \/>\n<meta property=\"og:url\" content=\"https:\/\/soymat.com\/es\/producto\/generador-industrial-cabinado-insonorizado-12kva-tension-220v-lusqtoff\/\" \/>\n<meta property=\"og:site_name\" content=\"SoyMat \u2013 Seguridad Industrial\" \/>\n<meta property=\"article:modified_time\" content=\"2025-11-05T10:08:11+00:00\" \/>\n<meta property=\"og:image\" content=\"https:\/\/soymat.com\/wp-content\/uploads\/2025\/07\/LQ12-9_-generador-1.jpg\" \/>\n\t<meta property=\"og:image:width\" content=\"1000\" \/>\n\t<meta property=\"og:image:height\" content=\"1000\" \/>\n\t<meta property=\"og:image:type\" content=\"image\/jpeg\" \/>\n<meta name=\"twitter:card\" content=\"summary_large_image\" \/>\n<meta name=\"twitter:label1\" content=\"Tiempo de lectura\" \/>\n\t<meta name=\"twitter:data1\" content=\"1 minuto\" \/>\n<script type=\"application\/ld+json\" class=\"yoast-schema-graph\">{\"@context\":\"https:\/\/schema.org\",\"@graph\":[{\"@type\":\"WebPage\",\"@id\":\"https:\/\/soymat.com\/producto\/generador-industrial-cabinado-insonorizado-12kva-tension-220v-lusqtoff\/\",\"url\":\"https:\/\/soymat.com\/producto\/generador-industrial-cabinado-insonorizado-12kva-tension-220v-lusqtoff\/\",\"name\":\"Generador Industrial Cabinado Insonorizado 12KVA Tension 220V - Lusqtoff - SoyMat \u2013 Seguridad Industrial\",\"isPartOf\":{\"@id\":\"https:\/\/soymat.com\/#website\"},\"primaryImageOfPage\":{\"@id\":\"https:\/\/soymat.com\/producto\/generador-industrial-cabinado-insonorizado-12kva-tension-220v-lusqtoff\/#primaryimage\"},\"image\":{\"@id\":\"https:\/\/soymat.com\/producto\/generador-industrial-cabinado-insonorizado-12kva-tension-220v-lusqtoff\/#primaryimage\"},\"thumbnailUrl\":\"https:\/\/soymat.com\/wp-content\/uploads\/2025\/07\/LQ12-9_-generador-1.jpg\",\"datePublished\":\"2025-07-19T01:49:20+00:00\",\"dateModified\":\"2025-11-05T10:08:11+00:00\",\"breadcrumb\":{\"@id\":\"https:\/\/soymat.com\/producto\/generador-industrial-cabinado-insonorizado-12kva-tension-220v-lusqtoff\/#breadcrumb\"},\"inLanguage\":\"es-AR\",\"potentialAction\":[{\"@type\":\"ReadAction\",\"target\":[\"https:\/\/soymat.com\/producto\/generador-industrial-cabinado-insonorizado-12kva-tension-220v-lusqtoff\/\"]}]},{\"@type\":\"ImageObject\",\"inLanguage\":\"es-AR\",\"@id\":\"https:\/\/soymat.com\/producto\/generador-industrial-cabinado-insonorizado-12kva-tension-220v-lusqtoff\/#primaryimage\",\"url\":\"https:\/\/soymat.com\/wp-content\/uploads\/2025\/07\/LQ12-9_-generador-1.jpg\",\"contentUrl\":\"https:\/\/soymat.com\/wp-content\/uploads\/2025\/07\/LQ12-9_-generador-1.jpg\",\"width\":1000,\"height\":1000},{\"@type\":\"BreadcrumbList\",\"@id\":\"https:\/\/soymat.com\/producto\/generador-industrial-cabinado-insonorizado-12kva-tension-220v-lusqtoff\/#breadcrumb\",\"itemListElement\":[{\"@type\":\"ListItem\",\"position\":1,\"name\":\"Portada\",\"item\":\"https:\/\/soymat.com\/\"},{\"@type\":\"ListItem\",\"position\":2,\"name\":\"Todos los Productos\",\"item\":\"https:\/\/soymat.com\/shop\/\"},{\"@type\":\"ListItem\",\"position\":3,\"name\":\"Generador Industrial Cabinado Insonorizado 12KVA Tension 220V &#8211; Lusqtoff\"}]},{\"@type\":\"WebSite\",\"@id\":\"https:\/\/soymat.com\/#website\",\"url\":\"https:\/\/soymat.com\/\",\"name\":\"So&Mat\",\"description\":\"Empresa Dedicada a la protecci\u00f3n global contra incendio . matafuegos redes bombas,venta instalaci\u00f3n y service, protecci\u00f3n y confort laboral en todo concepto.\",\"publisher\":{\"@id\":\"https:\/\/soymat.com\/#organization\"},\"alternateName\":\"So&Mat\",\"potentialAction\":[{\"@type\":\"SearchAction\",\"target\":{\"@type\":\"EntryPoint\",\"urlTemplate\":\"https:\/\/soymat.com\/?s={search_term_string}\"},\"query-input\":{\"@type\":\"PropertyValueSpecification\",\"valueRequired\":true,\"valueName\":\"search_term_string\"}}],\"inLanguage\":\"es-AR\"},{\"@type\":\"Organization\",\"@id\":\"https:\/\/soymat.com\/#organization\",\"name\":\"So&Mat\",\"url\":\"https:\/\/soymat.com\/\",\"logo\":{\"@type\":\"ImageObject\",\"inLanguage\":\"es-AR\",\"@id\":\"https:\/\/soymat.com\/#\/schema\/logo\/image\/\",\"url\":\"https:\/\/soymat.com\/wp-content\/uploads\/2024\/08\/SoyMat.jpg\",\"contentUrl\":\"https:\/\/soymat.com\/wp-content\/uploads\/2024\/08\/SoyMat.jpg\",\"width\":600,\"height\":236,\"caption\":\"So&Mat\"},\"image\":{\"@id\":\"https:\/\/soymat.com\/#\/schema\/logo\/image\/\"}}]}<\/script>\n<!-- \/ Yoast SEO Premium plugin. -->","yoast_head_json":{"title":"Generador Industrial Cabinado Insonorizado 12KVA Tension 220V - Lusqtoff - SoyMat \u2013 Seguridad Industrial","robots":{"index":"index","follow":"follow","max-snippet":"max-snippet:-1","max-image-preview":"max-image-preview:large","max-video-preview":"max-video-preview:-1"},"canonical":"https:\/\/soymat.com\/es\/producto\/generador-industrial-cabinado-insonorizado-12kva-tension-220v-lusqtoff\/","og_locale":"es_ES","og_type":"article","og_title":"Generador Industrial Cabinado Insonorizado 12KVA Tension 220V - Lusqtoff","og_description":"Generador Industrial Cabinado Insonorizado 12KVA Tension 220V &#8211; Lusqtoff Cod.: LQ12-9 Ficha t\u00e9cnica \u2022 Tensi\u00f3n: 220 \u2022 Cilindrada: 954 cc. \u2022 Potencia m\u00e1xima: 12 KVA \u2022 Motor: bicil\u00edndrico \u2022 Corriente m\u00e1xima: 43 A. \u2022 Arranque: el\u00e9ctrico \u2022 Tanque de combustible: 30 litros \u2022 Tanque de aceite: 3.2 litros \u2022 Nivel de ruido: 72 db. \u2022 [&hellip;]","og_url":"https:\/\/soymat.com\/es\/producto\/generador-industrial-cabinado-insonorizado-12kva-tension-220v-lusqtoff\/","og_site_name":"SoyMat \u2013 Seguridad Industrial","article_modified_time":"2025-11-05T10:08:11+00:00","og_image":[{"width":1000,"height":1000,"url":"https:\/\/soymat.com\/wp-content\/uploads\/2025\/07\/LQ12-9_-generador-1.jpg","type":"image\/jpeg"}],"twitter_card":"summary_large_image","twitter_misc":{"Tiempo de lectura":"1 minuto"},"schema":{"@context":"https:\/\/schema.org","@graph":[{"@type":"WebPage","@id":"https:\/\/soymat.com\/producto\/generador-industrial-cabinado-insonorizado-12kva-tension-220v-lusqtoff\/","url":"https:\/\/soymat.com\/producto\/generador-industrial-cabinado-insonorizado-12kva-tension-220v-lusqtoff\/","name":"Generador Industrial Cabinado Insonorizado 12KVA Tension 220V - Lusqtoff - SoyMat \u2013 Seguridad Industrial","isPartOf":{"@id":"https:\/\/soymat.com\/#website"},"primaryImageOfPage":{"@id":"https:\/\/soymat.com\/producto\/generador-industrial-cabinado-insonorizado-12kva-tension-220v-lusqtoff\/#primaryimage"},"image":{"@id":"https:\/\/soymat.com\/producto\/generador-industrial-cabinado-insonorizado-12kva-tension-220v-lusqtoff\/#primaryimage"},"thumbnailUrl":"https:\/\/soymat.com\/wp-content\/uploads\/2025\/07\/LQ12-9_-generador-1.jpg","datePublished":"2025-07-19T01:49:20+00:00","dateModified":"2025-11-05T10:08:11+00:00","breadcrumb":{"@id":"https:\/\/soymat.com\/producto\/generador-industrial-cabinado-insonorizado-12kva-tension-220v-lusqtoff\/#breadcrumb"},"inLanguage":"es-AR","potentialAction":[{"@type":"ReadAction","target":["https:\/\/soymat.com\/producto\/generador-industrial-cabinado-insonorizado-12kva-tension-220v-lusqtoff\/"]}]},{"@type":"ImageObject","inLanguage":"es-AR","@id":"https:\/\/soymat.com\/producto\/generador-industrial-cabinado-insonorizado-12kva-tension-220v-lusqtoff\/#primaryimage","url":"https:\/\/soymat.com\/wp-content\/uploads\/2025\/07\/LQ12-9_-generador-1.jpg","contentUrl":"https:\/\/soymat.com\/wp-content\/uploads\/2025\/07\/LQ12-9_-generador-1.jpg","width":1000,"height":1000},{"@type":"BreadcrumbList","@id":"https:\/\/soymat.com\/producto\/generador-industrial-cabinado-insonorizado-12kva-tension-220v-lusqtoff\/#breadcrumb","itemListElement":[{"@type":"ListItem","position":1,"name":"Portada","item":"https:\/\/soymat.com\/"},{"@type":"ListItem","position":2,"name":"Todos los Productos","item":"https:\/\/soymat.com\/shop\/"},{"@type":"ListItem","position":3,"name":"Generador Industrial Cabinado Insonorizado 12KVA Tension 220V &#8211; Lusqtoff"}]},{"@type":"WebSite","@id":"https:\/\/soymat.com\/#website","url":"https:\/\/soymat.com\/","name":"So&Mat","description":"Empresa Dedicada a la protecci\u00f3n global contra incendio . matafuegos redes bombas,venta instalaci\u00f3n y service, protecci\u00f3n y confort laboral en todo concepto.","publisher":{"@id":"https:\/\/soymat.com\/#organization"},"alternateName":"So&Mat","potentialAction":[{"@type":"SearchAction","target":{"@type":"EntryPoint","urlTemplate":"https:\/\/soymat.com\/?s={search_term_string}"},"query-input":{"@type":"PropertyValueSpecification","valueRequired":true,"valueName":"search_term_string"}}],"inLanguage":"es-AR"},{"@type":"Organization","@id":"https:\/\/soymat.com\/#organization","name":"So&Mat","url":"https:\/\/soymat.com\/","logo":{"@type":"ImageObject","inLanguage":"es-AR","@id":"https:\/\/soymat.com\/#\/schema\/logo\/image\/","url":"https:\/\/soymat.com\/wp-content\/uploads\/2024\/08\/SoyMat.jpg","contentUrl":"https:\/\/soymat.com\/wp-content\/uploads\/2024\/08\/SoyMat.jpg","width":600,"height":236,"caption":"So&Mat"},"image":{"@id":"https:\/\/soymat.com\/#\/schema\/logo\/image\/"}}]}},"_links":{"self":[{"href":"https:\/\/soymat.com\/es\/wp-json\/wp\/v2\/product\/23166","targetHints":{"allow":["GET"]}}],"collection":[{"href":"https:\/\/soymat.com\/es\/wp-json\/wp\/v2\/product"}],"about":[{"href":"https:\/\/soymat.com\/es\/wp-json\/wp\/v2\/types\/product"}],"wp:featuredmedia":[{"embeddable":true,"href":"https:\/\/soymat.com\/es\/wp-json\/wp\/v2\/media\/23167"}],"wp:attachment":[{"href":"https:\/\/soymat.com\/es\/wp-json\/wp\/v2\/media?parent=23166"}],"wp:term":[{"taxonomy":"product_cat","embeddable":true,"href":"https:\/\/soymat.com\/es\/wp-json\/wp\/v2\/product_cat?post=23166"},{"taxonomy":"product_tag","embeddable":true,"href":"https:\/\/soymat.com\/es\/wp-json\/wp\/v2\/product_tag?post=23166"}],"curies":[{"name":"wp","href":"https:\/\/api.w.org\/{rel}","templated":true}]}}