{"id":23188,"date":"2025-07-19T17:11:58","date_gmt":"2025-07-19T20:11:58","guid":{"rendered":"https:\/\/soymat.com\/?post_type=product&#038;p=23188"},"modified":"2025-12-02T13:05:42","modified_gmt":"2025-12-02T16:05:42","slug":"parrilla-portatil-con-ruedas-lusqtoff","status":"publish","type":"product","link":"https:\/\/soymat.com\/es\/producto\/parrilla-portatil-con-ruedas-lusqtoff\/","title":{"rendered":"Parrilla Portatil con ruedas &#8211; Lusqtoff"},"content":{"rendered":"<p><strong>Parrilla Portatil con ruedas &#8211; 114.5x60x188 cm &#8211; Lusqtoff<\/strong><\/p>\n<p>Cod.: PAR61<\/p>\n<p><strong>Ficha t\u00e9cnica<\/strong><\/p>\n<p>\u2022 Dimensi\u00f3n: 114.5 x 60 x 108 cm<br \/>\n\u2022 \u00c1rea de asador: 55 x 41 cm<br \/>\n\u2022 Tipo de asador: a carb\u00f3n<br \/>\n\u2022 Incluye: medidor de temperatura y<br \/>\nruedas de traslado<br \/>\n\u2022 Peso: 30 kg<\/p>\n<p><strong>Caracteristicas<\/strong><br \/>\n\u2022 F\u00e1cil de trasportar.<br \/>\n\u2022 Comodidad para cocinar.<br \/>\n\u2022 Incluye medidor de temperatura.<\/p>","protected":false},"excerpt":{"rendered":"<p>Parrilla Portatil con ruedas &#8211; 114.5x60x188 cm &#8211; Lusqtoff Cod.: PAR61 Ficha t\u00e9cnica \u2022 Dimensi\u00f3n: 114.5 x 60 x 108 cm \u2022 \u00c1rea de asador: 55 x 41 cm \u2022 Tipo de asador: a carb\u00f3n \u2022 Incluye: medidor de temperatura y ruedas de traslado \u2022 Peso: 30 kg Caracteristicas \u2022 F\u00e1cil de trasportar. \u2022 Comodidad [&hellip;]<\/p>\n","protected":false},"featured_media":23189,"template":"","meta":[],"product_cat":[191],"product_tag":[763,762,764,761],"class_list":{"0":"post-23188","1":"product","2":"type-product","3":"status-publish","4":"has-post-thumbnail","6":"product_brand-lusqtoff-maquinas-y-herramientas-electricas-manuales","7":"product_cat-maquinas-y-herramientas","8":"product_tag-amigos","9":"product_tag-asado","10":"product_tag-carne-asada","11":"product_tag-parrilla","13":"first","14":"instock","15":"taxable","16":"shipping-taxable","17":"purchasable","18":"product-type-simple","19":"add-to-wishlist-after_add_to_cart"},"yoast_head":"<!-- This site is optimized with the Yoast SEO Premium plugin v26.9 (Yoast SEO v26.9) - https:\/\/yoast.com\/product\/yoast-seo-premium-wordpress\/ -->\n<title>Parrilla Portatil con ruedas - Lusqtoff - SoyMat \u2013 Seguridad Industrial<\/title>\n<meta name=\"robots\" content=\"index, follow, max-snippet:-1, max-image-preview:large, max-video-preview:-1\" \/>\n<link rel=\"canonical\" href=\"https:\/\/soymat.com\/es\/producto\/parrilla-portatil-con-ruedas-lusqtoff\/\" \/>\n<meta property=\"og:locale\" content=\"es_ES\" \/>\n<meta property=\"og:type\" content=\"article\" \/>\n<meta property=\"og:title\" content=\"Parrilla Portatil con ruedas - Lusqtoff\" \/>\n<meta property=\"og:description\" content=\"Parrilla Portatil con ruedas &#8211; 114.5x60x188 cm &#8211; Lusqtoff Cod.: PAR61 Ficha t\u00e9cnica \u2022 Dimensi\u00f3n: 114.5 x 60 x 108 cm \u2022 \u00c1rea de asador: 55 x 41 cm \u2022 Tipo de asador: a carb\u00f3n \u2022 Incluye: medidor de temperatura y ruedas de traslado \u2022 Peso: 30 kg Caracteristicas \u2022 F\u00e1cil de trasportar. \u2022 Comodidad [&hellip;]\" \/>\n<meta property=\"og:url\" content=\"https:\/\/soymat.com\/es\/producto\/parrilla-portatil-con-ruedas-lusqtoff\/\" \/>\n<meta property=\"og:site_name\" content=\"SoyMat \u2013 Seguridad Industrial\" \/>\n<meta property=\"article:modified_time\" content=\"2025-12-02T16:05:42+00:00\" \/>\n<meta property=\"og:image\" content=\"https:\/\/soymat.com\/wp-content\/uploads\/2025\/07\/par61-parrilla-1.jpg\" \/>\n\t<meta property=\"og:image:width\" content=\"1000\" \/>\n\t<meta property=\"og:image:height\" content=\"1000\" \/>\n\t<meta property=\"og:image:type\" content=\"image\/jpeg\" \/>\n<meta name=\"twitter:card\" content=\"summary_large_image\" \/>\n<meta name=\"twitter:label1\" content=\"Tiempo de lectura\" \/>\n\t<meta name=\"twitter:data1\" content=\"1 minuto\" \/>\n<script type=\"application\/ld+json\" class=\"yoast-schema-graph\">{\"@context\":\"https:\/\/schema.org\",\"@graph\":[{\"@type\":\"WebPage\",\"@id\":\"https:\/\/soymat.com\/producto\/parrilla-portatil-con-ruedas-lusqtoff\/\",\"url\":\"https:\/\/soymat.com\/producto\/parrilla-portatil-con-ruedas-lusqtoff\/\",\"name\":\"Parrilla Portatil con ruedas - Lusqtoff - SoyMat \u2013 Seguridad Industrial\",\"isPartOf\":{\"@id\":\"https:\/\/soymat.com\/#website\"},\"primaryImageOfPage\":{\"@id\":\"https:\/\/soymat.com\/producto\/parrilla-portatil-con-ruedas-lusqtoff\/#primaryimage\"},\"image\":{\"@id\":\"https:\/\/soymat.com\/producto\/parrilla-portatil-con-ruedas-lusqtoff\/#primaryimage\"},\"thumbnailUrl\":\"https:\/\/soymat.com\/wp-content\/uploads\/2025\/07\/par61-parrilla-1.jpg\",\"datePublished\":\"2025-07-19T20:11:58+00:00\",\"dateModified\":\"2025-12-02T16:05:42+00:00\",\"breadcrumb\":{\"@id\":\"https:\/\/soymat.com\/producto\/parrilla-portatil-con-ruedas-lusqtoff\/#breadcrumb\"},\"inLanguage\":\"es-AR\",\"potentialAction\":[{\"@type\":\"ReadAction\",\"target\":[\"https:\/\/soymat.com\/producto\/parrilla-portatil-con-ruedas-lusqtoff\/\"]}]},{\"@type\":\"ImageObject\",\"inLanguage\":\"es-AR\",\"@id\":\"https:\/\/soymat.com\/producto\/parrilla-portatil-con-ruedas-lusqtoff\/#primaryimage\",\"url\":\"https:\/\/soymat.com\/wp-content\/uploads\/2025\/07\/par61-parrilla-1.jpg\",\"contentUrl\":\"https:\/\/soymat.com\/wp-content\/uploads\/2025\/07\/par61-parrilla-1.jpg\",\"width\":1000,\"height\":1000},{\"@type\":\"BreadcrumbList\",\"@id\":\"https:\/\/soymat.com\/producto\/parrilla-portatil-con-ruedas-lusqtoff\/#breadcrumb\",\"itemListElement\":[{\"@type\":\"ListItem\",\"position\":1,\"name\":\"Portada\",\"item\":\"https:\/\/soymat.com\/\"},{\"@type\":\"ListItem\",\"position\":2,\"name\":\"Todos los Productos\",\"item\":\"https:\/\/soymat.com\/shop\/\"},{\"@type\":\"ListItem\",\"position\":3,\"name\":\"Parrilla Portatil con ruedas &#8211; Lusqtoff\"}]},{\"@type\":\"WebSite\",\"@id\":\"https:\/\/soymat.com\/#website\",\"url\":\"https:\/\/soymat.com\/\",\"name\":\"So&Mat\",\"description\":\"Empresa Dedicada a la protecci\u00f3n global contra incendio . matafuegos redes bombas,venta instalaci\u00f3n y service, protecci\u00f3n y confort laboral en todo concepto.\",\"publisher\":{\"@id\":\"https:\/\/soymat.com\/#organization\"},\"alternateName\":\"So&Mat\",\"potentialAction\":[{\"@type\":\"SearchAction\",\"target\":{\"@type\":\"EntryPoint\",\"urlTemplate\":\"https:\/\/soymat.com\/?s={search_term_string}\"},\"query-input\":{\"@type\":\"PropertyValueSpecification\",\"valueRequired\":true,\"valueName\":\"search_term_string\"}}],\"inLanguage\":\"es-AR\"},{\"@type\":\"Organization\",\"@id\":\"https:\/\/soymat.com\/#organization\",\"name\":\"So&Mat\",\"url\":\"https:\/\/soymat.com\/\",\"logo\":{\"@type\":\"ImageObject\",\"inLanguage\":\"es-AR\",\"@id\":\"https:\/\/soymat.com\/#\/schema\/logo\/image\/\",\"url\":\"https:\/\/soymat.com\/wp-content\/uploads\/2024\/08\/SoyMat.jpg\",\"contentUrl\":\"https:\/\/soymat.com\/wp-content\/uploads\/2024\/08\/SoyMat.jpg\",\"width\":600,\"height\":236,\"caption\":\"So&Mat\"},\"image\":{\"@id\":\"https:\/\/soymat.com\/#\/schema\/logo\/image\/\"}}]}<\/script>\n<!-- \/ Yoast SEO Premium plugin. -->","yoast_head_json":{"title":"Parrilla Portatil con ruedas - Lusqtoff - SoyMat \u2013 Seguridad Industrial","robots":{"index":"index","follow":"follow","max-snippet":"max-snippet:-1","max-image-preview":"max-image-preview:large","max-video-preview":"max-video-preview:-1"},"canonical":"https:\/\/soymat.com\/es\/producto\/parrilla-portatil-con-ruedas-lusqtoff\/","og_locale":"es_ES","og_type":"article","og_title":"Parrilla Portatil con ruedas - Lusqtoff","og_description":"Parrilla Portatil con ruedas &#8211; 114.5x60x188 cm &#8211; Lusqtoff Cod.: PAR61 Ficha t\u00e9cnica \u2022 Dimensi\u00f3n: 114.5 x 60 x 108 cm \u2022 \u00c1rea de asador: 55 x 41 cm \u2022 Tipo de asador: a carb\u00f3n \u2022 Incluye: medidor de temperatura y ruedas de traslado \u2022 Peso: 30 kg Caracteristicas \u2022 F\u00e1cil de trasportar. \u2022 Comodidad [&hellip;]","og_url":"https:\/\/soymat.com\/es\/producto\/parrilla-portatil-con-ruedas-lusqtoff\/","og_site_name":"SoyMat \u2013 Seguridad Industrial","article_modified_time":"2025-12-02T16:05:42+00:00","og_image":[{"width":1000,"height":1000,"url":"https:\/\/soymat.com\/wp-content\/uploads\/2025\/07\/par61-parrilla-1.jpg","type":"image\/jpeg"}],"twitter_card":"summary_large_image","twitter_misc":{"Tiempo de lectura":"1 minuto"},"schema":{"@context":"https:\/\/schema.org","@graph":[{"@type":"WebPage","@id":"https:\/\/soymat.com\/producto\/parrilla-portatil-con-ruedas-lusqtoff\/","url":"https:\/\/soymat.com\/producto\/parrilla-portatil-con-ruedas-lusqtoff\/","name":"Parrilla Portatil con ruedas - Lusqtoff - SoyMat \u2013 Seguridad Industrial","isPartOf":{"@id":"https:\/\/soymat.com\/#website"},"primaryImageOfPage":{"@id":"https:\/\/soymat.com\/producto\/parrilla-portatil-con-ruedas-lusqtoff\/#primaryimage"},"image":{"@id":"https:\/\/soymat.com\/producto\/parrilla-portatil-con-ruedas-lusqtoff\/#primaryimage"},"thumbnailUrl":"https:\/\/soymat.com\/wp-content\/uploads\/2025\/07\/par61-parrilla-1.jpg","datePublished":"2025-07-19T20:11:58+00:00","dateModified":"2025-12-02T16:05:42+00:00","breadcrumb":{"@id":"https:\/\/soymat.com\/producto\/parrilla-portatil-con-ruedas-lusqtoff\/#breadcrumb"},"inLanguage":"es-AR","potentialAction":[{"@type":"ReadAction","target":["https:\/\/soymat.com\/producto\/parrilla-portatil-con-ruedas-lusqtoff\/"]}]},{"@type":"ImageObject","inLanguage":"es-AR","@id":"https:\/\/soymat.com\/producto\/parrilla-portatil-con-ruedas-lusqtoff\/#primaryimage","url":"https:\/\/soymat.com\/wp-content\/uploads\/2025\/07\/par61-parrilla-1.jpg","contentUrl":"https:\/\/soymat.com\/wp-content\/uploads\/2025\/07\/par61-parrilla-1.jpg","width":1000,"height":1000},{"@type":"BreadcrumbList","@id":"https:\/\/soymat.com\/producto\/parrilla-portatil-con-ruedas-lusqtoff\/#breadcrumb","itemListElement":[{"@type":"ListItem","position":1,"name":"Portada","item":"https:\/\/soymat.com\/"},{"@type":"ListItem","position":2,"name":"Todos los Productos","item":"https:\/\/soymat.com\/shop\/"},{"@type":"ListItem","position":3,"name":"Parrilla Portatil con ruedas &#8211; Lusqtoff"}]},{"@type":"WebSite","@id":"https:\/\/soymat.com\/#website","url":"https:\/\/soymat.com\/","name":"So&Mat","description":"Empresa Dedicada a la protecci\u00f3n global contra incendio . matafuegos redes bombas,venta instalaci\u00f3n y service, protecci\u00f3n y confort laboral en todo concepto.","publisher":{"@id":"https:\/\/soymat.com\/#organization"},"alternateName":"So&Mat","potentialAction":[{"@type":"SearchAction","target":{"@type":"EntryPoint","urlTemplate":"https:\/\/soymat.com\/?s={search_term_string}"},"query-input":{"@type":"PropertyValueSpecification","valueRequired":true,"valueName":"search_term_string"}}],"inLanguage":"es-AR"},{"@type":"Organization","@id":"https:\/\/soymat.com\/#organization","name":"So&Mat","url":"https:\/\/soymat.com\/","logo":{"@type":"ImageObject","inLanguage":"es-AR","@id":"https:\/\/soymat.com\/#\/schema\/logo\/image\/","url":"https:\/\/soymat.com\/wp-content\/uploads\/2024\/08\/SoyMat.jpg","contentUrl":"https:\/\/soymat.com\/wp-content\/uploads\/2024\/08\/SoyMat.jpg","width":600,"height":236,"caption":"So&Mat"},"image":{"@id":"https:\/\/soymat.com\/#\/schema\/logo\/image\/"}}]}},"_links":{"self":[{"href":"https:\/\/soymat.com\/es\/wp-json\/wp\/v2\/product\/23188","targetHints":{"allow":["GET"]}}],"collection":[{"href":"https:\/\/soymat.com\/es\/wp-json\/wp\/v2\/product"}],"about":[{"href":"https:\/\/soymat.com\/es\/wp-json\/wp\/v2\/types\/product"}],"wp:featuredmedia":[{"embeddable":true,"href":"https:\/\/soymat.com\/es\/wp-json\/wp\/v2\/media\/23189"}],"wp:attachment":[{"href":"https:\/\/soymat.com\/es\/wp-json\/wp\/v2\/media?parent=23188"}],"wp:term":[{"taxonomy":"product_cat","embeddable":true,"href":"https:\/\/soymat.com\/es\/wp-json\/wp\/v2\/product_cat?post=23188"},{"taxonomy":"product_tag","embeddable":true,"href":"https:\/\/soymat.com\/es\/wp-json\/wp\/v2\/product_tag?post=23188"}],"curies":[{"name":"wp","href":"https:\/\/api.w.org\/{rel}","templated":true}]}}