{"id":23236,"date":"2025-07-25T19:20:45","date_gmt":"2025-07-25T22:20:45","guid":{"rendered":"https:\/\/soymat.com\/?post_type=product&#038;p=23236"},"modified":"2025-11-10T21:25:47","modified_gmt":"2025-11-11T00:25:47","slug":"compresor-fcv3-200-7-3hp-200l-bta","status":"publish","type":"product","link":"https:\/\/soymat.com\/es\/producto\/compresor-fcv3-200-7-3hp-200l-bta\/","title":{"rendered":"Compresor FCV3-200-7 3HP 200L &#8211; BTA"},"content":{"rendered":"<p><strong>Compresor FCV3-200-7 3HP 200L &#8211; BTA<\/strong><br \/>\nCod.: 273241,5<\/p>\n<p>Modelo: FCV3-200-7<br \/>\nPotencia: 2,2 kW (3 HP)<br \/>\nTensi\u00f3n: 220 V~ 50 Hz<br \/>\nVelocidad: 1030 min.-1<br \/>\nI M\u00e1x.: 10 A<br \/>\nTanque: 200 Litros<br \/>\nAdmisi\u00f3n de Aire: 315 l\/min<br \/>\nPresi\u00f3n m\u00e1x.: 8 Bar (0,8 MPa)<\/p>\n<p>&nbsp;<\/p>","protected":false},"excerpt":{"rendered":"<p>Compresor FCV3-200-7 3HP 200L &#8211; BTA Cod.: 273241,5 Modelo: FCV3-200-7 Potencia: 2,2 kW (3 HP) Tensi\u00f3n: 220 V~ 50 Hz Velocidad: 1030 min.-1 I M\u00e1x.: 10 A Tanque: 200 Litros Admisi\u00f3n de Aire: 315 l\/min Presi\u00f3n m\u00e1x.: 8 Bar (0,8 MPa) &nbsp;<\/p>","protected":false},"featured_media":23239,"template":"","meta":[],"product_cat":[191],"product_tag":[770,773,771,300,772,195],"class_list":{"0":"post-23236","1":"product","2":"type-product","3":"status-publish","4":"has-post-thumbnail","6":"product_brand-maquinas-y-herramientas-bta-tools","7":"product_cat-maquinas-y-herramientas","8":"product_tag-3hp","9":"product_tag-btatools","10":"product_tag-compresor-bta-200-litros","11":"product_tag-compresores","12":"product_tag-mando-indirecto","13":"product_tag-monofasico","15":"first","16":"outofstock","17":"taxable","18":"shipping-taxable","19":"purchasable","20":"product-type-simple","21":"add-to-wishlist-after_add_to_cart"},"yoast_head":"<!-- This site is optimized with the Yoast SEO Premium plugin v26.9 (Yoast SEO v26.9) - https:\/\/yoast.com\/product\/yoast-seo-premium-wordpress\/ -->\n<title>Compresor FCV3-200-7 3HP 200L - BTA - SoyMat \u2013 Seguridad Industrial<\/title>\n<meta name=\"robots\" content=\"index, follow, max-snippet:-1, max-image-preview:large, max-video-preview:-1\" \/>\n<link rel=\"canonical\" href=\"https:\/\/soymat.com\/es\/producto\/compresor-fcv3-200-7-3hp-200l-bta\/\" \/>\n<meta property=\"og:locale\" content=\"es_ES\" \/>\n<meta property=\"og:type\" content=\"article\" \/>\n<meta property=\"og:title\" content=\"Compresor FCV3-200-7 3HP 200L - BTA\" \/>\n<meta property=\"og:description\" content=\"Compresor FCV3-200-7 3HP 200L &#8211; BTA Cod.: 273241,5 Modelo: FCV3-200-7 Potencia: 2,2 kW (3 HP) Tensi\u00f3n: 220 V~ 50 Hz Velocidad: 1030 min.-1 I M\u00e1x.: 10 A Tanque: 200 Litros Admisi\u00f3n de Aire: 315 l\/min Presi\u00f3n m\u00e1x.: 8 Bar (0,8 MPa) &nbsp;\" \/>\n<meta property=\"og:url\" content=\"https:\/\/soymat.com\/es\/producto\/compresor-fcv3-200-7-3hp-200l-bta\/\" \/>\n<meta property=\"og:site_name\" content=\"SoyMat \u2013 Seguridad Industrial\" \/>\n<meta property=\"article:modified_time\" content=\"2025-11-11T00:25:47+00:00\" \/>\n<meta property=\"og:image\" content=\"https:\/\/soymat.com\/wp-content\/uploads\/2025\/07\/273241-5-1.jpg\" \/>\n\t<meta property=\"og:image:width\" content=\"1000\" \/>\n\t<meta property=\"og:image:height\" content=\"1000\" \/>\n\t<meta property=\"og:image:type\" content=\"image\/jpeg\" \/>\n<meta name=\"twitter:card\" content=\"summary_large_image\" \/>\n<meta name=\"twitter:label1\" content=\"Tiempo de lectura\" \/>\n\t<meta name=\"twitter:data1\" content=\"1 minuto\" \/>\n<script type=\"application\/ld+json\" class=\"yoast-schema-graph\">{\"@context\":\"https:\/\/schema.org\",\"@graph\":[{\"@type\":\"WebPage\",\"@id\":\"https:\/\/soymat.com\/producto\/compresor-fcv3-200-7-3hp-200l-bta\/\",\"url\":\"https:\/\/soymat.com\/producto\/compresor-fcv3-200-7-3hp-200l-bta\/\",\"name\":\"Compresor FCV3-200-7 3HP 200L - BTA - SoyMat \u2013 Seguridad Industrial\",\"isPartOf\":{\"@id\":\"https:\/\/soymat.com\/#website\"},\"primaryImageOfPage\":{\"@id\":\"https:\/\/soymat.com\/producto\/compresor-fcv3-200-7-3hp-200l-bta\/#primaryimage\"},\"image\":{\"@id\":\"https:\/\/soymat.com\/producto\/compresor-fcv3-200-7-3hp-200l-bta\/#primaryimage\"},\"thumbnailUrl\":\"https:\/\/soymat.com\/wp-content\/uploads\/2025\/07\/273241-5-1.jpg\",\"datePublished\":\"2025-07-25T22:20:45+00:00\",\"dateModified\":\"2025-11-11T00:25:47+00:00\",\"breadcrumb\":{\"@id\":\"https:\/\/soymat.com\/producto\/compresor-fcv3-200-7-3hp-200l-bta\/#breadcrumb\"},\"inLanguage\":\"es-AR\",\"potentialAction\":[{\"@type\":\"ReadAction\",\"target\":[\"https:\/\/soymat.com\/producto\/compresor-fcv3-200-7-3hp-200l-bta\/\"]}]},{\"@type\":\"ImageObject\",\"inLanguage\":\"es-AR\",\"@id\":\"https:\/\/soymat.com\/producto\/compresor-fcv3-200-7-3hp-200l-bta\/#primaryimage\",\"url\":\"https:\/\/soymat.com\/wp-content\/uploads\/2025\/07\/273241-5-1.jpg\",\"contentUrl\":\"https:\/\/soymat.com\/wp-content\/uploads\/2025\/07\/273241-5-1.jpg\",\"width\":1000,\"height\":1000},{\"@type\":\"BreadcrumbList\",\"@id\":\"https:\/\/soymat.com\/producto\/compresor-fcv3-200-7-3hp-200l-bta\/#breadcrumb\",\"itemListElement\":[{\"@type\":\"ListItem\",\"position\":1,\"name\":\"Portada\",\"item\":\"https:\/\/soymat.com\/\"},{\"@type\":\"ListItem\",\"position\":2,\"name\":\"Todos los Productos\",\"item\":\"https:\/\/soymat.com\/shop\/\"},{\"@type\":\"ListItem\",\"position\":3,\"name\":\"Compresor FCV3-200-7 3HP 200L &#8211; BTA\"}]},{\"@type\":\"WebSite\",\"@id\":\"https:\/\/soymat.com\/#website\",\"url\":\"https:\/\/soymat.com\/\",\"name\":\"So&Mat\",\"description\":\"Empresa Dedicada a la protecci\u00f3n global contra incendio . matafuegos redes bombas,venta instalaci\u00f3n y service, protecci\u00f3n y confort laboral en todo concepto.\",\"publisher\":{\"@id\":\"https:\/\/soymat.com\/#organization\"},\"alternateName\":\"So&Mat\",\"potentialAction\":[{\"@type\":\"SearchAction\",\"target\":{\"@type\":\"EntryPoint\",\"urlTemplate\":\"https:\/\/soymat.com\/?s={search_term_string}\"},\"query-input\":{\"@type\":\"PropertyValueSpecification\",\"valueRequired\":true,\"valueName\":\"search_term_string\"}}],\"inLanguage\":\"es-AR\"},{\"@type\":\"Organization\",\"@id\":\"https:\/\/soymat.com\/#organization\",\"name\":\"So&Mat\",\"url\":\"https:\/\/soymat.com\/\",\"logo\":{\"@type\":\"ImageObject\",\"inLanguage\":\"es-AR\",\"@id\":\"https:\/\/soymat.com\/#\/schema\/logo\/image\/\",\"url\":\"https:\/\/soymat.com\/wp-content\/uploads\/2024\/08\/SoyMat.jpg\",\"contentUrl\":\"https:\/\/soymat.com\/wp-content\/uploads\/2024\/08\/SoyMat.jpg\",\"width\":600,\"height\":236,\"caption\":\"So&Mat\"},\"image\":{\"@id\":\"https:\/\/soymat.com\/#\/schema\/logo\/image\/\"}}]}<\/script>\n<!-- \/ Yoast SEO Premium plugin. -->","yoast_head_json":{"title":"Compresor FCV3-200-7 3HP 200L - BTA - SoyMat \u2013 Seguridad Industrial","robots":{"index":"index","follow":"follow","max-snippet":"max-snippet:-1","max-image-preview":"max-image-preview:large","max-video-preview":"max-video-preview:-1"},"canonical":"https:\/\/soymat.com\/es\/producto\/compresor-fcv3-200-7-3hp-200l-bta\/","og_locale":"es_ES","og_type":"article","og_title":"Compresor FCV3-200-7 3HP 200L - BTA","og_description":"Compresor FCV3-200-7 3HP 200L &#8211; BTA Cod.: 273241,5 Modelo: FCV3-200-7 Potencia: 2,2 kW (3 HP) Tensi\u00f3n: 220 V~ 50 Hz Velocidad: 1030 min.-1 I M\u00e1x.: 10 A Tanque: 200 Litros Admisi\u00f3n de Aire: 315 l\/min Presi\u00f3n m\u00e1x.: 8 Bar (0,8 MPa) &nbsp;","og_url":"https:\/\/soymat.com\/es\/producto\/compresor-fcv3-200-7-3hp-200l-bta\/","og_site_name":"SoyMat \u2013 Seguridad Industrial","article_modified_time":"2025-11-11T00:25:47+00:00","og_image":[{"width":1000,"height":1000,"url":"https:\/\/soymat.com\/wp-content\/uploads\/2025\/07\/273241-5-1.jpg","type":"image\/jpeg"}],"twitter_card":"summary_large_image","twitter_misc":{"Tiempo de lectura":"1 minuto"},"schema":{"@context":"https:\/\/schema.org","@graph":[{"@type":"WebPage","@id":"https:\/\/soymat.com\/producto\/compresor-fcv3-200-7-3hp-200l-bta\/","url":"https:\/\/soymat.com\/producto\/compresor-fcv3-200-7-3hp-200l-bta\/","name":"Compresor FCV3-200-7 3HP 200L - BTA - SoyMat \u2013 Seguridad Industrial","isPartOf":{"@id":"https:\/\/soymat.com\/#website"},"primaryImageOfPage":{"@id":"https:\/\/soymat.com\/producto\/compresor-fcv3-200-7-3hp-200l-bta\/#primaryimage"},"image":{"@id":"https:\/\/soymat.com\/producto\/compresor-fcv3-200-7-3hp-200l-bta\/#primaryimage"},"thumbnailUrl":"https:\/\/soymat.com\/wp-content\/uploads\/2025\/07\/273241-5-1.jpg","datePublished":"2025-07-25T22:20:45+00:00","dateModified":"2025-11-11T00:25:47+00:00","breadcrumb":{"@id":"https:\/\/soymat.com\/producto\/compresor-fcv3-200-7-3hp-200l-bta\/#breadcrumb"},"inLanguage":"es-AR","potentialAction":[{"@type":"ReadAction","target":["https:\/\/soymat.com\/producto\/compresor-fcv3-200-7-3hp-200l-bta\/"]}]},{"@type":"ImageObject","inLanguage":"es-AR","@id":"https:\/\/soymat.com\/producto\/compresor-fcv3-200-7-3hp-200l-bta\/#primaryimage","url":"https:\/\/soymat.com\/wp-content\/uploads\/2025\/07\/273241-5-1.jpg","contentUrl":"https:\/\/soymat.com\/wp-content\/uploads\/2025\/07\/273241-5-1.jpg","width":1000,"height":1000},{"@type":"BreadcrumbList","@id":"https:\/\/soymat.com\/producto\/compresor-fcv3-200-7-3hp-200l-bta\/#breadcrumb","itemListElement":[{"@type":"ListItem","position":1,"name":"Portada","item":"https:\/\/soymat.com\/"},{"@type":"ListItem","position":2,"name":"Todos los Productos","item":"https:\/\/soymat.com\/shop\/"},{"@type":"ListItem","position":3,"name":"Compresor FCV3-200-7 3HP 200L &#8211; BTA"}]},{"@type":"WebSite","@id":"https:\/\/soymat.com\/#website","url":"https:\/\/soymat.com\/","name":"So&Mat","description":"Empresa Dedicada a la protecci\u00f3n global contra incendio . matafuegos redes bombas,venta instalaci\u00f3n y service, protecci\u00f3n y confort laboral en todo concepto.","publisher":{"@id":"https:\/\/soymat.com\/#organization"},"alternateName":"So&Mat","potentialAction":[{"@type":"SearchAction","target":{"@type":"EntryPoint","urlTemplate":"https:\/\/soymat.com\/?s={search_term_string}"},"query-input":{"@type":"PropertyValueSpecification","valueRequired":true,"valueName":"search_term_string"}}],"inLanguage":"es-AR"},{"@type":"Organization","@id":"https:\/\/soymat.com\/#organization","name":"So&Mat","url":"https:\/\/soymat.com\/","logo":{"@type":"ImageObject","inLanguage":"es-AR","@id":"https:\/\/soymat.com\/#\/schema\/logo\/image\/","url":"https:\/\/soymat.com\/wp-content\/uploads\/2024\/08\/SoyMat.jpg","contentUrl":"https:\/\/soymat.com\/wp-content\/uploads\/2024\/08\/SoyMat.jpg","width":600,"height":236,"caption":"So&Mat"},"image":{"@id":"https:\/\/soymat.com\/#\/schema\/logo\/image\/"}}]}},"_links":{"self":[{"href":"https:\/\/soymat.com\/es\/wp-json\/wp\/v2\/product\/23236","targetHints":{"allow":["GET"]}}],"collection":[{"href":"https:\/\/soymat.com\/es\/wp-json\/wp\/v2\/product"}],"about":[{"href":"https:\/\/soymat.com\/es\/wp-json\/wp\/v2\/types\/product"}],"wp:featuredmedia":[{"embeddable":true,"href":"https:\/\/soymat.com\/es\/wp-json\/wp\/v2\/media\/23239"}],"wp:attachment":[{"href":"https:\/\/soymat.com\/es\/wp-json\/wp\/v2\/media?parent=23236"}],"wp:term":[{"taxonomy":"product_cat","embeddable":true,"href":"https:\/\/soymat.com\/es\/wp-json\/wp\/v2\/product_cat?post=23236"},{"taxonomy":"product_tag","embeddable":true,"href":"https:\/\/soymat.com\/es\/wp-json\/wp\/v2\/product_tag?post=23236"}],"curies":[{"name":"wp","href":"https:\/\/api.w.org\/{rel}","templated":true}]}}