{"id":23606,"date":"2025-09-10T18:35:54","date_gmt":"2025-09-10T21:35:54","guid":{"rendered":"https:\/\/soymat.com\/?post_type=product&#038;p=23606"},"modified":"2026-04-09T13:07:00","modified_gmt":"2026-04-09T16:07:00","slug":"botin-tracer-dielectrica-punt-aluminio-funcional-negro","status":"publish","type":"product","link":"https:\/\/soymat.com\/es\/producto\/botin-tracer-dielectrica-punt-aluminio-funcional-negro\/","title":{"rendered":"Bot\u00edn Tracer &#8211; Diel\u00e9ctrico &#8211; Punt. Aluminio &#8211; Funcional"},"content":{"rendered":"<p><strong>Bot\u00edn Tracer Diel\u00e9ctrica Punt. Aluminio &#8211; Funcional<\/strong><br \/>\n<strong>Color<\/strong> negro<br \/>\nCod.: TRACER-N09-<\/p>\n<p>&nbsp;<\/p>\n<p>&#8211; Puntera de Aluminio ultraliviana: El doble de liviana que una puntera de acero tradicional, te da la m\u00e1xima protecci\u00f3n contra impactos sin agregar peso extra.<\/p>\n<p>&#8211; Dise\u00f1o Urbano y Moderno: Combina cuero nobuck y materiales textiles de alta calidad para un estilo vers\u00e1til que no parece de seguridad.<\/p>\n<p>&#8211; M\u00e1ximo Confort: Con su plantilla ergon\u00f3mica y acolchada, este calzado absorbe la energ\u00eda del impacto en el tal\u00f3n, reduciendo la fatiga y el estr\u00e9s en tus pies.<\/p>\n<p>&#8211; Suela de Poliuretano Multidensidad: Antideslizante y con propiedades diel\u00e9ctricas, te protege contra riesgos el\u00e9ctricos y te da un agarre firme en cualquier superficie, resistente a hidrocarburos, flexi\u00f3n y abrasi\u00f3n, garantizando una larga vida \u00fatil.<\/p>\n<p>&#8211; Tecnolog\u00edas Exclusivas: Incorpora sistemas como IPD Technology (amortiguaci\u00f3n progresiva), DCP System (mayor grip) y Shock Absorber para una estabilidad y confort inigualables.<\/p>\n<p>&#8211; Detalles de Alta Visibilidad: Los cordones y materiales reflectivos REFLEMAX te brindan mayor seguridad en entornos con poca luz.<\/p>\n<p><strong>Especificaciones T\u00e9cnicas<\/strong><br \/>\n&#8211; Exterior: Combinaci\u00f3n de Cuero Nobuck y materiales textiles.<br \/>\n&#8211; Interior: Forro textil con tratamiento antimicrobiano MICROTEC PRO, que previene malos olores.<br \/>\n&#8211; Puntera: Aluminio.<br \/>\n&#8211; Suela: Poliuretano Multidensidad, inyectada directamente a la capellada.<br \/>\n&#8211; Normas: Certificado bajo Norma IRAM 3610.<\/p>\n<p>&nbsp;<\/p>","protected":false},"excerpt":{"rendered":"<p>Bot\u00edn Tracer Diel\u00e9ctrica Punt. Aluminio &#8211; Funcional Color negro Cod.: TRACER-N09- &nbsp; &#8211; Puntera de Aluminio ultraliviana: El doble de liviana que una puntera de acero tradicional, te da la m\u00e1xima protecci\u00f3n contra impactos sin agregar peso extra. &#8211; Dise\u00f1o Urbano y Moderno: Combina cuero nobuck y materiales textiles de alta calidad para un estilo [&hellip;]<\/p>\n","protected":false},"featured_media":23605,"template":"","meta":[],"product_cat":[92,80,151],"product_tag":[506,796,507,795,794,336,334,329,793],"class_list":{"0":"post-23606","1":"product","2":"type-product","3":"status-publish","4":"has-post-thumbnail","6":"product_brand-calzados-de-seguridad-funcional-zapatillas-zapatos-botines","7":"product_cat-botin","8":"product_cat-calzado-de-seguridad","9":"product_cat-ultralivianos","10":"product_tag-arquitectos","11":"product_tag-botin-de-seguridad","12":"product_tag-ingenieros","13":"product_tag-lanzamiento","14":"product_tag-ultraliviano","15":"product_tag-zalzado-de-seguridad","16":"product_tag-zapatilla-de-seguridad","17":"product_tag-zapatilla-de-trabajo","18":"product_tag-zapatos-funcional","20":"first","21":"instock","22":"taxable","23":"shipping-taxable","24":"purchasable","25":"product-type-variable","26":"add-to-wishlist-after_add_to_cart"},"yoast_head":"<!-- This site is optimized with the Yoast SEO Premium plugin v26.9 (Yoast SEO v26.9) - https:\/\/yoast.com\/product\/yoast-seo-premium-wordpress\/ -->\n<title>Bot\u00edn Tracer - Diel\u00e9ctrico - Punt. Aluminio - Funcional - SoyMat \u2013 Seguridad Industrial<\/title>\n<meta name=\"robots\" content=\"index, follow, max-snippet:-1, max-image-preview:large, max-video-preview:-1\" \/>\n<link rel=\"canonical\" href=\"https:\/\/soymat.com\/es\/producto\/botin-tracer-dielectrica-punt-aluminio-funcional-negro\/\" \/>\n<meta property=\"og:locale\" content=\"es_ES\" \/>\n<meta property=\"og:type\" content=\"article\" \/>\n<meta property=\"og:title\" content=\"Bot\u00edn Tracer - Diel\u00e9ctrico - Punt. Aluminio - Funcional\" \/>\n<meta property=\"og:description\" content=\"Bot\u00edn Tracer Diel\u00e9ctrica Punt. Aluminio &#8211; Funcional Color negro Cod.: TRACER-N09- &nbsp; &#8211; Puntera de Aluminio ultraliviana: El doble de liviana que una puntera de acero tradicional, te da la m\u00e1xima protecci\u00f3n contra impactos sin agregar peso extra. &#8211; Dise\u00f1o Urbano y Moderno: Combina cuero nobuck y materiales textiles de alta calidad para un estilo [&hellip;]\" \/>\n<meta property=\"og:url\" content=\"https:\/\/soymat.com\/es\/producto\/botin-tracer-dielectrica-punt-aluminio-funcional-negro\/\" \/>\n<meta property=\"og:site_name\" content=\"SoyMat \u2013 Seguridad Industrial\" \/>\n<meta property=\"article:modified_time\" content=\"2026-04-09T16:07:00+00:00\" \/>\n<meta property=\"og:image\" content=\"https:\/\/soymat.com\/wp-content\/uploads\/2025\/09\/botin-tracer-negro_3-min-scaled.jpg\" \/>\n\t<meta property=\"og:image:width\" content=\"2560\" \/>\n\t<meta property=\"og:image:height\" content=\"2560\" \/>\n\t<meta property=\"og:image:type\" content=\"image\/jpeg\" \/>\n<meta name=\"twitter:card\" content=\"summary_large_image\" \/>\n<meta name=\"twitter:label1\" content=\"Tiempo de lectura\" \/>\n\t<meta name=\"twitter:data1\" content=\"2 minutos\" \/>\n<script type=\"application\/ld+json\" class=\"yoast-schema-graph\">{\"@context\":\"https:\/\/schema.org\",\"@graph\":[{\"@type\":\"WebPage\",\"@id\":\"https:\/\/soymat.com\/producto\/botin-tracer-dielectrica-punt-aluminio-funcional-negro\/\",\"url\":\"https:\/\/soymat.com\/producto\/botin-tracer-dielectrica-punt-aluminio-funcional-negro\/\",\"name\":\"Bot\u00edn Tracer - Diel\u00e9ctrico - Punt. Aluminio - Funcional - SoyMat \u2013 Seguridad Industrial\",\"isPartOf\":{\"@id\":\"https:\/\/soymat.com\/#website\"},\"primaryImageOfPage\":{\"@id\":\"https:\/\/soymat.com\/producto\/botin-tracer-dielectrica-punt-aluminio-funcional-negro\/#primaryimage\"},\"image\":{\"@id\":\"https:\/\/soymat.com\/producto\/botin-tracer-dielectrica-punt-aluminio-funcional-negro\/#primaryimage\"},\"thumbnailUrl\":\"https:\/\/soymat.com\/wp-content\/uploads\/2025\/09\/botin-tracer-negro_3-min-scaled.jpg\",\"datePublished\":\"2025-09-10T21:35:54+00:00\",\"dateModified\":\"2026-04-09T16:07:00+00:00\",\"breadcrumb\":{\"@id\":\"https:\/\/soymat.com\/producto\/botin-tracer-dielectrica-punt-aluminio-funcional-negro\/#breadcrumb\"},\"inLanguage\":\"es-AR\",\"potentialAction\":[{\"@type\":\"ReadAction\",\"target\":[\"https:\/\/soymat.com\/producto\/botin-tracer-dielectrica-punt-aluminio-funcional-negro\/\"]}]},{\"@type\":\"ImageObject\",\"inLanguage\":\"es-AR\",\"@id\":\"https:\/\/soymat.com\/producto\/botin-tracer-dielectrica-punt-aluminio-funcional-negro\/#primaryimage\",\"url\":\"https:\/\/soymat.com\/wp-content\/uploads\/2025\/09\/botin-tracer-negro_3-min-scaled.jpg\",\"contentUrl\":\"https:\/\/soymat.com\/wp-content\/uploads\/2025\/09\/botin-tracer-negro_3-min-scaled.jpg\",\"width\":2560,\"height\":2560},{\"@type\":\"BreadcrumbList\",\"@id\":\"https:\/\/soymat.com\/producto\/botin-tracer-dielectrica-punt-aluminio-funcional-negro\/#breadcrumb\",\"itemListElement\":[{\"@type\":\"ListItem\",\"position\":1,\"name\":\"Portada\",\"item\":\"https:\/\/soymat.com\/\"},{\"@type\":\"ListItem\",\"position\":2,\"name\":\"Todos los Productos\",\"item\":\"https:\/\/soymat.com\/shop\/\"},{\"@type\":\"ListItem\",\"position\":3,\"name\":\"Bot\u00edn Tracer &#8211; Diel\u00e9ctrico &#8211; Punt. Aluminio &#8211; Funcional\"}]},{\"@type\":\"WebSite\",\"@id\":\"https:\/\/soymat.com\/#website\",\"url\":\"https:\/\/soymat.com\/\",\"name\":\"So&Mat\",\"description\":\"Empresa Dedicada a la protecci\u00f3n global contra incendio . matafuegos redes bombas,venta instalaci\u00f3n y service, protecci\u00f3n y confort laboral en todo concepto.\",\"publisher\":{\"@id\":\"https:\/\/soymat.com\/#organization\"},\"alternateName\":\"So&Mat\",\"potentialAction\":[{\"@type\":\"SearchAction\",\"target\":{\"@type\":\"EntryPoint\",\"urlTemplate\":\"https:\/\/soymat.com\/?s={search_term_string}\"},\"query-input\":{\"@type\":\"PropertyValueSpecification\",\"valueRequired\":true,\"valueName\":\"search_term_string\"}}],\"inLanguage\":\"es-AR\"},{\"@type\":\"Organization\",\"@id\":\"https:\/\/soymat.com\/#organization\",\"name\":\"So&Mat\",\"url\":\"https:\/\/soymat.com\/\",\"logo\":{\"@type\":\"ImageObject\",\"inLanguage\":\"es-AR\",\"@id\":\"https:\/\/soymat.com\/#\/schema\/logo\/image\/\",\"url\":\"https:\/\/soymat.com\/wp-content\/uploads\/2024\/08\/SoyMat.jpg\",\"contentUrl\":\"https:\/\/soymat.com\/wp-content\/uploads\/2024\/08\/SoyMat.jpg\",\"width\":600,\"height\":236,\"caption\":\"So&Mat\"},\"image\":{\"@id\":\"https:\/\/soymat.com\/#\/schema\/logo\/image\/\"}}]}<\/script>\n<!-- \/ Yoast SEO Premium plugin. -->","yoast_head_json":{"title":"Bot\u00edn Tracer - Diel\u00e9ctrico - Punt. Aluminio - Funcional - SoyMat \u2013 Seguridad Industrial","robots":{"index":"index","follow":"follow","max-snippet":"max-snippet:-1","max-image-preview":"max-image-preview:large","max-video-preview":"max-video-preview:-1"},"canonical":"https:\/\/soymat.com\/es\/producto\/botin-tracer-dielectrica-punt-aluminio-funcional-negro\/","og_locale":"es_ES","og_type":"article","og_title":"Bot\u00edn Tracer - Diel\u00e9ctrico - Punt. Aluminio - Funcional","og_description":"Bot\u00edn Tracer Diel\u00e9ctrica Punt. Aluminio &#8211; Funcional Color negro Cod.: TRACER-N09- &nbsp; &#8211; Puntera de Aluminio ultraliviana: El doble de liviana que una puntera de acero tradicional, te da la m\u00e1xima protecci\u00f3n contra impactos sin agregar peso extra. &#8211; Dise\u00f1o Urbano y Moderno: Combina cuero nobuck y materiales textiles de alta calidad para un estilo [&hellip;]","og_url":"https:\/\/soymat.com\/es\/producto\/botin-tracer-dielectrica-punt-aluminio-funcional-negro\/","og_site_name":"SoyMat \u2013 Seguridad Industrial","article_modified_time":"2026-04-09T16:07:00+00:00","og_image":[{"width":2560,"height":2560,"url":"https:\/\/soymat.com\/wp-content\/uploads\/2025\/09\/botin-tracer-negro_3-min-scaled.jpg","type":"image\/jpeg"}],"twitter_card":"summary_large_image","twitter_misc":{"Tiempo de lectura":"2 minutos"},"schema":{"@context":"https:\/\/schema.org","@graph":[{"@type":"WebPage","@id":"https:\/\/soymat.com\/producto\/botin-tracer-dielectrica-punt-aluminio-funcional-negro\/","url":"https:\/\/soymat.com\/producto\/botin-tracer-dielectrica-punt-aluminio-funcional-negro\/","name":"Bot\u00edn Tracer - Diel\u00e9ctrico - Punt. Aluminio - Funcional - SoyMat \u2013 Seguridad Industrial","isPartOf":{"@id":"https:\/\/soymat.com\/#website"},"primaryImageOfPage":{"@id":"https:\/\/soymat.com\/producto\/botin-tracer-dielectrica-punt-aluminio-funcional-negro\/#primaryimage"},"image":{"@id":"https:\/\/soymat.com\/producto\/botin-tracer-dielectrica-punt-aluminio-funcional-negro\/#primaryimage"},"thumbnailUrl":"https:\/\/soymat.com\/wp-content\/uploads\/2025\/09\/botin-tracer-negro_3-min-scaled.jpg","datePublished":"2025-09-10T21:35:54+00:00","dateModified":"2026-04-09T16:07:00+00:00","breadcrumb":{"@id":"https:\/\/soymat.com\/producto\/botin-tracer-dielectrica-punt-aluminio-funcional-negro\/#breadcrumb"},"inLanguage":"es-AR","potentialAction":[{"@type":"ReadAction","target":["https:\/\/soymat.com\/producto\/botin-tracer-dielectrica-punt-aluminio-funcional-negro\/"]}]},{"@type":"ImageObject","inLanguage":"es-AR","@id":"https:\/\/soymat.com\/producto\/botin-tracer-dielectrica-punt-aluminio-funcional-negro\/#primaryimage","url":"https:\/\/soymat.com\/wp-content\/uploads\/2025\/09\/botin-tracer-negro_3-min-scaled.jpg","contentUrl":"https:\/\/soymat.com\/wp-content\/uploads\/2025\/09\/botin-tracer-negro_3-min-scaled.jpg","width":2560,"height":2560},{"@type":"BreadcrumbList","@id":"https:\/\/soymat.com\/producto\/botin-tracer-dielectrica-punt-aluminio-funcional-negro\/#breadcrumb","itemListElement":[{"@type":"ListItem","position":1,"name":"Portada","item":"https:\/\/soymat.com\/"},{"@type":"ListItem","position":2,"name":"Todos los Productos","item":"https:\/\/soymat.com\/shop\/"},{"@type":"ListItem","position":3,"name":"Bot\u00edn Tracer &#8211; Diel\u00e9ctrico &#8211; Punt. Aluminio &#8211; Funcional"}]},{"@type":"WebSite","@id":"https:\/\/soymat.com\/#website","url":"https:\/\/soymat.com\/","name":"So&Mat","description":"Empresa Dedicada a la protecci\u00f3n global contra incendio . matafuegos redes bombas,venta instalaci\u00f3n y service, protecci\u00f3n y confort laboral en todo concepto.","publisher":{"@id":"https:\/\/soymat.com\/#organization"},"alternateName":"So&Mat","potentialAction":[{"@type":"SearchAction","target":{"@type":"EntryPoint","urlTemplate":"https:\/\/soymat.com\/?s={search_term_string}"},"query-input":{"@type":"PropertyValueSpecification","valueRequired":true,"valueName":"search_term_string"}}],"inLanguage":"es-AR"},{"@type":"Organization","@id":"https:\/\/soymat.com\/#organization","name":"So&Mat","url":"https:\/\/soymat.com\/","logo":{"@type":"ImageObject","inLanguage":"es-AR","@id":"https:\/\/soymat.com\/#\/schema\/logo\/image\/","url":"https:\/\/soymat.com\/wp-content\/uploads\/2024\/08\/SoyMat.jpg","contentUrl":"https:\/\/soymat.com\/wp-content\/uploads\/2024\/08\/SoyMat.jpg","width":600,"height":236,"caption":"So&Mat"},"image":{"@id":"https:\/\/soymat.com\/#\/schema\/logo\/image\/"}}]}},"_links":{"self":[{"href":"https:\/\/soymat.com\/es\/wp-json\/wp\/v2\/product\/23606","targetHints":{"allow":["GET"]}}],"collection":[{"href":"https:\/\/soymat.com\/es\/wp-json\/wp\/v2\/product"}],"about":[{"href":"https:\/\/soymat.com\/es\/wp-json\/wp\/v2\/types\/product"}],"wp:featuredmedia":[{"embeddable":true,"href":"https:\/\/soymat.com\/es\/wp-json\/wp\/v2\/media\/23605"}],"wp:attachment":[{"href":"https:\/\/soymat.com\/es\/wp-json\/wp\/v2\/media?parent=23606"}],"wp:term":[{"taxonomy":"product_cat","embeddable":true,"href":"https:\/\/soymat.com\/es\/wp-json\/wp\/v2\/product_cat?post=23606"},{"taxonomy":"product_tag","embeddable":true,"href":"https:\/\/soymat.com\/es\/wp-json\/wp\/v2\/product_tag?post=23606"}],"curies":[{"name":"wp","href":"https:\/\/api.w.org\/{rel}","templated":true}]}}