{"id":23635,"date":"2025-09-17T21:39:29","date_gmt":"2025-09-18T00:39:29","guid":{"rendered":"https:\/\/soymat.com\/?post_type=product&#038;p=23635"},"modified":"2026-04-17T22:08:00","modified_gmt":"2026-04-18T01:08:00","slug":"zapatilla-energy-680n-punt-aluminio-voran","status":"publish","type":"product","link":"https:\/\/soymat.com\/es\/producto\/zapatilla-energy-680n-punt-aluminio-voran\/","title":{"rendered":"Zapatilla Energy 680N &#8211; Punt. Aluminio &#8211; Voran"},"content":{"rendered":"<p><strong>Zapatilla Energy 680N &#8211; Punt. Aluminio &#8211; Voran<\/strong><br \/>\nCod.: 680-N09-<\/p>\n<p>Tipo de calzado de seguridad &#8211; Zapatilla<br \/>\nL\u00ednea SPORTSAFE<br \/>\nComposici\u00f3n suela: Poliuretano Multidensidad<br \/>\nExterior: Nobuck, con material reflectivo de alta visibilidad<br \/>\nPuntera: Aluminio<br \/>\nCuello: Acolchado<br \/>\nLeng\u00fceta: Forrada y acolchada<\/p>\n<p><strong>Planta<\/strong><br \/>\nAdhesi\u00f3n Capellada planta: Inyecci\u00f3n directa<br \/>\nCompuesto: Poliuretano Multidensidad<\/p>\n<p><strong>Otras Propiedades<\/strong><br \/>\nDiel\u00e9ctrica<br \/>\nResistente a Hidrocarburos<br \/>\nAntideslizante<br \/>\nAutolimpiante<br \/>\nResistente a la Flexi\u00f3n<br \/>\nResistente a la Abrasi\u00f3n<\/p>\n<p><strong>Riesgos Cubiertos<\/strong><\/p>\n<p>CALZADO DIEL\u00c9CTRICO<br \/>\nCalzado con planta exterior dise\u00f1ada para resistir un choque el\u00e9ctrico.<\/p>\n<p>AISLAMIENTO AL CALOR<br \/>\nAislamiento al calor del piso. Dise\u00f1ado para impedir que la temperatura suba m\u00e1s de 22 \u00b0C cuando el calzado est\u00e1 sobre una superficie a 150\u00b0C durante 30 minutos.<\/p>\n<p>AISLAMIENTO AL FR\u00cdO<br \/>\nAislamiento al fr\u00edo del piso. Dise\u00f1ado para impedir que la temperatura baje m\u00e1s de 10 \u00b0C cuando el calzado est\u00e1 sobre un piso a -17 \u00b0C durante 30 minutos.<\/p>\n<p>AMORTIGUACI\u00d3N DE IMPACTO<br \/>\nAbsorci\u00f3n de energ\u00eda en la zona del tal\u00f3n. Dise\u00f1ados para resistir impactos en la zona del tal\u00f3n de hasta 20J de energ\u00eda.<\/p>\n<p>RESISTENCIA AL AGUA<br \/>\nCalzado dise\u00f1ado para evitar el ingreso de agua cuando se camina en zonas que posean charcos o estancamientos (hasta 3 cm de altura).<\/p>\n<p>PUNTERA DE PROTECCI\u00d3N<br \/>\nLa puntera de protecci\u00f3n tiene una resistencia al impacto de 200 J y a la compresi\u00f3n de 15 KN, y es por naturaleza resistente a la corrosi\u00f3n.<\/p>\n<p>RESISTENCIA AL DESLIZAMIENTO<br \/>\nCalzado con planta exterior resistente al deslizamiento, dise\u00f1ada para reducir la posibilidad de resbalar en superficies de acero o baldosas cer\u00e1micas.<\/p>\n<p>RESISTENCIA A LA PERFORACI\u00d3N<br \/>\nLa plantilla resiste una fuerza de perforaci\u00f3n de 112 kgf. Reduciendo la posibilidad de lesiones causadas por objetos cortantes que puedan penetrar en la base del calzado.<\/p>\n<p>CALZADO ANTIEST\u00c1TICO<br \/>\nPermite disipar cargas y proteger al usuario frente a eventuales choques el\u00e9ctricos.<\/p>","protected":false},"excerpt":{"rendered":"<p>Zapatilla Energy 680N &#8211; Punt. Aluminio &#8211; Voran Cod.: 680-N09- Tipo de calzado de seguridad &#8211; Zapatilla L\u00ednea SPORTSAFE Composici\u00f3n suela: Poliuretano Multidensidad Exterior: Nobuck, con material reflectivo de alta visibilidad Puntera: Aluminio Cuello: Acolchado Leng\u00fceta: Forrada y acolchada Planta Adhesi\u00f3n Capellada planta: Inyecci\u00f3n directa Compuesto: Poliuretano Multidensidad Otras Propiedades Diel\u00e9ctrica Resistente a Hidrocarburos Antideslizante [&hellip;]<\/p>\n","protected":false},"featured_media":23645,"template":"","meta":[],"product_cat":[80,130],"product_tag":[98,317,798,175,780,334,797],"class_list":{"0":"post-23635","1":"product","2":"type-product","3":"status-publish","4":"has-post-thumbnail","6":"product_brand-calzados-de-seguridad-voran","7":"product_cat-calzado-de-seguridad","8":"product_cat-zapatillas-de-seguridad","9":"product_tag-calzado-de-seguridad","10":"product_tag-energy","11":"product_tag-puntera-auminio","12":"product_tag-trabajo-proteccion","13":"product_tag-voran","14":"product_tag-zapatilla-de-seguridad","15":"product_tag-zapatillas-de-trabajo","17":"first","18":"instock","19":"taxable","20":"shipping-taxable","21":"purchasable","22":"product-type-variable","23":"add-to-wishlist-after_add_to_cart"},"yoast_head":"<!-- This site is optimized with the Yoast SEO Premium plugin v26.9 (Yoast SEO v26.9) - https:\/\/yoast.com\/product\/yoast-seo-premium-wordpress\/ -->\n<title>Zapatilla Energy 680N - Punt. Aluminio - Voran - SoyMat \u2013 Seguridad Industrial<\/title>\n<meta name=\"robots\" content=\"index, follow, max-snippet:-1, max-image-preview:large, max-video-preview:-1\" \/>\n<link rel=\"canonical\" href=\"https:\/\/soymat.com\/es\/producto\/zapatilla-energy-680n-punt-aluminio-voran\/\" \/>\n<meta property=\"og:locale\" content=\"es_ES\" \/>\n<meta property=\"og:type\" content=\"article\" \/>\n<meta property=\"og:title\" content=\"Zapatilla Energy 680N - Punt. Aluminio - Voran\" \/>\n<meta property=\"og:description\" content=\"Zapatilla Energy 680N &#8211; Punt. Aluminio &#8211; Voran Cod.: 680-N09- Tipo de calzado de seguridad &#8211; Zapatilla L\u00ednea SPORTSAFE Composici\u00f3n suela: Poliuretano Multidensidad Exterior: Nobuck, con material reflectivo de alta visibilidad Puntera: Aluminio Cuello: Acolchado Leng\u00fceta: Forrada y acolchada Planta Adhesi\u00f3n Capellada planta: Inyecci\u00f3n directa Compuesto: Poliuretano Multidensidad Otras Propiedades Diel\u00e9ctrica Resistente a Hidrocarburos Antideslizante [&hellip;]\" \/>\n<meta property=\"og:url\" content=\"https:\/\/soymat.com\/es\/producto\/zapatilla-energy-680n-punt-aluminio-voran\/\" \/>\n<meta property=\"og:site_name\" content=\"SoyMat \u2013 Seguridad Industrial\" \/>\n<meta property=\"article:modified_time\" content=\"2026-04-18T01:08:00+00:00\" \/>\n<meta property=\"og:image\" content=\"https:\/\/soymat.com\/wp-content\/uploads\/2025\/09\/VORAN-680N_-LATERAL.jpg\" \/>\n\t<meta property=\"og:image:width\" content=\"798\" \/>\n\t<meta property=\"og:image:height\" content=\"798\" \/>\n\t<meta property=\"og:image:type\" content=\"image\/jpeg\" \/>\n<meta name=\"twitter:card\" content=\"summary_large_image\" \/>\n<meta name=\"twitter:label1\" content=\"Tiempo de lectura\" \/>\n\t<meta name=\"twitter:data1\" content=\"2 minutos\" \/>\n<script type=\"application\/ld+json\" class=\"yoast-schema-graph\">{\"@context\":\"https:\/\/schema.org\",\"@graph\":[{\"@type\":\"WebPage\",\"@id\":\"https:\/\/soymat.com\/producto\/zapatilla-energy-680n-punt-aluminio-voran\/\",\"url\":\"https:\/\/soymat.com\/producto\/zapatilla-energy-680n-punt-aluminio-voran\/\",\"name\":\"Zapatilla Energy 680N - Punt. Aluminio - Voran - SoyMat \u2013 Seguridad Industrial\",\"isPartOf\":{\"@id\":\"https:\/\/soymat.com\/#website\"},\"primaryImageOfPage\":{\"@id\":\"https:\/\/soymat.com\/producto\/zapatilla-energy-680n-punt-aluminio-voran\/#primaryimage\"},\"image\":{\"@id\":\"https:\/\/soymat.com\/producto\/zapatilla-energy-680n-punt-aluminio-voran\/#primaryimage\"},\"thumbnailUrl\":\"https:\/\/soymat.com\/wp-content\/uploads\/2025\/09\/VORAN-680N_-LATERAL.jpg\",\"datePublished\":\"2025-09-18T00:39:29+00:00\",\"dateModified\":\"2026-04-18T01:08:00+00:00\",\"breadcrumb\":{\"@id\":\"https:\/\/soymat.com\/producto\/zapatilla-energy-680n-punt-aluminio-voran\/#breadcrumb\"},\"inLanguage\":\"es-AR\",\"potentialAction\":[{\"@type\":\"ReadAction\",\"target\":[\"https:\/\/soymat.com\/producto\/zapatilla-energy-680n-punt-aluminio-voran\/\"]}]},{\"@type\":\"ImageObject\",\"inLanguage\":\"es-AR\",\"@id\":\"https:\/\/soymat.com\/producto\/zapatilla-energy-680n-punt-aluminio-voran\/#primaryimage\",\"url\":\"https:\/\/soymat.com\/wp-content\/uploads\/2025\/09\/VORAN-680N_-LATERAL.jpg\",\"contentUrl\":\"https:\/\/soymat.com\/wp-content\/uploads\/2025\/09\/VORAN-680N_-LATERAL.jpg\",\"width\":798,\"height\":798},{\"@type\":\"BreadcrumbList\",\"@id\":\"https:\/\/soymat.com\/producto\/zapatilla-energy-680n-punt-aluminio-voran\/#breadcrumb\",\"itemListElement\":[{\"@type\":\"ListItem\",\"position\":1,\"name\":\"Portada\",\"item\":\"https:\/\/soymat.com\/\"},{\"@type\":\"ListItem\",\"position\":2,\"name\":\"Todos los Productos\",\"item\":\"https:\/\/soymat.com\/shop\/\"},{\"@type\":\"ListItem\",\"position\":3,\"name\":\"Zapatilla Energy 680N &#8211; Punt. Aluminio &#8211; Voran\"}]},{\"@type\":\"WebSite\",\"@id\":\"https:\/\/soymat.com\/#website\",\"url\":\"https:\/\/soymat.com\/\",\"name\":\"So&Mat\",\"description\":\"Empresa Dedicada a la protecci\u00f3n global contra incendio . matafuegos redes bombas,venta instalaci\u00f3n y service, protecci\u00f3n y confort laboral en todo concepto.\",\"publisher\":{\"@id\":\"https:\/\/soymat.com\/#organization\"},\"alternateName\":\"So&Mat\",\"potentialAction\":[{\"@type\":\"SearchAction\",\"target\":{\"@type\":\"EntryPoint\",\"urlTemplate\":\"https:\/\/soymat.com\/?s={search_term_string}\"},\"query-input\":{\"@type\":\"PropertyValueSpecification\",\"valueRequired\":true,\"valueName\":\"search_term_string\"}}],\"inLanguage\":\"es-AR\"},{\"@type\":\"Organization\",\"@id\":\"https:\/\/soymat.com\/#organization\",\"name\":\"So&Mat\",\"url\":\"https:\/\/soymat.com\/\",\"logo\":{\"@type\":\"ImageObject\",\"inLanguage\":\"es-AR\",\"@id\":\"https:\/\/soymat.com\/#\/schema\/logo\/image\/\",\"url\":\"https:\/\/soymat.com\/wp-content\/uploads\/2024\/08\/SoyMat.jpg\",\"contentUrl\":\"https:\/\/soymat.com\/wp-content\/uploads\/2024\/08\/SoyMat.jpg\",\"width\":600,\"height\":236,\"caption\":\"So&Mat\"},\"image\":{\"@id\":\"https:\/\/soymat.com\/#\/schema\/logo\/image\/\"}}]}<\/script>\n<!-- \/ Yoast SEO Premium plugin. -->","yoast_head_json":{"title":"Zapatilla Energy 680N - Punt. Aluminio - Voran - SoyMat \u2013 Seguridad Industrial","robots":{"index":"index","follow":"follow","max-snippet":"max-snippet:-1","max-image-preview":"max-image-preview:large","max-video-preview":"max-video-preview:-1"},"canonical":"https:\/\/soymat.com\/es\/producto\/zapatilla-energy-680n-punt-aluminio-voran\/","og_locale":"es_ES","og_type":"article","og_title":"Zapatilla Energy 680N - Punt. Aluminio - Voran","og_description":"Zapatilla Energy 680N &#8211; Punt. Aluminio &#8211; Voran Cod.: 680-N09- Tipo de calzado de seguridad &#8211; Zapatilla L\u00ednea SPORTSAFE Composici\u00f3n suela: Poliuretano Multidensidad Exterior: Nobuck, con material reflectivo de alta visibilidad Puntera: Aluminio Cuello: Acolchado Leng\u00fceta: Forrada y acolchada Planta Adhesi\u00f3n Capellada planta: Inyecci\u00f3n directa Compuesto: Poliuretano Multidensidad Otras Propiedades Diel\u00e9ctrica Resistente a Hidrocarburos Antideslizante [&hellip;]","og_url":"https:\/\/soymat.com\/es\/producto\/zapatilla-energy-680n-punt-aluminio-voran\/","og_site_name":"SoyMat \u2013 Seguridad Industrial","article_modified_time":"2026-04-18T01:08:00+00:00","og_image":[{"width":798,"height":798,"url":"https:\/\/soymat.com\/wp-content\/uploads\/2025\/09\/VORAN-680N_-LATERAL.jpg","type":"image\/jpeg"}],"twitter_card":"summary_large_image","twitter_misc":{"Tiempo de lectura":"2 minutos"},"schema":{"@context":"https:\/\/schema.org","@graph":[{"@type":"WebPage","@id":"https:\/\/soymat.com\/producto\/zapatilla-energy-680n-punt-aluminio-voran\/","url":"https:\/\/soymat.com\/producto\/zapatilla-energy-680n-punt-aluminio-voran\/","name":"Zapatilla Energy 680N - Punt. Aluminio - Voran - SoyMat \u2013 Seguridad Industrial","isPartOf":{"@id":"https:\/\/soymat.com\/#website"},"primaryImageOfPage":{"@id":"https:\/\/soymat.com\/producto\/zapatilla-energy-680n-punt-aluminio-voran\/#primaryimage"},"image":{"@id":"https:\/\/soymat.com\/producto\/zapatilla-energy-680n-punt-aluminio-voran\/#primaryimage"},"thumbnailUrl":"https:\/\/soymat.com\/wp-content\/uploads\/2025\/09\/VORAN-680N_-LATERAL.jpg","datePublished":"2025-09-18T00:39:29+00:00","dateModified":"2026-04-18T01:08:00+00:00","breadcrumb":{"@id":"https:\/\/soymat.com\/producto\/zapatilla-energy-680n-punt-aluminio-voran\/#breadcrumb"},"inLanguage":"es-AR","potentialAction":[{"@type":"ReadAction","target":["https:\/\/soymat.com\/producto\/zapatilla-energy-680n-punt-aluminio-voran\/"]}]},{"@type":"ImageObject","inLanguage":"es-AR","@id":"https:\/\/soymat.com\/producto\/zapatilla-energy-680n-punt-aluminio-voran\/#primaryimage","url":"https:\/\/soymat.com\/wp-content\/uploads\/2025\/09\/VORAN-680N_-LATERAL.jpg","contentUrl":"https:\/\/soymat.com\/wp-content\/uploads\/2025\/09\/VORAN-680N_-LATERAL.jpg","width":798,"height":798},{"@type":"BreadcrumbList","@id":"https:\/\/soymat.com\/producto\/zapatilla-energy-680n-punt-aluminio-voran\/#breadcrumb","itemListElement":[{"@type":"ListItem","position":1,"name":"Portada","item":"https:\/\/soymat.com\/"},{"@type":"ListItem","position":2,"name":"Todos los Productos","item":"https:\/\/soymat.com\/shop\/"},{"@type":"ListItem","position":3,"name":"Zapatilla Energy 680N &#8211; Punt. Aluminio &#8211; Voran"}]},{"@type":"WebSite","@id":"https:\/\/soymat.com\/#website","url":"https:\/\/soymat.com\/","name":"So&Mat","description":"Empresa Dedicada a la protecci\u00f3n global contra incendio . matafuegos redes bombas,venta instalaci\u00f3n y service, protecci\u00f3n y confort laboral en todo concepto.","publisher":{"@id":"https:\/\/soymat.com\/#organization"},"alternateName":"So&Mat","potentialAction":[{"@type":"SearchAction","target":{"@type":"EntryPoint","urlTemplate":"https:\/\/soymat.com\/?s={search_term_string}"},"query-input":{"@type":"PropertyValueSpecification","valueRequired":true,"valueName":"search_term_string"}}],"inLanguage":"es-AR"},{"@type":"Organization","@id":"https:\/\/soymat.com\/#organization","name":"So&Mat","url":"https:\/\/soymat.com\/","logo":{"@type":"ImageObject","inLanguage":"es-AR","@id":"https:\/\/soymat.com\/#\/schema\/logo\/image\/","url":"https:\/\/soymat.com\/wp-content\/uploads\/2024\/08\/SoyMat.jpg","contentUrl":"https:\/\/soymat.com\/wp-content\/uploads\/2024\/08\/SoyMat.jpg","width":600,"height":236,"caption":"So&Mat"},"image":{"@id":"https:\/\/soymat.com\/#\/schema\/logo\/image\/"}}]}},"_links":{"self":[{"href":"https:\/\/soymat.com\/es\/wp-json\/wp\/v2\/product\/23635","targetHints":{"allow":["GET"]}}],"collection":[{"href":"https:\/\/soymat.com\/es\/wp-json\/wp\/v2\/product"}],"about":[{"href":"https:\/\/soymat.com\/es\/wp-json\/wp\/v2\/types\/product"}],"wp:featuredmedia":[{"embeddable":true,"href":"https:\/\/soymat.com\/es\/wp-json\/wp\/v2\/media\/23645"}],"wp:attachment":[{"href":"https:\/\/soymat.com\/es\/wp-json\/wp\/v2\/media?parent=23635"}],"wp:term":[{"taxonomy":"product_cat","embeddable":true,"href":"https:\/\/soymat.com\/es\/wp-json\/wp\/v2\/product_cat?post=23635"},{"taxonomy":"product_tag","embeddable":true,"href":"https:\/\/soymat.com\/es\/wp-json\/wp\/v2\/product_tag?post=23635"}],"curies":[{"name":"wp","href":"https:\/\/api.w.org\/{rel}","templated":true}]}}