{"id":23684,"date":"2025-10-06T08:46:33","date_gmt":"2025-10-06T11:46:33","guid":{"rendered":"https:\/\/soymat.com\/?post_type=product&#038;p=23684"},"modified":"2026-04-18T19:07:47","modified_gmt":"2026-04-18T22:07:47","slug":"tractor-cortacesped-a-bateria-80v-evo-mower-motor-brushless","status":"publish","type":"product","link":"https:\/\/soymat.com\/es\/producto\/tractor-cortacesped-a-bateria-80v-evo-mower-motor-brushless\/","title":{"rendered":"Tractor Cortacesped A Bateria 80v Evo-Mower Motor Brushless"},"content":{"rendered":"<p><strong>Tractor Cortacesped A Bateria 80v Evo-Mower Motor Brushless &#8211; Dowen Pagio<\/strong><\/p>\n<p>Cod.: 9995590<\/p>\n<p>Corte de c\u00e9sped ecol\u00f3gico y sustentable sin ruidos y sin emisiones contaminantes<br \/>\npotentes bater\u00edas de iones litio de 40 v que proporcionan una fuente de energ\u00eda fiable y sostenible<br \/>\nMotores con tecnolog\u00eda brushless<br \/>\nAlto rendimiento y bajo mantenimiento<\/p>\n<p>Regulaci\u00f3n de altura de corte en 9 posiciones de 35 a 115 mm<br \/>\nLuz LED frontal<br \/>\nAlojamiento para 6 Bater\u00edas<br \/>\nTablero de comandos de f\u00e1cil acceso<\/p>\n<p>Incluye:<\/p>\n<p>Salida USB para carga de accesorios como celulares<br \/>\nLlave para arranque<br \/>\nInterruptor parada emergencia de las cuchillas<br \/>\nVisor digital indicador de carga de las bater\u00edas<br \/>\nPulsador reversa de cuchillas<br \/>\nPulsador velocidad crucero<br \/>\nPulsador luces encendido\/apagado<br \/>\nInterruptor selector avance, neutro y retroceso<\/p>\n<p>Especificaciones<br \/>\nTractor cortac\u00e9sped a bater\u00eda \u2013 Recargable \u2013 MT3880<br \/>\nAncho de corte 38 \/ 96 cm<br \/>\nMotor de corte Sin carbones (Brushless) \u2013 1400 W<br \/>\n2 motores, uno por cuchilla 80 V<br \/>\nMotor de tracci\u00f3n Sin carbones (Brushless) \u2013 1500 W 80 V<\/p>\n<p>Bater\u00eda<br \/>\nBater\u00eda de Iones-Litio<br \/>\nCapacidad por bater\u00eda: 40 V \u2013 6.0 Ah<br \/>\nCantidad de bater\u00edas: 6 unidades<br \/>\nTiempo de trabajo: 60 minutos<br \/>\nEficiencia de corte 8000 m\u00b2<br \/>\nTiempo de carga de bater\u00eda 2 horas<\/p>\n<p>Altura de corte 35 \u2013 115 mm<br \/>\n9 posiciones de corte<\/p>","protected":false},"excerpt":{"rendered":"<p>Tractor Cortacesped A Bateria 80v Evo-Mower Motor Brushless &#8211; Dowen Pagio Cod.: 9995590 Corte de c\u00e9sped ecol\u00f3gico y sustentable sin ruidos y sin emisiones contaminantes potentes bater\u00edas de iones litio de 40 v que proporcionan una fuente de energ\u00eda fiable y sostenible Motores con tecnolog\u00eda brushless Alto rendimiento y bajo mantenimiento Regulaci\u00f3n de altura de [&hellip;]<\/p>\n","protected":false},"featured_media":23701,"template":"","meta":[],"product_cat":[191,425],"product_tag":[804,220,525,803],"class_list":{"0":"post-23684","1":"product","2":"type-product","3":"status-publish","4":"has-post-thumbnail","6":"product_brand-dowen-pagio-herramientas","7":"product_cat-maquinas-y-herramientas","8":"product_cat-super-destacado","9":"product_tag-corta-cesped","10":"product_tag-jardineria","11":"product_tag-parquizado","12":"product_tag-tractor-cortacesped","14":"first","15":"instock","16":"taxable","17":"shipping-taxable","18":"purchasable","19":"product-type-simple","20":"add-to-wishlist-after_add_to_cart"},"yoast_head":"<!-- This site is optimized with the Yoast SEO Premium plugin v26.9 (Yoast SEO v26.9) - https:\/\/yoast.com\/product\/yoast-seo-premium-wordpress\/ -->\n<title>Tractor Cortacesped A Bateria 80v Evo-Mower Motor Brushless - SoyMat \u2013 Seguridad Industrial<\/title>\n<meta name=\"robots\" content=\"index, follow, max-snippet:-1, max-image-preview:large, max-video-preview:-1\" \/>\n<link rel=\"canonical\" href=\"https:\/\/soymat.com\/es\/producto\/tractor-cortacesped-a-bateria-80v-evo-mower-motor-brushless\/\" \/>\n<meta property=\"og:locale\" content=\"es_ES\" \/>\n<meta property=\"og:type\" content=\"article\" \/>\n<meta property=\"og:title\" content=\"Tractor Cortacesped A Bateria 80v Evo-Mower Motor Brushless\" \/>\n<meta property=\"og:description\" content=\"Tractor Cortacesped A Bateria 80v Evo-Mower Motor Brushless &#8211; Dowen Pagio Cod.: 9995590 Corte de c\u00e9sped ecol\u00f3gico y sustentable sin ruidos y sin emisiones contaminantes potentes bater\u00edas de iones litio de 40 v que proporcionan una fuente de energ\u00eda fiable y sostenible Motores con tecnolog\u00eda brushless Alto rendimiento y bajo mantenimiento Regulaci\u00f3n de altura de [&hellip;]\" \/>\n<meta property=\"og:url\" content=\"https:\/\/soymat.com\/es\/producto\/tractor-cortacesped-a-bateria-80v-evo-mower-motor-brushless\/\" \/>\n<meta property=\"og:site_name\" content=\"SoyMat \u2013 Seguridad Industrial\" \/>\n<meta property=\"article:modified_time\" content=\"2026-04-18T22:07:47+00:00\" \/>\n<meta property=\"og:image\" content=\"https:\/\/soymat.com\/wp-content\/uploads\/2025\/10\/tractor_cortacesped_9995590-min.jpg\" \/>\n\t<meta property=\"og:image:width\" content=\"1379\" \/>\n\t<meta property=\"og:image:height\" content=\"1379\" \/>\n\t<meta property=\"og:image:type\" content=\"image\/jpeg\" \/>\n<meta name=\"twitter:card\" content=\"summary_large_image\" \/>\n<meta name=\"twitter:label1\" content=\"Tiempo de lectura\" \/>\n\t<meta name=\"twitter:data1\" content=\"2 minutos\" \/>\n<script type=\"application\/ld+json\" class=\"yoast-schema-graph\">{\"@context\":\"https:\/\/schema.org\",\"@graph\":[{\"@type\":\"WebPage\",\"@id\":\"https:\/\/soymat.com\/producto\/tractor-cortacesped-a-bateria-80v-evo-mower-motor-brushless\/\",\"url\":\"https:\/\/soymat.com\/producto\/tractor-cortacesped-a-bateria-80v-evo-mower-motor-brushless\/\",\"name\":\"Tractor Cortacesped A Bateria 80v Evo-Mower Motor Brushless - SoyMat \u2013 Seguridad Industrial\",\"isPartOf\":{\"@id\":\"https:\/\/soymat.com\/#website\"},\"primaryImageOfPage\":{\"@id\":\"https:\/\/soymat.com\/producto\/tractor-cortacesped-a-bateria-80v-evo-mower-motor-brushless\/#primaryimage\"},\"image\":{\"@id\":\"https:\/\/soymat.com\/producto\/tractor-cortacesped-a-bateria-80v-evo-mower-motor-brushless\/#primaryimage\"},\"thumbnailUrl\":\"https:\/\/soymat.com\/wp-content\/uploads\/2025\/10\/tractor_cortacesped_9995590-min.jpg\",\"datePublished\":\"2025-10-06T11:46:33+00:00\",\"dateModified\":\"2026-04-18T22:07:47+00:00\",\"breadcrumb\":{\"@id\":\"https:\/\/soymat.com\/producto\/tractor-cortacesped-a-bateria-80v-evo-mower-motor-brushless\/#breadcrumb\"},\"inLanguage\":\"es-AR\",\"potentialAction\":[{\"@type\":\"ReadAction\",\"target\":[\"https:\/\/soymat.com\/producto\/tractor-cortacesped-a-bateria-80v-evo-mower-motor-brushless\/\"]}]},{\"@type\":\"ImageObject\",\"inLanguage\":\"es-AR\",\"@id\":\"https:\/\/soymat.com\/producto\/tractor-cortacesped-a-bateria-80v-evo-mower-motor-brushless\/#primaryimage\",\"url\":\"https:\/\/soymat.com\/wp-content\/uploads\/2025\/10\/tractor_cortacesped_9995590-min.jpg\",\"contentUrl\":\"https:\/\/soymat.com\/wp-content\/uploads\/2025\/10\/tractor_cortacesped_9995590-min.jpg\",\"width\":1379,\"height\":1379},{\"@type\":\"BreadcrumbList\",\"@id\":\"https:\/\/soymat.com\/producto\/tractor-cortacesped-a-bateria-80v-evo-mower-motor-brushless\/#breadcrumb\",\"itemListElement\":[{\"@type\":\"ListItem\",\"position\":1,\"name\":\"Portada\",\"item\":\"https:\/\/soymat.com\/\"},{\"@type\":\"ListItem\",\"position\":2,\"name\":\"Todos los Productos\",\"item\":\"https:\/\/soymat.com\/shop\/\"},{\"@type\":\"ListItem\",\"position\":3,\"name\":\"Tractor Cortacesped A Bateria 80v Evo-Mower Motor Brushless\"}]},{\"@type\":\"WebSite\",\"@id\":\"https:\/\/soymat.com\/#website\",\"url\":\"https:\/\/soymat.com\/\",\"name\":\"So&Mat\",\"description\":\"Empresa Dedicada a la protecci\u00f3n global contra incendio . matafuegos redes bombas,venta instalaci\u00f3n y service, protecci\u00f3n y confort laboral en todo concepto.\",\"publisher\":{\"@id\":\"https:\/\/soymat.com\/#organization\"},\"alternateName\":\"So&Mat\",\"potentialAction\":[{\"@type\":\"SearchAction\",\"target\":{\"@type\":\"EntryPoint\",\"urlTemplate\":\"https:\/\/soymat.com\/?s={search_term_string}\"},\"query-input\":{\"@type\":\"PropertyValueSpecification\",\"valueRequired\":true,\"valueName\":\"search_term_string\"}}],\"inLanguage\":\"es-AR\"},{\"@type\":\"Organization\",\"@id\":\"https:\/\/soymat.com\/#organization\",\"name\":\"So&Mat\",\"url\":\"https:\/\/soymat.com\/\",\"logo\":{\"@type\":\"ImageObject\",\"inLanguage\":\"es-AR\",\"@id\":\"https:\/\/soymat.com\/#\/schema\/logo\/image\/\",\"url\":\"https:\/\/soymat.com\/wp-content\/uploads\/2024\/08\/SoyMat.jpg\",\"contentUrl\":\"https:\/\/soymat.com\/wp-content\/uploads\/2024\/08\/SoyMat.jpg\",\"width\":600,\"height\":236,\"caption\":\"So&Mat\"},\"image\":{\"@id\":\"https:\/\/soymat.com\/#\/schema\/logo\/image\/\"}}]}<\/script>\n<!-- \/ Yoast SEO Premium plugin. -->","yoast_head_json":{"title":"Tractor Cortacesped A Bateria 80v Evo-Mower Motor Brushless - SoyMat \u2013 Seguridad Industrial","robots":{"index":"index","follow":"follow","max-snippet":"max-snippet:-1","max-image-preview":"max-image-preview:large","max-video-preview":"max-video-preview:-1"},"canonical":"https:\/\/soymat.com\/es\/producto\/tractor-cortacesped-a-bateria-80v-evo-mower-motor-brushless\/","og_locale":"es_ES","og_type":"article","og_title":"Tractor Cortacesped A Bateria 80v Evo-Mower Motor Brushless","og_description":"Tractor Cortacesped A Bateria 80v Evo-Mower Motor Brushless &#8211; Dowen Pagio Cod.: 9995590 Corte de c\u00e9sped ecol\u00f3gico y sustentable sin ruidos y sin emisiones contaminantes potentes bater\u00edas de iones litio de 40 v que proporcionan una fuente de energ\u00eda fiable y sostenible Motores con tecnolog\u00eda brushless Alto rendimiento y bajo mantenimiento Regulaci\u00f3n de altura de [&hellip;]","og_url":"https:\/\/soymat.com\/es\/producto\/tractor-cortacesped-a-bateria-80v-evo-mower-motor-brushless\/","og_site_name":"SoyMat \u2013 Seguridad Industrial","article_modified_time":"2026-04-18T22:07:47+00:00","og_image":[{"width":1379,"height":1379,"url":"https:\/\/soymat.com\/wp-content\/uploads\/2025\/10\/tractor_cortacesped_9995590-min.jpg","type":"image\/jpeg"}],"twitter_card":"summary_large_image","twitter_misc":{"Tiempo de lectura":"2 minutos"},"schema":{"@context":"https:\/\/schema.org","@graph":[{"@type":"WebPage","@id":"https:\/\/soymat.com\/producto\/tractor-cortacesped-a-bateria-80v-evo-mower-motor-brushless\/","url":"https:\/\/soymat.com\/producto\/tractor-cortacesped-a-bateria-80v-evo-mower-motor-brushless\/","name":"Tractor Cortacesped A Bateria 80v Evo-Mower Motor Brushless - SoyMat \u2013 Seguridad Industrial","isPartOf":{"@id":"https:\/\/soymat.com\/#website"},"primaryImageOfPage":{"@id":"https:\/\/soymat.com\/producto\/tractor-cortacesped-a-bateria-80v-evo-mower-motor-brushless\/#primaryimage"},"image":{"@id":"https:\/\/soymat.com\/producto\/tractor-cortacesped-a-bateria-80v-evo-mower-motor-brushless\/#primaryimage"},"thumbnailUrl":"https:\/\/soymat.com\/wp-content\/uploads\/2025\/10\/tractor_cortacesped_9995590-min.jpg","datePublished":"2025-10-06T11:46:33+00:00","dateModified":"2026-04-18T22:07:47+00:00","breadcrumb":{"@id":"https:\/\/soymat.com\/producto\/tractor-cortacesped-a-bateria-80v-evo-mower-motor-brushless\/#breadcrumb"},"inLanguage":"es-AR","potentialAction":[{"@type":"ReadAction","target":["https:\/\/soymat.com\/producto\/tractor-cortacesped-a-bateria-80v-evo-mower-motor-brushless\/"]}]},{"@type":"ImageObject","inLanguage":"es-AR","@id":"https:\/\/soymat.com\/producto\/tractor-cortacesped-a-bateria-80v-evo-mower-motor-brushless\/#primaryimage","url":"https:\/\/soymat.com\/wp-content\/uploads\/2025\/10\/tractor_cortacesped_9995590-min.jpg","contentUrl":"https:\/\/soymat.com\/wp-content\/uploads\/2025\/10\/tractor_cortacesped_9995590-min.jpg","width":1379,"height":1379},{"@type":"BreadcrumbList","@id":"https:\/\/soymat.com\/producto\/tractor-cortacesped-a-bateria-80v-evo-mower-motor-brushless\/#breadcrumb","itemListElement":[{"@type":"ListItem","position":1,"name":"Portada","item":"https:\/\/soymat.com\/"},{"@type":"ListItem","position":2,"name":"Todos los Productos","item":"https:\/\/soymat.com\/shop\/"},{"@type":"ListItem","position":3,"name":"Tractor Cortacesped A Bateria 80v Evo-Mower Motor Brushless"}]},{"@type":"WebSite","@id":"https:\/\/soymat.com\/#website","url":"https:\/\/soymat.com\/","name":"So&Mat","description":"Empresa Dedicada a la protecci\u00f3n global contra incendio . matafuegos redes bombas,venta instalaci\u00f3n y service, protecci\u00f3n y confort laboral en todo concepto.","publisher":{"@id":"https:\/\/soymat.com\/#organization"},"alternateName":"So&Mat","potentialAction":[{"@type":"SearchAction","target":{"@type":"EntryPoint","urlTemplate":"https:\/\/soymat.com\/?s={search_term_string}"},"query-input":{"@type":"PropertyValueSpecification","valueRequired":true,"valueName":"search_term_string"}}],"inLanguage":"es-AR"},{"@type":"Organization","@id":"https:\/\/soymat.com\/#organization","name":"So&Mat","url":"https:\/\/soymat.com\/","logo":{"@type":"ImageObject","inLanguage":"es-AR","@id":"https:\/\/soymat.com\/#\/schema\/logo\/image\/","url":"https:\/\/soymat.com\/wp-content\/uploads\/2024\/08\/SoyMat.jpg","contentUrl":"https:\/\/soymat.com\/wp-content\/uploads\/2024\/08\/SoyMat.jpg","width":600,"height":236,"caption":"So&Mat"},"image":{"@id":"https:\/\/soymat.com\/#\/schema\/logo\/image\/"}}]}},"_links":{"self":[{"href":"https:\/\/soymat.com\/es\/wp-json\/wp\/v2\/product\/23684","targetHints":{"allow":["GET"]}}],"collection":[{"href":"https:\/\/soymat.com\/es\/wp-json\/wp\/v2\/product"}],"about":[{"href":"https:\/\/soymat.com\/es\/wp-json\/wp\/v2\/types\/product"}],"wp:featuredmedia":[{"embeddable":true,"href":"https:\/\/soymat.com\/es\/wp-json\/wp\/v2\/media\/23701"}],"wp:attachment":[{"href":"https:\/\/soymat.com\/es\/wp-json\/wp\/v2\/media?parent=23684"}],"wp:term":[{"taxonomy":"product_cat","embeddable":true,"href":"https:\/\/soymat.com\/es\/wp-json\/wp\/v2\/product_cat?post=23684"},{"taxonomy":"product_tag","embeddable":true,"href":"https:\/\/soymat.com\/es\/wp-json\/wp\/v2\/product_tag?post=23684"}],"curies":[{"name":"wp","href":"https:\/\/api.w.org\/{rel}","templated":true}]}}