{"id":23733,"date":"2025-10-08T07:28:07","date_gmt":"2025-10-08T10:28:07","guid":{"rendered":"https:\/\/soymat.com\/?post_type=product&#038;p=23733"},"modified":"2025-12-03T19:05:25","modified_gmt":"2025-12-03T22:05:25","slug":"alisador-de-pared-electrico-750w-50hz-lusqtoff","status":"publish","type":"product","link":"https:\/\/soymat.com\/es\/producto\/alisador-de-pared-electrico-750w-50hz-lusqtoff\/","title":{"rendered":"Alisador de Pared El\u00e9ctrico 750W 50hz Lusqtoff"},"content":{"rendered":"<p><strong>Alisador de Pared El\u00e9ctrico 750W 50hz Lusqtoff<\/strong><br \/>\nCod: LQAP-220<\/p>\n<p>Ficha t\u00e9cnica<br \/>\n\u2022 Potencia: 750 W<br \/>\n\u2022 Tensi\u00f3n: 220 V ~ 50 Hz<br \/>\n\u2022 Velocidad de trabajo: 800-1700 r\/min<br \/>\n\u2022 Cantidad de velocidades: 5<br \/>\n\u2022 Di\u00e1metro del disco: 22 cm<br \/>\n\u2022 Dimensi\u00f3n de almoadilla: 20 cm<br \/>\n\u2022 Uso: semi profesional<br \/>\n\u2022 Peso: 10,2 Kg<\/p>\n<p>Caracter\u00edsticas<br \/>\n\u2022 Incluye malet\u00edn.<br \/>\n\u2022 Bloqueo de seguridad.<br \/>\n\u2022 Tiene luz LED.<br \/>\n\u2022 Posee controlador de velocidades.<\/p>","protected":false},"excerpt":{"rendered":"<p>Alisador de Pared El\u00e9ctrico 750W 50hz Lusqtoff Cod: LQAP-220 Ficha t\u00e9cnica \u2022 Potencia: 750 W \u2022 Tensi\u00f3n: 220 V ~ 50 Hz \u2022 Velocidad de trabajo: 800-1700 r\/min \u2022 Cantidad de velocidades: 5 \u2022 Di\u00e1metro del disco: 22 cm \u2022 Dimensi\u00f3n de almoadilla: 20 cm \u2022 Uso: semi profesional \u2022 Peso: 10,2 Kg Caracter\u00edsticas \u2022 [&hellip;]<\/p>\n","protected":false},"featured_media":23738,"template":"","meta":[],"product_cat":[191],"product_tag":[558,813,164,453,814,482],"class_list":{"0":"post-23733","1":"product","2":"type-product","3":"status-publish","4":"has-post-thumbnail","6":"product_brand-lusqtoff-maquinas-y-herramientas-electricas-manuales","7":"product_cat-maquinas-y-herramientas","8":"product_tag-albanileria","9":"product_tag-alisador-de-pared","10":"product_tag-construccion","11":"product_tag-herramientas-electricas","12":"product_tag-herramientas-para-construccion","13":"product_tag-lusqtoff","15":"first","16":"instock","17":"taxable","18":"shipping-taxable","19":"purchasable","20":"product-type-simple","21":"add-to-wishlist-after_add_to_cart"},"yoast_head":"<!-- This site is optimized with the Yoast SEO Premium plugin v26.9 (Yoast SEO v26.9) - https:\/\/yoast.com\/product\/yoast-seo-premium-wordpress\/ -->\n<title>Alisador de Pared El\u00e9ctrico 750W 50hz Lusqtoff - SoyMat \u2013 Seguridad Industrial<\/title>\n<meta name=\"robots\" content=\"index, follow, max-snippet:-1, max-image-preview:large, max-video-preview:-1\" \/>\n<link rel=\"canonical\" href=\"https:\/\/soymat.com\/es\/producto\/alisador-de-pared-electrico-750w-50hz-lusqtoff\/\" \/>\n<meta property=\"og:locale\" content=\"es_ES\" \/>\n<meta property=\"og:type\" content=\"article\" \/>\n<meta property=\"og:title\" content=\"Alisador de Pared El\u00e9ctrico 750W 50hz Lusqtoff\" \/>\n<meta property=\"og:description\" content=\"Alisador de Pared El\u00e9ctrico 750W 50hz Lusqtoff Cod: LQAP-220 Ficha t\u00e9cnica \u2022 Potencia: 750 W \u2022 Tensi\u00f3n: 220 V ~ 50 Hz \u2022 Velocidad de trabajo: 800-1700 r\/min \u2022 Cantidad de velocidades: 5 \u2022 Di\u00e1metro del disco: 22 cm \u2022 Dimensi\u00f3n de almoadilla: 20 cm \u2022 Uso: semi profesional \u2022 Peso: 10,2 Kg Caracter\u00edsticas \u2022 [&hellip;]\" \/>\n<meta property=\"og:url\" content=\"https:\/\/soymat.com\/es\/producto\/alisador-de-pared-electrico-750w-50hz-lusqtoff\/\" \/>\n<meta property=\"og:site_name\" content=\"SoyMat \u2013 Seguridad Industrial\" \/>\n<meta property=\"article:modified_time\" content=\"2025-12-03T22:05:25+00:00\" \/>\n<meta property=\"og:image\" content=\"https:\/\/soymat.com\/wp-content\/uploads\/2025\/10\/LQAP-220-4-baja.jpg\" \/>\n\t<meta property=\"og:image:width\" content=\"1000\" \/>\n\t<meta property=\"og:image:height\" content=\"1000\" \/>\n\t<meta property=\"og:image:type\" content=\"image\/jpeg\" \/>\n<meta name=\"twitter:card\" content=\"summary_large_image\" \/>\n<meta name=\"twitter:label1\" content=\"Tiempo de lectura\" \/>\n\t<meta name=\"twitter:data1\" content=\"1 minuto\" \/>\n<script type=\"application\/ld+json\" class=\"yoast-schema-graph\">{\"@context\":\"https:\/\/schema.org\",\"@graph\":[{\"@type\":\"WebPage\",\"@id\":\"https:\/\/soymat.com\/producto\/alisador-de-pared-electrico-750w-50hz-lusqtoff\/\",\"url\":\"https:\/\/soymat.com\/producto\/alisador-de-pared-electrico-750w-50hz-lusqtoff\/\",\"name\":\"Alisador de Pared El\u00e9ctrico 750W 50hz Lusqtoff - SoyMat \u2013 Seguridad Industrial\",\"isPartOf\":{\"@id\":\"https:\/\/soymat.com\/#website\"},\"primaryImageOfPage\":{\"@id\":\"https:\/\/soymat.com\/producto\/alisador-de-pared-electrico-750w-50hz-lusqtoff\/#primaryimage\"},\"image\":{\"@id\":\"https:\/\/soymat.com\/producto\/alisador-de-pared-electrico-750w-50hz-lusqtoff\/#primaryimage\"},\"thumbnailUrl\":\"https:\/\/soymat.com\/wp-content\/uploads\/2025\/10\/LQAP-220-4-baja.jpg\",\"datePublished\":\"2025-10-08T10:28:07+00:00\",\"dateModified\":\"2025-12-03T22:05:25+00:00\",\"breadcrumb\":{\"@id\":\"https:\/\/soymat.com\/producto\/alisador-de-pared-electrico-750w-50hz-lusqtoff\/#breadcrumb\"},\"inLanguage\":\"es-AR\",\"potentialAction\":[{\"@type\":\"ReadAction\",\"target\":[\"https:\/\/soymat.com\/producto\/alisador-de-pared-electrico-750w-50hz-lusqtoff\/\"]}]},{\"@type\":\"ImageObject\",\"inLanguage\":\"es-AR\",\"@id\":\"https:\/\/soymat.com\/producto\/alisador-de-pared-electrico-750w-50hz-lusqtoff\/#primaryimage\",\"url\":\"https:\/\/soymat.com\/wp-content\/uploads\/2025\/10\/LQAP-220-4-baja.jpg\",\"contentUrl\":\"https:\/\/soymat.com\/wp-content\/uploads\/2025\/10\/LQAP-220-4-baja.jpg\",\"width\":1000,\"height\":1000},{\"@type\":\"BreadcrumbList\",\"@id\":\"https:\/\/soymat.com\/producto\/alisador-de-pared-electrico-750w-50hz-lusqtoff\/#breadcrumb\",\"itemListElement\":[{\"@type\":\"ListItem\",\"position\":1,\"name\":\"Portada\",\"item\":\"https:\/\/soymat.com\/\"},{\"@type\":\"ListItem\",\"position\":2,\"name\":\"Todos los Productos\",\"item\":\"https:\/\/soymat.com\/shop\/\"},{\"@type\":\"ListItem\",\"position\":3,\"name\":\"Alisador de Pared El\u00e9ctrico 750W 50hz Lusqtoff\"}]},{\"@type\":\"WebSite\",\"@id\":\"https:\/\/soymat.com\/#website\",\"url\":\"https:\/\/soymat.com\/\",\"name\":\"So&Mat\",\"description\":\"Empresa Dedicada a la protecci\u00f3n global contra incendio . matafuegos redes bombas,venta instalaci\u00f3n y service, protecci\u00f3n y confort laboral en todo concepto.\",\"publisher\":{\"@id\":\"https:\/\/soymat.com\/#organization\"},\"alternateName\":\"So&Mat\",\"potentialAction\":[{\"@type\":\"SearchAction\",\"target\":{\"@type\":\"EntryPoint\",\"urlTemplate\":\"https:\/\/soymat.com\/?s={search_term_string}\"},\"query-input\":{\"@type\":\"PropertyValueSpecification\",\"valueRequired\":true,\"valueName\":\"search_term_string\"}}],\"inLanguage\":\"es-AR\"},{\"@type\":\"Organization\",\"@id\":\"https:\/\/soymat.com\/#organization\",\"name\":\"So&Mat\",\"url\":\"https:\/\/soymat.com\/\",\"logo\":{\"@type\":\"ImageObject\",\"inLanguage\":\"es-AR\",\"@id\":\"https:\/\/soymat.com\/#\/schema\/logo\/image\/\",\"url\":\"https:\/\/soymat.com\/wp-content\/uploads\/2024\/08\/SoyMat.jpg\",\"contentUrl\":\"https:\/\/soymat.com\/wp-content\/uploads\/2024\/08\/SoyMat.jpg\",\"width\":600,\"height\":236,\"caption\":\"So&Mat\"},\"image\":{\"@id\":\"https:\/\/soymat.com\/#\/schema\/logo\/image\/\"}}]}<\/script>\n<!-- \/ Yoast SEO Premium plugin. -->","yoast_head_json":{"title":"Alisador de Pared El\u00e9ctrico 750W 50hz Lusqtoff - SoyMat \u2013 Seguridad Industrial","robots":{"index":"index","follow":"follow","max-snippet":"max-snippet:-1","max-image-preview":"max-image-preview:large","max-video-preview":"max-video-preview:-1"},"canonical":"https:\/\/soymat.com\/es\/producto\/alisador-de-pared-electrico-750w-50hz-lusqtoff\/","og_locale":"es_ES","og_type":"article","og_title":"Alisador de Pared El\u00e9ctrico 750W 50hz Lusqtoff","og_description":"Alisador de Pared El\u00e9ctrico 750W 50hz Lusqtoff Cod: LQAP-220 Ficha t\u00e9cnica \u2022 Potencia: 750 W \u2022 Tensi\u00f3n: 220 V ~ 50 Hz \u2022 Velocidad de trabajo: 800-1700 r\/min \u2022 Cantidad de velocidades: 5 \u2022 Di\u00e1metro del disco: 22 cm \u2022 Dimensi\u00f3n de almoadilla: 20 cm \u2022 Uso: semi profesional \u2022 Peso: 10,2 Kg Caracter\u00edsticas \u2022 [&hellip;]","og_url":"https:\/\/soymat.com\/es\/producto\/alisador-de-pared-electrico-750w-50hz-lusqtoff\/","og_site_name":"SoyMat \u2013 Seguridad Industrial","article_modified_time":"2025-12-03T22:05:25+00:00","og_image":[{"width":1000,"height":1000,"url":"https:\/\/soymat.com\/wp-content\/uploads\/2025\/10\/LQAP-220-4-baja.jpg","type":"image\/jpeg"}],"twitter_card":"summary_large_image","twitter_misc":{"Tiempo de lectura":"1 minuto"},"schema":{"@context":"https:\/\/schema.org","@graph":[{"@type":"WebPage","@id":"https:\/\/soymat.com\/producto\/alisador-de-pared-electrico-750w-50hz-lusqtoff\/","url":"https:\/\/soymat.com\/producto\/alisador-de-pared-electrico-750w-50hz-lusqtoff\/","name":"Alisador de Pared El\u00e9ctrico 750W 50hz Lusqtoff - SoyMat \u2013 Seguridad Industrial","isPartOf":{"@id":"https:\/\/soymat.com\/#website"},"primaryImageOfPage":{"@id":"https:\/\/soymat.com\/producto\/alisador-de-pared-electrico-750w-50hz-lusqtoff\/#primaryimage"},"image":{"@id":"https:\/\/soymat.com\/producto\/alisador-de-pared-electrico-750w-50hz-lusqtoff\/#primaryimage"},"thumbnailUrl":"https:\/\/soymat.com\/wp-content\/uploads\/2025\/10\/LQAP-220-4-baja.jpg","datePublished":"2025-10-08T10:28:07+00:00","dateModified":"2025-12-03T22:05:25+00:00","breadcrumb":{"@id":"https:\/\/soymat.com\/producto\/alisador-de-pared-electrico-750w-50hz-lusqtoff\/#breadcrumb"},"inLanguage":"es-AR","potentialAction":[{"@type":"ReadAction","target":["https:\/\/soymat.com\/producto\/alisador-de-pared-electrico-750w-50hz-lusqtoff\/"]}]},{"@type":"ImageObject","inLanguage":"es-AR","@id":"https:\/\/soymat.com\/producto\/alisador-de-pared-electrico-750w-50hz-lusqtoff\/#primaryimage","url":"https:\/\/soymat.com\/wp-content\/uploads\/2025\/10\/LQAP-220-4-baja.jpg","contentUrl":"https:\/\/soymat.com\/wp-content\/uploads\/2025\/10\/LQAP-220-4-baja.jpg","width":1000,"height":1000},{"@type":"BreadcrumbList","@id":"https:\/\/soymat.com\/producto\/alisador-de-pared-electrico-750w-50hz-lusqtoff\/#breadcrumb","itemListElement":[{"@type":"ListItem","position":1,"name":"Portada","item":"https:\/\/soymat.com\/"},{"@type":"ListItem","position":2,"name":"Todos los Productos","item":"https:\/\/soymat.com\/shop\/"},{"@type":"ListItem","position":3,"name":"Alisador de Pared El\u00e9ctrico 750W 50hz Lusqtoff"}]},{"@type":"WebSite","@id":"https:\/\/soymat.com\/#website","url":"https:\/\/soymat.com\/","name":"So&Mat","description":"Empresa Dedicada a la protecci\u00f3n global contra incendio . matafuegos redes bombas,venta instalaci\u00f3n y service, protecci\u00f3n y confort laboral en todo concepto.","publisher":{"@id":"https:\/\/soymat.com\/#organization"},"alternateName":"So&Mat","potentialAction":[{"@type":"SearchAction","target":{"@type":"EntryPoint","urlTemplate":"https:\/\/soymat.com\/?s={search_term_string}"},"query-input":{"@type":"PropertyValueSpecification","valueRequired":true,"valueName":"search_term_string"}}],"inLanguage":"es-AR"},{"@type":"Organization","@id":"https:\/\/soymat.com\/#organization","name":"So&Mat","url":"https:\/\/soymat.com\/","logo":{"@type":"ImageObject","inLanguage":"es-AR","@id":"https:\/\/soymat.com\/#\/schema\/logo\/image\/","url":"https:\/\/soymat.com\/wp-content\/uploads\/2024\/08\/SoyMat.jpg","contentUrl":"https:\/\/soymat.com\/wp-content\/uploads\/2024\/08\/SoyMat.jpg","width":600,"height":236,"caption":"So&Mat"},"image":{"@id":"https:\/\/soymat.com\/#\/schema\/logo\/image\/"}}]}},"_links":{"self":[{"href":"https:\/\/soymat.com\/es\/wp-json\/wp\/v2\/product\/23733","targetHints":{"allow":["GET"]}}],"collection":[{"href":"https:\/\/soymat.com\/es\/wp-json\/wp\/v2\/product"}],"about":[{"href":"https:\/\/soymat.com\/es\/wp-json\/wp\/v2\/types\/product"}],"wp:featuredmedia":[{"embeddable":true,"href":"https:\/\/soymat.com\/es\/wp-json\/wp\/v2\/media\/23738"}],"wp:attachment":[{"href":"https:\/\/soymat.com\/es\/wp-json\/wp\/v2\/media?parent=23733"}],"wp:term":[{"taxonomy":"product_cat","embeddable":true,"href":"https:\/\/soymat.com\/es\/wp-json\/wp\/v2\/product_cat?post=23733"},{"taxonomy":"product_tag","embeddable":true,"href":"https:\/\/soymat.com\/es\/wp-json\/wp\/v2\/product_tag?post=23733"}],"curies":[{"name":"wp","href":"https:\/\/api.w.org\/{rel}","templated":true}]}}