{"id":23747,"date":"2025-10-14T10:00:08","date_gmt":"2025-10-14T13:00:08","guid":{"rendered":"https:\/\/soymat.com\/?post_type=product&#038;p=23747"},"modified":"2026-01-13T22:07:55","modified_gmt":"2026-01-14T01:07:55","slug":"sifon-drago-con-capsula-recarga","status":"publish","type":"product","link":"https:\/\/soymat.com\/es\/producto\/sifon-drago-con-capsula-recarga\/","title":{"rendered":"Sif\u00f3n Autom\u00e1tico Drago &#8211; 1.3 lts. + C\u00e1psula de Recarga"},"content":{"rendered":"<p><strong>Sif\u00f3n Autom\u00e1tico Drago &#8211; 1.3 lts. + C\u00e1psula de Recarga<\/strong><br \/>\nCod.: 4007-S<\/p>\n<p>Hace Soda de manera automatica y segura con nuestros historicos sifones. PAG\u00c1 MUCHO MENOS EL LITRO DE SODA!<br \/>\nEmpez\u00e1 a ahorrar con cada vaso y adem\u00e1s cuid\u00e1 el planeta. Abandon\u00e1 de una vez por todas los sifones de plastico descartables<br \/>\nCon 1 recarga de capsula haces 30 litros de soda<\/p>\n<p>\ud83c\udf79\ud83c\udf78IDEAL PARA COCTELERIA<\/p>\n<p>\u2744\ufe0f Entra en cualquier heladera<\/p>\n<p>\u267b\ufe0f Producto Ecosustentable<\/p>\n<p>Con mas de 57 a\u00f1os en el mercado. Si es soda, es DRAGO.<\/p>","protected":false},"excerpt":{"rendered":"<p>Sif\u00f3n Autom\u00e1tico Drago &#8211; 1.3 lts. + C\u00e1psula de Recarga Cod.: 4007-S Hace Soda de manera automatica y segura con nuestros historicos sifones. PAG\u00c1 MUCHO MENOS EL LITRO DE SODA! Empez\u00e1 a ahorrar con cada vaso y adem\u00e1s cuid\u00e1 el planeta. Abandon\u00e1 de una vez por todas los sifones de plastico descartables Con 1 recarga [&hellip;]<\/p>\n","protected":false},"featured_media":23751,"template":"","meta":[],"product_cat":[337,191],"product_tag":[819,816,818,817],"class_list":{"0":"post-23747","1":"product","2":"type-product","3":"status-publish","4":"has-post-thumbnail","6":"product_brand-drago","7":"product_cat-productos-destacados-con-descuentos","8":"product_cat-maquinas-y-herramientas","9":"product_tag-drago","10":"product_tag-sifon","11":"product_tag-sifon-recargable","12":"product_tag-soda-de-mesa","14":"first","15":"instock","16":"taxable","17":"shipping-taxable","18":"purchasable","19":"product-type-simple","20":"add-to-wishlist-after_add_to_cart"},"yoast_head":"<!-- This site is optimized with the Yoast SEO Premium plugin v26.9 (Yoast SEO v26.9) - https:\/\/yoast.com\/product\/yoast-seo-premium-wordpress\/ -->\n<title>Sif\u00f3n Autom\u00e1tico Drago - 1.3 lts. + C\u00e1psula de Recarga - SoyMat \u2013 Seguridad Industrial<\/title>\n<meta name=\"robots\" content=\"index, follow, max-snippet:-1, max-image-preview:large, max-video-preview:-1\" \/>\n<link rel=\"canonical\" href=\"https:\/\/soymat.com\/es\/producto\/sifon-drago-con-capsula-recarga\/\" \/>\n<meta property=\"og:locale\" content=\"es_ES\" \/>\n<meta property=\"og:type\" content=\"article\" \/>\n<meta property=\"og:title\" content=\"Sif\u00f3n Autom\u00e1tico Drago - 1.3 lts. + C\u00e1psula de Recarga\" \/>\n<meta property=\"og:description\" content=\"Sif\u00f3n Autom\u00e1tico Drago &#8211; 1.3 lts. + C\u00e1psula de Recarga Cod.: 4007-S Hace Soda de manera automatica y segura con nuestros historicos sifones. PAG\u00c1 MUCHO MENOS EL LITRO DE SODA! Empez\u00e1 a ahorrar con cada vaso y adem\u00e1s cuid\u00e1 el planeta. Abandon\u00e1 de una vez por todas los sifones de plastico descartables Con 1 recarga [&hellip;]\" \/>\n<meta property=\"og:url\" content=\"https:\/\/soymat.com\/es\/producto\/sifon-drago-con-capsula-recarga\/\" \/>\n<meta property=\"og:site_name\" content=\"SoyMat \u2013 Seguridad Industrial\" \/>\n<meta property=\"article:modified_time\" content=\"2026-01-14T01:07:55+00:00\" \/>\n<meta property=\"og:image\" content=\"https:\/\/soymat.com\/wp-content\/uploads\/2025\/10\/sifon-drago-1-3-lts.jpg\" \/>\n\t<meta property=\"og:image:width\" content=\"1024\" \/>\n\t<meta property=\"og:image:height\" content=\"1024\" \/>\n\t<meta property=\"og:image:type\" content=\"image\/jpeg\" \/>\n<meta name=\"twitter:card\" content=\"summary_large_image\" \/>\n<meta name=\"twitter:label1\" content=\"Tiempo de lectura\" \/>\n\t<meta name=\"twitter:data1\" content=\"1 minuto\" \/>\n<script type=\"application\/ld+json\" class=\"yoast-schema-graph\">{\"@context\":\"https:\/\/schema.org\",\"@graph\":[{\"@type\":\"WebPage\",\"@id\":\"https:\/\/soymat.com\/producto\/sifon-drago-con-capsula-recarga\/\",\"url\":\"https:\/\/soymat.com\/producto\/sifon-drago-con-capsula-recarga\/\",\"name\":\"Sif\u00f3n Autom\u00e1tico Drago - 1.3 lts. + C\u00e1psula de Recarga - SoyMat \u2013 Seguridad Industrial\",\"isPartOf\":{\"@id\":\"https:\/\/soymat.com\/#website\"},\"primaryImageOfPage\":{\"@id\":\"https:\/\/soymat.com\/producto\/sifon-drago-con-capsula-recarga\/#primaryimage\"},\"image\":{\"@id\":\"https:\/\/soymat.com\/producto\/sifon-drago-con-capsula-recarga\/#primaryimage\"},\"thumbnailUrl\":\"https:\/\/soymat.com\/wp-content\/uploads\/2025\/10\/sifon-drago-1-3-lts.jpg\",\"datePublished\":\"2025-10-14T13:00:08+00:00\",\"dateModified\":\"2026-01-14T01:07:55+00:00\",\"breadcrumb\":{\"@id\":\"https:\/\/soymat.com\/producto\/sifon-drago-con-capsula-recarga\/#breadcrumb\"},\"inLanguage\":\"es-AR\",\"potentialAction\":[{\"@type\":\"ReadAction\",\"target\":[\"https:\/\/soymat.com\/producto\/sifon-drago-con-capsula-recarga\/\"]}]},{\"@type\":\"ImageObject\",\"inLanguage\":\"es-AR\",\"@id\":\"https:\/\/soymat.com\/producto\/sifon-drago-con-capsula-recarga\/#primaryimage\",\"url\":\"https:\/\/soymat.com\/wp-content\/uploads\/2025\/10\/sifon-drago-1-3-lts.jpg\",\"contentUrl\":\"https:\/\/soymat.com\/wp-content\/uploads\/2025\/10\/sifon-drago-1-3-lts.jpg\",\"width\":1024,\"height\":1024},{\"@type\":\"BreadcrumbList\",\"@id\":\"https:\/\/soymat.com\/producto\/sifon-drago-con-capsula-recarga\/#breadcrumb\",\"itemListElement\":[{\"@type\":\"ListItem\",\"position\":1,\"name\":\"Portada\",\"item\":\"https:\/\/soymat.com\/\"},{\"@type\":\"ListItem\",\"position\":2,\"name\":\"Todos los Productos\",\"item\":\"https:\/\/soymat.com\/shop\/\"},{\"@type\":\"ListItem\",\"position\":3,\"name\":\"Sif\u00f3n Autom\u00e1tico Drago &#8211; 1.3 lts. + C\u00e1psula de Recarga\"}]},{\"@type\":\"WebSite\",\"@id\":\"https:\/\/soymat.com\/#website\",\"url\":\"https:\/\/soymat.com\/\",\"name\":\"So&Mat\",\"description\":\"Empresa Dedicada a la protecci\u00f3n global contra incendio . matafuegos redes bombas,venta instalaci\u00f3n y service, protecci\u00f3n y confort laboral en todo concepto.\",\"publisher\":{\"@id\":\"https:\/\/soymat.com\/#organization\"},\"alternateName\":\"So&Mat\",\"potentialAction\":[{\"@type\":\"SearchAction\",\"target\":{\"@type\":\"EntryPoint\",\"urlTemplate\":\"https:\/\/soymat.com\/?s={search_term_string}\"},\"query-input\":{\"@type\":\"PropertyValueSpecification\",\"valueRequired\":true,\"valueName\":\"search_term_string\"}}],\"inLanguage\":\"es-AR\"},{\"@type\":\"Organization\",\"@id\":\"https:\/\/soymat.com\/#organization\",\"name\":\"So&Mat\",\"url\":\"https:\/\/soymat.com\/\",\"logo\":{\"@type\":\"ImageObject\",\"inLanguage\":\"es-AR\",\"@id\":\"https:\/\/soymat.com\/#\/schema\/logo\/image\/\",\"url\":\"https:\/\/soymat.com\/wp-content\/uploads\/2024\/08\/SoyMat.jpg\",\"contentUrl\":\"https:\/\/soymat.com\/wp-content\/uploads\/2024\/08\/SoyMat.jpg\",\"width\":600,\"height\":236,\"caption\":\"So&Mat\"},\"image\":{\"@id\":\"https:\/\/soymat.com\/#\/schema\/logo\/image\/\"}}]}<\/script>\n<!-- \/ Yoast SEO Premium plugin. -->","yoast_head_json":{"title":"Sif\u00f3n Autom\u00e1tico Drago - 1.3 lts. + C\u00e1psula de Recarga - SoyMat \u2013 Seguridad Industrial","robots":{"index":"index","follow":"follow","max-snippet":"max-snippet:-1","max-image-preview":"max-image-preview:large","max-video-preview":"max-video-preview:-1"},"canonical":"https:\/\/soymat.com\/es\/producto\/sifon-drago-con-capsula-recarga\/","og_locale":"es_ES","og_type":"article","og_title":"Sif\u00f3n Autom\u00e1tico Drago - 1.3 lts. + C\u00e1psula de Recarga","og_description":"Sif\u00f3n Autom\u00e1tico Drago &#8211; 1.3 lts. + C\u00e1psula de Recarga Cod.: 4007-S Hace Soda de manera automatica y segura con nuestros historicos sifones. PAG\u00c1 MUCHO MENOS EL LITRO DE SODA! Empez\u00e1 a ahorrar con cada vaso y adem\u00e1s cuid\u00e1 el planeta. Abandon\u00e1 de una vez por todas los sifones de plastico descartables Con 1 recarga [&hellip;]","og_url":"https:\/\/soymat.com\/es\/producto\/sifon-drago-con-capsula-recarga\/","og_site_name":"SoyMat \u2013 Seguridad Industrial","article_modified_time":"2026-01-14T01:07:55+00:00","og_image":[{"width":1024,"height":1024,"url":"https:\/\/soymat.com\/wp-content\/uploads\/2025\/10\/sifon-drago-1-3-lts.jpg","type":"image\/jpeg"}],"twitter_card":"summary_large_image","twitter_misc":{"Tiempo de lectura":"1 minuto"},"schema":{"@context":"https:\/\/schema.org","@graph":[{"@type":"WebPage","@id":"https:\/\/soymat.com\/producto\/sifon-drago-con-capsula-recarga\/","url":"https:\/\/soymat.com\/producto\/sifon-drago-con-capsula-recarga\/","name":"Sif\u00f3n Autom\u00e1tico Drago - 1.3 lts. + C\u00e1psula de Recarga - SoyMat \u2013 Seguridad Industrial","isPartOf":{"@id":"https:\/\/soymat.com\/#website"},"primaryImageOfPage":{"@id":"https:\/\/soymat.com\/producto\/sifon-drago-con-capsula-recarga\/#primaryimage"},"image":{"@id":"https:\/\/soymat.com\/producto\/sifon-drago-con-capsula-recarga\/#primaryimage"},"thumbnailUrl":"https:\/\/soymat.com\/wp-content\/uploads\/2025\/10\/sifon-drago-1-3-lts.jpg","datePublished":"2025-10-14T13:00:08+00:00","dateModified":"2026-01-14T01:07:55+00:00","breadcrumb":{"@id":"https:\/\/soymat.com\/producto\/sifon-drago-con-capsula-recarga\/#breadcrumb"},"inLanguage":"es-AR","potentialAction":[{"@type":"ReadAction","target":["https:\/\/soymat.com\/producto\/sifon-drago-con-capsula-recarga\/"]}]},{"@type":"ImageObject","inLanguage":"es-AR","@id":"https:\/\/soymat.com\/producto\/sifon-drago-con-capsula-recarga\/#primaryimage","url":"https:\/\/soymat.com\/wp-content\/uploads\/2025\/10\/sifon-drago-1-3-lts.jpg","contentUrl":"https:\/\/soymat.com\/wp-content\/uploads\/2025\/10\/sifon-drago-1-3-lts.jpg","width":1024,"height":1024},{"@type":"BreadcrumbList","@id":"https:\/\/soymat.com\/producto\/sifon-drago-con-capsula-recarga\/#breadcrumb","itemListElement":[{"@type":"ListItem","position":1,"name":"Portada","item":"https:\/\/soymat.com\/"},{"@type":"ListItem","position":2,"name":"Todos los Productos","item":"https:\/\/soymat.com\/shop\/"},{"@type":"ListItem","position":3,"name":"Sif\u00f3n Autom\u00e1tico Drago &#8211; 1.3 lts. + C\u00e1psula de Recarga"}]},{"@type":"WebSite","@id":"https:\/\/soymat.com\/#website","url":"https:\/\/soymat.com\/","name":"So&Mat","description":"Empresa Dedicada a la protecci\u00f3n global contra incendio . matafuegos redes bombas,venta instalaci\u00f3n y service, protecci\u00f3n y confort laboral en todo concepto.","publisher":{"@id":"https:\/\/soymat.com\/#organization"},"alternateName":"So&Mat","potentialAction":[{"@type":"SearchAction","target":{"@type":"EntryPoint","urlTemplate":"https:\/\/soymat.com\/?s={search_term_string}"},"query-input":{"@type":"PropertyValueSpecification","valueRequired":true,"valueName":"search_term_string"}}],"inLanguage":"es-AR"},{"@type":"Organization","@id":"https:\/\/soymat.com\/#organization","name":"So&Mat","url":"https:\/\/soymat.com\/","logo":{"@type":"ImageObject","inLanguage":"es-AR","@id":"https:\/\/soymat.com\/#\/schema\/logo\/image\/","url":"https:\/\/soymat.com\/wp-content\/uploads\/2024\/08\/SoyMat.jpg","contentUrl":"https:\/\/soymat.com\/wp-content\/uploads\/2024\/08\/SoyMat.jpg","width":600,"height":236,"caption":"So&Mat"},"image":{"@id":"https:\/\/soymat.com\/#\/schema\/logo\/image\/"}}]}},"_links":{"self":[{"href":"https:\/\/soymat.com\/es\/wp-json\/wp\/v2\/product\/23747","targetHints":{"allow":["GET"]}}],"collection":[{"href":"https:\/\/soymat.com\/es\/wp-json\/wp\/v2\/product"}],"about":[{"href":"https:\/\/soymat.com\/es\/wp-json\/wp\/v2\/types\/product"}],"wp:featuredmedia":[{"embeddable":true,"href":"https:\/\/soymat.com\/es\/wp-json\/wp\/v2\/media\/23751"}],"wp:attachment":[{"href":"https:\/\/soymat.com\/es\/wp-json\/wp\/v2\/media?parent=23747"}],"wp:term":[{"taxonomy":"product_cat","embeddable":true,"href":"https:\/\/soymat.com\/es\/wp-json\/wp\/v2\/product_cat?post=23747"},{"taxonomy":"product_tag","embeddable":true,"href":"https:\/\/soymat.com\/es\/wp-json\/wp\/v2\/product_tag?post=23747"}],"curies":[{"name":"wp","href":"https:\/\/api.w.org\/{rel}","templated":true}]}}