{"id":23775,"date":"2025-10-14T16:41:37","date_gmt":"2025-10-14T19:41:37","guid":{"rendered":"https:\/\/soymat.com\/?post_type=product&#038;p=23775"},"modified":"2026-04-01T19:06:22","modified_gmt":"2026-04-01T22:06:22","slug":"taladro-percutor-13-mm-800w-reversible-dowen-pagio","status":"publish","type":"product","link":"https:\/\/soymat.com\/es\/producto\/taladro-percutor-13-mm-800w-reversible-dowen-pagio\/","title":{"rendered":"Taladro Percutor 13 mm 800w &#8211; Reversible Dowen Pagio"},"content":{"rendered":"<p><strong>Taladro Percutor 13 mm 800w &#8211; Reversible Dowen Pagio<\/strong><br \/>\nCod.: 9993814<\/p>\n<p>Tipo: TP13VP<br \/>\nPotencia: 800 W<br \/>\nTensi\u00f3n: 230 V~ 50 Hz<br \/>\n\u00d8 mandril: 13 mm<br \/>\nVelocidad variable: 0 \u2013 2700 min-1<\/p>\n<p>Reversible giro derecha\/izquierda<\/p>\n<p>Mango lateral giratorio 360\u00ba con varilla graduada para tope de profundidad<\/p>\n<p>Selector mec\u00e1nico Taladro\/Percutor<\/p>","protected":false},"excerpt":{"rendered":"<p>Taladro Percutor 13 mm 800w &#8211; Reversible Dowen Pagio Cod.: 9993814 Tipo: TP13VP Potencia: 800 W Tensi\u00f3n: 230 V~ 50 Hz \u00d8 mandril: 13 mm Velocidad variable: 0 \u2013 2700 min-1 Reversible giro derecha\/izquierda Mango lateral giratorio 360\u00ba con varilla graduada para tope de profundidad Selector mec\u00e1nico Taladro\/Percutor<\/p>","protected":false},"featured_media":23778,"template":"","meta":[],"product_cat":[191],"product_tag":[519,199,453,476,464],"class_list":{"0":"post-23775","1":"product","2":"type-product","3":"status-publish","4":"has-post-thumbnail","6":"product_brand-dowen-pagio-herramientas","7":"product_cat-maquinas-y-herramientas","8":"product_tag-dowen-pagio","9":"product_tag-herramientas-a-bateria","10":"product_tag-herramientas-electricas","11":"product_tag-taladro","12":"product_tag-taladro-percutor","14":"first","15":"instock","16":"taxable","17":"shipping-taxable","18":"purchasable","19":"product-type-simple","20":"add-to-wishlist-after_add_to_cart"},"yoast_head":"<!-- This site is optimized with the Yoast SEO Premium plugin v26.9 (Yoast SEO v26.9) - https:\/\/yoast.com\/product\/yoast-seo-premium-wordpress\/ -->\n<title>Taladro Percutor 13 mm 800w - Reversible Dowen Pagio - SoyMat \u2013 Seguridad Industrial<\/title>\n<meta name=\"robots\" content=\"index, follow, max-snippet:-1, max-image-preview:large, max-video-preview:-1\" \/>\n<link rel=\"canonical\" href=\"https:\/\/soymat.com\/es\/producto\/taladro-percutor-13-mm-800w-reversible-dowen-pagio\/\" \/>\n<meta property=\"og:locale\" content=\"es_ES\" \/>\n<meta property=\"og:type\" content=\"article\" \/>\n<meta property=\"og:title\" content=\"Taladro Percutor 13 mm 800w - Reversible Dowen Pagio\" \/>\n<meta property=\"og:description\" content=\"Taladro Percutor 13 mm 800w &#8211; Reversible Dowen Pagio Cod.: 9993814 Tipo: TP13VP Potencia: 800 W Tensi\u00f3n: 230 V~ 50 Hz \u00d8 mandril: 13 mm Velocidad variable: 0 \u2013 2700 min-1 Reversible giro derecha\/izquierda Mango lateral giratorio 360\u00ba con varilla graduada para tope de profundidad Selector mec\u00e1nico Taladro\/Percutor\" \/>\n<meta property=\"og:url\" content=\"https:\/\/soymat.com\/es\/producto\/taladro-percutor-13-mm-800w-reversible-dowen-pagio\/\" \/>\n<meta property=\"og:site_name\" content=\"SoyMat \u2013 Seguridad Industrial\" \/>\n<meta property=\"article:modified_time\" content=\"2026-04-01T22:06:22+00:00\" \/>\n<meta property=\"og:image\" content=\"https:\/\/soymat.com\/wp-content\/uploads\/2025\/10\/taladro_-9993814_-1.jpg\" \/>\n\t<meta property=\"og:image:width\" content=\"600\" \/>\n\t<meta property=\"og:image:height\" content=\"600\" \/>\n\t<meta property=\"og:image:type\" content=\"image\/jpeg\" \/>\n<meta name=\"twitter:card\" content=\"summary_large_image\" \/>\n<meta name=\"twitter:label1\" content=\"Tiempo de lectura\" \/>\n\t<meta name=\"twitter:data1\" content=\"1 minuto\" \/>\n<script type=\"application\/ld+json\" class=\"yoast-schema-graph\">{\"@context\":\"https:\/\/schema.org\",\"@graph\":[{\"@type\":\"WebPage\",\"@id\":\"https:\/\/soymat.com\/producto\/taladro-percutor-13-mm-800w-reversible-dowen-pagio\/\",\"url\":\"https:\/\/soymat.com\/producto\/taladro-percutor-13-mm-800w-reversible-dowen-pagio\/\",\"name\":\"Taladro Percutor 13 mm 800w - Reversible Dowen Pagio - SoyMat \u2013 Seguridad Industrial\",\"isPartOf\":{\"@id\":\"https:\/\/soymat.com\/#website\"},\"primaryImageOfPage\":{\"@id\":\"https:\/\/soymat.com\/producto\/taladro-percutor-13-mm-800w-reversible-dowen-pagio\/#primaryimage\"},\"image\":{\"@id\":\"https:\/\/soymat.com\/producto\/taladro-percutor-13-mm-800w-reversible-dowen-pagio\/#primaryimage\"},\"thumbnailUrl\":\"https:\/\/soymat.com\/wp-content\/uploads\/2025\/10\/taladro_-9993814_-1.jpg\",\"datePublished\":\"2025-10-14T19:41:37+00:00\",\"dateModified\":\"2026-04-01T22:06:22+00:00\",\"breadcrumb\":{\"@id\":\"https:\/\/soymat.com\/producto\/taladro-percutor-13-mm-800w-reversible-dowen-pagio\/#breadcrumb\"},\"inLanguage\":\"es-AR\",\"potentialAction\":[{\"@type\":\"ReadAction\",\"target\":[\"https:\/\/soymat.com\/producto\/taladro-percutor-13-mm-800w-reversible-dowen-pagio\/\"]}]},{\"@type\":\"ImageObject\",\"inLanguage\":\"es-AR\",\"@id\":\"https:\/\/soymat.com\/producto\/taladro-percutor-13-mm-800w-reversible-dowen-pagio\/#primaryimage\",\"url\":\"https:\/\/soymat.com\/wp-content\/uploads\/2025\/10\/taladro_-9993814_-1.jpg\",\"contentUrl\":\"https:\/\/soymat.com\/wp-content\/uploads\/2025\/10\/taladro_-9993814_-1.jpg\",\"width\":600,\"height\":600},{\"@type\":\"BreadcrumbList\",\"@id\":\"https:\/\/soymat.com\/producto\/taladro-percutor-13-mm-800w-reversible-dowen-pagio\/#breadcrumb\",\"itemListElement\":[{\"@type\":\"ListItem\",\"position\":1,\"name\":\"Portada\",\"item\":\"https:\/\/soymat.com\/\"},{\"@type\":\"ListItem\",\"position\":2,\"name\":\"Todos los Productos\",\"item\":\"https:\/\/soymat.com\/shop\/\"},{\"@type\":\"ListItem\",\"position\":3,\"name\":\"Taladro Percutor 13 mm 800w &#8211; Reversible Dowen Pagio\"}]},{\"@type\":\"WebSite\",\"@id\":\"https:\/\/soymat.com\/#website\",\"url\":\"https:\/\/soymat.com\/\",\"name\":\"So&Mat\",\"description\":\"Empresa Dedicada a la protecci\u00f3n global contra incendio . matafuegos redes bombas,venta instalaci\u00f3n y service, protecci\u00f3n y confort laboral en todo concepto.\",\"publisher\":{\"@id\":\"https:\/\/soymat.com\/#organization\"},\"alternateName\":\"So&Mat\",\"potentialAction\":[{\"@type\":\"SearchAction\",\"target\":{\"@type\":\"EntryPoint\",\"urlTemplate\":\"https:\/\/soymat.com\/?s={search_term_string}\"},\"query-input\":{\"@type\":\"PropertyValueSpecification\",\"valueRequired\":true,\"valueName\":\"search_term_string\"}}],\"inLanguage\":\"es-AR\"},{\"@type\":\"Organization\",\"@id\":\"https:\/\/soymat.com\/#organization\",\"name\":\"So&Mat\",\"url\":\"https:\/\/soymat.com\/\",\"logo\":{\"@type\":\"ImageObject\",\"inLanguage\":\"es-AR\",\"@id\":\"https:\/\/soymat.com\/#\/schema\/logo\/image\/\",\"url\":\"https:\/\/soymat.com\/wp-content\/uploads\/2024\/08\/SoyMat.jpg\",\"contentUrl\":\"https:\/\/soymat.com\/wp-content\/uploads\/2024\/08\/SoyMat.jpg\",\"width\":600,\"height\":236,\"caption\":\"So&Mat\"},\"image\":{\"@id\":\"https:\/\/soymat.com\/#\/schema\/logo\/image\/\"}}]}<\/script>\n<!-- \/ Yoast SEO Premium plugin. -->","yoast_head_json":{"title":"Taladro Percutor 13 mm 800w - Reversible Dowen Pagio - SoyMat \u2013 Seguridad Industrial","robots":{"index":"index","follow":"follow","max-snippet":"max-snippet:-1","max-image-preview":"max-image-preview:large","max-video-preview":"max-video-preview:-1"},"canonical":"https:\/\/soymat.com\/es\/producto\/taladro-percutor-13-mm-800w-reversible-dowen-pagio\/","og_locale":"es_ES","og_type":"article","og_title":"Taladro Percutor 13 mm 800w - Reversible Dowen Pagio","og_description":"Taladro Percutor 13 mm 800w &#8211; Reversible Dowen Pagio Cod.: 9993814 Tipo: TP13VP Potencia: 800 W Tensi\u00f3n: 230 V~ 50 Hz \u00d8 mandril: 13 mm Velocidad variable: 0 \u2013 2700 min-1 Reversible giro derecha\/izquierda Mango lateral giratorio 360\u00ba con varilla graduada para tope de profundidad Selector mec\u00e1nico Taladro\/Percutor","og_url":"https:\/\/soymat.com\/es\/producto\/taladro-percutor-13-mm-800w-reversible-dowen-pagio\/","og_site_name":"SoyMat \u2013 Seguridad Industrial","article_modified_time":"2026-04-01T22:06:22+00:00","og_image":[{"width":600,"height":600,"url":"https:\/\/soymat.com\/wp-content\/uploads\/2025\/10\/taladro_-9993814_-1.jpg","type":"image\/jpeg"}],"twitter_card":"summary_large_image","twitter_misc":{"Tiempo de lectura":"1 minuto"},"schema":{"@context":"https:\/\/schema.org","@graph":[{"@type":"WebPage","@id":"https:\/\/soymat.com\/producto\/taladro-percutor-13-mm-800w-reversible-dowen-pagio\/","url":"https:\/\/soymat.com\/producto\/taladro-percutor-13-mm-800w-reversible-dowen-pagio\/","name":"Taladro Percutor 13 mm 800w - Reversible Dowen Pagio - SoyMat \u2013 Seguridad Industrial","isPartOf":{"@id":"https:\/\/soymat.com\/#website"},"primaryImageOfPage":{"@id":"https:\/\/soymat.com\/producto\/taladro-percutor-13-mm-800w-reversible-dowen-pagio\/#primaryimage"},"image":{"@id":"https:\/\/soymat.com\/producto\/taladro-percutor-13-mm-800w-reversible-dowen-pagio\/#primaryimage"},"thumbnailUrl":"https:\/\/soymat.com\/wp-content\/uploads\/2025\/10\/taladro_-9993814_-1.jpg","datePublished":"2025-10-14T19:41:37+00:00","dateModified":"2026-04-01T22:06:22+00:00","breadcrumb":{"@id":"https:\/\/soymat.com\/producto\/taladro-percutor-13-mm-800w-reversible-dowen-pagio\/#breadcrumb"},"inLanguage":"es-AR","potentialAction":[{"@type":"ReadAction","target":["https:\/\/soymat.com\/producto\/taladro-percutor-13-mm-800w-reversible-dowen-pagio\/"]}]},{"@type":"ImageObject","inLanguage":"es-AR","@id":"https:\/\/soymat.com\/producto\/taladro-percutor-13-mm-800w-reversible-dowen-pagio\/#primaryimage","url":"https:\/\/soymat.com\/wp-content\/uploads\/2025\/10\/taladro_-9993814_-1.jpg","contentUrl":"https:\/\/soymat.com\/wp-content\/uploads\/2025\/10\/taladro_-9993814_-1.jpg","width":600,"height":600},{"@type":"BreadcrumbList","@id":"https:\/\/soymat.com\/producto\/taladro-percutor-13-mm-800w-reversible-dowen-pagio\/#breadcrumb","itemListElement":[{"@type":"ListItem","position":1,"name":"Portada","item":"https:\/\/soymat.com\/"},{"@type":"ListItem","position":2,"name":"Todos los Productos","item":"https:\/\/soymat.com\/shop\/"},{"@type":"ListItem","position":3,"name":"Taladro Percutor 13 mm 800w &#8211; Reversible Dowen Pagio"}]},{"@type":"WebSite","@id":"https:\/\/soymat.com\/#website","url":"https:\/\/soymat.com\/","name":"So&Mat","description":"Empresa Dedicada a la protecci\u00f3n global contra incendio . matafuegos redes bombas,venta instalaci\u00f3n y service, protecci\u00f3n y confort laboral en todo concepto.","publisher":{"@id":"https:\/\/soymat.com\/#organization"},"alternateName":"So&Mat","potentialAction":[{"@type":"SearchAction","target":{"@type":"EntryPoint","urlTemplate":"https:\/\/soymat.com\/?s={search_term_string}"},"query-input":{"@type":"PropertyValueSpecification","valueRequired":true,"valueName":"search_term_string"}}],"inLanguage":"es-AR"},{"@type":"Organization","@id":"https:\/\/soymat.com\/#organization","name":"So&Mat","url":"https:\/\/soymat.com\/","logo":{"@type":"ImageObject","inLanguage":"es-AR","@id":"https:\/\/soymat.com\/#\/schema\/logo\/image\/","url":"https:\/\/soymat.com\/wp-content\/uploads\/2024\/08\/SoyMat.jpg","contentUrl":"https:\/\/soymat.com\/wp-content\/uploads\/2024\/08\/SoyMat.jpg","width":600,"height":236,"caption":"So&Mat"},"image":{"@id":"https:\/\/soymat.com\/#\/schema\/logo\/image\/"}}]}},"_links":{"self":[{"href":"https:\/\/soymat.com\/es\/wp-json\/wp\/v2\/product\/23775","targetHints":{"allow":["GET"]}}],"collection":[{"href":"https:\/\/soymat.com\/es\/wp-json\/wp\/v2\/product"}],"about":[{"href":"https:\/\/soymat.com\/es\/wp-json\/wp\/v2\/types\/product"}],"wp:featuredmedia":[{"embeddable":true,"href":"https:\/\/soymat.com\/es\/wp-json\/wp\/v2\/media\/23778"}],"wp:attachment":[{"href":"https:\/\/soymat.com\/es\/wp-json\/wp\/v2\/media?parent=23775"}],"wp:term":[{"taxonomy":"product_cat","embeddable":true,"href":"https:\/\/soymat.com\/es\/wp-json\/wp\/v2\/product_cat?post=23775"},{"taxonomy":"product_tag","embeddable":true,"href":"https:\/\/soymat.com\/es\/wp-json\/wp\/v2\/product_tag?post=23775"}],"curies":[{"name":"wp","href":"https:\/\/api.w.org\/{rel}","templated":true}]}}