{"id":23808,"date":"2025-10-14T20:24:43","date_gmt":"2025-10-14T23:24:43","guid":{"rendered":"https:\/\/soymat.com\/?post_type=product&#038;p=23808"},"modified":"2025-11-04T19:06:38","modified_gmt":"2025-11-04T22:06:38","slug":"lijadora-orbital-115x230mm-330w-dowen-pagio","status":"publish","type":"product","link":"https:\/\/soymat.com\/es\/producto\/lijadora-orbital-115x230mm-330w-dowen-pagio\/","title":{"rendered":"Lijadora Orbital 115x230mm 330w Dowen Pagio"},"content":{"rendered":"<p><strong>Lijadora Orbital 115x230mm 330w Dowen Pagio<\/strong><br \/>\nCod.: 9993444.1<\/p>\n<p>Tipo: LO1151SP<br \/>\nTensi\u00f3n: 230 V \/ 50 Hz<br \/>\nPotencia: 330 W<br \/>\nVelocidad Variable: 6.000 \u2013 12.000 min-1<br \/>\nBase porta lija: 115 x 230 mm<\/p>\n<p>*Empu\u00f1adura posterior envolvente con grip anti deslizante.|*Base de aluminio super reforzada.|*Sistema de recoleccion de polvo \u00abDust Port\u00bb con bolsa recolectora.|<\/p>","protected":false},"excerpt":{"rendered":"<p>Lijadora Orbital 115x230mm 330w Dowen Pagio Cod.: 9993444.1 Tipo: LO1151SP Tensi\u00f3n: 230 V \/ 50 Hz Potencia: 330 W Velocidad Variable: 6.000 \u2013 12.000 min-1 Base porta lija: 115 x 230 mm *Empu\u00f1adura posterior envolvente con grip anti deslizante.|*Base de aluminio super reforzada.|*Sistema de recoleccion de polvo \u00abDust Port\u00bb con bolsa recolectora.|<\/p>","protected":false},"featured_media":23810,"template":"","meta":[],"product_cat":[191],"product_tag":[830,755,301,831],"class_list":{"0":"post-23808","1":"product","2":"type-product","3":"status-publish","4":"has-post-thumbnail","6":"product_brand-dowen-pagio-herramientas","7":"product_cat-maquinas-y-herramientas","8":"product_tag-liadora","9":"product_tag-lijadora-orbital","10":"product_tag-muebleria","11":"product_tag-taller-de-muebles","13":"first","14":"instock","15":"taxable","16":"shipping-taxable","17":"purchasable","18":"product-type-simple","19":"add-to-wishlist-after_add_to_cart"},"yoast_head":"<!-- This site is optimized with the Yoast SEO Premium plugin v26.9 (Yoast SEO v26.9) - https:\/\/yoast.com\/product\/yoast-seo-premium-wordpress\/ -->\n<title>Lijadora Orbital 115x230mm 330w Dowen Pagio - SoyMat \u2013 Seguridad Industrial<\/title>\n<meta name=\"robots\" content=\"index, follow, max-snippet:-1, max-image-preview:large, max-video-preview:-1\" \/>\n<link rel=\"canonical\" href=\"https:\/\/soymat.com\/es\/producto\/lijadora-orbital-115x230mm-330w-dowen-pagio\/\" \/>\n<meta property=\"og:locale\" content=\"es_ES\" \/>\n<meta property=\"og:type\" content=\"article\" \/>\n<meta property=\"og:title\" content=\"Lijadora Orbital 115x230mm 330w Dowen Pagio\" \/>\n<meta property=\"og:description\" content=\"Lijadora Orbital 115x230mm 330w Dowen Pagio Cod.: 9993444.1 Tipo: LO1151SP Tensi\u00f3n: 230 V \/ 50 Hz Potencia: 330 W Velocidad Variable: 6.000 \u2013 12.000 min-1 Base porta lija: 115 x 230 mm *Empu\u00f1adura posterior envolvente con grip anti deslizante.|*Base de aluminio super reforzada.|*Sistema de recoleccion de polvo \u00abDust Port\u00bb con bolsa recolectora.|\" \/>\n<meta property=\"og:url\" content=\"https:\/\/soymat.com\/es\/producto\/lijadora-orbital-115x230mm-330w-dowen-pagio\/\" \/>\n<meta property=\"og:site_name\" content=\"SoyMat \u2013 Seguridad Industrial\" \/>\n<meta property=\"article:modified_time\" content=\"2025-11-04T22:06:38+00:00\" \/>\n<meta property=\"og:image\" content=\"https:\/\/soymat.com\/wp-content\/uploads\/2025\/10\/lijadora-9993444-1-1.jpg\" \/>\n\t<meta property=\"og:image:width\" content=\"600\" \/>\n\t<meta property=\"og:image:height\" content=\"600\" \/>\n\t<meta property=\"og:image:type\" content=\"image\/jpeg\" \/>\n<meta name=\"twitter:card\" content=\"summary_large_image\" \/>\n<meta name=\"twitter:label1\" content=\"Tiempo de lectura\" \/>\n\t<meta name=\"twitter:data1\" content=\"1 minuto\" \/>\n<script type=\"application\/ld+json\" class=\"yoast-schema-graph\">{\"@context\":\"https:\/\/schema.org\",\"@graph\":[{\"@type\":\"WebPage\",\"@id\":\"https:\/\/soymat.com\/producto\/lijadora-orbital-115x230mm-330w-dowen-pagio\/\",\"url\":\"https:\/\/soymat.com\/producto\/lijadora-orbital-115x230mm-330w-dowen-pagio\/\",\"name\":\"Lijadora Orbital 115x230mm 330w Dowen Pagio - SoyMat \u2013 Seguridad Industrial\",\"isPartOf\":{\"@id\":\"https:\/\/soymat.com\/#website\"},\"primaryImageOfPage\":{\"@id\":\"https:\/\/soymat.com\/producto\/lijadora-orbital-115x230mm-330w-dowen-pagio\/#primaryimage\"},\"image\":{\"@id\":\"https:\/\/soymat.com\/producto\/lijadora-orbital-115x230mm-330w-dowen-pagio\/#primaryimage\"},\"thumbnailUrl\":\"https:\/\/soymat.com\/wp-content\/uploads\/2025\/10\/lijadora-9993444-1-1.jpg\",\"datePublished\":\"2025-10-14T23:24:43+00:00\",\"dateModified\":\"2025-11-04T22:06:38+00:00\",\"breadcrumb\":{\"@id\":\"https:\/\/soymat.com\/producto\/lijadora-orbital-115x230mm-330w-dowen-pagio\/#breadcrumb\"},\"inLanguage\":\"es-AR\",\"potentialAction\":[{\"@type\":\"ReadAction\",\"target\":[\"https:\/\/soymat.com\/producto\/lijadora-orbital-115x230mm-330w-dowen-pagio\/\"]}]},{\"@type\":\"ImageObject\",\"inLanguage\":\"es-AR\",\"@id\":\"https:\/\/soymat.com\/producto\/lijadora-orbital-115x230mm-330w-dowen-pagio\/#primaryimage\",\"url\":\"https:\/\/soymat.com\/wp-content\/uploads\/2025\/10\/lijadora-9993444-1-1.jpg\",\"contentUrl\":\"https:\/\/soymat.com\/wp-content\/uploads\/2025\/10\/lijadora-9993444-1-1.jpg\",\"width\":600,\"height\":600},{\"@type\":\"BreadcrumbList\",\"@id\":\"https:\/\/soymat.com\/producto\/lijadora-orbital-115x230mm-330w-dowen-pagio\/#breadcrumb\",\"itemListElement\":[{\"@type\":\"ListItem\",\"position\":1,\"name\":\"Portada\",\"item\":\"https:\/\/soymat.com\/\"},{\"@type\":\"ListItem\",\"position\":2,\"name\":\"Todos los Productos\",\"item\":\"https:\/\/soymat.com\/shop\/\"},{\"@type\":\"ListItem\",\"position\":3,\"name\":\"Lijadora Orbital 115x230mm 330w Dowen Pagio\"}]},{\"@type\":\"WebSite\",\"@id\":\"https:\/\/soymat.com\/#website\",\"url\":\"https:\/\/soymat.com\/\",\"name\":\"So&Mat\",\"description\":\"Empresa Dedicada a la protecci\u00f3n global contra incendio . matafuegos redes bombas,venta instalaci\u00f3n y service, protecci\u00f3n y confort laboral en todo concepto.\",\"publisher\":{\"@id\":\"https:\/\/soymat.com\/#organization\"},\"alternateName\":\"So&Mat\",\"potentialAction\":[{\"@type\":\"SearchAction\",\"target\":{\"@type\":\"EntryPoint\",\"urlTemplate\":\"https:\/\/soymat.com\/?s={search_term_string}\"},\"query-input\":{\"@type\":\"PropertyValueSpecification\",\"valueRequired\":true,\"valueName\":\"search_term_string\"}}],\"inLanguage\":\"es-AR\"},{\"@type\":\"Organization\",\"@id\":\"https:\/\/soymat.com\/#organization\",\"name\":\"So&Mat\",\"url\":\"https:\/\/soymat.com\/\",\"logo\":{\"@type\":\"ImageObject\",\"inLanguage\":\"es-AR\",\"@id\":\"https:\/\/soymat.com\/#\/schema\/logo\/image\/\",\"url\":\"https:\/\/soymat.com\/wp-content\/uploads\/2024\/08\/SoyMat.jpg\",\"contentUrl\":\"https:\/\/soymat.com\/wp-content\/uploads\/2024\/08\/SoyMat.jpg\",\"width\":600,\"height\":236,\"caption\":\"So&Mat\"},\"image\":{\"@id\":\"https:\/\/soymat.com\/#\/schema\/logo\/image\/\"}}]}<\/script>\n<!-- \/ Yoast SEO Premium plugin. -->","yoast_head_json":{"title":"Lijadora Orbital 115x230mm 330w Dowen Pagio - SoyMat \u2013 Seguridad Industrial","robots":{"index":"index","follow":"follow","max-snippet":"max-snippet:-1","max-image-preview":"max-image-preview:large","max-video-preview":"max-video-preview:-1"},"canonical":"https:\/\/soymat.com\/es\/producto\/lijadora-orbital-115x230mm-330w-dowen-pagio\/","og_locale":"es_ES","og_type":"article","og_title":"Lijadora Orbital 115x230mm 330w Dowen Pagio","og_description":"Lijadora Orbital 115x230mm 330w Dowen Pagio Cod.: 9993444.1 Tipo: LO1151SP Tensi\u00f3n: 230 V \/ 50 Hz Potencia: 330 W Velocidad Variable: 6.000 \u2013 12.000 min-1 Base porta lija: 115 x 230 mm *Empu\u00f1adura posterior envolvente con grip anti deslizante.|*Base de aluminio super reforzada.|*Sistema de recoleccion de polvo \u00abDust Port\u00bb con bolsa recolectora.|","og_url":"https:\/\/soymat.com\/es\/producto\/lijadora-orbital-115x230mm-330w-dowen-pagio\/","og_site_name":"SoyMat \u2013 Seguridad Industrial","article_modified_time":"2025-11-04T22:06:38+00:00","og_image":[{"width":600,"height":600,"url":"https:\/\/soymat.com\/wp-content\/uploads\/2025\/10\/lijadora-9993444-1-1.jpg","type":"image\/jpeg"}],"twitter_card":"summary_large_image","twitter_misc":{"Tiempo de lectura":"1 minuto"},"schema":{"@context":"https:\/\/schema.org","@graph":[{"@type":"WebPage","@id":"https:\/\/soymat.com\/producto\/lijadora-orbital-115x230mm-330w-dowen-pagio\/","url":"https:\/\/soymat.com\/producto\/lijadora-orbital-115x230mm-330w-dowen-pagio\/","name":"Lijadora Orbital 115x230mm 330w Dowen Pagio - SoyMat \u2013 Seguridad Industrial","isPartOf":{"@id":"https:\/\/soymat.com\/#website"},"primaryImageOfPage":{"@id":"https:\/\/soymat.com\/producto\/lijadora-orbital-115x230mm-330w-dowen-pagio\/#primaryimage"},"image":{"@id":"https:\/\/soymat.com\/producto\/lijadora-orbital-115x230mm-330w-dowen-pagio\/#primaryimage"},"thumbnailUrl":"https:\/\/soymat.com\/wp-content\/uploads\/2025\/10\/lijadora-9993444-1-1.jpg","datePublished":"2025-10-14T23:24:43+00:00","dateModified":"2025-11-04T22:06:38+00:00","breadcrumb":{"@id":"https:\/\/soymat.com\/producto\/lijadora-orbital-115x230mm-330w-dowen-pagio\/#breadcrumb"},"inLanguage":"es-AR","potentialAction":[{"@type":"ReadAction","target":["https:\/\/soymat.com\/producto\/lijadora-orbital-115x230mm-330w-dowen-pagio\/"]}]},{"@type":"ImageObject","inLanguage":"es-AR","@id":"https:\/\/soymat.com\/producto\/lijadora-orbital-115x230mm-330w-dowen-pagio\/#primaryimage","url":"https:\/\/soymat.com\/wp-content\/uploads\/2025\/10\/lijadora-9993444-1-1.jpg","contentUrl":"https:\/\/soymat.com\/wp-content\/uploads\/2025\/10\/lijadora-9993444-1-1.jpg","width":600,"height":600},{"@type":"BreadcrumbList","@id":"https:\/\/soymat.com\/producto\/lijadora-orbital-115x230mm-330w-dowen-pagio\/#breadcrumb","itemListElement":[{"@type":"ListItem","position":1,"name":"Portada","item":"https:\/\/soymat.com\/"},{"@type":"ListItem","position":2,"name":"Todos los Productos","item":"https:\/\/soymat.com\/shop\/"},{"@type":"ListItem","position":3,"name":"Lijadora Orbital 115x230mm 330w Dowen Pagio"}]},{"@type":"WebSite","@id":"https:\/\/soymat.com\/#website","url":"https:\/\/soymat.com\/","name":"So&Mat","description":"Empresa Dedicada a la protecci\u00f3n global contra incendio . matafuegos redes bombas,venta instalaci\u00f3n y service, protecci\u00f3n y confort laboral en todo concepto.","publisher":{"@id":"https:\/\/soymat.com\/#organization"},"alternateName":"So&Mat","potentialAction":[{"@type":"SearchAction","target":{"@type":"EntryPoint","urlTemplate":"https:\/\/soymat.com\/?s={search_term_string}"},"query-input":{"@type":"PropertyValueSpecification","valueRequired":true,"valueName":"search_term_string"}}],"inLanguage":"es-AR"},{"@type":"Organization","@id":"https:\/\/soymat.com\/#organization","name":"So&Mat","url":"https:\/\/soymat.com\/","logo":{"@type":"ImageObject","inLanguage":"es-AR","@id":"https:\/\/soymat.com\/#\/schema\/logo\/image\/","url":"https:\/\/soymat.com\/wp-content\/uploads\/2024\/08\/SoyMat.jpg","contentUrl":"https:\/\/soymat.com\/wp-content\/uploads\/2024\/08\/SoyMat.jpg","width":600,"height":236,"caption":"So&Mat"},"image":{"@id":"https:\/\/soymat.com\/#\/schema\/logo\/image\/"}}]}},"_links":{"self":[{"href":"https:\/\/soymat.com\/es\/wp-json\/wp\/v2\/product\/23808","targetHints":{"allow":["GET"]}}],"collection":[{"href":"https:\/\/soymat.com\/es\/wp-json\/wp\/v2\/product"}],"about":[{"href":"https:\/\/soymat.com\/es\/wp-json\/wp\/v2\/types\/product"}],"wp:featuredmedia":[{"embeddable":true,"href":"https:\/\/soymat.com\/es\/wp-json\/wp\/v2\/media\/23810"}],"wp:attachment":[{"href":"https:\/\/soymat.com\/es\/wp-json\/wp\/v2\/media?parent=23808"}],"wp:term":[{"taxonomy":"product_cat","embeddable":true,"href":"https:\/\/soymat.com\/es\/wp-json\/wp\/v2\/product_cat?post=23808"},{"taxonomy":"product_tag","embeddable":true,"href":"https:\/\/soymat.com\/es\/wp-json\/wp\/v2\/product_tag?post=23808"}],"curies":[{"name":"wp","href":"https:\/\/api.w.org\/{rel}","templated":true}]}}