{"id":23836,"date":"2025-10-20T10:13:28","date_gmt":"2025-10-20T13:13:28","guid":{"rendered":"https:\/\/soymat.com\/?post_type=product&#038;p=23836"},"modified":"2026-02-10T10:06:31","modified_gmt":"2026-02-10T13:06:31","slug":"polaina-descarne-con-media-luna-metalica-par","status":"publish","type":"product","link":"https:\/\/soymat.com\/es\/producto\/polaina-descarne-con-media-luna-metalica-par\/","title":{"rendered":"Polaina Descarne con media luna met\u00e1lica (par)"},"content":{"rendered":"<p><strong>Polaina Descarne con media luna met\u00e1lica (par)<\/strong><br \/>\nCod.: PS01<\/p>\n<p>Descripci\u00f3n<br \/>\nPolainas de Descarne para Soldador PS01 ofrece un producto fabricado en cuero descarne (cabeza) curtido al cromo color amarillo, en un espesor de 1.6 mm, costuras con con velcro e hilo kevlar<\/p>","protected":false},"excerpt":{"rendered":"<p>Polaina Descarne con media luna met\u00e1lica (par) Cod.: PS01 Descripci\u00f3n Polainas de Descarne para Soldador PS01 ofrece un producto fabricado en cuero descarne (cabeza) curtido al cromo color amarillo, en un espesor de 1.6 mm, costuras con con velcro e hilo kevlar<\/p>","protected":false},"featured_media":23841,"template":"","meta":[],"product_cat":[337,84],"product_tag":[214,840,537],"class_list":{"0":"post-23836","1":"product","2":"type-product","3":"status-publish","4":"has-post-thumbnail","6":"product_cat-productos-destacados-con-descuentos","7":"product_cat-proteccion-personal","8":"product_tag-metalurgica","9":"product_tag-proteccion-soldador","10":"product_tag-soldador","12":"first","13":"outofstock","14":"taxable","15":"shipping-taxable","16":"purchasable","17":"product-type-simple","18":"add-to-wishlist-after_add_to_cart"},"yoast_head":"<!-- This site is optimized with the Yoast SEO Premium plugin v26.9 (Yoast SEO v26.9) - https:\/\/yoast.com\/product\/yoast-seo-premium-wordpress\/ -->\n<title>Polaina Descarne con media luna met\u00e1lica (par) - SoyMat \u2013 Seguridad Industrial<\/title>\n<meta name=\"robots\" content=\"index, follow, max-snippet:-1, max-image-preview:large, max-video-preview:-1\" \/>\n<link rel=\"canonical\" href=\"https:\/\/soymat.com\/es\/producto\/polaina-descarne-con-media-luna-metalica-par\/\" \/>\n<meta property=\"og:locale\" content=\"es_ES\" \/>\n<meta property=\"og:type\" content=\"article\" \/>\n<meta property=\"og:title\" content=\"Polaina Descarne con media luna met\u00e1lica (par)\" \/>\n<meta property=\"og:description\" content=\"Polaina Descarne con media luna met\u00e1lica (par) Cod.: PS01 Descripci\u00f3n Polainas de Descarne para Soldador PS01 ofrece un producto fabricado en cuero descarne (cabeza) curtido al cromo color amarillo, en un espesor de 1.6 mm, costuras con con velcro e hilo kevlar\" \/>\n<meta property=\"og:url\" content=\"https:\/\/soymat.com\/es\/producto\/polaina-descarne-con-media-luna-metalica-par\/\" \/>\n<meta property=\"og:site_name\" content=\"SoyMat \u2013 Seguridad Industrial\" \/>\n<meta property=\"article:modified_time\" content=\"2026-02-10T13:06:31+00:00\" \/>\n<meta property=\"og:image\" content=\"https:\/\/soymat.com\/wp-content\/uploads\/2025\/10\/polainas-1.jpg\" \/>\n\t<meta property=\"og:image:width\" content=\"700\" \/>\n\t<meta property=\"og:image:height\" content=\"700\" \/>\n\t<meta property=\"og:image:type\" content=\"image\/jpeg\" \/>\n<meta name=\"twitter:card\" content=\"summary_large_image\" \/>\n<meta name=\"twitter:label1\" content=\"Tiempo de lectura\" \/>\n\t<meta name=\"twitter:data1\" content=\"1 minuto\" \/>\n<script type=\"application\/ld+json\" class=\"yoast-schema-graph\">{\"@context\":\"https:\/\/schema.org\",\"@graph\":[{\"@type\":\"WebPage\",\"@id\":\"https:\/\/soymat.com\/producto\/polaina-descarne-con-media-luna-metalica-par\/\",\"url\":\"https:\/\/soymat.com\/producto\/polaina-descarne-con-media-luna-metalica-par\/\",\"name\":\"Polaina Descarne con media luna met\u00e1lica (par) - SoyMat \u2013 Seguridad Industrial\",\"isPartOf\":{\"@id\":\"https:\/\/soymat.com\/#website\"},\"primaryImageOfPage\":{\"@id\":\"https:\/\/soymat.com\/producto\/polaina-descarne-con-media-luna-metalica-par\/#primaryimage\"},\"image\":{\"@id\":\"https:\/\/soymat.com\/producto\/polaina-descarne-con-media-luna-metalica-par\/#primaryimage\"},\"thumbnailUrl\":\"https:\/\/soymat.com\/wp-content\/uploads\/2025\/10\/polainas-1.jpg\",\"datePublished\":\"2025-10-20T13:13:28+00:00\",\"dateModified\":\"2026-02-10T13:06:31+00:00\",\"breadcrumb\":{\"@id\":\"https:\/\/soymat.com\/producto\/polaina-descarne-con-media-luna-metalica-par\/#breadcrumb\"},\"inLanguage\":\"es-AR\",\"potentialAction\":[{\"@type\":\"ReadAction\",\"target\":[\"https:\/\/soymat.com\/producto\/polaina-descarne-con-media-luna-metalica-par\/\"]}]},{\"@type\":\"ImageObject\",\"inLanguage\":\"es-AR\",\"@id\":\"https:\/\/soymat.com\/producto\/polaina-descarne-con-media-luna-metalica-par\/#primaryimage\",\"url\":\"https:\/\/soymat.com\/wp-content\/uploads\/2025\/10\/polainas-1.jpg\",\"contentUrl\":\"https:\/\/soymat.com\/wp-content\/uploads\/2025\/10\/polainas-1.jpg\",\"width\":700,\"height\":700},{\"@type\":\"BreadcrumbList\",\"@id\":\"https:\/\/soymat.com\/producto\/polaina-descarne-con-media-luna-metalica-par\/#breadcrumb\",\"itemListElement\":[{\"@type\":\"ListItem\",\"position\":1,\"name\":\"Portada\",\"item\":\"https:\/\/soymat.com\/\"},{\"@type\":\"ListItem\",\"position\":2,\"name\":\"Todos los Productos\",\"item\":\"https:\/\/soymat.com\/shop\/\"},{\"@type\":\"ListItem\",\"position\":3,\"name\":\"Polaina Descarne con media luna met\u00e1lica (par)\"}]},{\"@type\":\"WebSite\",\"@id\":\"https:\/\/soymat.com\/#website\",\"url\":\"https:\/\/soymat.com\/\",\"name\":\"So&Mat\",\"description\":\"Empresa Dedicada a la protecci\u00f3n global contra incendio . matafuegos redes bombas,venta instalaci\u00f3n y service, protecci\u00f3n y confort laboral en todo concepto.\",\"publisher\":{\"@id\":\"https:\/\/soymat.com\/#organization\"},\"alternateName\":\"So&Mat\",\"potentialAction\":[{\"@type\":\"SearchAction\",\"target\":{\"@type\":\"EntryPoint\",\"urlTemplate\":\"https:\/\/soymat.com\/?s={search_term_string}\"},\"query-input\":{\"@type\":\"PropertyValueSpecification\",\"valueRequired\":true,\"valueName\":\"search_term_string\"}}],\"inLanguage\":\"es-AR\"},{\"@type\":\"Organization\",\"@id\":\"https:\/\/soymat.com\/#organization\",\"name\":\"So&Mat\",\"url\":\"https:\/\/soymat.com\/\",\"logo\":{\"@type\":\"ImageObject\",\"inLanguage\":\"es-AR\",\"@id\":\"https:\/\/soymat.com\/#\/schema\/logo\/image\/\",\"url\":\"https:\/\/soymat.com\/wp-content\/uploads\/2024\/08\/SoyMat.jpg\",\"contentUrl\":\"https:\/\/soymat.com\/wp-content\/uploads\/2024\/08\/SoyMat.jpg\",\"width\":600,\"height\":236,\"caption\":\"So&Mat\"},\"image\":{\"@id\":\"https:\/\/soymat.com\/#\/schema\/logo\/image\/\"}}]}<\/script>\n<!-- \/ Yoast SEO Premium plugin. -->","yoast_head_json":{"title":"Polaina Descarne con media luna met\u00e1lica (par) - SoyMat \u2013 Seguridad Industrial","robots":{"index":"index","follow":"follow","max-snippet":"max-snippet:-1","max-image-preview":"max-image-preview:large","max-video-preview":"max-video-preview:-1"},"canonical":"https:\/\/soymat.com\/es\/producto\/polaina-descarne-con-media-luna-metalica-par\/","og_locale":"es_ES","og_type":"article","og_title":"Polaina Descarne con media luna met\u00e1lica (par)","og_description":"Polaina Descarne con media luna met\u00e1lica (par) Cod.: PS01 Descripci\u00f3n Polainas de Descarne para Soldador PS01 ofrece un producto fabricado en cuero descarne (cabeza) curtido al cromo color amarillo, en un espesor de 1.6 mm, costuras con con velcro e hilo kevlar","og_url":"https:\/\/soymat.com\/es\/producto\/polaina-descarne-con-media-luna-metalica-par\/","og_site_name":"SoyMat \u2013 Seguridad Industrial","article_modified_time":"2026-02-10T13:06:31+00:00","og_image":[{"width":700,"height":700,"url":"https:\/\/soymat.com\/wp-content\/uploads\/2025\/10\/polainas-1.jpg","type":"image\/jpeg"}],"twitter_card":"summary_large_image","twitter_misc":{"Tiempo de lectura":"1 minuto"},"schema":{"@context":"https:\/\/schema.org","@graph":[{"@type":"WebPage","@id":"https:\/\/soymat.com\/producto\/polaina-descarne-con-media-luna-metalica-par\/","url":"https:\/\/soymat.com\/producto\/polaina-descarne-con-media-luna-metalica-par\/","name":"Polaina Descarne con media luna met\u00e1lica (par) - SoyMat \u2013 Seguridad Industrial","isPartOf":{"@id":"https:\/\/soymat.com\/#website"},"primaryImageOfPage":{"@id":"https:\/\/soymat.com\/producto\/polaina-descarne-con-media-luna-metalica-par\/#primaryimage"},"image":{"@id":"https:\/\/soymat.com\/producto\/polaina-descarne-con-media-luna-metalica-par\/#primaryimage"},"thumbnailUrl":"https:\/\/soymat.com\/wp-content\/uploads\/2025\/10\/polainas-1.jpg","datePublished":"2025-10-20T13:13:28+00:00","dateModified":"2026-02-10T13:06:31+00:00","breadcrumb":{"@id":"https:\/\/soymat.com\/producto\/polaina-descarne-con-media-luna-metalica-par\/#breadcrumb"},"inLanguage":"es-AR","potentialAction":[{"@type":"ReadAction","target":["https:\/\/soymat.com\/producto\/polaina-descarne-con-media-luna-metalica-par\/"]}]},{"@type":"ImageObject","inLanguage":"es-AR","@id":"https:\/\/soymat.com\/producto\/polaina-descarne-con-media-luna-metalica-par\/#primaryimage","url":"https:\/\/soymat.com\/wp-content\/uploads\/2025\/10\/polainas-1.jpg","contentUrl":"https:\/\/soymat.com\/wp-content\/uploads\/2025\/10\/polainas-1.jpg","width":700,"height":700},{"@type":"BreadcrumbList","@id":"https:\/\/soymat.com\/producto\/polaina-descarne-con-media-luna-metalica-par\/#breadcrumb","itemListElement":[{"@type":"ListItem","position":1,"name":"Portada","item":"https:\/\/soymat.com\/"},{"@type":"ListItem","position":2,"name":"Todos los Productos","item":"https:\/\/soymat.com\/shop\/"},{"@type":"ListItem","position":3,"name":"Polaina Descarne con media luna met\u00e1lica (par)"}]},{"@type":"WebSite","@id":"https:\/\/soymat.com\/#website","url":"https:\/\/soymat.com\/","name":"So&Mat","description":"Empresa Dedicada a la protecci\u00f3n global contra incendio . matafuegos redes bombas,venta instalaci\u00f3n y service, protecci\u00f3n y confort laboral en todo concepto.","publisher":{"@id":"https:\/\/soymat.com\/#organization"},"alternateName":"So&Mat","potentialAction":[{"@type":"SearchAction","target":{"@type":"EntryPoint","urlTemplate":"https:\/\/soymat.com\/?s={search_term_string}"},"query-input":{"@type":"PropertyValueSpecification","valueRequired":true,"valueName":"search_term_string"}}],"inLanguage":"es-AR"},{"@type":"Organization","@id":"https:\/\/soymat.com\/#organization","name":"So&Mat","url":"https:\/\/soymat.com\/","logo":{"@type":"ImageObject","inLanguage":"es-AR","@id":"https:\/\/soymat.com\/#\/schema\/logo\/image\/","url":"https:\/\/soymat.com\/wp-content\/uploads\/2024\/08\/SoyMat.jpg","contentUrl":"https:\/\/soymat.com\/wp-content\/uploads\/2024\/08\/SoyMat.jpg","width":600,"height":236,"caption":"So&Mat"},"image":{"@id":"https:\/\/soymat.com\/#\/schema\/logo\/image\/"}}]}},"_links":{"self":[{"href":"https:\/\/soymat.com\/es\/wp-json\/wp\/v2\/product\/23836","targetHints":{"allow":["GET"]}}],"collection":[{"href":"https:\/\/soymat.com\/es\/wp-json\/wp\/v2\/product"}],"about":[{"href":"https:\/\/soymat.com\/es\/wp-json\/wp\/v2\/types\/product"}],"wp:featuredmedia":[{"embeddable":true,"href":"https:\/\/soymat.com\/es\/wp-json\/wp\/v2\/media\/23841"}],"wp:attachment":[{"href":"https:\/\/soymat.com\/es\/wp-json\/wp\/v2\/media?parent=23836"}],"wp:term":[{"taxonomy":"product_cat","embeddable":true,"href":"https:\/\/soymat.com\/es\/wp-json\/wp\/v2\/product_cat?post=23836"},{"taxonomy":"product_tag","embeddable":true,"href":"https:\/\/soymat.com\/es\/wp-json\/wp\/v2\/product_tag?post=23836"}],"curies":[{"name":"wp","href":"https:\/\/api.w.org\/{rel}","templated":true}]}}