{"id":23842,"date":"2025-10-20T10:16:13","date_gmt":"2025-10-20T13:16:13","guid":{"rendered":"https:\/\/soymat.com\/?post_type=product&#038;p=23842"},"modified":"2026-03-18T13:06:24","modified_gmt":"2026-03-18T16:06:24","slug":"guante-descarne-soldador-largo-rojo-forrado-c-tira-protectora-dp-t-10","status":"publish","type":"product","link":"https:\/\/soymat.com\/es\/producto\/guante-descarne-soldador-largo-rojo-forrado-c-tira-protectora-dp-t-10\/","title":{"rendered":"Guante Descarne Soldador Largo Rojo Forrado c\/Tira Protectora DP &#8211; T.10"},"content":{"rendered":"<p><strong>Guante Descarne Soldador Largo Rojo Forrado c\/Tira Protectora DP &#8211; T.10<\/strong><br \/>\nCod.: 32217<\/p>\n<p>Producto certificado: Norma IRAM 3607-IRAM 3608.<\/p>\n<p>Guante soldador PREMIUM de descarne rojo.<br \/>\nDorso confeccionado en una sola pieza para evitar quemaduras.<br \/>\nCosturas confeccionadas con hilado Kevlar para mayor resistencia.<br \/>\nInterior forrado.<br \/>\nPosee tira protectora.<br \/>\nBuen nivel de confort y resistencia.<\/p>","protected":false},"excerpt":{"rendered":"<p>Guante Descarne Soldador Largo Rojo Forrado c\/Tira Protectora DP &#8211; T.10 Cod.: 32217 Producto certificado: Norma IRAM 3607-IRAM 3608. Guante soldador PREMIUM de descarne rojo. Dorso confeccionado en una sola pieza para evitar quemaduras. Costuras confeccionadas con hilado Kevlar para mayor resistencia. Interior forrado. Posee tira protectora. Buen nivel de confort y resistencia.<\/p>","protected":false},"featured_media":23840,"template":"","meta":[],"product_cat":[337,94,84],"product_tag":[844,841,842,344,537],"class_list":{"0":"post-23842","1":"product","2":"type-product","3":"status-publish","4":"has-post-thumbnail","6":"product_brand-de-pascale-elementos-de-seguridad-para-trabajadores","7":"product_cat-productos-destacados-con-descuentos","8":"product_cat-guantes","9":"product_cat-proteccion-personal","10":"product_tag-guante-descarne","11":"product_tag-guante-rojo","12":"product_tag-guante-soldador","13":"product_tag-metalurgia","14":"product_tag-soldador","16":"first","17":"outofstock","18":"taxable","19":"shipping-taxable","20":"purchasable","21":"product-type-simple","22":"add-to-wishlist-after_add_to_cart"},"yoast_head":"<!-- This site is optimized with the Yoast SEO Premium plugin v26.9 (Yoast SEO v26.9) - https:\/\/yoast.com\/product\/yoast-seo-premium-wordpress\/ -->\n<title>Guante Descarne Soldador Largo Rojo Forrado c\/Tira Protectora DP - T.10 - SoyMat \u2013 Seguridad Industrial<\/title>\n<meta name=\"robots\" content=\"index, follow, max-snippet:-1, max-image-preview:large, max-video-preview:-1\" \/>\n<link rel=\"canonical\" href=\"https:\/\/soymat.com\/es\/producto\/guante-descarne-soldador-largo-rojo-forrado-c-tira-protectora-dp-t-10\/\" \/>\n<meta property=\"og:locale\" content=\"es_ES\" \/>\n<meta property=\"og:type\" content=\"article\" \/>\n<meta property=\"og:title\" content=\"Guante Descarne Soldador Largo Rojo Forrado c\/Tira Protectora DP - T.10\" \/>\n<meta property=\"og:description\" content=\"Guante Descarne Soldador Largo Rojo Forrado c\/Tira Protectora DP &#8211; T.10 Cod.: 32217 Producto certificado: Norma IRAM 3607-IRAM 3608. Guante soldador PREMIUM de descarne rojo. Dorso confeccionado en una sola pieza para evitar quemaduras. Costuras confeccionadas con hilado Kevlar para mayor resistencia. Interior forrado. Posee tira protectora. Buen nivel de confort y resistencia.\" \/>\n<meta property=\"og:url\" content=\"https:\/\/soymat.com\/es\/producto\/guante-descarne-soldador-largo-rojo-forrado-c-tira-protectora-dp-t-10\/\" \/>\n<meta property=\"og:site_name\" content=\"SoyMat \u2013 Seguridad Industrial\" \/>\n<meta property=\"article:modified_time\" content=\"2026-03-18T16:06:24+00:00\" \/>\n<meta property=\"og:image\" content=\"https:\/\/soymat.com\/wp-content\/uploads\/2025\/10\/guante-soldador-rojo_-322175_frente.jpg\" \/>\n\t<meta property=\"og:image:width\" content=\"1357\" \/>\n\t<meta property=\"og:image:height\" content=\"1357\" \/>\n\t<meta property=\"og:image:type\" content=\"image\/jpeg\" \/>\n<meta name=\"twitter:card\" content=\"summary_large_image\" \/>\n<meta name=\"twitter:label1\" content=\"Tiempo de lectura\" \/>\n\t<meta name=\"twitter:data1\" content=\"1 minuto\" \/>\n<script type=\"application\/ld+json\" class=\"yoast-schema-graph\">{\"@context\":\"https:\/\/schema.org\",\"@graph\":[{\"@type\":\"WebPage\",\"@id\":\"https:\/\/soymat.com\/producto\/guante-descarne-soldador-largo-rojo-forrado-c-tira-protectora-dp-t-10\/\",\"url\":\"https:\/\/soymat.com\/producto\/guante-descarne-soldador-largo-rojo-forrado-c-tira-protectora-dp-t-10\/\",\"name\":\"Guante Descarne Soldador Largo Rojo Forrado c\/Tira Protectora DP - T.10 - SoyMat \u2013 Seguridad Industrial\",\"isPartOf\":{\"@id\":\"https:\/\/soymat.com\/#website\"},\"primaryImageOfPage\":{\"@id\":\"https:\/\/soymat.com\/producto\/guante-descarne-soldador-largo-rojo-forrado-c-tira-protectora-dp-t-10\/#primaryimage\"},\"image\":{\"@id\":\"https:\/\/soymat.com\/producto\/guante-descarne-soldador-largo-rojo-forrado-c-tira-protectora-dp-t-10\/#primaryimage\"},\"thumbnailUrl\":\"https:\/\/soymat.com\/wp-content\/uploads\/2025\/10\/guante-soldador-rojo_-322175_frente.jpg\",\"datePublished\":\"2025-10-20T13:16:13+00:00\",\"dateModified\":\"2026-03-18T16:06:24+00:00\",\"breadcrumb\":{\"@id\":\"https:\/\/soymat.com\/producto\/guante-descarne-soldador-largo-rojo-forrado-c-tira-protectora-dp-t-10\/#breadcrumb\"},\"inLanguage\":\"es-AR\",\"potentialAction\":[{\"@type\":\"ReadAction\",\"target\":[\"https:\/\/soymat.com\/producto\/guante-descarne-soldador-largo-rojo-forrado-c-tira-protectora-dp-t-10\/\"]}]},{\"@type\":\"ImageObject\",\"inLanguage\":\"es-AR\",\"@id\":\"https:\/\/soymat.com\/producto\/guante-descarne-soldador-largo-rojo-forrado-c-tira-protectora-dp-t-10\/#primaryimage\",\"url\":\"https:\/\/soymat.com\/wp-content\/uploads\/2025\/10\/guante-soldador-rojo_-322175_frente.jpg\",\"contentUrl\":\"https:\/\/soymat.com\/wp-content\/uploads\/2025\/10\/guante-soldador-rojo_-322175_frente.jpg\",\"width\":1357,\"height\":1357},{\"@type\":\"BreadcrumbList\",\"@id\":\"https:\/\/soymat.com\/producto\/guante-descarne-soldador-largo-rojo-forrado-c-tira-protectora-dp-t-10\/#breadcrumb\",\"itemListElement\":[{\"@type\":\"ListItem\",\"position\":1,\"name\":\"Portada\",\"item\":\"https:\/\/soymat.com\/\"},{\"@type\":\"ListItem\",\"position\":2,\"name\":\"Todos los Productos\",\"item\":\"https:\/\/soymat.com\/shop\/\"},{\"@type\":\"ListItem\",\"position\":3,\"name\":\"Guante Descarne Soldador Largo Rojo Forrado c\/Tira Protectora DP &#8211; T.10\"}]},{\"@type\":\"WebSite\",\"@id\":\"https:\/\/soymat.com\/#website\",\"url\":\"https:\/\/soymat.com\/\",\"name\":\"So&Mat\",\"description\":\"Empresa Dedicada a la protecci\u00f3n global contra incendio . matafuegos redes bombas,venta instalaci\u00f3n y service, protecci\u00f3n y confort laboral en todo concepto.\",\"publisher\":{\"@id\":\"https:\/\/soymat.com\/#organization\"},\"alternateName\":\"So&Mat\",\"potentialAction\":[{\"@type\":\"SearchAction\",\"target\":{\"@type\":\"EntryPoint\",\"urlTemplate\":\"https:\/\/soymat.com\/?s={search_term_string}\"},\"query-input\":{\"@type\":\"PropertyValueSpecification\",\"valueRequired\":true,\"valueName\":\"search_term_string\"}}],\"inLanguage\":\"es-AR\"},{\"@type\":\"Organization\",\"@id\":\"https:\/\/soymat.com\/#organization\",\"name\":\"So&Mat\",\"url\":\"https:\/\/soymat.com\/\",\"logo\":{\"@type\":\"ImageObject\",\"inLanguage\":\"es-AR\",\"@id\":\"https:\/\/soymat.com\/#\/schema\/logo\/image\/\",\"url\":\"https:\/\/soymat.com\/wp-content\/uploads\/2024\/08\/SoyMat.jpg\",\"contentUrl\":\"https:\/\/soymat.com\/wp-content\/uploads\/2024\/08\/SoyMat.jpg\",\"width\":600,\"height\":236,\"caption\":\"So&Mat\"},\"image\":{\"@id\":\"https:\/\/soymat.com\/#\/schema\/logo\/image\/\"}}]}<\/script>\n<!-- \/ Yoast SEO Premium plugin. -->","yoast_head_json":{"title":"Guante Descarne Soldador Largo Rojo Forrado c\/Tira Protectora DP - T.10 - SoyMat \u2013 Seguridad Industrial","robots":{"index":"index","follow":"follow","max-snippet":"max-snippet:-1","max-image-preview":"max-image-preview:large","max-video-preview":"max-video-preview:-1"},"canonical":"https:\/\/soymat.com\/es\/producto\/guante-descarne-soldador-largo-rojo-forrado-c-tira-protectora-dp-t-10\/","og_locale":"es_ES","og_type":"article","og_title":"Guante Descarne Soldador Largo Rojo Forrado c\/Tira Protectora DP - T.10","og_description":"Guante Descarne Soldador Largo Rojo Forrado c\/Tira Protectora DP &#8211; T.10 Cod.: 32217 Producto certificado: Norma IRAM 3607-IRAM 3608. Guante soldador PREMIUM de descarne rojo. Dorso confeccionado en una sola pieza para evitar quemaduras. Costuras confeccionadas con hilado Kevlar para mayor resistencia. Interior forrado. Posee tira protectora. Buen nivel de confort y resistencia.","og_url":"https:\/\/soymat.com\/es\/producto\/guante-descarne-soldador-largo-rojo-forrado-c-tira-protectora-dp-t-10\/","og_site_name":"SoyMat \u2013 Seguridad Industrial","article_modified_time":"2026-03-18T16:06:24+00:00","og_image":[{"width":1357,"height":1357,"url":"https:\/\/soymat.com\/wp-content\/uploads\/2025\/10\/guante-soldador-rojo_-322175_frente.jpg","type":"image\/jpeg"}],"twitter_card":"summary_large_image","twitter_misc":{"Tiempo de lectura":"1 minuto"},"schema":{"@context":"https:\/\/schema.org","@graph":[{"@type":"WebPage","@id":"https:\/\/soymat.com\/producto\/guante-descarne-soldador-largo-rojo-forrado-c-tira-protectora-dp-t-10\/","url":"https:\/\/soymat.com\/producto\/guante-descarne-soldador-largo-rojo-forrado-c-tira-protectora-dp-t-10\/","name":"Guante Descarne Soldador Largo Rojo Forrado c\/Tira Protectora DP - T.10 - SoyMat \u2013 Seguridad Industrial","isPartOf":{"@id":"https:\/\/soymat.com\/#website"},"primaryImageOfPage":{"@id":"https:\/\/soymat.com\/producto\/guante-descarne-soldador-largo-rojo-forrado-c-tira-protectora-dp-t-10\/#primaryimage"},"image":{"@id":"https:\/\/soymat.com\/producto\/guante-descarne-soldador-largo-rojo-forrado-c-tira-protectora-dp-t-10\/#primaryimage"},"thumbnailUrl":"https:\/\/soymat.com\/wp-content\/uploads\/2025\/10\/guante-soldador-rojo_-322175_frente.jpg","datePublished":"2025-10-20T13:16:13+00:00","dateModified":"2026-03-18T16:06:24+00:00","breadcrumb":{"@id":"https:\/\/soymat.com\/producto\/guante-descarne-soldador-largo-rojo-forrado-c-tira-protectora-dp-t-10\/#breadcrumb"},"inLanguage":"es-AR","potentialAction":[{"@type":"ReadAction","target":["https:\/\/soymat.com\/producto\/guante-descarne-soldador-largo-rojo-forrado-c-tira-protectora-dp-t-10\/"]}]},{"@type":"ImageObject","inLanguage":"es-AR","@id":"https:\/\/soymat.com\/producto\/guante-descarne-soldador-largo-rojo-forrado-c-tira-protectora-dp-t-10\/#primaryimage","url":"https:\/\/soymat.com\/wp-content\/uploads\/2025\/10\/guante-soldador-rojo_-322175_frente.jpg","contentUrl":"https:\/\/soymat.com\/wp-content\/uploads\/2025\/10\/guante-soldador-rojo_-322175_frente.jpg","width":1357,"height":1357},{"@type":"BreadcrumbList","@id":"https:\/\/soymat.com\/producto\/guante-descarne-soldador-largo-rojo-forrado-c-tira-protectora-dp-t-10\/#breadcrumb","itemListElement":[{"@type":"ListItem","position":1,"name":"Portada","item":"https:\/\/soymat.com\/"},{"@type":"ListItem","position":2,"name":"Todos los Productos","item":"https:\/\/soymat.com\/shop\/"},{"@type":"ListItem","position":3,"name":"Guante Descarne Soldador Largo Rojo Forrado c\/Tira Protectora DP &#8211; T.10"}]},{"@type":"WebSite","@id":"https:\/\/soymat.com\/#website","url":"https:\/\/soymat.com\/","name":"So&Mat","description":"Empresa Dedicada a la protecci\u00f3n global contra incendio . matafuegos redes bombas,venta instalaci\u00f3n y service, protecci\u00f3n y confort laboral en todo concepto.","publisher":{"@id":"https:\/\/soymat.com\/#organization"},"alternateName":"So&Mat","potentialAction":[{"@type":"SearchAction","target":{"@type":"EntryPoint","urlTemplate":"https:\/\/soymat.com\/?s={search_term_string}"},"query-input":{"@type":"PropertyValueSpecification","valueRequired":true,"valueName":"search_term_string"}}],"inLanguage":"es-AR"},{"@type":"Organization","@id":"https:\/\/soymat.com\/#organization","name":"So&Mat","url":"https:\/\/soymat.com\/","logo":{"@type":"ImageObject","inLanguage":"es-AR","@id":"https:\/\/soymat.com\/#\/schema\/logo\/image\/","url":"https:\/\/soymat.com\/wp-content\/uploads\/2024\/08\/SoyMat.jpg","contentUrl":"https:\/\/soymat.com\/wp-content\/uploads\/2024\/08\/SoyMat.jpg","width":600,"height":236,"caption":"So&Mat"},"image":{"@id":"https:\/\/soymat.com\/#\/schema\/logo\/image\/"}}]}},"_links":{"self":[{"href":"https:\/\/soymat.com\/es\/wp-json\/wp\/v2\/product\/23842","targetHints":{"allow":["GET"]}}],"collection":[{"href":"https:\/\/soymat.com\/es\/wp-json\/wp\/v2\/product"}],"about":[{"href":"https:\/\/soymat.com\/es\/wp-json\/wp\/v2\/types\/product"}],"wp:featuredmedia":[{"embeddable":true,"href":"https:\/\/soymat.com\/es\/wp-json\/wp\/v2\/media\/23840"}],"wp:attachment":[{"href":"https:\/\/soymat.com\/es\/wp-json\/wp\/v2\/media?parent=23842"}],"wp:term":[{"taxonomy":"product_cat","embeddable":true,"href":"https:\/\/soymat.com\/es\/wp-json\/wp\/v2\/product_cat?post=23842"},{"taxonomy":"product_tag","embeddable":true,"href":"https:\/\/soymat.com\/es\/wp-json\/wp\/v2\/product_tag?post=23842"}],"curies":[{"name":"wp","href":"https:\/\/api.w.org\/{rel}","templated":true}]}}