{"id":23856,"date":"2025-10-22T13:36:23","date_gmt":"2025-10-22T16:36:23","guid":{"rendered":"https:\/\/soymat.com\/?post_type=product&#038;p=23856"},"modified":"2026-02-02T22:06:08","modified_gmt":"2026-02-03T01:06:08","slug":"tractor-cortacesped-19hp-586cc-transm-hidrostatica-bta","status":"publish","type":"product","link":"https:\/\/soymat.com\/es\/producto\/tractor-cortacesped-19hp-586cc-transm-hidrostatica-bta\/","title":{"rendered":"Tractor Cortacesped 19HP 586cc Transm. Hidrost\u00e1tica BTA"},"content":{"rendered":"<p><strong>Mini Tractor Cortacesped 19HP 586cc Transm. Hidrost\u00e1tica BTA<\/strong><br \/>\nCod.: 878053<\/p>\n<p>Ancho de Corte: 42\u2033 (1080 mm)<br \/>\nModelo: XTH-1942<\/p>\n<p>\u2013 Dise\u00f1o moderno, vers\u00e1til y robusto. Para uso en parques y jardines de gran extensi\u00f3n<br \/>\n\u2013 Equipado con motor LONCIN \u2013 OHV \u2013 4 tiempos de 586 c.c. BICILINDRICO en V, con una potencia m\u00e1xima de 19.0 HP \/ 3600 rpm<br \/>\n\u2013 Motor con bomba de aceite, evitando desgaste prematuro en superficies con desniveles<br \/>\n\u2013 Filtro de aire con doble elemento otorgando mayor vida \u00fatil al motor<\/p>\n<p>\u2013 Plataforma de corte de 1080 mm (42) con salida lateral y 6 alturas de corte regulables de 30 mm a 90 mm<br \/>\n\u2013 Transmisi\u00f3n HIDROST\u00c1TICA importada con un rango de velocidades de 0 a 8.6 km\/h<br \/>\n\u2013 Chasis de acero reforzado para otorgar mayor durabilidad y resistencia, con paragolpes frontal<br \/>\n\u2013 Equipado con ruedas delanteras de 15 y traseras de 18 evitando da\u00f1ar la superficie a cortar<br \/>\n\u2013 Barra de luz LED integrada y \u00f3pticas LED<br \/>\n\u2013 Dispositivo trasero y delantero para acople de accesorios<\/p>","protected":false},"excerpt":{"rendered":"<p>Mini Tractor Cortacesped 19HP 586cc Transm. Hidrost\u00e1tica BTA Cod.: 878053 Ancho de Corte: 42\u2033 (1080 mm) Modelo: XTH-1942 \u2013 Dise\u00f1o moderno, vers\u00e1til y robusto. Para uso en parques y jardines de gran extensi\u00f3n \u2013 Equipado con motor LONCIN \u2013 OHV \u2013 4 tiempos de 586 c.c. BICILINDRICO en V, con una potencia m\u00e1xima de 19.0 [&hellip;]<\/p>\n","protected":false},"featured_media":23861,"template":"","meta":[],"product_cat":[191],"product_tag":[523,804,846,848,847,845],"class_list":{"0":"post-23856","1":"product","2":"type-product","3":"status-publish","4":"has-post-thumbnail","6":"product_brand-maquinas-y-herramientas-bta-tools","7":"product_cat-maquinas-y-herramientas","8":"product_tag-cesped","9":"product_tag-corta-cesped","10":"product_tag-costa-pasto","11":"product_tag-mini-tractor","12":"product_tag-parquizacion","13":"product_tag-tractor-corta-cesped","15":"first","16":"outofstock","17":"taxable","18":"shipping-taxable","19":"purchasable","20":"product-type-simple","21":"add-to-wishlist-after_add_to_cart"},"yoast_head":"<!-- This site is optimized with the Yoast SEO Premium plugin v26.9 (Yoast SEO v26.9) - https:\/\/yoast.com\/product\/yoast-seo-premium-wordpress\/ -->\n<title>Tractor Cortacesped 19HP 586cc Transm. Hidrost\u00e1tica BTA - SoyMat \u2013 Seguridad Industrial<\/title>\n<meta name=\"robots\" content=\"index, follow, max-snippet:-1, max-image-preview:large, max-video-preview:-1\" \/>\n<link rel=\"canonical\" href=\"https:\/\/soymat.com\/es\/producto\/tractor-cortacesped-19hp-586cc-transm-hidrostatica-bta\/\" \/>\n<meta property=\"og:locale\" content=\"es_ES\" \/>\n<meta property=\"og:type\" content=\"article\" \/>\n<meta property=\"og:title\" content=\"Tractor Cortacesped 19HP 586cc Transm. Hidrost\u00e1tica BTA\" \/>\n<meta property=\"og:description\" content=\"Mini Tractor Cortacesped 19HP 586cc Transm. Hidrost\u00e1tica BTA Cod.: 878053 Ancho de Corte: 42\u2033 (1080 mm) Modelo: XTH-1942 \u2013 Dise\u00f1o moderno, vers\u00e1til y robusto. Para uso en parques y jardines de gran extensi\u00f3n \u2013 Equipado con motor LONCIN \u2013 OHV \u2013 4 tiempos de 586 c.c. BICILINDRICO en V, con una potencia m\u00e1xima de 19.0 [&hellip;]\" \/>\n<meta property=\"og:url\" content=\"https:\/\/soymat.com\/es\/producto\/tractor-cortacesped-19hp-586cc-transm-hidrostatica-bta\/\" \/>\n<meta property=\"og:site_name\" content=\"SoyMat \u2013 Seguridad Industrial\" \/>\n<meta property=\"article:modified_time\" content=\"2026-02-03T01:06:08+00:00\" \/>\n<meta property=\"og:image\" content=\"https:\/\/soymat.com\/wp-content\/uploads\/2025\/10\/tractor-878053.jpg\" \/>\n\t<meta property=\"og:image:width\" content=\"1200\" \/>\n\t<meta property=\"og:image:height\" content=\"1200\" \/>\n\t<meta property=\"og:image:type\" content=\"image\/jpeg\" \/>\n<meta name=\"twitter:card\" content=\"summary_large_image\" \/>\n<meta name=\"twitter:label1\" content=\"Tiempo de lectura\" \/>\n\t<meta name=\"twitter:data1\" content=\"1 minuto\" \/>\n<script type=\"application\/ld+json\" class=\"yoast-schema-graph\">{\"@context\":\"https:\/\/schema.org\",\"@graph\":[{\"@type\":\"WebPage\",\"@id\":\"https:\/\/soymat.com\/producto\/tractor-cortacesped-19hp-586cc-transm-hidrostatica-bta\/\",\"url\":\"https:\/\/soymat.com\/producto\/tractor-cortacesped-19hp-586cc-transm-hidrostatica-bta\/\",\"name\":\"Tractor Cortacesped 19HP 586cc Transm. Hidrost\u00e1tica BTA - SoyMat \u2013 Seguridad Industrial\",\"isPartOf\":{\"@id\":\"https:\/\/soymat.com\/#website\"},\"primaryImageOfPage\":{\"@id\":\"https:\/\/soymat.com\/producto\/tractor-cortacesped-19hp-586cc-transm-hidrostatica-bta\/#primaryimage\"},\"image\":{\"@id\":\"https:\/\/soymat.com\/producto\/tractor-cortacesped-19hp-586cc-transm-hidrostatica-bta\/#primaryimage\"},\"thumbnailUrl\":\"https:\/\/soymat.com\/wp-content\/uploads\/2025\/10\/tractor-878053.jpg\",\"datePublished\":\"2025-10-22T16:36:23+00:00\",\"dateModified\":\"2026-02-03T01:06:08+00:00\",\"breadcrumb\":{\"@id\":\"https:\/\/soymat.com\/producto\/tractor-cortacesped-19hp-586cc-transm-hidrostatica-bta\/#breadcrumb\"},\"inLanguage\":\"es-AR\",\"potentialAction\":[{\"@type\":\"ReadAction\",\"target\":[\"https:\/\/soymat.com\/producto\/tractor-cortacesped-19hp-586cc-transm-hidrostatica-bta\/\"]}]},{\"@type\":\"ImageObject\",\"inLanguage\":\"es-AR\",\"@id\":\"https:\/\/soymat.com\/producto\/tractor-cortacesped-19hp-586cc-transm-hidrostatica-bta\/#primaryimage\",\"url\":\"https:\/\/soymat.com\/wp-content\/uploads\/2025\/10\/tractor-878053.jpg\",\"contentUrl\":\"https:\/\/soymat.com\/wp-content\/uploads\/2025\/10\/tractor-878053.jpg\",\"width\":1200,\"height\":1200},{\"@type\":\"BreadcrumbList\",\"@id\":\"https:\/\/soymat.com\/producto\/tractor-cortacesped-19hp-586cc-transm-hidrostatica-bta\/#breadcrumb\",\"itemListElement\":[{\"@type\":\"ListItem\",\"position\":1,\"name\":\"Portada\",\"item\":\"https:\/\/soymat.com\/\"},{\"@type\":\"ListItem\",\"position\":2,\"name\":\"Todos los Productos\",\"item\":\"https:\/\/soymat.com\/shop\/\"},{\"@type\":\"ListItem\",\"position\":3,\"name\":\"Tractor Cortacesped 19HP 586cc Transm. Hidrost\u00e1tica BTA\"}]},{\"@type\":\"WebSite\",\"@id\":\"https:\/\/soymat.com\/#website\",\"url\":\"https:\/\/soymat.com\/\",\"name\":\"So&Mat\",\"description\":\"Empresa Dedicada a la protecci\u00f3n global contra incendio . matafuegos redes bombas,venta instalaci\u00f3n y service, protecci\u00f3n y confort laboral en todo concepto.\",\"publisher\":{\"@id\":\"https:\/\/soymat.com\/#organization\"},\"alternateName\":\"So&Mat\",\"potentialAction\":[{\"@type\":\"SearchAction\",\"target\":{\"@type\":\"EntryPoint\",\"urlTemplate\":\"https:\/\/soymat.com\/?s={search_term_string}\"},\"query-input\":{\"@type\":\"PropertyValueSpecification\",\"valueRequired\":true,\"valueName\":\"search_term_string\"}}],\"inLanguage\":\"es-AR\"},{\"@type\":\"Organization\",\"@id\":\"https:\/\/soymat.com\/#organization\",\"name\":\"So&Mat\",\"url\":\"https:\/\/soymat.com\/\",\"logo\":{\"@type\":\"ImageObject\",\"inLanguage\":\"es-AR\",\"@id\":\"https:\/\/soymat.com\/#\/schema\/logo\/image\/\",\"url\":\"https:\/\/soymat.com\/wp-content\/uploads\/2024\/08\/SoyMat.jpg\",\"contentUrl\":\"https:\/\/soymat.com\/wp-content\/uploads\/2024\/08\/SoyMat.jpg\",\"width\":600,\"height\":236,\"caption\":\"So&Mat\"},\"image\":{\"@id\":\"https:\/\/soymat.com\/#\/schema\/logo\/image\/\"}}]}<\/script>\n<!-- \/ Yoast SEO Premium plugin. -->","yoast_head_json":{"title":"Tractor Cortacesped 19HP 586cc Transm. Hidrost\u00e1tica BTA - SoyMat \u2013 Seguridad Industrial","robots":{"index":"index","follow":"follow","max-snippet":"max-snippet:-1","max-image-preview":"max-image-preview:large","max-video-preview":"max-video-preview:-1"},"canonical":"https:\/\/soymat.com\/es\/producto\/tractor-cortacesped-19hp-586cc-transm-hidrostatica-bta\/","og_locale":"es_ES","og_type":"article","og_title":"Tractor Cortacesped 19HP 586cc Transm. Hidrost\u00e1tica BTA","og_description":"Mini Tractor Cortacesped 19HP 586cc Transm. Hidrost\u00e1tica BTA Cod.: 878053 Ancho de Corte: 42\u2033 (1080 mm) Modelo: XTH-1942 \u2013 Dise\u00f1o moderno, vers\u00e1til y robusto. Para uso en parques y jardines de gran extensi\u00f3n \u2013 Equipado con motor LONCIN \u2013 OHV \u2013 4 tiempos de 586 c.c. BICILINDRICO en V, con una potencia m\u00e1xima de 19.0 [&hellip;]","og_url":"https:\/\/soymat.com\/es\/producto\/tractor-cortacesped-19hp-586cc-transm-hidrostatica-bta\/","og_site_name":"SoyMat \u2013 Seguridad Industrial","article_modified_time":"2026-02-03T01:06:08+00:00","og_image":[{"width":1200,"height":1200,"url":"https:\/\/soymat.com\/wp-content\/uploads\/2025\/10\/tractor-878053.jpg","type":"image\/jpeg"}],"twitter_card":"summary_large_image","twitter_misc":{"Tiempo de lectura":"1 minuto"},"schema":{"@context":"https:\/\/schema.org","@graph":[{"@type":"WebPage","@id":"https:\/\/soymat.com\/producto\/tractor-cortacesped-19hp-586cc-transm-hidrostatica-bta\/","url":"https:\/\/soymat.com\/producto\/tractor-cortacesped-19hp-586cc-transm-hidrostatica-bta\/","name":"Tractor Cortacesped 19HP 586cc Transm. Hidrost\u00e1tica BTA - SoyMat \u2013 Seguridad Industrial","isPartOf":{"@id":"https:\/\/soymat.com\/#website"},"primaryImageOfPage":{"@id":"https:\/\/soymat.com\/producto\/tractor-cortacesped-19hp-586cc-transm-hidrostatica-bta\/#primaryimage"},"image":{"@id":"https:\/\/soymat.com\/producto\/tractor-cortacesped-19hp-586cc-transm-hidrostatica-bta\/#primaryimage"},"thumbnailUrl":"https:\/\/soymat.com\/wp-content\/uploads\/2025\/10\/tractor-878053.jpg","datePublished":"2025-10-22T16:36:23+00:00","dateModified":"2026-02-03T01:06:08+00:00","breadcrumb":{"@id":"https:\/\/soymat.com\/producto\/tractor-cortacesped-19hp-586cc-transm-hidrostatica-bta\/#breadcrumb"},"inLanguage":"es-AR","potentialAction":[{"@type":"ReadAction","target":["https:\/\/soymat.com\/producto\/tractor-cortacesped-19hp-586cc-transm-hidrostatica-bta\/"]}]},{"@type":"ImageObject","inLanguage":"es-AR","@id":"https:\/\/soymat.com\/producto\/tractor-cortacesped-19hp-586cc-transm-hidrostatica-bta\/#primaryimage","url":"https:\/\/soymat.com\/wp-content\/uploads\/2025\/10\/tractor-878053.jpg","contentUrl":"https:\/\/soymat.com\/wp-content\/uploads\/2025\/10\/tractor-878053.jpg","width":1200,"height":1200},{"@type":"BreadcrumbList","@id":"https:\/\/soymat.com\/producto\/tractor-cortacesped-19hp-586cc-transm-hidrostatica-bta\/#breadcrumb","itemListElement":[{"@type":"ListItem","position":1,"name":"Portada","item":"https:\/\/soymat.com\/"},{"@type":"ListItem","position":2,"name":"Todos los Productos","item":"https:\/\/soymat.com\/shop\/"},{"@type":"ListItem","position":3,"name":"Tractor Cortacesped 19HP 586cc Transm. Hidrost\u00e1tica BTA"}]},{"@type":"WebSite","@id":"https:\/\/soymat.com\/#website","url":"https:\/\/soymat.com\/","name":"So&Mat","description":"Empresa Dedicada a la protecci\u00f3n global contra incendio . matafuegos redes bombas,venta instalaci\u00f3n y service, protecci\u00f3n y confort laboral en todo concepto.","publisher":{"@id":"https:\/\/soymat.com\/#organization"},"alternateName":"So&Mat","potentialAction":[{"@type":"SearchAction","target":{"@type":"EntryPoint","urlTemplate":"https:\/\/soymat.com\/?s={search_term_string}"},"query-input":{"@type":"PropertyValueSpecification","valueRequired":true,"valueName":"search_term_string"}}],"inLanguage":"es-AR"},{"@type":"Organization","@id":"https:\/\/soymat.com\/#organization","name":"So&Mat","url":"https:\/\/soymat.com\/","logo":{"@type":"ImageObject","inLanguage":"es-AR","@id":"https:\/\/soymat.com\/#\/schema\/logo\/image\/","url":"https:\/\/soymat.com\/wp-content\/uploads\/2024\/08\/SoyMat.jpg","contentUrl":"https:\/\/soymat.com\/wp-content\/uploads\/2024\/08\/SoyMat.jpg","width":600,"height":236,"caption":"So&Mat"},"image":{"@id":"https:\/\/soymat.com\/#\/schema\/logo\/image\/"}}]}},"_links":{"self":[{"href":"https:\/\/soymat.com\/es\/wp-json\/wp\/v2\/product\/23856","targetHints":{"allow":["GET"]}}],"collection":[{"href":"https:\/\/soymat.com\/es\/wp-json\/wp\/v2\/product"}],"about":[{"href":"https:\/\/soymat.com\/es\/wp-json\/wp\/v2\/types\/product"}],"wp:featuredmedia":[{"embeddable":true,"href":"https:\/\/soymat.com\/es\/wp-json\/wp\/v2\/media\/23861"}],"wp:attachment":[{"href":"https:\/\/soymat.com\/es\/wp-json\/wp\/v2\/media?parent=23856"}],"wp:term":[{"taxonomy":"product_cat","embeddable":true,"href":"https:\/\/soymat.com\/es\/wp-json\/wp\/v2\/product_cat?post=23856"},{"taxonomy":"product_tag","embeddable":true,"href":"https:\/\/soymat.com\/es\/wp-json\/wp\/v2\/product_tag?post=23856"}],"curies":[{"name":"wp","href":"https:\/\/api.w.org\/{rel}","templated":true}]}}