{"id":23862,"date":"2025-10-22T14:07:33","date_gmt":"2025-10-22T17:07:33","guid":{"rendered":"https:\/\/soymat.com\/?post_type=product&#038;p=23862"},"modified":"2025-11-04T19:06:30","modified_gmt":"2025-11-04T22:06:30","slug":"pulverizador-atomizador-a-explosion-42cc-26-lts-bta","status":"publish","type":"product","link":"https:\/\/soymat.com\/es\/producto\/pulverizador-atomizador-a-explosion-42cc-26-lts-bta\/","title":{"rendered":"Pulverizador Atomizador A Explosi\u00f3n 42cc &#8211; 26 lts BTA"},"content":{"rendered":"<p><strong>Pulverizador Atomizador A Explosi\u00f3n 42cc &#8211; 26 lts BTA<\/strong><br \/>\nCod.: 875522.1<\/p>\n<p>El Pulverizador le permite atomizar l\u00edquidos<br \/>\no s\u00f3lidos en polvo o gr\u00e1nulos, con una alta<br \/>\ncapacidad de soplado gracias a su<br \/>\nsistema de propulsi\u00f3n de alta velocidad,<br \/>\nbrinda una excelente precisi\u00f3n en su<br \/>\naplicaci\u00f3n.<\/p>\n<p>Adecuado para su uso en la prevenci\u00f3n<br \/>\nde enfermedades de las plantas y el<br \/>\ncontrol de plagas en grandes<br \/>\nplantaciones y campos de cultivo<\/p>\n<p>Tambi\u00e9n se puede utilizar para<br \/>\naplicar herbicidas, saneamiento y<br \/>\nprevenci\u00f3n de epidemias<\/p>\n<p>Sistema colgado tipo mochila<br \/>\nComandos para control de f\u00e1cil acceso<br \/>\nDep\u00f3sito para combustible accesible<br \/>\nBase reforzada con tacos antivibratorios<br \/>\nRespaldo acolchado para un mayor confort<br \/>\nEmpu\u00f1adura ergon\u00f3mica<\/p>\n<p>Caracter\u00edsticas t\u00e9cnicas<\/p>\n<p>Modelo: PA26L<br \/>\nPotencia: 2,13 kW<br \/>\nCilindrada motor: 42 c.c.<br \/>\nDep\u00f3sito qu\u00edmico: 26 Litros<br \/>\nDep\u00f3sito combustible: 1,2 Litros<br \/>\nSalida de l\u00edquido: 6 &gt; l\/min<br \/>\nSalida de polvo: 10 &gt; kg\/min<br \/>\nRango vertical: 8-10 metros<br \/>\nAlcance horizontal: 10-12 metros<\/p>\n<p>MOTOR MONOCIL\u00cdNDRICO DE 2 TIEMPOS<\/p>","protected":false},"excerpt":{"rendered":"<p>Pulverizador Atomizador A Explosi\u00f3n 42cc &#8211; 26 lts BTA Cod.: 875522.1 El Pulverizador le permite atomizar l\u00edquidos o s\u00f3lidos en polvo o gr\u00e1nulos, con una alta capacidad de soplado gracias a su sistema de propulsi\u00f3n de alta velocidad, brinda una excelente precisi\u00f3n en su aplicaci\u00f3n. Adecuado para su uso en la prevenci\u00f3n de enfermedades de [&hellip;]<\/p>\n","protected":false},"featured_media":23859,"template":"","meta":[],"product_cat":[191],"product_tag":[850,418,491,220,849],"class_list":{"0":"post-23862","1":"product","2":"type-product","3":"status-publish","4":"has-post-thumbnail","6":"product_brand-maquinas-y-herramientas-bta-tools","7":"product_cat-maquinas-y-herramientas","8":"product_tag-fumigacion","9":"product_tag-huerta","10":"product_tag-jardin","11":"product_tag-jardineria","12":"product_tag-pulverizador","14":"first","15":"instock","16":"taxable","17":"shipping-taxable","18":"purchasable","19":"product-type-simple","20":"add-to-wishlist-after_add_to_cart"},"yoast_head":"<!-- This site is optimized with the Yoast SEO Premium plugin v26.9 (Yoast SEO v26.9) - https:\/\/yoast.com\/product\/yoast-seo-premium-wordpress\/ -->\n<title>Pulverizador Atomizador A Explosi\u00f3n 42cc - 26 lts BTA - SoyMat \u2013 Seguridad Industrial<\/title>\n<meta name=\"robots\" content=\"index, follow, max-snippet:-1, max-image-preview:large, max-video-preview:-1\" \/>\n<link rel=\"canonical\" href=\"https:\/\/soymat.com\/es\/producto\/pulverizador-atomizador-a-explosion-42cc-26-lts-bta\/\" \/>\n<meta property=\"og:locale\" content=\"es_ES\" \/>\n<meta property=\"og:type\" content=\"article\" \/>\n<meta property=\"og:title\" content=\"Pulverizador Atomizador A Explosi\u00f3n 42cc - 26 lts BTA\" \/>\n<meta property=\"og:description\" content=\"Pulverizador Atomizador A Explosi\u00f3n 42cc &#8211; 26 lts BTA Cod.: 875522.1 El Pulverizador le permite atomizar l\u00edquidos o s\u00f3lidos en polvo o gr\u00e1nulos, con una alta capacidad de soplado gracias a su sistema de propulsi\u00f3n de alta velocidad, brinda una excelente precisi\u00f3n en su aplicaci\u00f3n. Adecuado para su uso en la prevenci\u00f3n de enfermedades de [&hellip;]\" \/>\n<meta property=\"og:url\" content=\"https:\/\/soymat.com\/es\/producto\/pulverizador-atomizador-a-explosion-42cc-26-lts-bta\/\" \/>\n<meta property=\"og:site_name\" content=\"SoyMat \u2013 Seguridad Industrial\" \/>\n<meta property=\"article:modified_time\" content=\"2025-11-04T22:06:30+00:00\" \/>\n<meta property=\"og:image\" content=\"https:\/\/soymat.com\/wp-content\/uploads\/2025\/10\/pulverizador_-875522-1_-02.jpg\" \/>\n\t<meta property=\"og:image:width\" content=\"1200\" \/>\n\t<meta property=\"og:image:height\" content=\"1200\" \/>\n\t<meta property=\"og:image:type\" content=\"image\/jpeg\" \/>\n<meta name=\"twitter:card\" content=\"summary_large_image\" \/>\n<meta name=\"twitter:label1\" content=\"Tiempo de lectura\" \/>\n\t<meta name=\"twitter:data1\" content=\"1 minuto\" \/>\n<script type=\"application\/ld+json\" class=\"yoast-schema-graph\">{\"@context\":\"https:\/\/schema.org\",\"@graph\":[{\"@type\":\"WebPage\",\"@id\":\"https:\/\/soymat.com\/producto\/pulverizador-atomizador-a-explosion-42cc-26-lts-bta\/\",\"url\":\"https:\/\/soymat.com\/producto\/pulverizador-atomizador-a-explosion-42cc-26-lts-bta\/\",\"name\":\"Pulverizador Atomizador A Explosi\u00f3n 42cc - 26 lts BTA - SoyMat \u2013 Seguridad Industrial\",\"isPartOf\":{\"@id\":\"https:\/\/soymat.com\/#website\"},\"primaryImageOfPage\":{\"@id\":\"https:\/\/soymat.com\/producto\/pulverizador-atomizador-a-explosion-42cc-26-lts-bta\/#primaryimage\"},\"image\":{\"@id\":\"https:\/\/soymat.com\/producto\/pulverizador-atomizador-a-explosion-42cc-26-lts-bta\/#primaryimage\"},\"thumbnailUrl\":\"https:\/\/soymat.com\/wp-content\/uploads\/2025\/10\/pulverizador_-875522-1_-02.jpg\",\"datePublished\":\"2025-10-22T17:07:33+00:00\",\"dateModified\":\"2025-11-04T22:06:30+00:00\",\"breadcrumb\":{\"@id\":\"https:\/\/soymat.com\/producto\/pulverizador-atomizador-a-explosion-42cc-26-lts-bta\/#breadcrumb\"},\"inLanguage\":\"es-AR\",\"potentialAction\":[{\"@type\":\"ReadAction\",\"target\":[\"https:\/\/soymat.com\/producto\/pulverizador-atomizador-a-explosion-42cc-26-lts-bta\/\"]}]},{\"@type\":\"ImageObject\",\"inLanguage\":\"es-AR\",\"@id\":\"https:\/\/soymat.com\/producto\/pulverizador-atomizador-a-explosion-42cc-26-lts-bta\/#primaryimage\",\"url\":\"https:\/\/soymat.com\/wp-content\/uploads\/2025\/10\/pulverizador_-875522-1_-02.jpg\",\"contentUrl\":\"https:\/\/soymat.com\/wp-content\/uploads\/2025\/10\/pulverizador_-875522-1_-02.jpg\",\"width\":1200,\"height\":1200},{\"@type\":\"BreadcrumbList\",\"@id\":\"https:\/\/soymat.com\/producto\/pulverizador-atomizador-a-explosion-42cc-26-lts-bta\/#breadcrumb\",\"itemListElement\":[{\"@type\":\"ListItem\",\"position\":1,\"name\":\"Portada\",\"item\":\"https:\/\/soymat.com\/\"},{\"@type\":\"ListItem\",\"position\":2,\"name\":\"Todos los Productos\",\"item\":\"https:\/\/soymat.com\/shop\/\"},{\"@type\":\"ListItem\",\"position\":3,\"name\":\"Pulverizador Atomizador A Explosi\u00f3n 42cc &#8211; 26 lts BTA\"}]},{\"@type\":\"WebSite\",\"@id\":\"https:\/\/soymat.com\/#website\",\"url\":\"https:\/\/soymat.com\/\",\"name\":\"So&Mat\",\"description\":\"Empresa Dedicada a la protecci\u00f3n global contra incendio . matafuegos redes bombas,venta instalaci\u00f3n y service, protecci\u00f3n y confort laboral en todo concepto.\",\"publisher\":{\"@id\":\"https:\/\/soymat.com\/#organization\"},\"alternateName\":\"So&Mat\",\"potentialAction\":[{\"@type\":\"SearchAction\",\"target\":{\"@type\":\"EntryPoint\",\"urlTemplate\":\"https:\/\/soymat.com\/?s={search_term_string}\"},\"query-input\":{\"@type\":\"PropertyValueSpecification\",\"valueRequired\":true,\"valueName\":\"search_term_string\"}}],\"inLanguage\":\"es-AR\"},{\"@type\":\"Organization\",\"@id\":\"https:\/\/soymat.com\/#organization\",\"name\":\"So&Mat\",\"url\":\"https:\/\/soymat.com\/\",\"logo\":{\"@type\":\"ImageObject\",\"inLanguage\":\"es-AR\",\"@id\":\"https:\/\/soymat.com\/#\/schema\/logo\/image\/\",\"url\":\"https:\/\/soymat.com\/wp-content\/uploads\/2024\/08\/SoyMat.jpg\",\"contentUrl\":\"https:\/\/soymat.com\/wp-content\/uploads\/2024\/08\/SoyMat.jpg\",\"width\":600,\"height\":236,\"caption\":\"So&Mat\"},\"image\":{\"@id\":\"https:\/\/soymat.com\/#\/schema\/logo\/image\/\"}}]}<\/script>\n<!-- \/ Yoast SEO Premium plugin. -->","yoast_head_json":{"title":"Pulverizador Atomizador A Explosi\u00f3n 42cc - 26 lts BTA - SoyMat \u2013 Seguridad Industrial","robots":{"index":"index","follow":"follow","max-snippet":"max-snippet:-1","max-image-preview":"max-image-preview:large","max-video-preview":"max-video-preview:-1"},"canonical":"https:\/\/soymat.com\/es\/producto\/pulverizador-atomizador-a-explosion-42cc-26-lts-bta\/","og_locale":"es_ES","og_type":"article","og_title":"Pulverizador Atomizador A Explosi\u00f3n 42cc - 26 lts BTA","og_description":"Pulverizador Atomizador A Explosi\u00f3n 42cc &#8211; 26 lts BTA Cod.: 875522.1 El Pulverizador le permite atomizar l\u00edquidos o s\u00f3lidos en polvo o gr\u00e1nulos, con una alta capacidad de soplado gracias a su sistema de propulsi\u00f3n de alta velocidad, brinda una excelente precisi\u00f3n en su aplicaci\u00f3n. Adecuado para su uso en la prevenci\u00f3n de enfermedades de [&hellip;]","og_url":"https:\/\/soymat.com\/es\/producto\/pulverizador-atomizador-a-explosion-42cc-26-lts-bta\/","og_site_name":"SoyMat \u2013 Seguridad Industrial","article_modified_time":"2025-11-04T22:06:30+00:00","og_image":[{"width":1200,"height":1200,"url":"https:\/\/soymat.com\/wp-content\/uploads\/2025\/10\/pulverizador_-875522-1_-02.jpg","type":"image\/jpeg"}],"twitter_card":"summary_large_image","twitter_misc":{"Tiempo de lectura":"1 minuto"},"schema":{"@context":"https:\/\/schema.org","@graph":[{"@type":"WebPage","@id":"https:\/\/soymat.com\/producto\/pulverizador-atomizador-a-explosion-42cc-26-lts-bta\/","url":"https:\/\/soymat.com\/producto\/pulverizador-atomizador-a-explosion-42cc-26-lts-bta\/","name":"Pulverizador Atomizador A Explosi\u00f3n 42cc - 26 lts BTA - SoyMat \u2013 Seguridad Industrial","isPartOf":{"@id":"https:\/\/soymat.com\/#website"},"primaryImageOfPage":{"@id":"https:\/\/soymat.com\/producto\/pulverizador-atomizador-a-explosion-42cc-26-lts-bta\/#primaryimage"},"image":{"@id":"https:\/\/soymat.com\/producto\/pulverizador-atomizador-a-explosion-42cc-26-lts-bta\/#primaryimage"},"thumbnailUrl":"https:\/\/soymat.com\/wp-content\/uploads\/2025\/10\/pulverizador_-875522-1_-02.jpg","datePublished":"2025-10-22T17:07:33+00:00","dateModified":"2025-11-04T22:06:30+00:00","breadcrumb":{"@id":"https:\/\/soymat.com\/producto\/pulverizador-atomizador-a-explosion-42cc-26-lts-bta\/#breadcrumb"},"inLanguage":"es-AR","potentialAction":[{"@type":"ReadAction","target":["https:\/\/soymat.com\/producto\/pulverizador-atomizador-a-explosion-42cc-26-lts-bta\/"]}]},{"@type":"ImageObject","inLanguage":"es-AR","@id":"https:\/\/soymat.com\/producto\/pulverizador-atomizador-a-explosion-42cc-26-lts-bta\/#primaryimage","url":"https:\/\/soymat.com\/wp-content\/uploads\/2025\/10\/pulverizador_-875522-1_-02.jpg","contentUrl":"https:\/\/soymat.com\/wp-content\/uploads\/2025\/10\/pulverizador_-875522-1_-02.jpg","width":1200,"height":1200},{"@type":"BreadcrumbList","@id":"https:\/\/soymat.com\/producto\/pulverizador-atomizador-a-explosion-42cc-26-lts-bta\/#breadcrumb","itemListElement":[{"@type":"ListItem","position":1,"name":"Portada","item":"https:\/\/soymat.com\/"},{"@type":"ListItem","position":2,"name":"Todos los Productos","item":"https:\/\/soymat.com\/shop\/"},{"@type":"ListItem","position":3,"name":"Pulverizador Atomizador A Explosi\u00f3n 42cc &#8211; 26 lts BTA"}]},{"@type":"WebSite","@id":"https:\/\/soymat.com\/#website","url":"https:\/\/soymat.com\/","name":"So&Mat","description":"Empresa Dedicada a la protecci\u00f3n global contra incendio . matafuegos redes bombas,venta instalaci\u00f3n y service, protecci\u00f3n y confort laboral en todo concepto.","publisher":{"@id":"https:\/\/soymat.com\/#organization"},"alternateName":"So&Mat","potentialAction":[{"@type":"SearchAction","target":{"@type":"EntryPoint","urlTemplate":"https:\/\/soymat.com\/?s={search_term_string}"},"query-input":{"@type":"PropertyValueSpecification","valueRequired":true,"valueName":"search_term_string"}}],"inLanguage":"es-AR"},{"@type":"Organization","@id":"https:\/\/soymat.com\/#organization","name":"So&Mat","url":"https:\/\/soymat.com\/","logo":{"@type":"ImageObject","inLanguage":"es-AR","@id":"https:\/\/soymat.com\/#\/schema\/logo\/image\/","url":"https:\/\/soymat.com\/wp-content\/uploads\/2024\/08\/SoyMat.jpg","contentUrl":"https:\/\/soymat.com\/wp-content\/uploads\/2024\/08\/SoyMat.jpg","width":600,"height":236,"caption":"So&Mat"},"image":{"@id":"https:\/\/soymat.com\/#\/schema\/logo\/image\/"}}]}},"_links":{"self":[{"href":"https:\/\/soymat.com\/es\/wp-json\/wp\/v2\/product\/23862","targetHints":{"allow":["GET"]}}],"collection":[{"href":"https:\/\/soymat.com\/es\/wp-json\/wp\/v2\/product"}],"about":[{"href":"https:\/\/soymat.com\/es\/wp-json\/wp\/v2\/types\/product"}],"wp:featuredmedia":[{"embeddable":true,"href":"https:\/\/soymat.com\/es\/wp-json\/wp\/v2\/media\/23859"}],"wp:attachment":[{"href":"https:\/\/soymat.com\/es\/wp-json\/wp\/v2\/media?parent=23862"}],"wp:term":[{"taxonomy":"product_cat","embeddable":true,"href":"https:\/\/soymat.com\/es\/wp-json\/wp\/v2\/product_cat?post=23862"},{"taxonomy":"product_tag","embeddable":true,"href":"https:\/\/soymat.com\/es\/wp-json\/wp\/v2\/product_tag?post=23862"}],"curies":[{"name":"wp","href":"https:\/\/api.w.org\/{rel}","templated":true}]}}