{"id":23949,"date":"2025-11-04T00:10:11","date_gmt":"2025-11-04T03:10:11","guid":{"rendered":"https:\/\/soymat.com\/?post_type=product&#038;p=23949"},"modified":"2026-02-10T10:06:23","modified_gmt":"2026-02-10T13:06:23","slug":"bomba-sumergible-de-desagote-inox-0-75-hp-550w-gamma","status":"publish","type":"product","link":"https:\/\/soymat.com\/es\/producto\/bomba-sumergible-de-desagote-inox-0-75-hp-550w-gamma\/","title":{"rendered":"Bomba Sumergible de Desagote Inox. 0.75 HP 550W Gamma"},"content":{"rendered":"<p><strong>Bomba Sumergible de Desagote Inox. 0.75 HP 550W Gamma<\/strong><br \/>\nCod.: G3208AR<\/p>\n<p>Electrobomba sumergible de desagote inoxidable de 0.75 HP, ideal para tareas de drenaje en el hogar o jard\u00edn, con un caudal de 12,500 L\/h y una altura de bombeo de hasta 7 metros.<\/p>\n<p>La electrobomba sumergible de desagote inoxidable G3208AR, modelo BSD-208, es una herramienta de alta capacidad y durabilidad, dise\u00f1ada para satisfacer necesidades de drenaje y transferencia de agua en el \u00e1mbito dom\u00e9stico. Con una potencia de 0.75 HP y un flujo m\u00e1ximo de 12,500 L\/h, permite drenar de forma r\u00e1pida y eficaz en casos de inundaciones, vaciado de tanques, pozos y m\u00e1s. Gracias a su construcci\u00f3n en acero inoxidable, ofrece gran resistencia a la corrosi\u00f3n y soporta part\u00edculas de hasta 35 mm de di\u00e1metro. Su capacidad de inmersi\u00f3n llega a 7 metros, y su altura m\u00e1xima de bombeo es de 7 metros, lo que asegura un rendimiento \u00f3ptimo en diversas aplicaciones. Con protecci\u00f3n IPX8 y apta para temperaturas de hasta 35\u00b0C, esta bomba combina potencia y confiabilidad para su uso en el hogar o jard\u00edn.<\/p>\n<p>Flujo m\u00e1ximo: 12500 L\/h<br \/>\nAltura m\u00e1xima de bombeo: 7<br \/>\nIP grade: IPX8<br \/>\nDi\u00e1metro de ca\u00f1o: 1\u00a8 &#8211; 11\/2\u00a8<br \/>\nTemperatura ambiente m\u00e1xima de uso: 35\u00b0 C<br \/>\nDi\u00e1metro m\u00e1ximo de grano: 35 mm<br \/>\nVoltaje: 220 VCA<br \/>\nFrecuencia: 50 Hz<br \/>\nPotencia de entrada: 0,55 kW &#8211; 0,75 HP<br \/>\nM\u00e1xima altura de inmersi\u00f3n: 7 mts<\/p>","protected":false},"excerpt":{"rendered":"<p>Bomba Sumergible de Desagote Inox. 0.75 HP 550W Gamma Cod.: G3208AR Electrobomba sumergible de desagote inoxidable de 0.75 HP, ideal para tareas de drenaje en el hogar o jard\u00edn, con un caudal de 12,500 L\/h y una altura de bombeo de hasta 7 metros. La electrobomba sumergible de desagote inoxidable G3208AR, modelo BSD-208, es una [&hellip;]<\/p>\n","protected":false},"featured_media":23951,"template":"","meta":[],"product_cat":[191],"product_tag":[576,868,857,596],"class_list":{"0":"post-23949","1":"product","2":"type-product","3":"status-publish","4":"has-post-thumbnail","6":"product_brand-gamma-maquinas-herramientas","7":"product_cat-maquinas-y-herramientas","8":"product_tag-bomba-sumergible","9":"product_tag-bombas-de-agua","10":"product_tag-cisternas","11":"product_tag-desagote","13":"first","14":"instock","15":"taxable","16":"shipping-taxable","17":"purchasable","18":"product-type-simple","19":"add-to-wishlist-after_add_to_cart"},"yoast_head":"<!-- This site is optimized with the Yoast SEO Premium plugin v26.9 (Yoast SEO v26.9) - https:\/\/yoast.com\/product\/yoast-seo-premium-wordpress\/ -->\n<title>Bomba Sumergible de Desagote Inox. 0.75 HP 550W Gamma - SoyMat \u2013 Seguridad Industrial<\/title>\n<meta name=\"robots\" content=\"index, follow, max-snippet:-1, max-image-preview:large, max-video-preview:-1\" \/>\n<link rel=\"canonical\" href=\"https:\/\/soymat.com\/es\/producto\/bomba-sumergible-de-desagote-inox-0-75-hp-550w-gamma\/\" \/>\n<meta property=\"og:locale\" content=\"es_ES\" \/>\n<meta property=\"og:type\" content=\"article\" \/>\n<meta property=\"og:title\" content=\"Bomba Sumergible de Desagote Inox. 0.75 HP 550W Gamma\" \/>\n<meta property=\"og:description\" content=\"Bomba Sumergible de Desagote Inox. 0.75 HP 550W Gamma Cod.: G3208AR Electrobomba sumergible de desagote inoxidable de 0.75 HP, ideal para tareas de drenaje en el hogar o jard\u00edn, con un caudal de 12,500 L\/h y una altura de bombeo de hasta 7 metros. La electrobomba sumergible de desagote inoxidable G3208AR, modelo BSD-208, es una [&hellip;]\" \/>\n<meta property=\"og:url\" content=\"https:\/\/soymat.com\/es\/producto\/bomba-sumergible-de-desagote-inox-0-75-hp-550w-gamma\/\" \/>\n<meta property=\"og:site_name\" content=\"SoyMat \u2013 Seguridad Industrial\" \/>\n<meta property=\"article:modified_time\" content=\"2026-02-10T13:06:23+00:00\" \/>\n<meta property=\"og:image\" content=\"https:\/\/soymat.com\/wp-content\/uploads\/2025\/11\/G3208AR_-bomba-sumergible.jpg\" \/>\n\t<meta property=\"og:image:width\" content=\"1000\" \/>\n\t<meta property=\"og:image:height\" content=\"1000\" \/>\n\t<meta property=\"og:image:type\" content=\"image\/jpeg\" \/>\n<meta name=\"twitter:card\" content=\"summary_large_image\" \/>\n<meta name=\"twitter:label1\" content=\"Tiempo de lectura\" \/>\n\t<meta name=\"twitter:data1\" content=\"2 minutos\" \/>\n<script type=\"application\/ld+json\" class=\"yoast-schema-graph\">{\"@context\":\"https:\/\/schema.org\",\"@graph\":[{\"@type\":\"WebPage\",\"@id\":\"https:\/\/soymat.com\/producto\/bomba-sumergible-de-desagote-inox-0-75-hp-550w-gamma\/\",\"url\":\"https:\/\/soymat.com\/producto\/bomba-sumergible-de-desagote-inox-0-75-hp-550w-gamma\/\",\"name\":\"Bomba Sumergible de Desagote Inox. 0.75 HP 550W Gamma - SoyMat \u2013 Seguridad Industrial\",\"isPartOf\":{\"@id\":\"https:\/\/soymat.com\/#website\"},\"primaryImageOfPage\":{\"@id\":\"https:\/\/soymat.com\/producto\/bomba-sumergible-de-desagote-inox-0-75-hp-550w-gamma\/#primaryimage\"},\"image\":{\"@id\":\"https:\/\/soymat.com\/producto\/bomba-sumergible-de-desagote-inox-0-75-hp-550w-gamma\/#primaryimage\"},\"thumbnailUrl\":\"https:\/\/soymat.com\/wp-content\/uploads\/2025\/11\/G3208AR_-bomba-sumergible.jpg\",\"datePublished\":\"2025-11-04T03:10:11+00:00\",\"dateModified\":\"2026-02-10T13:06:23+00:00\",\"breadcrumb\":{\"@id\":\"https:\/\/soymat.com\/producto\/bomba-sumergible-de-desagote-inox-0-75-hp-550w-gamma\/#breadcrumb\"},\"inLanguage\":\"es-AR\",\"potentialAction\":[{\"@type\":\"ReadAction\",\"target\":[\"https:\/\/soymat.com\/producto\/bomba-sumergible-de-desagote-inox-0-75-hp-550w-gamma\/\"]}]},{\"@type\":\"ImageObject\",\"inLanguage\":\"es-AR\",\"@id\":\"https:\/\/soymat.com\/producto\/bomba-sumergible-de-desagote-inox-0-75-hp-550w-gamma\/#primaryimage\",\"url\":\"https:\/\/soymat.com\/wp-content\/uploads\/2025\/11\/G3208AR_-bomba-sumergible.jpg\",\"contentUrl\":\"https:\/\/soymat.com\/wp-content\/uploads\/2025\/11\/G3208AR_-bomba-sumergible.jpg\",\"width\":1000,\"height\":1000},{\"@type\":\"BreadcrumbList\",\"@id\":\"https:\/\/soymat.com\/producto\/bomba-sumergible-de-desagote-inox-0-75-hp-550w-gamma\/#breadcrumb\",\"itemListElement\":[{\"@type\":\"ListItem\",\"position\":1,\"name\":\"Portada\",\"item\":\"https:\/\/soymat.com\/\"},{\"@type\":\"ListItem\",\"position\":2,\"name\":\"Todos los Productos\",\"item\":\"https:\/\/soymat.com\/shop\/\"},{\"@type\":\"ListItem\",\"position\":3,\"name\":\"Bomba Sumergible de Desagote Inox. 0.75 HP 550W Gamma\"}]},{\"@type\":\"WebSite\",\"@id\":\"https:\/\/soymat.com\/#website\",\"url\":\"https:\/\/soymat.com\/\",\"name\":\"So&Mat\",\"description\":\"Empresa Dedicada a la protecci\u00f3n global contra incendio . matafuegos redes bombas,venta instalaci\u00f3n y service, protecci\u00f3n y confort laboral en todo concepto.\",\"publisher\":{\"@id\":\"https:\/\/soymat.com\/#organization\"},\"alternateName\":\"So&Mat\",\"potentialAction\":[{\"@type\":\"SearchAction\",\"target\":{\"@type\":\"EntryPoint\",\"urlTemplate\":\"https:\/\/soymat.com\/?s={search_term_string}\"},\"query-input\":{\"@type\":\"PropertyValueSpecification\",\"valueRequired\":true,\"valueName\":\"search_term_string\"}}],\"inLanguage\":\"es-AR\"},{\"@type\":\"Organization\",\"@id\":\"https:\/\/soymat.com\/#organization\",\"name\":\"So&Mat\",\"url\":\"https:\/\/soymat.com\/\",\"logo\":{\"@type\":\"ImageObject\",\"inLanguage\":\"es-AR\",\"@id\":\"https:\/\/soymat.com\/#\/schema\/logo\/image\/\",\"url\":\"https:\/\/soymat.com\/wp-content\/uploads\/2024\/08\/SoyMat.jpg\",\"contentUrl\":\"https:\/\/soymat.com\/wp-content\/uploads\/2024\/08\/SoyMat.jpg\",\"width\":600,\"height\":236,\"caption\":\"So&Mat\"},\"image\":{\"@id\":\"https:\/\/soymat.com\/#\/schema\/logo\/image\/\"}}]}<\/script>\n<!-- \/ Yoast SEO Premium plugin. -->","yoast_head_json":{"title":"Bomba Sumergible de Desagote Inox. 0.75 HP 550W Gamma - SoyMat \u2013 Seguridad Industrial","robots":{"index":"index","follow":"follow","max-snippet":"max-snippet:-1","max-image-preview":"max-image-preview:large","max-video-preview":"max-video-preview:-1"},"canonical":"https:\/\/soymat.com\/es\/producto\/bomba-sumergible-de-desagote-inox-0-75-hp-550w-gamma\/","og_locale":"es_ES","og_type":"article","og_title":"Bomba Sumergible de Desagote Inox. 0.75 HP 550W Gamma","og_description":"Bomba Sumergible de Desagote Inox. 0.75 HP 550W Gamma Cod.: G3208AR Electrobomba sumergible de desagote inoxidable de 0.75 HP, ideal para tareas de drenaje en el hogar o jard\u00edn, con un caudal de 12,500 L\/h y una altura de bombeo de hasta 7 metros. La electrobomba sumergible de desagote inoxidable G3208AR, modelo BSD-208, es una [&hellip;]","og_url":"https:\/\/soymat.com\/es\/producto\/bomba-sumergible-de-desagote-inox-0-75-hp-550w-gamma\/","og_site_name":"SoyMat \u2013 Seguridad Industrial","article_modified_time":"2026-02-10T13:06:23+00:00","og_image":[{"width":1000,"height":1000,"url":"https:\/\/soymat.com\/wp-content\/uploads\/2025\/11\/G3208AR_-bomba-sumergible.jpg","type":"image\/jpeg"}],"twitter_card":"summary_large_image","twitter_misc":{"Tiempo de lectura":"2 minutos"},"schema":{"@context":"https:\/\/schema.org","@graph":[{"@type":"WebPage","@id":"https:\/\/soymat.com\/producto\/bomba-sumergible-de-desagote-inox-0-75-hp-550w-gamma\/","url":"https:\/\/soymat.com\/producto\/bomba-sumergible-de-desagote-inox-0-75-hp-550w-gamma\/","name":"Bomba Sumergible de Desagote Inox. 0.75 HP 550W Gamma - SoyMat \u2013 Seguridad Industrial","isPartOf":{"@id":"https:\/\/soymat.com\/#website"},"primaryImageOfPage":{"@id":"https:\/\/soymat.com\/producto\/bomba-sumergible-de-desagote-inox-0-75-hp-550w-gamma\/#primaryimage"},"image":{"@id":"https:\/\/soymat.com\/producto\/bomba-sumergible-de-desagote-inox-0-75-hp-550w-gamma\/#primaryimage"},"thumbnailUrl":"https:\/\/soymat.com\/wp-content\/uploads\/2025\/11\/G3208AR_-bomba-sumergible.jpg","datePublished":"2025-11-04T03:10:11+00:00","dateModified":"2026-02-10T13:06:23+00:00","breadcrumb":{"@id":"https:\/\/soymat.com\/producto\/bomba-sumergible-de-desagote-inox-0-75-hp-550w-gamma\/#breadcrumb"},"inLanguage":"es-AR","potentialAction":[{"@type":"ReadAction","target":["https:\/\/soymat.com\/producto\/bomba-sumergible-de-desagote-inox-0-75-hp-550w-gamma\/"]}]},{"@type":"ImageObject","inLanguage":"es-AR","@id":"https:\/\/soymat.com\/producto\/bomba-sumergible-de-desagote-inox-0-75-hp-550w-gamma\/#primaryimage","url":"https:\/\/soymat.com\/wp-content\/uploads\/2025\/11\/G3208AR_-bomba-sumergible.jpg","contentUrl":"https:\/\/soymat.com\/wp-content\/uploads\/2025\/11\/G3208AR_-bomba-sumergible.jpg","width":1000,"height":1000},{"@type":"BreadcrumbList","@id":"https:\/\/soymat.com\/producto\/bomba-sumergible-de-desagote-inox-0-75-hp-550w-gamma\/#breadcrumb","itemListElement":[{"@type":"ListItem","position":1,"name":"Portada","item":"https:\/\/soymat.com\/"},{"@type":"ListItem","position":2,"name":"Todos los Productos","item":"https:\/\/soymat.com\/shop\/"},{"@type":"ListItem","position":3,"name":"Bomba Sumergible de Desagote Inox. 0.75 HP 550W Gamma"}]},{"@type":"WebSite","@id":"https:\/\/soymat.com\/#website","url":"https:\/\/soymat.com\/","name":"So&Mat","description":"Empresa Dedicada a la protecci\u00f3n global contra incendio . matafuegos redes bombas,venta instalaci\u00f3n y service, protecci\u00f3n y confort laboral en todo concepto.","publisher":{"@id":"https:\/\/soymat.com\/#organization"},"alternateName":"So&Mat","potentialAction":[{"@type":"SearchAction","target":{"@type":"EntryPoint","urlTemplate":"https:\/\/soymat.com\/?s={search_term_string}"},"query-input":{"@type":"PropertyValueSpecification","valueRequired":true,"valueName":"search_term_string"}}],"inLanguage":"es-AR"},{"@type":"Organization","@id":"https:\/\/soymat.com\/#organization","name":"So&Mat","url":"https:\/\/soymat.com\/","logo":{"@type":"ImageObject","inLanguage":"es-AR","@id":"https:\/\/soymat.com\/#\/schema\/logo\/image\/","url":"https:\/\/soymat.com\/wp-content\/uploads\/2024\/08\/SoyMat.jpg","contentUrl":"https:\/\/soymat.com\/wp-content\/uploads\/2024\/08\/SoyMat.jpg","width":600,"height":236,"caption":"So&Mat"},"image":{"@id":"https:\/\/soymat.com\/#\/schema\/logo\/image\/"}}]}},"_links":{"self":[{"href":"https:\/\/soymat.com\/es\/wp-json\/wp\/v2\/product\/23949","targetHints":{"allow":["GET"]}}],"collection":[{"href":"https:\/\/soymat.com\/es\/wp-json\/wp\/v2\/product"}],"about":[{"href":"https:\/\/soymat.com\/es\/wp-json\/wp\/v2\/types\/product"}],"wp:featuredmedia":[{"embeddable":true,"href":"https:\/\/soymat.com\/es\/wp-json\/wp\/v2\/media\/23951"}],"wp:attachment":[{"href":"https:\/\/soymat.com\/es\/wp-json\/wp\/v2\/media?parent=23949"}],"wp:term":[{"taxonomy":"product_cat","embeddable":true,"href":"https:\/\/soymat.com\/es\/wp-json\/wp\/v2\/product_cat?post=23949"},{"taxonomy":"product_tag","embeddable":true,"href":"https:\/\/soymat.com\/es\/wp-json\/wp\/v2\/product_tag?post=23949"}],"curies":[{"name":"wp","href":"https:\/\/api.w.org\/{rel}","templated":true}]}}