{"id":23952,"date":"2025-11-04T00:15:38","date_gmt":"2025-11-04T03:15:38","guid":{"rendered":"https:\/\/soymat.com\/?post_type=product&#038;p=23952"},"modified":"2026-02-10T10:06:15","modified_gmt":"2026-02-10T13:06:15","slug":"bomba-autocebante-para-pileta-0-75-hp-gamma","status":"publish","type":"product","link":"https:\/\/soymat.com\/es\/producto\/bomba-autocebante-para-pileta-0-75-hp-gamma\/","title":{"rendered":"Bomba Autocebante Para Pileta 0.75 HP Gamma"},"content":{"rendered":"<p><strong>Bomba Autocebante Para Pileta 0.75 HP Gamma<\/strong><br \/>\nCod.: G2776AR<\/p>\n<p>La bomba autocebante para pileta G2776AR es perfecta para la limpieza de piscinas, con una potencia de 0,75 HP y un motor de inducci\u00f3n de 2850 r.p.m. Su dise\u00f1o permite manejar grandes vol\u00famenes de agua, hasta 230 litros por minuto, con una altura m\u00e1xima de succi\u00f3n de 8 metros. Ideal para transferir agua a baja altura, esta bomba es compatible con sistemas de filtrado est\u00e1ndar y ofrece un funcionamiento seguro y continuo.<\/p>\n<p>INCLUYE ACOPLES<\/p>\n<p>La bomba autocebante para pileta G2776AR (modelo BCP-776) es una soluci\u00f3n eficiente y confiable para mantener tu piscina en \u00f3ptimas condiciones. Con un motor de inducci\u00f3n de dos polos que opera a 2850 r.p.m., esta bomba ofrece una potencia de 0,75 HP (0,6 kW), ideal para transferir grandes vol\u00famenes de agua a baja altura.<\/p>\n<p>Dise\u00f1ada espec\u00edficamente para la limpieza de piscinas, esta bomba puede manejar hasta 230 litros por minuto a una altura de 2 metros, con una altura m\u00e1xima de succi\u00f3n de 8 metros y una altura m\u00e1xima de elevaci\u00f3n de 11 metros. Su carcasa est\u00e1 preparada para soportar temperaturas del agua de hasta 35\u00baC, mientras que el motor cuenta con aislamiento de clase B y un grado de protecci\u00f3n IP44, garantizando un funcionamiento seguro y prolongado en ambientes con una temperatura m\u00e1xima de 40\u00baC.<\/p>\n<p>El dise\u00f1o autocebante permite un arranque r\u00e1pido y eficiente, asegurando que el agua circule sin necesidad de primado manual. Con una entrada y salida de 48,5 mm (50), esta bomba es compatible con la mayor\u00eda de los sistemas de filtrado de piscinas. Adem\u00e1s, su grado de servicio continuo S1 asegura que la bomba pueda operar sin interrupciones durante largos per\u00edodos, haci\u00e9ndola perfecta para el uso diario en tu piscina.<\/p>\n<p>KW: 0,6<br \/>\nAltura M\u00e1xima: 8 metros<br \/>\nQ (l\/min): 230 l\/min<br \/>\nQ (l\/h): 13800 l\/h<br \/>\nEntrada: 48,5 mm<br \/>\nSalida: 48,5 mm<br \/>\nProtecci\u00f3n: IP 44<br \/>\nCorriente: Monof\u00e1sica<br \/>\nH M\u00e1x: 11<\/p>","protected":false},"excerpt":{"rendered":"<p>Bomba Autocebante Para Pileta 0.75 HP Gamma Cod.: G2776AR La bomba autocebante para pileta G2776AR es perfecta para la limpieza de piscinas, con una potencia de 0,75 HP y un motor de inducci\u00f3n de 2850 r.p.m. Su dise\u00f1o permite manejar grandes vol\u00famenes de agua, hasta 230 litros por minuto, con una altura m\u00e1xima de succi\u00f3n [&hellip;]<\/p>\n","protected":false},"featured_media":23954,"template":"","meta":[],"product_cat":[191],"product_tag":[566,431,869,856],"class_list":{"0":"post-23952","1":"product","2":"type-product","3":"status-publish","4":"has-post-thumbnail","6":"product_brand-gamma-maquinas-herramientas","7":"product_cat-maquinas-y-herramientas","8":"product_tag-bomba-autocebante","9":"product_tag-bomba-de-agua","10":"product_tag-bomba-para-piileta","11":"product_tag-bombas-gamma","13":"first","14":"outofstock","15":"taxable","16":"shipping-taxable","17":"purchasable","18":"product-type-simple","19":"add-to-wishlist-after_add_to_cart"},"yoast_head":"<!-- This site is optimized with the Yoast SEO Premium plugin v26.9 (Yoast SEO v26.9) - https:\/\/yoast.com\/product\/yoast-seo-premium-wordpress\/ -->\n<title>Bomba Autocebante Para Pileta 0.75 HP Gamma - SoyMat \u2013 Seguridad Industrial<\/title>\n<meta name=\"robots\" content=\"index, follow, max-snippet:-1, max-image-preview:large, max-video-preview:-1\" \/>\n<link rel=\"canonical\" href=\"https:\/\/soymat.com\/es\/producto\/bomba-autocebante-para-pileta-0-75-hp-gamma\/\" \/>\n<meta property=\"og:locale\" content=\"es_ES\" \/>\n<meta property=\"og:type\" content=\"article\" \/>\n<meta property=\"og:title\" content=\"Bomba Autocebante Para Pileta 0.75 HP Gamma\" \/>\n<meta property=\"og:description\" content=\"Bomba Autocebante Para Pileta 0.75 HP Gamma Cod.: G2776AR La bomba autocebante para pileta G2776AR es perfecta para la limpieza de piscinas, con una potencia de 0,75 HP y un motor de inducci\u00f3n de 2850 r.p.m. Su dise\u00f1o permite manejar grandes vol\u00famenes de agua, hasta 230 litros por minuto, con una altura m\u00e1xima de succi\u00f3n [&hellip;]\" \/>\n<meta property=\"og:url\" content=\"https:\/\/soymat.com\/es\/producto\/bomba-autocebante-para-pileta-0-75-hp-gamma\/\" \/>\n<meta property=\"og:site_name\" content=\"SoyMat \u2013 Seguridad Industrial\" \/>\n<meta property=\"article:modified_time\" content=\"2026-02-10T13:06:15+00:00\" \/>\n<meta property=\"og:image\" content=\"https:\/\/soymat.com\/wp-content\/uploads\/2025\/11\/G2778AR_00-1.jpg\" \/>\n\t<meta property=\"og:image:width\" content=\"1000\" \/>\n\t<meta property=\"og:image:height\" content=\"1000\" \/>\n\t<meta property=\"og:image:type\" content=\"image\/jpeg\" \/>\n<meta name=\"twitter:card\" content=\"summary_large_image\" \/>\n<meta name=\"twitter:label1\" content=\"Tiempo de lectura\" \/>\n\t<meta name=\"twitter:data1\" content=\"2 minutos\" \/>\n<script type=\"application\/ld+json\" class=\"yoast-schema-graph\">{\"@context\":\"https:\/\/schema.org\",\"@graph\":[{\"@type\":\"WebPage\",\"@id\":\"https:\/\/soymat.com\/producto\/bomba-autocebante-para-pileta-0-75-hp-gamma\/\",\"url\":\"https:\/\/soymat.com\/producto\/bomba-autocebante-para-pileta-0-75-hp-gamma\/\",\"name\":\"Bomba Autocebante Para Pileta 0.75 HP Gamma - SoyMat \u2013 Seguridad Industrial\",\"isPartOf\":{\"@id\":\"https:\/\/soymat.com\/#website\"},\"primaryImageOfPage\":{\"@id\":\"https:\/\/soymat.com\/producto\/bomba-autocebante-para-pileta-0-75-hp-gamma\/#primaryimage\"},\"image\":{\"@id\":\"https:\/\/soymat.com\/producto\/bomba-autocebante-para-pileta-0-75-hp-gamma\/#primaryimage\"},\"thumbnailUrl\":\"https:\/\/soymat.com\/wp-content\/uploads\/2025\/11\/G2778AR_00-1.jpg\",\"datePublished\":\"2025-11-04T03:15:38+00:00\",\"dateModified\":\"2026-02-10T13:06:15+00:00\",\"breadcrumb\":{\"@id\":\"https:\/\/soymat.com\/producto\/bomba-autocebante-para-pileta-0-75-hp-gamma\/#breadcrumb\"},\"inLanguage\":\"es-AR\",\"potentialAction\":[{\"@type\":\"ReadAction\",\"target\":[\"https:\/\/soymat.com\/producto\/bomba-autocebante-para-pileta-0-75-hp-gamma\/\"]}]},{\"@type\":\"ImageObject\",\"inLanguage\":\"es-AR\",\"@id\":\"https:\/\/soymat.com\/producto\/bomba-autocebante-para-pileta-0-75-hp-gamma\/#primaryimage\",\"url\":\"https:\/\/soymat.com\/wp-content\/uploads\/2025\/11\/G2778AR_00-1.jpg\",\"contentUrl\":\"https:\/\/soymat.com\/wp-content\/uploads\/2025\/11\/G2778AR_00-1.jpg\",\"width\":1000,\"height\":1000},{\"@type\":\"BreadcrumbList\",\"@id\":\"https:\/\/soymat.com\/producto\/bomba-autocebante-para-pileta-0-75-hp-gamma\/#breadcrumb\",\"itemListElement\":[{\"@type\":\"ListItem\",\"position\":1,\"name\":\"Portada\",\"item\":\"https:\/\/soymat.com\/\"},{\"@type\":\"ListItem\",\"position\":2,\"name\":\"Todos los Productos\",\"item\":\"https:\/\/soymat.com\/shop\/\"},{\"@type\":\"ListItem\",\"position\":3,\"name\":\"Bomba Autocebante Para Pileta 0.75 HP Gamma\"}]},{\"@type\":\"WebSite\",\"@id\":\"https:\/\/soymat.com\/#website\",\"url\":\"https:\/\/soymat.com\/\",\"name\":\"So&Mat\",\"description\":\"Empresa Dedicada a la protecci\u00f3n global contra incendio . matafuegos redes bombas,venta instalaci\u00f3n y service, protecci\u00f3n y confort laboral en todo concepto.\",\"publisher\":{\"@id\":\"https:\/\/soymat.com\/#organization\"},\"alternateName\":\"So&Mat\",\"potentialAction\":[{\"@type\":\"SearchAction\",\"target\":{\"@type\":\"EntryPoint\",\"urlTemplate\":\"https:\/\/soymat.com\/?s={search_term_string}\"},\"query-input\":{\"@type\":\"PropertyValueSpecification\",\"valueRequired\":true,\"valueName\":\"search_term_string\"}}],\"inLanguage\":\"es-AR\"},{\"@type\":\"Organization\",\"@id\":\"https:\/\/soymat.com\/#organization\",\"name\":\"So&Mat\",\"url\":\"https:\/\/soymat.com\/\",\"logo\":{\"@type\":\"ImageObject\",\"inLanguage\":\"es-AR\",\"@id\":\"https:\/\/soymat.com\/#\/schema\/logo\/image\/\",\"url\":\"https:\/\/soymat.com\/wp-content\/uploads\/2024\/08\/SoyMat.jpg\",\"contentUrl\":\"https:\/\/soymat.com\/wp-content\/uploads\/2024\/08\/SoyMat.jpg\",\"width\":600,\"height\":236,\"caption\":\"So&Mat\"},\"image\":{\"@id\":\"https:\/\/soymat.com\/#\/schema\/logo\/image\/\"}}]}<\/script>\n<!-- \/ Yoast SEO Premium plugin. -->","yoast_head_json":{"title":"Bomba Autocebante Para Pileta 0.75 HP Gamma - SoyMat \u2013 Seguridad Industrial","robots":{"index":"index","follow":"follow","max-snippet":"max-snippet:-1","max-image-preview":"max-image-preview:large","max-video-preview":"max-video-preview:-1"},"canonical":"https:\/\/soymat.com\/es\/producto\/bomba-autocebante-para-pileta-0-75-hp-gamma\/","og_locale":"es_ES","og_type":"article","og_title":"Bomba Autocebante Para Pileta 0.75 HP Gamma","og_description":"Bomba Autocebante Para Pileta 0.75 HP Gamma Cod.: G2776AR La bomba autocebante para pileta G2776AR es perfecta para la limpieza de piscinas, con una potencia de 0,75 HP y un motor de inducci\u00f3n de 2850 r.p.m. Su dise\u00f1o permite manejar grandes vol\u00famenes de agua, hasta 230 litros por minuto, con una altura m\u00e1xima de succi\u00f3n [&hellip;]","og_url":"https:\/\/soymat.com\/es\/producto\/bomba-autocebante-para-pileta-0-75-hp-gamma\/","og_site_name":"SoyMat \u2013 Seguridad Industrial","article_modified_time":"2026-02-10T13:06:15+00:00","og_image":[{"width":1000,"height":1000,"url":"https:\/\/soymat.com\/wp-content\/uploads\/2025\/11\/G2778AR_00-1.jpg","type":"image\/jpeg"}],"twitter_card":"summary_large_image","twitter_misc":{"Tiempo de lectura":"2 minutos"},"schema":{"@context":"https:\/\/schema.org","@graph":[{"@type":"WebPage","@id":"https:\/\/soymat.com\/producto\/bomba-autocebante-para-pileta-0-75-hp-gamma\/","url":"https:\/\/soymat.com\/producto\/bomba-autocebante-para-pileta-0-75-hp-gamma\/","name":"Bomba Autocebante Para Pileta 0.75 HP Gamma - SoyMat \u2013 Seguridad Industrial","isPartOf":{"@id":"https:\/\/soymat.com\/#website"},"primaryImageOfPage":{"@id":"https:\/\/soymat.com\/producto\/bomba-autocebante-para-pileta-0-75-hp-gamma\/#primaryimage"},"image":{"@id":"https:\/\/soymat.com\/producto\/bomba-autocebante-para-pileta-0-75-hp-gamma\/#primaryimage"},"thumbnailUrl":"https:\/\/soymat.com\/wp-content\/uploads\/2025\/11\/G2778AR_00-1.jpg","datePublished":"2025-11-04T03:15:38+00:00","dateModified":"2026-02-10T13:06:15+00:00","breadcrumb":{"@id":"https:\/\/soymat.com\/producto\/bomba-autocebante-para-pileta-0-75-hp-gamma\/#breadcrumb"},"inLanguage":"es-AR","potentialAction":[{"@type":"ReadAction","target":["https:\/\/soymat.com\/producto\/bomba-autocebante-para-pileta-0-75-hp-gamma\/"]}]},{"@type":"ImageObject","inLanguage":"es-AR","@id":"https:\/\/soymat.com\/producto\/bomba-autocebante-para-pileta-0-75-hp-gamma\/#primaryimage","url":"https:\/\/soymat.com\/wp-content\/uploads\/2025\/11\/G2778AR_00-1.jpg","contentUrl":"https:\/\/soymat.com\/wp-content\/uploads\/2025\/11\/G2778AR_00-1.jpg","width":1000,"height":1000},{"@type":"BreadcrumbList","@id":"https:\/\/soymat.com\/producto\/bomba-autocebante-para-pileta-0-75-hp-gamma\/#breadcrumb","itemListElement":[{"@type":"ListItem","position":1,"name":"Portada","item":"https:\/\/soymat.com\/"},{"@type":"ListItem","position":2,"name":"Todos los Productos","item":"https:\/\/soymat.com\/shop\/"},{"@type":"ListItem","position":3,"name":"Bomba Autocebante Para Pileta 0.75 HP Gamma"}]},{"@type":"WebSite","@id":"https:\/\/soymat.com\/#website","url":"https:\/\/soymat.com\/","name":"So&Mat","description":"Empresa Dedicada a la protecci\u00f3n global contra incendio . matafuegos redes bombas,venta instalaci\u00f3n y service, protecci\u00f3n y confort laboral en todo concepto.","publisher":{"@id":"https:\/\/soymat.com\/#organization"},"alternateName":"So&Mat","potentialAction":[{"@type":"SearchAction","target":{"@type":"EntryPoint","urlTemplate":"https:\/\/soymat.com\/?s={search_term_string}"},"query-input":{"@type":"PropertyValueSpecification","valueRequired":true,"valueName":"search_term_string"}}],"inLanguage":"es-AR"},{"@type":"Organization","@id":"https:\/\/soymat.com\/#organization","name":"So&Mat","url":"https:\/\/soymat.com\/","logo":{"@type":"ImageObject","inLanguage":"es-AR","@id":"https:\/\/soymat.com\/#\/schema\/logo\/image\/","url":"https:\/\/soymat.com\/wp-content\/uploads\/2024\/08\/SoyMat.jpg","contentUrl":"https:\/\/soymat.com\/wp-content\/uploads\/2024\/08\/SoyMat.jpg","width":600,"height":236,"caption":"So&Mat"},"image":{"@id":"https:\/\/soymat.com\/#\/schema\/logo\/image\/"}}]}},"_links":{"self":[{"href":"https:\/\/soymat.com\/es\/wp-json\/wp\/v2\/product\/23952","targetHints":{"allow":["GET"]}}],"collection":[{"href":"https:\/\/soymat.com\/es\/wp-json\/wp\/v2\/product"}],"about":[{"href":"https:\/\/soymat.com\/es\/wp-json\/wp\/v2\/types\/product"}],"wp:featuredmedia":[{"embeddable":true,"href":"https:\/\/soymat.com\/es\/wp-json\/wp\/v2\/media\/23954"}],"wp:attachment":[{"href":"https:\/\/soymat.com\/es\/wp-json\/wp\/v2\/media?parent=23952"}],"wp:term":[{"taxonomy":"product_cat","embeddable":true,"href":"https:\/\/soymat.com\/es\/wp-json\/wp\/v2\/product_cat?post=23952"},{"taxonomy":"product_tag","embeddable":true,"href":"https:\/\/soymat.com\/es\/wp-json\/wp\/v2\/product_tag?post=23952"}],"curies":[{"name":"wp","href":"https:\/\/api.w.org\/{rel}","templated":true}]}}