{"id":23958,"date":"2025-11-04T00:09:29","date_gmt":"2025-11-04T03:09:29","guid":{"rendered":"https:\/\/soymat.com\/?post_type=product&#038;p=23958"},"modified":"2026-03-12T10:06:02","modified_gmt":"2026-03-12T13:06:02","slug":"desmalezadora-naftera-select-52cc-2t-gamma","status":"publish","type":"product","link":"https:\/\/soymat.com\/es\/producto\/desmalezadora-naftera-select-52cc-2t-gamma\/","title":{"rendered":"Desmalezadora Naftera Select 52cc 2T Gamma"},"content":{"rendered":"<p><strong>Desmalezadora Naftera Select 52cc 2T Gamma<\/strong><br \/>\nCod.: G1845AR<\/p>\n<p>Equipada con un motor naftero de 2 tiempos de 1,45Kw, arranque manual, a cordel retra\u0301ctil y una velocidad de hasta 12000 rpm. Esta m\u00e1quina ofrece un corte eficiente incluso en maleza densa y resistente.<\/p>\n<p>La desmalezadora Gamma Select de 52cc es la herramienta ideal para quienes buscan potencia, rendimiento y durabilidad en el mantenimiento de jardines, parques o terrenos grandes. Equipada con un motor de 2 tiempos de 1,45Kw y una velocidad de hasta 12000 rpm, esta m\u00e1quina ofrece un corte eficiente incluso en maleza densa y resistente.<\/p>\n<p>Arti\u0301culo: G1854AR<br \/>\nModelo: HGS-845<br \/>\nPotencia ma\u0301xima: 1,45 kW<br \/>\nCilindrada: 52 cc<br \/>\nVelocidad: 12000 r.p.m.<br \/>\nEje: recto<br \/>\nPisto\u0301n: cromado<br \/>\nTanque de combustible: 1200 ml<br \/>\nAncho corte ma\u0301ximo Cuchilla: 255 mm<br \/>\nAncho corte ma\u0301ximo Tanza: 420 mm<br \/>\nNivel de presio\u0301n sonora: 114 dB (A) LWA<br \/>\nArne\u0301s: simple<br \/>\nPeso: 7.8 Kg<\/p>","protected":false},"excerpt":{"rendered":"<p>Desmalezadora Naftera Select 52cc 2T Gamma Cod.: G1845AR Equipada con un motor naftero de 2 tiempos de 1,45Kw, arranque manual, a cordel retra\u0301ctil y una velocidad de hasta 12000 rpm. Esta m\u00e1quina ofrece un corte eficiente incluso en maleza densa y resistente. La desmalezadora Gamma Select de 52cc es la herramienta ideal para quienes buscan [&hellip;]<\/p>\n","protected":false},"featured_media":23960,"template":"","meta":[],"product_cat":[191],"product_tag":[524,526,872,491],"class_list":{"0":"post-23958","1":"product","2":"type-product","3":"status-publish","4":"has-post-thumbnail","6":"product_brand-gamma-maquinas-herramientas","7":"product_cat-maquinas-y-herramientas","8":"product_tag-corta-pasto","9":"product_tag-desmalezadora","10":"product_tag-desmalezadora-gamma","11":"product_tag-jardin","13":"first","14":"instock","15":"taxable","16":"shipping-taxable","17":"purchasable","18":"product-type-simple","19":"add-to-wishlist-after_add_to_cart"},"yoast_head":"<!-- This site is optimized with the Yoast SEO Premium plugin v26.9 (Yoast SEO v26.9) - https:\/\/yoast.com\/product\/yoast-seo-premium-wordpress\/ -->\n<title>Desmalezadora Naftera Select 52cc 2T Gamma - SoyMat \u2013 Seguridad Industrial<\/title>\n<meta name=\"robots\" content=\"index, follow, max-snippet:-1, max-image-preview:large, max-video-preview:-1\" \/>\n<link rel=\"canonical\" href=\"https:\/\/soymat.com\/es\/producto\/desmalezadora-naftera-select-52cc-2t-gamma\/\" \/>\n<meta property=\"og:locale\" content=\"es_ES\" \/>\n<meta property=\"og:type\" content=\"article\" \/>\n<meta property=\"og:title\" content=\"Desmalezadora Naftera Select 52cc 2T Gamma\" \/>\n<meta property=\"og:description\" content=\"Desmalezadora Naftera Select 52cc 2T Gamma Cod.: G1845AR Equipada con un motor naftero de 2 tiempos de 1,45Kw, arranque manual, a cordel retra\u0301ctil y una velocidad de hasta 12000 rpm. Esta m\u00e1quina ofrece un corte eficiente incluso en maleza densa y resistente. La desmalezadora Gamma Select de 52cc es la herramienta ideal para quienes buscan [&hellip;]\" \/>\n<meta property=\"og:url\" content=\"https:\/\/soymat.com\/es\/producto\/desmalezadora-naftera-select-52cc-2t-gamma\/\" \/>\n<meta property=\"og:site_name\" content=\"SoyMat \u2013 Seguridad Industrial\" \/>\n<meta property=\"article:modified_time\" content=\"2026-03-12T13:06:02+00:00\" \/>\n<meta property=\"og:image\" content=\"https:\/\/soymat.com\/wp-content\/uploads\/2025\/11\/G1845AR_00_-1.jpg\" \/>\n\t<meta property=\"og:image:width\" content=\"1000\" \/>\n\t<meta property=\"og:image:height\" content=\"1000\" \/>\n\t<meta property=\"og:image:type\" content=\"image\/jpeg\" \/>\n<meta name=\"twitter:card\" content=\"summary_large_image\" \/>\n<meta name=\"twitter:label1\" content=\"Tiempo de lectura\" \/>\n\t<meta name=\"twitter:data1\" content=\"1 minuto\" \/>\n<script type=\"application\/ld+json\" class=\"yoast-schema-graph\">{\"@context\":\"https:\/\/schema.org\",\"@graph\":[{\"@type\":\"WebPage\",\"@id\":\"https:\/\/soymat.com\/producto\/desmalezadora-naftera-select-52cc-2t-gamma\/\",\"url\":\"https:\/\/soymat.com\/producto\/desmalezadora-naftera-select-52cc-2t-gamma\/\",\"name\":\"Desmalezadora Naftera Select 52cc 2T Gamma - SoyMat \u2013 Seguridad Industrial\",\"isPartOf\":{\"@id\":\"https:\/\/soymat.com\/#website\"},\"primaryImageOfPage\":{\"@id\":\"https:\/\/soymat.com\/producto\/desmalezadora-naftera-select-52cc-2t-gamma\/#primaryimage\"},\"image\":{\"@id\":\"https:\/\/soymat.com\/producto\/desmalezadora-naftera-select-52cc-2t-gamma\/#primaryimage\"},\"thumbnailUrl\":\"https:\/\/soymat.com\/wp-content\/uploads\/2025\/11\/G1845AR_00_-1.jpg\",\"datePublished\":\"2025-11-04T03:09:29+00:00\",\"dateModified\":\"2026-03-12T13:06:02+00:00\",\"breadcrumb\":{\"@id\":\"https:\/\/soymat.com\/producto\/desmalezadora-naftera-select-52cc-2t-gamma\/#breadcrumb\"},\"inLanguage\":\"es-AR\",\"potentialAction\":[{\"@type\":\"ReadAction\",\"target\":[\"https:\/\/soymat.com\/producto\/desmalezadora-naftera-select-52cc-2t-gamma\/\"]}]},{\"@type\":\"ImageObject\",\"inLanguage\":\"es-AR\",\"@id\":\"https:\/\/soymat.com\/producto\/desmalezadora-naftera-select-52cc-2t-gamma\/#primaryimage\",\"url\":\"https:\/\/soymat.com\/wp-content\/uploads\/2025\/11\/G1845AR_00_-1.jpg\",\"contentUrl\":\"https:\/\/soymat.com\/wp-content\/uploads\/2025\/11\/G1845AR_00_-1.jpg\",\"width\":1000,\"height\":1000},{\"@type\":\"BreadcrumbList\",\"@id\":\"https:\/\/soymat.com\/producto\/desmalezadora-naftera-select-52cc-2t-gamma\/#breadcrumb\",\"itemListElement\":[{\"@type\":\"ListItem\",\"position\":1,\"name\":\"Portada\",\"item\":\"https:\/\/soymat.com\/\"},{\"@type\":\"ListItem\",\"position\":2,\"name\":\"Todos los Productos\",\"item\":\"https:\/\/soymat.com\/shop\/\"},{\"@type\":\"ListItem\",\"position\":3,\"name\":\"Desmalezadora Naftera Select 52cc 2T Gamma\"}]},{\"@type\":\"WebSite\",\"@id\":\"https:\/\/soymat.com\/#website\",\"url\":\"https:\/\/soymat.com\/\",\"name\":\"So&Mat\",\"description\":\"Empresa Dedicada a la protecci\u00f3n global contra incendio . matafuegos redes bombas,venta instalaci\u00f3n y service, protecci\u00f3n y confort laboral en todo concepto.\",\"publisher\":{\"@id\":\"https:\/\/soymat.com\/#organization\"},\"alternateName\":\"So&Mat\",\"potentialAction\":[{\"@type\":\"SearchAction\",\"target\":{\"@type\":\"EntryPoint\",\"urlTemplate\":\"https:\/\/soymat.com\/?s={search_term_string}\"},\"query-input\":{\"@type\":\"PropertyValueSpecification\",\"valueRequired\":true,\"valueName\":\"search_term_string\"}}],\"inLanguage\":\"es-AR\"},{\"@type\":\"Organization\",\"@id\":\"https:\/\/soymat.com\/#organization\",\"name\":\"So&Mat\",\"url\":\"https:\/\/soymat.com\/\",\"logo\":{\"@type\":\"ImageObject\",\"inLanguage\":\"es-AR\",\"@id\":\"https:\/\/soymat.com\/#\/schema\/logo\/image\/\",\"url\":\"https:\/\/soymat.com\/wp-content\/uploads\/2024\/08\/SoyMat.jpg\",\"contentUrl\":\"https:\/\/soymat.com\/wp-content\/uploads\/2024\/08\/SoyMat.jpg\",\"width\":600,\"height\":236,\"caption\":\"So&Mat\"},\"image\":{\"@id\":\"https:\/\/soymat.com\/#\/schema\/logo\/image\/\"}}]}<\/script>\n<!-- \/ Yoast SEO Premium plugin. -->","yoast_head_json":{"title":"Desmalezadora Naftera Select 52cc 2T Gamma - SoyMat \u2013 Seguridad Industrial","robots":{"index":"index","follow":"follow","max-snippet":"max-snippet:-1","max-image-preview":"max-image-preview:large","max-video-preview":"max-video-preview:-1"},"canonical":"https:\/\/soymat.com\/es\/producto\/desmalezadora-naftera-select-52cc-2t-gamma\/","og_locale":"es_ES","og_type":"article","og_title":"Desmalezadora Naftera Select 52cc 2T Gamma","og_description":"Desmalezadora Naftera Select 52cc 2T Gamma Cod.: G1845AR Equipada con un motor naftero de 2 tiempos de 1,45Kw, arranque manual, a cordel retra\u0301ctil y una velocidad de hasta 12000 rpm. Esta m\u00e1quina ofrece un corte eficiente incluso en maleza densa y resistente. La desmalezadora Gamma Select de 52cc es la herramienta ideal para quienes buscan [&hellip;]","og_url":"https:\/\/soymat.com\/es\/producto\/desmalezadora-naftera-select-52cc-2t-gamma\/","og_site_name":"SoyMat \u2013 Seguridad Industrial","article_modified_time":"2026-03-12T13:06:02+00:00","og_image":[{"width":1000,"height":1000,"url":"https:\/\/soymat.com\/wp-content\/uploads\/2025\/11\/G1845AR_00_-1.jpg","type":"image\/jpeg"}],"twitter_card":"summary_large_image","twitter_misc":{"Tiempo de lectura":"1 minuto"},"schema":{"@context":"https:\/\/schema.org","@graph":[{"@type":"WebPage","@id":"https:\/\/soymat.com\/producto\/desmalezadora-naftera-select-52cc-2t-gamma\/","url":"https:\/\/soymat.com\/producto\/desmalezadora-naftera-select-52cc-2t-gamma\/","name":"Desmalezadora Naftera Select 52cc 2T Gamma - SoyMat \u2013 Seguridad Industrial","isPartOf":{"@id":"https:\/\/soymat.com\/#website"},"primaryImageOfPage":{"@id":"https:\/\/soymat.com\/producto\/desmalezadora-naftera-select-52cc-2t-gamma\/#primaryimage"},"image":{"@id":"https:\/\/soymat.com\/producto\/desmalezadora-naftera-select-52cc-2t-gamma\/#primaryimage"},"thumbnailUrl":"https:\/\/soymat.com\/wp-content\/uploads\/2025\/11\/G1845AR_00_-1.jpg","datePublished":"2025-11-04T03:09:29+00:00","dateModified":"2026-03-12T13:06:02+00:00","breadcrumb":{"@id":"https:\/\/soymat.com\/producto\/desmalezadora-naftera-select-52cc-2t-gamma\/#breadcrumb"},"inLanguage":"es-AR","potentialAction":[{"@type":"ReadAction","target":["https:\/\/soymat.com\/producto\/desmalezadora-naftera-select-52cc-2t-gamma\/"]}]},{"@type":"ImageObject","inLanguage":"es-AR","@id":"https:\/\/soymat.com\/producto\/desmalezadora-naftera-select-52cc-2t-gamma\/#primaryimage","url":"https:\/\/soymat.com\/wp-content\/uploads\/2025\/11\/G1845AR_00_-1.jpg","contentUrl":"https:\/\/soymat.com\/wp-content\/uploads\/2025\/11\/G1845AR_00_-1.jpg","width":1000,"height":1000},{"@type":"BreadcrumbList","@id":"https:\/\/soymat.com\/producto\/desmalezadora-naftera-select-52cc-2t-gamma\/#breadcrumb","itemListElement":[{"@type":"ListItem","position":1,"name":"Portada","item":"https:\/\/soymat.com\/"},{"@type":"ListItem","position":2,"name":"Todos los Productos","item":"https:\/\/soymat.com\/shop\/"},{"@type":"ListItem","position":3,"name":"Desmalezadora Naftera Select 52cc 2T Gamma"}]},{"@type":"WebSite","@id":"https:\/\/soymat.com\/#website","url":"https:\/\/soymat.com\/","name":"So&Mat","description":"Empresa Dedicada a la protecci\u00f3n global contra incendio . matafuegos redes bombas,venta instalaci\u00f3n y service, protecci\u00f3n y confort laboral en todo concepto.","publisher":{"@id":"https:\/\/soymat.com\/#organization"},"alternateName":"So&Mat","potentialAction":[{"@type":"SearchAction","target":{"@type":"EntryPoint","urlTemplate":"https:\/\/soymat.com\/?s={search_term_string}"},"query-input":{"@type":"PropertyValueSpecification","valueRequired":true,"valueName":"search_term_string"}}],"inLanguage":"es-AR"},{"@type":"Organization","@id":"https:\/\/soymat.com\/#organization","name":"So&Mat","url":"https:\/\/soymat.com\/","logo":{"@type":"ImageObject","inLanguage":"es-AR","@id":"https:\/\/soymat.com\/#\/schema\/logo\/image\/","url":"https:\/\/soymat.com\/wp-content\/uploads\/2024\/08\/SoyMat.jpg","contentUrl":"https:\/\/soymat.com\/wp-content\/uploads\/2024\/08\/SoyMat.jpg","width":600,"height":236,"caption":"So&Mat"},"image":{"@id":"https:\/\/soymat.com\/#\/schema\/logo\/image\/"}}]}},"_links":{"self":[{"href":"https:\/\/soymat.com\/es\/wp-json\/wp\/v2\/product\/23958","targetHints":{"allow":["GET"]}}],"collection":[{"href":"https:\/\/soymat.com\/es\/wp-json\/wp\/v2\/product"}],"about":[{"href":"https:\/\/soymat.com\/es\/wp-json\/wp\/v2\/types\/product"}],"wp:featuredmedia":[{"embeddable":true,"href":"https:\/\/soymat.com\/es\/wp-json\/wp\/v2\/media\/23960"}],"wp:attachment":[{"href":"https:\/\/soymat.com\/es\/wp-json\/wp\/v2\/media?parent=23958"}],"wp:term":[{"taxonomy":"product_cat","embeddable":true,"href":"https:\/\/soymat.com\/es\/wp-json\/wp\/v2\/product_cat?post=23958"},{"taxonomy":"product_tag","embeddable":true,"href":"https:\/\/soymat.com\/es\/wp-json\/wp\/v2\/product_tag?post=23958"}],"curies":[{"name":"wp","href":"https:\/\/api.w.org\/{rel}","templated":true}]}}