{"id":23964,"date":"2025-11-04T00:05:45","date_gmt":"2025-11-04T03:05:45","guid":{"rendered":"https:\/\/soymat.com\/?post_type=product&#038;p=23964"},"modified":"2026-04-17T13:07:55","modified_gmt":"2026-04-17T16:07:55","slug":"bomba-centrifuga-1hp-750w-220v-lusqtoff","status":"publish","type":"product","link":"https:\/\/soymat.com\/es\/producto\/bomba-centrifuga-1hp-750w-220v-lusqtoff\/","title":{"rendered":"Bomba Centr\u00edfuga 1HP 750W 220V Lusqtoff"},"content":{"rendered":"<p><strong>Bomba Centr\u00edfuga 1HP 750W 220V Lusqtoff<\/strong><br \/>\nCod.: CPM158<\/p>\n<p>Ficha t\u00e9cnica<br \/>\n\u2022 Motor: 1 HP<br \/>\n\u2022 Potencia: 750 W<br \/>\n\u2022 Caudal de m\u00e1xima: 95 L\/min<br \/>\n\u2022 Succi\u00f3n m\u00e1xima: 6 mts.<br \/>\n\u2022 Altura m\u00e1xima: 30 mts.<br \/>\n\u2022 Entrada-Salida: 1\u201d \/ 1\u201d<br \/>\n\u2022 Temperatura m\u00e1x. del agua: 35\u00baC<br \/>\n\u2022 Grado de protecci\u00f3n: IPX4<br \/>\n\u2022 Seguridad el\u00e9ctrica: Clase 1<br \/>\n\u2022 Grado de protecci\u00f3n: IPX4<br \/>\n\u2022 Fuente de alimentaci\u00f3n: electricidad<br \/>\n\u2022 Largo de cable: 0,2 mts.<br \/>\n\u2022 Tensi\u00f3n: 220 V ~ 50 Hz<br \/>\n\u2022 Peso: 11 kg.<\/p>\n<p>Caracter\u00edsticas<br \/>\n\u2022 Robusta.<br \/>\n\u2022 F\u00e1cil de instalar.<br \/>\n\u2022 Uso profesional.<br \/>\n\u2022 Excelente caudal.<br \/>\n\u2022 Uso agua limpia\/potable.<br \/>\n\u2022 Protecci\u00f3n t\u00e9rmica.<br \/>\n\u2022 Turbina de bronce.<\/p>","protected":false},"excerpt":{"rendered":"<p>Bomba Centr\u00edfuga 1HP 750W 220V Lusqtoff Cod.: CPM158 Ficha t\u00e9cnica \u2022 Motor: 1 HP \u2022 Potencia: 750 W \u2022 Caudal de m\u00e1xima: 95 L\/min \u2022 Succi\u00f3n m\u00e1xima: 6 mts. \u2022 Altura m\u00e1xima: 30 mts. \u2022 Entrada-Salida: 1\u201d \/ 1\u201d \u2022 Temperatura m\u00e1x. del agua: 35\u00baC \u2022 Grado de protecci\u00f3n: IPX4 \u2022 Seguridad el\u00e9ctrica: Clase 1 [&hellip;]<\/p>\n","protected":false},"featured_media":23966,"template":"","meta":[],"product_cat":[191],"product_tag":[877,431,876,878,596,879,880,875],"class_list":{"0":"post-23964","1":"product","2":"type-product","3":"status-publish","4":"has-post-thumbnail","6":"product_brand-lusqtoff-maquinas-y-herramientas-electricas-manuales","7":"product_cat-maquinas-y-herramientas","8":"product_tag-bomb-auticebante","9":"product_tag-bomba-de-agua","10":"product_tag-bomba-lusqtoff","11":"product_tag-centrifuga","12":"product_tag-desagote","13":"product_tag-pietas","14":"product_tag-piscinas","15":"product_tag-verano","17":"first","18":"instock","19":"taxable","20":"shipping-taxable","21":"purchasable","22":"product-type-simple","23":"add-to-wishlist-after_add_to_cart"},"yoast_head":"<!-- This site is optimized with the Yoast SEO Premium plugin v26.9 (Yoast SEO v26.9) - https:\/\/yoast.com\/product\/yoast-seo-premium-wordpress\/ -->\n<title>Bomba Centr\u00edfuga 1HP 750W 220V Lusqtoff - SoyMat \u2013 Seguridad Industrial<\/title>\n<meta name=\"robots\" content=\"index, follow, max-snippet:-1, max-image-preview:large, max-video-preview:-1\" \/>\n<link rel=\"canonical\" href=\"https:\/\/soymat.com\/es\/producto\/bomba-centrifuga-1hp-750w-220v-lusqtoff\/\" \/>\n<meta property=\"og:locale\" content=\"es_ES\" \/>\n<meta property=\"og:type\" content=\"article\" \/>\n<meta property=\"og:title\" content=\"Bomba Centr\u00edfuga 1HP 750W 220V Lusqtoff\" \/>\n<meta property=\"og:description\" content=\"Bomba Centr\u00edfuga 1HP 750W 220V Lusqtoff Cod.: CPM158 Ficha t\u00e9cnica \u2022 Motor: 1 HP \u2022 Potencia: 750 W \u2022 Caudal de m\u00e1xima: 95 L\/min \u2022 Succi\u00f3n m\u00e1xima: 6 mts. \u2022 Altura m\u00e1xima: 30 mts. \u2022 Entrada-Salida: 1\u201d \/ 1\u201d \u2022 Temperatura m\u00e1x. del agua: 35\u00baC \u2022 Grado de protecci\u00f3n: IPX4 \u2022 Seguridad el\u00e9ctrica: Clase 1 [&hellip;]\" \/>\n<meta property=\"og:url\" content=\"https:\/\/soymat.com\/es\/producto\/bomba-centrifuga-1hp-750w-220v-lusqtoff\/\" \/>\n<meta property=\"og:site_name\" content=\"SoyMat \u2013 Seguridad Industrial\" \/>\n<meta property=\"article:modified_time\" content=\"2026-04-17T16:07:55+00:00\" \/>\n<meta property=\"og:image\" content=\"https:\/\/soymat.com\/wp-content\/uploads\/2025\/11\/cpm-158.jpg\" \/>\n\t<meta property=\"og:image:width\" content=\"1000\" \/>\n\t<meta property=\"og:image:height\" content=\"1000\" \/>\n\t<meta property=\"og:image:type\" content=\"image\/jpeg\" \/>\n<meta name=\"twitter:card\" content=\"summary_large_image\" \/>\n<meta name=\"twitter:label1\" content=\"Tiempo de lectura\" \/>\n\t<meta name=\"twitter:data1\" content=\"1 minuto\" \/>\n<script type=\"application\/ld+json\" class=\"yoast-schema-graph\">{\"@context\":\"https:\/\/schema.org\",\"@graph\":[{\"@type\":\"WebPage\",\"@id\":\"https:\/\/soymat.com\/producto\/bomba-centrifuga-1hp-750w-220v-lusqtoff\/\",\"url\":\"https:\/\/soymat.com\/producto\/bomba-centrifuga-1hp-750w-220v-lusqtoff\/\",\"name\":\"Bomba Centr\u00edfuga 1HP 750W 220V Lusqtoff - SoyMat \u2013 Seguridad Industrial\",\"isPartOf\":{\"@id\":\"https:\/\/soymat.com\/#website\"},\"primaryImageOfPage\":{\"@id\":\"https:\/\/soymat.com\/producto\/bomba-centrifuga-1hp-750w-220v-lusqtoff\/#primaryimage\"},\"image\":{\"@id\":\"https:\/\/soymat.com\/producto\/bomba-centrifuga-1hp-750w-220v-lusqtoff\/#primaryimage\"},\"thumbnailUrl\":\"https:\/\/soymat.com\/wp-content\/uploads\/2025\/11\/cpm-158.jpg\",\"datePublished\":\"2025-11-04T03:05:45+00:00\",\"dateModified\":\"2026-04-17T16:07:55+00:00\",\"breadcrumb\":{\"@id\":\"https:\/\/soymat.com\/producto\/bomba-centrifuga-1hp-750w-220v-lusqtoff\/#breadcrumb\"},\"inLanguage\":\"es-AR\",\"potentialAction\":[{\"@type\":\"ReadAction\",\"target\":[\"https:\/\/soymat.com\/producto\/bomba-centrifuga-1hp-750w-220v-lusqtoff\/\"]}]},{\"@type\":\"ImageObject\",\"inLanguage\":\"es-AR\",\"@id\":\"https:\/\/soymat.com\/producto\/bomba-centrifuga-1hp-750w-220v-lusqtoff\/#primaryimage\",\"url\":\"https:\/\/soymat.com\/wp-content\/uploads\/2025\/11\/cpm-158.jpg\",\"contentUrl\":\"https:\/\/soymat.com\/wp-content\/uploads\/2025\/11\/cpm-158.jpg\",\"width\":1000,\"height\":1000},{\"@type\":\"BreadcrumbList\",\"@id\":\"https:\/\/soymat.com\/producto\/bomba-centrifuga-1hp-750w-220v-lusqtoff\/#breadcrumb\",\"itemListElement\":[{\"@type\":\"ListItem\",\"position\":1,\"name\":\"Portada\",\"item\":\"https:\/\/soymat.com\/\"},{\"@type\":\"ListItem\",\"position\":2,\"name\":\"Todos los Productos\",\"item\":\"https:\/\/soymat.com\/shop\/\"},{\"@type\":\"ListItem\",\"position\":3,\"name\":\"Bomba Centr\u00edfuga 1HP 750W 220V Lusqtoff\"}]},{\"@type\":\"WebSite\",\"@id\":\"https:\/\/soymat.com\/#website\",\"url\":\"https:\/\/soymat.com\/\",\"name\":\"So&Mat\",\"description\":\"Empresa Dedicada a la protecci\u00f3n global contra incendio . matafuegos redes bombas,venta instalaci\u00f3n y service, protecci\u00f3n y confort laboral en todo concepto.\",\"publisher\":{\"@id\":\"https:\/\/soymat.com\/#organization\"},\"alternateName\":\"So&Mat\",\"potentialAction\":[{\"@type\":\"SearchAction\",\"target\":{\"@type\":\"EntryPoint\",\"urlTemplate\":\"https:\/\/soymat.com\/?s={search_term_string}\"},\"query-input\":{\"@type\":\"PropertyValueSpecification\",\"valueRequired\":true,\"valueName\":\"search_term_string\"}}],\"inLanguage\":\"es-AR\"},{\"@type\":\"Organization\",\"@id\":\"https:\/\/soymat.com\/#organization\",\"name\":\"So&Mat\",\"url\":\"https:\/\/soymat.com\/\",\"logo\":{\"@type\":\"ImageObject\",\"inLanguage\":\"es-AR\",\"@id\":\"https:\/\/soymat.com\/#\/schema\/logo\/image\/\",\"url\":\"https:\/\/soymat.com\/wp-content\/uploads\/2024\/08\/SoyMat.jpg\",\"contentUrl\":\"https:\/\/soymat.com\/wp-content\/uploads\/2024\/08\/SoyMat.jpg\",\"width\":600,\"height\":236,\"caption\":\"So&Mat\"},\"image\":{\"@id\":\"https:\/\/soymat.com\/#\/schema\/logo\/image\/\"}}]}<\/script>\n<!-- \/ Yoast SEO Premium plugin. -->","yoast_head_json":{"title":"Bomba Centr\u00edfuga 1HP 750W 220V Lusqtoff - SoyMat \u2013 Seguridad Industrial","robots":{"index":"index","follow":"follow","max-snippet":"max-snippet:-1","max-image-preview":"max-image-preview:large","max-video-preview":"max-video-preview:-1"},"canonical":"https:\/\/soymat.com\/es\/producto\/bomba-centrifuga-1hp-750w-220v-lusqtoff\/","og_locale":"es_ES","og_type":"article","og_title":"Bomba Centr\u00edfuga 1HP 750W 220V Lusqtoff","og_description":"Bomba Centr\u00edfuga 1HP 750W 220V Lusqtoff Cod.: CPM158 Ficha t\u00e9cnica \u2022 Motor: 1 HP \u2022 Potencia: 750 W \u2022 Caudal de m\u00e1xima: 95 L\/min \u2022 Succi\u00f3n m\u00e1xima: 6 mts. \u2022 Altura m\u00e1xima: 30 mts. \u2022 Entrada-Salida: 1\u201d \/ 1\u201d \u2022 Temperatura m\u00e1x. del agua: 35\u00baC \u2022 Grado de protecci\u00f3n: IPX4 \u2022 Seguridad el\u00e9ctrica: Clase 1 [&hellip;]","og_url":"https:\/\/soymat.com\/es\/producto\/bomba-centrifuga-1hp-750w-220v-lusqtoff\/","og_site_name":"SoyMat \u2013 Seguridad Industrial","article_modified_time":"2026-04-17T16:07:55+00:00","og_image":[{"width":1000,"height":1000,"url":"https:\/\/soymat.com\/wp-content\/uploads\/2025\/11\/cpm-158.jpg","type":"image\/jpeg"}],"twitter_card":"summary_large_image","twitter_misc":{"Tiempo de lectura":"1 minuto"},"schema":{"@context":"https:\/\/schema.org","@graph":[{"@type":"WebPage","@id":"https:\/\/soymat.com\/producto\/bomba-centrifuga-1hp-750w-220v-lusqtoff\/","url":"https:\/\/soymat.com\/producto\/bomba-centrifuga-1hp-750w-220v-lusqtoff\/","name":"Bomba Centr\u00edfuga 1HP 750W 220V Lusqtoff - SoyMat \u2013 Seguridad Industrial","isPartOf":{"@id":"https:\/\/soymat.com\/#website"},"primaryImageOfPage":{"@id":"https:\/\/soymat.com\/producto\/bomba-centrifuga-1hp-750w-220v-lusqtoff\/#primaryimage"},"image":{"@id":"https:\/\/soymat.com\/producto\/bomba-centrifuga-1hp-750w-220v-lusqtoff\/#primaryimage"},"thumbnailUrl":"https:\/\/soymat.com\/wp-content\/uploads\/2025\/11\/cpm-158.jpg","datePublished":"2025-11-04T03:05:45+00:00","dateModified":"2026-04-17T16:07:55+00:00","breadcrumb":{"@id":"https:\/\/soymat.com\/producto\/bomba-centrifuga-1hp-750w-220v-lusqtoff\/#breadcrumb"},"inLanguage":"es-AR","potentialAction":[{"@type":"ReadAction","target":["https:\/\/soymat.com\/producto\/bomba-centrifuga-1hp-750w-220v-lusqtoff\/"]}]},{"@type":"ImageObject","inLanguage":"es-AR","@id":"https:\/\/soymat.com\/producto\/bomba-centrifuga-1hp-750w-220v-lusqtoff\/#primaryimage","url":"https:\/\/soymat.com\/wp-content\/uploads\/2025\/11\/cpm-158.jpg","contentUrl":"https:\/\/soymat.com\/wp-content\/uploads\/2025\/11\/cpm-158.jpg","width":1000,"height":1000},{"@type":"BreadcrumbList","@id":"https:\/\/soymat.com\/producto\/bomba-centrifuga-1hp-750w-220v-lusqtoff\/#breadcrumb","itemListElement":[{"@type":"ListItem","position":1,"name":"Portada","item":"https:\/\/soymat.com\/"},{"@type":"ListItem","position":2,"name":"Todos los Productos","item":"https:\/\/soymat.com\/shop\/"},{"@type":"ListItem","position":3,"name":"Bomba Centr\u00edfuga 1HP 750W 220V Lusqtoff"}]},{"@type":"WebSite","@id":"https:\/\/soymat.com\/#website","url":"https:\/\/soymat.com\/","name":"So&Mat","description":"Empresa Dedicada a la protecci\u00f3n global contra incendio . matafuegos redes bombas,venta instalaci\u00f3n y service, protecci\u00f3n y confort laboral en todo concepto.","publisher":{"@id":"https:\/\/soymat.com\/#organization"},"alternateName":"So&Mat","potentialAction":[{"@type":"SearchAction","target":{"@type":"EntryPoint","urlTemplate":"https:\/\/soymat.com\/?s={search_term_string}"},"query-input":{"@type":"PropertyValueSpecification","valueRequired":true,"valueName":"search_term_string"}}],"inLanguage":"es-AR"},{"@type":"Organization","@id":"https:\/\/soymat.com\/#organization","name":"So&Mat","url":"https:\/\/soymat.com\/","logo":{"@type":"ImageObject","inLanguage":"es-AR","@id":"https:\/\/soymat.com\/#\/schema\/logo\/image\/","url":"https:\/\/soymat.com\/wp-content\/uploads\/2024\/08\/SoyMat.jpg","contentUrl":"https:\/\/soymat.com\/wp-content\/uploads\/2024\/08\/SoyMat.jpg","width":600,"height":236,"caption":"So&Mat"},"image":{"@id":"https:\/\/soymat.com\/#\/schema\/logo\/image\/"}}]}},"_links":{"self":[{"href":"https:\/\/soymat.com\/es\/wp-json\/wp\/v2\/product\/23964","targetHints":{"allow":["GET"]}}],"collection":[{"href":"https:\/\/soymat.com\/es\/wp-json\/wp\/v2\/product"}],"about":[{"href":"https:\/\/soymat.com\/es\/wp-json\/wp\/v2\/types\/product"}],"wp:featuredmedia":[{"embeddable":true,"href":"https:\/\/soymat.com\/es\/wp-json\/wp\/v2\/media\/23966"}],"wp:attachment":[{"href":"https:\/\/soymat.com\/es\/wp-json\/wp\/v2\/media?parent=23964"}],"wp:term":[{"taxonomy":"product_cat","embeddable":true,"href":"https:\/\/soymat.com\/es\/wp-json\/wp\/v2\/product_cat?post=23964"},{"taxonomy":"product_tag","embeddable":true,"href":"https:\/\/soymat.com\/es\/wp-json\/wp\/v2\/product_tag?post=23964"}],"curies":[{"name":"wp","href":"https:\/\/api.w.org\/{rel}","templated":true}]}}