{"id":24076,"date":"2025-11-19T13:46:03","date_gmt":"2025-11-19T16:46:03","guid":{"rendered":"https:\/\/soymat.com\/?post_type=product&#038;p=24076"},"modified":"2026-04-06T13:06:58","modified_gmt":"2026-04-06T16:06:58","slug":"cortadora-de-ceramica-600mm-lusqtoff","status":"publish","type":"product","link":"https:\/\/soymat.com\/es\/producto\/cortadora-de-ceramica-600mm-lusqtoff\/","title":{"rendered":"Cortadora de Cer\u00e1mica 600mm Lusqtoff"},"content":{"rendered":"<p><strong>Cortadora de Cer\u00e1mica 600mm Lusqtoff<\/strong><br \/>\nCod. CCL600-8<\/p>\n<p>Ficha t\u00e9cnica<\/p>\n<p>\u2022 Longitud m\u00e1xima de corte: 600 mm<br \/>\n\u2022 Espesor m\u00e1ximo de la teja de corte: 12 mm<br \/>\n\u2022 Para cortes paralelos y en \u00e1ngulo<br \/>\n\u2022 Di\u00e1metro de varilla cromada: 16 mm<br \/>\n\u2022 Ancho de la base de metal: 165 mm<\/p>","protected":false},"excerpt":{"rendered":"<p>Cortadora de Cer\u00e1mica 600mm Lusqtoff Cod. CCL600-8 Ficha t\u00e9cnica \u2022 Longitud m\u00e1xima de corte: 600 mm \u2022 Espesor m\u00e1ximo de la teja de corte: 12 mm \u2022 Para cortes paralelos y en \u00e1ngulo \u2022 Di\u00e1metro de varilla cromada: 16 mm \u2022 Ancho de la base de metal: 165 mm<\/p>","protected":false},"featured_media":24078,"template":"","meta":[],"product_cat":[191],"product_tag":[164,889,557,462],"class_list":{"0":"post-24076","1":"product","2":"type-product","3":"status-publish","4":"has-post-thumbnail","6":"product_brand-lusqtoff-maquinas-y-herramientas-electricas-manuales","7":"product_cat-maquinas-y-herramientas","8":"product_tag-construccion","9":"product_tag-cortadora-ceramica","10":"product_tag-empresa-constructora","11":"product_tag-obras-civiles","13":"first","14":"instock","15":"taxable","16":"shipping-taxable","17":"purchasable","18":"product-type-simple","19":"add-to-wishlist-after_add_to_cart"},"yoast_head":"<!-- This site is optimized with the Yoast SEO Premium plugin v26.9 (Yoast SEO v26.9) - https:\/\/yoast.com\/product\/yoast-seo-premium-wordpress\/ -->\n<title>Cortadora de Cer\u00e1mica 600mm Lusqtoff - SoyMat \u2013 Seguridad Industrial<\/title>\n<meta name=\"robots\" content=\"index, follow, max-snippet:-1, max-image-preview:large, max-video-preview:-1\" \/>\n<link rel=\"canonical\" href=\"https:\/\/soymat.com\/es\/producto\/cortadora-de-ceramica-600mm-lusqtoff\/\" \/>\n<meta property=\"og:locale\" content=\"es_ES\" \/>\n<meta property=\"og:type\" content=\"article\" \/>\n<meta property=\"og:title\" content=\"Cortadora de Cer\u00e1mica 600mm Lusqtoff\" \/>\n<meta property=\"og:description\" content=\"Cortadora de Cer\u00e1mica 600mm Lusqtoff Cod. CCL600-8 Ficha t\u00e9cnica \u2022 Longitud m\u00e1xima de corte: 600 mm \u2022 Espesor m\u00e1ximo de la teja de corte: 12 mm \u2022 Para cortes paralelos y en \u00e1ngulo \u2022 Di\u00e1metro de varilla cromada: 16 mm \u2022 Ancho de la base de metal: 165 mm\" \/>\n<meta property=\"og:url\" content=\"https:\/\/soymat.com\/es\/producto\/cortadora-de-ceramica-600mm-lusqtoff\/\" \/>\n<meta property=\"og:site_name\" content=\"SoyMat \u2013 Seguridad Industrial\" \/>\n<meta property=\"article:modified_time\" content=\"2026-04-06T16:06:58+00:00\" \/>\n<meta property=\"og:image\" content=\"https:\/\/soymat.com\/wp-content\/uploads\/2025\/11\/CCL600-8-_1.jpg\" \/>\n\t<meta property=\"og:image:width\" content=\"1200\" \/>\n\t<meta property=\"og:image:height\" content=\"1200\" \/>\n\t<meta property=\"og:image:type\" content=\"image\/jpeg\" \/>\n<meta name=\"twitter:card\" content=\"summary_large_image\" \/>\n<meta name=\"twitter:label1\" content=\"Tiempo de lectura\" \/>\n\t<meta name=\"twitter:data1\" content=\"1 minuto\" \/>\n<script type=\"application\/ld+json\" class=\"yoast-schema-graph\">{\"@context\":\"https:\/\/schema.org\",\"@graph\":[{\"@type\":\"WebPage\",\"@id\":\"https:\/\/soymat.com\/producto\/cortadora-de-ceramica-600mm-lusqtoff\/\",\"url\":\"https:\/\/soymat.com\/producto\/cortadora-de-ceramica-600mm-lusqtoff\/\",\"name\":\"Cortadora de Cer\u00e1mica 600mm Lusqtoff - SoyMat \u2013 Seguridad Industrial\",\"isPartOf\":{\"@id\":\"https:\/\/soymat.com\/#website\"},\"primaryImageOfPage\":{\"@id\":\"https:\/\/soymat.com\/producto\/cortadora-de-ceramica-600mm-lusqtoff\/#primaryimage\"},\"image\":{\"@id\":\"https:\/\/soymat.com\/producto\/cortadora-de-ceramica-600mm-lusqtoff\/#primaryimage\"},\"thumbnailUrl\":\"https:\/\/soymat.com\/wp-content\/uploads\/2025\/11\/CCL600-8-_1.jpg\",\"datePublished\":\"2025-11-19T16:46:03+00:00\",\"dateModified\":\"2026-04-06T16:06:58+00:00\",\"breadcrumb\":{\"@id\":\"https:\/\/soymat.com\/producto\/cortadora-de-ceramica-600mm-lusqtoff\/#breadcrumb\"},\"inLanguage\":\"es-AR\",\"potentialAction\":[{\"@type\":\"ReadAction\",\"target\":[\"https:\/\/soymat.com\/producto\/cortadora-de-ceramica-600mm-lusqtoff\/\"]}]},{\"@type\":\"ImageObject\",\"inLanguage\":\"es-AR\",\"@id\":\"https:\/\/soymat.com\/producto\/cortadora-de-ceramica-600mm-lusqtoff\/#primaryimage\",\"url\":\"https:\/\/soymat.com\/wp-content\/uploads\/2025\/11\/CCL600-8-_1.jpg\",\"contentUrl\":\"https:\/\/soymat.com\/wp-content\/uploads\/2025\/11\/CCL600-8-_1.jpg\",\"width\":1200,\"height\":1200},{\"@type\":\"BreadcrumbList\",\"@id\":\"https:\/\/soymat.com\/producto\/cortadora-de-ceramica-600mm-lusqtoff\/#breadcrumb\",\"itemListElement\":[{\"@type\":\"ListItem\",\"position\":1,\"name\":\"Portada\",\"item\":\"https:\/\/soymat.com\/\"},{\"@type\":\"ListItem\",\"position\":2,\"name\":\"Todos los Productos\",\"item\":\"https:\/\/soymat.com\/shop\/\"},{\"@type\":\"ListItem\",\"position\":3,\"name\":\"Cortadora de Cer\u00e1mica 600mm Lusqtoff\"}]},{\"@type\":\"WebSite\",\"@id\":\"https:\/\/soymat.com\/#website\",\"url\":\"https:\/\/soymat.com\/\",\"name\":\"So&Mat\",\"description\":\"Empresa Dedicada a la protecci\u00f3n global contra incendio . matafuegos redes bombas,venta instalaci\u00f3n y service, protecci\u00f3n y confort laboral en todo concepto.\",\"publisher\":{\"@id\":\"https:\/\/soymat.com\/#organization\"},\"alternateName\":\"So&Mat\",\"potentialAction\":[{\"@type\":\"SearchAction\",\"target\":{\"@type\":\"EntryPoint\",\"urlTemplate\":\"https:\/\/soymat.com\/?s={search_term_string}\"},\"query-input\":{\"@type\":\"PropertyValueSpecification\",\"valueRequired\":true,\"valueName\":\"search_term_string\"}}],\"inLanguage\":\"es-AR\"},{\"@type\":\"Organization\",\"@id\":\"https:\/\/soymat.com\/#organization\",\"name\":\"So&Mat\",\"url\":\"https:\/\/soymat.com\/\",\"logo\":{\"@type\":\"ImageObject\",\"inLanguage\":\"es-AR\",\"@id\":\"https:\/\/soymat.com\/#\/schema\/logo\/image\/\",\"url\":\"https:\/\/soymat.com\/wp-content\/uploads\/2024\/08\/SoyMat.jpg\",\"contentUrl\":\"https:\/\/soymat.com\/wp-content\/uploads\/2024\/08\/SoyMat.jpg\",\"width\":600,\"height\":236,\"caption\":\"So&Mat\"},\"image\":{\"@id\":\"https:\/\/soymat.com\/#\/schema\/logo\/image\/\"}}]}<\/script>\n<!-- \/ Yoast SEO Premium plugin. -->","yoast_head_json":{"title":"Cortadora de Cer\u00e1mica 600mm Lusqtoff - SoyMat \u2013 Seguridad Industrial","robots":{"index":"index","follow":"follow","max-snippet":"max-snippet:-1","max-image-preview":"max-image-preview:large","max-video-preview":"max-video-preview:-1"},"canonical":"https:\/\/soymat.com\/es\/producto\/cortadora-de-ceramica-600mm-lusqtoff\/","og_locale":"es_ES","og_type":"article","og_title":"Cortadora de Cer\u00e1mica 600mm Lusqtoff","og_description":"Cortadora de Cer\u00e1mica 600mm Lusqtoff Cod. CCL600-8 Ficha t\u00e9cnica \u2022 Longitud m\u00e1xima de corte: 600 mm \u2022 Espesor m\u00e1ximo de la teja de corte: 12 mm \u2022 Para cortes paralelos y en \u00e1ngulo \u2022 Di\u00e1metro de varilla cromada: 16 mm \u2022 Ancho de la base de metal: 165 mm","og_url":"https:\/\/soymat.com\/es\/producto\/cortadora-de-ceramica-600mm-lusqtoff\/","og_site_name":"SoyMat \u2013 Seguridad Industrial","article_modified_time":"2026-04-06T16:06:58+00:00","og_image":[{"width":1200,"height":1200,"url":"https:\/\/soymat.com\/wp-content\/uploads\/2025\/11\/CCL600-8-_1.jpg","type":"image\/jpeg"}],"twitter_card":"summary_large_image","twitter_misc":{"Tiempo de lectura":"1 minuto"},"schema":{"@context":"https:\/\/schema.org","@graph":[{"@type":"WebPage","@id":"https:\/\/soymat.com\/producto\/cortadora-de-ceramica-600mm-lusqtoff\/","url":"https:\/\/soymat.com\/producto\/cortadora-de-ceramica-600mm-lusqtoff\/","name":"Cortadora de Cer\u00e1mica 600mm Lusqtoff - SoyMat \u2013 Seguridad Industrial","isPartOf":{"@id":"https:\/\/soymat.com\/#website"},"primaryImageOfPage":{"@id":"https:\/\/soymat.com\/producto\/cortadora-de-ceramica-600mm-lusqtoff\/#primaryimage"},"image":{"@id":"https:\/\/soymat.com\/producto\/cortadora-de-ceramica-600mm-lusqtoff\/#primaryimage"},"thumbnailUrl":"https:\/\/soymat.com\/wp-content\/uploads\/2025\/11\/CCL600-8-_1.jpg","datePublished":"2025-11-19T16:46:03+00:00","dateModified":"2026-04-06T16:06:58+00:00","breadcrumb":{"@id":"https:\/\/soymat.com\/producto\/cortadora-de-ceramica-600mm-lusqtoff\/#breadcrumb"},"inLanguage":"es-AR","potentialAction":[{"@type":"ReadAction","target":["https:\/\/soymat.com\/producto\/cortadora-de-ceramica-600mm-lusqtoff\/"]}]},{"@type":"ImageObject","inLanguage":"es-AR","@id":"https:\/\/soymat.com\/producto\/cortadora-de-ceramica-600mm-lusqtoff\/#primaryimage","url":"https:\/\/soymat.com\/wp-content\/uploads\/2025\/11\/CCL600-8-_1.jpg","contentUrl":"https:\/\/soymat.com\/wp-content\/uploads\/2025\/11\/CCL600-8-_1.jpg","width":1200,"height":1200},{"@type":"BreadcrumbList","@id":"https:\/\/soymat.com\/producto\/cortadora-de-ceramica-600mm-lusqtoff\/#breadcrumb","itemListElement":[{"@type":"ListItem","position":1,"name":"Portada","item":"https:\/\/soymat.com\/"},{"@type":"ListItem","position":2,"name":"Todos los Productos","item":"https:\/\/soymat.com\/shop\/"},{"@type":"ListItem","position":3,"name":"Cortadora de Cer\u00e1mica 600mm Lusqtoff"}]},{"@type":"WebSite","@id":"https:\/\/soymat.com\/#website","url":"https:\/\/soymat.com\/","name":"So&Mat","description":"Empresa Dedicada a la protecci\u00f3n global contra incendio . matafuegos redes bombas,venta instalaci\u00f3n y service, protecci\u00f3n y confort laboral en todo concepto.","publisher":{"@id":"https:\/\/soymat.com\/#organization"},"alternateName":"So&Mat","potentialAction":[{"@type":"SearchAction","target":{"@type":"EntryPoint","urlTemplate":"https:\/\/soymat.com\/?s={search_term_string}"},"query-input":{"@type":"PropertyValueSpecification","valueRequired":true,"valueName":"search_term_string"}}],"inLanguage":"es-AR"},{"@type":"Organization","@id":"https:\/\/soymat.com\/#organization","name":"So&Mat","url":"https:\/\/soymat.com\/","logo":{"@type":"ImageObject","inLanguage":"es-AR","@id":"https:\/\/soymat.com\/#\/schema\/logo\/image\/","url":"https:\/\/soymat.com\/wp-content\/uploads\/2024\/08\/SoyMat.jpg","contentUrl":"https:\/\/soymat.com\/wp-content\/uploads\/2024\/08\/SoyMat.jpg","width":600,"height":236,"caption":"So&Mat"},"image":{"@id":"https:\/\/soymat.com\/#\/schema\/logo\/image\/"}}]}},"_links":{"self":[{"href":"https:\/\/soymat.com\/es\/wp-json\/wp\/v2\/product\/24076","targetHints":{"allow":["GET"]}}],"collection":[{"href":"https:\/\/soymat.com\/es\/wp-json\/wp\/v2\/product"}],"about":[{"href":"https:\/\/soymat.com\/es\/wp-json\/wp\/v2\/types\/product"}],"wp:featuredmedia":[{"embeddable":true,"href":"https:\/\/soymat.com\/es\/wp-json\/wp\/v2\/media\/24078"}],"wp:attachment":[{"href":"https:\/\/soymat.com\/es\/wp-json\/wp\/v2\/media?parent=24076"}],"wp:term":[{"taxonomy":"product_cat","embeddable":true,"href":"https:\/\/soymat.com\/es\/wp-json\/wp\/v2\/product_cat?post=24076"},{"taxonomy":"product_tag","embeddable":true,"href":"https:\/\/soymat.com\/es\/wp-json\/wp\/v2\/product_tag?post=24076"}],"curies":[{"name":"wp","href":"https:\/\/api.w.org\/{rel}","templated":true}]}}