{"id":24079,"date":"2025-11-19T14:20:16","date_gmt":"2025-11-19T17:20:16","guid":{"rendered":"https:\/\/soymat.com\/?post_type=product&#038;p=24079"},"modified":"2026-04-16T10:06:13","modified_gmt":"2026-04-16T13:06:13","slug":"gazebo-300x300x240cm-tela-oxford-blanco-lusqtoff","status":"publish","type":"product","link":"https:\/\/soymat.com\/es\/producto\/gazebo-300x300x240cm-tela-oxford-blanco-lusqtoff\/","title":{"rendered":"Gazebo 300x300x240cm Tela Oxford Blanco Lusqtoff"},"content":{"rendered":"<p><strong>Gazebo 300x300x240cm Tela Oxford Blanco Lusqtoff<\/strong><br \/>\nCod. GBL-8<\/p>\n<p>Ficha t\u00e9cnica<br \/>\n\u2022 Medidas: 300 x 300 x 240 cm<br \/>\n\u2022 Capacidad: 4 &#8211; 6 personas<br \/>\n\u2022 Material: oxford<br \/>\n\u2022 Varillas: aluminio<br \/>\n\u2022 Color: blanco<br \/>\n\u2022 Peso: 11,5 kg<\/p>\n<p>Caracter\u00edsticas<br \/>\n\u2022 Dise\u00f1o simple y elegante.<br \/>\n\u2022 Marco de acero de alta resistencia.<br \/>\n\u2022 Cubierta de techo resistente al agua.<br \/>\n\u2022 F\u00e1cil y r\u00e1pido de armar.<br \/>\n\u2022 Ideal para todo tipo de eventos.<\/p>","protected":false},"excerpt":{"rendered":"<p>Gazebo 300x300x240cm Tela Oxford Blanco Lusqtoff Cod. GBL-8 Ficha t\u00e9cnica \u2022 Medidas: 300 x 300 x 240 cm \u2022 Capacidad: 4 &#8211; 6 personas \u2022 Material: oxford \u2022 Varillas: aluminio \u2022 Color: blanco \u2022 Peso: 11,5 kg Caracter\u00edsticas \u2022 Dise\u00f1o simple y elegante. \u2022 Marco de acero de alta resistencia. \u2022 Cubierta de techo resistente [&hellip;]<\/p>\n","protected":false},"featured_media":24081,"template":"","meta":[],"product_cat":[337,191],"product_tag":[408,387,890,891,491,875],"class_list":{"0":"post-24079","1":"product","2":"type-product","3":"status-publish","4":"has-post-thumbnail","6":"product_brand-lusqtoff-maquinas-y-herramientas-electricas-manuales","7":"product_cat-productos-destacados-con-descuentos","8":"product_cat-maquinas-y-herramientas","9":"product_tag-casa-y-jardin","10":"product_tag-emprendedor","11":"product_tag-feria","12":"product_tag-gazebo","13":"product_tag-jardin","14":"product_tag-verano","16":"first","17":"instock","18":"taxable","19":"shipping-taxable","20":"purchasable","21":"product-type-simple","22":"add-to-wishlist-after_add_to_cart"},"yoast_head":"<!-- This site is optimized with the Yoast SEO Premium plugin v26.9 (Yoast SEO v26.9) - https:\/\/yoast.com\/product\/yoast-seo-premium-wordpress\/ -->\n<title>Gazebo 300x300x240cm Tela Oxford Blanco Lusqtoff - SoyMat \u2013 Seguridad Industrial<\/title>\n<meta name=\"robots\" content=\"index, follow, max-snippet:-1, max-image-preview:large, max-video-preview:-1\" \/>\n<link rel=\"canonical\" href=\"https:\/\/soymat.com\/es\/producto\/gazebo-300x300x240cm-tela-oxford-blanco-lusqtoff\/\" \/>\n<meta property=\"og:locale\" content=\"es_ES\" \/>\n<meta property=\"og:type\" content=\"article\" \/>\n<meta property=\"og:title\" content=\"Gazebo 300x300x240cm Tela Oxford Blanco Lusqtoff\" \/>\n<meta property=\"og:description\" content=\"Gazebo 300x300x240cm Tela Oxford Blanco Lusqtoff Cod. GBL-8 Ficha t\u00e9cnica \u2022 Medidas: 300 x 300 x 240 cm \u2022 Capacidad: 4 &#8211; 6 personas \u2022 Material: oxford \u2022 Varillas: aluminio \u2022 Color: blanco \u2022 Peso: 11,5 kg Caracter\u00edsticas \u2022 Dise\u00f1o simple y elegante. \u2022 Marco de acero de alta resistencia. \u2022 Cubierta de techo resistente [&hellip;]\" \/>\n<meta property=\"og:url\" content=\"https:\/\/soymat.com\/es\/producto\/gazebo-300x300x240cm-tela-oxford-blanco-lusqtoff\/\" \/>\n<meta property=\"og:site_name\" content=\"SoyMat \u2013 Seguridad Industrial\" \/>\n<meta property=\"article:modified_time\" content=\"2026-04-16T13:06:13+00:00\" \/>\n<meta property=\"og:image\" content=\"https:\/\/soymat.com\/wp-content\/uploads\/2025\/11\/GBL-8.jpg\" \/>\n\t<meta property=\"og:image:width\" content=\"1000\" \/>\n\t<meta property=\"og:image:height\" content=\"1000\" \/>\n\t<meta property=\"og:image:type\" content=\"image\/jpeg\" \/>\n<meta name=\"twitter:card\" content=\"summary_large_image\" \/>\n<meta name=\"twitter:label1\" content=\"Tiempo de lectura\" \/>\n\t<meta name=\"twitter:data1\" content=\"1 minuto\" \/>\n<script type=\"application\/ld+json\" class=\"yoast-schema-graph\">{\"@context\":\"https:\/\/schema.org\",\"@graph\":[{\"@type\":\"WebPage\",\"@id\":\"https:\/\/soymat.com\/producto\/gazebo-300x300x240cm-tela-oxford-blanco-lusqtoff\/\",\"url\":\"https:\/\/soymat.com\/producto\/gazebo-300x300x240cm-tela-oxford-blanco-lusqtoff\/\",\"name\":\"Gazebo 300x300x240cm Tela Oxford Blanco Lusqtoff - SoyMat \u2013 Seguridad Industrial\",\"isPartOf\":{\"@id\":\"https:\/\/soymat.com\/#website\"},\"primaryImageOfPage\":{\"@id\":\"https:\/\/soymat.com\/producto\/gazebo-300x300x240cm-tela-oxford-blanco-lusqtoff\/#primaryimage\"},\"image\":{\"@id\":\"https:\/\/soymat.com\/producto\/gazebo-300x300x240cm-tela-oxford-blanco-lusqtoff\/#primaryimage\"},\"thumbnailUrl\":\"https:\/\/soymat.com\/wp-content\/uploads\/2025\/11\/GBL-8.jpg\",\"datePublished\":\"2025-11-19T17:20:16+00:00\",\"dateModified\":\"2026-04-16T13:06:13+00:00\",\"breadcrumb\":{\"@id\":\"https:\/\/soymat.com\/producto\/gazebo-300x300x240cm-tela-oxford-blanco-lusqtoff\/#breadcrumb\"},\"inLanguage\":\"es-AR\",\"potentialAction\":[{\"@type\":\"ReadAction\",\"target\":[\"https:\/\/soymat.com\/producto\/gazebo-300x300x240cm-tela-oxford-blanco-lusqtoff\/\"]}]},{\"@type\":\"ImageObject\",\"inLanguage\":\"es-AR\",\"@id\":\"https:\/\/soymat.com\/producto\/gazebo-300x300x240cm-tela-oxford-blanco-lusqtoff\/#primaryimage\",\"url\":\"https:\/\/soymat.com\/wp-content\/uploads\/2025\/11\/GBL-8.jpg\",\"contentUrl\":\"https:\/\/soymat.com\/wp-content\/uploads\/2025\/11\/GBL-8.jpg\",\"width\":1000,\"height\":1000},{\"@type\":\"BreadcrumbList\",\"@id\":\"https:\/\/soymat.com\/producto\/gazebo-300x300x240cm-tela-oxford-blanco-lusqtoff\/#breadcrumb\",\"itemListElement\":[{\"@type\":\"ListItem\",\"position\":1,\"name\":\"Portada\",\"item\":\"https:\/\/soymat.com\/\"},{\"@type\":\"ListItem\",\"position\":2,\"name\":\"Todos los Productos\",\"item\":\"https:\/\/soymat.com\/shop\/\"},{\"@type\":\"ListItem\",\"position\":3,\"name\":\"Gazebo 300x300x240cm Tela Oxford Blanco Lusqtoff\"}]},{\"@type\":\"WebSite\",\"@id\":\"https:\/\/soymat.com\/#website\",\"url\":\"https:\/\/soymat.com\/\",\"name\":\"So&Mat\",\"description\":\"Empresa Dedicada a la protecci\u00f3n global contra incendio . matafuegos redes bombas,venta instalaci\u00f3n y service, protecci\u00f3n y confort laboral en todo concepto.\",\"publisher\":{\"@id\":\"https:\/\/soymat.com\/#organization\"},\"alternateName\":\"So&Mat\",\"potentialAction\":[{\"@type\":\"SearchAction\",\"target\":{\"@type\":\"EntryPoint\",\"urlTemplate\":\"https:\/\/soymat.com\/?s={search_term_string}\"},\"query-input\":{\"@type\":\"PropertyValueSpecification\",\"valueRequired\":true,\"valueName\":\"search_term_string\"}}],\"inLanguage\":\"es-AR\"},{\"@type\":\"Organization\",\"@id\":\"https:\/\/soymat.com\/#organization\",\"name\":\"So&Mat\",\"url\":\"https:\/\/soymat.com\/\",\"logo\":{\"@type\":\"ImageObject\",\"inLanguage\":\"es-AR\",\"@id\":\"https:\/\/soymat.com\/#\/schema\/logo\/image\/\",\"url\":\"https:\/\/soymat.com\/wp-content\/uploads\/2024\/08\/SoyMat.jpg\",\"contentUrl\":\"https:\/\/soymat.com\/wp-content\/uploads\/2024\/08\/SoyMat.jpg\",\"width\":600,\"height\":236,\"caption\":\"So&Mat\"},\"image\":{\"@id\":\"https:\/\/soymat.com\/#\/schema\/logo\/image\/\"}}]}<\/script>\n<!-- \/ Yoast SEO Premium plugin. -->","yoast_head_json":{"title":"Gazebo 300x300x240cm Tela Oxford Blanco Lusqtoff - SoyMat \u2013 Seguridad Industrial","robots":{"index":"index","follow":"follow","max-snippet":"max-snippet:-1","max-image-preview":"max-image-preview:large","max-video-preview":"max-video-preview:-1"},"canonical":"https:\/\/soymat.com\/es\/producto\/gazebo-300x300x240cm-tela-oxford-blanco-lusqtoff\/","og_locale":"es_ES","og_type":"article","og_title":"Gazebo 300x300x240cm Tela Oxford Blanco Lusqtoff","og_description":"Gazebo 300x300x240cm Tela Oxford Blanco Lusqtoff Cod. GBL-8 Ficha t\u00e9cnica \u2022 Medidas: 300 x 300 x 240 cm \u2022 Capacidad: 4 &#8211; 6 personas \u2022 Material: oxford \u2022 Varillas: aluminio \u2022 Color: blanco \u2022 Peso: 11,5 kg Caracter\u00edsticas \u2022 Dise\u00f1o simple y elegante. \u2022 Marco de acero de alta resistencia. \u2022 Cubierta de techo resistente [&hellip;]","og_url":"https:\/\/soymat.com\/es\/producto\/gazebo-300x300x240cm-tela-oxford-blanco-lusqtoff\/","og_site_name":"SoyMat \u2013 Seguridad Industrial","article_modified_time":"2026-04-16T13:06:13+00:00","og_image":[{"width":1000,"height":1000,"url":"https:\/\/soymat.com\/wp-content\/uploads\/2025\/11\/GBL-8.jpg","type":"image\/jpeg"}],"twitter_card":"summary_large_image","twitter_misc":{"Tiempo de lectura":"1 minuto"},"schema":{"@context":"https:\/\/schema.org","@graph":[{"@type":"WebPage","@id":"https:\/\/soymat.com\/producto\/gazebo-300x300x240cm-tela-oxford-blanco-lusqtoff\/","url":"https:\/\/soymat.com\/producto\/gazebo-300x300x240cm-tela-oxford-blanco-lusqtoff\/","name":"Gazebo 300x300x240cm Tela Oxford Blanco Lusqtoff - SoyMat \u2013 Seguridad Industrial","isPartOf":{"@id":"https:\/\/soymat.com\/#website"},"primaryImageOfPage":{"@id":"https:\/\/soymat.com\/producto\/gazebo-300x300x240cm-tela-oxford-blanco-lusqtoff\/#primaryimage"},"image":{"@id":"https:\/\/soymat.com\/producto\/gazebo-300x300x240cm-tela-oxford-blanco-lusqtoff\/#primaryimage"},"thumbnailUrl":"https:\/\/soymat.com\/wp-content\/uploads\/2025\/11\/GBL-8.jpg","datePublished":"2025-11-19T17:20:16+00:00","dateModified":"2026-04-16T13:06:13+00:00","breadcrumb":{"@id":"https:\/\/soymat.com\/producto\/gazebo-300x300x240cm-tela-oxford-blanco-lusqtoff\/#breadcrumb"},"inLanguage":"es-AR","potentialAction":[{"@type":"ReadAction","target":["https:\/\/soymat.com\/producto\/gazebo-300x300x240cm-tela-oxford-blanco-lusqtoff\/"]}]},{"@type":"ImageObject","inLanguage":"es-AR","@id":"https:\/\/soymat.com\/producto\/gazebo-300x300x240cm-tela-oxford-blanco-lusqtoff\/#primaryimage","url":"https:\/\/soymat.com\/wp-content\/uploads\/2025\/11\/GBL-8.jpg","contentUrl":"https:\/\/soymat.com\/wp-content\/uploads\/2025\/11\/GBL-8.jpg","width":1000,"height":1000},{"@type":"BreadcrumbList","@id":"https:\/\/soymat.com\/producto\/gazebo-300x300x240cm-tela-oxford-blanco-lusqtoff\/#breadcrumb","itemListElement":[{"@type":"ListItem","position":1,"name":"Portada","item":"https:\/\/soymat.com\/"},{"@type":"ListItem","position":2,"name":"Todos los Productos","item":"https:\/\/soymat.com\/shop\/"},{"@type":"ListItem","position":3,"name":"Gazebo 300x300x240cm Tela Oxford Blanco Lusqtoff"}]},{"@type":"WebSite","@id":"https:\/\/soymat.com\/#website","url":"https:\/\/soymat.com\/","name":"So&Mat","description":"Empresa Dedicada a la protecci\u00f3n global contra incendio . matafuegos redes bombas,venta instalaci\u00f3n y service, protecci\u00f3n y confort laboral en todo concepto.","publisher":{"@id":"https:\/\/soymat.com\/#organization"},"alternateName":"So&Mat","potentialAction":[{"@type":"SearchAction","target":{"@type":"EntryPoint","urlTemplate":"https:\/\/soymat.com\/?s={search_term_string}"},"query-input":{"@type":"PropertyValueSpecification","valueRequired":true,"valueName":"search_term_string"}}],"inLanguage":"es-AR"},{"@type":"Organization","@id":"https:\/\/soymat.com\/#organization","name":"So&Mat","url":"https:\/\/soymat.com\/","logo":{"@type":"ImageObject","inLanguage":"es-AR","@id":"https:\/\/soymat.com\/#\/schema\/logo\/image\/","url":"https:\/\/soymat.com\/wp-content\/uploads\/2024\/08\/SoyMat.jpg","contentUrl":"https:\/\/soymat.com\/wp-content\/uploads\/2024\/08\/SoyMat.jpg","width":600,"height":236,"caption":"So&Mat"},"image":{"@id":"https:\/\/soymat.com\/#\/schema\/logo\/image\/"}}]}},"_links":{"self":[{"href":"https:\/\/soymat.com\/es\/wp-json\/wp\/v2\/product\/24079","targetHints":{"allow":["GET"]}}],"collection":[{"href":"https:\/\/soymat.com\/es\/wp-json\/wp\/v2\/product"}],"about":[{"href":"https:\/\/soymat.com\/es\/wp-json\/wp\/v2\/types\/product"}],"wp:featuredmedia":[{"embeddable":true,"href":"https:\/\/soymat.com\/es\/wp-json\/wp\/v2\/media\/24081"}],"wp:attachment":[{"href":"https:\/\/soymat.com\/es\/wp-json\/wp\/v2\/media?parent=24079"}],"wp:term":[{"taxonomy":"product_cat","embeddable":true,"href":"https:\/\/soymat.com\/es\/wp-json\/wp\/v2\/product_cat?post=24079"},{"taxonomy":"product_tag","embeddable":true,"href":"https:\/\/soymat.com\/es\/wp-json\/wp\/v2\/product_tag?post=24079"}],"curies":[{"name":"wp","href":"https:\/\/api.w.org\/{rel}","templated":true}]}}